{"id":8939,"date":"2020-09-16T07:28:10","date_gmt":"2020-09-16T07:28:10","guid":{"rendered":"https:\/\/www.avanceplasticsurgery.com\/pliegues-nasolabiales\/"},"modified":"2022-04-25T12:49:44","modified_gmt":"2022-04-25T12:49:44","slug":"pliegues-nasolabiales","status":"publish","type":"page","link":"https:\/\/www.avanceplasticsurgery.com\/es\/procedimientos-cosmeticos-y-de-cirugia\/tratamientos-de-relleno-facial-y-dermico\/pliegues-nasolabiales\/","title":{"rendered":"Pliegues nasolabiales"},"content":{"rendered":"<h1>Tratamiento de pliegues nasolabiales<\/h1>\n<p>Las l\u00edneas en forma de coma que se forman a ambos lados de la boca se denominan pliegues nasolabiales y se conocen m\u00e1s com\u00fanmente como l\u00edneas de la sonrisa o l\u00edneas de la risa. Se forman a partir de los movimientos repetitivos de la boca y las mejillas con el tiempo. Estas l\u00edneas pueden hacerte <a title=\"Reno NV Rellenos faciales Inyecciones d\u00e9rmicas\" href=\"https:\/\/www.avanceplasticsurgery.com\/es\/cosmetic-and-surgery-procedures\/facial-dermal-filler-treatments\/\">parecer cansado, triste o enojado<\/a> incluso cuando no lo est\u00e1s. El Dr. Erez Dayan ofrece un tratamiento de pliegue nasolabial pr\u00e1cticamente indoloro en el Instituto de Cirug\u00eda Pl\u00e1stica Avance en Reno\/Tahoe, NV.<\/p>\n<p>Los pliegues nasolabiales son un claro indicio de su edad, aunque un ligero pliegue en esta \u00e1rea es completamente normal. El tratamiento de pliegues nasolabiales busca suavizar estas l\u00edneas de sonrisa sin crear una apariencia demasiado suave y poco natural. Adem\u00e1s, demasiado movimiento restringido en esta \u00e1rea afectar\u00e1 su sonrisa natural, que es una se\u00f1al reveladora de que ha tenido tratamientos faciales de un profesional no calificado.<\/p>\n<p>El Dr. Dayan brinda un tratamiento para los pliegues nasolabiales que busca suavizar estas l\u00edneas al afectar principalmente las \u00e1reas circundantes de la cara. Esto evita trabajar en exceso esta \u00e1rea naturalmente flexible y permite un suavizado gradual que se ve m\u00e1s joven y atractivo. El Dr. Dayan puede explicarle m\u00e1s sobre sus t\u00e9cnicas en su consulta en su oficina de Reno en Avance Plastic Surgery Institute.<\/p>\n<h2>Mejoras cosm\u00e9ticas faciales en Reno\/Tahoe cerca del lago Tahoe<\/h2>\n<p>Cualquier mejora cosm\u00e9tica facial en Reno, incluido el tratamiento del pliegue nasolabial, debe ser realizada por un cirujano pl\u00e1stico cosm\u00e9tico experimentado. Muchos spas e incluso salones de belleza ofrecen tratamientos cosm\u00e9ticos inyectables, pero no est\u00e1n tan capacitados ni poseen la experiencia que el Dr. Dayan muestra en su servicio a los pacientes.<\/p>\n<p>El Dr. Dayan fue educado en dos prestigiosos centros m\u00e9dicos y quir\u00fargicos y ha ganado muchos premios por sus t\u00e9cnicas quir\u00fargicas cosm\u00e9ticas. Ha compartido su conocimiento en numerosos lugares, incluidos cinco libros y muchas conferencias y demostraciones en todo el mundo. Si est\u00e1 considerando mejoras cosm\u00e9ticas faciales en el \u00e1rea de Reno o Lake Tahoe, el Dr. Dayan y el Instituto de Cirug\u00eda Pl\u00e1stica Avance son sus principales opciones.<\/p>\n<p><a title=\"P\u00f3ngase en contacto con el Instituto de Cirug\u00eda Pl\u00e1stica Avance en Reno NV\" href=\"https:\/\/www.avanceplasticsurgery.com\/es\/contact-us-dr-erez-dayan\/\">P\u00f3ngase en contacto con nuestra oficina<\/a> hoy para programar una consulta con el Dr. Dayan para explorar las posibilidades de mejoras cosm\u00e9ticas faciales, incluidos los tratamientos de pliegues nasolabiales.<\/p>\n","protected":false},"excerpt":{"rendered":"<p>Tratamiento de pliegues nasolabiales Las l\u00edneas en forma de coma que se forman a ambos lados de la boca&hellip;<\/p>\n","protected":false},"author":1,"featured_media":0,"parent":8946,"menu_order":0,"comment_status":"closed","ping_status":"closed","template":"","meta":{"_acf_changed":false,"footnotes":""},"class_list":["post-8939","page","type-page","status-publish"],"acf":[],"yoast_head":"<!-- This site is optimized with the Yoast SEO plugin v25.6 - https:\/\/yoast.com\/wordpress\/plugins\/seo\/ -->\n<title>Tratamiento de pliegues nasolabiales Reno NV | Cirujano pl\u00e1stico del lago Tahoe<\/title>\n<meta name=\"description\" content=\"Esas l\u00edneas problem\u00e1ticas que llamamos l\u00edneas de sonrisa en las comisuras de la boca se llaman pliegues nasolabiales. El Dr. Erez Dayan, del Instituto de Cirug\u00eda Pl\u00e1stica Avance en Reno, NV, ofrece un tratamiento no quir\u00fargico para los pliegues nasolabiales para borrar estos signos de envejecimiento.\" \/>\n<meta name=\"robots\" content=\"index, follow, max-snippet:-1, max-image-preview:large, max-video-preview:-1\" \/>\n<link rel=\"canonical\" href=\"https:\/\/www.avanceplasticsurgery.com\/es\/procedimientos-cosmeticos-y-de-cirugia\/tratamientos-de-relleno-facial-y-dermico\/pliegues-nasolabiales\/\" \/>\n<meta property=\"og:locale\" content=\"es_ES\" \/>\n<meta property=\"og:type\" content=\"article\" \/>\n<meta property=\"og:title\" content=\"Tratamiento de pliegues nasolabiales Reno NV | Cirujano pl\u00e1stico del lago Tahoe\" \/>\n<meta property=\"og:description\" content=\"Esas l\u00edneas problem\u00e1ticas que llamamos l\u00edneas de sonrisa en las comisuras de la boca se llaman pliegues nasolabiales. El Dr. Erez Dayan, del Instituto de Cirug\u00eda Pl\u00e1stica Avance en Reno, NV, ofrece un tratamiento no quir\u00fargico para los pliegues nasolabiales para borrar estos signos de envejecimiento.\" \/>\n<meta property=\"og:url\" content=\"https:\/\/www.avanceplasticsurgery.com\/es\/procedimientos-cosmeticos-y-de-cirugia\/tratamientos-de-relleno-facial-y-dermico\/pliegues-nasolabiales\/\" \/>\n<meta property=\"og:site_name\" content=\"Avance Plastic Surgery\" \/>\n<meta property=\"article:modified_time\" content=\"2022-04-25T12:49:44+00:00\" \/>\n<meta name=\"twitter:card\" content=\"summary_large_image\" \/>\n<meta name=\"twitter:label1\" content=\"Tiempo de lectura\" \/>\n\t<meta name=\"twitter:data1\" content=\"2 minutos\" \/>\n<!-- \/ Yoast SEO plugin. -->","yoast_head_json":{"title":"Tratamiento de pliegues nasolabiales Reno NV | Cirujano pl\u00e1stico del lago Tahoe","description":"Esas l\u00edneas problem\u00e1ticas que llamamos l\u00edneas de sonrisa en las comisuras de la boca se llaman pliegues nasolabiales. El Dr. Erez Dayan, del Instituto de Cirug\u00eda Pl\u00e1stica Avance en Reno, NV, ofrece un tratamiento no quir\u00fargico para los pliegues nasolabiales para borrar estos signos de envejecimiento.","robots":{"index":"index","follow":"follow","max-snippet":"max-snippet:-1","max-image-preview":"max-image-preview:large","max-video-preview":"max-video-preview:-1"},"canonical":"https:\/\/www.avanceplasticsurgery.com\/es\/procedimientos-cosmeticos-y-de-cirugia\/tratamientos-de-relleno-facial-y-dermico\/pliegues-nasolabiales\/","og_locale":"es_ES","og_type":"article","og_title":"Tratamiento de pliegues nasolabiales Reno NV | Cirujano pl\u00e1stico del lago Tahoe","og_description":"Esas l\u00edneas problem\u00e1ticas que llamamos l\u00edneas de sonrisa en las comisuras de la boca se llaman pliegues nasolabiales. El Dr. Erez Dayan, del Instituto de Cirug\u00eda Pl\u00e1stica Avance en Reno, NV, ofrece un tratamiento no quir\u00fargico para los pliegues nasolabiales para borrar estos signos de envejecimiento.","og_url":"https:\/\/www.avanceplasticsurgery.com\/es\/procedimientos-cosmeticos-y-de-cirugia\/tratamientos-de-relleno-facial-y-dermico\/pliegues-nasolabiales\/","og_site_name":"Avance Plastic Surgery","article_modified_time":"2022-04-25T12:49:44+00:00","twitter_card":"summary_large_image","twitter_misc":{"Tiempo de lectura":"2 minutos"},"schema":{"@context":"https:\/\/schema.org","@graph":[{"@type":"WebPage","@id":"https:\/\/www.avanceplasticsurgery.com\/es\/procedimientos-cosmeticos-y-de-cirugia\/tratamientos-de-relleno-facial-y-dermico\/pliegues-nasolabiales\/","url":"https:\/\/www.avanceplasticsurgery.com\/es\/procedimientos-cosmeticos-y-de-cirugia\/tratamientos-de-relleno-facial-y-dermico\/pliegues-nasolabiales\/","name":"Tratamiento de pliegues nasolabiales Reno NV | Cirujano pl\u00e1stico del lago Tahoe","isPartOf":{"@id":"https:\/\/www.avanceplasticsurgery.com\/es\/#website"},"datePublished":"2020-09-16T07:28:10+00:00","dateModified":"2022-04-25T12:49:44+00:00","description":"Esas l\u00edneas problem\u00e1ticas que llamamos l\u00edneas de sonrisa en las comisuras de la boca se llaman pliegues nasolabiales. El Dr. Erez Dayan, del Instituto de Cirug\u00eda Pl\u00e1stica Avance en Reno, NV, ofrece un tratamiento no quir\u00fargico para los pliegues nasolabiales para borrar estos signos de envejecimiento.","breadcrumb":{"@id":"https:\/\/www.avanceplasticsurgery.com\/es\/procedimientos-cosmeticos-y-de-cirugia\/tratamientos-de-relleno-facial-y-dermico\/pliegues-nasolabiales\/#breadcrumb"},"inLanguage":"es","potentialAction":[{"@type":"ReadAction","target":["https:\/\/www.avanceplasticsurgery.com\/es\/procedimientos-cosmeticos-y-de-cirugia\/tratamientos-de-relleno-facial-y-dermico\/pliegues-nasolabiales\/"]}]},{"@type":"BreadcrumbList","@id":"https:\/\/www.avanceplasticsurgery.com\/es\/procedimientos-cosmeticos-y-de-cirugia\/tratamientos-de-relleno-facial-y-dermico\/pliegues-nasolabiales\/#breadcrumb","itemListElement":[{"@type":"ListItem","position":1,"name":"Home","item":"https:\/\/www.avanceplasticsurgery.com\/es\/"},{"@type":"ListItem","position":2,"name":"Cosm\u00e9tica","item":"https:\/\/www.avanceplasticsurgery.com\/es\/procedimientos-cosmeticos-y-de-cirugia\/"},{"@type":"ListItem","position":3,"name":"Tratamientos de relleno facial y d\u00e9rmico","item":"https:\/\/www.avanceplasticsurgery.com\/es\/procedimientos-cosmeticos-y-de-cirugia\/tratamientos-de-relleno-facial-y-dermico\/"},{"@type":"ListItem","position":4,"name":"Pliegues nasolabiales"}]},{"@type":"WebSite","@id":"https:\/\/www.avanceplasticsurgery.com\/es\/#website","url":"https:\/\/www.avanceplasticsurgery.com\/es\/","name":"Avance Plastic Surgery","description":"","potentialAction":[{"@type":"SearchAction","target":{"@type":"EntryPoint","urlTemplate":"https:\/\/www.avanceplasticsurgery.com\/es\/?s={search_term_string}"},"query-input":{"@type":"PropertyValueSpecification","valueRequired":true,"valueName":"search_term_string"}}],"inLanguage":"es"}]}},"_links":{"self":[{"href":"https:\/\/www.avanceplasticsurgery.com\/es\/wp-json\/wp\/v2\/pages\/8939","targetHints":{"allow":["GET"]}}],"collection":[{"href":"https:\/\/www.avanceplasticsurgery.com\/es\/wp-json\/wp\/v2\/pages"}],"about":[{"href":"https:\/\/www.avanceplasticsurgery.com\/es\/wp-json\/wp\/v2\/types\/page"}],"author":[{"embeddable":true,"href":"https:\/\/www.avanceplasticsurgery.com\/es\/wp-json\/wp\/v2\/users\/1"}],"replies":[{"embeddable":true,"href":"https:\/\/www.avanceplasticsurgery.com\/es\/wp-json\/wp\/v2\/comments?post=8939"}],"version-history":[{"count":1,"href":"https:\/\/www.avanceplasticsurgery.com\/es\/wp-json\/wp\/v2\/pages\/8939\/revisions"}],"predecessor-version":[{"id":9286,"href":"https:\/\/www.avanceplasticsurgery.com\/es\/wp-json\/wp\/v2\/pages\/8939\/revisions\/9286"}],"up":[{"embeddable":true,"href":"https:\/\/www.avanceplasticsurgery.com\/es\/wp-json\/wp\/v2\/pages\/8946"}],"wp:attachment":[{"href":"https:\/\/www.avanceplasticsurgery.com\/es\/wp-json\/wp\/v2\/media?parent=8939"}],"curies":[{"name":"wp","href":"https:\/\/api.w.org\/{rel}","templated":true}]}}