{"id":8940,"date":"2020-09-16T07:26:30","date_gmt":"2020-09-16T07:26:30","guid":{"rendered":"https:\/\/www.avanceplasticsurgery.com\/lineas-de-marionetas\/"},"modified":"2022-04-25T12:48:58","modified_gmt":"2022-04-25T12:48:58","slug":"lineas-de-marionetas","status":"publish","type":"page","link":"https:\/\/www.avanceplasticsurgery.com\/es\/procedimientos-cosmeticos-y-de-cirugia\/tratamientos-de-relleno-facial-y-dermico\/lineas-de-marionetas\/","title":{"rendered":"L\u00edneas de marionetas"},"content":{"rendered":"<h1>Tratamiento de l\u00edneas de marioneta<\/h1>\n<p>Las l\u00edneas de marionetas derivan sus nombres del t\u00edtere de hilo de marionetas con la mand\u00edbula partida. Estas l\u00edneas verticales desde las comisuras de los labios hasta la barbilla generalmente comienzan a aparecer alrededor de los 40 a\u00f1os, aunque pueden aparecer a finales de los 20. Estas l\u00edneas profundas son causadas principalmente por la gravedad con el tiempo, ya que tira de nuestra piel envejecida hacia abajo. Nuestra piel facial se degrada y pierde volumen, lo que permite que aparezcan estos pliegues y l\u00edneas. El tratamiento de l\u00edneas de marioneta est\u00e1 disponible en Avance Plastic Surgery Institute.<\/p>\n<p>El Dr. Erez Dayan a menudo es llamado para borrar este ce\u00f1o fruncido perpetuo de los rostros de los pacientes con un tratamiento experto de l\u00edneas de marioneta que involucra <a title=\"Reno NV Rellenos faciales Inyecciones d\u00e9rmicas\" href=\"https:\/\/www.avanceplasticsurgery.com\/es\/cosmetic-and-surgery-procedures\/facial-dermal-filler-treatments\/\">rellenos d\u00e9rmicos e inyectables<\/a> . La combinaci\u00f3n correcta de estos productos puede suavizar y borrar estas l\u00edneas problem\u00e1ticas mientras rejuvenece la piel para ayudar a que permanezcan alejadas por m\u00e1s tiempo. El Dr. Dayan combina rutinariamente productos cosm\u00e9ticos y tratamientos para lograr los mejores resultados posibles para sus pacientes de Reno y Lake Tahoe.<\/p>\n<p>Los inyectables de neurotoxina relajan el m\u00fasculo del \u201cce\u00f1o fruncido\u201d para permitir que las arrugas incrustadas se suavicen. Los rellenos d\u00e9rmicos pueden rellenar l\u00edneas y depresiones para producir una apariencia m\u00e1s suave y sin arrugas. Los tratamientos para reafirmar la piel a menudo se usan para desencadenar la producci\u00f3n de col\u00e1geno para una piel m\u00e1s firme, m\u00e1s joven y m\u00e1s saludable. El Dr. Dayan recomendar\u00e1 los mejores tratamientos despu\u00e9s de una consulta privada con usted en su consultorio de Reno\/Tahoe.<\/p>\n<h2>Mejora cosm\u00e9tica facial de un cirujano pl\u00e1stico de Reno<\/h2>\n<p>Elegir un realce facial cosm\u00e9tico de un cirujano pl\u00e1stico de Reno, como el Dr. Dayan, es la mejor elecci\u00f3n que puede hacer. Muchos spas ofrecen tratamientos de relleno facial e inyectables, pero no cuentan con el conocimiento o la experiencia de un cirujano pl\u00e1stico est\u00e9tico y reconstructivo. El Dr. Dayan recibi\u00f3 su educaci\u00f3n m\u00e9dica en la Facultad de Medicina de Harvard, seguida de una prestigiosa beca quir\u00fargica en el Instituto de Cirug\u00eda Pl\u00e1stica de Dallas.<\/p>\n<p>Su amplio conocimiento m\u00e9dico y experiencia quir\u00fargica lo convierten en la mejor opci\u00f3n para las ubicaciones y medidas precisas requeridas para el uso correcto de rellenos e inyectables. Su mejora cosm\u00e9tica facial para borrar las l\u00edneas de marioneta u otros problemas faciales est\u00e1 en las mejores manos con el Dr. Dayan y su equipo de est\u00e9tica altamente capacitado en Avance Plastic Surgery Institute.<\/p>\n<p><a title=\"P\u00f3ngase en contacto con el Instituto de Cirug\u00eda Pl\u00e1stica Avance en Reno NV\" href=\"https:\/\/www.avanceplasticsurgery.com\/es\/contact-us-dr-erez-dayan\/\">Cont\u00e1ctenos<\/a> hoy en nuestra oficina de Reno\/Tahoe para programar una consulta confidencial para hablar sobre las mejoras faciales cosm\u00e9ticas, incluido el tratamiento de las l\u00edneas de marioneta.<\/p>\n","protected":false},"excerpt":{"rendered":"<p>Tratamiento de l\u00edneas de marioneta Las l\u00edneas de marionetas derivan sus nombres del t\u00edtere de hilo de marionetas con&hellip;<\/p>\n","protected":false},"author":1,"featured_media":0,"parent":8946,"menu_order":0,"comment_status":"closed","ping_status":"closed","template":"","meta":{"_acf_changed":false,"footnotes":""},"class_list":["post-8940","page","type-page","status-publish"],"acf":[],"yoast_head":"<!-- This site is optimized with the Yoast SEO plugin v25.6 - https:\/\/yoast.com\/wordpress\/plugins\/seo\/ -->\n<title>Reno NV Tratamiento de l\u00edneas de marionetas | Cirujano pl\u00e1stico del lago Tahoe<\/title>\n<meta name=\"description\" content=\"Las l\u00edneas de marioneta que se extienden desde las comisuras de la boca hasta la barbilla son algunos de los signos m\u00e1s problem\u00e1ticos del envejecimiento. B\u00f3rrelas con un tratamiento no quir\u00fargico de l\u00edneas de marioneta del Dr. Erez Dayan en el Instituto de Cirug\u00eda Pl\u00e1stica Avance en Reno\/Lake Tahoe, Nevada.\" \/>\n<meta name=\"robots\" content=\"index, follow, max-snippet:-1, max-image-preview:large, max-video-preview:-1\" \/>\n<link rel=\"canonical\" href=\"https:\/\/www.avanceplasticsurgery.com\/es\/procedimientos-cosmeticos-y-de-cirugia\/tratamientos-de-relleno-facial-y-dermico\/lineas-de-marionetas\/\" \/>\n<meta property=\"og:locale\" content=\"es_ES\" \/>\n<meta property=\"og:type\" content=\"article\" \/>\n<meta property=\"og:title\" content=\"Reno NV Tratamiento de l\u00edneas de marionetas | Cirujano pl\u00e1stico del lago Tahoe\" \/>\n<meta property=\"og:description\" content=\"Las l\u00edneas de marioneta que se extienden desde las comisuras de la boca hasta la barbilla son algunos de los signos m\u00e1s problem\u00e1ticos del envejecimiento. B\u00f3rrelas con un tratamiento no quir\u00fargico de l\u00edneas de marioneta del Dr. Erez Dayan en el Instituto de Cirug\u00eda Pl\u00e1stica Avance en Reno\/Lake Tahoe, Nevada.\" \/>\n<meta property=\"og:url\" content=\"https:\/\/www.avanceplasticsurgery.com\/es\/procedimientos-cosmeticos-y-de-cirugia\/tratamientos-de-relleno-facial-y-dermico\/lineas-de-marionetas\/\" \/>\n<meta property=\"og:site_name\" content=\"Avance Plastic Surgery\" \/>\n<meta property=\"article:modified_time\" content=\"2022-04-25T12:48:58+00:00\" \/>\n<meta name=\"twitter:card\" content=\"summary_large_image\" \/>\n<meta name=\"twitter:label1\" content=\"Tiempo de lectura\" \/>\n\t<meta name=\"twitter:data1\" content=\"2 minutos\" \/>\n<!-- \/ Yoast SEO plugin. -->","yoast_head_json":{"title":"Reno NV Tratamiento de l\u00edneas de marionetas | Cirujano pl\u00e1stico del lago Tahoe","description":"Las l\u00edneas de marioneta que se extienden desde las comisuras de la boca hasta la barbilla son algunos de los signos m\u00e1s problem\u00e1ticos del envejecimiento. B\u00f3rrelas con un tratamiento no quir\u00fargico de l\u00edneas de marioneta del Dr. Erez Dayan en el Instituto de Cirug\u00eda Pl\u00e1stica Avance en Reno\/Lake Tahoe, Nevada.","robots":{"index":"index","follow":"follow","max-snippet":"max-snippet:-1","max-image-preview":"max-image-preview:large","max-video-preview":"max-video-preview:-1"},"canonical":"https:\/\/www.avanceplasticsurgery.com\/es\/procedimientos-cosmeticos-y-de-cirugia\/tratamientos-de-relleno-facial-y-dermico\/lineas-de-marionetas\/","og_locale":"es_ES","og_type":"article","og_title":"Reno NV Tratamiento de l\u00edneas de marionetas | Cirujano pl\u00e1stico del lago Tahoe","og_description":"Las l\u00edneas de marioneta que se extienden desde las comisuras de la boca hasta la barbilla son algunos de los signos m\u00e1s problem\u00e1ticos del envejecimiento. B\u00f3rrelas con un tratamiento no quir\u00fargico de l\u00edneas de marioneta del Dr. Erez Dayan en el Instituto de Cirug\u00eda Pl\u00e1stica Avance en Reno\/Lake Tahoe, Nevada.","og_url":"https:\/\/www.avanceplasticsurgery.com\/es\/procedimientos-cosmeticos-y-de-cirugia\/tratamientos-de-relleno-facial-y-dermico\/lineas-de-marionetas\/","og_site_name":"Avance Plastic Surgery","article_modified_time":"2022-04-25T12:48:58+00:00","twitter_card":"summary_large_image","twitter_misc":{"Tiempo de lectura":"2 minutos"},"schema":{"@context":"https:\/\/schema.org","@graph":[{"@type":"WebPage","@id":"https:\/\/www.avanceplasticsurgery.com\/es\/procedimientos-cosmeticos-y-de-cirugia\/tratamientos-de-relleno-facial-y-dermico\/lineas-de-marionetas\/","url":"https:\/\/www.avanceplasticsurgery.com\/es\/procedimientos-cosmeticos-y-de-cirugia\/tratamientos-de-relleno-facial-y-dermico\/lineas-de-marionetas\/","name":"Reno NV Tratamiento de l\u00edneas de marionetas | Cirujano pl\u00e1stico del lago Tahoe","isPartOf":{"@id":"https:\/\/www.avanceplasticsurgery.com\/es\/#website"},"datePublished":"2020-09-16T07:26:30+00:00","dateModified":"2022-04-25T12:48:58+00:00","description":"Las l\u00edneas de marioneta que se extienden desde las comisuras de la boca hasta la barbilla son algunos de los signos m\u00e1s problem\u00e1ticos del envejecimiento. B\u00f3rrelas con un tratamiento no quir\u00fargico de l\u00edneas de marioneta del Dr. Erez Dayan en el Instituto de Cirug\u00eda Pl\u00e1stica Avance en Reno\/Lake Tahoe, Nevada.","breadcrumb":{"@id":"https:\/\/www.avanceplasticsurgery.com\/es\/procedimientos-cosmeticos-y-de-cirugia\/tratamientos-de-relleno-facial-y-dermico\/lineas-de-marionetas\/#breadcrumb"},"inLanguage":"es","potentialAction":[{"@type":"ReadAction","target":["https:\/\/www.avanceplasticsurgery.com\/es\/procedimientos-cosmeticos-y-de-cirugia\/tratamientos-de-relleno-facial-y-dermico\/lineas-de-marionetas\/"]}]},{"@type":"BreadcrumbList","@id":"https:\/\/www.avanceplasticsurgery.com\/es\/procedimientos-cosmeticos-y-de-cirugia\/tratamientos-de-relleno-facial-y-dermico\/lineas-de-marionetas\/#breadcrumb","itemListElement":[{"@type":"ListItem","position":1,"name":"Home","item":"https:\/\/www.avanceplasticsurgery.com\/es\/"},{"@type":"ListItem","position":2,"name":"Cosm\u00e9tica","item":"https:\/\/www.avanceplasticsurgery.com\/es\/procedimientos-cosmeticos-y-de-cirugia\/"},{"@type":"ListItem","position":3,"name":"Tratamientos de relleno facial y d\u00e9rmico","item":"https:\/\/www.avanceplasticsurgery.com\/es\/procedimientos-cosmeticos-y-de-cirugia\/tratamientos-de-relleno-facial-y-dermico\/"},{"@type":"ListItem","position":4,"name":"L\u00edneas de marionetas"}]},{"@type":"WebSite","@id":"https:\/\/www.avanceplasticsurgery.com\/es\/#website","url":"https:\/\/www.avanceplasticsurgery.com\/es\/","name":"Avance Plastic Surgery","description":"","potentialAction":[{"@type":"SearchAction","target":{"@type":"EntryPoint","urlTemplate":"https:\/\/www.avanceplasticsurgery.com\/es\/?s={search_term_string}"},"query-input":{"@type":"PropertyValueSpecification","valueRequired":true,"valueName":"search_term_string"}}],"inLanguage":"es"}]}},"_links":{"self":[{"href":"https:\/\/www.avanceplasticsurgery.com\/es\/wp-json\/wp\/v2\/pages\/8940","targetHints":{"allow":["GET"]}}],"collection":[{"href":"https:\/\/www.avanceplasticsurgery.com\/es\/wp-json\/wp\/v2\/pages"}],"about":[{"href":"https:\/\/www.avanceplasticsurgery.com\/es\/wp-json\/wp\/v2\/types\/page"}],"author":[{"embeddable":true,"href":"https:\/\/www.avanceplasticsurgery.com\/es\/wp-json\/wp\/v2\/users\/1"}],"replies":[{"embeddable":true,"href":"https:\/\/www.avanceplasticsurgery.com\/es\/wp-json\/wp\/v2\/comments?post=8940"}],"version-history":[{"count":1,"href":"https:\/\/www.avanceplasticsurgery.com\/es\/wp-json\/wp\/v2\/pages\/8940\/revisions"}],"predecessor-version":[{"id":9282,"href":"https:\/\/www.avanceplasticsurgery.com\/es\/wp-json\/wp\/v2\/pages\/8940\/revisions\/9282"}],"up":[{"embeddable":true,"href":"https:\/\/www.avanceplasticsurgery.com\/es\/wp-json\/wp\/v2\/pages\/8946"}],"wp:attachment":[{"href":"https:\/\/www.avanceplasticsurgery.com\/es\/wp-json\/wp\/v2\/media?parent=8940"}],"curies":[{"name":"wp","href":"https:\/\/api.w.org\/{rel}","templated":true}]}}