{"id":8942,"date":"2020-09-16T07:23:14","date_gmt":"2020-09-16T07:23:14","guid":{"rendered":"https:\/\/www.avanceplasticsurgery.com\/realce-de-labios\/"},"modified":"2022-04-25T12:49:55","modified_gmt":"2022-04-25T12:49:55","slug":"realce-de-labios","status":"publish","type":"page","link":"https:\/\/www.avanceplasticsurgery.com\/es\/procedimientos-cosmeticos-y-de-cirugia\/tratamientos-de-relleno-facial-y-dermico\/realce-de-labios\/","title":{"rendered":"Realce de labios"},"content":{"rendered":"<h1>Aumento de labios sin cirug\u00eda<\/h1>\n<p>Los labios delgados o desproporcionados pueden afectar toda su apariencia facial. Muchos hombres y mujeres no est\u00e1n contentos con sus labios y buscan hacer cambios. El realce de labios no quir\u00fargico es uno de los <a title=\"Reno NV Rellenos faciales Inyecciones d\u00e9rmicas\" href=\"https:\/\/www.avanceplasticsurgery.com\/es\/cosmetic-and-surgery-procedures\/facial-dermal-filler-treatments\/\">principales procedimientos cosm\u00e9ticos<\/a> en los Estados Unidos, seg\u00fan la Academia Estadounidense de Cirug\u00eda Facial y Reconstructiva. El Dr. Erez Dayan ofrece realce de labios no quir\u00fargico en el Instituto de Cirug\u00eda Pl\u00e1stica Avance.<\/p>\n<p>Ya sea que la gen\u00e9tica le proporcione labios deficientes o que el envejecimiento est\u00e9 causando que pierdan volumen y se vuelvan poco atractivos, la mejora de labios sin cirug\u00eda es una excelente manera de restaurar o crear un par de labios mejores y m\u00e1s atractivos. Tanto hombres como mujeres pueden desear cambios diferentes para sus labios, y el Dr. Dayan puede crear cambios sutiles que lo har\u00e1n sonre\u00edr con orgullo.<\/p>\n<p>El Dr. Dayan es un galardonado cirujano pl\u00e1stico y reconstructivo educado en Harvard con credenciales impecables. Su experiencia e innovaciones en el \u00e1rea de la cirug\u00eda pl\u00e1stica lo han llevado a dar conferencias y hacer demostraciones de cirug\u00eda est\u00e9tica avanzada en todo el mundo. Est\u00e1 eminentemente calificado para realizar los procedimientos intrincados y precisos necesarios para el realce de labios no quir\u00fargico de apariencia natural.<\/p>\n<h2>Realce Cosm\u00e9tico de Labios<\/h2>\n<p>El realce cosm\u00e9tico de labios con rellenos d\u00e9rmicos e inyectables es una forma r\u00e1pida y pr\u00e1cticamente indolora de crear los labios que desea sin cirug\u00eda invasiva. El Dr. Dayan usa inyectables modernos espec\u00edficos en nuestra oficina de Reno\/Tahoe, para que sus labios puedan tener m\u00e1s definici\u00f3n, m\u00e1s volumen y una forma m\u00e1s atractiva.<\/p>\n<p>El realce cosm\u00e9tico de labios generalmente toma alrededor de media hora en el Instituto de Cirug\u00eda Pl\u00e1stica Avance. Los pacientes reportan muy poca molestia y m\u00ednima hinchaz\u00f3n, gracias a las t\u00e9cnicas avanzadas que usa el Dr. Dayan cuando proporciona tratamientos inyectables. Sus cambios ser\u00e1n inmediatos, y ocurrir\u00e1n m\u00e1s en los pr\u00f3ximos d\u00edas a medida que su piel mejore.<\/p>\n<p>Los labios delgados, planos o poco atractivos son cosa del pasado con el realce de labios no quir\u00fargico con rellenos inyectables. <a title=\"P\u00f3ngase en contacto con el Instituto de Cirug\u00eda Pl\u00e1stica Avance en Reno NV\" href=\"https:\/\/www.avanceplasticsurgery.com\/es\/contact-us-dr-erez-dayan\/\">Comun\u00edquese con el Instituto de Cirug\u00eda Pl\u00e1stica Avance<\/a> en Reno\/Tahoe, NV, para programar una consulta para explorar todas las opciones disponibles para mejoras cosm\u00e9ticas faciales, incluida la mejora cosm\u00e9tica de los labios.<\/p>\n","protected":false},"excerpt":{"rendered":"<p>Aumento de labios sin cirug\u00eda Los labios delgados o desproporcionados pueden afectar toda su apariencia facial. Muchos hombres y&hellip;<\/p>\n","protected":false},"author":1,"featured_media":0,"parent":8946,"menu_order":0,"comment_status":"closed","ping_status":"closed","template":"","meta":{"_acf_changed":false,"footnotes":""},"class_list":["post-8942","page","type-page","status-publish"],"acf":[],"yoast_head":"<!-- This site is optimized with the Yoast SEO plugin v27.3 - https:\/\/yoast.com\/product\/yoast-seo-wordpress\/ -->\n<title>Tratamiento de relleno de labios Reno NV | Aumento de labios cosm\u00e9tico de Lake Tahoe<\/title>\n<meta name=\"description\" content=\"El realce de labios no quir\u00fargico con rellenos d\u00e9rmicos es una forma popular de crear los labios que lo hacen m\u00e1s deseable. El Dr. Erez Dayan ofrece realce cosm\u00e9tico de labios en el Instituto de Cirug\u00eda Pl\u00e1stica Avance en Reno, NV. Llame hoy para su consulta.\" \/>\n<meta name=\"robots\" content=\"index, follow, max-snippet:-1, max-image-preview:large, max-video-preview:-1\" \/>\n<link rel=\"canonical\" href=\"https:\/\/www.avanceplasticsurgery.com\/es\/procedimientos-cosmeticos-y-de-cirugia\/tratamientos-de-relleno-facial-y-dermico\/realce-de-labios\/\" \/>\n<meta property=\"og:locale\" content=\"es_ES\" \/>\n<meta property=\"og:type\" content=\"article\" \/>\n<meta property=\"og:title\" content=\"Tratamiento de relleno de labios Reno NV | Aumento de labios cosm\u00e9tico de Lake Tahoe\" \/>\n<meta property=\"og:description\" content=\"El realce de labios no quir\u00fargico con rellenos d\u00e9rmicos es una forma popular de crear los labios que lo hacen m\u00e1s deseable. El Dr. Erez Dayan ofrece realce cosm\u00e9tico de labios en el Instituto de Cirug\u00eda Pl\u00e1stica Avance en Reno, NV. Llame hoy para su consulta.\" \/>\n<meta property=\"og:url\" content=\"https:\/\/www.avanceplasticsurgery.com\/es\/procedimientos-cosmeticos-y-de-cirugia\/tratamientos-de-relleno-facial-y-dermico\/realce-de-labios\/\" \/>\n<meta property=\"og:site_name\" content=\"Avance Plastic Surgery\" \/>\n<meta property=\"article:modified_time\" content=\"2022-04-25T12:49:55+00:00\" \/>\n<meta name=\"twitter:card\" content=\"summary_large_image\" \/>\n<meta name=\"twitter:label1\" content=\"Tiempo de lectura\" \/>\n\t<meta name=\"twitter:data1\" content=\"2 minutos\" \/>\n<!-- \/ Yoast SEO plugin. -->","yoast_head_json":{"title":"Tratamiento de relleno de labios Reno NV | Aumento de labios cosm\u00e9tico de Lake Tahoe","description":"El realce de labios no quir\u00fargico con rellenos d\u00e9rmicos es una forma popular de crear los labios que lo hacen m\u00e1s deseable. El Dr. Erez Dayan ofrece realce cosm\u00e9tico de labios en el Instituto de Cirug\u00eda Pl\u00e1stica Avance en Reno, NV. Llame hoy para su consulta.","robots":{"index":"index","follow":"follow","max-snippet":"max-snippet:-1","max-image-preview":"max-image-preview:large","max-video-preview":"max-video-preview:-1"},"canonical":"https:\/\/www.avanceplasticsurgery.com\/es\/procedimientos-cosmeticos-y-de-cirugia\/tratamientos-de-relleno-facial-y-dermico\/realce-de-labios\/","og_locale":"es_ES","og_type":"article","og_title":"Tratamiento de relleno de labios Reno NV | Aumento de labios cosm\u00e9tico de Lake Tahoe","og_description":"El realce de labios no quir\u00fargico con rellenos d\u00e9rmicos es una forma popular de crear los labios que lo hacen m\u00e1s deseable. El Dr. Erez Dayan ofrece realce cosm\u00e9tico de labios en el Instituto de Cirug\u00eda Pl\u00e1stica Avance en Reno, NV. Llame hoy para su consulta.","og_url":"https:\/\/www.avanceplasticsurgery.com\/es\/procedimientos-cosmeticos-y-de-cirugia\/tratamientos-de-relleno-facial-y-dermico\/realce-de-labios\/","og_site_name":"Avance Plastic Surgery","article_modified_time":"2022-04-25T12:49:55+00:00","twitter_card":"summary_large_image","twitter_misc":{"Tiempo de lectura":"2 minutos"},"schema":{"@context":"https:\/\/schema.org","@graph":[{"@type":"WebPage","@id":"https:\/\/www.avanceplasticsurgery.com\/es\/procedimientos-cosmeticos-y-de-cirugia\/tratamientos-de-relleno-facial-y-dermico\/realce-de-labios\/","url":"https:\/\/www.avanceplasticsurgery.com\/es\/procedimientos-cosmeticos-y-de-cirugia\/tratamientos-de-relleno-facial-y-dermico\/realce-de-labios\/","name":"Tratamiento de relleno de labios Reno NV | Aumento de labios cosm\u00e9tico de Lake Tahoe","isPartOf":{"@id":"https:\/\/www.avanceplasticsurgery.com\/es\/#website"},"datePublished":"2020-09-16T07:23:14+00:00","dateModified":"2022-04-25T12:49:55+00:00","description":"El realce de labios no quir\u00fargico con rellenos d\u00e9rmicos es una forma popular de crear los labios que lo hacen m\u00e1s deseable. El Dr. Erez Dayan ofrece realce cosm\u00e9tico de labios en el Instituto de Cirug\u00eda Pl\u00e1stica Avance en Reno, NV. Llame hoy para su consulta.","breadcrumb":{"@id":"https:\/\/www.avanceplasticsurgery.com\/es\/procedimientos-cosmeticos-y-de-cirugia\/tratamientos-de-relleno-facial-y-dermico\/realce-de-labios\/#breadcrumb"},"inLanguage":"es","potentialAction":[{"@type":"ReadAction","target":["https:\/\/www.avanceplasticsurgery.com\/es\/procedimientos-cosmeticos-y-de-cirugia\/tratamientos-de-relleno-facial-y-dermico\/realce-de-labios\/"]}]},{"@type":"BreadcrumbList","@id":"https:\/\/www.avanceplasticsurgery.com\/es\/procedimientos-cosmeticos-y-de-cirugia\/tratamientos-de-relleno-facial-y-dermico\/realce-de-labios\/#breadcrumb","itemListElement":[{"@type":"ListItem","position":1,"name":"Home","item":"https:\/\/www.avanceplasticsurgery.com\/es\/"},{"@type":"ListItem","position":2,"name":"Cosm\u00e9tica","item":"https:\/\/www.avanceplasticsurgery.com\/es\/procedimientos-cosmeticos-y-de-cirugia\/"},{"@type":"ListItem","position":3,"name":"Tratamientos de relleno facial y d\u00e9rmico","item":"https:\/\/www.avanceplasticsurgery.com\/es\/procedimientos-cosmeticos-y-de-cirugia\/tratamientos-de-relleno-facial-y-dermico\/"},{"@type":"ListItem","position":4,"name":"Realce de labios"}]},{"@type":"WebSite","@id":"https:\/\/www.avanceplasticsurgery.com\/es\/#website","url":"https:\/\/www.avanceplasticsurgery.com\/es\/","name":"Avance Plastic Surgery","description":"","potentialAction":[{"@type":"SearchAction","target":{"@type":"EntryPoint","urlTemplate":"https:\/\/www.avanceplasticsurgery.com\/es\/?s={search_term_string}"},"query-input":{"@type":"PropertyValueSpecification","valueRequired":true,"valueName":"search_term_string"}}],"inLanguage":"es"}]}},"_links":{"self":[{"href":"https:\/\/www.avanceplasticsurgery.com\/es\/wp-json\/wp\/v2\/pages\/8942","targetHints":{"allow":["GET"]}}],"collection":[{"href":"https:\/\/www.avanceplasticsurgery.com\/es\/wp-json\/wp\/v2\/pages"}],"about":[{"href":"https:\/\/www.avanceplasticsurgery.com\/es\/wp-json\/wp\/v2\/types\/page"}],"author":[{"embeddable":true,"href":"https:\/\/www.avanceplasticsurgery.com\/es\/wp-json\/wp\/v2\/users\/1"}],"replies":[{"embeddable":true,"href":"https:\/\/www.avanceplasticsurgery.com\/es\/wp-json\/wp\/v2\/comments?post=8942"}],"version-history":[{"count":1,"href":"https:\/\/www.avanceplasticsurgery.com\/es\/wp-json\/wp\/v2\/pages\/8942\/revisions"}],"predecessor-version":[{"id":9287,"href":"https:\/\/www.avanceplasticsurgery.com\/es\/wp-json\/wp\/v2\/pages\/8942\/revisions\/9287"}],"up":[{"embeddable":true,"href":"https:\/\/www.avanceplasticsurgery.com\/es\/wp-json\/wp\/v2\/pages\/8946"}],"wp:attachment":[{"href":"https:\/\/www.avanceplasticsurgery.com\/es\/wp-json\/wp\/v2\/media?parent=8942"}],"curies":[{"name":"wp","href":"https:\/\/api.w.org\/{rel}","templated":true}]}}