{"id":8943,"date":"2020-09-16T07:24:55","date_gmt":"2020-09-16T07:24:55","guid":{"rendered":"https:\/\/www.avanceplasticsurgery.com\/linea-inferior-de-la-mejilla-mandibula\/"},"modified":"2022-04-25T12:48:48","modified_gmt":"2022-04-25T12:48:48","slug":"linea-inferior-de-la-mejilla-mandibula","status":"publish","type":"page","link":"https:\/\/www.avanceplasticsurgery.com\/es\/procedimientos-cosmeticos-y-de-cirugia\/tratamientos-de-relleno-facial-y-dermico\/linea-inferior-de-la-mejilla-mandibula\/","title":{"rendered":"L\u00ednea inferior de la mejilla\/mand\u00edbula"},"content":{"rendered":"<h1>Tratamiento de relleno de mejillas inferiores<\/h1>\n<p>La parte inferior de la mejilla y la mand\u00edbula presentan un aspecto diferente para hombres y mujeres. Ambos pueden estar insatisfechos con su mand\u00edbula y ment\u00f3n, pero por diferentes razones. Los hombres en su mayor\u00eda desean una mand\u00edbula firme que proyecte masculinidad. Las mujeres suelen preferir una mand\u00edbula m\u00e1s suave con m\u00e1s curvatura. En muchos casos, el tratamiento de relleno de la parte inferior de la mejilla puede crear la <a title=\"Reno NV Rellenos faciales Inyecciones d\u00e9rmicas\" href=\"https:\/\/www.avanceplasticsurgery.com\/es\/cosmetic-and-surgery-procedures\/facial-dermal-filler-treatments\/\">est\u00e9tica que desea sin necesidad de cirug\u00eda<\/a> . El tratamiento de relleno de la parte inferior de la mejilla est\u00e1 disponible en Avance Plastic Surgery Institute.<\/p>\n<p>El Dr. Erez Dayan es un reconocido experto en el uso de rellenos d\u00e9rmicos e inyectables para el tratamiento de relleno de mejillas inferiores. En su pr\u00e1ctica de Reno\/Tahoe, los pacientes reciben atenci\u00f3n y tratamiento personalizados que buscan crear la apariencia precisa que desean. Cualquiera que sea el motivo de su deseo de modificar sus mejillas y la l\u00ednea de la mand\u00edbula, el Dr. Dayan brinda tratamientos de nivel experto que seguramente lo complacer\u00e1n.<\/p>\n<h2>Rellenos para la L\u00ednea de la Mand\u00edbula<\/h2>\n<p>Los rellenos para la l\u00ednea de la mand\u00edbula que elija el Dr. Dayan variar\u00e1n seg\u00fan los cambios deseados que desee realizar. Algunos inyectables eliminan la grasa mientras que otros agregan volumen. Otros est\u00e1n especialmente formulados para permitir la remodelaci\u00f3n de la l\u00ednea de la mand\u00edbula para un contorno facial diferente. El Dr. Dayan seleccionar\u00e1 los productos apropiados despu\u00e9s de una consulta con usted en su oficina de Reno\/Tahoe, NV. Tendr\u00e1 la oportunidad de explorar diferentes opciones para crear la est\u00e9tica facial que desea y recibir informaci\u00f3n completa sobre los tratamientos y procedimientos recomendados.<\/p>\n<p>El contorno facial inferior con rellenos para la l\u00ednea de la mand\u00edbula puede tomar alrededor de una hora y se realiza de forma ambulatoria. Los pacientes informan algo de hinchaz\u00f3n y molestias m\u00ednimas que desaparecen r\u00e1pidamente uno o dos d\u00edas despu\u00e9s del tratamiento. El Dr. Dayan recomienda que evite la actividad extenuante durante al menos 24 horas despu\u00e9s del tratamiento de relleno de la parte inferior de la mejilla.<\/p>\n<p>Cree una apariencia m\u00e1s agradable remodelando la parte inferior de la mejilla y la l\u00ednea de la mand\u00edbula con rellenos d\u00e9rmicos e inyectables del Dr. Dayan en Avance Plastic Surgery Institute en Reno\/Tahoe, NV. <a title=\"P\u00f3ngase en contacto con el Instituto de Cirug\u00eda Pl\u00e1stica Avance en Reno NV\" href=\"https:\/\/www.avanceplasticsurgery.com\/es\/contact-us-dr-erez-dayan\/\">Cont\u00e1ctenos<\/a> hoy para programar una consulta y explorar c\u00f3mo los rellenos para la l\u00ednea de la mand\u00edbula pueden cambiar su apariencia.<\/p>\n","protected":false},"excerpt":{"rendered":"<p>Tratamiento de relleno de mejillas inferiores La parte inferior de la mejilla y la mand\u00edbula presentan un aspecto diferente&hellip;<\/p>\n","protected":false},"author":1,"featured_media":0,"parent":8946,"menu_order":0,"comment_status":"closed","ping_status":"closed","template":"","meta":{"_acf_changed":false,"footnotes":""},"class_list":["post-8943","page","type-page","status-publish"],"acf":[],"yoast_head":"<!-- This site is optimized with the Yoast SEO plugin v27.4 - https:\/\/yoast.com\/product\/yoast-seo-wordpress\/ -->\n<title>Tratamiento de mejillas inferiores Reno NV | Rellenos de Lake Tahoe para la l\u00ednea de la mand\u00edbula<\/title>\n<meta name=\"description\" content=\"El tratamiento de relleno de la parte inferior de la mejilla con inyectables cosm\u00e9ticos es un m\u00e9todo m\u00ednimamente invasivo para remodelar la parte inferior de la cara y la mand\u00edbula para una apariencia m\u00e1s agradable. Comun\u00edquese con el Instituto de Cirug\u00eda Pl\u00e1stica Avance cerca de Lake Tahoe, NV, para programar una consulta con el Dr. Erez Dayan.\" \/>\n<meta name=\"robots\" content=\"index, follow, max-snippet:-1, max-image-preview:large, max-video-preview:-1\" \/>\n<link rel=\"canonical\" href=\"https:\/\/www.avanceplasticsurgery.com\/es\/procedimientos-cosmeticos-y-de-cirugia\/tratamientos-de-relleno-facial-y-dermico\/linea-inferior-de-la-mejilla-mandibula\/\" \/>\n<meta property=\"og:locale\" content=\"es_ES\" \/>\n<meta property=\"og:type\" content=\"article\" \/>\n<meta property=\"og:title\" content=\"Tratamiento de mejillas inferiores Reno NV | Rellenos de Lake Tahoe para la l\u00ednea de la mand\u00edbula\" \/>\n<meta property=\"og:description\" content=\"El tratamiento de relleno de la parte inferior de la mejilla con inyectables cosm\u00e9ticos es un m\u00e9todo m\u00ednimamente invasivo para remodelar la parte inferior de la cara y la mand\u00edbula para una apariencia m\u00e1s agradable. Comun\u00edquese con el Instituto de Cirug\u00eda Pl\u00e1stica Avance cerca de Lake Tahoe, NV, para programar una consulta con el Dr. Erez Dayan.\" \/>\n<meta property=\"og:url\" content=\"https:\/\/www.avanceplasticsurgery.com\/es\/procedimientos-cosmeticos-y-de-cirugia\/tratamientos-de-relleno-facial-y-dermico\/linea-inferior-de-la-mejilla-mandibula\/\" \/>\n<meta property=\"og:site_name\" content=\"Avance Plastic Surgery\" \/>\n<meta property=\"article:modified_time\" content=\"2022-04-25T12:48:48+00:00\" \/>\n<meta name=\"twitter:card\" content=\"summary_large_image\" \/>\n<meta name=\"twitter:label1\" content=\"Tiempo de lectura\" \/>\n\t<meta name=\"twitter:data1\" content=\"2 minutos\" \/>\n<!-- \/ Yoast SEO plugin. -->","yoast_head_json":{"title":"Tratamiento de mejillas inferiores Reno NV | Rellenos de Lake Tahoe para la l\u00ednea de la mand\u00edbula","description":"El tratamiento de relleno de la parte inferior de la mejilla con inyectables cosm\u00e9ticos es un m\u00e9todo m\u00ednimamente invasivo para remodelar la parte inferior de la cara y la mand\u00edbula para una apariencia m\u00e1s agradable. Comun\u00edquese con el Instituto de Cirug\u00eda Pl\u00e1stica Avance cerca de Lake Tahoe, NV, para programar una consulta con el Dr. Erez Dayan.","robots":{"index":"index","follow":"follow","max-snippet":"max-snippet:-1","max-image-preview":"max-image-preview:large","max-video-preview":"max-video-preview:-1"},"canonical":"https:\/\/www.avanceplasticsurgery.com\/es\/procedimientos-cosmeticos-y-de-cirugia\/tratamientos-de-relleno-facial-y-dermico\/linea-inferior-de-la-mejilla-mandibula\/","og_locale":"es_ES","og_type":"article","og_title":"Tratamiento de mejillas inferiores Reno NV | Rellenos de Lake Tahoe para la l\u00ednea de la mand\u00edbula","og_description":"El tratamiento de relleno de la parte inferior de la mejilla con inyectables cosm\u00e9ticos es un m\u00e9todo m\u00ednimamente invasivo para remodelar la parte inferior de la cara y la mand\u00edbula para una apariencia m\u00e1s agradable. Comun\u00edquese con el Instituto de Cirug\u00eda Pl\u00e1stica Avance cerca de Lake Tahoe, NV, para programar una consulta con el Dr. Erez Dayan.","og_url":"https:\/\/www.avanceplasticsurgery.com\/es\/procedimientos-cosmeticos-y-de-cirugia\/tratamientos-de-relleno-facial-y-dermico\/linea-inferior-de-la-mejilla-mandibula\/","og_site_name":"Avance Plastic Surgery","article_modified_time":"2022-04-25T12:48:48+00:00","twitter_card":"summary_large_image","twitter_misc":{"Tiempo de lectura":"2 minutos"},"schema":{"@context":"https:\/\/schema.org","@graph":[{"@type":"WebPage","@id":"https:\/\/www.avanceplasticsurgery.com\/es\/procedimientos-cosmeticos-y-de-cirugia\/tratamientos-de-relleno-facial-y-dermico\/linea-inferior-de-la-mejilla-mandibula\/","url":"https:\/\/www.avanceplasticsurgery.com\/es\/procedimientos-cosmeticos-y-de-cirugia\/tratamientos-de-relleno-facial-y-dermico\/linea-inferior-de-la-mejilla-mandibula\/","name":"Tratamiento de mejillas inferiores Reno NV | Rellenos de Lake Tahoe para la l\u00ednea de la mand\u00edbula","isPartOf":{"@id":"https:\/\/www.avanceplasticsurgery.com\/es\/#website"},"datePublished":"2020-09-16T07:24:55+00:00","dateModified":"2022-04-25T12:48:48+00:00","description":"El tratamiento de relleno de la parte inferior de la mejilla con inyectables cosm\u00e9ticos es un m\u00e9todo m\u00ednimamente invasivo para remodelar la parte inferior de la cara y la mand\u00edbula para una apariencia m\u00e1s agradable. Comun\u00edquese con el Instituto de Cirug\u00eda Pl\u00e1stica Avance cerca de Lake Tahoe, NV, para programar una consulta con el Dr. Erez Dayan.","breadcrumb":{"@id":"https:\/\/www.avanceplasticsurgery.com\/es\/procedimientos-cosmeticos-y-de-cirugia\/tratamientos-de-relleno-facial-y-dermico\/linea-inferior-de-la-mejilla-mandibula\/#breadcrumb"},"inLanguage":"es","potentialAction":[{"@type":"ReadAction","target":["https:\/\/www.avanceplasticsurgery.com\/es\/procedimientos-cosmeticos-y-de-cirugia\/tratamientos-de-relleno-facial-y-dermico\/linea-inferior-de-la-mejilla-mandibula\/"]}]},{"@type":"BreadcrumbList","@id":"https:\/\/www.avanceplasticsurgery.com\/es\/procedimientos-cosmeticos-y-de-cirugia\/tratamientos-de-relleno-facial-y-dermico\/linea-inferior-de-la-mejilla-mandibula\/#breadcrumb","itemListElement":[{"@type":"ListItem","position":1,"name":"Home","item":"https:\/\/www.avanceplasticsurgery.com\/es\/"},{"@type":"ListItem","position":2,"name":"Cosm\u00e9tica","item":"https:\/\/www.avanceplasticsurgery.com\/es\/procedimientos-cosmeticos-y-de-cirugia\/"},{"@type":"ListItem","position":3,"name":"Tratamientos de relleno facial y d\u00e9rmico","item":"https:\/\/www.avanceplasticsurgery.com\/es\/procedimientos-cosmeticos-y-de-cirugia\/tratamientos-de-relleno-facial-y-dermico\/"},{"@type":"ListItem","position":4,"name":"L\u00ednea inferior de la mejilla\/mand\u00edbula"}]},{"@type":"WebSite","@id":"https:\/\/www.avanceplasticsurgery.com\/es\/#website","url":"https:\/\/www.avanceplasticsurgery.com\/es\/","name":"Avance Plastic Surgery","description":"","potentialAction":[{"@type":"SearchAction","target":{"@type":"EntryPoint","urlTemplate":"https:\/\/www.avanceplasticsurgery.com\/es\/?s={search_term_string}"},"query-input":{"@type":"PropertyValueSpecification","valueRequired":true,"valueName":"search_term_string"}}],"inLanguage":"es"}]}},"_links":{"self":[{"href":"https:\/\/www.avanceplasticsurgery.com\/es\/wp-json\/wp\/v2\/pages\/8943","targetHints":{"allow":["GET"]}}],"collection":[{"href":"https:\/\/www.avanceplasticsurgery.com\/es\/wp-json\/wp\/v2\/pages"}],"about":[{"href":"https:\/\/www.avanceplasticsurgery.com\/es\/wp-json\/wp\/v2\/types\/page"}],"author":[{"embeddable":true,"href":"https:\/\/www.avanceplasticsurgery.com\/es\/wp-json\/wp\/v2\/users\/1"}],"replies":[{"embeddable":true,"href":"https:\/\/www.avanceplasticsurgery.com\/es\/wp-json\/wp\/v2\/comments?post=8943"}],"version-history":[{"count":1,"href":"https:\/\/www.avanceplasticsurgery.com\/es\/wp-json\/wp\/v2\/pages\/8943\/revisions"}],"predecessor-version":[{"id":9281,"href":"https:\/\/www.avanceplasticsurgery.com\/es\/wp-json\/wp\/v2\/pages\/8943\/revisions\/9281"}],"up":[{"embeddable":true,"href":"https:\/\/www.avanceplasticsurgery.com\/es\/wp-json\/wp\/v2\/pages\/8946"}],"wp:attachment":[{"href":"https:\/\/www.avanceplasticsurgery.com\/es\/wp-json\/wp\/v2\/media?parent=8943"}],"curies":[{"name":"wp","href":"https:\/\/api.w.org\/{rel}","templated":true}]}}