{"id":8944,"date":"2020-09-16T07:21:39","date_gmt":"2020-09-16T07:21:39","guid":{"rendered":"https:\/\/www.avanceplasticsurgery.com\/parpados-lagrimales\/"},"modified":"2022-04-25T12:49:20","modified_gmt":"2022-04-25T12:49:20","slug":"parpados-lagrimales","status":"publish","type":"page","link":"https:\/\/www.avanceplasticsurgery.com\/es\/procedimientos-cosmeticos-y-de-cirugia\/tratamientos-de-relleno-facial-y-dermico\/parpados-lagrimales\/","title":{"rendered":"P\u00e1rpados\/Lagrimales"},"content":{"rendered":"<h1>Tratamiento de P\u00e1rpados No Quir\u00fargico<\/h1>\n<p>Se dice que los ojos son la puerta de entrada al alma. Ciertamente son un obsequio que indica tu edad. La piel de los p\u00e1rpados es la m\u00e1s delgada del cuerpo y la exposici\u00f3n de los p\u00e1rpados al sol solo acelera su desgaste. A medida que la piel pierde elasticidad, la piel de los p\u00e1rpados puede adelgazarse y comenzar a caerse. Los vasos sangu\u00edneos se pueden ver m\u00e1s f\u00e1cilmente a trav\u00e9s de los p\u00e1rpados, creando c\u00edrculos oscuros o huecos debajo de los ojos. El tratamiento no quir\u00fargico de los p\u00e1rpados es la respuesta.<\/p>\n<p>Los ojos oscuros y de aspecto cansado desmienten su edad, ya que pueden aparecer muy temprano en la vida. No es raro que los pacientes de 30 a\u00f1os deseen tratamientos no quir\u00fargicos para mejorar la apariencia de sus ojos. El Dr. Erez Dayan ofrece <a title=\"Reno NV Rellenos faciales Inyecciones d\u00e9rmicas\" href=\"https:\/\/www.avanceplasticsurgery.com\/es\/cosmetic-and-surgery-procedures\/facial-dermal-filler-treatments\/\">tratamientos de p\u00e1rpados no quir\u00fargicos<\/a> para rejuvenecer la apariencia de sus ojos y restaurar una apariencia m\u00e1s joven. No se preocupe por las l\u00e1grimas y los ojos envejecidos, llame al Instituto de Cirug\u00eda Pl\u00e1stica Avance y descubra c\u00f3mo un tratamiento de p\u00e1rpados no quir\u00fargico puede restaurar su confianza en s\u00ed mismo.<\/p>\n<h2>Rellenos para canales de l\u00e1grimas<\/h2>\n<p>El canal lagrimal es un surco semicircular debajo del ojo que se extiende a ambas esquinas del ojo. Los surcos profundos de l\u00e1grimas pueden aparecer oscuros o sombreados, creando una apariencia cansada y envejecida. La p\u00e9rdida de volumen y la laxitud de la piel pueden contribuir a crear estos valles m\u00e1s profundos con el tiempo. El uso de un relleno d\u00e9rmico para los canales de l\u00e1grimas es un m\u00e9todo de tratamiento r\u00e1pido y popular que evita la cirug\u00eda invasiva para reposicionar las bolsas de grasa debajo del ojo.<\/p>\n<p>El Dr. Dayan es un experto cirujano pl\u00e1stico est\u00e9tico y reconstructivo con amplia experiencia en el uso de rellenos para los surcos lagrimales y otras mejoras faciales. De hecho, a menudo combina varios tratamientos inyectables m\u00ednimamente invasivos para completar una apariencia m\u00e1s joven que puede durar de 1 a 2 a\u00f1os antes de que sea necesario un retoque. El tratamiento de p\u00e1rpados no quir\u00fargico a menudo se combina con estiramientos de mejillas no quir\u00fargicos, rinoplastia no quir\u00fargica y un mini estiramiento facial.<\/p>\n<p>Puede preguntarle al Dr. Dayan sobre el uso de rellenos para los desgarros y otros tratamientos cosm\u00e9ticos y reconstructivos cuando programe una consulta en el Instituto de Cirug\u00eda Pl\u00e1stica Avance en Reno\/Tahoe, NV. Durante su consulta, tendr\u00e1 la oportunidad de discutir sus objetivos y deseos est\u00e9ticos faciales y recibir informaci\u00f3n sobre los tratamientos que recomienda el Dr. Dayan. <a title=\"P\u00f3ngase en contacto con el Instituto de Cirug\u00eda Pl\u00e1stica Avance en Reno NV\" href=\"https:\/\/www.avanceplasticsurgery.com\/es\/contact-us-dr-erez-dayan\/\">P\u00f3ngase en contacto con nuestra oficina<\/a> hoy para programar una consulta.<\/p>\n","protected":false},"excerpt":{"rendered":"<p>Tratamiento de P\u00e1rpados No Quir\u00fargico Se dice que los ojos son la puerta de entrada al alma. Ciertamente son&hellip;<\/p>\n","protected":false},"author":1,"featured_media":0,"parent":8946,"menu_order":0,"comment_status":"closed","ping_status":"closed","template":"","meta":{"_acf_changed":false,"footnotes":""},"class_list":["post-8944","page","type-page","status-publish"],"acf":[],"yoast_head":"<!-- This site is optimized with the Yoast SEO plugin v25.6 - https:\/\/yoast.com\/wordpress\/plugins\/seo\/ -->\n<title>Tratamiento de p\u00e1rpados Reno NV | Rellenos de Lake Tahoe para canaletas de l\u00e1grimas<\/title>\n<meta name=\"description\" content=\"El tratamiento de p\u00e1rpados no quir\u00fargico es una forma r\u00e1pida y m\u00ednimamente invasiva de rejuvenecer la apariencia de sus ojos, borrando las l\u00e1grimas profundas que lo hacen parecer mayor. El Dr. Dayan ofrece rellenos para desgarros en el Instituto de Cirug\u00eda Pl\u00e1stica Avance en Reno, NV.\" \/>\n<meta name=\"robots\" content=\"index, follow, max-snippet:-1, max-image-preview:large, max-video-preview:-1\" \/>\n<link rel=\"canonical\" href=\"https:\/\/www.avanceplasticsurgery.com\/es\/procedimientos-cosmeticos-y-de-cirugia\/tratamientos-de-relleno-facial-y-dermico\/parpados-lagrimales\/\" \/>\n<meta property=\"og:locale\" content=\"es_ES\" \/>\n<meta property=\"og:type\" content=\"article\" \/>\n<meta property=\"og:title\" content=\"Tratamiento de p\u00e1rpados Reno NV | Rellenos de Lake Tahoe para canaletas de l\u00e1grimas\" \/>\n<meta property=\"og:description\" content=\"El tratamiento de p\u00e1rpados no quir\u00fargico es una forma r\u00e1pida y m\u00ednimamente invasiva de rejuvenecer la apariencia de sus ojos, borrando las l\u00e1grimas profundas que lo hacen parecer mayor. El Dr. Dayan ofrece rellenos para desgarros en el Instituto de Cirug\u00eda Pl\u00e1stica Avance en Reno, NV.\" \/>\n<meta property=\"og:url\" content=\"https:\/\/www.avanceplasticsurgery.com\/es\/procedimientos-cosmeticos-y-de-cirugia\/tratamientos-de-relleno-facial-y-dermico\/parpados-lagrimales\/\" \/>\n<meta property=\"og:site_name\" content=\"Avance Plastic Surgery\" \/>\n<meta property=\"article:modified_time\" content=\"2022-04-25T12:49:20+00:00\" \/>\n<meta name=\"twitter:card\" content=\"summary_large_image\" \/>\n<meta name=\"twitter:label1\" content=\"Tiempo de lectura\" \/>\n\t<meta name=\"twitter:data1\" content=\"2 minutos\" \/>\n<!-- \/ Yoast SEO plugin. -->","yoast_head_json":{"title":"Tratamiento de p\u00e1rpados Reno NV | Rellenos de Lake Tahoe para canaletas de l\u00e1grimas","description":"El tratamiento de p\u00e1rpados no quir\u00fargico es una forma r\u00e1pida y m\u00ednimamente invasiva de rejuvenecer la apariencia de sus ojos, borrando las l\u00e1grimas profundas que lo hacen parecer mayor. El Dr. Dayan ofrece rellenos para desgarros en el Instituto de Cirug\u00eda Pl\u00e1stica Avance en Reno, NV.","robots":{"index":"index","follow":"follow","max-snippet":"max-snippet:-1","max-image-preview":"max-image-preview:large","max-video-preview":"max-video-preview:-1"},"canonical":"https:\/\/www.avanceplasticsurgery.com\/es\/procedimientos-cosmeticos-y-de-cirugia\/tratamientos-de-relleno-facial-y-dermico\/parpados-lagrimales\/","og_locale":"es_ES","og_type":"article","og_title":"Tratamiento de p\u00e1rpados Reno NV | Rellenos de Lake Tahoe para canaletas de l\u00e1grimas","og_description":"El tratamiento de p\u00e1rpados no quir\u00fargico es una forma r\u00e1pida y m\u00ednimamente invasiva de rejuvenecer la apariencia de sus ojos, borrando las l\u00e1grimas profundas que lo hacen parecer mayor. El Dr. Dayan ofrece rellenos para desgarros en el Instituto de Cirug\u00eda Pl\u00e1stica Avance en Reno, NV.","og_url":"https:\/\/www.avanceplasticsurgery.com\/es\/procedimientos-cosmeticos-y-de-cirugia\/tratamientos-de-relleno-facial-y-dermico\/parpados-lagrimales\/","og_site_name":"Avance Plastic Surgery","article_modified_time":"2022-04-25T12:49:20+00:00","twitter_card":"summary_large_image","twitter_misc":{"Tiempo de lectura":"2 minutos"},"schema":{"@context":"https:\/\/schema.org","@graph":[{"@type":"WebPage","@id":"https:\/\/www.avanceplasticsurgery.com\/es\/procedimientos-cosmeticos-y-de-cirugia\/tratamientos-de-relleno-facial-y-dermico\/parpados-lagrimales\/","url":"https:\/\/www.avanceplasticsurgery.com\/es\/procedimientos-cosmeticos-y-de-cirugia\/tratamientos-de-relleno-facial-y-dermico\/parpados-lagrimales\/","name":"Tratamiento de p\u00e1rpados Reno NV | Rellenos de Lake Tahoe para canaletas de l\u00e1grimas","isPartOf":{"@id":"https:\/\/www.avanceplasticsurgery.com\/es\/#website"},"datePublished":"2020-09-16T07:21:39+00:00","dateModified":"2022-04-25T12:49:20+00:00","description":"El tratamiento de p\u00e1rpados no quir\u00fargico es una forma r\u00e1pida y m\u00ednimamente invasiva de rejuvenecer la apariencia de sus ojos, borrando las l\u00e1grimas profundas que lo hacen parecer mayor. El Dr. Dayan ofrece rellenos para desgarros en el Instituto de Cirug\u00eda Pl\u00e1stica Avance en Reno, NV.","breadcrumb":{"@id":"https:\/\/www.avanceplasticsurgery.com\/es\/procedimientos-cosmeticos-y-de-cirugia\/tratamientos-de-relleno-facial-y-dermico\/parpados-lagrimales\/#breadcrumb"},"inLanguage":"es","potentialAction":[{"@type":"ReadAction","target":["https:\/\/www.avanceplasticsurgery.com\/es\/procedimientos-cosmeticos-y-de-cirugia\/tratamientos-de-relleno-facial-y-dermico\/parpados-lagrimales\/"]}]},{"@type":"BreadcrumbList","@id":"https:\/\/www.avanceplasticsurgery.com\/es\/procedimientos-cosmeticos-y-de-cirugia\/tratamientos-de-relleno-facial-y-dermico\/parpados-lagrimales\/#breadcrumb","itemListElement":[{"@type":"ListItem","position":1,"name":"Home","item":"https:\/\/www.avanceplasticsurgery.com\/es\/"},{"@type":"ListItem","position":2,"name":"Cosm\u00e9tica","item":"https:\/\/www.avanceplasticsurgery.com\/es\/procedimientos-cosmeticos-y-de-cirugia\/"},{"@type":"ListItem","position":3,"name":"Tratamientos de relleno facial y d\u00e9rmico","item":"https:\/\/www.avanceplasticsurgery.com\/es\/procedimientos-cosmeticos-y-de-cirugia\/tratamientos-de-relleno-facial-y-dermico\/"},{"@type":"ListItem","position":4,"name":"P\u00e1rpados\/Lagrimales"}]},{"@type":"WebSite","@id":"https:\/\/www.avanceplasticsurgery.com\/es\/#website","url":"https:\/\/www.avanceplasticsurgery.com\/es\/","name":"Avance Plastic Surgery","description":"","potentialAction":[{"@type":"SearchAction","target":{"@type":"EntryPoint","urlTemplate":"https:\/\/www.avanceplasticsurgery.com\/es\/?s={search_term_string}"},"query-input":{"@type":"PropertyValueSpecification","valueRequired":true,"valueName":"search_term_string"}}],"inLanguage":"es"}]}},"_links":{"self":[{"href":"https:\/\/www.avanceplasticsurgery.com\/es\/wp-json\/wp\/v2\/pages\/8944","targetHints":{"allow":["GET"]}}],"collection":[{"href":"https:\/\/www.avanceplasticsurgery.com\/es\/wp-json\/wp\/v2\/pages"}],"about":[{"href":"https:\/\/www.avanceplasticsurgery.com\/es\/wp-json\/wp\/v2\/types\/page"}],"author":[{"embeddable":true,"href":"https:\/\/www.avanceplasticsurgery.com\/es\/wp-json\/wp\/v2\/users\/1"}],"replies":[{"embeddable":true,"href":"https:\/\/www.avanceplasticsurgery.com\/es\/wp-json\/wp\/v2\/comments?post=8944"}],"version-history":[{"count":1,"href":"https:\/\/www.avanceplasticsurgery.com\/es\/wp-json\/wp\/v2\/pages\/8944\/revisions"}],"predecessor-version":[{"id":9284,"href":"https:\/\/www.avanceplasticsurgery.com\/es\/wp-json\/wp\/v2\/pages\/8944\/revisions\/9284"}],"up":[{"embeddable":true,"href":"https:\/\/www.avanceplasticsurgery.com\/es\/wp-json\/wp\/v2\/pages\/8946"}],"wp:attachment":[{"href":"https:\/\/www.avanceplasticsurgery.com\/es\/wp-json\/wp\/v2\/media?parent=8944"}],"curies":[{"name":"wp","href":"https:\/\/api.w.org\/{rel}","templated":true}]}}