{"id":8945,"date":"2020-09-16T07:20:12","date_gmt":"2020-09-16T07:20:12","guid":{"rendered":"https:\/\/www.avanceplasticsurgery.com\/mejora-de-menton\/"},"modified":"2022-04-25T12:49:08","modified_gmt":"2022-04-25T12:49:08","slug":"mejora-de-menton","status":"publish","type":"page","link":"https:\/\/www.avanceplasticsurgery.com\/es\/procedimientos-cosmeticos-y-de-cirugia\/tratamientos-de-relleno-facial-y-dermico\/mejora-de-menton\/","title":{"rendered":"Mejora de ment\u00f3n"},"content":{"rendered":"<h1>Mejora de Ment\u00f3n No Quir\u00fargico<\/h1>\n<p>El ment\u00f3n es una caracter\u00edstica \u00f3sea prominente que ancla toda la est\u00e9tica facial. Ya sea que no est\u00e9 satisfecho con su ment\u00f3n natural o que el envejecimiento haya causado cambios que le hagan desear una remodelaci\u00f3n, hay ayuda disponible sin los riesgos o la recuperaci\u00f3n de la cirug\u00eda pl\u00e1stica. El Dr. Erez Dayan ofrece mejoras de ment\u00f3n no quir\u00fargicas en el Instituto de Cirug\u00eda Pl\u00e1stica Avance en Reno\/Tahoe, NV.<\/p>\n<p>El realce de ment\u00f3n no quir\u00fargico busca realizar numerosos cambios en la apariencia de su ment\u00f3n a trav\u00e9s de <a title=\"Reno NV Rellenos faciales Inyecciones d\u00e9rmicas\" href=\"https:\/\/www.avanceplasticsurgery.com\/es\/cosmetic-and-surgery-procedures\/facial-dermal-filler-treatments\/\">inyectables faciales m\u00ednimamente invasivos<\/a> . Agregue volumen o definici\u00f3n, remodele o realice otros cambios deseados en su ment\u00f3n para una apariencia nueva, m\u00e1s joven o m\u00e1s madura. Diferentes pacientes desean una variedad de cambios, y la mejora del ment\u00f3n no quir\u00fargica puede ser la respuesta a sus necesidades.<\/p>\n<p>El Dr. Dayan es un cirujano pl\u00e1stico est\u00e9tico y reconstructivo calificado con un conocimiento complejo de la anatom\u00eda facial y la mejora est\u00e9tica. \u00c9l est\u00e1 bien versado en t\u00e9cnicas y tratamientos inyectables m\u00ednimamente invasivos que producir\u00e1n los cambios que desea, de forma natural y segura. Tambi\u00e9n puede combinar una mejora de ment\u00f3n no quir\u00fargica con otros procedimientos cosm\u00e9ticos, como un estiramiento facial y\/o de cuello no quir\u00fargico.<\/p>\n<h2>Aumento de Ment\u00f3n L\u00edquido<\/h2>\n<p>El aumento de ment\u00f3n l\u00edquido con una variedad de rellenos d\u00e9rmicos le permite al Dr. Dayan recontornear su ment\u00f3n en casi cualquier forma y tama\u00f1o, creando un atractivo est\u00e9tico agradable que mejora toda la apariencia de su rostro. Se utilizan diferentes productos inyectables para varios cambios, cada uno especialmente formulado para obtener el mejor resultado posible.<\/p>\n<p>El Dr. Dayan es un experto en el uso de una amplia variedad de rellenos d\u00e9rmicos e inyectables para el aumento de ment\u00f3n l\u00edquido para lograr el aspecto perfecto. Una combinaci\u00f3n de neurotoxinas y rellenos d\u00e9rmicos aplicados en dosis precisas y en ubicaciones exactas en y alrededor de la barbilla puede producir resultados duraderos. Nadie tiene que saber que te has hecho mejoras cosm\u00e9ticas.<\/p>\n<p>El aumento de ment\u00f3n l\u00edquido se realiza en la oficina de Reno\/Tahoe del Instituto de Cirug\u00eda Pl\u00e1stica Avance y generalmente toma alrededor de una hora. Volver\u00e1 a casa el mismo d\u00eda y los cambios se notar\u00e1n de inmediato. Es de esperar algo de hinchaz\u00f3n, pero se desvanecer\u00e1 r\u00e1pidamente. El Dr. Dayan generalmente recomienda que los pacientes se abstengan de realizar actividades extenuantes durante al menos 24 horas despu\u00e9s del aumento de ment\u00f3n l\u00edquido.<\/p>\n<p><a title=\"P\u00f3ngase en contacto con el Instituto de Cirug\u00eda Pl\u00e1stica Avance en Reno NV\" href=\"https:\/\/www.avanceplasticsurgery.com\/es\/contact-us-dr-erez-dayan\/\">Comun\u00edquese con el Instituto de Cirug\u00eda Pl\u00e1stica Avance<\/a> hoy mismo para programar una consulta para analizar la mejora del ment\u00f3n no quir\u00fargica y c\u00f3mo este procedimiento m\u00ednimamente invasivo puede brindarle una nueva apariencia.<\/p>\n","protected":false},"excerpt":{"rendered":"<p>Mejora de Ment\u00f3n No Quir\u00fargico El ment\u00f3n es una caracter\u00edstica \u00f3sea prominente que ancla toda la est\u00e9tica facial. Ya&hellip;<\/p>\n","protected":false},"author":1,"featured_media":0,"parent":8946,"menu_order":0,"comment_status":"closed","ping_status":"closed","template":"","meta":{"_acf_changed":false,"footnotes":""},"class_list":["post-8945","page","type-page","status-publish"],"acf":[],"yoast_head":"<!-- This site is optimized with the Yoast SEO plugin v27.4 - https:\/\/yoast.com\/product\/yoast-seo-wordpress\/ -->\n<title>Mejora de ment\u00f3n no quir\u00fargica Reno NV | Aumento de ment\u00f3n l\u00edquido de Lake Tahoe<\/title>\n<meta name=\"description\" content=\"El realce de ment\u00f3n no quir\u00fargico es una manera perfecta de crear ese aspecto facial que siempre ha deseado. El aumento de ment\u00f3n l\u00edquido puede agregar volumen y remodelar su ment\u00f3n para una apariencia m\u00e1s atractiva. Llame al Instituto de Cirug\u00eda Pl\u00e1stica Avance en Reno para una consulta.\" \/>\n<meta name=\"robots\" content=\"index, follow, max-snippet:-1, max-image-preview:large, max-video-preview:-1\" \/>\n<link rel=\"canonical\" href=\"https:\/\/www.avanceplasticsurgery.com\/es\/procedimientos-cosmeticos-y-de-cirugia\/tratamientos-de-relleno-facial-y-dermico\/mejora-de-menton\/\" \/>\n<meta property=\"og:locale\" content=\"es_ES\" \/>\n<meta property=\"og:type\" content=\"article\" \/>\n<meta property=\"og:title\" content=\"Mejora de ment\u00f3n no quir\u00fargica Reno NV | Aumento de ment\u00f3n l\u00edquido de Lake Tahoe\" \/>\n<meta property=\"og:description\" content=\"El realce de ment\u00f3n no quir\u00fargico es una manera perfecta de crear ese aspecto facial que siempre ha deseado. El aumento de ment\u00f3n l\u00edquido puede agregar volumen y remodelar su ment\u00f3n para una apariencia m\u00e1s atractiva. Llame al Instituto de Cirug\u00eda Pl\u00e1stica Avance en Reno para una consulta.\" \/>\n<meta property=\"og:url\" content=\"https:\/\/www.avanceplasticsurgery.com\/es\/procedimientos-cosmeticos-y-de-cirugia\/tratamientos-de-relleno-facial-y-dermico\/mejora-de-menton\/\" \/>\n<meta property=\"og:site_name\" content=\"Avance Plastic Surgery\" \/>\n<meta property=\"article:modified_time\" content=\"2022-04-25T12:49:08+00:00\" \/>\n<meta name=\"twitter:card\" content=\"summary_large_image\" \/>\n<meta name=\"twitter:label1\" content=\"Tiempo de lectura\" \/>\n\t<meta name=\"twitter:data1\" content=\"3 minutos\" \/>\n<!-- \/ Yoast SEO plugin. -->","yoast_head_json":{"title":"Mejora de ment\u00f3n no quir\u00fargica Reno NV | Aumento de ment\u00f3n l\u00edquido de Lake Tahoe","description":"El realce de ment\u00f3n no quir\u00fargico es una manera perfecta de crear ese aspecto facial que siempre ha deseado. El aumento de ment\u00f3n l\u00edquido puede agregar volumen y remodelar su ment\u00f3n para una apariencia m\u00e1s atractiva. Llame al Instituto de Cirug\u00eda Pl\u00e1stica Avance en Reno para una consulta.","robots":{"index":"index","follow":"follow","max-snippet":"max-snippet:-1","max-image-preview":"max-image-preview:large","max-video-preview":"max-video-preview:-1"},"canonical":"https:\/\/www.avanceplasticsurgery.com\/es\/procedimientos-cosmeticos-y-de-cirugia\/tratamientos-de-relleno-facial-y-dermico\/mejora-de-menton\/","og_locale":"es_ES","og_type":"article","og_title":"Mejora de ment\u00f3n no quir\u00fargica Reno NV | Aumento de ment\u00f3n l\u00edquido de Lake Tahoe","og_description":"El realce de ment\u00f3n no quir\u00fargico es una manera perfecta de crear ese aspecto facial que siempre ha deseado. El aumento de ment\u00f3n l\u00edquido puede agregar volumen y remodelar su ment\u00f3n para una apariencia m\u00e1s atractiva. Llame al Instituto de Cirug\u00eda Pl\u00e1stica Avance en Reno para una consulta.","og_url":"https:\/\/www.avanceplasticsurgery.com\/es\/procedimientos-cosmeticos-y-de-cirugia\/tratamientos-de-relleno-facial-y-dermico\/mejora-de-menton\/","og_site_name":"Avance Plastic Surgery","article_modified_time":"2022-04-25T12:49:08+00:00","twitter_card":"summary_large_image","twitter_misc":{"Tiempo de lectura":"3 minutos"},"schema":{"@context":"https:\/\/schema.org","@graph":[{"@type":"WebPage","@id":"https:\/\/www.avanceplasticsurgery.com\/es\/procedimientos-cosmeticos-y-de-cirugia\/tratamientos-de-relleno-facial-y-dermico\/mejora-de-menton\/","url":"https:\/\/www.avanceplasticsurgery.com\/es\/procedimientos-cosmeticos-y-de-cirugia\/tratamientos-de-relleno-facial-y-dermico\/mejora-de-menton\/","name":"Mejora de ment\u00f3n no quir\u00fargica Reno NV | Aumento de ment\u00f3n l\u00edquido de Lake Tahoe","isPartOf":{"@id":"https:\/\/www.avanceplasticsurgery.com\/es\/#website"},"datePublished":"2020-09-16T07:20:12+00:00","dateModified":"2022-04-25T12:49:08+00:00","description":"El realce de ment\u00f3n no quir\u00fargico es una manera perfecta de crear ese aspecto facial que siempre ha deseado. El aumento de ment\u00f3n l\u00edquido puede agregar volumen y remodelar su ment\u00f3n para una apariencia m\u00e1s atractiva. Llame al Instituto de Cirug\u00eda Pl\u00e1stica Avance en Reno para una consulta.","breadcrumb":{"@id":"https:\/\/www.avanceplasticsurgery.com\/es\/procedimientos-cosmeticos-y-de-cirugia\/tratamientos-de-relleno-facial-y-dermico\/mejora-de-menton\/#breadcrumb"},"inLanguage":"es","potentialAction":[{"@type":"ReadAction","target":["https:\/\/www.avanceplasticsurgery.com\/es\/procedimientos-cosmeticos-y-de-cirugia\/tratamientos-de-relleno-facial-y-dermico\/mejora-de-menton\/"]}]},{"@type":"BreadcrumbList","@id":"https:\/\/www.avanceplasticsurgery.com\/es\/procedimientos-cosmeticos-y-de-cirugia\/tratamientos-de-relleno-facial-y-dermico\/mejora-de-menton\/#breadcrumb","itemListElement":[{"@type":"ListItem","position":1,"name":"Home","item":"https:\/\/www.avanceplasticsurgery.com\/es\/"},{"@type":"ListItem","position":2,"name":"Cosm\u00e9tica","item":"https:\/\/www.avanceplasticsurgery.com\/es\/procedimientos-cosmeticos-y-de-cirugia\/"},{"@type":"ListItem","position":3,"name":"Tratamientos de relleno facial y d\u00e9rmico","item":"https:\/\/www.avanceplasticsurgery.com\/es\/procedimientos-cosmeticos-y-de-cirugia\/tratamientos-de-relleno-facial-y-dermico\/"},{"@type":"ListItem","position":4,"name":"Mejora de ment\u00f3n"}]},{"@type":"WebSite","@id":"https:\/\/www.avanceplasticsurgery.com\/es\/#website","url":"https:\/\/www.avanceplasticsurgery.com\/es\/","name":"Avance Plastic Surgery","description":"","potentialAction":[{"@type":"SearchAction","target":{"@type":"EntryPoint","urlTemplate":"https:\/\/www.avanceplasticsurgery.com\/es\/?s={search_term_string}"},"query-input":{"@type":"PropertyValueSpecification","valueRequired":true,"valueName":"search_term_string"}}],"inLanguage":"es"}]}},"_links":{"self":[{"href":"https:\/\/www.avanceplasticsurgery.com\/es\/wp-json\/wp\/v2\/pages\/8945","targetHints":{"allow":["GET"]}}],"collection":[{"href":"https:\/\/www.avanceplasticsurgery.com\/es\/wp-json\/wp\/v2\/pages"}],"about":[{"href":"https:\/\/www.avanceplasticsurgery.com\/es\/wp-json\/wp\/v2\/types\/page"}],"author":[{"embeddable":true,"href":"https:\/\/www.avanceplasticsurgery.com\/es\/wp-json\/wp\/v2\/users\/1"}],"replies":[{"embeddable":true,"href":"https:\/\/www.avanceplasticsurgery.com\/es\/wp-json\/wp\/v2\/comments?post=8945"}],"version-history":[{"count":1,"href":"https:\/\/www.avanceplasticsurgery.com\/es\/wp-json\/wp\/v2\/pages\/8945\/revisions"}],"predecessor-version":[{"id":9283,"href":"https:\/\/www.avanceplasticsurgery.com\/es\/wp-json\/wp\/v2\/pages\/8945\/revisions\/9283"}],"up":[{"embeddable":true,"href":"https:\/\/www.avanceplasticsurgery.com\/es\/wp-json\/wp\/v2\/pages\/8946"}],"wp:attachment":[{"href":"https:\/\/www.avanceplasticsurgery.com\/es\/wp-json\/wp\/v2\/media?parent=8945"}],"curies":[{"name":"wp","href":"https:\/\/api.w.org\/{rel}","templated":true}]}}