{"id":8946,"date":"2020-09-16T07:17:50","date_gmt":"2020-09-16T07:17:50","guid":{"rendered":"https:\/\/www.avanceplasticsurgery.com\/procedimientos-cosmeticos-y-de-cirugia\/tratamientos-de-relleno-facial-y-dermico\/"},"modified":"2022-04-25T12:47:54","modified_gmt":"2022-04-25T12:47:54","slug":"tratamientos-de-relleno-facial-y-dermico","status":"publish","type":"page","link":"https:\/\/www.avanceplasticsurgery.com\/es\/procedimientos-cosmeticos-y-de-cirugia\/tratamientos-de-relleno-facial-y-dermico\/","title":{"rendered":"Tratamientos de relleno facial y d\u00e9rmico"},"content":{"rendered":"<h1>Rellenos faciales e inyecciones d\u00e9rmicas<\/h1>\n<p>Los rellenos faciales y las inyecciones d\u00e9rmicas son tratamientos populares para el rejuvenecimiento facial sin cirug\u00eda. Estos tratamientos m\u00ednimamente invasivos son m\u00e1s seguros y vers\u00e1tiles que nunca. El Dr. Erez Dayan sabe que <a title=\"Reno NV Cirug\u00eda Est\u00e9tica Facial\" href=\"https:\/\/www.avanceplasticsurgery.com\/es\/cosmetic-and-surgery-procedures\/\">la cirug\u00eda pl\u00e1stica<\/a> no es necesaria para todos. Muchos pacientes pueden combatir el envejecimiento con rellenos faciales e inyecciones d\u00e9rmicas.<\/p>\n<p>En el Instituto de Cirug\u00eda Pl\u00e1stica Avance en Reno\/Tahoe, NV, el Dr. Dayan ofrece una gran cantidad de rellenos faciales e inyecciones d\u00e9rmicas que pueden marcar una diferencia sorprendente en su apariencia. \u00bfTienes l\u00edneas grabadas en tu cara? No hay problema. \u00bfTus cejas caen o se hunden? Te tenemos cubierto. \u00bfTus labios se han aplanado y perdido volumen con el tiempo? Hay una soluci\u00f3n para eso. \u00bfSiempre has deseado poder hacer algo con tu nariz? \u00a1Puede!<\/p>\n<p>Los rellenos faciales y las inyecciones d\u00e9rmicas son la manera r\u00e1pida y f\u00e1cil de rejuvenecer su apariencia facial al abordar las \u00e1reas problem\u00e1ticas sin cirug\u00eda. Los inyectables modernos duran m\u00e1s que nunca. Los tratamientos repetidos son necesarios, y nadie puede decir que est\u00e1s enga\u00f1ando al Padre Tiempo, solo sabr\u00e1n que te ves genial.<\/p>\n<h2>Mejoras cosm\u00e9ticas faciales m\u00ednimamente invasivas<\/h2>\n<p>Muchos pacientes que acuden al Instituto de Cirug\u00eda Pl\u00e1stica Avance para una mejora cosm\u00e9tica se sorprenden de cu\u00e1ntos procedimientos pueden ofrecer rejuvenecimiento facial sin cirug\u00eda. Usando mejoras cosm\u00e9ticas faciales m\u00ednimamente invasivas, el Dr. Dayan puede ofrecer corregir o realizar:<\/p>\n<nav class=\"flc-submenu\" aria-label=\"sub menu\"><ul><li class=\"page_item page-item-8943\"><a href=\"https:\/\/www.avanceplasticsurgery.com\/es\/procedimientos-cosmeticos-y-de-cirugia\/tratamientos-de-relleno-facial-y-dermico\/linea-inferior-de-la-mejilla-mandibula\/\">L\u00ednea inferior de la mejilla\/mand\u00edbula<\/a><\/li>\n<li class=\"page_item page-item-8940\"><a href=\"https:\/\/www.avanceplasticsurgery.com\/es\/procedimientos-cosmeticos-y-de-cirugia\/tratamientos-de-relleno-facial-y-dermico\/lineas-de-marionetas\/\">L\u00edneas de marionetas<\/a><\/li>\n<li class=\"page_item page-item-8945\"><a href=\"https:\/\/www.avanceplasticsurgery.com\/es\/procedimientos-cosmeticos-y-de-cirugia\/tratamientos-de-relleno-facial-y-dermico\/mejora-de-menton\/\">Mejora de ment\u00f3n<\/a><\/li>\n<li class=\"page_item page-item-8944\"><a href=\"https:\/\/www.avanceplasticsurgery.com\/es\/procedimientos-cosmeticos-y-de-cirugia\/tratamientos-de-relleno-facial-y-dermico\/parpados-lagrimales\/\">P\u00e1rpados\/Lagrimales<\/a><\/li>\n<li class=\"page_item page-item-8937\"><a href=\"https:\/\/www.avanceplasticsurgery.com\/es\/procedimientos-cosmeticos-y-de-cirugia\/tratamientos-de-relleno-facial-y-dermico\/parte-superior-de-la-mejilla-parte-media-de-la-cara\/\">Parte superior de la mejilla\/parte media de la cara<\/a><\/li>\n<li class=\"page_item page-item-8939\"><a href=\"https:\/\/www.avanceplasticsurgery.com\/es\/procedimientos-cosmeticos-y-de-cirugia\/tratamientos-de-relleno-facial-y-dermico\/pliegues-nasolabiales\/\">Pliegues nasolabiales<\/a><\/li>\n<li class=\"page_item page-item-8942\"><a href=\"https:\/\/www.avanceplasticsurgery.com\/es\/procedimientos-cosmeticos-y-de-cirugia\/tratamientos-de-relleno-facial-y-dermico\/realce-de-labios\/\">Realce de labios<\/a><\/li>\n<li class=\"page_item page-item-8938\"><a href=\"https:\/\/www.avanceplasticsurgery.com\/es\/procedimientos-cosmeticos-y-de-cirugia\/tratamientos-de-relleno-facial-y-dermico\/templos\/\">templos<\/a><\/li>\n<li class=\"page_item page-item-8936\"><a href=\"https:\/\/www.avanceplasticsurgery.com\/es\/procedimientos-cosmeticos-y-de-cirugia\/tratamientos-de-relleno-facial-y-dermico\/tratamiento-de-arrugas\/\">Tratamiento de Arrugas<\/a><\/li>\n<\/ul><\/nav>\n<p>Desde la parte inferior de la cara hasta la parte superior y de oreja a oreja, el Dr. Dayan y su equipo de est\u00e9tica pueden rejuvenecer por completo su apariencia y devolverle su apariencia juvenil. Muchos pacientes optan por<br \/>\ncomience temprano antes de que el envejecimiento haga demasiadas marcas y reciba mejoras cosm\u00e9ticas faciales para retardar los efectos.<\/p>\n<p><a title=\"P\u00f3ngase en contacto con el Instituto de Cirug\u00eda Pl\u00e1stica Avance en Reno NV\" href=\"https:\/\/www.avanceplasticsurgery.com\/es\/contact-us-dr-erez-dayan\/\">Comun\u00edquese con el Instituto de Cirug\u00eda Pl\u00e1stica Avance<\/a> en Reno\/Tahoe, NV, para programar una consulta con el Dr. Dayan y su equipo para obtener m\u00e1s informaci\u00f3n sobre las mejoras cosm\u00e9ticas faciales m\u00ednimamente invasivas y c\u00f3mo pueden ayudarlo a verse y sentirse mejor.<\/p>\n<p>El Dr. Erez Dayan ha realizado una extensa investigaci\u00f3n sobre est\u00e9tica facial y resultados cosm\u00e9ticos excepcionales. Lea m\u00e1s sobre la investigaci\u00f3n de est\u00e9tica facial del Dr. Dayan <a href=\"https:\/\/www.avanceplasticsurgery.com\/about-avance-plastic-surgery-institute\/research\/#facial-aesthetics\">aqu\u00ed<\/a> .<\/p>\n","protected":false},"excerpt":{"rendered":"<p>Rellenos faciales e inyecciones d\u00e9rmicas Los rellenos faciales y las inyecciones d\u00e9rmicas son tratamientos populares para el rejuvenecimiento facial&hellip;<\/p>\n","protected":false},"author":1,"featured_media":8582,"parent":8804,"menu_order":0,"comment_status":"closed","ping_status":"closed","template":"","meta":{"_acf_changed":false,"footnotes":""},"class_list":["post-8946","page","type-page","status-publish","has-post-thumbnail"],"acf":[],"yoast_head":"<!-- This site is optimized with the Yoast SEO plugin v27.4 - https:\/\/yoast.com\/product\/yoast-seo-wordpress\/ -->\n<title>Reno NV Rellenos faciales Inyecciones d\u00e9rmicas | Rellenos de labios del lago Tahoe<\/title>\n<meta name=\"description\" content=\"Los tratamientos faciales d\u00e9rmicos y de relleno pueden hacer una cantidad sorprendente de cambios en su apariencia facial sin necesidad de una cirug\u00eda invasiva. El Dr. Dayan ofrece una gran cantidad de mejoras cosm\u00e9ticas faciales no invasivas en el Instituto de Cirug\u00eda Pl\u00e1stica Avance en Reno, NV.\" \/>\n<meta name=\"robots\" content=\"index, follow, max-snippet:-1, max-image-preview:large, max-video-preview:-1\" \/>\n<link rel=\"canonical\" href=\"https:\/\/www.avanceplasticsurgery.com\/es\/procedimientos-cosmeticos-y-de-cirugia\/tratamientos-de-relleno-facial-y-dermico\/\" \/>\n<meta property=\"og:locale\" content=\"es_ES\" \/>\n<meta property=\"og:type\" content=\"article\" \/>\n<meta property=\"og:title\" content=\"Reno NV Rellenos faciales Inyecciones d\u00e9rmicas | Rellenos de labios del lago Tahoe\" \/>\n<meta property=\"og:description\" content=\"Los tratamientos faciales d\u00e9rmicos y de relleno pueden hacer una cantidad sorprendente de cambios en su apariencia facial sin necesidad de una cirug\u00eda invasiva. El Dr. Dayan ofrece una gran cantidad de mejoras cosm\u00e9ticas faciales no invasivas en el Instituto de Cirug\u00eda Pl\u00e1stica Avance en Reno, NV.\" \/>\n<meta property=\"og:url\" content=\"https:\/\/www.avanceplasticsurgery.com\/es\/procedimientos-cosmeticos-y-de-cirugia\/tratamientos-de-relleno-facial-y-dermico\/\" \/>\n<meta property=\"og:site_name\" content=\"Avance Plastic Surgery\" \/>\n<meta property=\"article:modified_time\" content=\"2022-04-25T12:47:54+00:00\" \/>\n<meta property=\"og:image\" content=\"https:\/\/www.avanceplasticsurgery.com\/wp-content\/uploads\/2022\/01\/fillers.jpg\" \/>\n\t<meta property=\"og:image:width\" content=\"1920\" \/>\n\t<meta property=\"og:image:height\" content=\"595\" \/>\n\t<meta property=\"og:image:type\" content=\"image\/jpeg\" \/>\n<meta name=\"twitter:card\" content=\"summary_large_image\" \/>\n<meta name=\"twitter:label1\" content=\"Tiempo de lectura\" \/>\n\t<meta name=\"twitter:data1\" content=\"2 minutos\" \/>\n<!-- \/ Yoast SEO plugin. -->","yoast_head_json":{"title":"Reno NV Rellenos faciales Inyecciones d\u00e9rmicas | Rellenos de labios del lago Tahoe","description":"Los tratamientos faciales d\u00e9rmicos y de relleno pueden hacer una cantidad sorprendente de cambios en su apariencia facial sin necesidad de una cirug\u00eda invasiva. El Dr. Dayan ofrece una gran cantidad de mejoras cosm\u00e9ticas faciales no invasivas en el Instituto de Cirug\u00eda Pl\u00e1stica Avance en Reno, NV.","robots":{"index":"index","follow":"follow","max-snippet":"max-snippet:-1","max-image-preview":"max-image-preview:large","max-video-preview":"max-video-preview:-1"},"canonical":"https:\/\/www.avanceplasticsurgery.com\/es\/procedimientos-cosmeticos-y-de-cirugia\/tratamientos-de-relleno-facial-y-dermico\/","og_locale":"es_ES","og_type":"article","og_title":"Reno NV Rellenos faciales Inyecciones d\u00e9rmicas | Rellenos de labios del lago Tahoe","og_description":"Los tratamientos faciales d\u00e9rmicos y de relleno pueden hacer una cantidad sorprendente de cambios en su apariencia facial sin necesidad de una cirug\u00eda invasiva. El Dr. Dayan ofrece una gran cantidad de mejoras cosm\u00e9ticas faciales no invasivas en el Instituto de Cirug\u00eda Pl\u00e1stica Avance en Reno, NV.","og_url":"https:\/\/www.avanceplasticsurgery.com\/es\/procedimientos-cosmeticos-y-de-cirugia\/tratamientos-de-relleno-facial-y-dermico\/","og_site_name":"Avance Plastic Surgery","article_modified_time":"2022-04-25T12:47:54+00:00","og_image":[{"width":1920,"height":595,"url":"https:\/\/www.avanceplasticsurgery.com\/wp-content\/uploads\/2022\/01\/fillers.jpg","type":"image\/jpeg"}],"twitter_card":"summary_large_image","twitter_misc":{"Tiempo de lectura":"2 minutos"},"schema":{"@context":"https:\/\/schema.org","@graph":[{"@type":"WebPage","@id":"https:\/\/www.avanceplasticsurgery.com\/es\/procedimientos-cosmeticos-y-de-cirugia\/tratamientos-de-relleno-facial-y-dermico\/","url":"https:\/\/www.avanceplasticsurgery.com\/es\/procedimientos-cosmeticos-y-de-cirugia\/tratamientos-de-relleno-facial-y-dermico\/","name":"Reno NV Rellenos faciales Inyecciones d\u00e9rmicas | Rellenos de labios del lago Tahoe","isPartOf":{"@id":"https:\/\/www.avanceplasticsurgery.com\/es\/#website"},"primaryImageOfPage":{"@id":"https:\/\/www.avanceplasticsurgery.com\/es\/procedimientos-cosmeticos-y-de-cirugia\/tratamientos-de-relleno-facial-y-dermico\/#primaryimage"},"image":{"@id":"https:\/\/www.avanceplasticsurgery.com\/es\/procedimientos-cosmeticos-y-de-cirugia\/tratamientos-de-relleno-facial-y-dermico\/#primaryimage"},"thumbnailUrl":"https:\/\/www.avanceplasticsurgery.com\/wp-content\/uploads\/2022\/01\/fillers.jpg","datePublished":"2020-09-16T07:17:50+00:00","dateModified":"2022-04-25T12:47:54+00:00","description":"Los tratamientos faciales d\u00e9rmicos y de relleno pueden hacer una cantidad sorprendente de cambios en su apariencia facial sin necesidad de una cirug\u00eda invasiva. El Dr. Dayan ofrece una gran cantidad de mejoras cosm\u00e9ticas faciales no invasivas en el Instituto de Cirug\u00eda Pl\u00e1stica Avance en Reno, NV.","breadcrumb":{"@id":"https:\/\/www.avanceplasticsurgery.com\/es\/procedimientos-cosmeticos-y-de-cirugia\/tratamientos-de-relleno-facial-y-dermico\/#breadcrumb"},"inLanguage":"es","potentialAction":[{"@type":"ReadAction","target":["https:\/\/www.avanceplasticsurgery.com\/es\/procedimientos-cosmeticos-y-de-cirugia\/tratamientos-de-relleno-facial-y-dermico\/"]}]},{"@type":"ImageObject","inLanguage":"es","@id":"https:\/\/www.avanceplasticsurgery.com\/es\/procedimientos-cosmeticos-y-de-cirugia\/tratamientos-de-relleno-facial-y-dermico\/#primaryimage","url":"https:\/\/www.avanceplasticsurgery.com\/wp-content\/uploads\/2022\/01\/fillers.jpg","contentUrl":"https:\/\/www.avanceplasticsurgery.com\/wp-content\/uploads\/2022\/01\/fillers.jpg","width":1920,"height":595,"caption":"Un m\u00e9dico con gafas se dispone a inyectar una jeringuilla en la mejilla de una mujer. La mujer tiene el pelo largo y oscuro y una expresi\u00f3n neutra. El fondo es liso y gris claro."},{"@type":"BreadcrumbList","@id":"https:\/\/www.avanceplasticsurgery.com\/es\/procedimientos-cosmeticos-y-de-cirugia\/tratamientos-de-relleno-facial-y-dermico\/#breadcrumb","itemListElement":[{"@type":"ListItem","position":1,"name":"Home","item":"https:\/\/www.avanceplasticsurgery.com\/es\/"},{"@type":"ListItem","position":2,"name":"Cosm\u00e9tica","item":"https:\/\/www.avanceplasticsurgery.com\/es\/procedimientos-cosmeticos-y-de-cirugia\/"},{"@type":"ListItem","position":3,"name":"Tratamientos de relleno facial y d\u00e9rmico"}]},{"@type":"WebSite","@id":"https:\/\/www.avanceplasticsurgery.com\/es\/#website","url":"https:\/\/www.avanceplasticsurgery.com\/es\/","name":"Avance Plastic Surgery","description":"","potentialAction":[{"@type":"SearchAction","target":{"@type":"EntryPoint","urlTemplate":"https:\/\/www.avanceplasticsurgery.com\/es\/?s={search_term_string}"},"query-input":{"@type":"PropertyValueSpecification","valueRequired":true,"valueName":"search_term_string"}}],"inLanguage":"es"}]}},"_links":{"self":[{"href":"https:\/\/www.avanceplasticsurgery.com\/es\/wp-json\/wp\/v2\/pages\/8946","targetHints":{"allow":["GET"]}}],"collection":[{"href":"https:\/\/www.avanceplasticsurgery.com\/es\/wp-json\/wp\/v2\/pages"}],"about":[{"href":"https:\/\/www.avanceplasticsurgery.com\/es\/wp-json\/wp\/v2\/types\/page"}],"author":[{"embeddable":true,"href":"https:\/\/www.avanceplasticsurgery.com\/es\/wp-json\/wp\/v2\/users\/1"}],"replies":[{"embeddable":true,"href":"https:\/\/www.avanceplasticsurgery.com\/es\/wp-json\/wp\/v2\/comments?post=8946"}],"version-history":[{"count":2,"href":"https:\/\/www.avanceplasticsurgery.com\/es\/wp-json\/wp\/v2\/pages\/8946\/revisions"}],"predecessor-version":[{"id":9280,"href":"https:\/\/www.avanceplasticsurgery.com\/es\/wp-json\/wp\/v2\/pages\/8946\/revisions\/9280"}],"up":[{"embeddable":true,"href":"https:\/\/www.avanceplasticsurgery.com\/es\/wp-json\/wp\/v2\/pages\/8804"}],"wp:featuredmedia":[{"embeddable":true,"href":"https:\/\/www.avanceplasticsurgery.com\/es\/wp-json\/wp\/v2\/media\/8582"}],"wp:attachment":[{"href":"https:\/\/www.avanceplasticsurgery.com\/es\/wp-json\/wp\/v2\/media?parent=8946"}],"curies":[{"name":"wp","href":"https:\/\/api.w.org\/{rel}","templated":true}]}}