{"id":8951,"date":"2020-09-16T07:47:57","date_gmt":"2020-09-16T07:47:57","guid":{"rendered":"https:\/\/www.avanceplasticsurgery.com\/procedimientos-cosmeticos-y-de-cirugia\/cirugia-reconstructiva-facial\/traumatismos-faciales\/"},"modified":"2022-04-25T11:54:46","modified_gmt":"2022-04-25T11:54:46","slug":"traumatismos-faciales","status":"publish","type":"page","link":"https:\/\/www.avanceplasticsurgery.com\/es\/procedimientos-cosmeticos-y-de-cirugia\/cirugia-reconstructiva-facial\/traumatismos-faciales\/","title":{"rendered":"Traumatismos faciales"},"content":{"rendered":"<h1>Cirug\u00eda Pl\u00e1stica Est\u00e9tica Traumatismo Facial<\/h1>\n<p>Cualquier lesi\u00f3n o circunstancia que requiera una cirug\u00eda pl\u00e1stica est\u00e9tica de traumatismos faciales implica cuestiones est\u00e9ticas y funcionales complejas. Adem\u00e1s de las reparaciones f\u00edsicas que se deben realizar, existen aspectos psicol\u00f3gicos y emocionales asociados que el paciente debe atender. Si bien estos pueden tardar mucho tiempo en sanar, las reparaciones f\u00edsicas pueden comenzar casi de inmediato. El Dr. Erez Dayan realiza cirug\u00eda pl\u00e1stica cosm\u00e9tica de trauma facial en el Instituto de Cirug\u00eda Pl\u00e1stica Avance en Reno\/Tahoe, NV.<\/p>\n<p>Completar las reparaciones a trav\u00e9s de la cirug\u00eda pl\u00e1stica est\u00e9tica de trauma facial puede ayudar a acelerar el trauma mental y emocional del paciente. Sin embargo, algunas reparaciones pueden requerir una serie de <a title=\"Reno NV Cirug\u00eda Pl\u00e1stica Reconstructiva\" href=\"https:\/\/www.avanceplasticsurgery.com\/es\/cosmetic-and-surgery-procedures\/facial-reconstructive-surgery\/\">cirug\u00edas reconstructivas<\/a> junto con otros especialistas m\u00e9dicos. El Dr. Dayan puede trabajar en cooperaci\u00f3n con varios otros profesionales m\u00e9dicos para realizar cualquier nivel de reconstrucci\u00f3n facial cosm\u00e9tica y funcional.<\/p>\n<p><a href=\"https:\/\/www.youtube.com\/watch?v=UUhHL_5Q4x0\" target=\"_blank\" rel=\"noopener\"><img decoding=\"async\" src=\"https:\/\/www.avanceplasticsurgery.com\/wp-content\/uploads\/2022\/02\/UUhHL_5Q4x0.jpg\" alt=\"Video de YouTube titulado Reno Facial Trauma Reconstruction | Nariz\/Reconstrucci\u00f3n Nasal Lake Tahoe | Cirug\u00eda Pl\u00e1stica Avance\" class=\"img-fluid mb-3 w-100\" \/><\/a><\/p>\n<h2>Reconstrucci\u00f3n de la cara del lago Tahoe<\/h2>\n<p>El rostro es muy visible y es vulnerable a traumatismos por accidentes, deportes o altercados. El delicado equilibrio de los tejidos, m\u00fasculos, tendones y cart\u00edlagos puede sufrir f\u00e1cilmente da\u00f1os que requieran reparaciones extensas. Cuando programe una consulta con el Dr. Dayan para la reconstrucci\u00f3n de la cara, realizar\u00e1 un examen exhaustivo, que probablemente incluir\u00e1 radiograf\u00edas y tomograf\u00edas para determinar el alcance del da\u00f1o.<\/p>\n<p>Tambi\u00e9n revisar\u00e1 su historial m\u00e9dico y su condici\u00f3n actual y consultar\u00e1 con otros especialistas m\u00e9dicos, seg\u00fan sea necesario. Por ejemplo, es posible que necesite los servicios de un cirujano maxilofacial para realizar algunas reparaciones antes de que el Dr. Dayan pueda comenzar. Trabajar\u00e1 con cualquier especialista para garantizar que la reconstrucci\u00f3n de su rostro progrese sin problemas y con rapidez.<\/p>\n<p>La reconstrucci\u00f3n facial es un asunto serio y solo debe realizarse con el cirujano m\u00e1s h\u00e1bil y calificado disponible. El Dr. Erez Dayan recibi\u00f3 su amplia formaci\u00f3n m\u00e9dica en algunas de las escuelas m\u00e1s prestigiosas de los Estados Unidos y ha escrito y dictado conferencias sobre t\u00e9cnicas de cirug\u00eda pl\u00e1stica. Tambi\u00e9n ha demostrado el uso de tecnolog\u00edas est\u00e9ticas avanzadas en todo el mundo.<\/p>\n<p>Cuando necesite cirug\u00eda pl\u00e1stica cosm\u00e9tica y reconstructiva de traumatismo facial en Reno o Lake Tahoe, NV, <a title=\"P\u00f3ngase en contacto con el Instituto de Cirug\u00eda Pl\u00e1stica Avance en Reno NV\" href=\"https:\/\/www.avanceplasticsurgery.com\/es\/contact-us-dr-erez-dayan\/\">comun\u00edquese con Avance Plastic Surgery Institute<\/a> y programe una consulta con el Dr. Dayan.<\/p>\n","protected":false},"excerpt":{"rendered":"<p>Cirug\u00eda Pl\u00e1stica Est\u00e9tica Traumatismo Facial Cualquier lesi\u00f3n o circunstancia que requiera una cirug\u00eda pl\u00e1stica est\u00e9tica de traumatismos faciales implica&hellip;<\/p>\n","protected":false},"author":1,"featured_media":0,"parent":8932,"menu_order":0,"comment_status":"closed","ping_status":"closed","template":"","meta":{"_acf_changed":false,"footnotes":""},"class_list":["post-8951","page","type-page","status-publish"],"acf":[],"yoast_head":"<!-- This site is optimized with the Yoast SEO plugin v25.6 - https:\/\/yoast.com\/wordpress\/plugins\/seo\/ -->\n<title>Reno NV Cirujano pl\u00e1stico de trauma facial | Reconstrucci\u00f3n de la cara del lago Tahoe<\/title>\n<meta name=\"description\" content=\"El trauma facial puede ser devastador y es vital obtener el mejor cirujano posible para su reconstrucci\u00f3n facial. El Dr. Erez Dayan realiza cirug\u00eda pl\u00e1stica cosm\u00e9tica de trauma facial en el Instituto de Cirug\u00eda Pl\u00e1stica Avance en Reno.\" \/>\n<meta name=\"robots\" content=\"index, follow, max-snippet:-1, max-image-preview:large, max-video-preview:-1\" \/>\n<link rel=\"canonical\" href=\"https:\/\/www.avanceplasticsurgery.com\/es\/procedimientos-cosmeticos-y-de-cirugia\/cirugia-reconstructiva-facial\/traumatismos-faciales\/\" \/>\n<meta property=\"og:locale\" content=\"es_ES\" \/>\n<meta property=\"og:type\" content=\"article\" \/>\n<meta property=\"og:title\" content=\"Reno NV Cirujano pl\u00e1stico de trauma facial | Reconstrucci\u00f3n de la cara del lago Tahoe\" \/>\n<meta property=\"og:description\" content=\"El trauma facial puede ser devastador y es vital obtener el mejor cirujano posible para su reconstrucci\u00f3n facial. El Dr. Erez Dayan realiza cirug\u00eda pl\u00e1stica cosm\u00e9tica de trauma facial en el Instituto de Cirug\u00eda Pl\u00e1stica Avance en Reno.\" \/>\n<meta property=\"og:url\" content=\"https:\/\/www.avanceplasticsurgery.com\/es\/procedimientos-cosmeticos-y-de-cirugia\/cirugia-reconstructiva-facial\/traumatismos-faciales\/\" \/>\n<meta property=\"og:site_name\" content=\"Avance Plastic Surgery\" \/>\n<meta property=\"article:modified_time\" content=\"2022-04-25T11:54:46+00:00\" \/>\n<meta property=\"og:image\" content=\"https:\/\/www.avanceplasticsurgery.com\/wp-content\/uploads\/2022\/02\/UUhHL_5Q4x0.jpg\" \/>\n<meta name=\"twitter:card\" content=\"summary_large_image\" \/>\n<meta name=\"twitter:label1\" content=\"Tiempo de lectura\" \/>\n\t<meta name=\"twitter:data1\" content=\"2 minutos\" \/>\n<!-- \/ Yoast SEO plugin. -->","yoast_head_json":{"title":"Reno NV Cirujano pl\u00e1stico de trauma facial | Reconstrucci\u00f3n de la cara del lago Tahoe","description":"El trauma facial puede ser devastador y es vital obtener el mejor cirujano posible para su reconstrucci\u00f3n facial. El Dr. Erez Dayan realiza cirug\u00eda pl\u00e1stica cosm\u00e9tica de trauma facial en el Instituto de Cirug\u00eda Pl\u00e1stica Avance en Reno.","robots":{"index":"index","follow":"follow","max-snippet":"max-snippet:-1","max-image-preview":"max-image-preview:large","max-video-preview":"max-video-preview:-1"},"canonical":"https:\/\/www.avanceplasticsurgery.com\/es\/procedimientos-cosmeticos-y-de-cirugia\/cirugia-reconstructiva-facial\/traumatismos-faciales\/","og_locale":"es_ES","og_type":"article","og_title":"Reno NV Cirujano pl\u00e1stico de trauma facial | Reconstrucci\u00f3n de la cara del lago Tahoe","og_description":"El trauma facial puede ser devastador y es vital obtener el mejor cirujano posible para su reconstrucci\u00f3n facial. El Dr. Erez Dayan realiza cirug\u00eda pl\u00e1stica cosm\u00e9tica de trauma facial en el Instituto de Cirug\u00eda Pl\u00e1stica Avance en Reno.","og_url":"https:\/\/www.avanceplasticsurgery.com\/es\/procedimientos-cosmeticos-y-de-cirugia\/cirugia-reconstructiva-facial\/traumatismos-faciales\/","og_site_name":"Avance Plastic Surgery","article_modified_time":"2022-04-25T11:54:46+00:00","og_image":[{"url":"https:\/\/www.avanceplasticsurgery.com\/wp-content\/uploads\/2022\/02\/UUhHL_5Q4x0.jpg","type":"","width":"","height":""}],"twitter_card":"summary_large_image","twitter_misc":{"Tiempo de lectura":"2 minutos"},"schema":{"@context":"https:\/\/schema.org","@graph":[{"@type":"WebPage","@id":"https:\/\/www.avanceplasticsurgery.com\/es\/procedimientos-cosmeticos-y-de-cirugia\/cirugia-reconstructiva-facial\/traumatismos-faciales\/","url":"https:\/\/www.avanceplasticsurgery.com\/es\/procedimientos-cosmeticos-y-de-cirugia\/cirugia-reconstructiva-facial\/traumatismos-faciales\/","name":"Reno NV Cirujano pl\u00e1stico de trauma facial | Reconstrucci\u00f3n de la cara del lago Tahoe","isPartOf":{"@id":"https:\/\/www.avanceplasticsurgery.com\/es\/#website"},"primaryImageOfPage":{"@id":"https:\/\/www.avanceplasticsurgery.com\/es\/procedimientos-cosmeticos-y-de-cirugia\/cirugia-reconstructiva-facial\/traumatismos-faciales\/#primaryimage"},"image":{"@id":"https:\/\/www.avanceplasticsurgery.com\/es\/procedimientos-cosmeticos-y-de-cirugia\/cirugia-reconstructiva-facial\/traumatismos-faciales\/#primaryimage"},"thumbnailUrl":"https:\/\/www.avanceplasticsurgery.com\/wp-content\/uploads\/2022\/02\/UUhHL_5Q4x0.jpg","datePublished":"2020-09-16T07:47:57+00:00","dateModified":"2022-04-25T11:54:46+00:00","description":"El trauma facial puede ser devastador y es vital obtener el mejor cirujano posible para su reconstrucci\u00f3n facial. El Dr. Erez Dayan realiza cirug\u00eda pl\u00e1stica cosm\u00e9tica de trauma facial en el Instituto de Cirug\u00eda Pl\u00e1stica Avance en Reno.","breadcrumb":{"@id":"https:\/\/www.avanceplasticsurgery.com\/es\/procedimientos-cosmeticos-y-de-cirugia\/cirugia-reconstructiva-facial\/traumatismos-faciales\/#breadcrumb"},"inLanguage":"es","potentialAction":[{"@type":"ReadAction","target":["https:\/\/www.avanceplasticsurgery.com\/es\/procedimientos-cosmeticos-y-de-cirugia\/cirugia-reconstructiva-facial\/traumatismos-faciales\/"]}]},{"@type":"ImageObject","inLanguage":"es","@id":"https:\/\/www.avanceplasticsurgery.com\/es\/procedimientos-cosmeticos-y-de-cirugia\/cirugia-reconstructiva-facial\/traumatismos-faciales\/#primaryimage","url":"https:\/\/www.avanceplasticsurgery.com\/wp-content\/uploads\/2022\/02\/UUhHL_5Q4x0.jpg","contentUrl":"https:\/\/www.avanceplasticsurgery.com\/wp-content\/uploads\/2022\/02\/UUhHL_5Q4x0.jpg"},{"@type":"BreadcrumbList","@id":"https:\/\/www.avanceplasticsurgery.com\/es\/procedimientos-cosmeticos-y-de-cirugia\/cirugia-reconstructiva-facial\/traumatismos-faciales\/#breadcrumb","itemListElement":[{"@type":"ListItem","position":1,"name":"Home","item":"https:\/\/www.avanceplasticsurgery.com\/es\/"},{"@type":"ListItem","position":2,"name":"Cosm\u00e9tica","item":"https:\/\/www.avanceplasticsurgery.com\/es\/procedimientos-cosmeticos-y-de-cirugia\/"},{"@type":"ListItem","position":3,"name":"Reconstrucci\u00f3n","item":"https:\/\/www.avanceplasticsurgery.com\/es\/procedimientos-cosmeticos-y-de-cirugia\/cirugia-reconstructiva-facial\/"},{"@type":"ListItem","position":4,"name":"Traumatismos faciales"}]},{"@type":"WebSite","@id":"https:\/\/www.avanceplasticsurgery.com\/es\/#website","url":"https:\/\/www.avanceplasticsurgery.com\/es\/","name":"Avance Plastic Surgery","description":"","potentialAction":[{"@type":"SearchAction","target":{"@type":"EntryPoint","urlTemplate":"https:\/\/www.avanceplasticsurgery.com\/es\/?s={search_term_string}"},"query-input":{"@type":"PropertyValueSpecification","valueRequired":true,"valueName":"search_term_string"}}],"inLanguage":"es"}]}},"_links":{"self":[{"href":"https:\/\/www.avanceplasticsurgery.com\/es\/wp-json\/wp\/v2\/pages\/8951","targetHints":{"allow":["GET"]}}],"collection":[{"href":"https:\/\/www.avanceplasticsurgery.com\/es\/wp-json\/wp\/v2\/pages"}],"about":[{"href":"https:\/\/www.avanceplasticsurgery.com\/es\/wp-json\/wp\/v2\/types\/page"}],"author":[{"embeddable":true,"href":"https:\/\/www.avanceplasticsurgery.com\/es\/wp-json\/wp\/v2\/users\/1"}],"replies":[{"embeddable":true,"href":"https:\/\/www.avanceplasticsurgery.com\/es\/wp-json\/wp\/v2\/comments?post=8951"}],"version-history":[{"count":1,"href":"https:\/\/www.avanceplasticsurgery.com\/es\/wp-json\/wp\/v2\/pages\/8951\/revisions"}],"predecessor-version":[{"id":9259,"href":"https:\/\/www.avanceplasticsurgery.com\/es\/wp-json\/wp\/v2\/pages\/8951\/revisions\/9259"}],"up":[{"embeddable":true,"href":"https:\/\/www.avanceplasticsurgery.com\/es\/wp-json\/wp\/v2\/pages\/8932"}],"wp:attachment":[{"href":"https:\/\/www.avanceplasticsurgery.com\/es\/wp-json\/wp\/v2\/media?parent=8951"}],"curies":[{"name":"wp","href":"https:\/\/api.w.org\/{rel}","templated":true}]}}