{"id":8953,"date":"2020-09-16T07:57:48","date_gmt":"2020-09-16T07:57:48","guid":{"rendered":"https:\/\/www.avanceplasticsurgery.com\/procedimientos-cosmeticos-y-de-cirugia\/cirugia-reconstructiva-facial\/reconstruccion-nasal\/"},"modified":"2022-04-25T11:54:05","modified_gmt":"2022-04-25T11:54:05","slug":"reconstruccion-nasal","status":"publish","type":"page","link":"https:\/\/www.avanceplasticsurgery.com\/es\/procedimientos-cosmeticos-y-de-cirugia\/cirugia-reconstructiva-facial\/reconstruccion-nasal\/","title":{"rendered":"Reconstrucci\u00f3n Nasal"},"content":{"rendered":"<h1>Cirug\u00eda de reconstrucci\u00f3n nasal<\/h1>\n<p>La nariz es un rasgo muy prominente e identificativo de tu rostro. Cuando sufre <a title=\"Reno NV Cirug\u00eda Pl\u00e1stica Reconstructiva\" href=\"https:\/\/www.avanceplasticsurgery.com\/es\/cosmetic-and-surgery-procedures\/facial-reconstructive-surgery\/\">da\u00f1o por traumatismo o c\u00e1ncer<\/a> , desea contar con las habilidades de un cirujano pl\u00e1stico altamente calificado para restaurar esta caracter\u00edstica importante a un estado est\u00e9tico y funcional normal. El Dr. Erez Dayan es un cirujano pl\u00e1stico est\u00e9tico y reconstructivo altamente calificado que realiza cirug\u00edas de reconstrucci\u00f3n nasal en el Instituto de Cirug\u00eda Pl\u00e1stica Avance en Reno\/Tahoe, NV.<\/p>\n<p>Las deformidades o traumatismos nasales pueden ocurrir por diversos motivos, incluidos accidentes, c\u00e1ncer, cirug\u00eda previa o como resultado de una malformaci\u00f3n cong\u00e9nita. La cirug\u00eda de reconstrucci\u00f3n nasal debe abordar tanto las preocupaciones est\u00e9ticas como los aspectos funcionales de la nariz. Una nariz bien contorneada sigue siendo problem\u00e1tica si se dificulta la respiraci\u00f3n. El trauma en la nariz puede incluir un colapso de las fosas nasales o v\u00e1lvulas que deben repararse para que el paciente respire bien.<\/p>\n<p>El Dr. Dayan utiliza las t\u00e9cnicas y tecnolog\u00edas quir\u00fargicas m\u00e1s avanzadas para realizar una cirug\u00eda de reconstrucci\u00f3n nasal en Reno\/Tahoe, abordando los problemas particulares de cada paciente. Algunos pueden necesitar solo reparaciones cosm\u00e9ticas, como una cirug\u00eda de extirpaci\u00f3n de c\u00e1ncer leve. Otros pueden necesitar reparaciones m\u00e1s extensas que incluyen el injerto de cart\u00edlago y la remodelaci\u00f3n de las fosas nasales y la estructura de la nariz.<\/p>\n<p><a href=\"https:\/\/www.youtube.com\/watch?v=UUhHL_5Q4x0\" target=\"_blank\" rel=\"noopener\"><img decoding=\"async\" src=\"https:\/\/www.avanceplasticsurgery.com\/wp-content\/uploads\/2022\/02\/UUhHL_5Q4x0.jpg\" alt=\"Video de YouTube titulado Reno Facial Trauma Reconstruction | Nariz\/Reconstrucci\u00f3n Nasal Lake Tahoe | Cirug\u00eda Pl\u00e1stica Avance\" class=\"img-fluid mb-3 w-100\" \/><\/a><\/p>\n<h2>Cirug\u00eda de reparaci\u00f3n de traumatismos nasales<\/h2>\n<p>Al igual que con cualquier procedimiento reconstructivo, su cirug\u00eda de reparaci\u00f3n de traumatismos nasales se adapta a sus necesidades espec\u00edficas. El Dr. Dayan fue capacitado por expertos y tiene el amplio conocimiento y la experiencia necesarios para reparar todo tipo de traumatismo nasal. Con sus credenciales y habilidades, puede completar su cirug\u00eda de reparaci\u00f3n de traumatismos nasales con resultados sorprendentes, tanto est\u00e9ticos como funcionales.<\/p>\n<p>Seg\u00fan el nivel del traumatismo, la cirug\u00eda de reparaci\u00f3n de traumatismos nasales puede durar de 1 a 3 horas bajo anestesia general. La mayor\u00eda de los pacientes regresan a casa el mismo d\u00eda. El Dr. Dayan utiliza t\u00e9cnicas avanzadas que facilitan la curaci\u00f3n y la recuperaci\u00f3n r\u00e1pidas. Puede esperar que lo env\u00eden a casa con analg\u00e9sicos e instrucciones precisas para su cuidado posterior. El Dr. Dayan tambi\u00e9n har\u00e1 un seguimiento con usted para garantizar que su recuperaci\u00f3n sea exitosa. La hinchaz\u00f3n puede durar de 1 a 4 semanas, seg\u00fan el nivel de reparaci\u00f3n necesario. Deber\u00eda ver resultados completos en 5-6 semanas a medida que se complete la curaci\u00f3n.<\/p>\n<p>Para obtener m\u00e1s informaci\u00f3n acerca de la cirug\u00eda de reconstrucci\u00f3n nasal en Reno\/Tahoe cerca de Lake Tahoe, NV, <a title=\"P\u00f3ngase en contacto con el Instituto de Cirug\u00eda Pl\u00e1stica Avance en Reno NV\" href=\"https:\/\/www.avanceplasticsurgery.com\/es\/contact-us-dr-erez-dayan\/\">comun\u00edquese con el Instituto de Cirug\u00eda Pl\u00e1stica Avance<\/a> y programe una consulta de cirug\u00eda de reparaci\u00f3n de trauma nasal con el Dr. Dayan.<\/p>\n","protected":false},"excerpt":{"rendered":"<p>Cirug\u00eda de reconstrucci\u00f3n nasal La nariz es un rasgo muy prominente e identificativo de tu rostro. Cuando sufre da\u00f1o&hellip;<\/p>\n","protected":false},"author":1,"featured_media":0,"parent":8932,"menu_order":0,"comment_status":"closed","ping_status":"closed","template":"","meta":{"_acf_changed":false,"footnotes":""},"class_list":["post-8953","page","type-page","status-publish"],"acf":[],"yoast_head":"<!-- This site is optimized with the Yoast SEO plugin v25.6 - https:\/\/yoast.com\/wordpress\/plugins\/seo\/ -->\n<title>Reno NV Reconstrucci\u00f3n Nasal | Cirug\u00eda de reparaci\u00f3n de traumatismos nasales en Lake Tahoe<\/title>\n<meta name=\"description\" content=\"La cirug\u00eda de reconstrucci\u00f3n nasal a veces es necesaria debido a un traumatismo, c\u00e1ncer, cirug\u00eda previa o un defecto cong\u00e9nito. El Dr. Erez Dayan realiza una cirug\u00eda de reparaci\u00f3n de traumatismos nasales en el Instituto de Cirug\u00eda Pl\u00e1stica Avance en Reno, NV.\" \/>\n<meta name=\"robots\" content=\"index, follow, max-snippet:-1, max-image-preview:large, max-video-preview:-1\" \/>\n<link rel=\"canonical\" href=\"https:\/\/www.avanceplasticsurgery.com\/es\/procedimientos-cosmeticos-y-de-cirugia\/cirugia-reconstructiva-facial\/reconstruccion-nasal\/\" \/>\n<meta property=\"og:locale\" content=\"es_ES\" \/>\n<meta property=\"og:type\" content=\"article\" \/>\n<meta property=\"og:title\" content=\"Reno NV Reconstrucci\u00f3n Nasal | Cirug\u00eda de reparaci\u00f3n de traumatismos nasales en Lake Tahoe\" \/>\n<meta property=\"og:description\" content=\"La cirug\u00eda de reconstrucci\u00f3n nasal a veces es necesaria debido a un traumatismo, c\u00e1ncer, cirug\u00eda previa o un defecto cong\u00e9nito. El Dr. Erez Dayan realiza una cirug\u00eda de reparaci\u00f3n de traumatismos nasales en el Instituto de Cirug\u00eda Pl\u00e1stica Avance en Reno, NV.\" \/>\n<meta property=\"og:url\" content=\"https:\/\/www.avanceplasticsurgery.com\/es\/procedimientos-cosmeticos-y-de-cirugia\/cirugia-reconstructiva-facial\/reconstruccion-nasal\/\" \/>\n<meta property=\"og:site_name\" content=\"Avance Plastic Surgery\" \/>\n<meta property=\"article:modified_time\" content=\"2022-04-25T11:54:05+00:00\" \/>\n<meta property=\"og:image\" content=\"https:\/\/www.avanceplasticsurgery.com\/wp-content\/uploads\/2022\/02\/UUhHL_5Q4x0.jpg\" \/>\n<meta name=\"twitter:card\" content=\"summary_large_image\" \/>\n<meta name=\"twitter:label1\" content=\"Tiempo de lectura\" \/>\n\t<meta name=\"twitter:data1\" content=\"3 minutos\" \/>\n<!-- \/ Yoast SEO plugin. -->","yoast_head_json":{"title":"Reno NV Reconstrucci\u00f3n Nasal | Cirug\u00eda de reparaci\u00f3n de traumatismos nasales en Lake Tahoe","description":"La cirug\u00eda de reconstrucci\u00f3n nasal a veces es necesaria debido a un traumatismo, c\u00e1ncer, cirug\u00eda previa o un defecto cong\u00e9nito. El Dr. Erez Dayan realiza una cirug\u00eda de reparaci\u00f3n de traumatismos nasales en el Instituto de Cirug\u00eda Pl\u00e1stica Avance en Reno, NV.","robots":{"index":"index","follow":"follow","max-snippet":"max-snippet:-1","max-image-preview":"max-image-preview:large","max-video-preview":"max-video-preview:-1"},"canonical":"https:\/\/www.avanceplasticsurgery.com\/es\/procedimientos-cosmeticos-y-de-cirugia\/cirugia-reconstructiva-facial\/reconstruccion-nasal\/","og_locale":"es_ES","og_type":"article","og_title":"Reno NV Reconstrucci\u00f3n Nasal | Cirug\u00eda de reparaci\u00f3n de traumatismos nasales en Lake Tahoe","og_description":"La cirug\u00eda de reconstrucci\u00f3n nasal a veces es necesaria debido a un traumatismo, c\u00e1ncer, cirug\u00eda previa o un defecto cong\u00e9nito. El Dr. Erez Dayan realiza una cirug\u00eda de reparaci\u00f3n de traumatismos nasales en el Instituto de Cirug\u00eda Pl\u00e1stica Avance en Reno, NV.","og_url":"https:\/\/www.avanceplasticsurgery.com\/es\/procedimientos-cosmeticos-y-de-cirugia\/cirugia-reconstructiva-facial\/reconstruccion-nasal\/","og_site_name":"Avance Plastic Surgery","article_modified_time":"2022-04-25T11:54:05+00:00","og_image":[{"url":"https:\/\/www.avanceplasticsurgery.com\/wp-content\/uploads\/2022\/02\/UUhHL_5Q4x0.jpg","type":"","width":"","height":""}],"twitter_card":"summary_large_image","twitter_misc":{"Tiempo de lectura":"3 minutos"},"schema":{"@context":"https:\/\/schema.org","@graph":[{"@type":"WebPage","@id":"https:\/\/www.avanceplasticsurgery.com\/es\/procedimientos-cosmeticos-y-de-cirugia\/cirugia-reconstructiva-facial\/reconstruccion-nasal\/","url":"https:\/\/www.avanceplasticsurgery.com\/es\/procedimientos-cosmeticos-y-de-cirugia\/cirugia-reconstructiva-facial\/reconstruccion-nasal\/","name":"Reno NV Reconstrucci\u00f3n Nasal | Cirug\u00eda de reparaci\u00f3n de traumatismos nasales en Lake Tahoe","isPartOf":{"@id":"https:\/\/www.avanceplasticsurgery.com\/es\/#website"},"primaryImageOfPage":{"@id":"https:\/\/www.avanceplasticsurgery.com\/es\/procedimientos-cosmeticos-y-de-cirugia\/cirugia-reconstructiva-facial\/reconstruccion-nasal\/#primaryimage"},"image":{"@id":"https:\/\/www.avanceplasticsurgery.com\/es\/procedimientos-cosmeticos-y-de-cirugia\/cirugia-reconstructiva-facial\/reconstruccion-nasal\/#primaryimage"},"thumbnailUrl":"https:\/\/www.avanceplasticsurgery.com\/wp-content\/uploads\/2022\/02\/UUhHL_5Q4x0.jpg","datePublished":"2020-09-16T07:57:48+00:00","dateModified":"2022-04-25T11:54:05+00:00","description":"La cirug\u00eda de reconstrucci\u00f3n nasal a veces es necesaria debido a un traumatismo, c\u00e1ncer, cirug\u00eda previa o un defecto cong\u00e9nito. El Dr. Erez Dayan realiza una cirug\u00eda de reparaci\u00f3n de traumatismos nasales en el Instituto de Cirug\u00eda Pl\u00e1stica Avance en Reno, NV.","breadcrumb":{"@id":"https:\/\/www.avanceplasticsurgery.com\/es\/procedimientos-cosmeticos-y-de-cirugia\/cirugia-reconstructiva-facial\/reconstruccion-nasal\/#breadcrumb"},"inLanguage":"es","potentialAction":[{"@type":"ReadAction","target":["https:\/\/www.avanceplasticsurgery.com\/es\/procedimientos-cosmeticos-y-de-cirugia\/cirugia-reconstructiva-facial\/reconstruccion-nasal\/"]}]},{"@type":"ImageObject","inLanguage":"es","@id":"https:\/\/www.avanceplasticsurgery.com\/es\/procedimientos-cosmeticos-y-de-cirugia\/cirugia-reconstructiva-facial\/reconstruccion-nasal\/#primaryimage","url":"https:\/\/www.avanceplasticsurgery.com\/wp-content\/uploads\/2022\/02\/UUhHL_5Q4x0.jpg","contentUrl":"https:\/\/www.avanceplasticsurgery.com\/wp-content\/uploads\/2022\/02\/UUhHL_5Q4x0.jpg"},{"@type":"BreadcrumbList","@id":"https:\/\/www.avanceplasticsurgery.com\/es\/procedimientos-cosmeticos-y-de-cirugia\/cirugia-reconstructiva-facial\/reconstruccion-nasal\/#breadcrumb","itemListElement":[{"@type":"ListItem","position":1,"name":"Home","item":"https:\/\/www.avanceplasticsurgery.com\/es\/"},{"@type":"ListItem","position":2,"name":"Cosm\u00e9tica","item":"https:\/\/www.avanceplasticsurgery.com\/es\/procedimientos-cosmeticos-y-de-cirugia\/"},{"@type":"ListItem","position":3,"name":"Reconstrucci\u00f3n","item":"https:\/\/www.avanceplasticsurgery.com\/es\/procedimientos-cosmeticos-y-de-cirugia\/cirugia-reconstructiva-facial\/"},{"@type":"ListItem","position":4,"name":"Reconstrucci\u00f3n Nasal"}]},{"@type":"WebSite","@id":"https:\/\/www.avanceplasticsurgery.com\/es\/#website","url":"https:\/\/www.avanceplasticsurgery.com\/es\/","name":"Avance Plastic Surgery","description":"","potentialAction":[{"@type":"SearchAction","target":{"@type":"EntryPoint","urlTemplate":"https:\/\/www.avanceplasticsurgery.com\/es\/?s={search_term_string}"},"query-input":{"@type":"PropertyValueSpecification","valueRequired":true,"valueName":"search_term_string"}}],"inLanguage":"es"}]}},"_links":{"self":[{"href":"https:\/\/www.avanceplasticsurgery.com\/es\/wp-json\/wp\/v2\/pages\/8953","targetHints":{"allow":["GET"]}}],"collection":[{"href":"https:\/\/www.avanceplasticsurgery.com\/es\/wp-json\/wp\/v2\/pages"}],"about":[{"href":"https:\/\/www.avanceplasticsurgery.com\/es\/wp-json\/wp\/v2\/types\/page"}],"author":[{"embeddable":true,"href":"https:\/\/www.avanceplasticsurgery.com\/es\/wp-json\/wp\/v2\/users\/1"}],"replies":[{"embeddable":true,"href":"https:\/\/www.avanceplasticsurgery.com\/es\/wp-json\/wp\/v2\/comments?post=8953"}],"version-history":[{"count":1,"href":"https:\/\/www.avanceplasticsurgery.com\/es\/wp-json\/wp\/v2\/pages\/8953\/revisions"}],"predecessor-version":[{"id":9256,"href":"https:\/\/www.avanceplasticsurgery.com\/es\/wp-json\/wp\/v2\/pages\/8953\/revisions\/9256"}],"up":[{"embeddable":true,"href":"https:\/\/www.avanceplasticsurgery.com\/es\/wp-json\/wp\/v2\/pages\/8932"}],"wp:attachment":[{"href":"https:\/\/www.avanceplasticsurgery.com\/es\/wp-json\/wp\/v2\/media?parent=8953"}],"curies":[{"name":"wp","href":"https:\/\/api.w.org\/{rel}","templated":true}]}}