{"id":8954,"date":"2020-09-16T07:59:18","date_gmt":"2020-09-16T07:59:18","guid":{"rendered":"https:\/\/www.avanceplasticsurgery.com\/procedimientos-cosmeticos-y-de-cirugia\/cirugia-reconstructiva-facial\/reparacion-de-fractura-orbitaria\/"},"modified":"2022-04-25T11:54:21","modified_gmt":"2022-04-25T11:54:21","slug":"reparacion-de-fractura-orbitaria","status":"publish","type":"page","link":"https:\/\/www.avanceplasticsurgery.com\/es\/procedimientos-cosmeticos-y-de-cirugia\/cirugia-reconstructiva-facial\/reparacion-de-fractura-orbitaria\/","title":{"rendered":"Reparaci\u00f3n de fractura orbitaria"},"content":{"rendered":"<h1>Reparaci\u00f3n de fractura orbitaria<\/h1>\n<p>Las fracturas orbitales generalmente son causadas por un trauma en el \u00e1rea del ojo, que involucra la cuenca del ojo. Algunos traumatismos graves pueden atrapar la piel o los m\u00fasculos del ojo, causando problemas con el movimiento o la visi\u00f3n. El ojo tambi\u00e9n puede estar fuera de posici\u00f3n debido a una fractura en la cavidad. El Dr. Erez Dayan puede realizar reparaciones de fracturas orbitales simples o complejas en el Instituto de Cirug\u00eda Pl\u00e1stica Avance en Reno\/Tahoe, NV.<\/p>\n<p>La reparaci\u00f3n de la fractura orbitaria es una <a title=\"Reno NV Cirug\u00eda Pl\u00e1stica Reconstructiva\" href=\"https:\/\/www.avanceplasticsurgery.com\/es\/cosmetic-and-surgery-procedures\/facial-reconstructive-surgery\/\">cirug\u00eda reconstructiva<\/a> que normalmente se realiza bajo anestesia general lo antes posible despu\u00e9s de ocurrido el traumatismo. El Dr. Dayan examinar\u00e1 de cerca su rostro y ojos, observando qu\u00e9 \u00e1reas est\u00e1n lesionadas y en qu\u00e9 medida. Tambi\u00e9n puede solicitar radiograf\u00edas u otras exploraciones para determinar la naturaleza exacta de cualquier trauma oculto. Su cirug\u00eda de reparaci\u00f3n de fracturas de la cuenca del ojo est\u00e1 dise\u00f1ada para satisfacer las necesidades espec\u00edficas de su lesi\u00f3n.<\/p>\n<h2>Reparaci\u00f3n de fracturas de cuenca ocular<\/h2>\n<p>La reparaci\u00f3n de fracturas orbitales puede restaurar la funcionalidad de su ojo y cuenca nuevamente y hacer reparaciones cosm\u00e9ticas que son inmediatamente evidentes. Sin embargo, se notar\u00e1n otros cambios y mejoras sutiles a lo largo del proceso de curaci\u00f3n despu\u00e9s de la cirug\u00eda. El Dr. Dayan se asegurar\u00e1 de que su malestar postoperatorio se minimice con medicamentos y tratamiento antiinflamatorio.<\/p>\n<p>Los puntos generalmente se retiran de 5 a 10 d\u00edas despu\u00e9s de la cirug\u00eda, pero a\u00fan tendr\u00e1 hinchaz\u00f3n durante varias semanas despu\u00e9s de la cirug\u00eda. El Dr. Dayan le dar\u00e1 instrucciones completas de cuidado posterior que incluyen un marco de tiempo para reanudar el cuidado normal de la piel del rostro y usar maquillaje. Tambi\u00e9n se encargar\u00e1 de las visitas de seguimiento para asegurarse de que se est\u00e1 recuperando adecuadamente y no experimenta ning\u00fan contratiempo.<\/p>\n<p>El Dr. Dayan es un cirujano pl\u00e1stico cosm\u00e9tico y reconstructivo educado en Harvard, capacitado con una beca y muy buscado que ha demostrado t\u00e9cnicas y tecnolog\u00eda de cirug\u00eda pl\u00e1stica avanzada en todo el mundo y en los Estados Unidos. Ha escrito m\u00e1s de 150 art\u00edculos m\u00e9dicos y ha contribuido a cinco libros sobre cirug\u00eda pl\u00e1stica. No existe un cirujano pl\u00e1stico mejor calificado y capacitado en el \u00e1rea para realizar la reparaci\u00f3n de la fractura de la cuenca del ojo.<\/p>\n<p><a title=\"P\u00f3ngase en contacto con el Instituto de Cirug\u00eda Pl\u00e1stica Avance en Reno NV\" href=\"https:\/\/www.avanceplasticsurgery.com\/es\/contact-us-dr-erez-dayan\/\">Comun\u00edquese con la oficina de Reno\/Tahoe del Instituto de Cirug\u00eda Pl\u00e1stica Avance<\/a> para programar una consulta de cirug\u00eda de reparaci\u00f3n de fractura orbital con el Dr. Dayan para obtener m\u00e1s detalles e informaci\u00f3n sobre este procedimiento quir\u00fargico.<\/p>\n","protected":false},"excerpt":{"rendered":"<p>Reparaci\u00f3n de fractura orbitaria Las fracturas orbitales generalmente son causadas por un trauma en el \u00e1rea del ojo, que&hellip;<\/p>\n","protected":false},"author":1,"featured_media":0,"parent":8932,"menu_order":0,"comment_status":"closed","ping_status":"closed","template":"","meta":{"_acf_changed":false,"footnotes":""},"class_list":["post-8954","page","type-page","status-publish"],"acf":[],"yoast_head":"<!-- This site is optimized with the Yoast SEO plugin v25.6 - https:\/\/yoast.com\/wordpress\/plugins\/seo\/ -->\n<title>Tratamiento de fractura orbital de Reno NV | Fractura de la cavidad ocular del lago Tahoe<\/title>\n<meta name=\"description\" content=\"La cirug\u00eda de reparaci\u00f3n de fractura orbital a veces es necesaria cuando una persona sufre un traumatismo craneal. El Dr. Erez Dayan puede realizar reparaci\u00f3n de fracturas de \u00f3rbita ocular y cirug\u00eda reconstructiva en el Instituto de Cirug\u00eda Pl\u00e1stica Avance en Reno, NV. Llame hoy para una consulta.\" \/>\n<meta name=\"robots\" content=\"index, follow, max-snippet:-1, max-image-preview:large, max-video-preview:-1\" \/>\n<link rel=\"canonical\" href=\"https:\/\/www.avanceplasticsurgery.com\/es\/procedimientos-cosmeticos-y-de-cirugia\/cirugia-reconstructiva-facial\/reparacion-de-fractura-orbitaria\/\" \/>\n<meta property=\"og:locale\" content=\"es_ES\" \/>\n<meta property=\"og:type\" content=\"article\" \/>\n<meta property=\"og:title\" content=\"Tratamiento de fractura orbital de Reno NV | Fractura de la cavidad ocular del lago Tahoe\" \/>\n<meta property=\"og:description\" content=\"La cirug\u00eda de reparaci\u00f3n de fractura orbital a veces es necesaria cuando una persona sufre un traumatismo craneal. El Dr. Erez Dayan puede realizar reparaci\u00f3n de fracturas de \u00f3rbita ocular y cirug\u00eda reconstructiva en el Instituto de Cirug\u00eda Pl\u00e1stica Avance en Reno, NV. Llame hoy para una consulta.\" \/>\n<meta property=\"og:url\" content=\"https:\/\/www.avanceplasticsurgery.com\/es\/procedimientos-cosmeticos-y-de-cirugia\/cirugia-reconstructiva-facial\/reparacion-de-fractura-orbitaria\/\" \/>\n<meta property=\"og:site_name\" content=\"Avance Plastic Surgery\" \/>\n<meta property=\"article:modified_time\" content=\"2022-04-25T11:54:21+00:00\" \/>\n<meta name=\"twitter:card\" content=\"summary_large_image\" \/>\n<meta name=\"twitter:label1\" content=\"Tiempo de lectura\" \/>\n\t<meta name=\"twitter:data1\" content=\"2 minutos\" \/>\n<!-- \/ Yoast SEO plugin. -->","yoast_head_json":{"title":"Tratamiento de fractura orbital de Reno NV | Fractura de la cavidad ocular del lago Tahoe","description":"La cirug\u00eda de reparaci\u00f3n de fractura orbital a veces es necesaria cuando una persona sufre un traumatismo craneal. El Dr. Erez Dayan puede realizar reparaci\u00f3n de fracturas de \u00f3rbita ocular y cirug\u00eda reconstructiva en el Instituto de Cirug\u00eda Pl\u00e1stica Avance en Reno, NV. Llame hoy para una consulta.","robots":{"index":"index","follow":"follow","max-snippet":"max-snippet:-1","max-image-preview":"max-image-preview:large","max-video-preview":"max-video-preview:-1"},"canonical":"https:\/\/www.avanceplasticsurgery.com\/es\/procedimientos-cosmeticos-y-de-cirugia\/cirugia-reconstructiva-facial\/reparacion-de-fractura-orbitaria\/","og_locale":"es_ES","og_type":"article","og_title":"Tratamiento de fractura orbital de Reno NV | Fractura de la cavidad ocular del lago Tahoe","og_description":"La cirug\u00eda de reparaci\u00f3n de fractura orbital a veces es necesaria cuando una persona sufre un traumatismo craneal. El Dr. Erez Dayan puede realizar reparaci\u00f3n de fracturas de \u00f3rbita ocular y cirug\u00eda reconstructiva en el Instituto de Cirug\u00eda Pl\u00e1stica Avance en Reno, NV. Llame hoy para una consulta.","og_url":"https:\/\/www.avanceplasticsurgery.com\/es\/procedimientos-cosmeticos-y-de-cirugia\/cirugia-reconstructiva-facial\/reparacion-de-fractura-orbitaria\/","og_site_name":"Avance Plastic Surgery","article_modified_time":"2022-04-25T11:54:21+00:00","twitter_card":"summary_large_image","twitter_misc":{"Tiempo de lectura":"2 minutos"},"schema":{"@context":"https:\/\/schema.org","@graph":[{"@type":"WebPage","@id":"https:\/\/www.avanceplasticsurgery.com\/es\/procedimientos-cosmeticos-y-de-cirugia\/cirugia-reconstructiva-facial\/reparacion-de-fractura-orbitaria\/","url":"https:\/\/www.avanceplasticsurgery.com\/es\/procedimientos-cosmeticos-y-de-cirugia\/cirugia-reconstructiva-facial\/reparacion-de-fractura-orbitaria\/","name":"Tratamiento de fractura orbital de Reno NV | Fractura de la cavidad ocular del lago Tahoe","isPartOf":{"@id":"https:\/\/www.avanceplasticsurgery.com\/es\/#website"},"datePublished":"2020-09-16T07:59:18+00:00","dateModified":"2022-04-25T11:54:21+00:00","description":"La cirug\u00eda de reparaci\u00f3n de fractura orbital a veces es necesaria cuando una persona sufre un traumatismo craneal. El Dr. Erez Dayan puede realizar reparaci\u00f3n de fracturas de \u00f3rbita ocular y cirug\u00eda reconstructiva en el Instituto de Cirug\u00eda Pl\u00e1stica Avance en Reno, NV. Llame hoy para una consulta.","breadcrumb":{"@id":"https:\/\/www.avanceplasticsurgery.com\/es\/procedimientos-cosmeticos-y-de-cirugia\/cirugia-reconstructiva-facial\/reparacion-de-fractura-orbitaria\/#breadcrumb"},"inLanguage":"es","potentialAction":[{"@type":"ReadAction","target":["https:\/\/www.avanceplasticsurgery.com\/es\/procedimientos-cosmeticos-y-de-cirugia\/cirugia-reconstructiva-facial\/reparacion-de-fractura-orbitaria\/"]}]},{"@type":"BreadcrumbList","@id":"https:\/\/www.avanceplasticsurgery.com\/es\/procedimientos-cosmeticos-y-de-cirugia\/cirugia-reconstructiva-facial\/reparacion-de-fractura-orbitaria\/#breadcrumb","itemListElement":[{"@type":"ListItem","position":1,"name":"Home","item":"https:\/\/www.avanceplasticsurgery.com\/es\/"},{"@type":"ListItem","position":2,"name":"Cosm\u00e9tica","item":"https:\/\/www.avanceplasticsurgery.com\/es\/procedimientos-cosmeticos-y-de-cirugia\/"},{"@type":"ListItem","position":3,"name":"Reconstrucci\u00f3n","item":"https:\/\/www.avanceplasticsurgery.com\/es\/procedimientos-cosmeticos-y-de-cirugia\/cirugia-reconstructiva-facial\/"},{"@type":"ListItem","position":4,"name":"Reparaci\u00f3n de fractura orbitaria"}]},{"@type":"WebSite","@id":"https:\/\/www.avanceplasticsurgery.com\/es\/#website","url":"https:\/\/www.avanceplasticsurgery.com\/es\/","name":"Avance Plastic Surgery","description":"","potentialAction":[{"@type":"SearchAction","target":{"@type":"EntryPoint","urlTemplate":"https:\/\/www.avanceplasticsurgery.com\/es\/?s={search_term_string}"},"query-input":{"@type":"PropertyValueSpecification","valueRequired":true,"valueName":"search_term_string"}}],"inLanguage":"es"}]}},"_links":{"self":[{"href":"https:\/\/www.avanceplasticsurgery.com\/es\/wp-json\/wp\/v2\/pages\/8954","targetHints":{"allow":["GET"]}}],"collection":[{"href":"https:\/\/www.avanceplasticsurgery.com\/es\/wp-json\/wp\/v2\/pages"}],"about":[{"href":"https:\/\/www.avanceplasticsurgery.com\/es\/wp-json\/wp\/v2\/types\/page"}],"author":[{"embeddable":true,"href":"https:\/\/www.avanceplasticsurgery.com\/es\/wp-json\/wp\/v2\/users\/1"}],"replies":[{"embeddable":true,"href":"https:\/\/www.avanceplasticsurgery.com\/es\/wp-json\/wp\/v2\/comments?post=8954"}],"version-history":[{"count":1,"href":"https:\/\/www.avanceplasticsurgery.com\/es\/wp-json\/wp\/v2\/pages\/8954\/revisions"}],"predecessor-version":[{"id":9257,"href":"https:\/\/www.avanceplasticsurgery.com\/es\/wp-json\/wp\/v2\/pages\/8954\/revisions\/9257"}],"up":[{"embeddable":true,"href":"https:\/\/www.avanceplasticsurgery.com\/es\/wp-json\/wp\/v2\/pages\/8932"}],"wp:attachment":[{"href":"https:\/\/www.avanceplasticsurgery.com\/es\/wp-json\/wp\/v2\/media?parent=8954"}],"curies":[{"name":"wp","href":"https:\/\/api.w.org\/{rel}","templated":true}]}}