{"id":8955,"date":"2020-09-16T08:00:58","date_gmt":"2020-09-16T08:00:58","guid":{"rendered":"https:\/\/www.avanceplasticsurgery.com\/procedimientos-cosmeticos-y-de-cirugia\/cirugia-reconstructiva-facial\/revision-de-cicatrices\/"},"modified":"2022-04-25T11:54:33","modified_gmt":"2022-04-25T11:54:33","slug":"revision-de-cicatrices","status":"publish","type":"page","link":"https:\/\/www.avanceplasticsurgery.com\/es\/procedimientos-cosmeticos-y-de-cirugia\/cirugia-reconstructiva-facial\/revision-de-cicatrices\/","title":{"rendered":"Revisi\u00f3n de cicatrices"},"content":{"rendered":"<h1>Cirug\u00eda pl\u00e1stica de revisi\u00f3n de cicatrices<\/h1>\n<p>Las cicatrices de <a title=\"Reno NV Cirug\u00eda Pl\u00e1stica Reconstructiva\" href=\"https:\/\/www.avanceplasticsurgery.com\/es\/cosmetic-and-surgery-procedures\/facial-reconstructive-surgery\/\">traumatismos o cirug\u00edas pasadas<\/a> pueden variar desde levemente perceptibles hasta extremadamente desfigurantes. Mientras que algunos llevan cicatrices con orgullo, otros desean borrar estos recuerdos de traumas pasados. Esto es especialmente cierto cuando las cicatrices son muy notorias, como en la cara. El Dr. Erez Dayan puede realizar una cirug\u00eda pl\u00e1stica de revisi\u00f3n de cicatrices en el Instituto de Cirug\u00eda Pl\u00e1stica Avance en Reno\/Tahoe, cerca de Lake Tahoe, NV.<\/p>\n<p>La cicatrizaci\u00f3n es un fen\u00f3meno totalmente natural. Es el proceso de reparaci\u00f3n del cuerpo en el trabajo. Sin embargo, algunas cicatrices son visibles en \u00e1reas problem\u00e1ticas y algunas incluso pueden limitar el movimiento. Cualquiera que sea la causa de su cicatriz, y donde sea que se encuentre, puede hacer que se sienta cohibido o avergonzado por la forma en que afecta su apariencia.<\/p>\n<p>El Dr. Dayan es totalmente compasivo con aquellos que acuden a \u00e9l para una cirug\u00eda pl\u00e1stica de revisi\u00f3n de cicatrices. Tus cicatrices son personales, al igual que cualquier efecto emocional o psicol\u00f3gico que causen. El Dr. Dayan escuchar\u00e1 sus inquietudes y examinar\u00e1 la cicatrizaci\u00f3n en cuesti\u00f3n antes de hacer recomendaciones quir\u00fargicas. A veces, las cicatrices se pueden borrar con el tiempo con t\u00e9cnicas no quir\u00fargicas, como las exfoliaciones qu\u00edmicas y los tratamientos con silicona.<\/p>\n<h2>Especialista en correcci\u00f3n de cicatrices<\/h2>\n<p>Como especialista en correcci\u00f3n de cicatrices, el Dr. Dayan le informar\u00e1 sobre sus recomendaciones, ya sea que los tratamientos m\u00ednimamente invasivos sean los mejores o si est\u00e1 indicada la cirug\u00eda. La cirug\u00eda de correcci\u00f3n de cicatrices requiere t\u00e9cnicas quir\u00fargicas avanzadas y atenci\u00f3n al detalle. El injerto de piel o la expansi\u00f3n de tejido se pueden usar para eliminar y cubrir cicatrices problem\u00e1ticas. Cuando sus cicatrices restrinjan el movimiento, ser\u00e1 necesario retirar parte del tejido cicatricial, junto con medidas para evitar que la cicatriz vuelva a crecer.<\/p>\n<p>El Dr. Dayan puede combinar un procedimiento quir\u00fargico con otras t\u00e9cnicas m\u00ednimamente invasivas o no invasivas para completar la correcci\u00f3n de su cicatriz. Har\u00e1 recomendaciones y explicar\u00e1 cualquier procedimiento o tratamiento propuesto durante su consulta confidencial en su oficina de Reno\/Tahoe. <a title=\"P\u00f3ngase en contacto con el Instituto de Cirug\u00eda Pl\u00e1stica Avance en Reno NV\" href=\"https:\/\/www.avanceplasticsurgery.com\/es\/contact-us-dr-erez-dayan\/\">Comun\u00edquese hoy con el Instituto de Cirug\u00eda Pl\u00e1stica Avance<\/a> para programar su consulta de correcci\u00f3n de cicatrices con el Dr. Dayan.<\/p>\n","protected":false},"excerpt":{"rendered":"<p>Cirug\u00eda pl\u00e1stica de revisi\u00f3n de cicatrices Las cicatrices de traumatismos o cirug\u00edas pasadas pueden variar desde levemente perceptibles hasta&hellip;<\/p>\n","protected":false},"author":1,"featured_media":0,"parent":8932,"menu_order":0,"comment_status":"closed","ping_status":"closed","template":"","meta":{"_acf_changed":false,"footnotes":""},"class_list":["post-8955","page","type-page","status-publish"],"acf":[],"yoast_head":"<!-- This site is optimized with the Yoast SEO plugin v27.4 - https:\/\/yoast.com\/product\/yoast-seo-wordpress\/ -->\n<title>Reno NV Cirug\u00eda pl\u00e1stica de revisi\u00f3n de cicatrices | Correcci\u00f3n de cicatrices del lago Tahoe<\/title>\n<meta name=\"description\" content=\"La cirug\u00eda pl\u00e1stica de revisi\u00f3n de cicatrices est\u00e1 disponible en Reno y Lake Tahoe en el Avance Plastic Surgery Institute. El Dr. Erez Dayan puede recomendar tratamientos de revisi\u00f3n de cicatrices, as\u00ed como realizar cirug\u00edas correctivas para borrar cicatrices problem\u00e1ticas o restrictivas.\" \/>\n<meta name=\"robots\" content=\"index, follow, max-snippet:-1, max-image-preview:large, max-video-preview:-1\" \/>\n<link rel=\"canonical\" href=\"https:\/\/www.avanceplasticsurgery.com\/es\/procedimientos-cosmeticos-y-de-cirugia\/cirugia-reconstructiva-facial\/revision-de-cicatrices\/\" \/>\n<meta property=\"og:locale\" content=\"es_ES\" \/>\n<meta property=\"og:type\" content=\"article\" \/>\n<meta property=\"og:title\" content=\"Reno NV Cirug\u00eda pl\u00e1stica de revisi\u00f3n de cicatrices | Correcci\u00f3n de cicatrices del lago Tahoe\" \/>\n<meta property=\"og:description\" content=\"La cirug\u00eda pl\u00e1stica de revisi\u00f3n de cicatrices est\u00e1 disponible en Reno y Lake Tahoe en el Avance Plastic Surgery Institute. El Dr. Erez Dayan puede recomendar tratamientos de revisi\u00f3n de cicatrices, as\u00ed como realizar cirug\u00edas correctivas para borrar cicatrices problem\u00e1ticas o restrictivas.\" \/>\n<meta property=\"og:url\" content=\"https:\/\/www.avanceplasticsurgery.com\/es\/procedimientos-cosmeticos-y-de-cirugia\/cirugia-reconstructiva-facial\/revision-de-cicatrices\/\" \/>\n<meta property=\"og:site_name\" content=\"Avance Plastic Surgery\" \/>\n<meta property=\"article:modified_time\" content=\"2022-04-25T11:54:33+00:00\" \/>\n<meta name=\"twitter:card\" content=\"summary_large_image\" \/>\n<meta name=\"twitter:label1\" content=\"Tiempo de lectura\" \/>\n\t<meta name=\"twitter:data1\" content=\"2 minutos\" \/>\n<!-- \/ Yoast SEO plugin. -->","yoast_head_json":{"title":"Reno NV Cirug\u00eda pl\u00e1stica de revisi\u00f3n de cicatrices | Correcci\u00f3n de cicatrices del lago Tahoe","description":"La cirug\u00eda pl\u00e1stica de revisi\u00f3n de cicatrices est\u00e1 disponible en Reno y Lake Tahoe en el Avance Plastic Surgery Institute. El Dr. Erez Dayan puede recomendar tratamientos de revisi\u00f3n de cicatrices, as\u00ed como realizar cirug\u00edas correctivas para borrar cicatrices problem\u00e1ticas o restrictivas.","robots":{"index":"index","follow":"follow","max-snippet":"max-snippet:-1","max-image-preview":"max-image-preview:large","max-video-preview":"max-video-preview:-1"},"canonical":"https:\/\/www.avanceplasticsurgery.com\/es\/procedimientos-cosmeticos-y-de-cirugia\/cirugia-reconstructiva-facial\/revision-de-cicatrices\/","og_locale":"es_ES","og_type":"article","og_title":"Reno NV Cirug\u00eda pl\u00e1stica de revisi\u00f3n de cicatrices | Correcci\u00f3n de cicatrices del lago Tahoe","og_description":"La cirug\u00eda pl\u00e1stica de revisi\u00f3n de cicatrices est\u00e1 disponible en Reno y Lake Tahoe en el Avance Plastic Surgery Institute. El Dr. Erez Dayan puede recomendar tratamientos de revisi\u00f3n de cicatrices, as\u00ed como realizar cirug\u00edas correctivas para borrar cicatrices problem\u00e1ticas o restrictivas.","og_url":"https:\/\/www.avanceplasticsurgery.com\/es\/procedimientos-cosmeticos-y-de-cirugia\/cirugia-reconstructiva-facial\/revision-de-cicatrices\/","og_site_name":"Avance Plastic Surgery","article_modified_time":"2022-04-25T11:54:33+00:00","twitter_card":"summary_large_image","twitter_misc":{"Tiempo de lectura":"2 minutos"},"schema":{"@context":"https:\/\/schema.org","@graph":[{"@type":"WebPage","@id":"https:\/\/www.avanceplasticsurgery.com\/es\/procedimientos-cosmeticos-y-de-cirugia\/cirugia-reconstructiva-facial\/revision-de-cicatrices\/","url":"https:\/\/www.avanceplasticsurgery.com\/es\/procedimientos-cosmeticos-y-de-cirugia\/cirugia-reconstructiva-facial\/revision-de-cicatrices\/","name":"Reno NV Cirug\u00eda pl\u00e1stica de revisi\u00f3n de cicatrices | Correcci\u00f3n de cicatrices del lago Tahoe","isPartOf":{"@id":"https:\/\/www.avanceplasticsurgery.com\/es\/#website"},"datePublished":"2020-09-16T08:00:58+00:00","dateModified":"2022-04-25T11:54:33+00:00","description":"La cirug\u00eda pl\u00e1stica de revisi\u00f3n de cicatrices est\u00e1 disponible en Reno y Lake Tahoe en el Avance Plastic Surgery Institute. El Dr. Erez Dayan puede recomendar tratamientos de revisi\u00f3n de cicatrices, as\u00ed como realizar cirug\u00edas correctivas para borrar cicatrices problem\u00e1ticas o restrictivas.","breadcrumb":{"@id":"https:\/\/www.avanceplasticsurgery.com\/es\/procedimientos-cosmeticos-y-de-cirugia\/cirugia-reconstructiva-facial\/revision-de-cicatrices\/#breadcrumb"},"inLanguage":"es","potentialAction":[{"@type":"ReadAction","target":["https:\/\/www.avanceplasticsurgery.com\/es\/procedimientos-cosmeticos-y-de-cirugia\/cirugia-reconstructiva-facial\/revision-de-cicatrices\/"]}]},{"@type":"BreadcrumbList","@id":"https:\/\/www.avanceplasticsurgery.com\/es\/procedimientos-cosmeticos-y-de-cirugia\/cirugia-reconstructiva-facial\/revision-de-cicatrices\/#breadcrumb","itemListElement":[{"@type":"ListItem","position":1,"name":"Home","item":"https:\/\/www.avanceplasticsurgery.com\/es\/"},{"@type":"ListItem","position":2,"name":"Cosm\u00e9tica","item":"https:\/\/www.avanceplasticsurgery.com\/es\/procedimientos-cosmeticos-y-de-cirugia\/"},{"@type":"ListItem","position":3,"name":"Reconstrucci\u00f3n","item":"https:\/\/www.avanceplasticsurgery.com\/es\/procedimientos-cosmeticos-y-de-cirugia\/cirugia-reconstructiva-facial\/"},{"@type":"ListItem","position":4,"name":"Revisi\u00f3n de cicatrices"}]},{"@type":"WebSite","@id":"https:\/\/www.avanceplasticsurgery.com\/es\/#website","url":"https:\/\/www.avanceplasticsurgery.com\/es\/","name":"Avance Plastic Surgery","description":"","potentialAction":[{"@type":"SearchAction","target":{"@type":"EntryPoint","urlTemplate":"https:\/\/www.avanceplasticsurgery.com\/es\/?s={search_term_string}"},"query-input":{"@type":"PropertyValueSpecification","valueRequired":true,"valueName":"search_term_string"}}],"inLanguage":"es"}]}},"_links":{"self":[{"href":"https:\/\/www.avanceplasticsurgery.com\/es\/wp-json\/wp\/v2\/pages\/8955","targetHints":{"allow":["GET"]}}],"collection":[{"href":"https:\/\/www.avanceplasticsurgery.com\/es\/wp-json\/wp\/v2\/pages"}],"about":[{"href":"https:\/\/www.avanceplasticsurgery.com\/es\/wp-json\/wp\/v2\/types\/page"}],"author":[{"embeddable":true,"href":"https:\/\/www.avanceplasticsurgery.com\/es\/wp-json\/wp\/v2\/users\/1"}],"replies":[{"embeddable":true,"href":"https:\/\/www.avanceplasticsurgery.com\/es\/wp-json\/wp\/v2\/comments?post=8955"}],"version-history":[{"count":2,"href":"https:\/\/www.avanceplasticsurgery.com\/es\/wp-json\/wp\/v2\/pages\/8955\/revisions"}],"predecessor-version":[{"id":9258,"href":"https:\/\/www.avanceplasticsurgery.com\/es\/wp-json\/wp\/v2\/pages\/8955\/revisions\/9258"}],"up":[{"embeddable":true,"href":"https:\/\/www.avanceplasticsurgery.com\/es\/wp-json\/wp\/v2\/pages\/8932"}],"wp:attachment":[{"href":"https:\/\/www.avanceplasticsurgery.com\/es\/wp-json\/wp\/v2\/media?parent=8955"}],"curies":[{"name":"wp","href":"https:\/\/api.w.org\/{rel}","templated":true}]}}