{"id":8959,"date":"2021-02-25T20:30:49","date_gmt":"2021-02-25T20:30:49","guid":{"rendered":"https:\/\/www.avanceplasticsurgery.com\/procedimientos-cosmeticos-y-de-cirugia\/cirugia-reconstructiva-facial-lake-tahoe-truckee\/cirugia-de-parpados-lake-tahoe-truckee\/"},"modified":"2022-04-25T11:12:32","modified_gmt":"2022-04-25T11:12:32","slug":"cirugia-de-parpados-lake-tahoe-truckee","status":"publish","type":"page","link":"https:\/\/www.avanceplasticsurgery.com\/es\/procedimientos-cosmeticos-y-de-cirugia\/cirugia-reconstructiva-facial-lake-tahoe-truckee\/cirugia-de-parpados-lake-tahoe-truckee\/","title":{"rendered":"Cirug\u00eda de p\u00e1rpados Lake Tahoe\/Truckee"},"content":{"rendered":"<h1>Cirug\u00eda de reconstrucci\u00f3n de p\u00e1rpados en el \u00e1rea de Lake Tahoe\/Truckee<\/h1>\n<p>Si est\u00e1 buscando un especialista en cirug\u00eda de reconstrucci\u00f3n de p\u00e1rpados en el \u00e1rea de Lake Tahoe, dir\u00edjase al cirujano pl\u00e1stico de renombre mundial Dr. Erez Dayan en Avance Plastic Surgery Institute.<br \/>\nLa cirug\u00eda de reconstrucci\u00f3n de p\u00e1rpados puede ser necesaria como resultado de defectos en los p\u00e1rpados, traumatismos, tumores o anomal\u00edas cong\u00e9nitas. Esta delicada cirug\u00eda, que maneja la piel m\u00e1s delgada del cuerpo, solo la realizan los mejores cirujanos pl\u00e1sticos est\u00e9ticos del pa\u00eds. El Dr. Erez Dayan realiza una cirug\u00eda de reconstrucci\u00f3n de p\u00e1rpados por una variedad de causas en el Instituto de Cirug\u00eda Pl\u00e1stica Avance en el \u00e1rea de Lake Tahoe.<\/p>\n<p>Dentro de estas delicadas estructuras se encuentran la piel, los m\u00fasculos, los cart\u00edlagos y la mucosa, un revestimiento suave y delgado que lubrica el ojo. La <a title=\"Cirug\u00eda pl\u00e1stica reconstructiva de Truckee Lake Tahoe\" href=\"https:\/\/www.avanceplasticsurgery.com\/es\/cosmetic-and-surgery-procedures\/lake-tahoe-facial-reconstructive-surgery\/\">cirug\u00eda de reconstrucci\u00f3n<\/a> del p\u00e1rpado busca preservar o restaurar la funci\u00f3n y forma de los p\u00e1rpados. Los p\u00e1rpados superiores e inferiores tienen cada uno una funci\u00f3n espec\u00edfica que debe abordarse, as\u00ed como su apariencia est\u00e9tica. El Dr. Dayan es un cirujano pl\u00e1stico cosm\u00e9tico y reconstructivo en el \u00e1rea de Lake Tahoe que tiene las habilidades y la experiencia para realizar una cirug\u00eda de reconstrucci\u00f3n de p\u00e1rpados experta.<\/p>\n<p>El tama\u00f1o y la ubicaci\u00f3n de la reparaci\u00f3n o restauraci\u00f3n necesaria son clave en la cirug\u00eda de reconstrucci\u00f3n de p\u00e1rpados. Hay varios m\u00e9todos disponibles para reparar o reemplazar tejido y otros componentes, seg\u00fan el defecto, la deformidad o el trauma espec\u00edficos. El Dr. Dayan tambi\u00e9n trabaja en estrecha colaboraci\u00f3n con optometristas y otros especialistas en ojos para garantizar que se aborden los aspectos est\u00e9ticos y funcionales de sus p\u00e1rpados.<\/p>\n<h2>Cirug\u00eda Est\u00e9tica Oculopl\u00e1stica<\/h2>\n<p>La reparaci\u00f3n de los p\u00e1rpados, tambi\u00e9n llamada cirug\u00eda est\u00e9tica oculopl\u00e1stica, suele ser un procedimiento ambulatorio que el Dr. Dayan realiza mientras el paciente est\u00e1 bajo anestesia general. Consultar\u00e1 con usted y otros especialistas m\u00e9dicos, seg\u00fan sea necesario, para analizar el trabajo reconstructivo que se necesita, as\u00ed como tambi\u00e9n explicar los procedimientos y responder a sus preguntas.<\/p>\n<p>El Dr. Dayan es llamado con frecuencia para demostrar t\u00e9cnicas y tecnolog\u00edas avanzadas de cirug\u00eda pl\u00e1stica cosm\u00e9tica para otros m\u00e9dicos y cirujanos en el Instituto de Cirug\u00eda Pl\u00e1stica Avance. Ha escrito y dado numerosas conferencias en todo el mundo, ense\u00f1ando cirug\u00eda pl\u00e1stica y t\u00e9cnicas reconstructivas. Su cirug\u00eda est\u00e9tica oculopl\u00e1stica no podr\u00eda confiarse a un cirujano m\u00e1s h\u00e1bil y calificado.<\/p>\n<p><a title=\"Comun\u00edquese con el Instituto de Cirug\u00eda Pl\u00e1stica Avance cerca de Truckee Lake Tahoe\" href=\"https:\/\/www.avanceplasticsurgery.com\/es\/contact-us-dr-erez-dayan\/\">P\u00f3ngase en contacto con el Instituto de Cirug\u00eda Pl\u00e1stica Avance<\/a> en el \u00e1rea de Lake Tahoe hoy para programar una consulta para la cirug\u00eda de reconstrucci\u00f3n de p\u00e1rpados del Dr. Erez Dayan.<\/p>\n","protected":false},"excerpt":{"rendered":"<p>Cirug\u00eda de reconstrucci\u00f3n de p\u00e1rpados en el \u00e1rea de Lake Tahoe\/Truckee Si est\u00e1 buscando un especialista en cirug\u00eda de&hellip;<\/p>\n","protected":false},"author":1,"featured_media":0,"parent":8956,"menu_order":0,"comment_status":"closed","ping_status":"closed","template":"","meta":{"_acf_changed":false,"footnotes":""},"class_list":["post-8959","page","type-page","status-publish"],"acf":[],"yoast_head":"<!-- This site is optimized with the Yoast SEO plugin v27.3 - https:\/\/yoast.com\/product\/yoast-seo-wordpress\/ -->\n<title>Cirujano de reconstrucci\u00f3n de p\u00e1rpados de Lake Tahoe | Cirug\u00eda Oculopl\u00e1stica Truckee<\/title>\n<meta name=\"description\" content=\"Cuando necesite los servicios de un cirujano de reconstrucci\u00f3n de p\u00e1rpados altamente capacitado y calificado en el \u00e1rea de Lake Tahoe, llame al Avance Plastic Surgery Institute y programe una consulta con un cirujano pl\u00e1stico cosm\u00e9tico de renombre mundial, el Dr. Erez Dayan.\" \/>\n<meta name=\"robots\" content=\"index, follow, max-snippet:-1, max-image-preview:large, max-video-preview:-1\" \/>\n<link rel=\"canonical\" href=\"https:\/\/www.avanceplasticsurgery.com\/es\/procedimientos-cosmeticos-y-de-cirugia\/cirugia-reconstructiva-facial-lake-tahoe-truckee\/cirugia-de-parpados-lake-tahoe-truckee\/\" \/>\n<meta property=\"og:locale\" content=\"es_ES\" \/>\n<meta property=\"og:type\" content=\"article\" \/>\n<meta property=\"og:title\" content=\"Cirujano de reconstrucci\u00f3n de p\u00e1rpados de Lake Tahoe | Cirug\u00eda Oculopl\u00e1stica Truckee\" \/>\n<meta property=\"og:description\" content=\"Cuando necesite los servicios de un cirujano de reconstrucci\u00f3n de p\u00e1rpados altamente capacitado y calificado en el \u00e1rea de Lake Tahoe, llame al Avance Plastic Surgery Institute y programe una consulta con un cirujano pl\u00e1stico cosm\u00e9tico de renombre mundial, el Dr. Erez Dayan.\" \/>\n<meta property=\"og:url\" content=\"https:\/\/www.avanceplasticsurgery.com\/es\/procedimientos-cosmeticos-y-de-cirugia\/cirugia-reconstructiva-facial-lake-tahoe-truckee\/cirugia-de-parpados-lake-tahoe-truckee\/\" \/>\n<meta property=\"og:site_name\" content=\"Avance Plastic Surgery\" \/>\n<meta property=\"article:modified_time\" content=\"2022-04-25T11:12:32+00:00\" \/>\n<meta name=\"twitter:card\" content=\"summary_large_image\" \/>\n<meta name=\"twitter:label1\" content=\"Tiempo de lectura\" \/>\n\t<meta name=\"twitter:data1\" content=\"3 minutos\" \/>\n<!-- \/ Yoast SEO plugin. -->","yoast_head_json":{"title":"Cirujano de reconstrucci\u00f3n de p\u00e1rpados de Lake Tahoe | Cirug\u00eda Oculopl\u00e1stica Truckee","description":"Cuando necesite los servicios de un cirujano de reconstrucci\u00f3n de p\u00e1rpados altamente capacitado y calificado en el \u00e1rea de Lake Tahoe, llame al Avance Plastic Surgery Institute y programe una consulta con un cirujano pl\u00e1stico cosm\u00e9tico de renombre mundial, el Dr. Erez Dayan.","robots":{"index":"index","follow":"follow","max-snippet":"max-snippet:-1","max-image-preview":"max-image-preview:large","max-video-preview":"max-video-preview:-1"},"canonical":"https:\/\/www.avanceplasticsurgery.com\/es\/procedimientos-cosmeticos-y-de-cirugia\/cirugia-reconstructiva-facial-lake-tahoe-truckee\/cirugia-de-parpados-lake-tahoe-truckee\/","og_locale":"es_ES","og_type":"article","og_title":"Cirujano de reconstrucci\u00f3n de p\u00e1rpados de Lake Tahoe | Cirug\u00eda Oculopl\u00e1stica Truckee","og_description":"Cuando necesite los servicios de un cirujano de reconstrucci\u00f3n de p\u00e1rpados altamente capacitado y calificado en el \u00e1rea de Lake Tahoe, llame al Avance Plastic Surgery Institute y programe una consulta con un cirujano pl\u00e1stico cosm\u00e9tico de renombre mundial, el Dr. Erez Dayan.","og_url":"https:\/\/www.avanceplasticsurgery.com\/es\/procedimientos-cosmeticos-y-de-cirugia\/cirugia-reconstructiva-facial-lake-tahoe-truckee\/cirugia-de-parpados-lake-tahoe-truckee\/","og_site_name":"Avance Plastic Surgery","article_modified_time":"2022-04-25T11:12:32+00:00","twitter_card":"summary_large_image","twitter_misc":{"Tiempo de lectura":"3 minutos"},"schema":{"@context":"https:\/\/schema.org","@graph":[{"@type":"WebPage","@id":"https:\/\/www.avanceplasticsurgery.com\/es\/procedimientos-cosmeticos-y-de-cirugia\/cirugia-reconstructiva-facial-lake-tahoe-truckee\/cirugia-de-parpados-lake-tahoe-truckee\/","url":"https:\/\/www.avanceplasticsurgery.com\/es\/procedimientos-cosmeticos-y-de-cirugia\/cirugia-reconstructiva-facial-lake-tahoe-truckee\/cirugia-de-parpados-lake-tahoe-truckee\/","name":"Cirujano de reconstrucci\u00f3n de p\u00e1rpados de Lake Tahoe | Cirug\u00eda Oculopl\u00e1stica Truckee","isPartOf":{"@id":"https:\/\/www.avanceplasticsurgery.com\/es\/#website"},"datePublished":"2021-02-25T20:30:49+00:00","dateModified":"2022-04-25T11:12:32+00:00","description":"Cuando necesite los servicios de un cirujano de reconstrucci\u00f3n de p\u00e1rpados altamente capacitado y calificado en el \u00e1rea de Lake Tahoe, llame al Avance Plastic Surgery Institute y programe una consulta con un cirujano pl\u00e1stico cosm\u00e9tico de renombre mundial, el Dr. Erez Dayan.","breadcrumb":{"@id":"https:\/\/www.avanceplasticsurgery.com\/es\/procedimientos-cosmeticos-y-de-cirugia\/cirugia-reconstructiva-facial-lake-tahoe-truckee\/cirugia-de-parpados-lake-tahoe-truckee\/#breadcrumb"},"inLanguage":"es","potentialAction":[{"@type":"ReadAction","target":["https:\/\/www.avanceplasticsurgery.com\/es\/procedimientos-cosmeticos-y-de-cirugia\/cirugia-reconstructiva-facial-lake-tahoe-truckee\/cirugia-de-parpados-lake-tahoe-truckee\/"]}]},{"@type":"BreadcrumbList","@id":"https:\/\/www.avanceplasticsurgery.com\/es\/procedimientos-cosmeticos-y-de-cirugia\/cirugia-reconstructiva-facial-lake-tahoe-truckee\/cirugia-de-parpados-lake-tahoe-truckee\/#breadcrumb","itemListElement":[{"@type":"ListItem","position":1,"name":"Home","item":"https:\/\/www.avanceplasticsurgery.com\/es\/"},{"@type":"ListItem","position":2,"name":"Cosm\u00e9tica","item":"https:\/\/www.avanceplasticsurgery.com\/es\/procedimientos-cosmeticos-y-de-cirugia\/"},{"@type":"ListItem","position":3,"name":"Cirug\u00eda reconstructiva facial Lake Tahoe\/Truckee","item":"https:\/\/www.avanceplasticsurgery.com\/es\/procedimientos-cosmeticos-y-de-cirugia\/cirugia-reconstructiva-facial-lake-tahoe-truckee\/"},{"@type":"ListItem","position":4,"name":"Cirug\u00eda de p\u00e1rpados Lake Tahoe\/Truckee"}]},{"@type":"WebSite","@id":"https:\/\/www.avanceplasticsurgery.com\/es\/#website","url":"https:\/\/www.avanceplasticsurgery.com\/es\/","name":"Avance Plastic Surgery","description":"","potentialAction":[{"@type":"SearchAction","target":{"@type":"EntryPoint","urlTemplate":"https:\/\/www.avanceplasticsurgery.com\/es\/?s={search_term_string}"},"query-input":{"@type":"PropertyValueSpecification","valueRequired":true,"valueName":"search_term_string"}}],"inLanguage":"es"}]}},"_links":{"self":[{"href":"https:\/\/www.avanceplasticsurgery.com\/es\/wp-json\/wp\/v2\/pages\/8959","targetHints":{"allow":["GET"]}}],"collection":[{"href":"https:\/\/www.avanceplasticsurgery.com\/es\/wp-json\/wp\/v2\/pages"}],"about":[{"href":"https:\/\/www.avanceplasticsurgery.com\/es\/wp-json\/wp\/v2\/types\/page"}],"author":[{"embeddable":true,"href":"https:\/\/www.avanceplasticsurgery.com\/es\/wp-json\/wp\/v2\/users\/1"}],"replies":[{"embeddable":true,"href":"https:\/\/www.avanceplasticsurgery.com\/es\/wp-json\/wp\/v2\/comments?post=8959"}],"version-history":[{"count":1,"href":"https:\/\/www.avanceplasticsurgery.com\/es\/wp-json\/wp\/v2\/pages\/8959\/revisions"}],"predecessor-version":[{"id":9183,"href":"https:\/\/www.avanceplasticsurgery.com\/es\/wp-json\/wp\/v2\/pages\/8959\/revisions\/9183"}],"up":[{"embeddable":true,"href":"https:\/\/www.avanceplasticsurgery.com\/es\/wp-json\/wp\/v2\/pages\/8956"}],"wp:attachment":[{"href":"https:\/\/www.avanceplasticsurgery.com\/es\/wp-json\/wp\/v2\/media?parent=8959"}],"curies":[{"name":"wp","href":"https:\/\/api.w.org\/{rel}","templated":true}]}}