{"id":8961,"date":"2021-02-25T20:55:36","date_gmt":"2021-02-25T20:55:36","guid":{"rendered":"https:\/\/www.avanceplasticsurgery.com\/procedimientos-cosmeticos-y-de-cirugia\/cirugia-reconstructiva-facial-lake-tahoe-truckee\/mohs-cancer-de-piel-lake-tahoe-truckee\/"},"modified":"2022-04-25T11:12:44","modified_gmt":"2022-04-25T11:12:44","slug":"mohs-cancer-de-piel-lake-tahoe-truckee","status":"publish","type":"page","link":"https:\/\/www.avanceplasticsurgery.com\/es\/procedimientos-cosmeticos-y-de-cirugia\/cirugia-reconstructiva-facial-lake-tahoe-truckee\/mohs-cancer-de-piel-lake-tahoe-truckee\/","title":{"rendered":"Mohs | C\u00e1ncer de piel Lake Tahoe\/Truckee"},"content":{"rendered":"<h1>Especialista en reconstrucci\u00f3n de Mohs en el \u00e1rea de Lake Tahoe\/Truckee<\/h1>\n<p>Si est\u00e1 buscando un especialista en reconstrucci\u00f3n de Mohs en el \u00e1rea de Lake Tahoe, recurra al renombrado cirujano pl\u00e1stico Dr. Erez Dayan en Avance Plastic Surgery Institute. Cada a\u00f1o, muchos pacientes, especialmente en Occidente, desarrollan c\u00e1ncer de piel como resultado de la exposici\u00f3n excesiva al sol. Cuando el c\u00e1ncer est\u00e1 presente en la cara, puede requerir un enfoque muy delicado para reparar la piel y los tejidos blandos. La cirug\u00eda microgr\u00e1fica de Mohs es realizada por dermat\u00f3logos para extirpar el c\u00e1ncer, y luego se contrata a un cirujano pl\u00e1stico capacitado en t\u00e9cnicas avanzadas de cierre de la piel, como el Dr. Erez Dayan, para <a title=\"Cirug\u00eda pl\u00e1stica reconstructiva de Truckee Lake Tahoe\" href=\"https:\/\/www.avanceplasticsurgery.com\/es\/cosmetic-and-surgery-procedures\/lake-tahoe-facial-reconstructive-surgery\/\">reconstruir los contornos faciales<\/a> para que parezcan tan naturales y discretos como sea posible.<\/p>\n<dl id=\"faq-1\" class=\"flc-faq\"><dt>\u00bfQu\u00e9 es la reconstrucci\u00f3n de Mohs?<\/dt><dd><p>El Dr. Dayan realiza la cirug\u00eda reconstructiva de Mohs en el Instituto de Cirug\u00eda Pl\u00e1stica Avance para ayudar a restaurar la apariencia del rostro despu\u00e9s de la extirpaci\u00f3n del c\u00e1ncer de piel. El Dr. Dayan evaluar\u00e1 el tama\u00f1o y la ubicaci\u00f3n del defecto y desarrollar\u00e1 un enfoque personalizado para cerrar las heridas discretamente con injertos, colgajos o t\u00e9cnicas avanzadas de transferencia de tejido. La prioridad del Dr. Dayan es asegurarse de que no solo se respeten los requisitos funcionales del rostro, sino tambi\u00e9n que se optimice la est\u00e9tica facial.<\/p><\/dd><dt>\u00bfCu\u00e1les son los beneficios de la cirug\u00eda reconstructiva de Mohs?<\/dt><dd><p>Entre los muchos beneficios de la cirug\u00eda reconstructiva de Mohs, se encuentran:<\/p>\r\n<ul>\r\n<li>Cierre despu\u00e9s del tratamiento del c\u00e1ncer de piel<\/li>\r\n<li>Confianza renovada en la apariencia<\/li>\r\n<li>Mejora en la est\u00e9tica facial<\/li>\r\n<li>Resultado delicado y natural.<\/li>\r\n<li>Incisiones bien ocultas<\/li>\r\n<li>Mantener un resultado funcional y est\u00e9tico \u00f3ptimo<\/li>\r\n<\/ul><\/dd><dt>\u00bfQui\u00e9n es un candidato ideal para la reconstrucci\u00f3n de Mohs?<\/dt><dd>Los pacientes que han sufrido c\u00e1ncer de piel en la cara en \u00e1reas sensibles como los labios, las orejas, la nariz, las mejillas y los p\u00e1rpados pueden ser candidatos ideales para la cirug\u00eda pl\u00e1stica reconstructiva despu\u00e9s de la cirug\u00eda de extirpaci\u00f3n del c\u00e1ncer de Mohs. Por lo general, la reconstrucci\u00f3n puede realizarse al d\u00eda siguiente de la extirpaci\u00f3n del c\u00e1ncer. El Dr. Dayan formular\u00e1 una evaluaci\u00f3n detallada y un plan para su caso individual durante su consulta confidencial en su oficina en el \u00e1rea de Lake Tahoe.<\/dd><dt>\u00bfQu\u00e9 implicar\u00e1 la recuperaci\u00f3n de la cirug\u00eda reconstructiva de Mohs?<\/dt><dd>La mayor\u00eda de los pacientes se someten a la reconstrucci\u00f3n de Mohs como un procedimiento en el consultorio bajo anestesia local. Dependiendo de la extensi\u00f3n de la reconstrucci\u00f3n, el Dr. Dayan generalmente recomienda que los pacientes descansen de 5 a 7 d\u00edas y eviten actividades o ejercicios extenuantes. El Dr. Dayan supervisar\u00e1 de cerca su curaci\u00f3n y siempre estar\u00e1 a solo una llamada de distancia.<\/dd><dt>\u00bfCu\u00e1les son las tarifas para la reconstrucci\u00f3n de Mohs?<\/dt><dd>La cirug\u00eda reconstructiva de Mohs es un procedimiento altamente individualizado, con estrategias y t\u00e9cnicas que difieren de un paciente a otro, seg\u00fan sus necesidades. Por esta raz\u00f3n, la mejor manera de obtener una cotizaci\u00f3n precisa de los servicios es programar una consulta con el Dr. Dayan en el \u00e1rea de Lake Tahoe. El m\u00e9dico realizar\u00e1 una evaluaci\u00f3n f\u00edsica en profundidad, as\u00ed como una revisi\u00f3n exhaustiva de su historial m\u00e9dico. El Dr. Dayan y su personal le brindar\u00e1n una explicaci\u00f3n clara de los costos del tratamiento. Nuestra oficina lo ayudar\u00e1 a completar la documentaci\u00f3n de su seguro y solicitar financiamiento si es necesario.<\/dd><dt>\u00bfPor qu\u00e9 elegir al Dr. Dayan para la reconstrucci\u00f3n de Mohs en el \u00e1rea del lago Tahoe?<\/dt><dd><p>El Dr. Dayan se form\u00f3 en el Programa de Cirug\u00eda Pl\u00e1stica de Harvard, de renombre mundial, y se clasific\u00f3 consistentemente como el n\u00famero 1 en la naci\u00f3n seg\u00fan US News and World Report. Despu\u00e9s de su formaci\u00f3n en Harvard, el Dr. Dayan fue uno de los dos cirujanos elegidos para obtener una beca de \u00e9lite en cirug\u00eda est\u00e9tica en el prestigioso Instituto de Cirug\u00eda Pl\u00e1stica de Dallas.<\/p>\r\n\r\n<p>Ha publicado y presentado sobre temas de cirug\u00eda pl\u00e1stica en m\u00e1s de 150 ocasiones, incluida la escritura de cinco libros. El Dr. Dayan ha presentado su investigaci\u00f3n y experiencia en cirug\u00eda pl\u00e1stica a nivel internacional, incluidos Europa, Am\u00e9rica del Sur, Asia y Medio Oriente. El Dr. Dayan tambi\u00e9n se ha desempe\u00f1ado como investigador y l\u00edder de opini\u00f3n para empresas como Allergan, Galderma, MTF Biologics e InMode.<\/p><\/dd><\/dl>\n<p>Para una consulta de cirug\u00eda de Mohs con el Dr. Erez Dayan, <a title=\"Comun\u00edquese con el Instituto de Cirug\u00eda Pl\u00e1stica Avance cerca de Truckee Lake Tahoe\" href=\"https:\/\/www.avanceplasticsurgery.com\/es\/contact-us-dr-erez-dayan\/\">comun\u00edquese con el Instituto de Cirug\u00eda Pl\u00e1stica Avance<\/a> en el \u00e1rea de Lake Tahoe.<\/p>\n","protected":false},"excerpt":{"rendered":"<p>Especialista en reconstrucci\u00f3n de Mohs en el \u00e1rea de Lake Tahoe\/Truckee Si est\u00e1 buscando un especialista en reconstrucci\u00f3n de&hellip;<\/p>\n","protected":false},"author":1,"featured_media":0,"parent":8956,"menu_order":0,"comment_status":"closed","ping_status":"closed","template":"","meta":{"_acf_changed":false,"footnotes":""},"class_list":["post-8961","page","type-page","status-publish"],"acf":[],"yoast_head":"<!-- This site is optimized with the Yoast SEO plugin v27.4 - https:\/\/yoast.com\/product\/yoast-seo-wordpress\/ -->\n<title>Cirug\u00eda de Mohs en el lago Tahoe | Cirujano pl\u00e1stico de c\u00e1ncer de piel de Truckee<\/title>\n<meta name=\"description\" content=\"La cirug\u00eda de Mohs para realizar reparaciones cosm\u00e9ticas despu\u00e9s de la extirpaci\u00f3n del c\u00e1ncer suele ser necesaria. El Dr. Erez Dayan realiza esta importante cirug\u00eda pl\u00e1stica en el Instituto de Cirug\u00eda Pl\u00e1stica Avance en el \u00e1rea de Lake Tahoe. Llame hoy para programar su consulta de Mohs.\" \/>\n<meta name=\"robots\" content=\"index, follow, max-snippet:-1, max-image-preview:large, max-video-preview:-1\" \/>\n<link rel=\"canonical\" href=\"https:\/\/www.avanceplasticsurgery.com\/es\/procedimientos-cosmeticos-y-de-cirugia\/cirugia-reconstructiva-facial-lake-tahoe-truckee\/mohs-cancer-de-piel-lake-tahoe-truckee\/\" \/>\n<meta property=\"og:locale\" content=\"es_ES\" \/>\n<meta property=\"og:type\" content=\"article\" \/>\n<meta property=\"og:title\" content=\"Cirug\u00eda de Mohs en el lago Tahoe | Cirujano pl\u00e1stico de c\u00e1ncer de piel de Truckee\" \/>\n<meta property=\"og:description\" content=\"La cirug\u00eda de Mohs para realizar reparaciones cosm\u00e9ticas despu\u00e9s de la extirpaci\u00f3n del c\u00e1ncer suele ser necesaria. El Dr. Erez Dayan realiza esta importante cirug\u00eda pl\u00e1stica en el Instituto de Cirug\u00eda Pl\u00e1stica Avance en el \u00e1rea de Lake Tahoe. Llame hoy para programar su consulta de Mohs.\" \/>\n<meta property=\"og:url\" content=\"https:\/\/www.avanceplasticsurgery.com\/es\/procedimientos-cosmeticos-y-de-cirugia\/cirugia-reconstructiva-facial-lake-tahoe-truckee\/mohs-cancer-de-piel-lake-tahoe-truckee\/\" \/>\n<meta property=\"og:site_name\" content=\"Avance Plastic Surgery\" \/>\n<meta property=\"article:modified_time\" content=\"2022-04-25T11:12:44+00:00\" \/>\n<meta name=\"twitter:card\" content=\"summary_large_image\" \/>\n<meta name=\"twitter:label1\" content=\"Tiempo de lectura\" \/>\n\t<meta name=\"twitter:data1\" content=\"1 minuto\" \/>\n<!-- \/ Yoast SEO plugin. -->","yoast_head_json":{"title":"Cirug\u00eda de Mohs en el lago Tahoe | Cirujano pl\u00e1stico de c\u00e1ncer de piel de Truckee","description":"La cirug\u00eda de Mohs para realizar reparaciones cosm\u00e9ticas despu\u00e9s de la extirpaci\u00f3n del c\u00e1ncer suele ser necesaria. El Dr. Erez Dayan realiza esta importante cirug\u00eda pl\u00e1stica en el Instituto de Cirug\u00eda Pl\u00e1stica Avance en el \u00e1rea de Lake Tahoe. Llame hoy para programar su consulta de Mohs.","robots":{"index":"index","follow":"follow","max-snippet":"max-snippet:-1","max-image-preview":"max-image-preview:large","max-video-preview":"max-video-preview:-1"},"canonical":"https:\/\/www.avanceplasticsurgery.com\/es\/procedimientos-cosmeticos-y-de-cirugia\/cirugia-reconstructiva-facial-lake-tahoe-truckee\/mohs-cancer-de-piel-lake-tahoe-truckee\/","og_locale":"es_ES","og_type":"article","og_title":"Cirug\u00eda de Mohs en el lago Tahoe | Cirujano pl\u00e1stico de c\u00e1ncer de piel de Truckee","og_description":"La cirug\u00eda de Mohs para realizar reparaciones cosm\u00e9ticas despu\u00e9s de la extirpaci\u00f3n del c\u00e1ncer suele ser necesaria. El Dr. Erez Dayan realiza esta importante cirug\u00eda pl\u00e1stica en el Instituto de Cirug\u00eda Pl\u00e1stica Avance en el \u00e1rea de Lake Tahoe. Llame hoy para programar su consulta de Mohs.","og_url":"https:\/\/www.avanceplasticsurgery.com\/es\/procedimientos-cosmeticos-y-de-cirugia\/cirugia-reconstructiva-facial-lake-tahoe-truckee\/mohs-cancer-de-piel-lake-tahoe-truckee\/","og_site_name":"Avance Plastic Surgery","article_modified_time":"2022-04-25T11:12:44+00:00","twitter_card":"summary_large_image","twitter_misc":{"Tiempo de lectura":"1 minuto"},"schema":{"@context":"https:\/\/schema.org","@graph":[{"@type":"WebPage","@id":"https:\/\/www.avanceplasticsurgery.com\/es\/procedimientos-cosmeticos-y-de-cirugia\/cirugia-reconstructiva-facial-lake-tahoe-truckee\/mohs-cancer-de-piel-lake-tahoe-truckee\/","url":"https:\/\/www.avanceplasticsurgery.com\/es\/procedimientos-cosmeticos-y-de-cirugia\/cirugia-reconstructiva-facial-lake-tahoe-truckee\/mohs-cancer-de-piel-lake-tahoe-truckee\/","name":"Cirug\u00eda de Mohs en el lago Tahoe | Cirujano pl\u00e1stico de c\u00e1ncer de piel de Truckee","isPartOf":{"@id":"https:\/\/www.avanceplasticsurgery.com\/es\/#website"},"datePublished":"2021-02-25T20:55:36+00:00","dateModified":"2022-04-25T11:12:44+00:00","description":"La cirug\u00eda de Mohs para realizar reparaciones cosm\u00e9ticas despu\u00e9s de la extirpaci\u00f3n del c\u00e1ncer suele ser necesaria. El Dr. Erez Dayan realiza esta importante cirug\u00eda pl\u00e1stica en el Instituto de Cirug\u00eda Pl\u00e1stica Avance en el \u00e1rea de Lake Tahoe. Llame hoy para programar su consulta de Mohs.","breadcrumb":{"@id":"https:\/\/www.avanceplasticsurgery.com\/es\/procedimientos-cosmeticos-y-de-cirugia\/cirugia-reconstructiva-facial-lake-tahoe-truckee\/mohs-cancer-de-piel-lake-tahoe-truckee\/#breadcrumb"},"inLanguage":"es","potentialAction":[{"@type":"ReadAction","target":["https:\/\/www.avanceplasticsurgery.com\/es\/procedimientos-cosmeticos-y-de-cirugia\/cirugia-reconstructiva-facial-lake-tahoe-truckee\/mohs-cancer-de-piel-lake-tahoe-truckee\/"]}]},{"@type":"BreadcrumbList","@id":"https:\/\/www.avanceplasticsurgery.com\/es\/procedimientos-cosmeticos-y-de-cirugia\/cirugia-reconstructiva-facial-lake-tahoe-truckee\/mohs-cancer-de-piel-lake-tahoe-truckee\/#breadcrumb","itemListElement":[{"@type":"ListItem","position":1,"name":"Home","item":"https:\/\/www.avanceplasticsurgery.com\/es\/"},{"@type":"ListItem","position":2,"name":"Cosm\u00e9tica","item":"https:\/\/www.avanceplasticsurgery.com\/es\/procedimientos-cosmeticos-y-de-cirugia\/"},{"@type":"ListItem","position":3,"name":"Cirug\u00eda reconstructiva facial Lake Tahoe\/Truckee","item":"https:\/\/www.avanceplasticsurgery.com\/es\/procedimientos-cosmeticos-y-de-cirugia\/cirugia-reconstructiva-facial-lake-tahoe-truckee\/"},{"@type":"ListItem","position":4,"name":"Mohs | C\u00e1ncer de piel Lake Tahoe\/Truckee"}]},{"@type":"WebSite","@id":"https:\/\/www.avanceplasticsurgery.com\/es\/#website","url":"https:\/\/www.avanceplasticsurgery.com\/es\/","name":"Avance Plastic Surgery","description":"","potentialAction":[{"@type":"SearchAction","target":{"@type":"EntryPoint","urlTemplate":"https:\/\/www.avanceplasticsurgery.com\/es\/?s={search_term_string}"},"query-input":{"@type":"PropertyValueSpecification","valueRequired":true,"valueName":"search_term_string"}}],"inLanguage":"es"}]}},"_links":{"self":[{"href":"https:\/\/www.avanceplasticsurgery.com\/es\/wp-json\/wp\/v2\/pages\/8961","targetHints":{"allow":["GET"]}}],"collection":[{"href":"https:\/\/www.avanceplasticsurgery.com\/es\/wp-json\/wp\/v2\/pages"}],"about":[{"href":"https:\/\/www.avanceplasticsurgery.com\/es\/wp-json\/wp\/v2\/types\/page"}],"author":[{"embeddable":true,"href":"https:\/\/www.avanceplasticsurgery.com\/es\/wp-json\/wp\/v2\/users\/1"}],"replies":[{"embeddable":true,"href":"https:\/\/www.avanceplasticsurgery.com\/es\/wp-json\/wp\/v2\/comments?post=8961"}],"version-history":[{"count":1,"href":"https:\/\/www.avanceplasticsurgery.com\/es\/wp-json\/wp\/v2\/pages\/8961\/revisions"}],"predecessor-version":[{"id":9184,"href":"https:\/\/www.avanceplasticsurgery.com\/es\/wp-json\/wp\/v2\/pages\/8961\/revisions\/9184"}],"up":[{"embeddable":true,"href":"https:\/\/www.avanceplasticsurgery.com\/es\/wp-json\/wp\/v2\/pages\/8956"}],"wp:attachment":[{"href":"https:\/\/www.avanceplasticsurgery.com\/es\/wp-json\/wp\/v2\/media?parent=8961"}],"curies":[{"name":"wp","href":"https:\/\/api.w.org\/{rel}","templated":true}]}}