{"id":8964,"date":"2021-09-03T11:56:20","date_gmt":"2021-09-03T11:56:20","guid":{"rendered":"https:\/\/www.avanceplasticsurgery.com\/procedimientos-cosmeticos-y-de-cirugia\/transplante-de-pelo\/"},"modified":"2022-04-25T12:47:41","modified_gmt":"2022-04-25T12:47:41","slug":"transplante-de-pelo","status":"publish","type":"page","link":"https:\/\/www.avanceplasticsurgery.com\/es\/procedimientos-cosmeticos-y-de-cirugia\/transplante-de-pelo\/","title":{"rendered":"Transplante de pelo"},"content":{"rendered":"<h1>Transplante de pelo<\/h1>\n<p>El adelgazamiento del cabello y la calvicie pueden hacerle sentir <a title=\"Reno NV Cirug\u00eda Est\u00e9tica Facial\" href=\"https:\/\/www.avanceplasticsurgery.com\/es\/cosmetic-and-surgery-procedures\/\">inseguro acerca de su apariencia<\/a> . La p\u00e9rdida de cabello puede ser causada por estr\u00e9s, desequilibrios hormonales, medicamentos y una variedad de otros factores. Hay opciones de trasplante de cabello quir\u00fargicas y no quir\u00fargicas disponibles para ayudarlo a verse y sentirse lo mejor posible.<\/p>\n<h2>Restauraci\u00f3n y trasplante de cabello efectivo<\/h2>\n<p>Avance Plastic Surgery Institute es un proveedor l\u00edder de procedimientos efectivos de trasplante y restauraci\u00f3n de cabello. El Dr. Erez Dayan utiliza t\u00e9cnicas avanzadas para tratar la ca\u00edda del cabello y ayudar a recuperar la confianza en s\u00ed mismo. Como director m\u00e9dico del Instituto de Cirug\u00eda Pl\u00e1stica Avance, el Dr. Dayan se esfuerza por brindar a los pacientes la informaci\u00f3n que necesitan con total transparencia para tomar decisiones informadas sobre su atenci\u00f3n. Cada paciente recibe un plan de tratamiento personalizado dise\u00f1ado para que pueda lograr sus objetivos est\u00e9ticos. Cada paso se explica con todo detalle para que comprenda los riesgos, beneficios y costos de su procedimiento.<\/p>\n<h3>C\u00f3mo funciona un trasplante de cabello<\/h3>\n<p>El trasplante de cabello es un procedimiento ambulatorio con un tiempo de inactividad m\u00ednimo. Se utiliza un anest\u00e9sico local para ayudar a minimizar el dolor. Los fol\u00edculos pilosos generalmente se transfieren desde el sitio donante al \u00e1rea objetivo uno a la vez para garantizar una apariencia natural. Los pacientes pueden volver a trabajar al d\u00eda siguiente. Despu\u00e9s de unos meses de trasplantes, puedes peinar y te\u00f1ir tu cabello como quieras.<\/p>\n<h4>Candidatos ideales para el trasplante de cabello<\/h4>\n<p>Los candidatos ideales para un trasplante de cabello son las personas que todav\u00eda tienen algo de cabello en los costados o en la parte posterior de la cabeza. Este cabello se puede utilizar como cabello donante para el trasplante. Las mujeres con adelgazamiento del cabello pueden usar fol\u00edculos pilosos de otras \u00e1reas de sus cuerpos. Una consulta con el Dr. Dayan puede determinar si usted es un candidato ideal para un trasplante de cabello u otra t\u00e9cnica de restauraci\u00f3n capilar.<\/p>\n<h5>Restaure su confianza en s\u00ed mismo con un trasplante de cabello hoy<\/h5>\n<p>Si tiene problemas con la p\u00e9rdida de cabello, un trasplante de cabello puede ser una soluci\u00f3n segura y efectiva. En Avance Plastic Surgery Institute, el Dr. Dayan se especializa en ayudar a los pacientes a transformar su apariencia con una amplia gama de tratamientos y procedimientos cosm\u00e9ticos. Para descubrir si es un candidato ideal para un trasplante de cabello, <a title=\"Comun\u00edquese con Avance Plastic Surgery en Reno NV\" href=\"https:\/\/www.avanceplasticsurgery.com\/es\/contact-us-dr-erez-dayan\/\">programe una consulta<\/a> hoy.<\/p>\n","protected":false},"excerpt":{"rendered":"<p>Transplante de pelo El adelgazamiento del cabello y la calvicie pueden hacerle sentir inseguro acerca de su apariencia .&hellip;<\/p>\n","protected":false},"author":1,"featured_media":8577,"parent":8804,"menu_order":0,"comment_status":"closed","ping_status":"closed","template":"","meta":{"_acf_changed":false,"footnotes":""},"class_list":["post-8964","page","type-page","status-publish","has-post-thumbnail"],"acf":[],"yoast_head":"<!-- This site is optimized with the Yoast SEO plugin v25.6 - https:\/\/yoast.com\/wordpress\/plugins\/seo\/ -->\n<title>Trasplante de cabello Reno NV | Restauraci\u00f3n del cabello en el lago Tahoe<\/title>\n<meta name=\"description\" content=\"Un trasplante de cabello puede ser una forma segura y efectiva de restaurar la p\u00e9rdida de cabello y la confianza en uno mismo. Ll\u00e1menos o env\u00edenos un mensaje para programar una consulta hoy.\" \/>\n<meta name=\"robots\" content=\"index, follow, max-snippet:-1, max-image-preview:large, max-video-preview:-1\" \/>\n<link rel=\"canonical\" href=\"https:\/\/www.avanceplasticsurgery.com\/es\/procedimientos-cosmeticos-y-de-cirugia\/transplante-de-pelo\/\" \/>\n<meta property=\"og:locale\" content=\"es_ES\" \/>\n<meta property=\"og:type\" content=\"article\" \/>\n<meta property=\"og:title\" content=\"Trasplante de cabello Reno NV | Restauraci\u00f3n del cabello en el lago Tahoe\" \/>\n<meta property=\"og:description\" content=\"Un trasplante de cabello puede ser una forma segura y efectiva de restaurar la p\u00e9rdida de cabello y la confianza en uno mismo. Ll\u00e1menos o env\u00edenos un mensaje para programar una consulta hoy.\" \/>\n<meta property=\"og:url\" content=\"https:\/\/www.avanceplasticsurgery.com\/es\/procedimientos-cosmeticos-y-de-cirugia\/transplante-de-pelo\/\" \/>\n<meta property=\"og:site_name\" content=\"Avance Plastic Surgery\" \/>\n<meta property=\"article:modified_time\" content=\"2022-04-25T12:47:41+00:00\" \/>\n<meta property=\"og:image\" content=\"https:\/\/www.avanceplasticsurgery.com\/wp-content\/uploads\/2022\/01\/skin.jpg\" \/>\n\t<meta property=\"og:image:width\" content=\"1920\" \/>\n\t<meta property=\"og:image:height\" content=\"595\" \/>\n\t<meta property=\"og:image:type\" content=\"image\/jpeg\" \/>\n<meta name=\"twitter:card\" content=\"summary_large_image\" \/>\n<meta name=\"twitter:label1\" content=\"Tiempo de lectura\" \/>\n\t<meta name=\"twitter:data1\" content=\"2 minutos\" \/>\n<!-- \/ Yoast SEO plugin. -->","yoast_head_json":{"title":"Trasplante de cabello Reno NV | Restauraci\u00f3n del cabello en el lago Tahoe","description":"Un trasplante de cabello puede ser una forma segura y efectiva de restaurar la p\u00e9rdida de cabello y la confianza en uno mismo. Ll\u00e1menos o env\u00edenos un mensaje para programar una consulta hoy.","robots":{"index":"index","follow":"follow","max-snippet":"max-snippet:-1","max-image-preview":"max-image-preview:large","max-video-preview":"max-video-preview:-1"},"canonical":"https:\/\/www.avanceplasticsurgery.com\/es\/procedimientos-cosmeticos-y-de-cirugia\/transplante-de-pelo\/","og_locale":"es_ES","og_type":"article","og_title":"Trasplante de cabello Reno NV | Restauraci\u00f3n del cabello en el lago Tahoe","og_description":"Un trasplante de cabello puede ser una forma segura y efectiva de restaurar la p\u00e9rdida de cabello y la confianza en uno mismo. Ll\u00e1menos o env\u00edenos un mensaje para programar una consulta hoy.","og_url":"https:\/\/www.avanceplasticsurgery.com\/es\/procedimientos-cosmeticos-y-de-cirugia\/transplante-de-pelo\/","og_site_name":"Avance Plastic Surgery","article_modified_time":"2022-04-25T12:47:41+00:00","og_image":[{"width":1920,"height":595,"url":"https:\/\/www.avanceplasticsurgery.com\/wp-content\/uploads\/2022\/01\/skin.jpg","type":"image\/jpeg"}],"twitter_card":"summary_large_image","twitter_misc":{"Tiempo de lectura":"2 minutos"},"schema":{"@context":"https:\/\/schema.org","@graph":[{"@type":"WebPage","@id":"https:\/\/www.avanceplasticsurgery.com\/es\/procedimientos-cosmeticos-y-de-cirugia\/transplante-de-pelo\/","url":"https:\/\/www.avanceplasticsurgery.com\/es\/procedimientos-cosmeticos-y-de-cirugia\/transplante-de-pelo\/","name":"Trasplante de cabello Reno NV | Restauraci\u00f3n del cabello en el lago Tahoe","isPartOf":{"@id":"https:\/\/www.avanceplasticsurgery.com\/es\/#website"},"primaryImageOfPage":{"@id":"https:\/\/www.avanceplasticsurgery.com\/es\/procedimientos-cosmeticos-y-de-cirugia\/transplante-de-pelo\/#primaryimage"},"image":{"@id":"https:\/\/www.avanceplasticsurgery.com\/es\/procedimientos-cosmeticos-y-de-cirugia\/transplante-de-pelo\/#primaryimage"},"thumbnailUrl":"https:\/\/www.avanceplasticsurgery.com\/wp-content\/uploads\/2022\/01\/skin.jpg","datePublished":"2021-09-03T11:56:20+00:00","dateModified":"2022-04-25T12:47:41+00:00","description":"Un trasplante de cabello puede ser una forma segura y efectiva de restaurar la p\u00e9rdida de cabello y la confianza en uno mismo. Ll\u00e1menos o env\u00edenos un mensaje para programar una consulta hoy.","breadcrumb":{"@id":"https:\/\/www.avanceplasticsurgery.com\/es\/procedimientos-cosmeticos-y-de-cirugia\/transplante-de-pelo\/#breadcrumb"},"inLanguage":"es","potentialAction":[{"@type":"ReadAction","target":["https:\/\/www.avanceplasticsurgery.com\/es\/procedimientos-cosmeticos-y-de-cirugia\/transplante-de-pelo\/"]}]},{"@type":"ImageObject","inLanguage":"es","@id":"https:\/\/www.avanceplasticsurgery.com\/es\/procedimientos-cosmeticos-y-de-cirugia\/transplante-de-pelo\/#primaryimage","url":"https:\/\/www.avanceplasticsurgery.com\/wp-content\/uploads\/2022\/01\/skin.jpg","contentUrl":"https:\/\/www.avanceplasticsurgery.com\/wp-content\/uploads\/2022\/01\/skin.jpg","width":1920,"height":595,"caption":"Una mujer y un hombre con bata blanca, posiblemente un m\u00e9dico, sonr\u00eden y miran juntos un documento o un libro sobre un fondo liso."},{"@type":"BreadcrumbList","@id":"https:\/\/www.avanceplasticsurgery.com\/es\/procedimientos-cosmeticos-y-de-cirugia\/transplante-de-pelo\/#breadcrumb","itemListElement":[{"@type":"ListItem","position":1,"name":"Home","item":"https:\/\/www.avanceplasticsurgery.com\/es\/"},{"@type":"ListItem","position":2,"name":"Cosm\u00e9tica","item":"https:\/\/www.avanceplasticsurgery.com\/es\/procedimientos-cosmeticos-y-de-cirugia\/"},{"@type":"ListItem","position":3,"name":"Transplante de pelo"}]},{"@type":"WebSite","@id":"https:\/\/www.avanceplasticsurgery.com\/es\/#website","url":"https:\/\/www.avanceplasticsurgery.com\/es\/","name":"Avance Plastic Surgery","description":"","potentialAction":[{"@type":"SearchAction","target":{"@type":"EntryPoint","urlTemplate":"https:\/\/www.avanceplasticsurgery.com\/es\/?s={search_term_string}"},"query-input":{"@type":"PropertyValueSpecification","valueRequired":true,"valueName":"search_term_string"}}],"inLanguage":"es"}]}},"_links":{"self":[{"href":"https:\/\/www.avanceplasticsurgery.com\/es\/wp-json\/wp\/v2\/pages\/8964","targetHints":{"allow":["GET"]}}],"collection":[{"href":"https:\/\/www.avanceplasticsurgery.com\/es\/wp-json\/wp\/v2\/pages"}],"about":[{"href":"https:\/\/www.avanceplasticsurgery.com\/es\/wp-json\/wp\/v2\/types\/page"}],"author":[{"embeddable":true,"href":"https:\/\/www.avanceplasticsurgery.com\/es\/wp-json\/wp\/v2\/users\/1"}],"replies":[{"embeddable":true,"href":"https:\/\/www.avanceplasticsurgery.com\/es\/wp-json\/wp\/v2\/comments?post=8964"}],"version-history":[{"count":1,"href":"https:\/\/www.avanceplasticsurgery.com\/es\/wp-json\/wp\/v2\/pages\/8964\/revisions"}],"predecessor-version":[{"id":9279,"href":"https:\/\/www.avanceplasticsurgery.com\/es\/wp-json\/wp\/v2\/pages\/8964\/revisions\/9279"}],"up":[{"embeddable":true,"href":"https:\/\/www.avanceplasticsurgery.com\/es\/wp-json\/wp\/v2\/pages\/8804"}],"wp:featuredmedia":[{"embeddable":true,"href":"https:\/\/www.avanceplasticsurgery.com\/es\/wp-json\/wp\/v2\/media\/8577"}],"wp:attachment":[{"href":"https:\/\/www.avanceplasticsurgery.com\/es\/wp-json\/wp\/v2\/media?parent=8964"}],"curies":[{"name":"wp","href":"https:\/\/api.w.org\/{rel}","templated":true}]}}