{"id":8965,"date":"2020-09-16T08:03:19","date_gmt":"2020-09-16T08:03:19","guid":{"rendered":"https:\/\/www.avanceplasticsurgery.com\/procedimientos-cosmeticos-y-de-cirugia\/procedimientos-y-aumento-de-labios\/"},"modified":"2022-04-25T11:50:05","modified_gmt":"2022-04-25T11:50:05","slug":"procedimientos-y-aumento-de-labios","status":"publish","type":"page","link":"https:\/\/www.avanceplasticsurgery.com\/es\/procedimientos-cosmeticos-y-de-cirugia\/procedimientos-y-aumento-de-labios\/","title":{"rendered":"Procedimientos y Aumento de Labios"},"content":{"rendered":"<h1>Procedimientos Cosm\u00e9ticos de Labios<\/h1>\n<p>Los labios nos permiten hablar, silbar, besar y producir una gran variedad de expresiones faciales. Cuando no est\u00e1 satisfecho con la forma, el tama\u00f1o o el contorno de sus labios o ha sufrido un trauma facial que ha afectado sus labios, existen opciones quir\u00fargicas disponibles. El Dr. Erez Dayan realiza procedimientos cosm\u00e9ticos y reconstructivos de labios en Reno\/Tahoe, Nevada, en el Avance Plastic Surgery Institute.<\/p>\n<p>No todo el mundo est\u00e1 dotado de un par de labios bellamente esculpidos. Ya sea que desee labios carnosos y carnosos, un poco de rejuvenecimiento labial para borrar el envejecimiento, le gustar\u00eda reducir el tama\u00f1o, cambiar el contorno o reparar un traumatismo reciente, hay una <a title=\"Reno NV Cirug\u00eda Est\u00e9tica Facial\" href=\"https:\/\/www.avanceplasticsurgery.com\/es\/cosmetic-and-surgery-procedures\/\">cirug\u00eda pl\u00e1stica cosm\u00e9tica<\/a> disponible para brindarle los labios que desea. Cuando los rellenos y los neuromoduladores no son suficientes para realizar los cambios que necesita, el Dr. Dayan puede recomendar una variedad de procedimientos cosm\u00e9ticos para labios para ayudarlo a obtener los labios que siempre ha deseado.<\/p>\n<h2>Cirug\u00eda Pl\u00e1stica Cosm\u00e9tica de Labios<\/h2>\n<p>La cirug\u00eda pl\u00e1stica cosm\u00e9tica de labios es una opci\u00f3n est\u00e9tica popular para muchas personas. Las mujeres, al igual que los hombres, a menudo optan por modificar o mejorar sus labios quir\u00fargicamente de alguna manera para cambiar su apariencia y tener un efecto m\u00e1s atractivo. El Dr. Dayan ofrece las siguientes opciones de cirug\u00eda pl\u00e1stica cosm\u00e9tica y reconstructiva de labios en Avance Plastic Surgery Institute:<\/p>\n<nav class=\"flc-submenu\" aria-label=\"sub menu\"><ul><li class=\"page_item page-item-8967\"><a href=\"https:\/\/www.avanceplasticsurgery.com\/es\/procedimientos-cosmeticos-y-de-cirugia\/procedimientos-y-aumento-de-labios\/injerto-de-grasa-dermica-labial\/\">Injerto de grasa d\u00e9rmica labial<\/a><\/li>\n<li class=\"page_item page-item-8970\"><a href=\"https:\/\/www.avanceplasticsurgery.com\/es\/procedimientos-cosmeticos-y-de-cirugia\/procedimientos-y-aumento-de-labios\/levantamiento-de-labios-realce\/\">Levantamiento de labios, Realce<\/a><\/li>\n<li class=\"page_item page-item-8971\"><a href=\"https:\/\/www.avanceplasticsurgery.com\/es\/procedimientos-cosmeticos-y-de-cirugia\/procedimientos-y-aumento-de-labios\/reconstruccion-de-labios\/\">Reconstrucci\u00f3n de labios<\/a><\/li>\n<li class=\"page_item page-item-8972\"><a href=\"https:\/\/www.avanceplasticsurgery.com\/es\/procedimientos-cosmeticos-y-de-cirugia\/procedimientos-y-aumento-de-labios\/reduccion-de-labios\/\">Reducci\u00f3n de labios<\/a><\/li>\n<\/ul><\/nav>\n<p>Ya sea que desee labios m\u00e1s carnosos y voluptuosos o labios m\u00e1s delgados y definidos, un estiramiento de labios para borrar los signos del envejecimiento o una reconstrucci\u00f3n de labios debido a un traumatismo o c\u00e1ncer, el Dr. Dayan puede adaptar una cirug\u00eda pl\u00e1stica cosm\u00e9tica de labios para satisfacer sus necesidades \u00fanicas. Cada opci\u00f3n de cirug\u00eda siempre se realiza con t\u00e9cnicas avanzadas que le permiten al Dr. Dayan ocultar o minimizar las cicatrices visibles para una apariencia hermosa.<\/p>\n<p>El Dr. Dayan es un cirujano pl\u00e1stico cosm\u00e9tico y reconstructivo muy solicitado con credenciales impresionantes y una vasta experiencia. Adem\u00e1s de su pr\u00e1ctica privada en el Instituto de Cirug\u00eda Pl\u00e1stica Avance en Reno\/Tahoe, ha dictado conferencias y publicado extensamente sobre t\u00e9cnicas y tecnolog\u00eda de cirug\u00eda pl\u00e1stica y ha demostrado cirug\u00eda pl\u00e1stica de varios tipos en todo el mundo.<\/p>\n<p>\u00c9l puede explicarle m\u00e1s sobre los procedimientos recomendados para realzar o reparar sus labios en una consulta privada en su oficina de Reno\/Tahoe. <a title=\"P\u00f3ngase en contacto con el Instituto de Cirug\u00eda Pl\u00e1stica Avance en Reno NV\" href=\"https:\/\/www.avanceplasticsurgery.com\/es\/contact-us-dr-erez-dayan\/\">Comun\u00edquese con el Instituto de Cirug\u00eda Pl\u00e1stica Avance en l\u00ednea<\/a> o ll\u00e1menos al (775) 800-4444 hoy para programar una consulta de procedimientos reconstructivos y cosm\u00e9ticos para labios con el Dr. Erez Dayan.<\/p>\n<p>El Dr. Erez Dayan ha realizado una extensa investigaci\u00f3n sobre suplementos en cirug\u00eda pl\u00e1stica. Lea m\u00e1s sobre la investigaci\u00f3n de Suplementos en Cirug\u00eda Pl\u00e1stica del <a href=\"https:\/\/www.avanceplasticsurgery.com\/es\/about-avance-plastic-surgery-institute\/research\/#supplements\">Dr. Dayan aqu\u00ed.<\/a><\/p>\n","protected":false},"excerpt":{"rendered":"<p>Procedimientos Cosm\u00e9ticos de Labios Los labios nos permiten hablar, silbar, besar y producir una gran variedad de expresiones faciales.&hellip;<\/p>\n","protected":false},"author":1,"featured_media":8583,"parent":8804,"menu_order":0,"comment_status":"closed","ping_status":"closed","template":"","meta":{"_acf_changed":false,"footnotes":""},"class_list":["post-8965","page","type-page","status-publish","has-post-thumbnail"],"acf":[],"yoast_head":"<!-- This site is optimized with the Yoast SEO plugin v25.6 - https:\/\/yoast.com\/wordpress\/plugins\/seo\/ -->\n<title>Aumento de labios Reno NV | Cirug\u00eda pl\u00e1stica cosm\u00e9tica de labios en Lake Tahoe<\/title>\n<meta name=\"description\" content=\"Los procedimientos y aumentos cosm\u00e9ticos de labios est\u00e1n disponibles a trav\u00e9s de un cirujano pl\u00e1stico cosm\u00e9tico altamente calificado en Reno, NV. El Dr. Erez Dayan realiza cirug\u00eda pl\u00e1stica cosm\u00e9tica de labios en el Instituto de Cirug\u00eda Pl\u00e1stica Avance. Llame hoy para una consulta.\" \/>\n<meta name=\"robots\" content=\"index, follow, max-snippet:-1, max-image-preview:large, max-video-preview:-1\" \/>\n<link rel=\"canonical\" href=\"https:\/\/www.avanceplasticsurgery.com\/es\/procedimientos-cosmeticos-y-de-cirugia\/procedimientos-y-aumento-de-labios\/\" \/>\n<meta property=\"og:locale\" content=\"es_ES\" \/>\n<meta property=\"og:type\" content=\"article\" \/>\n<meta property=\"og:title\" content=\"Aumento de labios Reno NV | Cirug\u00eda pl\u00e1stica cosm\u00e9tica de labios en Lake Tahoe\" \/>\n<meta property=\"og:description\" content=\"Los procedimientos y aumentos cosm\u00e9ticos de labios est\u00e1n disponibles a trav\u00e9s de un cirujano pl\u00e1stico cosm\u00e9tico altamente calificado en Reno, NV. El Dr. Erez Dayan realiza cirug\u00eda pl\u00e1stica cosm\u00e9tica de labios en el Instituto de Cirug\u00eda Pl\u00e1stica Avance. Llame hoy para una consulta.\" \/>\n<meta property=\"og:url\" content=\"https:\/\/www.avanceplasticsurgery.com\/es\/procedimientos-cosmeticos-y-de-cirugia\/procedimientos-y-aumento-de-labios\/\" \/>\n<meta property=\"og:site_name\" content=\"Avance Plastic Surgery\" \/>\n<meta property=\"article:modified_time\" content=\"2022-04-25T11:50:05+00:00\" \/>\n<meta property=\"og:image\" content=\"https:\/\/www.avanceplasticsurgery.com\/wp-content\/uploads\/2022\/01\/lip.jpg\" \/>\n\t<meta property=\"og:image:width\" content=\"1920\" \/>\n\t<meta property=\"og:image:height\" content=\"595\" \/>\n\t<meta property=\"og:image:type\" content=\"image\/jpeg\" \/>\n<meta name=\"twitter:card\" content=\"summary_large_image\" \/>\n<meta name=\"twitter:label1\" content=\"Tiempo de lectura\" \/>\n\t<meta name=\"twitter:data1\" content=\"3 minutos\" \/>\n<!-- \/ Yoast SEO plugin. -->","yoast_head_json":{"title":"Aumento de labios Reno NV | Cirug\u00eda pl\u00e1stica cosm\u00e9tica de labios en Lake Tahoe","description":"Los procedimientos y aumentos cosm\u00e9ticos de labios est\u00e1n disponibles a trav\u00e9s de un cirujano pl\u00e1stico cosm\u00e9tico altamente calificado en Reno, NV. El Dr. Erez Dayan realiza cirug\u00eda pl\u00e1stica cosm\u00e9tica de labios en el Instituto de Cirug\u00eda Pl\u00e1stica Avance. Llame hoy para una consulta.","robots":{"index":"index","follow":"follow","max-snippet":"max-snippet:-1","max-image-preview":"max-image-preview:large","max-video-preview":"max-video-preview:-1"},"canonical":"https:\/\/www.avanceplasticsurgery.com\/es\/procedimientos-cosmeticos-y-de-cirugia\/procedimientos-y-aumento-de-labios\/","og_locale":"es_ES","og_type":"article","og_title":"Aumento de labios Reno NV | Cirug\u00eda pl\u00e1stica cosm\u00e9tica de labios en Lake Tahoe","og_description":"Los procedimientos y aumentos cosm\u00e9ticos de labios est\u00e1n disponibles a trav\u00e9s de un cirujano pl\u00e1stico cosm\u00e9tico altamente calificado en Reno, NV. El Dr. Erez Dayan realiza cirug\u00eda pl\u00e1stica cosm\u00e9tica de labios en el Instituto de Cirug\u00eda Pl\u00e1stica Avance. Llame hoy para una consulta.","og_url":"https:\/\/www.avanceplasticsurgery.com\/es\/procedimientos-cosmeticos-y-de-cirugia\/procedimientos-y-aumento-de-labios\/","og_site_name":"Avance Plastic Surgery","article_modified_time":"2022-04-25T11:50:05+00:00","og_image":[{"width":1920,"height":595,"url":"https:\/\/www.avanceplasticsurgery.com\/wp-content\/uploads\/2022\/01\/lip.jpg","type":"image\/jpeg"}],"twitter_card":"summary_large_image","twitter_misc":{"Tiempo de lectura":"3 minutos"},"schema":{"@context":"https:\/\/schema.org","@graph":[{"@type":"WebPage","@id":"https:\/\/www.avanceplasticsurgery.com\/es\/procedimientos-cosmeticos-y-de-cirugia\/procedimientos-y-aumento-de-labios\/","url":"https:\/\/www.avanceplasticsurgery.com\/es\/procedimientos-cosmeticos-y-de-cirugia\/procedimientos-y-aumento-de-labios\/","name":"Aumento de labios Reno NV | Cirug\u00eda pl\u00e1stica cosm\u00e9tica de labios en Lake Tahoe","isPartOf":{"@id":"https:\/\/www.avanceplasticsurgery.com\/es\/#website"},"primaryImageOfPage":{"@id":"https:\/\/www.avanceplasticsurgery.com\/es\/procedimientos-cosmeticos-y-de-cirugia\/procedimientos-y-aumento-de-labios\/#primaryimage"},"image":{"@id":"https:\/\/www.avanceplasticsurgery.com\/es\/procedimientos-cosmeticos-y-de-cirugia\/procedimientos-y-aumento-de-labios\/#primaryimage"},"thumbnailUrl":"https:\/\/www.avanceplasticsurgery.com\/wp-content\/uploads\/2022\/01\/lip.jpg","datePublished":"2020-09-16T08:03:19+00:00","dateModified":"2022-04-25T11:50:05+00:00","description":"Los procedimientos y aumentos cosm\u00e9ticos de labios est\u00e1n disponibles a trav\u00e9s de un cirujano pl\u00e1stico cosm\u00e9tico altamente calificado en Reno, NV. El Dr. Erez Dayan realiza cirug\u00eda pl\u00e1stica cosm\u00e9tica de labios en el Instituto de Cirug\u00eda Pl\u00e1stica Avance. Llame hoy para una consulta.","breadcrumb":{"@id":"https:\/\/www.avanceplasticsurgery.com\/es\/procedimientos-cosmeticos-y-de-cirugia\/procedimientos-y-aumento-de-labios\/#breadcrumb"},"inLanguage":"es","potentialAction":[{"@type":"ReadAction","target":["https:\/\/www.avanceplasticsurgery.com\/es\/procedimientos-cosmeticos-y-de-cirugia\/procedimientos-y-aumento-de-labios\/"]}]},{"@type":"ImageObject","inLanguage":"es","@id":"https:\/\/www.avanceplasticsurgery.com\/es\/procedimientos-cosmeticos-y-de-cirugia\/procedimientos-y-aumento-de-labios\/#primaryimage","url":"https:\/\/www.avanceplasticsurgery.com\/wp-content\/uploads\/2022\/01\/lip.jpg","contentUrl":"https:\/\/www.avanceplasticsurgery.com\/wp-content\/uploads\/2022\/01\/lip.jpg","width":1920,"height":595,"caption":"Un m\u00e9dico con bata blanca sostiene un espejo redondo para una mujer mientras se\u00f1ala su nariz con un instrumento negro, sugiriendo una consulta o examen."},{"@type":"BreadcrumbList","@id":"https:\/\/www.avanceplasticsurgery.com\/es\/procedimientos-cosmeticos-y-de-cirugia\/procedimientos-y-aumento-de-labios\/#breadcrumb","itemListElement":[{"@type":"ListItem","position":1,"name":"Home","item":"https:\/\/www.avanceplasticsurgery.com\/es\/"},{"@type":"ListItem","position":2,"name":"Cosm\u00e9tica","item":"https:\/\/www.avanceplasticsurgery.com\/es\/procedimientos-cosmeticos-y-de-cirugia\/"},{"@type":"ListItem","position":3,"name":"Procedimientos y Aumento de Labios"}]},{"@type":"WebSite","@id":"https:\/\/www.avanceplasticsurgery.com\/es\/#website","url":"https:\/\/www.avanceplasticsurgery.com\/es\/","name":"Avance Plastic Surgery","description":"","potentialAction":[{"@type":"SearchAction","target":{"@type":"EntryPoint","urlTemplate":"https:\/\/www.avanceplasticsurgery.com\/es\/?s={search_term_string}"},"query-input":{"@type":"PropertyValueSpecification","valueRequired":true,"valueName":"search_term_string"}}],"inLanguage":"es"}]}},"_links":{"self":[{"href":"https:\/\/www.avanceplasticsurgery.com\/es\/wp-json\/wp\/v2\/pages\/8965","targetHints":{"allow":["GET"]}}],"collection":[{"href":"https:\/\/www.avanceplasticsurgery.com\/es\/wp-json\/wp\/v2\/pages"}],"about":[{"href":"https:\/\/www.avanceplasticsurgery.com\/es\/wp-json\/wp\/v2\/types\/page"}],"author":[{"embeddable":true,"href":"https:\/\/www.avanceplasticsurgery.com\/es\/wp-json\/wp\/v2\/users\/1"}],"replies":[{"embeddable":true,"href":"https:\/\/www.avanceplasticsurgery.com\/es\/wp-json\/wp\/v2\/comments?post=8965"}],"version-history":[{"count":2,"href":"https:\/\/www.avanceplasticsurgery.com\/es\/wp-json\/wp\/v2\/pages\/8965\/revisions"}],"predecessor-version":[{"id":9246,"href":"https:\/\/www.avanceplasticsurgery.com\/es\/wp-json\/wp\/v2\/pages\/8965\/revisions\/9246"}],"up":[{"embeddable":true,"href":"https:\/\/www.avanceplasticsurgery.com\/es\/wp-json\/wp\/v2\/pages\/8804"}],"wp:featuredmedia":[{"embeddable":true,"href":"https:\/\/www.avanceplasticsurgery.com\/es\/wp-json\/wp\/v2\/media\/8583"}],"wp:attachment":[{"href":"https:\/\/www.avanceplasticsurgery.com\/es\/wp-json\/wp\/v2\/media?parent=8965"}],"curies":[{"name":"wp","href":"https:\/\/api.w.org\/{rel}","templated":true}]}}