{"id":8967,"date":"2020-09-16T08:04:50","date_gmt":"2020-09-16T08:04:50","guid":{"rendered":"https:\/\/www.avanceplasticsurgery.com\/procedimientos-cosmeticos-y-de-cirugia\/procedimientos-y-aumento-de-labios\/injerto-de-grasa-dermica-labial\/"},"modified":"2022-04-25T11:50:23","modified_gmt":"2022-04-25T11:50:23","slug":"injerto-de-grasa-dermica-labial","status":"publish","type":"page","link":"https:\/\/www.avanceplasticsurgery.com\/es\/procedimientos-cosmeticos-y-de-cirugia\/procedimientos-y-aumento-de-labios\/injerto-de-grasa-dermica-labial\/","title":{"rendered":"Injerto de grasa d\u00e9rmica labial"},"content":{"rendered":"<h1>Injerto de grasa d\u00e9rmica labial<\/h1>\n<p>Muchos pacientes en Reno y Lake Tahoe no est\u00e1n contentos con la <a title=\"Aumento de labios Reno NV\" href=\"https:\/\/www.avanceplasticsurgery.com\/es\/cosmetic-and-surgery-procedures\/lip-procedures-and-augmentation\/\">apariencia de sus labios<\/a> . Si la gen\u00e9tica no le proporcion\u00f3 los labios carnosos y sensuales que desea, existe una soluci\u00f3n quir\u00fargica cosm\u00e9tica. El Dr. Erez Dayan ofrece injertos de grasa d\u00e9rmica de labios en el Instituto de Cirug\u00eda Pl\u00e1stica Avance en Reno\/Tahoe, NV. Este procedimiento cosm\u00e9tico puede agregar volumen a tus labios para una est\u00e9tica m\u00e1s voluptuosa y voluptuosa.<\/p>\n<p>Los labios delgados o planos pueden hacer que todo tu rostro luzca mon\u00f3tono y ordinario. El injerto de grasa d\u00e9rmica labial puede aumentar el volumen y agregar contorno a sus labios, por lo que son una caracter\u00edstica notable pero atractiva que realza todo su rostro. El Dr. Dayan puede usar t\u00e9cnicas avanzadas de injerto de grasa y su exquisito talento para esculpir y contornear para crear los labios con la forma y el tama\u00f1o que deseas.<\/p>\n<p>Agregar volumen a sus labios a trav\u00e9s del injerto de grasa d\u00e9rmica implica el uso de piel y grasa extra\u00edda de otra ubicaci\u00f3n de su cuerpo que se trasplanta a los labios. El tejido graso y d\u00e9rmico se coloca estrat\u00e9gicamente dentro de sus labios y luego se moldea para producir el efecto que desea. Esta es una t\u00e9cnica ideal para cubrir cicatrices de traumatismos o cirug\u00edas previas. El resultado son labios bellamente formados y m\u00e1s llenos que se ven atractivos y juveniles.<\/p>\n<h2>A\u00f1ade volumen a tus labios<\/h2>\n<p>Despu\u00e9s de que el Dr. Dayan use el injerto de grasa d\u00e9rmica en los labios para agregar volumen a sus labios, puede esperar algo de hinchaz\u00f3n y sensibilidad. El procedimiento generalmente se completa como un procedimiento ambulatorio y regresa a casa el mismo d\u00eda. Los resultados de su cirug\u00eda ser\u00e1n evidentes de inmediato, y los resultados seguir\u00e1n mejorando a medida que disminuya la inflamaci\u00f3n y se suavice la grasa injertada. Los resultados completos se pueden ver despu\u00e9s de aproximadamente dos semanas.<\/p>\n<p>Otro procedimiento para simplemente agregar volumen sin la capa d\u00e9rmica es la liposucci\u00f3n y el injerto de grasa. Con este m\u00e9todo, la liposucci\u00f3n elimina la grasa, generalmente del abdomen o del muslo. Despu\u00e9s de purificarlo, el Dr. Dayan lo inyecta en \u00e1reas precisas de tus labios para crear el efecto deseado. Ambos procedimientos producen un cambio permanente en la apariencia de sus labios.<\/p>\n<p>Si est\u00e1 listo para tener labios m\u00e1s carnosos y voluptuosos para una apariencia m\u00e1s atractiva, <a title=\"P\u00f3ngase en contacto con el Instituto de Cirug\u00eda Pl\u00e1stica Avance en Reno NV\" href=\"https:\/\/www.avanceplasticsurgery.com\/es\/contact-us-dr-erez-dayan\/\">comun\u00edquese con el Instituto de Cirug\u00eda Pl\u00e1stica Avance<\/a> en Reno\/Tahoe, NV, para una consulta de injerto de grasa d\u00e9rmica de labios con el Dr. Dayan.<\/p>\n","protected":false},"excerpt":{"rendered":"<p>Injerto de grasa d\u00e9rmica labial Muchos pacientes en Reno y Lake Tahoe no est\u00e1n contentos con la apariencia de&hellip;<\/p>\n","protected":false},"author":1,"featured_media":0,"parent":8965,"menu_order":0,"comment_status":"closed","ping_status":"closed","template":"","meta":{"_acf_changed":false,"footnotes":""},"class_list":["post-8967","page","type-page","status-publish"],"acf":[],"yoast_head":"<!-- This site is optimized with the Yoast SEO plugin v25.6 - https:\/\/yoast.com\/wordpress\/plugins\/seo\/ -->\n<title>Injerto de grasa d\u00e9rmica de labios Reno NV | Relleno de labios Lake Tahoe, Volumen<\/title>\n<meta name=\"description\" content=\"El injerto de grasa d\u00e9rmica de labios es una t\u00e9cnica que elimina la grasa y una parte de la capa d\u00e9rmica (piel) para implantarla en los labios y lograr una apariencia m\u00e1s voluminosa y voluminosa. El Dr. Erez Dayan realiza una cirug\u00eda de aumento de volumen de labios en el Instituto de Cirug\u00eda Pl\u00e1stica Avance en Reno, NV.\" \/>\n<meta name=\"robots\" content=\"index, follow, max-snippet:-1, max-image-preview:large, max-video-preview:-1\" \/>\n<link rel=\"canonical\" href=\"https:\/\/www.avanceplasticsurgery.com\/es\/procedimientos-cosmeticos-y-de-cirugia\/procedimientos-y-aumento-de-labios\/injerto-de-grasa-dermica-labial\/\" \/>\n<meta property=\"og:locale\" content=\"es_ES\" \/>\n<meta property=\"og:type\" content=\"article\" \/>\n<meta property=\"og:title\" content=\"Injerto de grasa d\u00e9rmica de labios Reno NV | Relleno de labios Lake Tahoe, Volumen\" \/>\n<meta property=\"og:description\" content=\"El injerto de grasa d\u00e9rmica de labios es una t\u00e9cnica que elimina la grasa y una parte de la capa d\u00e9rmica (piel) para implantarla en los labios y lograr una apariencia m\u00e1s voluminosa y voluminosa. El Dr. Erez Dayan realiza una cirug\u00eda de aumento de volumen de labios en el Instituto de Cirug\u00eda Pl\u00e1stica Avance en Reno, NV.\" \/>\n<meta property=\"og:url\" content=\"https:\/\/www.avanceplasticsurgery.com\/es\/procedimientos-cosmeticos-y-de-cirugia\/procedimientos-y-aumento-de-labios\/injerto-de-grasa-dermica-labial\/\" \/>\n<meta property=\"og:site_name\" content=\"Avance Plastic Surgery\" \/>\n<meta property=\"article:modified_time\" content=\"2022-04-25T11:50:23+00:00\" \/>\n<meta name=\"twitter:card\" content=\"summary_large_image\" \/>\n<meta name=\"twitter:label1\" content=\"Tiempo de lectura\" \/>\n\t<meta name=\"twitter:data1\" content=\"2 minutos\" \/>\n<!-- \/ Yoast SEO plugin. -->","yoast_head_json":{"title":"Injerto de grasa d\u00e9rmica de labios Reno NV | Relleno de labios Lake Tahoe, Volumen","description":"El injerto de grasa d\u00e9rmica de labios es una t\u00e9cnica que elimina la grasa y una parte de la capa d\u00e9rmica (piel) para implantarla en los labios y lograr una apariencia m\u00e1s voluminosa y voluminosa. El Dr. Erez Dayan realiza una cirug\u00eda de aumento de volumen de labios en el Instituto de Cirug\u00eda Pl\u00e1stica Avance en Reno, NV.","robots":{"index":"index","follow":"follow","max-snippet":"max-snippet:-1","max-image-preview":"max-image-preview:large","max-video-preview":"max-video-preview:-1"},"canonical":"https:\/\/www.avanceplasticsurgery.com\/es\/procedimientos-cosmeticos-y-de-cirugia\/procedimientos-y-aumento-de-labios\/injerto-de-grasa-dermica-labial\/","og_locale":"es_ES","og_type":"article","og_title":"Injerto de grasa d\u00e9rmica de labios Reno NV | Relleno de labios Lake Tahoe, Volumen","og_description":"El injerto de grasa d\u00e9rmica de labios es una t\u00e9cnica que elimina la grasa y una parte de la capa d\u00e9rmica (piel) para implantarla en los labios y lograr una apariencia m\u00e1s voluminosa y voluminosa. El Dr. Erez Dayan realiza una cirug\u00eda de aumento de volumen de labios en el Instituto de Cirug\u00eda Pl\u00e1stica Avance en Reno, NV.","og_url":"https:\/\/www.avanceplasticsurgery.com\/es\/procedimientos-cosmeticos-y-de-cirugia\/procedimientos-y-aumento-de-labios\/injerto-de-grasa-dermica-labial\/","og_site_name":"Avance Plastic Surgery","article_modified_time":"2022-04-25T11:50:23+00:00","twitter_card":"summary_large_image","twitter_misc":{"Tiempo de lectura":"2 minutos"},"schema":{"@context":"https:\/\/schema.org","@graph":[{"@type":"WebPage","@id":"https:\/\/www.avanceplasticsurgery.com\/es\/procedimientos-cosmeticos-y-de-cirugia\/procedimientos-y-aumento-de-labios\/injerto-de-grasa-dermica-labial\/","url":"https:\/\/www.avanceplasticsurgery.com\/es\/procedimientos-cosmeticos-y-de-cirugia\/procedimientos-y-aumento-de-labios\/injerto-de-grasa-dermica-labial\/","name":"Injerto de grasa d\u00e9rmica de labios Reno NV | Relleno de labios Lake Tahoe, Volumen","isPartOf":{"@id":"https:\/\/www.avanceplasticsurgery.com\/es\/#website"},"datePublished":"2020-09-16T08:04:50+00:00","dateModified":"2022-04-25T11:50:23+00:00","description":"El injerto de grasa d\u00e9rmica de labios es una t\u00e9cnica que elimina la grasa y una parte de la capa d\u00e9rmica (piel) para implantarla en los labios y lograr una apariencia m\u00e1s voluminosa y voluminosa. El Dr. Erez Dayan realiza una cirug\u00eda de aumento de volumen de labios en el Instituto de Cirug\u00eda Pl\u00e1stica Avance en Reno, NV.","breadcrumb":{"@id":"https:\/\/www.avanceplasticsurgery.com\/es\/procedimientos-cosmeticos-y-de-cirugia\/procedimientos-y-aumento-de-labios\/injerto-de-grasa-dermica-labial\/#breadcrumb"},"inLanguage":"es","potentialAction":[{"@type":"ReadAction","target":["https:\/\/www.avanceplasticsurgery.com\/es\/procedimientos-cosmeticos-y-de-cirugia\/procedimientos-y-aumento-de-labios\/injerto-de-grasa-dermica-labial\/"]}]},{"@type":"BreadcrumbList","@id":"https:\/\/www.avanceplasticsurgery.com\/es\/procedimientos-cosmeticos-y-de-cirugia\/procedimientos-y-aumento-de-labios\/injerto-de-grasa-dermica-labial\/#breadcrumb","itemListElement":[{"@type":"ListItem","position":1,"name":"Home","item":"https:\/\/www.avanceplasticsurgery.com\/es\/"},{"@type":"ListItem","position":2,"name":"Cosm\u00e9tica","item":"https:\/\/www.avanceplasticsurgery.com\/es\/procedimientos-cosmeticos-y-de-cirugia\/"},{"@type":"ListItem","position":3,"name":"Procedimientos y Aumento de Labios","item":"https:\/\/www.avanceplasticsurgery.com\/es\/procedimientos-cosmeticos-y-de-cirugia\/procedimientos-y-aumento-de-labios\/"},{"@type":"ListItem","position":4,"name":"Injerto de grasa d\u00e9rmica labial"}]},{"@type":"WebSite","@id":"https:\/\/www.avanceplasticsurgery.com\/es\/#website","url":"https:\/\/www.avanceplasticsurgery.com\/es\/","name":"Avance Plastic Surgery","description":"","potentialAction":[{"@type":"SearchAction","target":{"@type":"EntryPoint","urlTemplate":"https:\/\/www.avanceplasticsurgery.com\/es\/?s={search_term_string}"},"query-input":{"@type":"PropertyValueSpecification","valueRequired":true,"valueName":"search_term_string"}}],"inLanguage":"es"}]}},"_links":{"self":[{"href":"https:\/\/www.avanceplasticsurgery.com\/es\/wp-json\/wp\/v2\/pages\/8967","targetHints":{"allow":["GET"]}}],"collection":[{"href":"https:\/\/www.avanceplasticsurgery.com\/es\/wp-json\/wp\/v2\/pages"}],"about":[{"href":"https:\/\/www.avanceplasticsurgery.com\/es\/wp-json\/wp\/v2\/types\/page"}],"author":[{"embeddable":true,"href":"https:\/\/www.avanceplasticsurgery.com\/es\/wp-json\/wp\/v2\/users\/1"}],"replies":[{"embeddable":true,"href":"https:\/\/www.avanceplasticsurgery.com\/es\/wp-json\/wp\/v2\/comments?post=8967"}],"version-history":[{"count":1,"href":"https:\/\/www.avanceplasticsurgery.com\/es\/wp-json\/wp\/v2\/pages\/8967\/revisions"}],"predecessor-version":[{"id":9247,"href":"https:\/\/www.avanceplasticsurgery.com\/es\/wp-json\/wp\/v2\/pages\/8967\/revisions\/9247"}],"up":[{"embeddable":true,"href":"https:\/\/www.avanceplasticsurgery.com\/es\/wp-json\/wp\/v2\/pages\/8965"}],"wp:attachment":[{"href":"https:\/\/www.avanceplasticsurgery.com\/es\/wp-json\/wp\/v2\/media?parent=8967"}],"curies":[{"name":"wp","href":"https:\/\/api.w.org\/{rel}","templated":true}]}}