{"id":8970,"date":"2020-09-16T08:06:31","date_gmt":"2020-09-16T08:06:31","guid":{"rendered":"https:\/\/www.avanceplasticsurgery.com\/procedimientos-cosmeticos-y-de-cirugia\/procedimientos-y-aumento-de-labios\/levantamiento-de-labios-realce\/"},"modified":"2022-04-25T11:52:17","modified_gmt":"2022-04-25T11:52:17","slug":"levantamiento-de-labios-realce","status":"publish","type":"page","link":"https:\/\/www.avanceplasticsurgery.com\/es\/procedimientos-cosmeticos-y-de-cirugia\/procedimientos-y-aumento-de-labios\/levantamiento-de-labios-realce\/","title":{"rendered":"Levantamiento de labios, Realce"},"content":{"rendered":"<h1>Cirug\u00eda Pl\u00e1stica de Levantamiento de Labios<\/h1>\n<p>Si <a title=\"Aumento de labios Reno NV\" href=\"https:\/\/www.avanceplasticsurgery.com\/es\/cosmetic-and-surgery-procedures\/lip-procedures-and-augmentation\/\">el envejecimiento ha hecho mella en sus labios<\/a> , haci\u00e9ndolos parecer delgados, arrugados o ca\u00eddos, la cirug\u00eda pl\u00e1stica de estiramiento de labios puede borrar estos signos de envejecimiento para una apariencia m\u00e1s joven. Sus labios pueden volver a ser seductores, sensuales y suaves con la mejora quir\u00fargica cosm\u00e9tica. El Dr. Erez Dayan es un cirujano pl\u00e1stico cosm\u00e9tico y reconstructivo que realiza cirug\u00eda pl\u00e1stica de estiramiento de labios en el Instituto de Cirug\u00eda Pl\u00e1stica Avance en Reno\/Tahoe, NV.<\/p>\n<p>La cirug\u00eda pl\u00e1stica de estiramiento de labios aborda los problemas del labio superior para corregir la flacidez y agregar volumen si es necesario. El Dr. Dayan generalmente coloca una peque\u00f1a incisi\u00f3n en el pliegue justo debajo de la nariz y acorta la piel del labio superior, levantando as\u00ed el labio para una apariencia juvenil. A medida que se levanta, el labio superior tambi\u00e9n se vuelve un poco hacia afuera, lo que se suma a la est\u00e9tica agradable.<\/p>\n<p>En algunos casos, el Dr. Dayan puede usar la liposucci\u00f3n para obtener una peque\u00f1a cantidad de grasa para el injerto de grasa para agregar volumen al labio superior para una apariencia m\u00e1s suave. Esto puede agregar la definici\u00f3n necesaria al labio que a veces no puede proporcionar un mero estiramiento. La peque\u00f1a cicatriz deber\u00eda desaparecer con el tiempo hasta volverse pr\u00e1cticamente imperceptible.<\/p>\n<h2>Cirujano est\u00e9tico de realce de labios<\/h2>\n<p>El Dr. Dayan es un cirujano cosm\u00e9tico de realce de labios altamente calificado, con credenciales impresionantes y una amplia experiencia. Rutinariamente utiliza t\u00e9cnicas avanzadas de cirug\u00eda pl\u00e1stica para esculpir y realzar los labios para una apariencia m\u00e1s agradable, dejando poca evidencia de cirug\u00eda. Tus labios se ver\u00e1n j\u00f3venes y suaves sin restricciones de movimiento o expresi\u00f3n.<\/p>\n<p>Despu\u00e9s de la cirug\u00eda, puede esperar que los labios est\u00e9n hinchados, pero esto desaparece r\u00e1pidamente, generalmente en una semana o 10 d\u00edas. Dos semanas despu\u00e9s de la cirug\u00eda, los resultados completos son evidentes y todas las molestias deber\u00edan desaparecer. El Dr. Dayan tambi\u00e9n le proporcionar\u00e1 instrucciones de cuidado posterior y har\u00e1 un seguimiento con usted para garantizar su recuperaci\u00f3n completa.<\/p>\n<p>Para una cirug\u00eda pl\u00e1stica de levantamiento de labios de un cirujano est\u00e9tico experto en realce de labios en Reno\/Tahoe cerca de Lake Tahoe, NV, <a title=\"P\u00f3ngase en contacto con el Instituto de Cirug\u00eda Pl\u00e1stica Avance en Reno NV\" href=\"https:\/\/www.avanceplasticsurgery.com\/es\/contact-us-dr-erez-dayan\/\">comun\u00edquese con el Instituto de Cirug\u00eda Pl\u00e1stica Avance<\/a> y programe una consulta quir\u00fargica con el Dr. Erez Dayan.<\/p>\n","protected":false},"excerpt":{"rendered":"<p>Cirug\u00eda Pl\u00e1stica de Levantamiento de Labios Si el envejecimiento ha hecho mella en sus labios , haci\u00e9ndolos parecer delgados,&hellip;<\/p>\n","protected":false},"author":1,"featured_media":0,"parent":8965,"menu_order":0,"comment_status":"closed","ping_status":"closed","template":"","meta":{"_acf_changed":false,"footnotes":""},"class_list":["post-8970","page","type-page","status-publish"],"acf":[],"yoast_head":"<!-- This site is optimized with the Yoast SEO plugin v25.6 - https:\/\/yoast.com\/wordpress\/plugins\/seo\/ -->\n<title>Levantamiento de labios Reno NV | Cirug\u00eda pl\u00e1stica de aumento de labios en Lake Tahoe<\/title>\n<meta name=\"description\" content=\"La cirug\u00eda pl\u00e1stica de levantamiento de labios puede borrar los signos del envejecimiento y hacerte lucir mucho m\u00e1s joven. Esta soluci\u00f3n permanente puede marcar una gran diferencia en su apariencia y confianza en s\u00ed mismo. Llame al Instituto de Cirug\u00eda Pl\u00e1stica Avance para una consulta de estiramiento de labios con el Dr. Erez Dayan.\" \/>\n<meta name=\"robots\" content=\"index, follow, max-snippet:-1, max-image-preview:large, max-video-preview:-1\" \/>\n<link rel=\"canonical\" href=\"https:\/\/www.avanceplasticsurgery.com\/es\/procedimientos-cosmeticos-y-de-cirugia\/procedimientos-y-aumento-de-labios\/levantamiento-de-labios-realce\/\" \/>\n<meta property=\"og:locale\" content=\"es_ES\" \/>\n<meta property=\"og:type\" content=\"article\" \/>\n<meta property=\"og:title\" content=\"Levantamiento de labios Reno NV | Cirug\u00eda pl\u00e1stica de aumento de labios en Lake Tahoe\" \/>\n<meta property=\"og:description\" content=\"La cirug\u00eda pl\u00e1stica de levantamiento de labios puede borrar los signos del envejecimiento y hacerte lucir mucho m\u00e1s joven. Esta soluci\u00f3n permanente puede marcar una gran diferencia en su apariencia y confianza en s\u00ed mismo. Llame al Instituto de Cirug\u00eda Pl\u00e1stica Avance para una consulta de estiramiento de labios con el Dr. Erez Dayan.\" \/>\n<meta property=\"og:url\" content=\"https:\/\/www.avanceplasticsurgery.com\/es\/procedimientos-cosmeticos-y-de-cirugia\/procedimientos-y-aumento-de-labios\/levantamiento-de-labios-realce\/\" \/>\n<meta property=\"og:site_name\" content=\"Avance Plastic Surgery\" \/>\n<meta property=\"article:modified_time\" content=\"2022-04-25T11:52:17+00:00\" \/>\n<meta name=\"twitter:card\" content=\"summary_large_image\" \/>\n<meta name=\"twitter:label1\" content=\"Tiempo de lectura\" \/>\n\t<meta name=\"twitter:data1\" content=\"2 minutos\" \/>\n<!-- \/ Yoast SEO plugin. -->","yoast_head_json":{"title":"Levantamiento de labios Reno NV | Cirug\u00eda pl\u00e1stica de aumento de labios en Lake Tahoe","description":"La cirug\u00eda pl\u00e1stica de levantamiento de labios puede borrar los signos del envejecimiento y hacerte lucir mucho m\u00e1s joven. Esta soluci\u00f3n permanente puede marcar una gran diferencia en su apariencia y confianza en s\u00ed mismo. Llame al Instituto de Cirug\u00eda Pl\u00e1stica Avance para una consulta de estiramiento de labios con el Dr. Erez Dayan.","robots":{"index":"index","follow":"follow","max-snippet":"max-snippet:-1","max-image-preview":"max-image-preview:large","max-video-preview":"max-video-preview:-1"},"canonical":"https:\/\/www.avanceplasticsurgery.com\/es\/procedimientos-cosmeticos-y-de-cirugia\/procedimientos-y-aumento-de-labios\/levantamiento-de-labios-realce\/","og_locale":"es_ES","og_type":"article","og_title":"Levantamiento de labios Reno NV | Cirug\u00eda pl\u00e1stica de aumento de labios en Lake Tahoe","og_description":"La cirug\u00eda pl\u00e1stica de levantamiento de labios puede borrar los signos del envejecimiento y hacerte lucir mucho m\u00e1s joven. Esta soluci\u00f3n permanente puede marcar una gran diferencia en su apariencia y confianza en s\u00ed mismo. Llame al Instituto de Cirug\u00eda Pl\u00e1stica Avance para una consulta de estiramiento de labios con el Dr. Erez Dayan.","og_url":"https:\/\/www.avanceplasticsurgery.com\/es\/procedimientos-cosmeticos-y-de-cirugia\/procedimientos-y-aumento-de-labios\/levantamiento-de-labios-realce\/","og_site_name":"Avance Plastic Surgery","article_modified_time":"2022-04-25T11:52:17+00:00","twitter_card":"summary_large_image","twitter_misc":{"Tiempo de lectura":"2 minutos"},"schema":{"@context":"https:\/\/schema.org","@graph":[{"@type":"WebPage","@id":"https:\/\/www.avanceplasticsurgery.com\/es\/procedimientos-cosmeticos-y-de-cirugia\/procedimientos-y-aumento-de-labios\/levantamiento-de-labios-realce\/","url":"https:\/\/www.avanceplasticsurgery.com\/es\/procedimientos-cosmeticos-y-de-cirugia\/procedimientos-y-aumento-de-labios\/levantamiento-de-labios-realce\/","name":"Levantamiento de labios Reno NV | Cirug\u00eda pl\u00e1stica de aumento de labios en Lake Tahoe","isPartOf":{"@id":"https:\/\/www.avanceplasticsurgery.com\/es\/#website"},"datePublished":"2020-09-16T08:06:31+00:00","dateModified":"2022-04-25T11:52:17+00:00","description":"La cirug\u00eda pl\u00e1stica de levantamiento de labios puede borrar los signos del envejecimiento y hacerte lucir mucho m\u00e1s joven. Esta soluci\u00f3n permanente puede marcar una gran diferencia en su apariencia y confianza en s\u00ed mismo. Llame al Instituto de Cirug\u00eda Pl\u00e1stica Avance para una consulta de estiramiento de labios con el Dr. Erez Dayan.","breadcrumb":{"@id":"https:\/\/www.avanceplasticsurgery.com\/es\/procedimientos-cosmeticos-y-de-cirugia\/procedimientos-y-aumento-de-labios\/levantamiento-de-labios-realce\/#breadcrumb"},"inLanguage":"es","potentialAction":[{"@type":"ReadAction","target":["https:\/\/www.avanceplasticsurgery.com\/es\/procedimientos-cosmeticos-y-de-cirugia\/procedimientos-y-aumento-de-labios\/levantamiento-de-labios-realce\/"]}]},{"@type":"BreadcrumbList","@id":"https:\/\/www.avanceplasticsurgery.com\/es\/procedimientos-cosmeticos-y-de-cirugia\/procedimientos-y-aumento-de-labios\/levantamiento-de-labios-realce\/#breadcrumb","itemListElement":[{"@type":"ListItem","position":1,"name":"Home","item":"https:\/\/www.avanceplasticsurgery.com\/es\/"},{"@type":"ListItem","position":2,"name":"Cosm\u00e9tica","item":"https:\/\/www.avanceplasticsurgery.com\/es\/procedimientos-cosmeticos-y-de-cirugia\/"},{"@type":"ListItem","position":3,"name":"Procedimientos y Aumento de Labios","item":"https:\/\/www.avanceplasticsurgery.com\/es\/procedimientos-cosmeticos-y-de-cirugia\/procedimientos-y-aumento-de-labios\/"},{"@type":"ListItem","position":4,"name":"Levantamiento de labios, Realce"}]},{"@type":"WebSite","@id":"https:\/\/www.avanceplasticsurgery.com\/es\/#website","url":"https:\/\/www.avanceplasticsurgery.com\/es\/","name":"Avance Plastic Surgery","description":"","potentialAction":[{"@type":"SearchAction","target":{"@type":"EntryPoint","urlTemplate":"https:\/\/www.avanceplasticsurgery.com\/es\/?s={search_term_string}"},"query-input":{"@type":"PropertyValueSpecification","valueRequired":true,"valueName":"search_term_string"}}],"inLanguage":"es"}]}},"_links":{"self":[{"href":"https:\/\/www.avanceplasticsurgery.com\/es\/wp-json\/wp\/v2\/pages\/8970","targetHints":{"allow":["GET"]}}],"collection":[{"href":"https:\/\/www.avanceplasticsurgery.com\/es\/wp-json\/wp\/v2\/pages"}],"about":[{"href":"https:\/\/www.avanceplasticsurgery.com\/es\/wp-json\/wp\/v2\/types\/page"}],"author":[{"embeddable":true,"href":"https:\/\/www.avanceplasticsurgery.com\/es\/wp-json\/wp\/v2\/users\/1"}],"replies":[{"embeddable":true,"href":"https:\/\/www.avanceplasticsurgery.com\/es\/wp-json\/wp\/v2\/comments?post=8970"}],"version-history":[{"count":1,"href":"https:\/\/www.avanceplasticsurgery.com\/es\/wp-json\/wp\/v2\/pages\/8970\/revisions"}],"predecessor-version":[{"id":9248,"href":"https:\/\/www.avanceplasticsurgery.com\/es\/wp-json\/wp\/v2\/pages\/8970\/revisions\/9248"}],"up":[{"embeddable":true,"href":"https:\/\/www.avanceplasticsurgery.com\/es\/wp-json\/wp\/v2\/pages\/8965"}],"wp:attachment":[{"href":"https:\/\/www.avanceplasticsurgery.com\/es\/wp-json\/wp\/v2\/media?parent=8970"}],"curies":[{"name":"wp","href":"https:\/\/api.w.org\/{rel}","templated":true}]}}