{"id":8971,"date":"2020-09-16T08:08:02","date_gmt":"2020-09-16T08:08:02","guid":{"rendered":"https:\/\/www.avanceplasticsurgery.com\/procedimientos-cosmeticos-y-de-cirugia\/procedimientos-y-aumento-de-labios\/reconstruccion-de-labios\/"},"modified":"2022-04-25T11:52:30","modified_gmt":"2022-04-25T11:52:30","slug":"reconstruccion-de-labios","status":"publish","type":"page","link":"https:\/\/www.avanceplasticsurgery.com\/es\/procedimientos-cosmeticos-y-de-cirugia\/procedimientos-y-aumento-de-labios\/reconstruccion-de-labios\/","title":{"rendered":"Reconstrucci\u00f3n de labios"},"content":{"rendered":"<h1>Cirug\u00eda de reconstrucci\u00f3n de labios<\/h1>\n<p>La cirug\u00eda de reconstrucci\u00f3n de labios puede ser necesaria por una variedad de razones. Las causas m\u00e1s comunes son el c\u00e1ncer de piel y los traumatismos. La cirug\u00eda de c\u00e1ncer de piel de Mohs es una excelente manera de eliminar las c\u00e9lulas cancerosas de la piel capa por capa para garantizar que todo el c\u00e1ncer desaparezca, pero en muchos casos, deja la necesidad de reconstruir los labios. Esto ocurre a menudo porque los labios est\u00e1n siempre expuestos al sol y, por lo tanto, son una zona frecuente de c\u00e1ncer de piel.<\/p>\n<p>Los accidentes automovil\u00edsticos o deportivos tambi\u00e9n pueden da\u00f1ar los labios, lo que requiere una cirug\u00eda reconstructiva. Un labio puede rasgarse, quemarse o el tejido puede desaparecer, lo que requiere injertos de tejido para <a title=\"Aumento de labios Reno NV\" href=\"https:\/\/www.avanceplasticsurgery.com\/es\/cosmetic-and-surgery-procedures\/lip-procedures-and-augmentation\/\">reconstruir completamente y recontornear los labios<\/a> para una apariencia normal. Los residentes de Reno y Lake Tahoe tienen la suerte de que cuando se necesita este tipo de cirug\u00eda extensa, el Instituto de Cirug\u00eda Pl\u00e1stica Avance est\u00e1 cerca para brindar niveles excepcionales de atenci\u00f3n.<\/p>\n<p>El Dr. Erez Dayan recibi\u00f3 su formaci\u00f3n m\u00e9dica en la Facultad de Medicina de Harvard y complet\u00f3 una prestigiosa formaci\u00f3n de beca en el Instituto de Cirug\u00eda Pl\u00e1stica de Dallas. Sus habilidades y experiencia son buscadas por pacientes y m\u00e9dicos de todo el mundo, as\u00ed como de los Estados Unidos. El Dr. Dayan est\u00e1 exquisitamente calificado para realizar cirug\u00edas de reconstrucci\u00f3n de labios, independientemente de sus necesidades o nivel de trauma.<\/p>\n<h2>Reparaci\u00f3n de traumatismos labiales<\/h2>\n<p>La reparaci\u00f3n de traumatismos labiales es extremadamente personal, ya que esta caracter\u00edstica de su rostro ayuda a definir el aspecto que es \u00fanico para usted. Independientemente de si su necesidad es peque\u00f1a o grande, las lesiones que requieren cirug\u00eda de reconstrucci\u00f3n de labios traen angustia emocional y psicol\u00f3gica. El Dr. Dayan comprende completamente estas necesidades e inquietudes. Trabajar\u00e1 incansablemente para realizar los procedimientos reconstructivos necesarios para crear una apariencia normal y funcional.<\/p>\n<p>Dependiendo de su nivel de lesi\u00f3n, la reparaci\u00f3n del trauma del labio puede ser r\u00e1pida o puede necesitar m\u00e1s de una cirug\u00eda para completar la reconstrucci\u00f3n. Hay varias t\u00e9cnicas avanzadas que el Dr. Dayan puede usar para trasplantar tejido y grasa para crear labios normales y completamente funcionales. Habitualmente combina varias t\u00e9cnicas para crear la est\u00e9tica deseada, incluida la liposucci\u00f3n y el injerto de grasa, e incluso el injerto de grasa d\u00e9rmica.<\/p>\n<p>Cuando ocurra un c\u00e1ncer de piel o un trauma y necesite una cirug\u00eda de reconstrucci\u00f3n de labios en Reno o Lake Tahoe, NV, <a title=\"P\u00f3ngase en contacto con el Instituto de Cirug\u00eda Pl\u00e1stica Avance en Reno NV\" href=\"https:\/\/www.avanceplasticsurgery.com\/es\/contact-us-dr-erez-dayan\/\">comun\u00edquese con el Instituto de Cirug\u00eda Pl\u00e1stica Avance<\/a> y programe una consulta quir\u00fargica con el Dr. Dayan.<\/p>\n","protected":false},"excerpt":{"rendered":"<p>Cirug\u00eda de reconstrucci\u00f3n de labios La cirug\u00eda de reconstrucci\u00f3n de labios puede ser necesaria por una variedad de razones.&hellip;<\/p>\n","protected":false},"author":1,"featured_media":0,"parent":8965,"menu_order":0,"comment_status":"closed","ping_status":"closed","template":"","meta":{"_acf_changed":false,"footnotes":""},"class_list":["post-8971","page","type-page","status-publish"],"acf":[],"yoast_head":"<!-- This site is optimized with the Yoast SEO plugin v27.3 - https:\/\/yoast.com\/product\/yoast-seo-wordpress\/ -->\n<title>Reno NV Cirug\u00eda de reconstrucci\u00f3n de labios | Reparaci\u00f3n de traumatismos labiales en el lago Tahoe<\/title>\n<meta name=\"description\" content=\"La cirug\u00eda de reconstrucci\u00f3n de labios puede restaurar una apariencia y funci\u00f3n normales despu\u00e9s de un traumatismo o una cirug\u00eda de c\u00e1ncer de piel. Programe una cita con el cirujano pl\u00e1stico cosm\u00e9tico Dr. Erez Dayan en Avance Plastic Surgery Institute.\" \/>\n<meta name=\"robots\" content=\"index, follow, max-snippet:-1, max-image-preview:large, max-video-preview:-1\" \/>\n<link rel=\"canonical\" href=\"https:\/\/www.avanceplasticsurgery.com\/es\/procedimientos-cosmeticos-y-de-cirugia\/procedimientos-y-aumento-de-labios\/reconstruccion-de-labios\/\" \/>\n<meta property=\"og:locale\" content=\"es_ES\" \/>\n<meta property=\"og:type\" content=\"article\" \/>\n<meta property=\"og:title\" content=\"Reno NV Cirug\u00eda de reconstrucci\u00f3n de labios | Reparaci\u00f3n de traumatismos labiales en el lago Tahoe\" \/>\n<meta property=\"og:description\" content=\"La cirug\u00eda de reconstrucci\u00f3n de labios puede restaurar una apariencia y funci\u00f3n normales despu\u00e9s de un traumatismo o una cirug\u00eda de c\u00e1ncer de piel. Programe una cita con el cirujano pl\u00e1stico cosm\u00e9tico Dr. Erez Dayan en Avance Plastic Surgery Institute.\" \/>\n<meta property=\"og:url\" content=\"https:\/\/www.avanceplasticsurgery.com\/es\/procedimientos-cosmeticos-y-de-cirugia\/procedimientos-y-aumento-de-labios\/reconstruccion-de-labios\/\" \/>\n<meta property=\"og:site_name\" content=\"Avance Plastic Surgery\" \/>\n<meta property=\"article:modified_time\" content=\"2022-04-25T11:52:30+00:00\" \/>\n<meta name=\"twitter:card\" content=\"summary_large_image\" \/>\n<meta name=\"twitter:label1\" content=\"Tiempo de lectura\" \/>\n\t<meta name=\"twitter:data1\" content=\"2 minutos\" \/>\n<!-- \/ Yoast SEO plugin. -->","yoast_head_json":{"title":"Reno NV Cirug\u00eda de reconstrucci\u00f3n de labios | Reparaci\u00f3n de traumatismos labiales en el lago Tahoe","description":"La cirug\u00eda de reconstrucci\u00f3n de labios puede restaurar una apariencia y funci\u00f3n normales despu\u00e9s de un traumatismo o una cirug\u00eda de c\u00e1ncer de piel. Programe una cita con el cirujano pl\u00e1stico cosm\u00e9tico Dr. Erez Dayan en Avance Plastic Surgery Institute.","robots":{"index":"index","follow":"follow","max-snippet":"max-snippet:-1","max-image-preview":"max-image-preview:large","max-video-preview":"max-video-preview:-1"},"canonical":"https:\/\/www.avanceplasticsurgery.com\/es\/procedimientos-cosmeticos-y-de-cirugia\/procedimientos-y-aumento-de-labios\/reconstruccion-de-labios\/","og_locale":"es_ES","og_type":"article","og_title":"Reno NV Cirug\u00eda de reconstrucci\u00f3n de labios | Reparaci\u00f3n de traumatismos labiales en el lago Tahoe","og_description":"La cirug\u00eda de reconstrucci\u00f3n de labios puede restaurar una apariencia y funci\u00f3n normales despu\u00e9s de un traumatismo o una cirug\u00eda de c\u00e1ncer de piel. Programe una cita con el cirujano pl\u00e1stico cosm\u00e9tico Dr. Erez Dayan en Avance Plastic Surgery Institute.","og_url":"https:\/\/www.avanceplasticsurgery.com\/es\/procedimientos-cosmeticos-y-de-cirugia\/procedimientos-y-aumento-de-labios\/reconstruccion-de-labios\/","og_site_name":"Avance Plastic Surgery","article_modified_time":"2022-04-25T11:52:30+00:00","twitter_card":"summary_large_image","twitter_misc":{"Tiempo de lectura":"2 minutos"},"schema":{"@context":"https:\/\/schema.org","@graph":[{"@type":"WebPage","@id":"https:\/\/www.avanceplasticsurgery.com\/es\/procedimientos-cosmeticos-y-de-cirugia\/procedimientos-y-aumento-de-labios\/reconstruccion-de-labios\/","url":"https:\/\/www.avanceplasticsurgery.com\/es\/procedimientos-cosmeticos-y-de-cirugia\/procedimientos-y-aumento-de-labios\/reconstruccion-de-labios\/","name":"Reno NV Cirug\u00eda de reconstrucci\u00f3n de labios | Reparaci\u00f3n de traumatismos labiales en el lago Tahoe","isPartOf":{"@id":"https:\/\/www.avanceplasticsurgery.com\/es\/#website"},"datePublished":"2020-09-16T08:08:02+00:00","dateModified":"2022-04-25T11:52:30+00:00","description":"La cirug\u00eda de reconstrucci\u00f3n de labios puede restaurar una apariencia y funci\u00f3n normales despu\u00e9s de un traumatismo o una cirug\u00eda de c\u00e1ncer de piel. Programe una cita con el cirujano pl\u00e1stico cosm\u00e9tico Dr. Erez Dayan en Avance Plastic Surgery Institute.","breadcrumb":{"@id":"https:\/\/www.avanceplasticsurgery.com\/es\/procedimientos-cosmeticos-y-de-cirugia\/procedimientos-y-aumento-de-labios\/reconstruccion-de-labios\/#breadcrumb"},"inLanguage":"es","potentialAction":[{"@type":"ReadAction","target":["https:\/\/www.avanceplasticsurgery.com\/es\/procedimientos-cosmeticos-y-de-cirugia\/procedimientos-y-aumento-de-labios\/reconstruccion-de-labios\/"]}]},{"@type":"BreadcrumbList","@id":"https:\/\/www.avanceplasticsurgery.com\/es\/procedimientos-cosmeticos-y-de-cirugia\/procedimientos-y-aumento-de-labios\/reconstruccion-de-labios\/#breadcrumb","itemListElement":[{"@type":"ListItem","position":1,"name":"Home","item":"https:\/\/www.avanceplasticsurgery.com\/es\/"},{"@type":"ListItem","position":2,"name":"Cosm\u00e9tica","item":"https:\/\/www.avanceplasticsurgery.com\/es\/procedimientos-cosmeticos-y-de-cirugia\/"},{"@type":"ListItem","position":3,"name":"Procedimientos y Aumento de Labios","item":"https:\/\/www.avanceplasticsurgery.com\/es\/procedimientos-cosmeticos-y-de-cirugia\/procedimientos-y-aumento-de-labios\/"},{"@type":"ListItem","position":4,"name":"Reconstrucci\u00f3n de labios"}]},{"@type":"WebSite","@id":"https:\/\/www.avanceplasticsurgery.com\/es\/#website","url":"https:\/\/www.avanceplasticsurgery.com\/es\/","name":"Avance Plastic Surgery","description":"","potentialAction":[{"@type":"SearchAction","target":{"@type":"EntryPoint","urlTemplate":"https:\/\/www.avanceplasticsurgery.com\/es\/?s={search_term_string}"},"query-input":{"@type":"PropertyValueSpecification","valueRequired":true,"valueName":"search_term_string"}}],"inLanguage":"es"}]}},"_links":{"self":[{"href":"https:\/\/www.avanceplasticsurgery.com\/es\/wp-json\/wp\/v2\/pages\/8971","targetHints":{"allow":["GET"]}}],"collection":[{"href":"https:\/\/www.avanceplasticsurgery.com\/es\/wp-json\/wp\/v2\/pages"}],"about":[{"href":"https:\/\/www.avanceplasticsurgery.com\/es\/wp-json\/wp\/v2\/types\/page"}],"author":[{"embeddable":true,"href":"https:\/\/www.avanceplasticsurgery.com\/es\/wp-json\/wp\/v2\/users\/1"}],"replies":[{"embeddable":true,"href":"https:\/\/www.avanceplasticsurgery.com\/es\/wp-json\/wp\/v2\/comments?post=8971"}],"version-history":[{"count":1,"href":"https:\/\/www.avanceplasticsurgery.com\/es\/wp-json\/wp\/v2\/pages\/8971\/revisions"}],"predecessor-version":[{"id":9249,"href":"https:\/\/www.avanceplasticsurgery.com\/es\/wp-json\/wp\/v2\/pages\/8971\/revisions\/9249"}],"up":[{"embeddable":true,"href":"https:\/\/www.avanceplasticsurgery.com\/es\/wp-json\/wp\/v2\/pages\/8965"}],"wp:attachment":[{"href":"https:\/\/www.avanceplasticsurgery.com\/es\/wp-json\/wp\/v2\/media?parent=8971"}],"curies":[{"name":"wp","href":"https:\/\/api.w.org\/{rel}","templated":true}]}}