{"id":8972,"date":"2020-09-16T08:09:43","date_gmt":"2020-09-16T08:09:43","guid":{"rendered":"https:\/\/www.avanceplasticsurgery.com\/procedimientos-cosmeticos-y-de-cirugia\/procedimientos-y-aumento-de-labios\/reduccion-de-labios\/"},"modified":"2022-04-25T11:52:41","modified_gmt":"2022-04-25T11:52:41","slug":"reduccion-de-labios","status":"publish","type":"page","link":"https:\/\/www.avanceplasticsurgery.com\/es\/procedimientos-cosmeticos-y-de-cirugia\/procedimientos-y-aumento-de-labios\/reduccion-de-labios\/","title":{"rendered":"Reducci\u00f3n de labios"},"content":{"rendered":"<h1>Cirug\u00eda de Reducci\u00f3n de Labios<\/h1>\n<p>Si bien muchos pacientes de Reno y Lake Tahoe buscan la ayuda del Dr. Dayan para tener labios m\u00e1s voluminosos y voluminosos, tambi\u00e9n hay algunos que no est\u00e1n satisfechos porque sus labios son demasiado grandes, demasiado prominentes y afectan su equilibrio facial. Esta apariencia asim\u00e9trica puede da\u00f1ar su confianza en s\u00ed mismo y su orgullo por la forma en que se ve ante el mundo y ante usted mismo. El Dr. Dayan ofrece cirug\u00eda de reducci\u00f3n de labios en el Instituto de Cirug\u00eda Pl\u00e1stica Avance para aquellos que necesitan menos de lo que proporciona la naturaleza.<\/p>\n<p>Si bien no es tan com\u00fan como el <a title=\"Aumento de labios Reno NV\" href=\"https:\/\/www.avanceplasticsurgery.com\/es\/cosmetic-and-surgery-procedures\/lip-procedures-and-augmentation\/\">aumento<\/a> de labios, la cirug\u00eda de reducci\u00f3n de labios sigue siendo una opci\u00f3n que algunas personas eligen para mejorar su apariencia. La apariencia de cada persona es personal, y lo que sientes por ti mismo tiene un gran impacto en tu forma de vivir, tu autoestima y m\u00e1s. El Dr. Dayan puede realizar una cirug\u00eda de reducci\u00f3n de labios en su consultorio de Reno\/Tahoe en el Avance Plastic Surgery Institute.<\/p>\n<p>En la cirug\u00eda de reducci\u00f3n de labios, el Dr. Dayan hace peque\u00f1as incisiones dentro de la boca del paciente, a trav\u00e9s de las cuales puede eliminar el exceso de grasa y tejido para lograr una sonrisa m\u00e1s natural. No hay cicatrices visibles que revelen que se ha sometido a una cirug\u00eda, solo una apariencia m\u00e1s equilibrada en la que puede sentirse seguro.<\/p>\n<h2>Logre el equilibrio facial en Reno<\/h2>\n<p>La cirug\u00eda de reducci\u00f3n de labios para ayudarlo a lograr el equilibrio facial en Reno producir\u00e1 algo de hinchaz\u00f3n y molestias, que desaparecer\u00e1n r\u00e1pidamente en unos pocos d\u00edas. Los pacientes recibir\u00e1n instrucciones de cuidado posterior para el dolor y la hinchaz\u00f3n, pero dentro de una semana a 10 d\u00edas, sus labios deber\u00edan volver a su nueva normalidad. El Dr. Dayan generalmente recomienda que se tome unos d\u00edas libres del trabajo despu\u00e9s de la cirug\u00eda de reducci\u00f3n de labios para permitir la curaci\u00f3n.<\/p>\n<p>Si los labios prominentes o hinchados te hacen sentir cohibido por tu apariencia, puedes lograr el equilibrio facial en Reno\/Tahoe en Avance Plastic Surgery Institute con la cirug\u00eda de reducci\u00f3n de labios del Dr. Erez Dayan. Esta soluci\u00f3n quir\u00fargica permanente puede crear una nueva est\u00e9tica para usted sin evidencia de cirug\u00eda. <a title=\"P\u00f3ngase en contacto con el Instituto de Cirug\u00eda Pl\u00e1stica Avance en Reno NV\" href=\"https:\/\/www.avanceplasticsurgery.com\/es\/contact-us-dr-erez-dayan\/\">Comun\u00edquese hoy con el Instituto de Cirug\u00eda Pl\u00e1stica Avance<\/a> y programe una consulta de reducci\u00f3n de labios con el Dr. Dayan.<\/p>\n","protected":false},"excerpt":{"rendered":"<p>Cirug\u00eda de Reducci\u00f3n de Labios Si bien muchos pacientes de Reno y Lake Tahoe buscan la ayuda del Dr.&hellip;<\/p>\n","protected":false},"author":1,"featured_media":0,"parent":8965,"menu_order":0,"comment_status":"closed","ping_status":"closed","template":"","meta":{"_acf_changed":false,"footnotes":""},"class_list":["post-8972","page","type-page","status-publish"],"acf":[],"yoast_head":"<!-- This site is optimized with the Yoast SEO plugin v27.4 - https:\/\/yoast.com\/product\/yoast-seo-wordpress\/ -->\n<title>Reno NV Cirug\u00eda de reducci\u00f3n de labios | Lago Tahoe Lograr el equilibrio facial<\/title>\n<meta name=\"description\" content=\"Si bien no es tan com\u00fan como los aumentos de labios, la cirug\u00eda de reducci\u00f3n de labios puede ayudarlo a lograr el equilibrio facial si sus labios son demasiado grandes, hinchados o asim\u00e9tricos. Llame al Instituto de Cirug\u00eda Pl\u00e1stica Avance en Reno, NV, para una consulta con el Dr. Erez Dayan.\" \/>\n<meta name=\"robots\" content=\"index, follow, max-snippet:-1, max-image-preview:large, max-video-preview:-1\" \/>\n<link rel=\"canonical\" href=\"https:\/\/www.avanceplasticsurgery.com\/es\/procedimientos-cosmeticos-y-de-cirugia\/procedimientos-y-aumento-de-labios\/reduccion-de-labios\/\" \/>\n<meta property=\"og:locale\" content=\"es_ES\" \/>\n<meta property=\"og:type\" content=\"article\" \/>\n<meta property=\"og:title\" content=\"Reno NV Cirug\u00eda de reducci\u00f3n de labios | Lago Tahoe Lograr el equilibrio facial\" \/>\n<meta property=\"og:description\" content=\"Si bien no es tan com\u00fan como los aumentos de labios, la cirug\u00eda de reducci\u00f3n de labios puede ayudarlo a lograr el equilibrio facial si sus labios son demasiado grandes, hinchados o asim\u00e9tricos. Llame al Instituto de Cirug\u00eda Pl\u00e1stica Avance en Reno, NV, para una consulta con el Dr. Erez Dayan.\" \/>\n<meta property=\"og:url\" content=\"https:\/\/www.avanceplasticsurgery.com\/es\/procedimientos-cosmeticos-y-de-cirugia\/procedimientos-y-aumento-de-labios\/reduccion-de-labios\/\" \/>\n<meta property=\"og:site_name\" content=\"Avance Plastic Surgery\" \/>\n<meta property=\"article:modified_time\" content=\"2022-04-25T11:52:41+00:00\" \/>\n<meta name=\"twitter:card\" content=\"summary_large_image\" \/>\n<meta name=\"twitter:label1\" content=\"Tiempo de lectura\" \/>\n\t<meta name=\"twitter:data1\" content=\"2 minutos\" \/>\n<!-- \/ Yoast SEO plugin. -->","yoast_head_json":{"title":"Reno NV Cirug\u00eda de reducci\u00f3n de labios | Lago Tahoe Lograr el equilibrio facial","description":"Si bien no es tan com\u00fan como los aumentos de labios, la cirug\u00eda de reducci\u00f3n de labios puede ayudarlo a lograr el equilibrio facial si sus labios son demasiado grandes, hinchados o asim\u00e9tricos. Llame al Instituto de Cirug\u00eda Pl\u00e1stica Avance en Reno, NV, para una consulta con el Dr. Erez Dayan.","robots":{"index":"index","follow":"follow","max-snippet":"max-snippet:-1","max-image-preview":"max-image-preview:large","max-video-preview":"max-video-preview:-1"},"canonical":"https:\/\/www.avanceplasticsurgery.com\/es\/procedimientos-cosmeticos-y-de-cirugia\/procedimientos-y-aumento-de-labios\/reduccion-de-labios\/","og_locale":"es_ES","og_type":"article","og_title":"Reno NV Cirug\u00eda de reducci\u00f3n de labios | Lago Tahoe Lograr el equilibrio facial","og_description":"Si bien no es tan com\u00fan como los aumentos de labios, la cirug\u00eda de reducci\u00f3n de labios puede ayudarlo a lograr el equilibrio facial si sus labios son demasiado grandes, hinchados o asim\u00e9tricos. Llame al Instituto de Cirug\u00eda Pl\u00e1stica Avance en Reno, NV, para una consulta con el Dr. Erez Dayan.","og_url":"https:\/\/www.avanceplasticsurgery.com\/es\/procedimientos-cosmeticos-y-de-cirugia\/procedimientos-y-aumento-de-labios\/reduccion-de-labios\/","og_site_name":"Avance Plastic Surgery","article_modified_time":"2022-04-25T11:52:41+00:00","twitter_card":"summary_large_image","twitter_misc":{"Tiempo de lectura":"2 minutos"},"schema":{"@context":"https:\/\/schema.org","@graph":[{"@type":"WebPage","@id":"https:\/\/www.avanceplasticsurgery.com\/es\/procedimientos-cosmeticos-y-de-cirugia\/procedimientos-y-aumento-de-labios\/reduccion-de-labios\/","url":"https:\/\/www.avanceplasticsurgery.com\/es\/procedimientos-cosmeticos-y-de-cirugia\/procedimientos-y-aumento-de-labios\/reduccion-de-labios\/","name":"Reno NV Cirug\u00eda de reducci\u00f3n de labios | Lago Tahoe Lograr el equilibrio facial","isPartOf":{"@id":"https:\/\/www.avanceplasticsurgery.com\/es\/#website"},"datePublished":"2020-09-16T08:09:43+00:00","dateModified":"2022-04-25T11:52:41+00:00","description":"Si bien no es tan com\u00fan como los aumentos de labios, la cirug\u00eda de reducci\u00f3n de labios puede ayudarlo a lograr el equilibrio facial si sus labios son demasiado grandes, hinchados o asim\u00e9tricos. Llame al Instituto de Cirug\u00eda Pl\u00e1stica Avance en Reno, NV, para una consulta con el Dr. Erez Dayan.","breadcrumb":{"@id":"https:\/\/www.avanceplasticsurgery.com\/es\/procedimientos-cosmeticos-y-de-cirugia\/procedimientos-y-aumento-de-labios\/reduccion-de-labios\/#breadcrumb"},"inLanguage":"es","potentialAction":[{"@type":"ReadAction","target":["https:\/\/www.avanceplasticsurgery.com\/es\/procedimientos-cosmeticos-y-de-cirugia\/procedimientos-y-aumento-de-labios\/reduccion-de-labios\/"]}]},{"@type":"BreadcrumbList","@id":"https:\/\/www.avanceplasticsurgery.com\/es\/procedimientos-cosmeticos-y-de-cirugia\/procedimientos-y-aumento-de-labios\/reduccion-de-labios\/#breadcrumb","itemListElement":[{"@type":"ListItem","position":1,"name":"Home","item":"https:\/\/www.avanceplasticsurgery.com\/es\/"},{"@type":"ListItem","position":2,"name":"Cosm\u00e9tica","item":"https:\/\/www.avanceplasticsurgery.com\/es\/procedimientos-cosmeticos-y-de-cirugia\/"},{"@type":"ListItem","position":3,"name":"Procedimientos y Aumento de Labios","item":"https:\/\/www.avanceplasticsurgery.com\/es\/procedimientos-cosmeticos-y-de-cirugia\/procedimientos-y-aumento-de-labios\/"},{"@type":"ListItem","position":4,"name":"Reducci\u00f3n de labios"}]},{"@type":"WebSite","@id":"https:\/\/www.avanceplasticsurgery.com\/es\/#website","url":"https:\/\/www.avanceplasticsurgery.com\/es\/","name":"Avance Plastic Surgery","description":"","potentialAction":[{"@type":"SearchAction","target":{"@type":"EntryPoint","urlTemplate":"https:\/\/www.avanceplasticsurgery.com\/es\/?s={search_term_string}"},"query-input":{"@type":"PropertyValueSpecification","valueRequired":true,"valueName":"search_term_string"}}],"inLanguage":"es"}]}},"_links":{"self":[{"href":"https:\/\/www.avanceplasticsurgery.com\/es\/wp-json\/wp\/v2\/pages\/8972","targetHints":{"allow":["GET"]}}],"collection":[{"href":"https:\/\/www.avanceplasticsurgery.com\/es\/wp-json\/wp\/v2\/pages"}],"about":[{"href":"https:\/\/www.avanceplasticsurgery.com\/es\/wp-json\/wp\/v2\/types\/page"}],"author":[{"embeddable":true,"href":"https:\/\/www.avanceplasticsurgery.com\/es\/wp-json\/wp\/v2\/users\/1"}],"replies":[{"embeddable":true,"href":"https:\/\/www.avanceplasticsurgery.com\/es\/wp-json\/wp\/v2\/comments?post=8972"}],"version-history":[{"count":2,"href":"https:\/\/www.avanceplasticsurgery.com\/es\/wp-json\/wp\/v2\/pages\/8972\/revisions"}],"predecessor-version":[{"id":9250,"href":"https:\/\/www.avanceplasticsurgery.com\/es\/wp-json\/wp\/v2\/pages\/8972\/revisions\/9250"}],"up":[{"embeddable":true,"href":"https:\/\/www.avanceplasticsurgery.com\/es\/wp-json\/wp\/v2\/pages\/8965"}],"wp:attachment":[{"href":"https:\/\/www.avanceplasticsurgery.com\/es\/wp-json\/wp\/v2\/media?parent=8972"}],"curies":[{"name":"wp","href":"https:\/\/api.w.org\/{rel}","templated":true}]}}