{"id":8974,"date":"2021-02-25T14:40:02","date_gmt":"2021-02-25T14:40:02","guid":{"rendered":"https:\/\/www.avanceplasticsurgery.com\/procedimientos-cosmeticos-y-de-cirugia\/procedimientos-y-aumento-de-labios-lake-tahoe-truckee\/"},"modified":"2022-04-25T11:52:55","modified_gmt":"2022-04-25T11:52:55","slug":"procedimientos-y-aumento-de-labios-lake-tahoe-truckee","status":"publish","type":"page","link":"https:\/\/www.avanceplasticsurgery.com\/es\/procedimientos-cosmeticos-y-de-cirugia\/procedimientos-y-aumento-de-labios-lake-tahoe-truckee\/","title":{"rendered":"Procedimientos y aumento de labios Lake Tahoe\/Truckee"},"content":{"rendered":"<h1>Procedimientos cosm\u00e9ticos de labios en el \u00e1rea de Lake Tahoe\/Truckee<\/h1>\n<p>Para procedimientos de aumento y cirug\u00eda est\u00e9tica de labios de clase mundial en el \u00e1rea de Lake Tahoe, dir\u00edjase al Dr. Erez Dayan en Avance Plastic Surgery Institute. Los labios nos permiten hablar, silbar, besar y producir una gran variedad de expresiones faciales. Cuando no est\u00e1 satisfecho con la forma, el tama\u00f1o o el contorno de sus labios o ha sufrido un trauma facial que ha afectado sus labios, existen opciones quir\u00fargicas disponibles. El Dr. Erez Dayan realiza procedimientos cosm\u00e9ticos y reconstructivos de labios en el \u00e1rea de Lake Tahoe, en el Instituto de Cirug\u00eda Pl\u00e1stica Avance.<\/p>\n<p>No todo el mundo est\u00e1 dotado de un par de labios bellamente esculpidos. Ya sea que desee labios carnosos y carnosos, un poco de rejuvenecimiento labial para borrar el envejecimiento, le gustar\u00eda reducir el tama\u00f1o, cambiar el contorno o reparar un traumatismo reciente, hay una <a title=\"Cirug\u00eda cosm\u00e9tica facial de Truckee Lake Tahoe\" href=\"https:\/\/www.avanceplasticsurgery.com\/es\/cosmetic-and-surgery-procedures\/\">cirug\u00eda pl\u00e1stica cosm\u00e9tica<\/a> disponible para brindarle los labios que desea. Cuando los rellenos y los neuromoduladores no son suficientes para realizar los cambios que necesita, el Dr. Dayan puede recomendar una variedad de procedimientos cosm\u00e9ticos para labios para ayudarlo a obtener los labios que siempre ha deseado.<\/p>\n<h2>Cirug\u00eda Pl\u00e1stica Cosm\u00e9tica de Labios<\/h2>\n<p>La cirug\u00eda pl\u00e1stica cosm\u00e9tica de labios es una opci\u00f3n est\u00e9tica popular para muchas personas. Las mujeres, al igual que los hombres, a menudo optan por modificar o mejorar sus labios quir\u00fargicamente de alguna manera para cambiar su apariencia y tener un efecto m\u00e1s atractivo. El Dr. Dayan ofrece las siguientes opciones de cirug\u00eda pl\u00e1stica cosm\u00e9tica y reconstructiva de labios en Avance Plastic Surgery Institute:<\/p>\n<nav class=\"flc-submenu\" aria-label=\"sub menu\"><ul><li class=\"page_item page-item-8890 page_item_has_children\"><a href=\"https:\/\/www.avanceplasticsurgery.com\/es\/procedimientos-cosmeticos-y-de-cirugia\/cirugia-de-orejas\/\">Cirug\u00eda de orejas<\/a><\/li>\n<li class=\"page_item page-item-8900\"><a href=\"https:\/\/www.avanceplasticsurgery.com\/es\/procedimientos-cosmeticos-y-de-cirugia\/cirugia-de-orejas-lake-tahoe-truckee\/\">Cirug\u00eda de orejas Lake Tahoe\/Truckee<\/a><\/li>\n<li class=\"page_item page-item-8984 page_item_has_children\"><a href=\"https:\/\/www.avanceplasticsurgery.com\/es\/procedimientos-cosmeticos-y-de-cirugia\/cirugia-plastica-de-nariz\/\">Cirug\u00eda pl\u00e1stica de nariz<\/a><\/li>\n<li class=\"page_item page-item-8995\"><a href=\"https:\/\/www.avanceplasticsurgery.com\/es\/procedimientos-cosmeticos-y-de-cirugia\/cirugia-plastica-de-nariz-lake-tahoe-truckee\/\">Cirug\u00eda pl\u00e1stica de nariz Lake Tahoe\/Truckee<\/a><\/li>\n<li class=\"page_item page-item-8996 page_item_has_children\"><a href=\"https:\/\/www.avanceplasticsurgery.com\/es\/procedimientos-cosmeticos-y-de-cirugia\/cirugia-plastica-facial-pediatrica\/\">Cirug\u00eda Pl\u00e1stica Facial Pedi\u00e1trica<\/a><\/li>\n<li class=\"page_item page-item-9005\"><a href=\"https:\/\/www.avanceplasticsurgery.com\/es\/procedimientos-cosmeticos-y-de-cirugia\/cirugia-plastica-facial-pediatrica-lake-tahoe-truckee\/\">Cirug\u00eda pl\u00e1stica facial pedi\u00e1trica Lake Tahoe\/Truckee<\/a><\/li>\n<li class=\"page_item page-item-8983 page_item_has_children\"><a href=\"https:\/\/www.avanceplasticsurgery.com\/es\/procedimientos-cosmeticos-y-de-cirugia\/cirugia-plastica-masculina\/\">Cirug\u00eda Pl\u00e1stica Masculina<\/a><\/li>\n<li class=\"page_item page-item-8976\"><a href=\"https:\/\/www.avanceplasticsurgery.com\/es\/procedimientos-cosmeticos-y-de-cirugia\/cirugia-plastica-masculina-lake-tahoe-truckee\/\">Cirug\u00eda Pl\u00e1stica Masculina Lake Tahoe\/Truckee<\/a><\/li>\n<li class=\"page_item page-item-8956 page_item_has_children\"><a href=\"https:\/\/www.avanceplasticsurgery.com\/es\/procedimientos-cosmeticos-y-de-cirugia\/cirugia-reconstructiva-facial-lake-tahoe-truckee\/\">Cirug\u00eda reconstructiva facial Lake Tahoe\/Truckee<\/a><\/li>\n<li class=\"page_item page-item-9011 page_item_has_children\"><a href=\"https:\/\/www.avanceplasticsurgery.com\/es\/procedimientos-cosmeticos-y-de-cirugia\/eliminacion-del-crecimiento-de-la-piel\/\">Eliminaci\u00f3n del crecimiento de la piel<\/a><\/li>\n<li class=\"page_item page-item-9006 page_item_has_children\"><a href=\"https:\/\/www.avanceplasticsurgery.com\/es\/procedimientos-cosmeticos-y-de-cirugia\/eliminacion-y-revision-de-cicatrices\/\">Eliminaci\u00f3n y revisi\u00f3n de cicatrices<\/a><\/li>\n<li class=\"page_item page-item-9010\"><a href=\"https:\/\/www.avanceplasticsurgery.com\/es\/procedimientos-cosmeticos-y-de-cirugia\/eliminacion-y-revision-de-cicatrices-lake-tahoe-truckee\/\">Eliminaci\u00f3n y revisi\u00f3n de cicatrices Lake Tahoe\/Truckee<\/a><\/li>\n<li class=\"page_item page-item-8901 page_item_has_children\"><a href=\"https:\/\/www.avanceplasticsurgery.com\/es\/procedimientos-cosmeticos-y-de-cirugia\/ojos-y-cejas\/\">ojos y cejas<\/a><\/li>\n<li class=\"page_item page-item-8933\"><a href=\"https:\/\/www.avanceplasticsurgery.com\/es\/procedimientos-cosmeticos-y-de-cirugia\/paralisis-facial\/\">Par\u00e1lisis facial<\/a><\/li>\n<li class=\"page_item page-item-8791 page_item_has_children\"><a href=\"https:\/\/www.avanceplasticsurgery.com\/es\/procedimientos-cosmeticos-y-de-cirugia\/procedimientos-cosmeticos-corporales\/\">Procedimientos Cosm\u00e9ticos Corporales<\/a><\/li>\n<li class=\"page_item page-item-8868\"><a href=\"https:\/\/www.avanceplasticsurgery.com\/es\/procedimientos-cosmeticos-y-de-cirugia\/procedimientos-cosmeticos-corporales-lake-tahoe-truckee\/\">Procedimientos Cosm\u00e9ticos Corporales Lake Tahoe\/Truckee<\/a><\/li>\n<li class=\"page_item page-item-8911 page_item_has_children\"><a href=\"https:\/\/www.avanceplasticsurgery.com\/es\/procedimientos-cosmeticos-y-de-cirugia\/procedimientos-cosmeticos-de-cara-y-cuello\/\">Procedimientos Cosm\u00e9ticos de Cara y Cuello<\/a><\/li>\n<li class=\"page_item page-item-8948\"><a href=\"https:\/\/www.avanceplasticsurgery.com\/es\/procedimientos-cosmeticos-y-de-cirugia\/procedimientos-cosmeticos-de-cara-y-cuello-lake-tahoe-truckee\/\">Procedimientos cosm\u00e9ticos de cara y cuello Lake Tahoe\/Truckee<\/a><\/li>\n<li class=\"page_item page-item-8910\"><a href=\"https:\/\/www.avanceplasticsurgery.com\/es\/procedimientos-cosmeticos-y-de-cirugia\/procedimientos-cosmeticos-para-ojos-y-cejas-lake-tahoe-truckee\/\">Procedimientos cosm\u00e9ticos para ojos y cejas Lake Tahoe\/Truckee<\/a><\/li>\n<li class=\"page_item page-item-8889\"><a href=\"https:\/\/www.avanceplasticsurgery.com\/es\/procedimientos-cosmeticos-y-de-cirugia\/procedimientos-mamarios-lake-tahoe-truckee\/\">Procedimientos mamarios Lake Tahoe\/Truckee<\/a><\/li>\n<li class=\"page_item page-item-8965 page_item_has_children\"><a href=\"https:\/\/www.avanceplasticsurgery.com\/es\/procedimientos-cosmeticos-y-de-cirugia\/procedimientos-y-aumento-de-labios\/\">Procedimientos y Aumento de Labios<\/a><\/li>\n<li class=\"page_item page-item-8974\"><a href=\"https:\/\/www.avanceplasticsurgery.com\/es\/procedimientos-cosmeticos-y-de-cirugia\/procedimientos-y-aumento-de-labios-lake-tahoe-truckee\/\">Procedimientos y aumento de labios Lake Tahoe\/Truckee<\/a><\/li>\n<li class=\"page_item page-item-8932 page_item_has_children\"><a href=\"https:\/\/www.avanceplasticsurgery.com\/es\/procedimientos-cosmeticos-y-de-cirugia\/cirugia-reconstructiva-facial\/\">Reconstrucci\u00f3n<\/a><\/li>\n<li class=\"page_item page-item-8869 page_item_has_children\"><a href=\"https:\/\/www.avanceplasticsurgery.com\/es\/procedimientos-cosmeticos-y-de-cirugia\/seno\/\">Seno<\/a><\/li>\n<li class=\"page_item page-item-8975\"><a href=\"https:\/\/www.avanceplasticsurgery.com\/es\/procedimientos-cosmeticos-y-de-cirugia\/terapia-de-drenaje-linfatico\/\">Terapia de drenaje linf\u00e1tico<\/a><\/li>\n<li class=\"page_item page-item-8964\"><a href=\"https:\/\/www.avanceplasticsurgery.com\/es\/procedimientos-cosmeticos-y-de-cirugia\/transplante-de-pelo\/\">Transplante de pelo<\/a><\/li>\n<li class=\"page_item page-item-8946 page_item_has_children\"><a href=\"https:\/\/www.avanceplasticsurgery.com\/es\/procedimientos-cosmeticos-y-de-cirugia\/tratamientos-de-relleno-facial-y-dermico\/\">Tratamientos de relleno facial y d\u00e9rmico<\/a><\/li>\n<li class=\"page_item page-item-8934\"><a href=\"https:\/\/www.avanceplasticsurgery.com\/es\/procedimientos-cosmeticos-y-de-cirugia\/tratamientos-de-relleno-facial-y-dermico-lake-tahoe-truckee\/\">Tratamientos de relleno facial y d\u00e9rmico Lake Tahoe\/Truckee<\/a><\/li>\n<\/ul><\/nav>\n<p>Ya sea que desee labios m\u00e1s carnosos y voluptuosos o labios m\u00e1s delgados y definidos, un estiramiento de labios para borrar los signos del envejecimiento o una reconstrucci\u00f3n de labios debido a un traumatismo o c\u00e1ncer, el Dr. Dayan puede adaptar una cirug\u00eda pl\u00e1stica cosm\u00e9tica de labios para satisfacer sus necesidades \u00fanicas. Cada opci\u00f3n de cirug\u00eda siempre se realiza con t\u00e9cnicas avanzadas que le permiten al Dr. Dayan ocultar o minimizar las cicatrices visibles para una apariencia hermosa.<\/p>\n<p>El Dr. Dayan es un cirujano pl\u00e1stico cosm\u00e9tico y reconstructivo muy solicitado con credenciales impresionantes y una vasta experiencia. Adem\u00e1s de su pr\u00e1ctica privada en el Instituto de Cirug\u00eda Pl\u00e1stica Avance en el \u00e1rea de Lake Tahoe, ha dictado conferencias y publicado extensamente sobre t\u00e9cnicas y tecnolog\u00eda de cirug\u00eda pl\u00e1stica y ha demostrado cirug\u00eda pl\u00e1stica de varios tipos en todo el mundo.<\/p>\n<p>Puede explicar m\u00e1s sobre los procedimientos recomendados para realzar o reparar sus labios en una consulta privada en su oficina en el \u00e1rea de Lake Tahoe. <a title=\"Comun\u00edquese con el Instituto de Cirug\u00eda Pl\u00e1stica Avance cerca de Truckee Lake Tahoe\" href=\"https:\/\/www.avanceplasticsurgery.com\/es\/contact-us-dr-erez-dayan\/\">Comun\u00edquese con el Instituto de Cirug\u00eda Pl\u00e1stica Avance en l\u00ednea<\/a> o ll\u00e1menos al (775) 800-4444 hoy para programar una consulta de procedimientos reconstructivos y cosm\u00e9ticos para labios con el Dr. Erez Dayan.<\/p>\n","protected":false},"excerpt":{"rendered":"<p>Procedimientos cosm\u00e9ticos de labios en el \u00e1rea de Lake Tahoe\/Truckee Para procedimientos de aumento y cirug\u00eda est\u00e9tica de labios&hellip;<\/p>\n","protected":false},"author":1,"featured_media":8583,"parent":8804,"menu_order":0,"comment_status":"closed","ping_status":"closed","template":"","meta":{"_acf_changed":false,"footnotes":""},"class_list":["post-8974","page","type-page","status-publish","has-post-thumbnail"],"acf":[],"yoast_head":"<!-- This site is optimized with the Yoast SEO plugin v25.6 - https:\/\/yoast.com\/wordpress\/plugins\/seo\/ -->\n<title>Aumento de labios en Lake Tahoe | Cirug\u00eda pl\u00e1stica cosm\u00e9tica de labios de Truckee<\/title>\n<meta name=\"description\" content=\"Los procedimientos y aumentos cosm\u00e9ticos de labios est\u00e1n disponibles a trav\u00e9s de un cirujano pl\u00e1stico cosm\u00e9tico altamente calificado en el \u00e1rea de Lake Tahoe. El Dr. Erez Dayan realiza cirug\u00eda pl\u00e1stica cosm\u00e9tica de labios en el Instituto de Cirug\u00eda Pl\u00e1stica Avance. Llame hoy para una consulta.\" \/>\n<meta name=\"robots\" content=\"index, follow, max-snippet:-1, max-image-preview:large, max-video-preview:-1\" \/>\n<link rel=\"canonical\" href=\"https:\/\/www.avanceplasticsurgery.com\/es\/procedimientos-cosmeticos-y-de-cirugia\/procedimientos-y-aumento-de-labios-lake-tahoe-truckee\/\" \/>\n<meta property=\"og:locale\" content=\"es_ES\" \/>\n<meta property=\"og:type\" content=\"article\" \/>\n<meta property=\"og:title\" content=\"Aumento de labios en Lake Tahoe | Cirug\u00eda pl\u00e1stica cosm\u00e9tica de labios de Truckee\" \/>\n<meta property=\"og:description\" content=\"Los procedimientos y aumentos cosm\u00e9ticos de labios est\u00e1n disponibles a trav\u00e9s de un cirujano pl\u00e1stico cosm\u00e9tico altamente calificado en el \u00e1rea de Lake Tahoe. El Dr. Erez Dayan realiza cirug\u00eda pl\u00e1stica cosm\u00e9tica de labios en el Instituto de Cirug\u00eda Pl\u00e1stica Avance. Llame hoy para una consulta.\" \/>\n<meta property=\"og:url\" content=\"https:\/\/www.avanceplasticsurgery.com\/es\/procedimientos-cosmeticos-y-de-cirugia\/procedimientos-y-aumento-de-labios-lake-tahoe-truckee\/\" \/>\n<meta property=\"og:site_name\" content=\"Avance Plastic Surgery\" \/>\n<meta property=\"article:modified_time\" content=\"2022-04-25T11:52:55+00:00\" \/>\n<meta property=\"og:image\" content=\"https:\/\/www.avanceplasticsurgery.com\/wp-content\/uploads\/2022\/01\/lip.jpg\" \/>\n\t<meta property=\"og:image:width\" content=\"1920\" \/>\n\t<meta property=\"og:image:height\" content=\"595\" \/>\n\t<meta property=\"og:image:type\" content=\"image\/jpeg\" \/>\n<meta name=\"twitter:card\" content=\"summary_large_image\" \/>\n<meta name=\"twitter:label1\" content=\"Tiempo de lectura\" \/>\n\t<meta name=\"twitter:data1\" content=\"3 minutos\" \/>\n<!-- \/ Yoast SEO plugin. -->","yoast_head_json":{"title":"Aumento de labios en Lake Tahoe | Cirug\u00eda pl\u00e1stica cosm\u00e9tica de labios de Truckee","description":"Los procedimientos y aumentos cosm\u00e9ticos de labios est\u00e1n disponibles a trav\u00e9s de un cirujano pl\u00e1stico cosm\u00e9tico altamente calificado en el \u00e1rea de Lake Tahoe. El Dr. Erez Dayan realiza cirug\u00eda pl\u00e1stica cosm\u00e9tica de labios en el Instituto de Cirug\u00eda Pl\u00e1stica Avance. Llame hoy para una consulta.","robots":{"index":"index","follow":"follow","max-snippet":"max-snippet:-1","max-image-preview":"max-image-preview:large","max-video-preview":"max-video-preview:-1"},"canonical":"https:\/\/www.avanceplasticsurgery.com\/es\/procedimientos-cosmeticos-y-de-cirugia\/procedimientos-y-aumento-de-labios-lake-tahoe-truckee\/","og_locale":"es_ES","og_type":"article","og_title":"Aumento de labios en Lake Tahoe | Cirug\u00eda pl\u00e1stica cosm\u00e9tica de labios de Truckee","og_description":"Los procedimientos y aumentos cosm\u00e9ticos de labios est\u00e1n disponibles a trav\u00e9s de un cirujano pl\u00e1stico cosm\u00e9tico altamente calificado en el \u00e1rea de Lake Tahoe. El Dr. Erez Dayan realiza cirug\u00eda pl\u00e1stica cosm\u00e9tica de labios en el Instituto de Cirug\u00eda Pl\u00e1stica Avance. Llame hoy para una consulta.","og_url":"https:\/\/www.avanceplasticsurgery.com\/es\/procedimientos-cosmeticos-y-de-cirugia\/procedimientos-y-aumento-de-labios-lake-tahoe-truckee\/","og_site_name":"Avance Plastic Surgery","article_modified_time":"2022-04-25T11:52:55+00:00","og_image":[{"width":1920,"height":595,"url":"https:\/\/www.avanceplasticsurgery.com\/wp-content\/uploads\/2022\/01\/lip.jpg","type":"image\/jpeg"}],"twitter_card":"summary_large_image","twitter_misc":{"Tiempo de lectura":"3 minutos"},"schema":{"@context":"https:\/\/schema.org","@graph":[{"@type":"WebPage","@id":"https:\/\/www.avanceplasticsurgery.com\/es\/procedimientos-cosmeticos-y-de-cirugia\/procedimientos-y-aumento-de-labios-lake-tahoe-truckee\/","url":"https:\/\/www.avanceplasticsurgery.com\/es\/procedimientos-cosmeticos-y-de-cirugia\/procedimientos-y-aumento-de-labios-lake-tahoe-truckee\/","name":"Aumento de labios en Lake Tahoe | Cirug\u00eda pl\u00e1stica cosm\u00e9tica de labios de Truckee","isPartOf":{"@id":"https:\/\/www.avanceplasticsurgery.com\/es\/#website"},"primaryImageOfPage":{"@id":"https:\/\/www.avanceplasticsurgery.com\/es\/procedimientos-cosmeticos-y-de-cirugia\/procedimientos-y-aumento-de-labios-lake-tahoe-truckee\/#primaryimage"},"image":{"@id":"https:\/\/www.avanceplasticsurgery.com\/es\/procedimientos-cosmeticos-y-de-cirugia\/procedimientos-y-aumento-de-labios-lake-tahoe-truckee\/#primaryimage"},"thumbnailUrl":"https:\/\/www.avanceplasticsurgery.com\/wp-content\/uploads\/2022\/01\/lip.jpg","datePublished":"2021-02-25T14:40:02+00:00","dateModified":"2022-04-25T11:52:55+00:00","description":"Los procedimientos y aumentos cosm\u00e9ticos de labios est\u00e1n disponibles a trav\u00e9s de un cirujano pl\u00e1stico cosm\u00e9tico altamente calificado en el \u00e1rea de Lake Tahoe. El Dr. Erez Dayan realiza cirug\u00eda pl\u00e1stica cosm\u00e9tica de labios en el Instituto de Cirug\u00eda Pl\u00e1stica Avance. Llame hoy para una consulta.","breadcrumb":{"@id":"https:\/\/www.avanceplasticsurgery.com\/es\/procedimientos-cosmeticos-y-de-cirugia\/procedimientos-y-aumento-de-labios-lake-tahoe-truckee\/#breadcrumb"},"inLanguage":"es","potentialAction":[{"@type":"ReadAction","target":["https:\/\/www.avanceplasticsurgery.com\/es\/procedimientos-cosmeticos-y-de-cirugia\/procedimientos-y-aumento-de-labios-lake-tahoe-truckee\/"]}]},{"@type":"ImageObject","inLanguage":"es","@id":"https:\/\/www.avanceplasticsurgery.com\/es\/procedimientos-cosmeticos-y-de-cirugia\/procedimientos-y-aumento-de-labios-lake-tahoe-truckee\/#primaryimage","url":"https:\/\/www.avanceplasticsurgery.com\/wp-content\/uploads\/2022\/01\/lip.jpg","contentUrl":"https:\/\/www.avanceplasticsurgery.com\/wp-content\/uploads\/2022\/01\/lip.jpg","width":1920,"height":595,"caption":"Un m\u00e9dico con bata blanca sostiene un espejo redondo para una mujer mientras se\u00f1ala su nariz con un instrumento negro, sugiriendo una consulta o examen."},{"@type":"BreadcrumbList","@id":"https:\/\/www.avanceplasticsurgery.com\/es\/procedimientos-cosmeticos-y-de-cirugia\/procedimientos-y-aumento-de-labios-lake-tahoe-truckee\/#breadcrumb","itemListElement":[{"@type":"ListItem","position":1,"name":"Home","item":"https:\/\/www.avanceplasticsurgery.com\/es\/"},{"@type":"ListItem","position":2,"name":"Cosm\u00e9tica","item":"https:\/\/www.avanceplasticsurgery.com\/es\/procedimientos-cosmeticos-y-de-cirugia\/"},{"@type":"ListItem","position":3,"name":"Procedimientos y aumento de labios Lake Tahoe\/Truckee"}]},{"@type":"WebSite","@id":"https:\/\/www.avanceplasticsurgery.com\/es\/#website","url":"https:\/\/www.avanceplasticsurgery.com\/es\/","name":"Avance Plastic Surgery","description":"","potentialAction":[{"@type":"SearchAction","target":{"@type":"EntryPoint","urlTemplate":"https:\/\/www.avanceplasticsurgery.com\/es\/?s={search_term_string}"},"query-input":{"@type":"PropertyValueSpecification","valueRequired":true,"valueName":"search_term_string"}}],"inLanguage":"es"}]}},"_links":{"self":[{"href":"https:\/\/www.avanceplasticsurgery.com\/es\/wp-json\/wp\/v2\/pages\/8974","targetHints":{"allow":["GET"]}}],"collection":[{"href":"https:\/\/www.avanceplasticsurgery.com\/es\/wp-json\/wp\/v2\/pages"}],"about":[{"href":"https:\/\/www.avanceplasticsurgery.com\/es\/wp-json\/wp\/v2\/types\/page"}],"author":[{"embeddable":true,"href":"https:\/\/www.avanceplasticsurgery.com\/es\/wp-json\/wp\/v2\/users\/1"}],"replies":[{"embeddable":true,"href":"https:\/\/www.avanceplasticsurgery.com\/es\/wp-json\/wp\/v2\/comments?post=8974"}],"version-history":[{"count":1,"href":"https:\/\/www.avanceplasticsurgery.com\/es\/wp-json\/wp\/v2\/pages\/8974\/revisions"}],"predecessor-version":[{"id":9251,"href":"https:\/\/www.avanceplasticsurgery.com\/es\/wp-json\/wp\/v2\/pages\/8974\/revisions\/9251"}],"up":[{"embeddable":true,"href":"https:\/\/www.avanceplasticsurgery.com\/es\/wp-json\/wp\/v2\/pages\/8804"}],"wp:featuredmedia":[{"embeddable":true,"href":"https:\/\/www.avanceplasticsurgery.com\/es\/wp-json\/wp\/v2\/media\/8583"}],"wp:attachment":[{"href":"https:\/\/www.avanceplasticsurgery.com\/es\/wp-json\/wp\/v2\/media?parent=8974"}],"curies":[{"name":"wp","href":"https:\/\/api.w.org\/{rel}","templated":true}]}}