{"id":8975,"date":"2021-03-29T08:22:03","date_gmt":"2021-03-29T08:22:03","guid":{"rendered":"https:\/\/www.avanceplasticsurgery.com\/procedimientos-cosmeticos-y-de-cirugia\/terapia-de-drenaje-linfatico\/"},"modified":"2022-04-25T12:47:28","modified_gmt":"2022-04-25T12:47:28","slug":"terapia-de-drenaje-linfatico","status":"publish","type":"page","link":"https:\/\/www.avanceplasticsurgery.com\/es\/procedimientos-cosmeticos-y-de-cirugia\/terapia-de-drenaje-linfatico\/","title":{"rendered":"Terapia de drenaje linf\u00e1tico"},"content":{"rendered":"<h1>Conozca a nuestra experta en drenaje linf\u00e1tico: Abby<\/h1>\n<button class=\"flc-yt lazyload\" data-id=\"DyvQHGEmvIs\" data-title=\"Conozca al terapeuta de masaje linf\u00e1tico certificado de Avance Plastic Surgery\" data-bg=\"https:\/\/i.ytimg.com\/vi\/DyvQHGEmvIs\/hqdefault.jpg\" aria-label=\"Play video Conozca al terapeuta de masaje linf\u00e1tico certificado de Avance Plastic Surgery\">  <div class=\"flc-yt__title\">Conozca al terapeuta de masaje linf\u00e1tico certificado de Avance Plastic Surgery<\/div>  <span class=\"flc-yt__play\">    <svg viewBox=\"0 0 68 48\" xmlns=\"http:\/\/www.w3.org\/2000\/svg\" aria-hidden=\"true\"><path d=\"M66.5 7.8A8.5 8.5 0 0 0 60.6 2C55.3.5 34 .5 34 .5S12.7.5 7.4 2A8.5 8.5 0 0 0 1.5 7.8C0 13.1 0 24 0 24s0 10.9 1.5 16.2A8.5 8.5 0 0 0 7.4 46C12.7 47.5 34 47.5 34 47.5s21.3 0 26.6-1.5a8.5 8.5 0 0 0 5.9-5.8C68 34.9 68 24 68 24s0-10.9-1.5-16.2Z\" fill=\"#f00\"\/><path d=\"M27 34l18-10-18-10v20Z\" fill=\"#fff\"\/><\/svg>  <\/span><\/button>\n<p>Abby es doctora en fisioterapia y ha practicado en una multitud de entornos en todo el pa\u00eds desde 2011. Complet\u00f3 su educaci\u00f3n universitaria en Biolog\u00eda Integrativa en UC Berkeley; y su Doctorado en Fisioterapia en la Universidad de Nevada, Las Vegas. En 2012 se convirti\u00f3 en Terapeuta Certificada en Linfedema a trav\u00e9s de la Escuela Norton de Linfolog\u00eda, y en 2019 obtuvo la designaci\u00f3n de Especialista Certificada en Rehabilitaci\u00f3n Oncol\u00f3gica a trav\u00e9s del Instituto de Rehabilitaci\u00f3n Oncol\u00f3gica Fisiol\u00f3gica. Su pasi\u00f3n es ayudar a sus pacientes a lograr sus mejores resultados funcionales y fisiol\u00f3gicos.<\/p>\n<button class=\"flc-yt lazyload\" data-id=\"mExJnnV3VEs\" data-title=\"Principios y t\u00e9cnica del drenaje linf\u00e1tico manual\" data-bg=\"https:\/\/i.ytimg.com\/vi\/mExJnnV3VEs\/hqdefault.jpg\" aria-label=\"Play video Principios y t\u00e9cnica del drenaje linf\u00e1tico manual\">  <div class=\"flc-yt__title\">Principios y t\u00e9cnica del drenaje linf\u00e1tico manual<\/div>  <span class=\"flc-yt__play\">    <svg viewBox=\"0 0 68 48\" xmlns=\"http:\/\/www.w3.org\/2000\/svg\" aria-hidden=\"true\"><path d=\"M66.5 7.8A8.5 8.5 0 0 0 60.6 2C55.3.5 34 .5 34 .5S12.7.5 7.4 2A8.5 8.5 0 0 0 1.5 7.8C0 13.1 0 24 0 24s0 10.9 1.5 16.2A8.5 8.5 0 0 0 7.4 46C12.7 47.5 34 47.5 34 47.5s21.3 0 26.6-1.5a8.5 8.5 0 0 0 5.9-5.8C68 34.9 68 24 68 24s0-10.9-1.5-16.2Z\" fill=\"#f00\"\/><path d=\"M27 34l18-10-18-10v20Z\" fill=\"#fff\"\/><\/svg>  <\/span><\/button>\n<p>El sistema linf\u00e1tico es una red de tejidos y \u00f3rganos formada por vasos linf\u00e1ticos, l\u00edquido linf\u00e1tico y ganglios linf\u00e1ticos que drenan el l\u00edquido linf\u00e1tico de todo el cuerpo. Puede pensar en el sistema linf\u00e1tico como la planta de gesti\u00f3n de desechos del cuerpo, que trabaja d\u00eda y noche para filtrar y eliminar las impurezas que dejan otros sistemas del cuerpo. Un sistema linf\u00e1tico saludable tambi\u00e9n contribuye a muchas otras funciones corporales importantes, que incluyen: mantener el equilibrio de l\u00edquidos del cuerpo, filtrar la sangre, filtrar la linfa y combatir infecciones.<\/p>\n<p>El drenaje linf\u00e1tico manual (MLD) es un masaje especializado que ayuda suavemente al sistema linf\u00e1tico a mantener el equilibrio de l\u00edquidos del cuerpo, la circulaci\u00f3n sangu\u00ednea y los mecanismos inmunol\u00f3gicos. Esta t\u00e9cnica ligera de estiramiento de la piel ayuda a promover el movimiento del l\u00edquido que a menudo acompa\u00f1a a los procedimientos quir\u00fargicos. Cuando se combina con ejercicios de compresi\u00f3n y suaves, puede haber una reducci\u00f3n tanto de la incomodidad como de la hinchaz\u00f3n postoperatorias. Al utilizar el drenaje linf\u00e1tico manual, la liberaci\u00f3n miofascial y el ejercicio linf\u00e1tico espec\u00edfico, podemos optimizar el flujo linf\u00e1tico y la recuperaci\u00f3n funcional de nuestros pacientes despu\u00e9s de la cirug\u00eda.<\/p>\n<p>Se ha demostrado cl\u00ednicamente que el drenaje linf\u00e1tico manual reduce la hinchaz\u00f3n posterior al procedimiento, reduce el dolor y acelera la recuperaci\u00f3n:<\/p>\n<button class=\"flc-yt lazyload\" data-id=\"aaw5AE2fj_Q\" data-title=\"T\u00e9cnica de Drenaje Linf\u00e1tico Manual para Tronco\/Abdomen\" data-bg=\"https:\/\/i.ytimg.com\/vi\/aaw5AE2fj_Q\/hqdefault.jpg\" aria-label=\"Play video T\u00e9cnica de Drenaje Linf\u00e1tico Manual para Tronco\/Abdomen\">  <div class=\"flc-yt__title\">T\u00e9cnica de Drenaje Linf\u00e1tico Manual para Tronco\/Abdomen<\/div>  <span class=\"flc-yt__play\">    <svg viewBox=\"0 0 68 48\" xmlns=\"http:\/\/www.w3.org\/2000\/svg\" aria-hidden=\"true\"><path d=\"M66.5 7.8A8.5 8.5 0 0 0 60.6 2C55.3.5 34 .5 34 .5S12.7.5 7.4 2A8.5 8.5 0 0 0 1.5 7.8C0 13.1 0 24 0 24s0 10.9 1.5 16.2A8.5 8.5 0 0 0 7.4 46C12.7 47.5 34 47.5 34 47.5s21.3 0 26.6-1.5a8.5 8.5 0 0 0 5.9-5.8C68 34.9 68 24 68 24s0-10.9-1.5-16.2Z\" fill=\"#f00\"\/><path d=\"M27 34l18-10-18-10v20Z\" fill=\"#fff\"\/><\/svg>  <\/span><\/button>\n<button class=\"flc-yt lazyload\" data-id=\"-MZV3piWpUs\" data-title=\"Drenaje Linf\u00e1tico Manual T\u00e9cnica de Cabeza\/Cuello\" data-bg=\"https:\/\/i.ytimg.com\/vi\/-MZV3piWpUs\/hqdefault.jpg\" aria-label=\"Play video Drenaje Linf\u00e1tico Manual T\u00e9cnica de Cabeza\/Cuello\">  <div class=\"flc-yt__title\">Drenaje Linf\u00e1tico Manual T\u00e9cnica de Cabeza\/Cuello<\/div>  <span class=\"flc-yt__play\">    <svg viewBox=\"0 0 68 48\" xmlns=\"http:\/\/www.w3.org\/2000\/svg\" aria-hidden=\"true\"><path d=\"M66.5 7.8A8.5 8.5 0 0 0 60.6 2C55.3.5 34 .5 34 .5S12.7.5 7.4 2A8.5 8.5 0 0 0 1.5 7.8C0 13.1 0 24 0 24s0 10.9 1.5 16.2A8.5 8.5 0 0 0 7.4 46C12.7 47.5 34 47.5 34 47.5s21.3 0 26.6-1.5a8.5 8.5 0 0 0 5.9-5.8C68 34.9 68 24 68 24s0-10.9-1.5-16.2Z\" fill=\"#f00\"\/><path d=\"M27 34l18-10-18-10v20Z\" fill=\"#fff\"\/><\/svg>  <\/span><\/button>\n<p>El Dr. Erez Dayan ha realizado una extensa investigaci\u00f3n sobre suplementos en cirug\u00eda pl\u00e1stica. Lea m\u00e1s sobre la investigaci\u00f3n de Suplementos en Cirug\u00eda Pl\u00e1stica del <a href=\"https:\/\/www.avanceplasticsurgery.com\/es\/about-avance-plastic-surgery-institute\/research\/#supplements\">Dr. Dayan aqu\u00ed.<\/a><\/p>\n","protected":false},"excerpt":{"rendered":"<p>Conozca a nuestra experta en drenaje linf\u00e1tico: Abby Abby es doctora en fisioterapia y ha practicado en una multitud&hellip;<\/p>\n","protected":false},"author":1,"featured_media":0,"parent":8804,"menu_order":0,"comment_status":"closed","ping_status":"closed","template":"","meta":{"_acf_changed":false,"footnotes":""},"class_list":["post-8975","page","type-page","status-publish"],"acf":[],"yoast_head":"<!-- This site is optimized with the Yoast SEO plugin v27.4 - https:\/\/yoast.com\/product\/yoast-seo-wordpress\/ -->\n<title>Terapia de masaje de drenaje linf\u00e1tico Reno | Lago Tahoe, Truckee, Lago Tahoe<\/title>\n<meta name=\"description\" content=\"El drenaje linf\u00e1tico manual (MLD) es un masaje especializado que ayuda suavemente al sistema linf\u00e1tico a mantener el equilibrio de l\u00edquidos del cuerpo, la circulaci\u00f3n sangu\u00ednea y los mecanismos inmunol\u00f3gicos.\" \/>\n<meta name=\"robots\" content=\"index, follow, max-snippet:-1, max-image-preview:large, max-video-preview:-1\" \/>\n<link rel=\"canonical\" href=\"https:\/\/www.avanceplasticsurgery.com\/es\/procedimientos-cosmeticos-y-de-cirugia\/terapia-de-drenaje-linfatico\/\" \/>\n<meta property=\"og:locale\" content=\"es_ES\" \/>\n<meta property=\"og:type\" content=\"article\" \/>\n<meta property=\"og:title\" content=\"Terapia de masaje de drenaje linf\u00e1tico Reno | Lago Tahoe, Truckee, Lago Tahoe\" \/>\n<meta property=\"og:description\" content=\"El drenaje linf\u00e1tico manual (MLD) es un masaje especializado que ayuda suavemente al sistema linf\u00e1tico a mantener el equilibrio de l\u00edquidos del cuerpo, la circulaci\u00f3n sangu\u00ednea y los mecanismos inmunol\u00f3gicos.\" \/>\n<meta property=\"og:url\" content=\"https:\/\/www.avanceplasticsurgery.com\/es\/procedimientos-cosmeticos-y-de-cirugia\/terapia-de-drenaje-linfatico\/\" \/>\n<meta property=\"og:site_name\" content=\"Avance Plastic Surgery\" \/>\n<meta property=\"article:modified_time\" content=\"2022-04-25T12:47:28+00:00\" \/>\n<meta name=\"twitter:card\" content=\"summary_large_image\" \/>\n<meta name=\"twitter:label1\" content=\"Tiempo de lectura\" \/>\n\t<meta name=\"twitter:data1\" content=\"2 minutos\" \/>\n<!-- \/ Yoast SEO plugin. -->","yoast_head_json":{"title":"Terapia de masaje de drenaje linf\u00e1tico Reno | Lago Tahoe, Truckee, Lago Tahoe","description":"El drenaje linf\u00e1tico manual (MLD) es un masaje especializado que ayuda suavemente al sistema linf\u00e1tico a mantener el equilibrio de l\u00edquidos del cuerpo, la circulaci\u00f3n sangu\u00ednea y los mecanismos inmunol\u00f3gicos.","robots":{"index":"index","follow":"follow","max-snippet":"max-snippet:-1","max-image-preview":"max-image-preview:large","max-video-preview":"max-video-preview:-1"},"canonical":"https:\/\/www.avanceplasticsurgery.com\/es\/procedimientos-cosmeticos-y-de-cirugia\/terapia-de-drenaje-linfatico\/","og_locale":"es_ES","og_type":"article","og_title":"Terapia de masaje de drenaje linf\u00e1tico Reno | Lago Tahoe, Truckee, Lago Tahoe","og_description":"El drenaje linf\u00e1tico manual (MLD) es un masaje especializado que ayuda suavemente al sistema linf\u00e1tico a mantener el equilibrio de l\u00edquidos del cuerpo, la circulaci\u00f3n sangu\u00ednea y los mecanismos inmunol\u00f3gicos.","og_url":"https:\/\/www.avanceplasticsurgery.com\/es\/procedimientos-cosmeticos-y-de-cirugia\/terapia-de-drenaje-linfatico\/","og_site_name":"Avance Plastic Surgery","article_modified_time":"2022-04-25T12:47:28+00:00","twitter_card":"summary_large_image","twitter_misc":{"Tiempo de lectura":"2 minutos"},"schema":{"@context":"https:\/\/schema.org","@graph":[{"@type":"WebPage","@id":"https:\/\/www.avanceplasticsurgery.com\/es\/procedimientos-cosmeticos-y-de-cirugia\/terapia-de-drenaje-linfatico\/","url":"https:\/\/www.avanceplasticsurgery.com\/es\/procedimientos-cosmeticos-y-de-cirugia\/terapia-de-drenaje-linfatico\/","name":"Terapia de masaje de drenaje linf\u00e1tico Reno | Lago Tahoe, Truckee, Lago Tahoe","isPartOf":{"@id":"https:\/\/www.avanceplasticsurgery.com\/es\/#website"},"datePublished":"2021-03-29T08:22:03+00:00","dateModified":"2022-04-25T12:47:28+00:00","description":"El drenaje linf\u00e1tico manual (MLD) es un masaje especializado que ayuda suavemente al sistema linf\u00e1tico a mantener el equilibrio de l\u00edquidos del cuerpo, la circulaci\u00f3n sangu\u00ednea y los mecanismos inmunol\u00f3gicos.","breadcrumb":{"@id":"https:\/\/www.avanceplasticsurgery.com\/es\/procedimientos-cosmeticos-y-de-cirugia\/terapia-de-drenaje-linfatico\/#breadcrumb"},"inLanguage":"es","potentialAction":[{"@type":"ReadAction","target":["https:\/\/www.avanceplasticsurgery.com\/es\/procedimientos-cosmeticos-y-de-cirugia\/terapia-de-drenaje-linfatico\/"]}]},{"@type":"BreadcrumbList","@id":"https:\/\/www.avanceplasticsurgery.com\/es\/procedimientos-cosmeticos-y-de-cirugia\/terapia-de-drenaje-linfatico\/#breadcrumb","itemListElement":[{"@type":"ListItem","position":1,"name":"Home","item":"https:\/\/www.avanceplasticsurgery.com\/es\/"},{"@type":"ListItem","position":2,"name":"Cosm\u00e9tica","item":"https:\/\/www.avanceplasticsurgery.com\/es\/procedimientos-cosmeticos-y-de-cirugia\/"},{"@type":"ListItem","position":3,"name":"Terapia de drenaje linf\u00e1tico"}]},{"@type":"WebSite","@id":"https:\/\/www.avanceplasticsurgery.com\/es\/#website","url":"https:\/\/www.avanceplasticsurgery.com\/es\/","name":"Avance Plastic Surgery","description":"","potentialAction":[{"@type":"SearchAction","target":{"@type":"EntryPoint","urlTemplate":"https:\/\/www.avanceplasticsurgery.com\/es\/?s={search_term_string}"},"query-input":{"@type":"PropertyValueSpecification","valueRequired":true,"valueName":"search_term_string"}}],"inLanguage":"es"}]}},"_links":{"self":[{"href":"https:\/\/www.avanceplasticsurgery.com\/es\/wp-json\/wp\/v2\/pages\/8975","targetHints":{"allow":["GET"]}}],"collection":[{"href":"https:\/\/www.avanceplasticsurgery.com\/es\/wp-json\/wp\/v2\/pages"}],"about":[{"href":"https:\/\/www.avanceplasticsurgery.com\/es\/wp-json\/wp\/v2\/types\/page"}],"author":[{"embeddable":true,"href":"https:\/\/www.avanceplasticsurgery.com\/es\/wp-json\/wp\/v2\/users\/1"}],"replies":[{"embeddable":true,"href":"https:\/\/www.avanceplasticsurgery.com\/es\/wp-json\/wp\/v2\/comments?post=8975"}],"version-history":[{"count":1,"href":"https:\/\/www.avanceplasticsurgery.com\/es\/wp-json\/wp\/v2\/pages\/8975\/revisions"}],"predecessor-version":[{"id":9278,"href":"https:\/\/www.avanceplasticsurgery.com\/es\/wp-json\/wp\/v2\/pages\/8975\/revisions\/9278"}],"up":[{"embeddable":true,"href":"https:\/\/www.avanceplasticsurgery.com\/es\/wp-json\/wp\/v2\/pages\/8804"}],"wp:attachment":[{"href":"https:\/\/www.avanceplasticsurgery.com\/es\/wp-json\/wp\/v2\/media?parent=8975"}],"curies":[{"name":"wp","href":"https:\/\/api.w.org\/{rel}","templated":true}]}}