{"id":8977,"date":"2020-09-20T12:23:28","date_gmt":"2020-09-20T12:23:28","guid":{"rendered":"https:\/\/www.avanceplasticsurgery.com\/rinoplastia-masculina\/"},"modified":"2022-04-25T11:11:43","modified_gmt":"2022-04-25T11:11:43","slug":"rinoplastia-masculina","status":"publish","type":"page","link":"https:\/\/www.avanceplasticsurgery.com\/es\/procedimientos-cosmeticos-y-de-cirugia\/cirugia-plastica-masculina\/rinoplastia-masculina\/","title":{"rendered":"Rinoplastia Masculina"},"content":{"rendered":"<h1>Rinoplastia masculina (cirug\u00eda de nariz)<\/h1>\n<p>La nariz es una caracter\u00edstica definitoria de tu rostro y puede contribuir o restarle valor a tu apariencia. Si la gen\u00e9tica no le dio la nariz que desea o si un trauma o una enfermedad ha da\u00f1ado o deformado su nariz, la rinoplastia masculina o la cirug\u00eda de nariz son una opci\u00f3n. El Dr. Erez Dayan ofrece una rinoplastia masculina superior en el Instituto de Cirug\u00eda Pl\u00e1stica Avance en Reno\/Tahoe, NV.<\/p>\n<p>La cirug\u00eda de nariz es una de las <a title=\"Reno NV Cirug\u00eda Pl\u00e1stica Facial Masculina\" href=\"https:\/\/www.avanceplasticsurgery.com\/es\/cosmetic-and-surgery-procedures\/male-plastic-surgery\/\">cirug\u00edas est\u00e9ticas m\u00e1s populares entre los hombres que se<\/a> realizan en los Estados Unidos. Tanto hombres como mujeres est\u00e1n aprovechando la oportunidad de hacer correcciones en la nariz para mejorar su apariencia. Para los hombres, a menudo es preferible una nariz m\u00e1s fuerte y definida. Una nariz m\u00e1s masculina que acent\u00fae mejor las otras caracter\u00edsticas faciales puede agregar un atractivo considerable a su apariencia.<\/p>\n<p>Cuando un defecto cong\u00e9nito, un accidente, una lesi\u00f3n deportiva o una insatisfacci\u00f3n personal con su nariz lo llevan a considerar una cirug\u00eda de nariz, el Dr. Dayan puede realizar el procedimiento de rinoplastia masculina necesario para producir los resultados que desea. No sigas sinti\u00e9ndote avergonzado o insatisfecho con tu nariz en Reno o Lake Tahoe. Llame al Instituto de Cirug\u00eda Pl\u00e1stica Avance para obtener m\u00e1s informaci\u00f3n sobre sus opciones de rinoplastia.<\/p>\n<button class=\"flc-yt lazyload\" data-id=\"N0Gy_R7c7TU\" data-title=\"Caso de rinoplastia masculina del Dr. Erez Dayan\" data-bg=\"https:\/\/i.ytimg.com\/vi\/N0Gy_R7c7TU\/hqdefault.jpg\" aria-label=\"Play video Caso de rinoplastia masculina del Dr. Erez Dayan\">  <div class=\"flc-yt__title\">Caso de rinoplastia masculina del Dr. Erez Dayan<\/div>  <span class=\"flc-yt__play\">    <svg viewBox=\"0 0 68 48\" xmlns=\"http:\/\/www.w3.org\/2000\/svg\" aria-hidden=\"true\"><path d=\"M66.5 7.8A8.5 8.5 0 0 0 60.6 2C55.3.5 34 .5 34 .5S12.7.5 7.4 2A8.5 8.5 0 0 0 1.5 7.8C0 13.1 0 24 0 24s0 10.9 1.5 16.2A8.5 8.5 0 0 0 7.4 46C12.7 47.5 34 47.5 34 47.5s21.3 0 26.6-1.5a8.5 8.5 0 0 0 5.9-5.8C68 34.9 68 24 68 24s0-10.9-1.5-16.2Z\" fill=\"#f00\"\/><path d=\"M27 34l18-10-18-10v20Z\" fill=\"#fff\"\/><\/svg>  <\/span><\/button>\n<h2>Cirug\u00eda de nariz masculina en Reno\/Tahoe<\/h2>\n<p>La cirug\u00eda de nariz masculina en Reno\/Tahoe puede tomar muchas formas. El Dr. Dayan examinar\u00e1 de cerca su nariz y revisar\u00e1 su historial m\u00e9dico y su condici\u00f3n actual antes de hacer recomendaciones quir\u00fargicas. Durante su consulta confidencial con el Dr. Dayan, \u00e9l le explicar\u00e1 las opciones disponibles para ayudarlo a alcanzar sus metas funcionales y\/o est\u00e9ticas para su nariz.<\/p>\n<p>La mayor\u00eda de las cirug\u00edas de rinoplastia se realizan con hospitalizaci\u00f3n en el consultorio del Dr. Dayan en Reno\/Tahoe. Se le colocar\u00e1 bajo anestesia general para la cirug\u00eda, que normalmente dura unos 90 minutos. Su procedimiento podr\u00eda durar m\u00e1s si se necesitan reparaciones extensas o injertos de cart\u00edlago. El Dr. Dayan le explicar\u00e1 lo que puede esperar de su procedimiento de rinoplastia en particular.<\/p>\n<p>Para una rinoplastia masculina de primer nivel que pueda transformar y mejorar sus caracter\u00edsticas masculinas, <a title=\"P\u00f3ngase en contacto con el Instituto de Cirug\u00eda Pl\u00e1stica Avance en Reno NV\" href=\"https:\/\/www.avanceplasticsurgery.com\/es\/contact-us-dr-erez-dayan\/\">comun\u00edquese con el Instituto de Cirug\u00eda Pl\u00e1stica Avance<\/a> en Reno\/Tahoe para programar una consulta de cirug\u00eda de nariz masculina con el Dr. Dayan.<\/p>\n<p style=\"text-align: center;\"><a href=\"https:\/\/www.avanceplasticsurgery.com\/wp-content\/uploads\/2020\/10\/Rhinoplasty_Instructions.pdf\" class=\"btn btn-primary\" target=\"_blank\" rel=\"noopener noreferrer\">Instrucciones postoperatorias<\/a><\/p>\n","protected":false},"excerpt":{"rendered":"<p>Rinoplastia masculina (cirug\u00eda de nariz) La nariz es una caracter\u00edstica definitoria de tu rostro y puede contribuir o restarle&hellip;<\/p>\n","protected":false},"author":1,"featured_media":0,"parent":8983,"menu_order":0,"comment_status":"closed","ping_status":"closed","template":"","meta":{"_acf_changed":false,"footnotes":""},"class_list":["post-8977","page","type-page","status-publish"],"acf":[],"yoast_head":"<!-- This site is optimized with the Yoast SEO plugin v27.4 - https:\/\/yoast.com\/product\/yoast-seo-wordpress\/ -->\n<title>Reno NV Rinoplastia Masculina | Cirug\u00eda de nariz masculina en Lake Tahoe<\/title>\n<meta name=\"description\" content=\"La rinoplastia masculina, o cirug\u00eda de nariz, puede transformar y mejorar sus rasgos masculinos para una mejor apariencia. Llame al Instituto de Cirug\u00eda Pl\u00e1stica Avance en Reno, NV, para programar una consulta de cirug\u00eda de nariz masculina con el Dr. Erez Dayan.\" \/>\n<meta name=\"robots\" content=\"index, follow, max-snippet:-1, max-image-preview:large, max-video-preview:-1\" \/>\n<link rel=\"canonical\" href=\"https:\/\/www.avanceplasticsurgery.com\/es\/procedimientos-cosmeticos-y-de-cirugia\/cirugia-plastica-masculina\/rinoplastia-masculina\/\" \/>\n<meta property=\"og:locale\" content=\"es_ES\" \/>\n<meta property=\"og:type\" content=\"article\" \/>\n<meta property=\"og:title\" content=\"Reno NV Rinoplastia Masculina | Cirug\u00eda de nariz masculina en Lake Tahoe\" \/>\n<meta property=\"og:description\" content=\"La rinoplastia masculina, o cirug\u00eda de nariz, puede transformar y mejorar sus rasgos masculinos para una mejor apariencia. Llame al Instituto de Cirug\u00eda Pl\u00e1stica Avance en Reno, NV, para programar una consulta de cirug\u00eda de nariz masculina con el Dr. Erez Dayan.\" \/>\n<meta property=\"og:url\" content=\"https:\/\/www.avanceplasticsurgery.com\/es\/procedimientos-cosmeticos-y-de-cirugia\/cirugia-plastica-masculina\/rinoplastia-masculina\/\" \/>\n<meta property=\"og:site_name\" content=\"Avance Plastic Surgery\" \/>\n<meta property=\"article:modified_time\" content=\"2022-04-25T11:11:43+00:00\" \/>\n<meta name=\"twitter:card\" content=\"summary_large_image\" \/>\n<meta name=\"twitter:label1\" content=\"Tiempo de lectura\" \/>\n\t<meta name=\"twitter:data1\" content=\"2 minutos\" \/>\n<!-- \/ Yoast SEO plugin. -->","yoast_head_json":{"title":"Reno NV Rinoplastia Masculina | Cirug\u00eda de nariz masculina en Lake Tahoe","description":"La rinoplastia masculina, o cirug\u00eda de nariz, puede transformar y mejorar sus rasgos masculinos para una mejor apariencia. Llame al Instituto de Cirug\u00eda Pl\u00e1stica Avance en Reno, NV, para programar una consulta de cirug\u00eda de nariz masculina con el Dr. Erez Dayan.","robots":{"index":"index","follow":"follow","max-snippet":"max-snippet:-1","max-image-preview":"max-image-preview:large","max-video-preview":"max-video-preview:-1"},"canonical":"https:\/\/www.avanceplasticsurgery.com\/es\/procedimientos-cosmeticos-y-de-cirugia\/cirugia-plastica-masculina\/rinoplastia-masculina\/","og_locale":"es_ES","og_type":"article","og_title":"Reno NV Rinoplastia Masculina | Cirug\u00eda de nariz masculina en Lake Tahoe","og_description":"La rinoplastia masculina, o cirug\u00eda de nariz, puede transformar y mejorar sus rasgos masculinos para una mejor apariencia. Llame al Instituto de Cirug\u00eda Pl\u00e1stica Avance en Reno, NV, para programar una consulta de cirug\u00eda de nariz masculina con el Dr. Erez Dayan.","og_url":"https:\/\/www.avanceplasticsurgery.com\/es\/procedimientos-cosmeticos-y-de-cirugia\/cirugia-plastica-masculina\/rinoplastia-masculina\/","og_site_name":"Avance Plastic Surgery","article_modified_time":"2022-04-25T11:11:43+00:00","twitter_card":"summary_large_image","twitter_misc":{"Tiempo de lectura":"2 minutos"},"schema":{"@context":"https:\/\/schema.org","@graph":[{"@type":"WebPage","@id":"https:\/\/www.avanceplasticsurgery.com\/es\/procedimientos-cosmeticos-y-de-cirugia\/cirugia-plastica-masculina\/rinoplastia-masculina\/","url":"https:\/\/www.avanceplasticsurgery.com\/es\/procedimientos-cosmeticos-y-de-cirugia\/cirugia-plastica-masculina\/rinoplastia-masculina\/","name":"Reno NV Rinoplastia Masculina | Cirug\u00eda de nariz masculina en Lake Tahoe","isPartOf":{"@id":"https:\/\/www.avanceplasticsurgery.com\/es\/#website"},"datePublished":"2020-09-20T12:23:28+00:00","dateModified":"2022-04-25T11:11:43+00:00","description":"La rinoplastia masculina, o cirug\u00eda de nariz, puede transformar y mejorar sus rasgos masculinos para una mejor apariencia. Llame al Instituto de Cirug\u00eda Pl\u00e1stica Avance en Reno, NV, para programar una consulta de cirug\u00eda de nariz masculina con el Dr. Erez Dayan.","breadcrumb":{"@id":"https:\/\/www.avanceplasticsurgery.com\/es\/procedimientos-cosmeticos-y-de-cirugia\/cirugia-plastica-masculina\/rinoplastia-masculina\/#breadcrumb"},"inLanguage":"es","potentialAction":[{"@type":"ReadAction","target":["https:\/\/www.avanceplasticsurgery.com\/es\/procedimientos-cosmeticos-y-de-cirugia\/cirugia-plastica-masculina\/rinoplastia-masculina\/"]}]},{"@type":"BreadcrumbList","@id":"https:\/\/www.avanceplasticsurgery.com\/es\/procedimientos-cosmeticos-y-de-cirugia\/cirugia-plastica-masculina\/rinoplastia-masculina\/#breadcrumb","itemListElement":[{"@type":"ListItem","position":1,"name":"Home","item":"https:\/\/www.avanceplasticsurgery.com\/es\/"},{"@type":"ListItem","position":2,"name":"Cosm\u00e9tica","item":"https:\/\/www.avanceplasticsurgery.com\/es\/procedimientos-cosmeticos-y-de-cirugia\/"},{"@type":"ListItem","position":3,"name":"Cirug\u00eda Pl\u00e1stica Masculina","item":"https:\/\/www.avanceplasticsurgery.com\/es\/procedimientos-cosmeticos-y-de-cirugia\/cirugia-plastica-masculina\/"},{"@type":"ListItem","position":4,"name":"Rinoplastia Masculina"}]},{"@type":"WebSite","@id":"https:\/\/www.avanceplasticsurgery.com\/es\/#website","url":"https:\/\/www.avanceplasticsurgery.com\/es\/","name":"Avance Plastic Surgery","description":"","potentialAction":[{"@type":"SearchAction","target":{"@type":"EntryPoint","urlTemplate":"https:\/\/www.avanceplasticsurgery.com\/es\/?s={search_term_string}"},"query-input":{"@type":"PropertyValueSpecification","valueRequired":true,"valueName":"search_term_string"}}],"inLanguage":"es"}]}},"_links":{"self":[{"href":"https:\/\/www.avanceplasticsurgery.com\/es\/wp-json\/wp\/v2\/pages\/8977","targetHints":{"allow":["GET"]}}],"collection":[{"href":"https:\/\/www.avanceplasticsurgery.com\/es\/wp-json\/wp\/v2\/pages"}],"about":[{"href":"https:\/\/www.avanceplasticsurgery.com\/es\/wp-json\/wp\/v2\/types\/page"}],"author":[{"embeddable":true,"href":"https:\/\/www.avanceplasticsurgery.com\/es\/wp-json\/wp\/v2\/users\/1"}],"replies":[{"embeddable":true,"href":"https:\/\/www.avanceplasticsurgery.com\/es\/wp-json\/wp\/v2\/comments?post=8977"}],"version-history":[{"count":2,"href":"https:\/\/www.avanceplasticsurgery.com\/es\/wp-json\/wp\/v2\/pages\/8977\/revisions"}],"predecessor-version":[{"id":9180,"href":"https:\/\/www.avanceplasticsurgery.com\/es\/wp-json\/wp\/v2\/pages\/8977\/revisions\/9180"}],"up":[{"embeddable":true,"href":"https:\/\/www.avanceplasticsurgery.com\/es\/wp-json\/wp\/v2\/pages\/8983"}],"wp:attachment":[{"href":"https:\/\/www.avanceplasticsurgery.com\/es\/wp-json\/wp\/v2\/media?parent=8977"}],"curies":[{"name":"wp","href":"https:\/\/api.w.org\/{rel}","templated":true}]}}