{"id":8979,"date":"2020-09-16T08:42:02","date_gmt":"2020-09-16T08:42:02","guid":{"rendered":"https:\/\/www.avanceplasticsurgery.com\/cirugia-de-estiramiento-facial-masculino\/"},"modified":"2022-04-25T11:11:15","modified_gmt":"2022-04-25T11:11:15","slug":"cirugia-de-estiramiento-facial-masculino","status":"publish","type":"page","link":"https:\/\/www.avanceplasticsurgery.com\/es\/procedimientos-cosmeticos-y-de-cirugia\/cirugia-plastica-masculina\/cirugia-de-estiramiento-facial-masculino\/","title":{"rendered":"Cirug\u00eda de estiramiento facial masculino"},"content":{"rendered":"<h1>Cirug\u00eda de estiramiento facial masculino<\/h1>\n<p>La cirug\u00eda de estiramiento facial se considera el est\u00e1ndar de oro en la cirug\u00eda est\u00e9tica antienvejecimiento. La cirug\u00eda de estiramiento facial masculino aborda las mismas preocupaciones b\u00e1sicas que la cirug\u00eda de estiramiento facial femenino, pero con un \u00e9nfasis personalizado en las caracter\u00edsticas espec\u00edficas que mejoran la apariencia masculina. El Dr. Erez Dayan ofrece cirug\u00eda de estiramiento facial masculino de clase mundial en el Instituto de Cirug\u00eda Pl\u00e1stica Avance en Reno\/Tahoe, NV.<\/p>\n<p>La cirug\u00eda de estiramiento facial masculino busca levantar y tensar la piel suelta, agregar volumen, borrar las arrugas y, en general, mejorar la apariencia general del rostro. Sin embargo, algunos matices espec\u00edficos resultan m\u00e1s atractivos para los machos. Por ejemplo, mientras que las mujeres prefieren una mand\u00edbula suave y femenina, los hombres prefieren una mand\u00edbula m\u00e1s fuerte y definida y un aspecto cincelado. Estas diferencias requieren t\u00e9cnicas espec\u00edficas por parte de su cirujano pl\u00e1stico est\u00e9tico.<\/p>\n<p>El Dr. Dayan es un cirujano pl\u00e1stico cosm\u00e9tico y reconstructivo altamente calificado que ha recibido una amplia capacitaci\u00f3n en <a title=\"Reno NV Cirug\u00eda Pl\u00e1stica Facial Masculina\" href=\"https:\/\/www.avanceplasticsurgery.com\/es\/cosmetic-and-surgery-procedures\/male-plastic-surgery\/\">procedimientos cosm\u00e9ticos faciales para hombres<\/a> , incluidas t\u00e9cnicas y tecnolog\u00eda avanzadas. A menudo lo invitan a dar conferencias, escribir y demostrar procedimientos de cirug\u00eda pl\u00e1stica en todo el mundo. El Dr. Dayan y su talentoso equipo de est\u00e9tica en Avance Plastic Surgery Institute est\u00e1n excepcionalmente calificados para producir los resultados que desea en una cirug\u00eda de estiramiento facial masculino.<\/p>\n<h2>Estiramiento facial masculino en Reno, NV<\/h2>\n<p>Su estiramiento facial masculino en Reno\/Tahoe, NV, se adaptar\u00e1 exclusivamente a sus necesidades y deseos personales. El Dr. Dayan se reunir\u00e1 con usted en una consulta privada para escuchar sus inquietudes y objetivos est\u00e9ticos. Despu\u00e9s de revisar su historial m\u00e9dico y su condici\u00f3n actual, le har\u00e1 recomendaciones sobre los mejores procedimientos para lograr lo que desea.<\/p>\n<p>El Dr. Dayan a menudo combina varias t\u00e9cnicas con la cirug\u00eda de estiramiento facial masculino para lograr los contornos y el efecto deseados. Esto puede incluir liposucci\u00f3n y transferencia de grasa, y algunas t\u00e9cnicas de estiramiento de la piel. \u00c9l le explicar\u00e1 su enfoque y cada procedimiento durante su consulta. Tambi\u00e9n recibir\u00e1 instrucciones detalladas de cuidado posterior para garantizar que disfrute de una recuperaci\u00f3n exitosa.<\/p>\n<p>Para obtener el mejor estiramiento facial masculino en Reno, <a title=\"P\u00f3ngase en contacto con el Instituto de Cirug\u00eda Pl\u00e1stica Avance en Reno NV\" href=\"https:\/\/www.avanceplasticsurgery.com\/es\/contact-us-dr-erez-dayan\/\">comun\u00edquese con el Instituto de Cirug\u00eda Pl\u00e1stica Avance<\/a> y programe una consulta confidencial de cirug\u00eda de estiramiento facial masculino con el Dr. Erez Dayan.<\/p>\n","protected":false},"excerpt":{"rendered":"<p>Cirug\u00eda de estiramiento facial masculino La cirug\u00eda de estiramiento facial se considera el est\u00e1ndar de oro en la cirug\u00eda&hellip;<\/p>\n","protected":false},"author":1,"featured_media":0,"parent":8983,"menu_order":0,"comment_status":"closed","ping_status":"closed","template":"","meta":{"_acf_changed":false,"footnotes":""},"class_list":["post-8979","page","type-page","status-publish"],"acf":[],"yoast_head":"<!-- This site is optimized with the Yoast SEO plugin v27.5 - https:\/\/yoast.com\/product\/yoast-seo-wordpress\/ -->\n<title>Reno NV Cirug\u00eda de estiramiento facial masculino | Estiramiento facial masculino del lago Tahoe<\/title>\n<meta name=\"description\" content=\"La cirug\u00eda de estiramiento facial masculino adaptada a sus deseos y objetivos masculinos precisos est\u00e1 disponible en Reno por parte de un cirujano pl\u00e1stico cosm\u00e9tico altamente calificado. P\u00f3ngase en contacto con el Instituto de Cirug\u00eda Pl\u00e1stica Avance para una consulta con el Dr. Erez Dayan sobre las opciones de cirug\u00eda de estiramiento facial masculino.\" \/>\n<meta name=\"robots\" content=\"index, follow, max-snippet:-1, max-image-preview:large, max-video-preview:-1\" \/>\n<link rel=\"canonical\" href=\"https:\/\/www.avanceplasticsurgery.com\/es\/procedimientos-cosmeticos-y-de-cirugia\/cirugia-plastica-masculina\/cirugia-de-estiramiento-facial-masculino\/\" \/>\n<meta property=\"og:locale\" content=\"es_ES\" \/>\n<meta property=\"og:type\" content=\"article\" \/>\n<meta property=\"og:title\" content=\"Reno NV Cirug\u00eda de estiramiento facial masculino | Estiramiento facial masculino del lago Tahoe\" \/>\n<meta property=\"og:description\" content=\"La cirug\u00eda de estiramiento facial masculino adaptada a sus deseos y objetivos masculinos precisos est\u00e1 disponible en Reno por parte de un cirujano pl\u00e1stico cosm\u00e9tico altamente calificado. P\u00f3ngase en contacto con el Instituto de Cirug\u00eda Pl\u00e1stica Avance para una consulta con el Dr. Erez Dayan sobre las opciones de cirug\u00eda de estiramiento facial masculino.\" \/>\n<meta property=\"og:url\" content=\"https:\/\/www.avanceplasticsurgery.com\/es\/procedimientos-cosmeticos-y-de-cirugia\/cirugia-plastica-masculina\/cirugia-de-estiramiento-facial-masculino\/\" \/>\n<meta property=\"og:site_name\" content=\"Avance Plastic Surgery\" \/>\n<meta property=\"article:modified_time\" content=\"2022-04-25T11:11:15+00:00\" \/>\n<meta name=\"twitter:card\" content=\"summary_large_image\" \/>\n<meta name=\"twitter:label1\" content=\"Tiempo de lectura\" \/>\n\t<meta name=\"twitter:data1\" content=\"2 minutos\" \/>\n<!-- \/ Yoast SEO plugin. -->","yoast_head_json":{"title":"Reno NV Cirug\u00eda de estiramiento facial masculino | Estiramiento facial masculino del lago Tahoe","description":"La cirug\u00eda de estiramiento facial masculino adaptada a sus deseos y objetivos masculinos precisos est\u00e1 disponible en Reno por parte de un cirujano pl\u00e1stico cosm\u00e9tico altamente calificado. P\u00f3ngase en contacto con el Instituto de Cirug\u00eda Pl\u00e1stica Avance para una consulta con el Dr. Erez Dayan sobre las opciones de cirug\u00eda de estiramiento facial masculino.","robots":{"index":"index","follow":"follow","max-snippet":"max-snippet:-1","max-image-preview":"max-image-preview:large","max-video-preview":"max-video-preview:-1"},"canonical":"https:\/\/www.avanceplasticsurgery.com\/es\/procedimientos-cosmeticos-y-de-cirugia\/cirugia-plastica-masculina\/cirugia-de-estiramiento-facial-masculino\/","og_locale":"es_ES","og_type":"article","og_title":"Reno NV Cirug\u00eda de estiramiento facial masculino | Estiramiento facial masculino del lago Tahoe","og_description":"La cirug\u00eda de estiramiento facial masculino adaptada a sus deseos y objetivos masculinos precisos est\u00e1 disponible en Reno por parte de un cirujano pl\u00e1stico cosm\u00e9tico altamente calificado. P\u00f3ngase en contacto con el Instituto de Cirug\u00eda Pl\u00e1stica Avance para una consulta con el Dr. Erez Dayan sobre las opciones de cirug\u00eda de estiramiento facial masculino.","og_url":"https:\/\/www.avanceplasticsurgery.com\/es\/procedimientos-cosmeticos-y-de-cirugia\/cirugia-plastica-masculina\/cirugia-de-estiramiento-facial-masculino\/","og_site_name":"Avance Plastic Surgery","article_modified_time":"2022-04-25T11:11:15+00:00","twitter_card":"summary_large_image","twitter_misc":{"Tiempo de lectura":"2 minutos"},"schema":{"@context":"https:\/\/schema.org","@graph":[{"@type":"WebPage","@id":"https:\/\/www.avanceplasticsurgery.com\/es\/procedimientos-cosmeticos-y-de-cirugia\/cirugia-plastica-masculina\/cirugia-de-estiramiento-facial-masculino\/","url":"https:\/\/www.avanceplasticsurgery.com\/es\/procedimientos-cosmeticos-y-de-cirugia\/cirugia-plastica-masculina\/cirugia-de-estiramiento-facial-masculino\/","name":"Reno NV Cirug\u00eda de estiramiento facial masculino | Estiramiento facial masculino del lago Tahoe","isPartOf":{"@id":"https:\/\/www.avanceplasticsurgery.com\/es\/#website"},"datePublished":"2020-09-16T08:42:02+00:00","dateModified":"2022-04-25T11:11:15+00:00","description":"La cirug\u00eda de estiramiento facial masculino adaptada a sus deseos y objetivos masculinos precisos est\u00e1 disponible en Reno por parte de un cirujano pl\u00e1stico cosm\u00e9tico altamente calificado. P\u00f3ngase en contacto con el Instituto de Cirug\u00eda Pl\u00e1stica Avance para una consulta con el Dr. Erez Dayan sobre las opciones de cirug\u00eda de estiramiento facial masculino.","breadcrumb":{"@id":"https:\/\/www.avanceplasticsurgery.com\/es\/procedimientos-cosmeticos-y-de-cirugia\/cirugia-plastica-masculina\/cirugia-de-estiramiento-facial-masculino\/#breadcrumb"},"inLanguage":"es","potentialAction":[{"@type":"ReadAction","target":["https:\/\/www.avanceplasticsurgery.com\/es\/procedimientos-cosmeticos-y-de-cirugia\/cirugia-plastica-masculina\/cirugia-de-estiramiento-facial-masculino\/"]}]},{"@type":"BreadcrumbList","@id":"https:\/\/www.avanceplasticsurgery.com\/es\/procedimientos-cosmeticos-y-de-cirugia\/cirugia-plastica-masculina\/cirugia-de-estiramiento-facial-masculino\/#breadcrumb","itemListElement":[{"@type":"ListItem","position":1,"name":"Home","item":"https:\/\/www.avanceplasticsurgery.com\/es\/"},{"@type":"ListItem","position":2,"name":"Cosm\u00e9tica","item":"https:\/\/www.avanceplasticsurgery.com\/es\/procedimientos-cosmeticos-y-de-cirugia\/"},{"@type":"ListItem","position":3,"name":"Cirug\u00eda Pl\u00e1stica Masculina","item":"https:\/\/www.avanceplasticsurgery.com\/es\/procedimientos-cosmeticos-y-de-cirugia\/cirugia-plastica-masculina\/"},{"@type":"ListItem","position":4,"name":"Cirug\u00eda de estiramiento facial masculino"}]},{"@type":"WebSite","@id":"https:\/\/www.avanceplasticsurgery.com\/es\/#website","url":"https:\/\/www.avanceplasticsurgery.com\/es\/","name":"Avance Plastic Surgery","description":"","potentialAction":[{"@type":"SearchAction","target":{"@type":"EntryPoint","urlTemplate":"https:\/\/www.avanceplasticsurgery.com\/es\/?s={search_term_string}"},"query-input":{"@type":"PropertyValueSpecification","valueRequired":true,"valueName":"search_term_string"}}],"inLanguage":"es"}]}},"_links":{"self":[{"href":"https:\/\/www.avanceplasticsurgery.com\/es\/wp-json\/wp\/v2\/pages\/8979","targetHints":{"allow":["GET"]}}],"collection":[{"href":"https:\/\/www.avanceplasticsurgery.com\/es\/wp-json\/wp\/v2\/pages"}],"about":[{"href":"https:\/\/www.avanceplasticsurgery.com\/es\/wp-json\/wp\/v2\/types\/page"}],"author":[{"embeddable":true,"href":"https:\/\/www.avanceplasticsurgery.com\/es\/wp-json\/wp\/v2\/users\/1"}],"replies":[{"embeddable":true,"href":"https:\/\/www.avanceplasticsurgery.com\/es\/wp-json\/wp\/v2\/comments?post=8979"}],"version-history":[{"count":2,"href":"https:\/\/www.avanceplasticsurgery.com\/es\/wp-json\/wp\/v2\/pages\/8979\/revisions"}],"predecessor-version":[{"id":9178,"href":"https:\/\/www.avanceplasticsurgery.com\/es\/wp-json\/wp\/v2\/pages\/8979\/revisions\/9178"}],"up":[{"embeddable":true,"href":"https:\/\/www.avanceplasticsurgery.com\/es\/wp-json\/wp\/v2\/pages\/8983"}],"wp:attachment":[{"href":"https:\/\/www.avanceplasticsurgery.com\/es\/wp-json\/wp\/v2\/media?parent=8979"}],"curies":[{"name":"wp","href":"https:\/\/api.w.org\/{rel}","templated":true}]}}