{"id":8981,"date":"2020-09-20T12:14:12","date_gmt":"2020-09-20T12:14:12","guid":{"rendered":"https:\/\/www.avanceplasticsurgery.com\/cirugia-de-parpados-masculinos\/"},"modified":"2022-04-25T11:11:28","modified_gmt":"2022-04-25T11:11:28","slug":"cirugia-de-parpados-masculinos","status":"publish","type":"page","link":"https:\/\/www.avanceplasticsurgery.com\/es\/procedimientos-cosmeticos-y-de-cirugia\/cirugia-plastica-masculina\/cirugia-de-parpados-masculinos\/","title":{"rendered":"Cirug\u00eda de p\u00e1rpados masculinos"},"content":{"rendered":"<h1>Cirug\u00eda de p\u00e1rpados masculinos<\/h1>\n<p>Los ojos transmiten muchos significados y emociones simplemente con una mirada o c\u00f3mo aparecen. Cuando los ojos est\u00e1n pesados, ca\u00eddos y se ven cansados, toda su apariencia puede parecer m\u00e1s vieja. Para los hombres, esto puede perjudicar sus carreras y relaciones. Otros pueden percibirlo como viejo, perezoso o sin energ\u00eda para desempe\u00f1arse adecuadamente. El Dr. Erez Dayan puede corregir los problemas est\u00e9ticos de sus ojos con una cirug\u00eda de p\u00e1rpados masculinos en el Instituto de Cirug\u00eda Pl\u00e1stica Avance.<\/p>\n<p>La cirug\u00eda de p\u00e1rpados masculinos, tambi\u00e9n llamada blefaroplastia, busca eliminar el exceso de piel de los p\u00e1rpados superiores e inferiores manteniendo una apariencia masculina en el rostro. Los p\u00e1rpados ca\u00eddos y\/o hinchados pueden hacer que un hombre parezca como si el brillo se hubiera ido de sus ojos, y la edad ya ha cobrado su precio. La cirug\u00eda de p\u00e1rpados masculinos puede corregir estas deficiencias para una apariencia m\u00e1s joven, en\u00e9rgica y equilibrada.<\/p>\n<p>La blefaroplastia es tan efectiva que es la <a title=\"Reno NV Cirug\u00eda Pl\u00e1stica Facial Masculina\" href=\"https:\/\/www.avanceplasticsurgery.com\/es\/cosmetic-and-surgery-procedures\/male-plastic-surgery\/\">cirug\u00eda est\u00e9tica masculina<\/a> n\u00famero uno que se realiza en la actualidad. La cirug\u00eda de p\u00e1rpados masculinos del Dr. Dayan realmente puede restaurar una apariencia juvenil que comunica energ\u00eda, vitalidad y vigor. Si necesita una cirug\u00eda de p\u00e1rpados masculinos en Reno, el Instituto de Cirug\u00eda Pl\u00e1stica Avance deber\u00eda ser su pr\u00f3xima llamada.<\/p>\n<h2>Blefaroplastia para hombres en Reno<\/h2>\n<p>Los procedimientos de blefaroplastia atraen a hombres con todo tipo de necesidades cosm\u00e9ticas al Dr. Dayan. La cirug\u00eda de p\u00e1rpados masculinos puede corregir las arrugas debajo o alrededor de los ojos, el exceso de piel alrededor de los ojos, las bolsas o bolsas profundas debajo de los ojos, la ptosis (p\u00e1rpados ca\u00eddos) y otras afecciones en las que la laxitud de la piel causa problemas de apariencia.<\/p>\n<p>La blefaroplastia generalmente se realiza bajo anestesia general y tarda aproximadamente una hora en completarse. Regresar\u00e1 a casa el mismo d\u00eda con instrucciones detalladas de cuidado posterior para su recuperaci\u00f3n y comodidad. Su recuperaci\u00f3n debe ser completa, sin hinchaz\u00f3n, en aproximadamente 5 a 7 d\u00edas. El Dr. Dayan har\u00e1 un seguimiento para garantizar que su recuperaci\u00f3n sea exitosa y que est\u00e9 satisfecho con los resultados.<\/p>\n<p>Para una blefaroplastia de calidad para hombres en Reno y las comunidades circundantes de Nevada, <a title=\"P\u00f3ngase en contacto con el Instituto de Cirug\u00eda Pl\u00e1stica Avance en Reno NV\" href=\"https:\/\/www.avanceplasticsurgery.com\/es\/contact-us-dr-erez-dayan\/\">comun\u00edquese con el Instituto de Cirug\u00eda Pl\u00e1stica Avance<\/a> y programe una consulta de cirug\u00eda de p\u00e1rpados con el Dr. Dayan.<\/p>\n","protected":false},"excerpt":{"rendered":"<p>Cirug\u00eda de p\u00e1rpados masculinos Los ojos transmiten muchos significados y emociones simplemente con una mirada o c\u00f3mo aparecen. Cuando&hellip;<\/p>\n","protected":false},"author":1,"featured_media":0,"parent":8983,"menu_order":0,"comment_status":"closed","ping_status":"closed","template":"","meta":{"_acf_changed":false,"footnotes":""},"class_list":["post-8981","page","type-page","status-publish"],"acf":[],"yoast_head":"<!-- This site is optimized with the Yoast SEO plugin v27.4 - https:\/\/yoast.com\/product\/yoast-seo-wordpress\/ -->\n<title>Reno NV Cirug\u00eda de p\u00e1rpados masculinos | Blefaroplastia masculina en el lago Tahoe<\/title>\n<meta name=\"description\" content=\"La cirug\u00eda de p\u00e1rpados masculinos, tambi\u00e9n llamada blefaroplastia masculina, est\u00e1 disponible para borrar los signos del envejecimiento alrededor de los ojos. El Dr. Erez Dayan ofrece este procedimiento quir\u00fargico rejuvenecedor en el Avance Plastic Surgery Institute en Reno, NV.\" \/>\n<meta name=\"robots\" content=\"index, follow, max-snippet:-1, max-image-preview:large, max-video-preview:-1\" \/>\n<link rel=\"canonical\" href=\"https:\/\/www.avanceplasticsurgery.com\/es\/procedimientos-cosmeticos-y-de-cirugia\/cirugia-plastica-masculina\/cirugia-de-parpados-masculinos\/\" \/>\n<meta property=\"og:locale\" content=\"es_ES\" \/>\n<meta property=\"og:type\" content=\"article\" \/>\n<meta property=\"og:title\" content=\"Reno NV Cirug\u00eda de p\u00e1rpados masculinos | Blefaroplastia masculina en el lago Tahoe\" \/>\n<meta property=\"og:description\" content=\"La cirug\u00eda de p\u00e1rpados masculinos, tambi\u00e9n llamada blefaroplastia masculina, est\u00e1 disponible para borrar los signos del envejecimiento alrededor de los ojos. El Dr. Erez Dayan ofrece este procedimiento quir\u00fargico rejuvenecedor en el Avance Plastic Surgery Institute en Reno, NV.\" \/>\n<meta property=\"og:url\" content=\"https:\/\/www.avanceplasticsurgery.com\/es\/procedimientos-cosmeticos-y-de-cirugia\/cirugia-plastica-masculina\/cirugia-de-parpados-masculinos\/\" \/>\n<meta property=\"og:site_name\" content=\"Avance Plastic Surgery\" \/>\n<meta property=\"article:modified_time\" content=\"2022-04-25T11:11:28+00:00\" \/>\n<meta name=\"twitter:card\" content=\"summary_large_image\" \/>\n<meta name=\"twitter:label1\" content=\"Tiempo de lectura\" \/>\n\t<meta name=\"twitter:data1\" content=\"2 minutos\" \/>\n<!-- \/ Yoast SEO plugin. -->","yoast_head_json":{"title":"Reno NV Cirug\u00eda de p\u00e1rpados masculinos | Blefaroplastia masculina en el lago Tahoe","description":"La cirug\u00eda de p\u00e1rpados masculinos, tambi\u00e9n llamada blefaroplastia masculina, est\u00e1 disponible para borrar los signos del envejecimiento alrededor de los ojos. El Dr. Erez Dayan ofrece este procedimiento quir\u00fargico rejuvenecedor en el Avance Plastic Surgery Institute en Reno, NV.","robots":{"index":"index","follow":"follow","max-snippet":"max-snippet:-1","max-image-preview":"max-image-preview:large","max-video-preview":"max-video-preview:-1"},"canonical":"https:\/\/www.avanceplasticsurgery.com\/es\/procedimientos-cosmeticos-y-de-cirugia\/cirugia-plastica-masculina\/cirugia-de-parpados-masculinos\/","og_locale":"es_ES","og_type":"article","og_title":"Reno NV Cirug\u00eda de p\u00e1rpados masculinos | Blefaroplastia masculina en el lago Tahoe","og_description":"La cirug\u00eda de p\u00e1rpados masculinos, tambi\u00e9n llamada blefaroplastia masculina, est\u00e1 disponible para borrar los signos del envejecimiento alrededor de los ojos. El Dr. Erez Dayan ofrece este procedimiento quir\u00fargico rejuvenecedor en el Avance Plastic Surgery Institute en Reno, NV.","og_url":"https:\/\/www.avanceplasticsurgery.com\/es\/procedimientos-cosmeticos-y-de-cirugia\/cirugia-plastica-masculina\/cirugia-de-parpados-masculinos\/","og_site_name":"Avance Plastic Surgery","article_modified_time":"2022-04-25T11:11:28+00:00","twitter_card":"summary_large_image","twitter_misc":{"Tiempo de lectura":"2 minutos"},"schema":{"@context":"https:\/\/schema.org","@graph":[{"@type":"WebPage","@id":"https:\/\/www.avanceplasticsurgery.com\/es\/procedimientos-cosmeticos-y-de-cirugia\/cirugia-plastica-masculina\/cirugia-de-parpados-masculinos\/","url":"https:\/\/www.avanceplasticsurgery.com\/es\/procedimientos-cosmeticos-y-de-cirugia\/cirugia-plastica-masculina\/cirugia-de-parpados-masculinos\/","name":"Reno NV Cirug\u00eda de p\u00e1rpados masculinos | Blefaroplastia masculina en el lago Tahoe","isPartOf":{"@id":"https:\/\/www.avanceplasticsurgery.com\/es\/#website"},"datePublished":"2020-09-20T12:14:12+00:00","dateModified":"2022-04-25T11:11:28+00:00","description":"La cirug\u00eda de p\u00e1rpados masculinos, tambi\u00e9n llamada blefaroplastia masculina, est\u00e1 disponible para borrar los signos del envejecimiento alrededor de los ojos. El Dr. Erez Dayan ofrece este procedimiento quir\u00fargico rejuvenecedor en el Avance Plastic Surgery Institute en Reno, NV.","breadcrumb":{"@id":"https:\/\/www.avanceplasticsurgery.com\/es\/procedimientos-cosmeticos-y-de-cirugia\/cirugia-plastica-masculina\/cirugia-de-parpados-masculinos\/#breadcrumb"},"inLanguage":"es","potentialAction":[{"@type":"ReadAction","target":["https:\/\/www.avanceplasticsurgery.com\/es\/procedimientos-cosmeticos-y-de-cirugia\/cirugia-plastica-masculina\/cirugia-de-parpados-masculinos\/"]}]},{"@type":"BreadcrumbList","@id":"https:\/\/www.avanceplasticsurgery.com\/es\/procedimientos-cosmeticos-y-de-cirugia\/cirugia-plastica-masculina\/cirugia-de-parpados-masculinos\/#breadcrumb","itemListElement":[{"@type":"ListItem","position":1,"name":"Home","item":"https:\/\/www.avanceplasticsurgery.com\/es\/"},{"@type":"ListItem","position":2,"name":"Cosm\u00e9tica","item":"https:\/\/www.avanceplasticsurgery.com\/es\/procedimientos-cosmeticos-y-de-cirugia\/"},{"@type":"ListItem","position":3,"name":"Cirug\u00eda Pl\u00e1stica Masculina","item":"https:\/\/www.avanceplasticsurgery.com\/es\/procedimientos-cosmeticos-y-de-cirugia\/cirugia-plastica-masculina\/"},{"@type":"ListItem","position":4,"name":"Cirug\u00eda de p\u00e1rpados masculinos"}]},{"@type":"WebSite","@id":"https:\/\/www.avanceplasticsurgery.com\/es\/#website","url":"https:\/\/www.avanceplasticsurgery.com\/es\/","name":"Avance Plastic Surgery","description":"","potentialAction":[{"@type":"SearchAction","target":{"@type":"EntryPoint","urlTemplate":"https:\/\/www.avanceplasticsurgery.com\/es\/?s={search_term_string}"},"query-input":{"@type":"PropertyValueSpecification","valueRequired":true,"valueName":"search_term_string"}}],"inLanguage":"es"}]}},"_links":{"self":[{"href":"https:\/\/www.avanceplasticsurgery.com\/es\/wp-json\/wp\/v2\/pages\/8981","targetHints":{"allow":["GET"]}}],"collection":[{"href":"https:\/\/www.avanceplasticsurgery.com\/es\/wp-json\/wp\/v2\/pages"}],"about":[{"href":"https:\/\/www.avanceplasticsurgery.com\/es\/wp-json\/wp\/v2\/types\/page"}],"author":[{"embeddable":true,"href":"https:\/\/www.avanceplasticsurgery.com\/es\/wp-json\/wp\/v2\/users\/1"}],"replies":[{"embeddable":true,"href":"https:\/\/www.avanceplasticsurgery.com\/es\/wp-json\/wp\/v2\/comments?post=8981"}],"version-history":[{"count":2,"href":"https:\/\/www.avanceplasticsurgery.com\/es\/wp-json\/wp\/v2\/pages\/8981\/revisions"}],"predecessor-version":[{"id":9179,"href":"https:\/\/www.avanceplasticsurgery.com\/es\/wp-json\/wp\/v2\/pages\/8981\/revisions\/9179"}],"up":[{"embeddable":true,"href":"https:\/\/www.avanceplasticsurgery.com\/es\/wp-json\/wp\/v2\/pages\/8983"}],"wp:attachment":[{"href":"https:\/\/www.avanceplasticsurgery.com\/es\/wp-json\/wp\/v2\/media?parent=8981"}],"curies":[{"name":"wp","href":"https:\/\/api.w.org\/{rel}","templated":true}]}}