{"id":8983,"date":"2020-09-16T08:40:20","date_gmt":"2020-09-16T08:40:20","guid":{"rendered":"https:\/\/www.avanceplasticsurgery.com\/procedimientos-cosmeticos-y-de-cirugia\/cirugia-plastica-masculina\/"},"modified":"2022-04-25T11:10:55","modified_gmt":"2022-04-25T11:10:55","slug":"cirugia-plastica-masculina","status":"publish","type":"page","link":"https:\/\/www.avanceplasticsurgery.com\/es\/procedimientos-cosmeticos-y-de-cirugia\/cirugia-plastica-masculina\/","title":{"rendered":"Cirug\u00eda Pl\u00e1stica Masculina"},"content":{"rendered":"<h1>Cirug\u00eda Pl\u00e1stica Facial Masculina<\/h1>\n<p>Cuando muchas personas piensan en <a title=\"Reno NV Cirug\u00eda Est\u00e9tica Facial\" href=\"https:\/\/www.avanceplasticsurgery.com\/es\/cosmetic-and-surgery-procedures\/\">procedimientos de cirug\u00eda pl\u00e1stica<\/a> , visualizan al g\u00e9nero femenino como los principales destinatarios. Despu\u00e9s de todo, las mujeres suelen estar m\u00e1s preocupadas por su apariencia que muchos hombres. Sin embargo, este no es siempre el caso. Cada vez m\u00e1s, los hombres eligen someterse a opciones de cirug\u00eda pl\u00e1stica facial masculina para mejorar su apariencia y lucir m\u00e1s j\u00f3venes. El Dr. Erez Dayan ofrece cirug\u00eda pl\u00e1stica facial masculina en el Avance Plastic Surgery Institute en Reno\/Tahoe, NV.<\/p>\n<p>En nuestra era moderna, la apariencia cuenta m\u00e1s que nunca. Demasiados hombres conocen el dolor de perder una oportunidad importante porque parecen mayores. Esto es cierto en los negocios, las relaciones y la vida cotidiana. Ya sea que crea o no que esto es vano, el hecho permanece, y m\u00e1s hombres est\u00e1n eligiendo tomar medidas para igualar el campo de juego con las opciones de cirug\u00eda pl\u00e1stica facial masculina.<\/p>\n<p>En el \u00e1rea de Reno y Lake Tahoe, Nevada, los hombres eligen con m\u00e1s frecuencia parecer m\u00e1s j\u00f3venes, m\u00e1s vibrantes y m\u00e1s atractivos a trav\u00e9s de la cirug\u00eda est\u00e9tica. Si bien la edad aporta experiencia, a\u00fan puede demostrar su competencia mientras parece joven y capaz al mismo tiempo. El Dr. Dayan se complace en ofrecer sus exquisitas habilidades de cirug\u00eda pl\u00e1stica est\u00e9tica a los hombres que desean parecer m\u00e1s j\u00f3venes.<\/p>\n<h2>Cirujano est\u00e9tico masculino en Reno\/Tahoe<\/h2>\n<p>Los hombres acumulan los signos de la edad en su rostro, al igual que las mujeres; la soluci\u00f3n m\u00e1s duradera para este problema es la cirug\u00eda est\u00e9tica masculina. El Dr. Dayan ofrece las siguientes opciones para la cirug\u00eda pl\u00e1stica facial masculina:<\/p>\n<nav class=\"flc-submenu\" aria-label=\"sub menu\"><ul><li class=\"page_item page-item-8979\"><a href=\"https:\/\/www.avanceplasticsurgery.com\/es\/procedimientos-cosmeticos-y-de-cirugia\/cirugia-plastica-masculina\/cirugia-de-estiramiento-facial-masculino\/\">Cirug\u00eda de estiramiento facial masculino<\/a><\/li>\n<li class=\"page_item page-item-8981\"><a href=\"https:\/\/www.avanceplasticsurgery.com\/es\/procedimientos-cosmeticos-y-de-cirugia\/cirugia-plastica-masculina\/cirugia-de-parpados-masculinos\/\">Cirug\u00eda de p\u00e1rpados masculinos<\/a><\/li>\n<li class=\"page_item page-item-8977\"><a href=\"https:\/\/www.avanceplasticsurgery.com\/es\/procedimientos-cosmeticos-y-de-cirugia\/cirugia-plastica-masculina\/rinoplastia-masculina\/\">Rinoplastia Masculina<\/a><\/li>\n<\/ul><\/nav>\n<p>Ya sea que sus ojos est\u00e9n ca\u00eddos con bolsas, lo que lo hace lucir cansado y triste, su nariz atraiga m\u00e1s atenci\u00f3n que usted o toda su cara necesite un cambio de imagen para revertir la edad, el Dr. Dayan puede usar t\u00e9cnicas y tecnolog\u00edas quir\u00fargicas cosm\u00e9ticas avanzadas para renovar su apariencia. Puedes ser una mejor versi\u00f3n de ti mismo, luciendo m\u00e1s joven y m\u00e1s atractivo para clientes, empleadores y posibles socios.<\/p>\n<p>Los hombres en el \u00e1rea de Reno y Lake Tahoe que est\u00e9n listos para tomar medidas para su propio beneficio borrando los signos del envejecimiento pueden <a title=\"P\u00f3ngase en contacto con el Instituto de Cirug\u00eda Pl\u00e1stica Avance en Reno NV\" href=\"https:\/\/www.avanceplasticsurgery.com\/es\/contact-us-dr-erez-dayan\/\">comunicarse con el Instituto de Cirug\u00eda Pl\u00e1stica Avance<\/a> y programar una consulta confidencial con el Dr. Erez Dayan.<\/p>\n<p>El Dr. Erez Dayan ha realizado una extensa investigaci\u00f3n sobre suplementos en cirug\u00eda pl\u00e1stica. Lea m\u00e1s sobre la investigaci\u00f3n de Suplementos en Cirug\u00eda Pl\u00e1stica del <a href=\"https:\/\/www.avanceplasticsurgery.com\/es\/about-avance-plastic-surgery-institute\/research\/#supplements\">Dr. Dayan aqu\u00ed.<\/a><\/p>\n","protected":false},"excerpt":{"rendered":"<p>Cirug\u00eda Pl\u00e1stica Facial Masculina Cuando muchas personas piensan en procedimientos de cirug\u00eda pl\u00e1stica , visualizan al g\u00e9nero femenino como&hellip;<\/p>\n","protected":false},"author":1,"featured_media":8584,"parent":8804,"menu_order":0,"comment_status":"closed","ping_status":"closed","template":"","meta":{"_acf_changed":false,"footnotes":""},"class_list":["post-8983","page","type-page","status-publish","has-post-thumbnail"],"acf":[],"yoast_head":"<!-- This site is optimized with the Yoast SEO plugin v27.4 - https:\/\/yoast.com\/product\/yoast-seo-wordpress\/ -->\n<title>Reno NV Cirug\u00eda Pl\u00e1stica Facial Masculina | Cirujano est\u00e9tico masculino de Lake Tahoe<\/title>\n<meta name=\"description\" content=\"La cirug\u00eda pl\u00e1stica masculina se est\u00e1 volviendo m\u00e1s com\u00fan a medida que m\u00e1s hombres optan por borrar los signos del envejecimiento y no permiten que la apariencia sea una barrera para salir adelante. Llame al Instituto de Cirug\u00eda Pl\u00e1stica Avance en Reno, NV, para una consulta de cirug\u00eda pl\u00e1stica facial masculina con el Dr. Erez Dayan.\" \/>\n<meta name=\"robots\" content=\"index, follow, max-snippet:-1, max-image-preview:large, max-video-preview:-1\" \/>\n<link rel=\"canonical\" href=\"https:\/\/www.avanceplasticsurgery.com\/es\/procedimientos-cosmeticos-y-de-cirugia\/cirugia-plastica-masculina\/\" \/>\n<meta property=\"og:locale\" content=\"es_ES\" \/>\n<meta property=\"og:type\" content=\"article\" \/>\n<meta property=\"og:title\" content=\"Reno NV Cirug\u00eda Pl\u00e1stica Facial Masculina | Cirujano est\u00e9tico masculino de Lake Tahoe\" \/>\n<meta property=\"og:description\" content=\"La cirug\u00eda pl\u00e1stica masculina se est\u00e1 volviendo m\u00e1s com\u00fan a medida que m\u00e1s hombres optan por borrar los signos del envejecimiento y no permiten que la apariencia sea una barrera para salir adelante. Llame al Instituto de Cirug\u00eda Pl\u00e1stica Avance en Reno, NV, para una consulta de cirug\u00eda pl\u00e1stica facial masculina con el Dr. Erez Dayan.\" \/>\n<meta property=\"og:url\" content=\"https:\/\/www.avanceplasticsurgery.com\/es\/procedimientos-cosmeticos-y-de-cirugia\/cirugia-plastica-masculina\/\" \/>\n<meta property=\"og:site_name\" content=\"Avance Plastic Surgery\" \/>\n<meta property=\"article:modified_time\" content=\"2022-04-25T11:10:55+00:00\" \/>\n<meta property=\"og:image\" content=\"https:\/\/www.avanceplasticsurgery.com\/wp-content\/uploads\/2022\/01\/man.jpg\" \/>\n\t<meta property=\"og:image:width\" content=\"1920\" \/>\n\t<meta property=\"og:image:height\" content=\"595\" \/>\n\t<meta property=\"og:image:type\" content=\"image\/jpeg\" \/>\n<meta name=\"twitter:card\" content=\"summary_large_image\" \/>\n<meta name=\"twitter:label1\" content=\"Tiempo de lectura\" \/>\n\t<meta name=\"twitter:data1\" content=\"2 minutos\" \/>\n<!-- \/ Yoast SEO plugin. -->","yoast_head_json":{"title":"Reno NV Cirug\u00eda Pl\u00e1stica Facial Masculina | Cirujano est\u00e9tico masculino de Lake Tahoe","description":"La cirug\u00eda pl\u00e1stica masculina se est\u00e1 volviendo m\u00e1s com\u00fan a medida que m\u00e1s hombres optan por borrar los signos del envejecimiento y no permiten que la apariencia sea una barrera para salir adelante. Llame al Instituto de Cirug\u00eda Pl\u00e1stica Avance en Reno, NV, para una consulta de cirug\u00eda pl\u00e1stica facial masculina con el Dr. Erez Dayan.","robots":{"index":"index","follow":"follow","max-snippet":"max-snippet:-1","max-image-preview":"max-image-preview:large","max-video-preview":"max-video-preview:-1"},"canonical":"https:\/\/www.avanceplasticsurgery.com\/es\/procedimientos-cosmeticos-y-de-cirugia\/cirugia-plastica-masculina\/","og_locale":"es_ES","og_type":"article","og_title":"Reno NV Cirug\u00eda Pl\u00e1stica Facial Masculina | Cirujano est\u00e9tico masculino de Lake Tahoe","og_description":"La cirug\u00eda pl\u00e1stica masculina se est\u00e1 volviendo m\u00e1s com\u00fan a medida que m\u00e1s hombres optan por borrar los signos del envejecimiento y no permiten que la apariencia sea una barrera para salir adelante. Llame al Instituto de Cirug\u00eda Pl\u00e1stica Avance en Reno, NV, para una consulta de cirug\u00eda pl\u00e1stica facial masculina con el Dr. Erez Dayan.","og_url":"https:\/\/www.avanceplasticsurgery.com\/es\/procedimientos-cosmeticos-y-de-cirugia\/cirugia-plastica-masculina\/","og_site_name":"Avance Plastic Surgery","article_modified_time":"2022-04-25T11:10:55+00:00","og_image":[{"width":1920,"height":595,"url":"https:\/\/www.avanceplasticsurgery.com\/wp-content\/uploads\/2022\/01\/man.jpg","type":"image\/jpeg"}],"twitter_card":"summary_large_image","twitter_misc":{"Tiempo de lectura":"2 minutos"},"schema":{"@context":"https:\/\/schema.org","@graph":[{"@type":"WebPage","@id":"https:\/\/www.avanceplasticsurgery.com\/es\/procedimientos-cosmeticos-y-de-cirugia\/cirugia-plastica-masculina\/","url":"https:\/\/www.avanceplasticsurgery.com\/es\/procedimientos-cosmeticos-y-de-cirugia\/cirugia-plastica-masculina\/","name":"Reno NV Cirug\u00eda Pl\u00e1stica Facial Masculina | Cirujano est\u00e9tico masculino de Lake Tahoe","isPartOf":{"@id":"https:\/\/www.avanceplasticsurgery.com\/es\/#website"},"primaryImageOfPage":{"@id":"https:\/\/www.avanceplasticsurgery.com\/es\/procedimientos-cosmeticos-y-de-cirugia\/cirugia-plastica-masculina\/#primaryimage"},"image":{"@id":"https:\/\/www.avanceplasticsurgery.com\/es\/procedimientos-cosmeticos-y-de-cirugia\/cirugia-plastica-masculina\/#primaryimage"},"thumbnailUrl":"https:\/\/www.avanceplasticsurgery.com\/wp-content\/uploads\/2022\/01\/man.jpg","datePublished":"2020-09-16T08:40:20+00:00","dateModified":"2022-04-25T11:10:55+00:00","description":"La cirug\u00eda pl\u00e1stica masculina se est\u00e1 volviendo m\u00e1s com\u00fan a medida que m\u00e1s hombres optan por borrar los signos del envejecimiento y no permiten que la apariencia sea una barrera para salir adelante. Llame al Instituto de Cirug\u00eda Pl\u00e1stica Avance en Reno, NV, para una consulta de cirug\u00eda pl\u00e1stica facial masculina con el Dr. Erez Dayan.","breadcrumb":{"@id":"https:\/\/www.avanceplasticsurgery.com\/es\/procedimientos-cosmeticos-y-de-cirugia\/cirugia-plastica-masculina\/#breadcrumb"},"inLanguage":"es","potentialAction":[{"@type":"ReadAction","target":["https:\/\/www.avanceplasticsurgery.com\/es\/procedimientos-cosmeticos-y-de-cirugia\/cirugia-plastica-masculina\/"]}]},{"@type":"ImageObject","inLanguage":"es","@id":"https:\/\/www.avanceplasticsurgery.com\/es\/procedimientos-cosmeticos-y-de-cirugia\/cirugia-plastica-masculina\/#primaryimage","url":"https:\/\/www.avanceplasticsurgery.com\/wp-content\/uploads\/2022\/01\/man.jpg","contentUrl":"https:\/\/www.avanceplasticsurgery.com\/wp-content\/uploads\/2022\/01\/man.jpg","width":1920,"height":595,"caption":"Un hombre con gafas, bata blanca, camisa azul y corbata azul marino sonr\u00ede confiado con los brazos cruzados sobre un fondo gris liso."},{"@type":"BreadcrumbList","@id":"https:\/\/www.avanceplasticsurgery.com\/es\/procedimientos-cosmeticos-y-de-cirugia\/cirugia-plastica-masculina\/#breadcrumb","itemListElement":[{"@type":"ListItem","position":1,"name":"Home","item":"https:\/\/www.avanceplasticsurgery.com\/es\/"},{"@type":"ListItem","position":2,"name":"Cosm\u00e9tica","item":"https:\/\/www.avanceplasticsurgery.com\/es\/procedimientos-cosmeticos-y-de-cirugia\/"},{"@type":"ListItem","position":3,"name":"Cirug\u00eda Pl\u00e1stica Masculina"}]},{"@type":"WebSite","@id":"https:\/\/www.avanceplasticsurgery.com\/es\/#website","url":"https:\/\/www.avanceplasticsurgery.com\/es\/","name":"Avance Plastic Surgery","description":"","potentialAction":[{"@type":"SearchAction","target":{"@type":"EntryPoint","urlTemplate":"https:\/\/www.avanceplasticsurgery.com\/es\/?s={search_term_string}"},"query-input":{"@type":"PropertyValueSpecification","valueRequired":true,"valueName":"search_term_string"}}],"inLanguage":"es"}]}},"_links":{"self":[{"href":"https:\/\/www.avanceplasticsurgery.com\/es\/wp-json\/wp\/v2\/pages\/8983","targetHints":{"allow":["GET"]}}],"collection":[{"href":"https:\/\/www.avanceplasticsurgery.com\/es\/wp-json\/wp\/v2\/pages"}],"about":[{"href":"https:\/\/www.avanceplasticsurgery.com\/es\/wp-json\/wp\/v2\/types\/page"}],"author":[{"embeddable":true,"href":"https:\/\/www.avanceplasticsurgery.com\/es\/wp-json\/wp\/v2\/users\/1"}],"replies":[{"embeddable":true,"href":"https:\/\/www.avanceplasticsurgery.com\/es\/wp-json\/wp\/v2\/comments?post=8983"}],"version-history":[{"count":1,"href":"https:\/\/www.avanceplasticsurgery.com\/es\/wp-json\/wp\/v2\/pages\/8983\/revisions"}],"predecessor-version":[{"id":9177,"href":"https:\/\/www.avanceplasticsurgery.com\/es\/wp-json\/wp\/v2\/pages\/8983\/revisions\/9177"}],"up":[{"embeddable":true,"href":"https:\/\/www.avanceplasticsurgery.com\/es\/wp-json\/wp\/v2\/pages\/8804"}],"wp:featuredmedia":[{"embeddable":true,"href":"https:\/\/www.avanceplasticsurgery.com\/es\/wp-json\/wp\/v2\/media\/8584"}],"wp:attachment":[{"href":"https:\/\/www.avanceplasticsurgery.com\/es\/wp-json\/wp\/v2\/media?parent=8983"}],"curies":[{"name":"wp","href":"https:\/\/api.w.org\/{rel}","templated":true}]}}