{"id":8984,"date":"2020-09-16T08:12:30","date_gmt":"2020-09-16T08:12:30","guid":{"rendered":"https:\/\/www.avanceplasticsurgery.com\/procedimientos-cosmeticos-y-de-cirugia\/cirugia-plastica-de-nariz\/"},"modified":"2022-04-25T10:59:13","modified_gmt":"2022-04-25T10:59:13","slug":"cirugia-plastica-de-nariz","status":"publish","type":"page","link":"https:\/\/www.avanceplasticsurgery.com\/es\/procedimientos-cosmeticos-y-de-cirugia\/cirugia-plastica-de-nariz\/","title":{"rendered":"Cirug\u00eda pl\u00e1stica de nariz"},"content":{"rendered":"<h1>Cirug\u00eda pl\u00e1stica de nariz<\/h1>\n<p>La nariz es quiz\u00e1s la caracter\u00edstica m\u00e1s definitoria de tu rostro. Su ubicaci\u00f3n en medio de los <a title=\"Reno NV Cirug\u00eda Est\u00e9tica Facial\" href=\"https:\/\/www.avanceplasticsurgery.com\/cosmetic-and-surgery-procedures\/\">otros rasgos faciales<\/a> naturalmente lo hace muy notorio, y su apariencia afecta a todos los dem\u00e1s rasgos. Por lo tanto, no es raro que tanto hombres como mujeres est\u00e9n descontentos con la apariencia de su nariz y c\u00f3mo contribuye a su apariencia general. La cirug\u00eda pl\u00e1stica de nariz es una opci\u00f3n que permite a los pacientes tener una nariz diferente que se complementar\u00e1 mejor y se mezclar\u00e1 con sus facciones.<\/p>\n<p>En otros casos, la nariz puede plantear diferentes problemas. Los traumatismos o los defectos cong\u00e9nitos pueden dejar la nariz deformada o disfuncional. Ciertas condiciones que afectan la nariz pueden hacer que las reparaciones o revisiones sean necesarias para la apariencia y funci\u00f3n. Incluso los procedimientos quir\u00fargicos anteriores pueden requerir otra cirug\u00eda para correcciones.<\/p>\n<p>El Dr. Erez Dayan ofrece cirug\u00eda pl\u00e1stica de nariz de clase mundial a trav\u00e9s de su pr\u00e1ctica en el Instituto de Cirug\u00eda Pl\u00e1stica Avance en Reno\/Tahoe, Nevada. El Dr. Dayan es uno de los cirujanos pl\u00e1sticos y reconstructivos est\u00e9ticos m\u00e1s altamente capacitados y con mayor experiencia en los Estados Unidos, y su experiencia lo ha llevado a demostrar t\u00e9cnicas avanzadas de cirug\u00eda pl\u00e1stica en todo el mundo.<\/p>\n<h2>Rinoplastia Cosm\u00e9tica \/ Cirug\u00eda de Nariz en Reno\/Tahoe, NV<\/h2>\n<p>La rinoplastia cosm\u00e9tica, o cirug\u00eda de nariz, en Reno\/Tahoe, NV, es un procedimiento frecuente realizado por el Dr. Dayan. Usando la \u00faltima tecnolog\u00eda est\u00e9tica y t\u00e9cnicas quir\u00fargicas avanzadas, el Dr. Dayan puede realizar revisiones y reparaciones para una serie de condiciones y problemas, que incluyen:<\/p>\n<nav class=\"flc-submenu\" aria-label=\"sub menu\"><ul><li class=\"page_item page-item-8989\"><a href=\"https:\/\/www.avanceplasticsurgery.com\/es\/procedimientos-cosmeticos-y-de-cirugia\/cirugia-plastica-de-nariz\/fracturas-nasales\/\">Fracturas Nasales<\/a><\/li>\n<li class=\"page_item page-item-8994\"><a href=\"https:\/\/www.avanceplasticsurgery.com\/es\/procedimientos-cosmeticos-y-de-cirugia\/cirugia-plastica-de-nariz\/reparacion-de-nariz-de-silla-de-montar\/\">Reparaci\u00f3n de nariz de silla de montar<\/a><\/li>\n<li class=\"page_item page-item-8990\"><a href=\"https:\/\/www.avanceplasticsurgery.com\/es\/procedimientos-cosmeticos-y-de-cirugia\/cirugia-plastica-de-nariz\/reparacion-de-valvulas-nasales\/\">Reparaci\u00f3n de v\u00e1lvulas nasales<\/a><\/li>\n<li class=\"page_item page-item-8993\"><a href=\"https:\/\/www.avanceplasticsurgery.com\/es\/procedimientos-cosmeticos-y-de-cirugia\/cirugia-plastica-de-nariz\/revision-de-rinoplastia\/\">Revisi\u00f3n de Rinoplastia<\/a><\/li>\n<li class=\"page_item page-item-8992\"><a href=\"https:\/\/www.avanceplasticsurgery.com\/es\/procedimientos-cosmeticos-y-de-cirugia\/cirugia-plastica-de-nariz\/rinoplastia\/\">rinoplastia<\/a><\/li>\n<li class=\"page_item page-item-8986\"><a href=\"https:\/\/www.avanceplasticsurgery.com\/es\/procedimientos-cosmeticos-y-de-cirugia\/cirugia-plastica-de-nariz\/rinoplastia-asiatica-etnica\/\">Rinoplastia Asi\u00e1tica\/\u00c9tnica<\/a><\/li>\n<li class=\"page_item page-item-8985\"><a href=\"https:\/\/www.avanceplasticsurgery.com\/es\/procedimientos-cosmeticos-y-de-cirugia\/cirugia-plastica-de-nariz\/rinoplastia-para-adolescentes-y-adolescentes\/\">Rinoplastia para adolescentes y adolescentes<\/a><\/li>\n<li class=\"page_item page-item-8987\"><a href=\"https:\/\/www.avanceplasticsurgery.com\/es\/procedimientos-cosmeticos-y-de-cirugia\/cirugia-plastica-de-nariz\/tabique-desviado-septoplastia\/\">Tabique desviado\/ septoplastia<\/a><\/li>\n<li class=\"page_item page-item-8991\"><a href=\"https:\/\/www.avanceplasticsurgery.com\/es\/procedimientos-cosmeticos-y-de-cirugia\/cirugia-plastica-de-nariz\/tratamiento-de-rinofima\/\">Tratamiento de rinofima<\/a><\/li>\n<\/ul><\/nav>\n<p>La rinoplastia est\u00e9tica puede tomar muchas formas, y el Dr. Dayan tiene el ojo art\u00edstico y las manos h\u00e1biles para crear una nariz que se equilibre perfectamente con su rostro, mezcl\u00e1ndose con sus otras caracter\u00edsticas para una apariencia general atractiva. <a title=\"P\u00f3ngase en contacto con el Instituto de Cirug\u00eda Pl\u00e1stica Avance en Reno NV\" href=\"https:\/\/www.avanceplasticsurgery.com\/es\/contact-us-dr-erez-dayan\/\">Comun\u00edquese hoy con el Instituto de Cirug\u00eda Pl\u00e1stica Avance<\/a> en Reno\/Tahoe, NV, para una consulta de cirug\u00eda pl\u00e1stica de nariz con el Dr. Dayan.<\/p>\n<p>El Dr. Erez Dayan ha realizado una extensa investigaci\u00f3n sobre el desarrollo de consistencia en la cirug\u00eda y los resultados de la rinoplastia. Lea m\u00e1s sobre la investigaci\u00f3n de la rinoplastia del Dr. Dayan <a href=\"https:\/\/www.avanceplasticsurgery.com\/about-avance-plastic-surgery-institute\/research\/#rhinoplasty\">aqu\u00ed<\/a> .<\/p>\n","protected":false},"excerpt":{"rendered":"<p>Cirug\u00eda pl\u00e1stica de nariz La nariz es quiz\u00e1s la caracter\u00edstica m\u00e1s definitoria de tu rostro. Su ubicaci\u00f3n en medio&hellip;<\/p>\n","protected":false},"author":1,"featured_media":8585,"parent":8804,"menu_order":0,"comment_status":"closed","ping_status":"closed","template":"","meta":{"_acf_changed":false,"footnotes":""},"class_list":["post-8984","page","type-page","status-publish","has-post-thumbnail"],"acf":[],"yoast_head":"<!-- This site is optimized with the Yoast SEO plugin v27.4 - https:\/\/yoast.com\/product\/yoast-seo-wordpress\/ -->\n<title>Reno NV Cirujano pl\u00e1stico de nariz | Cirug\u00eda est\u00e9tica de nariz en Lake Tahoe<\/title>\n<meta name=\"description\" content=\"La cirug\u00eda pl\u00e1stica de nariz, o rinoplastia, es un procedimiento com\u00fan realizado por el Dr. Erez Dayan en el Avance Plastic Surgery Institute en Reno, NV. Llame hoy para una consulta de cirug\u00eda est\u00e9tica de nariz para corregir una variedad de deformidades y condiciones.\" \/>\n<meta name=\"robots\" content=\"index, follow, max-snippet:-1, max-image-preview:large, max-video-preview:-1\" \/>\n<link rel=\"canonical\" href=\"https:\/\/www.avanceplasticsurgery.com\/es\/procedimientos-cosmeticos-y-de-cirugia\/cirugia-plastica-de-nariz\/\" \/>\n<meta property=\"og:locale\" content=\"es_ES\" \/>\n<meta property=\"og:type\" content=\"article\" \/>\n<meta property=\"og:title\" content=\"Reno NV Cirujano pl\u00e1stico de nariz | Cirug\u00eda est\u00e9tica de nariz en Lake Tahoe\" \/>\n<meta property=\"og:description\" content=\"La cirug\u00eda pl\u00e1stica de nariz, o rinoplastia, es un procedimiento com\u00fan realizado por el Dr. Erez Dayan en el Avance Plastic Surgery Institute en Reno, NV. Llame hoy para una consulta de cirug\u00eda est\u00e9tica de nariz para corregir una variedad de deformidades y condiciones.\" \/>\n<meta property=\"og:url\" content=\"https:\/\/www.avanceplasticsurgery.com\/es\/procedimientos-cosmeticos-y-de-cirugia\/cirugia-plastica-de-nariz\/\" \/>\n<meta property=\"og:site_name\" content=\"Avance Plastic Surgery\" \/>\n<meta property=\"article:modified_time\" content=\"2022-04-25T10:59:13+00:00\" \/>\n<meta property=\"og:image\" content=\"https:\/\/www.avanceplasticsurgery.com\/wp-content\/uploads\/2022\/01\/nose.jpg\" \/>\n\t<meta property=\"og:image:width\" content=\"1920\" \/>\n\t<meta property=\"og:image:height\" content=\"595\" \/>\n\t<meta property=\"og:image:type\" content=\"image\/jpeg\" \/>\n<meta name=\"twitter:card\" content=\"summary_large_image\" \/>\n<meta name=\"twitter:label1\" content=\"Tiempo de lectura\" \/>\n\t<meta name=\"twitter:data1\" content=\"2 minutos\" \/>\n<!-- \/ Yoast SEO plugin. -->","yoast_head_json":{"title":"Reno NV Cirujano pl\u00e1stico de nariz | Cirug\u00eda est\u00e9tica de nariz en Lake Tahoe","description":"La cirug\u00eda pl\u00e1stica de nariz, o rinoplastia, es un procedimiento com\u00fan realizado por el Dr. Erez Dayan en el Avance Plastic Surgery Institute en Reno, NV. Llame hoy para una consulta de cirug\u00eda est\u00e9tica de nariz para corregir una variedad de deformidades y condiciones.","robots":{"index":"index","follow":"follow","max-snippet":"max-snippet:-1","max-image-preview":"max-image-preview:large","max-video-preview":"max-video-preview:-1"},"canonical":"https:\/\/www.avanceplasticsurgery.com\/es\/procedimientos-cosmeticos-y-de-cirugia\/cirugia-plastica-de-nariz\/","og_locale":"es_ES","og_type":"article","og_title":"Reno NV Cirujano pl\u00e1stico de nariz | Cirug\u00eda est\u00e9tica de nariz en Lake Tahoe","og_description":"La cirug\u00eda pl\u00e1stica de nariz, o rinoplastia, es un procedimiento com\u00fan realizado por el Dr. Erez Dayan en el Avance Plastic Surgery Institute en Reno, NV. Llame hoy para una consulta de cirug\u00eda est\u00e9tica de nariz para corregir una variedad de deformidades y condiciones.","og_url":"https:\/\/www.avanceplasticsurgery.com\/es\/procedimientos-cosmeticos-y-de-cirugia\/cirugia-plastica-de-nariz\/","og_site_name":"Avance Plastic Surgery","article_modified_time":"2022-04-25T10:59:13+00:00","og_image":[{"width":1920,"height":595,"url":"https:\/\/www.avanceplasticsurgery.com\/wp-content\/uploads\/2022\/01\/nose.jpg","type":"image\/jpeg"}],"twitter_card":"summary_large_image","twitter_misc":{"Tiempo de lectura":"2 minutos"},"schema":{"@context":"https:\/\/schema.org","@graph":[{"@type":"WebPage","@id":"https:\/\/www.avanceplasticsurgery.com\/es\/procedimientos-cosmeticos-y-de-cirugia\/cirugia-plastica-de-nariz\/","url":"https:\/\/www.avanceplasticsurgery.com\/es\/procedimientos-cosmeticos-y-de-cirugia\/cirugia-plastica-de-nariz\/","name":"Reno NV Cirujano pl\u00e1stico de nariz | Cirug\u00eda est\u00e9tica de nariz en Lake Tahoe","isPartOf":{"@id":"https:\/\/www.avanceplasticsurgery.com\/es\/#website"},"primaryImageOfPage":{"@id":"https:\/\/www.avanceplasticsurgery.com\/es\/procedimientos-cosmeticos-y-de-cirugia\/cirugia-plastica-de-nariz\/#primaryimage"},"image":{"@id":"https:\/\/www.avanceplasticsurgery.com\/es\/procedimientos-cosmeticos-y-de-cirugia\/cirugia-plastica-de-nariz\/#primaryimage"},"thumbnailUrl":"https:\/\/www.avanceplasticsurgery.com\/wp-content\/uploads\/2022\/01\/nose.jpg","datePublished":"2020-09-16T08:12:30+00:00","dateModified":"2022-04-25T10:59:13+00:00","description":"La cirug\u00eda pl\u00e1stica de nariz, o rinoplastia, es un procedimiento com\u00fan realizado por el Dr. Erez Dayan en el Avance Plastic Surgery Institute en Reno, NV. Llame hoy para una consulta de cirug\u00eda est\u00e9tica de nariz para corregir una variedad de deformidades y condiciones.","breadcrumb":{"@id":"https:\/\/www.avanceplasticsurgery.com\/es\/procedimientos-cosmeticos-y-de-cirugia\/cirugia-plastica-de-nariz\/#breadcrumb"},"inLanguage":"es","potentialAction":[{"@type":"ReadAction","target":["https:\/\/www.avanceplasticsurgery.com\/es\/procedimientos-cosmeticos-y-de-cirugia\/cirugia-plastica-de-nariz\/"]}]},{"@type":"ImageObject","inLanguage":"es","@id":"https:\/\/www.avanceplasticsurgery.com\/es\/procedimientos-cosmeticos-y-de-cirugia\/cirugia-plastica-de-nariz\/#primaryimage","url":"https:\/\/www.avanceplasticsurgery.com\/wp-content\/uploads\/2022\/01\/nose.jpg","contentUrl":"https:\/\/www.avanceplasticsurgery.com\/wp-content\/uploads\/2022\/01\/nose.jpg","width":1920,"height":595,"caption":"Un m\u00e9dico con bata blanca utiliza un calibre digital para medir la distancia entre los ojos de una mujer. La mujer tiene el pelo largo y oscuro y mira al m\u00e9dico, que est\u00e1 concentrado en la medici\u00f3n."},{"@type":"BreadcrumbList","@id":"https:\/\/www.avanceplasticsurgery.com\/es\/procedimientos-cosmeticos-y-de-cirugia\/cirugia-plastica-de-nariz\/#breadcrumb","itemListElement":[{"@type":"ListItem","position":1,"name":"Home","item":"https:\/\/www.avanceplasticsurgery.com\/es\/"},{"@type":"ListItem","position":2,"name":"Cosm\u00e9tica","item":"https:\/\/www.avanceplasticsurgery.com\/es\/procedimientos-cosmeticos-y-de-cirugia\/"},{"@type":"ListItem","position":3,"name":"Cirug\u00eda pl\u00e1stica de nariz"}]},{"@type":"WebSite","@id":"https:\/\/www.avanceplasticsurgery.com\/es\/#website","url":"https:\/\/www.avanceplasticsurgery.com\/es\/","name":"Avance Plastic Surgery","description":"","potentialAction":[{"@type":"SearchAction","target":{"@type":"EntryPoint","urlTemplate":"https:\/\/www.avanceplasticsurgery.com\/es\/?s={search_term_string}"},"query-input":{"@type":"PropertyValueSpecification","valueRequired":true,"valueName":"search_term_string"}}],"inLanguage":"es"}]}},"_links":{"self":[{"href":"https:\/\/www.avanceplasticsurgery.com\/es\/wp-json\/wp\/v2\/pages\/8984","targetHints":{"allow":["GET"]}}],"collection":[{"href":"https:\/\/www.avanceplasticsurgery.com\/es\/wp-json\/wp\/v2\/pages"}],"about":[{"href":"https:\/\/www.avanceplasticsurgery.com\/es\/wp-json\/wp\/v2\/types\/page"}],"author":[{"embeddable":true,"href":"https:\/\/www.avanceplasticsurgery.com\/es\/wp-json\/wp\/v2\/users\/1"}],"replies":[{"embeddable":true,"href":"https:\/\/www.avanceplasticsurgery.com\/es\/wp-json\/wp\/v2\/comments?post=8984"}],"version-history":[{"count":1,"href":"https:\/\/www.avanceplasticsurgery.com\/es\/wp-json\/wp\/v2\/pages\/8984\/revisions"}],"predecessor-version":[{"id":9158,"href":"https:\/\/www.avanceplasticsurgery.com\/es\/wp-json\/wp\/v2\/pages\/8984\/revisions\/9158"}],"up":[{"embeddable":true,"href":"https:\/\/www.avanceplasticsurgery.com\/es\/wp-json\/wp\/v2\/pages\/8804"}],"wp:featuredmedia":[{"embeddable":true,"href":"https:\/\/www.avanceplasticsurgery.com\/es\/wp-json\/wp\/v2\/media\/8585"}],"wp:attachment":[{"href":"https:\/\/www.avanceplasticsurgery.com\/es\/wp-json\/wp\/v2\/media?parent=8984"}],"curies":[{"name":"wp","href":"https:\/\/api.w.org\/{rel}","templated":true}]}}