{"id":8985,"date":"2020-09-16T08:14:16","date_gmt":"2020-09-16T08:14:16","guid":{"rendered":"https:\/\/www.avanceplasticsurgery.com\/procedimientos-cosmeticos-y-de-cirugia\/cirugia-plastica-de-nariz\/rinoplastia-para-adolescentes-y-adolescentes\/"},"modified":"2022-04-25T11:02:12","modified_gmt":"2022-04-25T11:02:12","slug":"rinoplastia-para-adolescentes-y-adolescentes","status":"publish","type":"page","link":"https:\/\/www.avanceplasticsurgery.com\/es\/procedimientos-cosmeticos-y-de-cirugia\/cirugia-plastica-de-nariz\/rinoplastia-para-adolescentes-y-adolescentes\/","title":{"rendered":"Rinoplastia para adolescentes y adolescentes"},"content":{"rendered":"<h1>Rinoplastia para adolescentes y adolescentes<\/h1>\n<p>La rinoplastia, o <a title=\"Cirujano pl\u00e1stico de nariz de Reno NV\" href=\"https:\/\/www.avanceplasticsurgery.com\/es\/cosmetic-and-surgery-procedures\/nose-plastic-surgery\/\">cirug\u00eda de nariz<\/a> , es un procedimiento com\u00fanmente buscado para ayudar al paciente a lograr una apariencia m\u00e1s equilibrada cuando la nariz parece desproporcionada o alguna otra condici\u00f3n causa problemas. A veces, una preocupaci\u00f3n funcional que interrumpe la respiraci\u00f3n puede hacer necesaria la rinoplastia. Hay algunos j\u00f3venes que desean someterse a una rinoplastia est\u00e9tica debido a preocupaciones sobre su apariencia. La aceptaci\u00f3n entre los compa\u00f1eros es de vital importancia en la adolescencia y la adolescencia, y la apariencia juega un papel importante.<\/p>\n<div class=\"row\">\n<div class=\"col-md-6\"><button class=\"flc-yt lazyload\" data-id=\"Ey8QmyAQ1HI\" data-title=\"Rinoplastia del Norte de Nevada Antes y Despu\u00e9s | Cirug\u00eda de nariz en Reno | Dr. Erez Day\u00e1n\" data-bg=\"https:\/\/i.ytimg.com\/vi\/Ey8QmyAQ1HI\/hqdefault.jpg\" aria-label=\"Play video Rinoplastia del Norte de Nevada Antes y Despu\u00e9s | Cirug\u00eda de nariz en Reno | Dr. Erez Day\u00e1n\">  <div class=\"flc-yt__title\">Rinoplastia del Norte de Nevada Antes y Despu\u00e9s | Cirug\u00eda de nariz en Reno | Dr. Erez Day\u00e1n<\/div>  <span class=\"flc-yt__play\">    <svg viewBox=\"0 0 68 48\" xmlns=\"http:\/\/www.w3.org\/2000\/svg\" aria-hidden=\"true\"><path d=\"M66.5 7.8A8.5 8.5 0 0 0 60.6 2C55.3.5 34 .5 34 .5S12.7.5 7.4 2A8.5 8.5 0 0 0 1.5 7.8C0 13.1 0 24 0 24s0 10.9 1.5 16.2A8.5 8.5 0 0 0 7.4 46C12.7 47.5 34 47.5 34 47.5s21.3 0 26.6-1.5a8.5 8.5 0 0 0 5.9-5.8C68 34.9 68 24 68 24s0-10.9-1.5-16.2Z\" fill=\"#f00\"\/><path d=\"M27 34l18-10-18-10v20Z\" fill=\"#fff\"\/><\/svg>  <\/span><\/button><\/div>\n<div class=\"col-md-6\"><button class=\"flc-yt lazyload\" data-id=\"x4GwFTA1Dao\" data-title=\"Revisi\u00f3n de Rinoplastia del Norte de Nevada Antes y Despu\u00e9s | Reparaci\u00f3n de nariz de silla de montar Reno | Dr. Erez Day\u00e1n\" data-bg=\"https:\/\/i.ytimg.com\/vi\/x4GwFTA1Dao\/hqdefault.jpg\" aria-label=\"Play video Revisi\u00f3n de Rinoplastia del Norte de Nevada Antes y Despu\u00e9s | Reparaci\u00f3n de nariz de silla de montar Reno | Dr. Erez Day\u00e1n\">  <div class=\"flc-yt__title\">Revisi\u00f3n de Rinoplastia del Norte de Nevada Antes y Despu\u00e9s | Reparaci\u00f3n de nariz de silla de montar Reno | Dr. Erez Day\u00e1n<\/div>  <span class=\"flc-yt__play\">    <svg viewBox=\"0 0 68 48\" xmlns=\"http:\/\/www.w3.org\/2000\/svg\" aria-hidden=\"true\"><path d=\"M66.5 7.8A8.5 8.5 0 0 0 60.6 2C55.3.5 34 .5 34 .5S12.7.5 7.4 2A8.5 8.5 0 0 0 1.5 7.8C0 13.1 0 24 0 24s0 10.9 1.5 16.2A8.5 8.5 0 0 0 7.4 46C12.7 47.5 34 47.5 34 47.5s21.3 0 26.6-1.5a8.5 8.5 0 0 0 5.9-5.8C68 34.9 68 24 68 24s0-10.9-1.5-16.2Z\" fill=\"#f00\"\/><path d=\"M27 34l18-10-18-10v20Z\" fill=\"#fff\"\/><\/svg>  <\/span><\/button><\/div>\n<\/div>\n<p>Cuando se trata de problemas est\u00e9ticos o funcionales, el Dr. Dayan siempre se re\u00fane con el joven y sus padres o tutores para escuchar su punto de vista. Si bien la cirug\u00eda est\u00e9tica no es algo frecuente entre los j\u00f3venes, adem\u00e1s de las reparaciones por traumatismos, es posible en ciertas situaciones. En el Instituto de Cirug\u00eda Pl\u00e1stica Avance en Reno\/Tahoe, NV, tratamos de aceptar y acomodarnos a las preocupaciones de nuestros pacientes sobre su apariencia.<\/p>\n<p>Es por eso que el Dr. Dayan ofrece la rinoplastia para adolescentes y adolescentes como una opci\u00f3n. La \u201cpreadolescencia\u201d formativa y los a\u00f1os de la adolescencia pueden ser bastante dif\u00edciles sin tener que soportar las burlas y el acoso debido a la apariencia de uno. Cuando los padres y el adolescente est\u00e1n convencidos de la necesidad de una cirug\u00eda est\u00e9tica de nariz, el Dr. Dayan puede realizar una rinoplastia para adolescentes y adolescentes.<\/p>\n<div class=\"row\">\n<div class=\"col-md-6\"><button class=\"flc-yt lazyload\" data-id=\"x99-fhOnXLo\" data-title=\"Rinoplastia de punta bajo anestesia local- Dr. Dayan\" data-bg=\"https:\/\/i.ytimg.com\/vi\/x99-fhOnXLo\/hqdefault.jpg\" aria-label=\"Play video Rinoplastia de punta bajo anestesia local- Dr. Dayan\">  <div class=\"flc-yt__title\">Rinoplastia de punta bajo anestesia local- Dr. Dayan<\/div>  <span class=\"flc-yt__play\">    <svg viewBox=\"0 0 68 48\" xmlns=\"http:\/\/www.w3.org\/2000\/svg\" aria-hidden=\"true\"><path d=\"M66.5 7.8A8.5 8.5 0 0 0 60.6 2C55.3.5 34 .5 34 .5S12.7.5 7.4 2A8.5 8.5 0 0 0 1.5 7.8C0 13.1 0 24 0 24s0 10.9 1.5 16.2A8.5 8.5 0 0 0 7.4 46C12.7 47.5 34 47.5 34 47.5s21.3 0 26.6-1.5a8.5 8.5 0 0 0 5.9-5.8C68 34.9 68 24 68 24s0-10.9-1.5-16.2Z\" fill=\"#f00\"\/><path d=\"M27 34l18-10-18-10v20Z\" fill=\"#fff\"\/><\/svg>  <\/span><\/button><\/div>\n<div class=\"col-md-6\"><button class=\"flc-yt lazyload\" data-id=\"kZhgjNDh5GM\" data-title=\"Rinoplastia antes y despu\u00e9s del Dr. Dayan\" data-bg=\"https:\/\/i.ytimg.com\/vi\/kZhgjNDh5GM\/hqdefault.jpg\" aria-label=\"Play video Rinoplastia antes y despu\u00e9s del Dr. Dayan\">  <div class=\"flc-yt__title\">Rinoplastia antes y despu\u00e9s del Dr. Dayan<\/div>  <span class=\"flc-yt__play\">    <svg viewBox=\"0 0 68 48\" xmlns=\"http:\/\/www.w3.org\/2000\/svg\" aria-hidden=\"true\"><path d=\"M66.5 7.8A8.5 8.5 0 0 0 60.6 2C55.3.5 34 .5 34 .5S12.7.5 7.4 2A8.5 8.5 0 0 0 1.5 7.8C0 13.1 0 24 0 24s0 10.9 1.5 16.2A8.5 8.5 0 0 0 7.4 46C12.7 47.5 34 47.5 34 47.5s21.3 0 26.6-1.5a8.5 8.5 0 0 0 5.9-5.8C68 34.9 68 24 68 24s0-10.9-1.5-16.2Z\" fill=\"#f00\"\/><path d=\"M27 34l18-10-18-10v20Z\" fill=\"#fff\"\/><\/svg>  <\/span><\/button><\/div>\n<\/div>\n<h2>Cirug\u00eda de nariz para adolescentes<\/h2>\n<p>La cirug\u00eda de nariz en adolescentes tambi\u00e9n se puede realizar para corregir defectos en el desarrollo nasal, como un tabique desviado o problemas respiratorios. La nariz tambi\u00e9n puede desarrollarse asim\u00e9tricamente con el tiempo, lo que genera preocupaci\u00f3n por los efectos est\u00e9ticos. El factor determinante para realizar una rinoplastia en adolescentes es la etapa de desarrollo del paciente.<\/p>\n<p>La nariz debe estar completamente formada antes de que se pueda considerar cualquier cirug\u00eda. El desarrollo suele ser diferente para ni\u00f1os y ni\u00f1as, y el Dr. Dayan puede determinar si se ha producido el desarrollo nasal adecuado que har\u00eda viable la cirug\u00eda. La edad normal para esto normalmente ocurre a los 14 a\u00f1os. La rinoplastia para adolescentes y adolescentes est\u00e1 disponible en el Avance Plastic Surgery Institute en Reno\/Tahoe, NV. <a title=\"P\u00f3ngase en contacto con el Instituto de Cirug\u00eda Pl\u00e1stica Avance en Reno NV\" href=\"https:\/\/www.avanceplasticsurgery.com\/es\/contact-us-dr-erez-dayan\/\">Cont\u00e1ctenos<\/a> para programar una consulta con el Dr. Dayan.<\/p>\n<p>El Dr. Erez Dayan ha realizado una extensa investigaci\u00f3n sobre el desarrollo de consistencia en la cirug\u00eda y los resultados de la rinoplastia. Lea m\u00e1s sobre la investigaci\u00f3n de la rinoplastia del Dr. Dayan <a href=\"https:\/\/www.avanceplasticsurgery.com\/es\/about-avance-plastic-surgery-institute\/research\/#rhinoplasty\">aqu\u00ed<\/a> .<\/p>\n","protected":false},"excerpt":{"rendered":"<p>Rinoplastia para adolescentes y adolescentes La rinoplastia, o cirug\u00eda de nariz , es un procedimiento com\u00fanmente buscado para ayudar&hellip;<\/p>\n","protected":false},"author":1,"featured_media":0,"parent":8984,"menu_order":0,"comment_status":"closed","ping_status":"closed","template":"","meta":{"_acf_changed":false,"footnotes":""},"class_list":["post-8985","page","type-page","status-publish"],"acf":[],"yoast_head":"<!-- This site is optimized with the Yoast SEO plugin v27.4 - https:\/\/yoast.com\/product\/yoast-seo-wordpress\/ -->\n<title>Reno NV Rinoplastia adolescente | Cirug\u00eda de nariz para adolescentes en Lake Tahoe<\/title>\n<meta name=\"description\" content=\"La rinoplastia en adolescentes y adolescentes, o cirug\u00eda de nariz, es una opci\u00f3n para corregir problemas o deformidades cong\u00e9nitas, as\u00ed como para realizar cambios en la apariencia. El Dr. Erez Dayan ofrece cirug\u00eda de nariz para adolescentes en el Instituto de Cirug\u00eda Pl\u00e1stica Avance.\" \/>\n<meta name=\"robots\" content=\"index, follow, max-snippet:-1, max-image-preview:large, max-video-preview:-1\" \/>\n<link rel=\"canonical\" href=\"https:\/\/www.avanceplasticsurgery.com\/es\/procedimientos-cosmeticos-y-de-cirugia\/cirugia-plastica-de-nariz\/rinoplastia-para-adolescentes-y-adolescentes\/\" \/>\n<meta property=\"og:locale\" content=\"es_ES\" \/>\n<meta property=\"og:type\" content=\"article\" \/>\n<meta property=\"og:title\" content=\"Reno NV Rinoplastia adolescente | Cirug\u00eda de nariz para adolescentes en Lake Tahoe\" \/>\n<meta property=\"og:description\" content=\"La rinoplastia en adolescentes y adolescentes, o cirug\u00eda de nariz, es una opci\u00f3n para corregir problemas o deformidades cong\u00e9nitas, as\u00ed como para realizar cambios en la apariencia. El Dr. Erez Dayan ofrece cirug\u00eda de nariz para adolescentes en el Instituto de Cirug\u00eda Pl\u00e1stica Avance.\" \/>\n<meta property=\"og:url\" content=\"https:\/\/www.avanceplasticsurgery.com\/es\/procedimientos-cosmeticos-y-de-cirugia\/cirugia-plastica-de-nariz\/rinoplastia-para-adolescentes-y-adolescentes\/\" \/>\n<meta property=\"og:site_name\" content=\"Avance Plastic Surgery\" \/>\n<meta property=\"article:modified_time\" content=\"2022-04-25T11:02:12+00:00\" \/>\n<meta name=\"twitter:card\" content=\"summary_large_image\" \/>\n<meta name=\"twitter:label1\" content=\"Tiempo de lectura\" \/>\n\t<meta name=\"twitter:data1\" content=\"3 minutos\" \/>\n<!-- \/ Yoast SEO plugin. -->","yoast_head_json":{"title":"Reno NV Rinoplastia adolescente | Cirug\u00eda de nariz para adolescentes en Lake Tahoe","description":"La rinoplastia en adolescentes y adolescentes, o cirug\u00eda de nariz, es una opci\u00f3n para corregir problemas o deformidades cong\u00e9nitas, as\u00ed como para realizar cambios en la apariencia. El Dr. Erez Dayan ofrece cirug\u00eda de nariz para adolescentes en el Instituto de Cirug\u00eda Pl\u00e1stica Avance.","robots":{"index":"index","follow":"follow","max-snippet":"max-snippet:-1","max-image-preview":"max-image-preview:large","max-video-preview":"max-video-preview:-1"},"canonical":"https:\/\/www.avanceplasticsurgery.com\/es\/procedimientos-cosmeticos-y-de-cirugia\/cirugia-plastica-de-nariz\/rinoplastia-para-adolescentes-y-adolescentes\/","og_locale":"es_ES","og_type":"article","og_title":"Reno NV Rinoplastia adolescente | Cirug\u00eda de nariz para adolescentes en Lake Tahoe","og_description":"La rinoplastia en adolescentes y adolescentes, o cirug\u00eda de nariz, es una opci\u00f3n para corregir problemas o deformidades cong\u00e9nitas, as\u00ed como para realizar cambios en la apariencia. El Dr. Erez Dayan ofrece cirug\u00eda de nariz para adolescentes en el Instituto de Cirug\u00eda Pl\u00e1stica Avance.","og_url":"https:\/\/www.avanceplasticsurgery.com\/es\/procedimientos-cosmeticos-y-de-cirugia\/cirugia-plastica-de-nariz\/rinoplastia-para-adolescentes-y-adolescentes\/","og_site_name":"Avance Plastic Surgery","article_modified_time":"2022-04-25T11:02:12+00:00","twitter_card":"summary_large_image","twitter_misc":{"Tiempo de lectura":"3 minutos"},"schema":{"@context":"https:\/\/schema.org","@graph":[{"@type":"WebPage","@id":"https:\/\/www.avanceplasticsurgery.com\/es\/procedimientos-cosmeticos-y-de-cirugia\/cirugia-plastica-de-nariz\/rinoplastia-para-adolescentes-y-adolescentes\/","url":"https:\/\/www.avanceplasticsurgery.com\/es\/procedimientos-cosmeticos-y-de-cirugia\/cirugia-plastica-de-nariz\/rinoplastia-para-adolescentes-y-adolescentes\/","name":"Reno NV Rinoplastia adolescente | Cirug\u00eda de nariz para adolescentes en Lake Tahoe","isPartOf":{"@id":"https:\/\/www.avanceplasticsurgery.com\/es\/#website"},"datePublished":"2020-09-16T08:14:16+00:00","dateModified":"2022-04-25T11:02:12+00:00","description":"La rinoplastia en adolescentes y adolescentes, o cirug\u00eda de nariz, es una opci\u00f3n para corregir problemas o deformidades cong\u00e9nitas, as\u00ed como para realizar cambios en la apariencia. El Dr. Erez Dayan ofrece cirug\u00eda de nariz para adolescentes en el Instituto de Cirug\u00eda Pl\u00e1stica Avance.","breadcrumb":{"@id":"https:\/\/www.avanceplasticsurgery.com\/es\/procedimientos-cosmeticos-y-de-cirugia\/cirugia-plastica-de-nariz\/rinoplastia-para-adolescentes-y-adolescentes\/#breadcrumb"},"inLanguage":"es","potentialAction":[{"@type":"ReadAction","target":["https:\/\/www.avanceplasticsurgery.com\/es\/procedimientos-cosmeticos-y-de-cirugia\/cirugia-plastica-de-nariz\/rinoplastia-para-adolescentes-y-adolescentes\/"]}]},{"@type":"BreadcrumbList","@id":"https:\/\/www.avanceplasticsurgery.com\/es\/procedimientos-cosmeticos-y-de-cirugia\/cirugia-plastica-de-nariz\/rinoplastia-para-adolescentes-y-adolescentes\/#breadcrumb","itemListElement":[{"@type":"ListItem","position":1,"name":"Home","item":"https:\/\/www.avanceplasticsurgery.com\/es\/"},{"@type":"ListItem","position":2,"name":"Cosm\u00e9tica","item":"https:\/\/www.avanceplasticsurgery.com\/es\/procedimientos-cosmeticos-y-de-cirugia\/"},{"@type":"ListItem","position":3,"name":"Cirug\u00eda pl\u00e1stica de nariz","item":"https:\/\/www.avanceplasticsurgery.com\/es\/procedimientos-cosmeticos-y-de-cirugia\/cirugia-plastica-de-nariz\/"},{"@type":"ListItem","position":4,"name":"Rinoplastia para adolescentes y adolescentes"}]},{"@type":"WebSite","@id":"https:\/\/www.avanceplasticsurgery.com\/es\/#website","url":"https:\/\/www.avanceplasticsurgery.com\/es\/","name":"Avance Plastic Surgery","description":"","potentialAction":[{"@type":"SearchAction","target":{"@type":"EntryPoint","urlTemplate":"https:\/\/www.avanceplasticsurgery.com\/es\/?s={search_term_string}"},"query-input":{"@type":"PropertyValueSpecification","valueRequired":true,"valueName":"search_term_string"}}],"inLanguage":"es"}]}},"_links":{"self":[{"href":"https:\/\/www.avanceplasticsurgery.com\/es\/wp-json\/wp\/v2\/pages\/8985","targetHints":{"allow":["GET"]}}],"collection":[{"href":"https:\/\/www.avanceplasticsurgery.com\/es\/wp-json\/wp\/v2\/pages"}],"about":[{"href":"https:\/\/www.avanceplasticsurgery.com\/es\/wp-json\/wp\/v2\/types\/page"}],"author":[{"embeddable":true,"href":"https:\/\/www.avanceplasticsurgery.com\/es\/wp-json\/wp\/v2\/users\/1"}],"replies":[{"embeddable":true,"href":"https:\/\/www.avanceplasticsurgery.com\/es\/wp-json\/wp\/v2\/comments?post=8985"}],"version-history":[{"count":1,"href":"https:\/\/www.avanceplasticsurgery.com\/es\/wp-json\/wp\/v2\/pages\/8985\/revisions"}],"predecessor-version":[{"id":9167,"href":"https:\/\/www.avanceplasticsurgery.com\/es\/wp-json\/wp\/v2\/pages\/8985\/revisions\/9167"}],"up":[{"embeddable":true,"href":"https:\/\/www.avanceplasticsurgery.com\/es\/wp-json\/wp\/v2\/pages\/8984"}],"wp:attachment":[{"href":"https:\/\/www.avanceplasticsurgery.com\/es\/wp-json\/wp\/v2\/media?parent=8985"}],"curies":[{"name":"wp","href":"https:\/\/api.w.org\/{rel}","templated":true}]}}