{"id":8986,"date":"2020-09-16T08:15:55","date_gmt":"2020-09-16T08:15:55","guid":{"rendered":"https:\/\/www.avanceplasticsurgery.com\/procedimientos-cosmeticos-y-de-cirugia\/cirugia-plastica-de-nariz\/rinoplastia-asiatica-etnica\/"},"modified":"2022-04-25T11:01:53","modified_gmt":"2022-04-25T11:01:53","slug":"rinoplastia-asiatica-etnica","status":"publish","type":"page","link":"https:\/\/www.avanceplasticsurgery.com\/es\/procedimientos-cosmeticos-y-de-cirugia\/cirugia-plastica-de-nariz\/rinoplastia-asiatica-etnica\/","title":{"rendered":"Rinoplastia Asi\u00e1tica\/\u00c9tnica"},"content":{"rendered":"<h1>Rinoplastia Asi\u00e1tica\/\u00c9tnica<\/h1>\n<p>La rinoplastia asi\u00e1tica\/\u00e9tnica es un segmento particular de la rinoplastia, o cirug\u00eda de rinoplastia, que busca hacer mejoras correctivas mientras preserva la etnicidad de su apariencia. No todos los cirujanos pl\u00e1sticos est\u00e9ticos est\u00e1n dispuestos a realizar estas <a title=\"Cirujano pl\u00e1stico de nariz de Reno NV\" href=\"https:\/\/www.avanceplasticsurgery.com\/es\/cosmetic-and-surgery-procedures\/nose-plastic-surgery\/\">modificaciones cosm\u00e9ticas en la nariz<\/a> debido a la naturaleza precisa y delicada del trabajo necesario. El Dr. Erez Dayan ofrece rinoplastia asi\u00e1tica\/\u00e9tnica en el Avance Plastic Surgery Institute en Reno\/Tahoe, NV.<\/p>\n<p>La rinoplastia que se enfoca en una forma de nariz cauc\u00e1sica no es adecuada para una apariencia equilibrada en personas de otras etnias. Adem\u00e1s, su origen \u00e9tnico tambi\u00e9n tiene sutiles diferencias en cuanto a huesos, tejidos y cart\u00edlagos. Estos deben tenerse en cuenta al realizar cualquier procedimiento de rinoplastia en pacientes de diferentes etnias.<\/p>\n<p>El Dr. Dayan tiene una amplia experiencia en la realizaci\u00f3n de correcciones y mejoras cosm\u00e9ticas con diferentes etnias, y da la bienvenida a pacientes asi\u00e1ticos o de otras etnias que deseen cambiar la apariencia de su nariz a trav\u00e9s de la cirug\u00eda. \u00c9l tiene la capacitaci\u00f3n, las habilidades y la experiencia para realizar estos procedimientos \u00fanicos a su satisfacci\u00f3n, dej\u00e1ndolo con caracter\u00edsticas envidiables y atractivas que conservan sus rasgos heredados.<\/p>\n<button class=\"flc-yt lazyload\" data-id=\"Ey8QmyAQ1HI\" data-title=\"Rinoplastia del Norte de Nevada Antes y Despu\u00e9s | Cirug\u00eda de nariz en Reno | Dr. Erez Day\u00e1n\" data-bg=\"https:\/\/i.ytimg.com\/vi\/Ey8QmyAQ1HI\/hqdefault.jpg\" aria-label=\"Play video Rinoplastia del Norte de Nevada Antes y Despu\u00e9s | Cirug\u00eda de nariz en Reno | Dr. Erez Day\u00e1n\">  <div class=\"flc-yt__title\">Rinoplastia del Norte de Nevada Antes y Despu\u00e9s | Cirug\u00eda de nariz en Reno | Dr. Erez Day\u00e1n<\/div>  <span class=\"flc-yt__play\">    <svg viewBox=\"0 0 68 48\" xmlns=\"http:\/\/www.w3.org\/2000\/svg\" aria-hidden=\"true\"><path d=\"M66.5 7.8A8.5 8.5 0 0 0 60.6 2C55.3.5 34 .5 34 .5S12.7.5 7.4 2A8.5 8.5 0 0 0 1.5 7.8C0 13.1 0 24 0 24s0 10.9 1.5 16.2A8.5 8.5 0 0 0 7.4 46C12.7 47.5 34 47.5 34 47.5s21.3 0 26.6-1.5a8.5 8.5 0 0 0 5.9-5.8C68 34.9 68 24 68 24s0-10.9-1.5-16.2Z\" fill=\"#f00\"\/><path d=\"M27 34l18-10-18-10v20Z\" fill=\"#fff\"\/><\/svg>  <\/span><\/button>\n<h2>Cirug\u00eda de nariz \u00e9tnica<\/h2>\n<p>Cada etnia tiene ciertas caracter\u00edsticas definitorias, incluida la nariz. En algunos casos, estos pueden exagerarse hasta el punto de restar valor a su apariencia o causar asimetr\u00eda con sus otros rasgos faciales. Los descendientes de asi\u00e1ticos y africanos tienden a tener una nariz m\u00e1s bulbosa con un cart\u00edlago septal d\u00e9bil, mientras que algunos cauc\u00e1sicos y los descendientes del Medio Oriente tienden a tener un cart\u00edlago septal voluminoso y una proyecci\u00f3n excesiva, o incluso una joroba pronunciada.<\/p>\n<p>Si bien estas caracter\u00edsticas no son problem\u00e1ticas en un sentido funcional, pueden hacer que un paciente se sienta insatisfecho con su apariencia, especialmente si la caracter\u00edstica en cuesti\u00f3n es excesiva o demasiado prominente. La cirug\u00eda de nariz \u00e9tnica aborda estas preocupaciones al cambiar la caracter\u00edstica para que se mezcle de manera m\u00e1s natural con las otras caracter\u00edsticas faciales sin dejar de estar presente. Esto preserva la apariencia \u00e9tnica y la hace m\u00e1s atractiva visualmente.<\/p>\n<p>El Dr. Dayan ha sido un orador invitado en todo el mundo, viajando a Asia, Medio Oriente, Europa y Am\u00e9rica del Sur para presentar su trabajo sobre t\u00e9cnicas de vanguardia. M\u00e1s recientemente, el Dr. Dayan fue invitado como uno de los tres cirujanos estadounidenses a participar en la reuni\u00f3n de Rinoplastia de la Sociedad China en Chongqing, China, donde particip\u00f3 en cuatro d\u00edas de conferencias y demostraciones de cirug\u00eda en vivo. Recientemente, tambi\u00e9n es autor de un art\u00edculo titulado \u00abDesarrollo de consistencia en la rinoplastia\u00bb que se public\u00f3 en el Journal of Plastic &amp; Reconstructive Surgery (el diario de cirug\u00eda pl\u00e1stica n\u00famero 1 a nivel internacional). El Dr. Dayan es un l\u00edder de opini\u00f3n e investigador clave para Allergan, InMode, Galderma y MTF Biologics.<\/p>\n<p>Si vive en Reno o Lake Tahoe, o en las comunidades circundantes de Nevada y no est\u00e1 satisfecho con alg\u00fan aspecto de su nariz, el Dr. Dayan ofrece una cirug\u00eda de nariz \u00e9tnica en el Instituto de Cirug\u00eda Pl\u00e1stica Avance. <a title=\"P\u00f3ngase en contacto con el Instituto de Cirug\u00eda Pl\u00e1stica Avance en Reno NV\" href=\"https:\/\/www.avanceplasticsurgery.com\/contact-us-dr-erez-dayan\/\">Comun\u00edquese con nuestra oficina<\/a> hoy para programar una consulta de rinoplastia asi\u00e1tica\/\u00e9tnica con el Dr. Dayan.<\/p>\n<p>El Dr. Erez Dayan ha realizado una extensa investigaci\u00f3n sobre el desarrollo de consistencia en la cirug\u00eda y los resultados de la rinoplastia. Lea m\u00e1s sobre la investigaci\u00f3n de la rinoplastia del Dr. Dayan <a href=\"https:\/\/www.avanceplasticsurgery.com\/es\/about-avance-plastic-surgery-institute\/research\/#rhinoplasty\">aqu\u00ed<\/a> .<\/p>\n","protected":false},"excerpt":{"rendered":"<p>Rinoplastia Asi\u00e1tica\/\u00c9tnica La rinoplastia asi\u00e1tica\/\u00e9tnica es un segmento particular de la rinoplastia, o cirug\u00eda de rinoplastia, que busca hacer&hellip;<\/p>\n","protected":false},"author":1,"featured_media":0,"parent":8984,"menu_order":0,"comment_status":"closed","ping_status":"closed","template":"","meta":{"_acf_changed":false,"footnotes":""},"class_list":["post-8986","page","type-page","status-publish"],"acf":[],"yoast_head":"<!-- This site is optimized with the Yoast SEO plugin v27.4 - https:\/\/yoast.com\/product\/yoast-seo-wordpress\/ -->\n<title>Reno NV Rinoplastia asi\u00e1tica | Cirug\u00eda de nariz \u00e9tnica de Lake Tahoe<\/title>\n<meta name=\"description\" content=\"La rinoplastia asi\u00e1tica\/\u00e9tnica puede hacer correcciones a las caracter\u00edsticas \u00e9tnicas prominentes o problem\u00e1ticas de la nariz y al mismo tiempo preservar la etnicidad de su apariencia. Llame al Instituto de Cirug\u00eda Pl\u00e1stica Avance en Reno, NV, para una consulta de cirug\u00eda est\u00e9tica de nariz con el Dr. Dayan.\" \/>\n<meta name=\"robots\" content=\"index, follow, max-snippet:-1, max-image-preview:large, max-video-preview:-1\" \/>\n<link rel=\"canonical\" href=\"https:\/\/www.avanceplasticsurgery.com\/es\/procedimientos-cosmeticos-y-de-cirugia\/cirugia-plastica-de-nariz\/rinoplastia-asiatica-etnica\/\" \/>\n<meta property=\"og:locale\" content=\"es_ES\" \/>\n<meta property=\"og:type\" content=\"article\" \/>\n<meta property=\"og:title\" content=\"Reno NV Rinoplastia asi\u00e1tica | Cirug\u00eda de nariz \u00e9tnica de Lake Tahoe\" \/>\n<meta property=\"og:description\" content=\"La rinoplastia asi\u00e1tica\/\u00e9tnica puede hacer correcciones a las caracter\u00edsticas \u00e9tnicas prominentes o problem\u00e1ticas de la nariz y al mismo tiempo preservar la etnicidad de su apariencia. Llame al Instituto de Cirug\u00eda Pl\u00e1stica Avance en Reno, NV, para una consulta de cirug\u00eda est\u00e9tica de nariz con el Dr. Dayan.\" \/>\n<meta property=\"og:url\" content=\"https:\/\/www.avanceplasticsurgery.com\/es\/procedimientos-cosmeticos-y-de-cirugia\/cirugia-plastica-de-nariz\/rinoplastia-asiatica-etnica\/\" \/>\n<meta property=\"og:site_name\" content=\"Avance Plastic Surgery\" \/>\n<meta property=\"article:modified_time\" content=\"2022-04-25T11:01:53+00:00\" \/>\n<meta name=\"twitter:card\" content=\"summary_large_image\" \/>\n<meta name=\"twitter:label1\" content=\"Tiempo de lectura\" \/>\n\t<meta name=\"twitter:data1\" content=\"3 minutos\" \/>\n<!-- \/ Yoast SEO plugin. -->","yoast_head_json":{"title":"Reno NV Rinoplastia asi\u00e1tica | Cirug\u00eda de nariz \u00e9tnica de Lake Tahoe","description":"La rinoplastia asi\u00e1tica\/\u00e9tnica puede hacer correcciones a las caracter\u00edsticas \u00e9tnicas prominentes o problem\u00e1ticas de la nariz y al mismo tiempo preservar la etnicidad de su apariencia. Llame al Instituto de Cirug\u00eda Pl\u00e1stica Avance en Reno, NV, para una consulta de cirug\u00eda est\u00e9tica de nariz con el Dr. Dayan.","robots":{"index":"index","follow":"follow","max-snippet":"max-snippet:-1","max-image-preview":"max-image-preview:large","max-video-preview":"max-video-preview:-1"},"canonical":"https:\/\/www.avanceplasticsurgery.com\/es\/procedimientos-cosmeticos-y-de-cirugia\/cirugia-plastica-de-nariz\/rinoplastia-asiatica-etnica\/","og_locale":"es_ES","og_type":"article","og_title":"Reno NV Rinoplastia asi\u00e1tica | Cirug\u00eda de nariz \u00e9tnica de Lake Tahoe","og_description":"La rinoplastia asi\u00e1tica\/\u00e9tnica puede hacer correcciones a las caracter\u00edsticas \u00e9tnicas prominentes o problem\u00e1ticas de la nariz y al mismo tiempo preservar la etnicidad de su apariencia. Llame al Instituto de Cirug\u00eda Pl\u00e1stica Avance en Reno, NV, para una consulta de cirug\u00eda est\u00e9tica de nariz con el Dr. Dayan.","og_url":"https:\/\/www.avanceplasticsurgery.com\/es\/procedimientos-cosmeticos-y-de-cirugia\/cirugia-plastica-de-nariz\/rinoplastia-asiatica-etnica\/","og_site_name":"Avance Plastic Surgery","article_modified_time":"2022-04-25T11:01:53+00:00","twitter_card":"summary_large_image","twitter_misc":{"Tiempo de lectura":"3 minutos"},"schema":{"@context":"https:\/\/schema.org","@graph":[{"@type":"WebPage","@id":"https:\/\/www.avanceplasticsurgery.com\/es\/procedimientos-cosmeticos-y-de-cirugia\/cirugia-plastica-de-nariz\/rinoplastia-asiatica-etnica\/","url":"https:\/\/www.avanceplasticsurgery.com\/es\/procedimientos-cosmeticos-y-de-cirugia\/cirugia-plastica-de-nariz\/rinoplastia-asiatica-etnica\/","name":"Reno NV Rinoplastia asi\u00e1tica | Cirug\u00eda de nariz \u00e9tnica de Lake Tahoe","isPartOf":{"@id":"https:\/\/www.avanceplasticsurgery.com\/es\/#website"},"datePublished":"2020-09-16T08:15:55+00:00","dateModified":"2022-04-25T11:01:53+00:00","description":"La rinoplastia asi\u00e1tica\/\u00e9tnica puede hacer correcciones a las caracter\u00edsticas \u00e9tnicas prominentes o problem\u00e1ticas de la nariz y al mismo tiempo preservar la etnicidad de su apariencia. Llame al Instituto de Cirug\u00eda Pl\u00e1stica Avance en Reno, NV, para una consulta de cirug\u00eda est\u00e9tica de nariz con el Dr. Dayan.","breadcrumb":{"@id":"https:\/\/www.avanceplasticsurgery.com\/es\/procedimientos-cosmeticos-y-de-cirugia\/cirugia-plastica-de-nariz\/rinoplastia-asiatica-etnica\/#breadcrumb"},"inLanguage":"es","potentialAction":[{"@type":"ReadAction","target":["https:\/\/www.avanceplasticsurgery.com\/es\/procedimientos-cosmeticos-y-de-cirugia\/cirugia-plastica-de-nariz\/rinoplastia-asiatica-etnica\/"]}]},{"@type":"BreadcrumbList","@id":"https:\/\/www.avanceplasticsurgery.com\/es\/procedimientos-cosmeticos-y-de-cirugia\/cirugia-plastica-de-nariz\/rinoplastia-asiatica-etnica\/#breadcrumb","itemListElement":[{"@type":"ListItem","position":1,"name":"Home","item":"https:\/\/www.avanceplasticsurgery.com\/es\/"},{"@type":"ListItem","position":2,"name":"Cosm\u00e9tica","item":"https:\/\/www.avanceplasticsurgery.com\/es\/procedimientos-cosmeticos-y-de-cirugia\/"},{"@type":"ListItem","position":3,"name":"Cirug\u00eda pl\u00e1stica de nariz","item":"https:\/\/www.avanceplasticsurgery.com\/es\/procedimientos-cosmeticos-y-de-cirugia\/cirugia-plastica-de-nariz\/"},{"@type":"ListItem","position":4,"name":"Rinoplastia Asi\u00e1tica\/\u00c9tnica"}]},{"@type":"WebSite","@id":"https:\/\/www.avanceplasticsurgery.com\/es\/#website","url":"https:\/\/www.avanceplasticsurgery.com\/es\/","name":"Avance Plastic Surgery","description":"","potentialAction":[{"@type":"SearchAction","target":{"@type":"EntryPoint","urlTemplate":"https:\/\/www.avanceplasticsurgery.com\/es\/?s={search_term_string}"},"query-input":{"@type":"PropertyValueSpecification","valueRequired":true,"valueName":"search_term_string"}}],"inLanguage":"es"}]}},"_links":{"self":[{"href":"https:\/\/www.avanceplasticsurgery.com\/es\/wp-json\/wp\/v2\/pages\/8986","targetHints":{"allow":["GET"]}}],"collection":[{"href":"https:\/\/www.avanceplasticsurgery.com\/es\/wp-json\/wp\/v2\/pages"}],"about":[{"href":"https:\/\/www.avanceplasticsurgery.com\/es\/wp-json\/wp\/v2\/types\/page"}],"author":[{"embeddable":true,"href":"https:\/\/www.avanceplasticsurgery.com\/es\/wp-json\/wp\/v2\/users\/1"}],"replies":[{"embeddable":true,"href":"https:\/\/www.avanceplasticsurgery.com\/es\/wp-json\/wp\/v2\/comments?post=8986"}],"version-history":[{"count":1,"href":"https:\/\/www.avanceplasticsurgery.com\/es\/wp-json\/wp\/v2\/pages\/8986\/revisions"}],"predecessor-version":[{"id":9166,"href":"https:\/\/www.avanceplasticsurgery.com\/es\/wp-json\/wp\/v2\/pages\/8986\/revisions\/9166"}],"up":[{"embeddable":true,"href":"https:\/\/www.avanceplasticsurgery.com\/es\/wp-json\/wp\/v2\/pages\/8984"}],"wp:attachment":[{"href":"https:\/\/www.avanceplasticsurgery.com\/es\/wp-json\/wp\/v2\/media?parent=8986"}],"curies":[{"name":"wp","href":"https:\/\/api.w.org\/{rel}","templated":true}]}}