{"id":8987,"date":"2020-09-16T08:17:41","date_gmt":"2020-09-16T08:17:41","guid":{"rendered":"https:\/\/www.avanceplasticsurgery.com\/procedimientos-cosmeticos-y-de-cirugia\/cirugia-plastica-de-nariz\/tabique-desviado-septoplastia\/"},"modified":"2022-04-25T11:02:29","modified_gmt":"2022-04-25T11:02:29","slug":"tabique-desviado-septoplastia","status":"publish","type":"page","link":"https:\/\/www.avanceplasticsurgery.com\/es\/procedimientos-cosmeticos-y-de-cirugia\/cirugia-plastica-de-nariz\/tabique-desviado-septoplastia\/","title":{"rendered":"Tabique desviado\/ septoplastia"},"content":{"rendered":"<h1>Cirug\u00eda de tabique desviado<\/h1>\n<p>Un tabique desviado puede ocurrir por un trauma o un defecto cong\u00e9nito cuando el interior de la nariz no se adhiere al paladar. Este problema provoca una apariencia asim\u00e9trica que puede ser visible externamente, as\u00ed como problemas respiratorios y un aumento en la susceptibilidad a los resfriados. El Dr. Erez Dayan realiza una cirug\u00eda de tabique desviado en el Instituto de Cirug\u00eda Pl\u00e1stica Avance en Reno\/Tahoe, NV.<\/p>\n<p>La septoplastia ideal, o cirug\u00eda de tabique desviado, busca <a title=\"Cirujano pl\u00e1stico de nariz de Reno NV\" href=\"https:\/\/www.avanceplasticsurgery.com\/es\/cosmetic-and-surgery-procedures\/nose-plastic-surgery\/\">corregir tanto el componente est\u00e9tico<\/a> del problema como el aspecto funcional. El tabique nasal sostiene la columela. Cuando esta estructura est\u00e1 torcida o malformada, el soporte se debilita, causando bloqueos que pueden afectar la respiraci\u00f3n, as\u00ed como un puente nasal colapsado o torcido.<\/p>\n<p>Esta condici\u00f3n puede resultar en que una fosa nasal sea m\u00e1s grande que la otra, una gran depresi\u00f3n en el puente de la nariz o una nariz torcida. Los tejidos y el cart\u00edlago deben resecarse y reestructurarse para permitir una v\u00eda a\u00e9rea despejada mientras se remodela la estructura externa de la nariz para una apariencia natural. El Dr. Dayan puede realizar esta delicada cirug\u00eda para corregir esta condici\u00f3n para que sus pacientes puedan vivir una vida de mejor calidad.<\/p>\n<h2>Septoplastia en Reno\/Lake Tahoe<\/h2>\n<p>La septoplastia, o cirug\u00eda de tabique desviado, generalmente toma alrededor de dos horas bajo anestesia general. Por lo general, los pacientes se van a casa el mismo d\u00eda con un tratamiento avanzado del dolor para ayudarlos a sentirse c\u00f3modos. El Dr. Dayan programar\u00e1 una visita de seguimiento y retirar\u00e1 los puntos en unos cinco d\u00edas, y la recuperaci\u00f3n completa tardar\u00e1 de 10 d\u00edas a dos semanas. Para entonces, la hinchaz\u00f3n deber\u00eda haber disminuido y se pueden observar resultados completos.<\/p>\n<p>El Dr. Dayan es un cirujano pl\u00e1stico cosm\u00e9tico y reconstructivo altamente calificado que recibi\u00f3 su capacitaci\u00f3n m\u00e9dica en dos de las instalaciones de capacitaci\u00f3n m\u00e9dica m\u00e1s prestigiosas del mundo. Ha escrito y publicado con frecuencia sobre t\u00e9cnicas avanzadas de cirug\u00eda pl\u00e1stica y es un investigador solicitado por las principales empresas de fabricaci\u00f3n de dispositivos est\u00e9ticos.<\/p>\n<p>Si necesita cirug\u00eda para corregir un tabique desviado en Reno o Lake Tahoe, <a title=\"P\u00f3ngase en contacto con el Instituto de Cirug\u00eda Pl\u00e1stica Avance en Reno NV\" href=\"https:\/\/www.avanceplasticsurgery.com\/es\/contact-us-dr-erez-dayan\/\">comun\u00edquese con Avance Plastic Surgery Institute<\/a> y programe una consulta de septoplastia con el Dr. Dayan.<\/p>\n","protected":false},"excerpt":{"rendered":"<p>Cirug\u00eda de tabique desviado Un tabique desviado puede ocurrir por un trauma o un defecto cong\u00e9nito cuando el interior&hellip;<\/p>\n","protected":false},"author":1,"featured_media":0,"parent":8984,"menu_order":0,"comment_status":"closed","ping_status":"closed","template":"","meta":{"_acf_changed":false,"footnotes":""},"class_list":["post-8987","page","type-page","status-publish"],"acf":[],"yoast_head":"<!-- This site is optimized with the Yoast SEO plugin v27.3 - https:\/\/yoast.com\/product\/yoast-seo-wordpress\/ -->\n<title>Reno NV Cirug\u00eda de tabique desviado | Reparaci\u00f3n de septoplastia de Lake Tahoe<\/title>\n<meta name=\"description\" content=\"La cirug\u00eda para corregir un tabique desviado, o septoplastia, puede reparar problemas est\u00e9ticos y funcionales de la nariz, brind\u00e1ndole una vida mejor. Llame al Instituto de Cirug\u00eda Pl\u00e1stica Avance en Reno, NV, para una consulta de septoplastia con el Dr. Dayan.\" \/>\n<meta name=\"robots\" content=\"index, follow, max-snippet:-1, max-image-preview:large, max-video-preview:-1\" \/>\n<link rel=\"canonical\" href=\"https:\/\/www.avanceplasticsurgery.com\/es\/procedimientos-cosmeticos-y-de-cirugia\/cirugia-plastica-de-nariz\/tabique-desviado-septoplastia\/\" \/>\n<meta property=\"og:locale\" content=\"es_ES\" \/>\n<meta property=\"og:type\" content=\"article\" \/>\n<meta property=\"og:title\" content=\"Reno NV Cirug\u00eda de tabique desviado | Reparaci\u00f3n de septoplastia de Lake Tahoe\" \/>\n<meta property=\"og:description\" content=\"La cirug\u00eda para corregir un tabique desviado, o septoplastia, puede reparar problemas est\u00e9ticos y funcionales de la nariz, brind\u00e1ndole una vida mejor. Llame al Instituto de Cirug\u00eda Pl\u00e1stica Avance en Reno, NV, para una consulta de septoplastia con el Dr. Dayan.\" \/>\n<meta property=\"og:url\" content=\"https:\/\/www.avanceplasticsurgery.com\/es\/procedimientos-cosmeticos-y-de-cirugia\/cirugia-plastica-de-nariz\/tabique-desviado-septoplastia\/\" \/>\n<meta property=\"og:site_name\" content=\"Avance Plastic Surgery\" \/>\n<meta property=\"article:modified_time\" content=\"2022-04-25T11:02:29+00:00\" \/>\n<meta name=\"twitter:card\" content=\"summary_large_image\" \/>\n<meta name=\"twitter:label1\" content=\"Tiempo de lectura\" \/>\n\t<meta name=\"twitter:data1\" content=\"2 minutos\" \/>\n<!-- \/ Yoast SEO plugin. -->","yoast_head_json":{"title":"Reno NV Cirug\u00eda de tabique desviado | Reparaci\u00f3n de septoplastia de Lake Tahoe","description":"La cirug\u00eda para corregir un tabique desviado, o septoplastia, puede reparar problemas est\u00e9ticos y funcionales de la nariz, brind\u00e1ndole una vida mejor. Llame al Instituto de Cirug\u00eda Pl\u00e1stica Avance en Reno, NV, para una consulta de septoplastia con el Dr. Dayan.","robots":{"index":"index","follow":"follow","max-snippet":"max-snippet:-1","max-image-preview":"max-image-preview:large","max-video-preview":"max-video-preview:-1"},"canonical":"https:\/\/www.avanceplasticsurgery.com\/es\/procedimientos-cosmeticos-y-de-cirugia\/cirugia-plastica-de-nariz\/tabique-desviado-septoplastia\/","og_locale":"es_ES","og_type":"article","og_title":"Reno NV Cirug\u00eda de tabique desviado | Reparaci\u00f3n de septoplastia de Lake Tahoe","og_description":"La cirug\u00eda para corregir un tabique desviado, o septoplastia, puede reparar problemas est\u00e9ticos y funcionales de la nariz, brind\u00e1ndole una vida mejor. Llame al Instituto de Cirug\u00eda Pl\u00e1stica Avance en Reno, NV, para una consulta de septoplastia con el Dr. Dayan.","og_url":"https:\/\/www.avanceplasticsurgery.com\/es\/procedimientos-cosmeticos-y-de-cirugia\/cirugia-plastica-de-nariz\/tabique-desviado-septoplastia\/","og_site_name":"Avance Plastic Surgery","article_modified_time":"2022-04-25T11:02:29+00:00","twitter_card":"summary_large_image","twitter_misc":{"Tiempo de lectura":"2 minutos"},"schema":{"@context":"https:\/\/schema.org","@graph":[{"@type":"WebPage","@id":"https:\/\/www.avanceplasticsurgery.com\/es\/procedimientos-cosmeticos-y-de-cirugia\/cirugia-plastica-de-nariz\/tabique-desviado-septoplastia\/","url":"https:\/\/www.avanceplasticsurgery.com\/es\/procedimientos-cosmeticos-y-de-cirugia\/cirugia-plastica-de-nariz\/tabique-desviado-septoplastia\/","name":"Reno NV Cirug\u00eda de tabique desviado | Reparaci\u00f3n de septoplastia de Lake Tahoe","isPartOf":{"@id":"https:\/\/www.avanceplasticsurgery.com\/es\/#website"},"datePublished":"2020-09-16T08:17:41+00:00","dateModified":"2022-04-25T11:02:29+00:00","description":"La cirug\u00eda para corregir un tabique desviado, o septoplastia, puede reparar problemas est\u00e9ticos y funcionales de la nariz, brind\u00e1ndole una vida mejor. Llame al Instituto de Cirug\u00eda Pl\u00e1stica Avance en Reno, NV, para una consulta de septoplastia con el Dr. Dayan.","breadcrumb":{"@id":"https:\/\/www.avanceplasticsurgery.com\/es\/procedimientos-cosmeticos-y-de-cirugia\/cirugia-plastica-de-nariz\/tabique-desviado-septoplastia\/#breadcrumb"},"inLanguage":"es","potentialAction":[{"@type":"ReadAction","target":["https:\/\/www.avanceplasticsurgery.com\/es\/procedimientos-cosmeticos-y-de-cirugia\/cirugia-plastica-de-nariz\/tabique-desviado-septoplastia\/"]}]},{"@type":"BreadcrumbList","@id":"https:\/\/www.avanceplasticsurgery.com\/es\/procedimientos-cosmeticos-y-de-cirugia\/cirugia-plastica-de-nariz\/tabique-desviado-septoplastia\/#breadcrumb","itemListElement":[{"@type":"ListItem","position":1,"name":"Home","item":"https:\/\/www.avanceplasticsurgery.com\/es\/"},{"@type":"ListItem","position":2,"name":"Cosm\u00e9tica","item":"https:\/\/www.avanceplasticsurgery.com\/es\/procedimientos-cosmeticos-y-de-cirugia\/"},{"@type":"ListItem","position":3,"name":"Cirug\u00eda pl\u00e1stica de nariz","item":"https:\/\/www.avanceplasticsurgery.com\/es\/procedimientos-cosmeticos-y-de-cirugia\/cirugia-plastica-de-nariz\/"},{"@type":"ListItem","position":4,"name":"Tabique desviado\/ septoplastia"}]},{"@type":"WebSite","@id":"https:\/\/www.avanceplasticsurgery.com\/es\/#website","url":"https:\/\/www.avanceplasticsurgery.com\/es\/","name":"Avance Plastic Surgery","description":"","potentialAction":[{"@type":"SearchAction","target":{"@type":"EntryPoint","urlTemplate":"https:\/\/www.avanceplasticsurgery.com\/es\/?s={search_term_string}"},"query-input":{"@type":"PropertyValueSpecification","valueRequired":true,"valueName":"search_term_string"}}],"inLanguage":"es"}]}},"_links":{"self":[{"href":"https:\/\/www.avanceplasticsurgery.com\/es\/wp-json\/wp\/v2\/pages\/8987","targetHints":{"allow":["GET"]}}],"collection":[{"href":"https:\/\/www.avanceplasticsurgery.com\/es\/wp-json\/wp\/v2\/pages"}],"about":[{"href":"https:\/\/www.avanceplasticsurgery.com\/es\/wp-json\/wp\/v2\/types\/page"}],"author":[{"embeddable":true,"href":"https:\/\/www.avanceplasticsurgery.com\/es\/wp-json\/wp\/v2\/users\/1"}],"replies":[{"embeddable":true,"href":"https:\/\/www.avanceplasticsurgery.com\/es\/wp-json\/wp\/v2\/comments?post=8987"}],"version-history":[{"count":2,"href":"https:\/\/www.avanceplasticsurgery.com\/es\/wp-json\/wp\/v2\/pages\/8987\/revisions"}],"predecessor-version":[{"id":9168,"href":"https:\/\/www.avanceplasticsurgery.com\/es\/wp-json\/wp\/v2\/pages\/8987\/revisions\/9168"}],"up":[{"embeddable":true,"href":"https:\/\/www.avanceplasticsurgery.com\/es\/wp-json\/wp\/v2\/pages\/8984"}],"wp:attachment":[{"href":"https:\/\/www.avanceplasticsurgery.com\/es\/wp-json\/wp\/v2\/media?parent=8987"}],"curies":[{"name":"wp","href":"https:\/\/api.w.org\/{rel}","templated":true}]}}