{"id":8989,"date":"2020-09-16T08:19:13","date_gmt":"2020-09-16T08:19:13","guid":{"rendered":"https:\/\/www.avanceplasticsurgery.com\/procedimientos-cosmeticos-y-de-cirugia\/cirugia-plastica-de-nariz\/fracturas-nasales\/"},"modified":"2022-04-25T10:59:26","modified_gmt":"2022-04-25T10:59:26","slug":"fracturas-nasales","status":"publish","type":"page","link":"https:\/\/www.avanceplasticsurgery.com\/es\/procedimientos-cosmeticos-y-de-cirugia\/cirugia-plastica-de-nariz\/fracturas-nasales\/","title":{"rendered":"Fracturas Nasales"},"content":{"rendered":"<h1>Reparaci\u00f3n de fracturas nasales<\/h1>\n<p>La nariz es prominente en la cara y, debido a esto, puede ser muy susceptible a lesiones. La nariz no contiene hueso, pero est\u00e1 completamente formada por cart\u00edlago y tejido, por lo que se da\u00f1a m\u00e1s f\u00e1cilmente que otras estructuras. Cuando sufres una fractura de nariz, pueden ocurrir <a title=\"Cirujano pl\u00e1stico de nariz de Reno NV\" href=\"https:\/\/www.avanceplasticsurgery.com\/es\/cosmetic-and-surgery-procedures\/nose-plastic-surgery\/\">problemas funcionales y est\u00e9ticos<\/a> que requieran una correcci\u00f3n quir\u00fargica. El Dr. Erez Dayan realiza una cirug\u00eda de reparaci\u00f3n de fracturas nasales en el Instituto de Cirug\u00eda Pl\u00e1stica Avance en Reno\/Tahoe, NV.<\/p>\n<p>Una nariz rota puede ocurrir por varios tipos de trauma, incluidos accidentes automovil\u00edsticos, lesiones deportivas, incidentes personales o una simple ca\u00edda. El nivel de trauma que ocurra determinar\u00e1 cu\u00e1nto y qu\u00e9 tipo de reparaciones se necesitan. El Dr. Dayan realizar\u00e1 un examen minucioso de su nariz y las caracter\u00edsticas faciales circundantes, posiblemente incluyendo radiograf\u00edas u otras exploraciones para obtener una imagen completa del da\u00f1o.<\/p>\n<p>A continuaci\u00f3n, te recomendar\u00e1 las t\u00e9cnicas necesarias para la reparaci\u00f3n de fracturas nasales, explicando cada aspecto y respondiendo a tus dudas. Por supuesto, sus principales preocupaciones son completar las reparaciones tanto est\u00e9ticas como funcionales para garantizar una nariz de aspecto normal que no presente dificultad para respirar. El Dr. Dayan puede abordar ambas inquietudes en el mismo procedimiento quir\u00fargico en su consultorio de Reno\/Tahoe.<\/p>\n<h2>Cirujano pl\u00e1stico de nariz rota<\/h2>\n<p>Cuando experimenta una nariz rota o una fractura nasal y necesita un cirujano pl\u00e1stico en Reno o Lake Tahoe, Nevada, el Instituto de Cirug\u00eda Pl\u00e1stica Avance es el principal centro m\u00e9dico para ayudarlo en su procedimiento y recuperaci\u00f3n. El Dr. Dayan y su talentoso equipo de est\u00e9tica realizan rutinariamente muchas cirug\u00edas pl\u00e1sticas cada a\u00f1o, incluidas muchas rinoplastias primarias y de revisi\u00f3n, o cirug\u00edas de nariz. Si bien una gran cantidad de estas cirug\u00edas son cosm\u00e9ticas, muchas otras son para mejorar las v\u00edas respiratorias nasales o para la reconstrucci\u00f3n de un traumatismo.<\/p>\n<p>El Dr. Dayan se educ\u00f3 en la Escuela de Medicina de la Universidad de Harvard y fue elegido para una prestigiosa beca de investigaci\u00f3n en cirug\u00eda pl\u00e1stica en el Instituto de Cirug\u00eda Pl\u00e1stica de Dallas. Sus conocimientos, habilidades y t\u00e9cnicas innovadoras de cirug\u00eda pl\u00e1stica son buscados por pacientes y otros cirujanos de todo el mundo. Para que un cirujano pl\u00e1stico de primera clase realice la reparaci\u00f3n de su fractura nasal, <a title=\"P\u00f3ngase en contacto con el Instituto de Cirug\u00eda Pl\u00e1stica Avance en Reno NV\" href=\"https:\/\/www.avanceplasticsurgery.com\/es\/contact-us-dr-erez-dayan\/\">comun\u00edquese con el Instituto de Cirug\u00eda Pl\u00e1stica Avance<\/a> para una consulta con el Dr. Dayan.<\/p>\n","protected":false},"excerpt":{"rendered":"<p>Reparaci\u00f3n de fracturas nasales La nariz es prominente en la cara y, debido a esto, puede ser muy susceptible&hellip;<\/p>\n","protected":false},"author":1,"featured_media":0,"parent":8984,"menu_order":0,"comment_status":"closed","ping_status":"closed","template":"","meta":{"_acf_changed":false,"footnotes":""},"class_list":["post-8989","page","type-page","status-publish"],"acf":[],"yoast_head":"<!-- This site is optimized with the Yoast SEO plugin v25.6 - https:\/\/yoast.com\/wordpress\/plugins\/seo\/ -->\n<title>Reparaci\u00f3n de fracturas nasales en Reno NV | Cirujano pl\u00e1stico de nariz rota en Lake Tahoe<\/title>\n<meta name=\"description\" content=\"La reparaci\u00f3n de fracturas nasales que aborda problemas est\u00e9ticos y funcionales est\u00e1 disponible para los residentes de Reno y Lake Tahoe en el Instituto de Cirug\u00eda Pl\u00e1stica Avance. El Dr. Erez Dayan realiza una cirug\u00eda de nariz rota para corregir una variedad de problemas de trauma.\" \/>\n<meta name=\"robots\" content=\"index, follow, max-snippet:-1, max-image-preview:large, max-video-preview:-1\" \/>\n<link rel=\"canonical\" href=\"https:\/\/www.avanceplasticsurgery.com\/es\/procedimientos-cosmeticos-y-de-cirugia\/cirugia-plastica-de-nariz\/fracturas-nasales\/\" \/>\n<meta property=\"og:locale\" content=\"es_ES\" \/>\n<meta property=\"og:type\" content=\"article\" \/>\n<meta property=\"og:title\" content=\"Reparaci\u00f3n de fracturas nasales en Reno NV | Cirujano pl\u00e1stico de nariz rota en Lake Tahoe\" \/>\n<meta property=\"og:description\" content=\"La reparaci\u00f3n de fracturas nasales que aborda problemas est\u00e9ticos y funcionales est\u00e1 disponible para los residentes de Reno y Lake Tahoe en el Instituto de Cirug\u00eda Pl\u00e1stica Avance. El Dr. Erez Dayan realiza una cirug\u00eda de nariz rota para corregir una variedad de problemas de trauma.\" \/>\n<meta property=\"og:url\" content=\"https:\/\/www.avanceplasticsurgery.com\/es\/procedimientos-cosmeticos-y-de-cirugia\/cirugia-plastica-de-nariz\/fracturas-nasales\/\" \/>\n<meta property=\"og:site_name\" content=\"Avance Plastic Surgery\" \/>\n<meta property=\"article:modified_time\" content=\"2022-04-25T10:59:26+00:00\" \/>\n<meta name=\"twitter:card\" content=\"summary_large_image\" \/>\n<meta name=\"twitter:label1\" content=\"Tiempo de lectura\" \/>\n\t<meta name=\"twitter:data1\" content=\"2 minutos\" \/>\n<!-- \/ Yoast SEO plugin. -->","yoast_head_json":{"title":"Reparaci\u00f3n de fracturas nasales en Reno NV | Cirujano pl\u00e1stico de nariz rota en Lake Tahoe","description":"La reparaci\u00f3n de fracturas nasales que aborda problemas est\u00e9ticos y funcionales est\u00e1 disponible para los residentes de Reno y Lake Tahoe en el Instituto de Cirug\u00eda Pl\u00e1stica Avance. El Dr. Erez Dayan realiza una cirug\u00eda de nariz rota para corregir una variedad de problemas de trauma.","robots":{"index":"index","follow":"follow","max-snippet":"max-snippet:-1","max-image-preview":"max-image-preview:large","max-video-preview":"max-video-preview:-1"},"canonical":"https:\/\/www.avanceplasticsurgery.com\/es\/procedimientos-cosmeticos-y-de-cirugia\/cirugia-plastica-de-nariz\/fracturas-nasales\/","og_locale":"es_ES","og_type":"article","og_title":"Reparaci\u00f3n de fracturas nasales en Reno NV | Cirujano pl\u00e1stico de nariz rota en Lake Tahoe","og_description":"La reparaci\u00f3n de fracturas nasales que aborda problemas est\u00e9ticos y funcionales est\u00e1 disponible para los residentes de Reno y Lake Tahoe en el Instituto de Cirug\u00eda Pl\u00e1stica Avance. El Dr. Erez Dayan realiza una cirug\u00eda de nariz rota para corregir una variedad de problemas de trauma.","og_url":"https:\/\/www.avanceplasticsurgery.com\/es\/procedimientos-cosmeticos-y-de-cirugia\/cirugia-plastica-de-nariz\/fracturas-nasales\/","og_site_name":"Avance Plastic Surgery","article_modified_time":"2022-04-25T10:59:26+00:00","twitter_card":"summary_large_image","twitter_misc":{"Tiempo de lectura":"2 minutos"},"schema":{"@context":"https:\/\/schema.org","@graph":[{"@type":"WebPage","@id":"https:\/\/www.avanceplasticsurgery.com\/es\/procedimientos-cosmeticos-y-de-cirugia\/cirugia-plastica-de-nariz\/fracturas-nasales\/","url":"https:\/\/www.avanceplasticsurgery.com\/es\/procedimientos-cosmeticos-y-de-cirugia\/cirugia-plastica-de-nariz\/fracturas-nasales\/","name":"Reparaci\u00f3n de fracturas nasales en Reno NV | Cirujano pl\u00e1stico de nariz rota en Lake Tahoe","isPartOf":{"@id":"https:\/\/www.avanceplasticsurgery.com\/es\/#website"},"datePublished":"2020-09-16T08:19:13+00:00","dateModified":"2022-04-25T10:59:26+00:00","description":"La reparaci\u00f3n de fracturas nasales que aborda problemas est\u00e9ticos y funcionales est\u00e1 disponible para los residentes de Reno y Lake Tahoe en el Instituto de Cirug\u00eda Pl\u00e1stica Avance. El Dr. Erez Dayan realiza una cirug\u00eda de nariz rota para corregir una variedad de problemas de trauma.","breadcrumb":{"@id":"https:\/\/www.avanceplasticsurgery.com\/es\/procedimientos-cosmeticos-y-de-cirugia\/cirugia-plastica-de-nariz\/fracturas-nasales\/#breadcrumb"},"inLanguage":"es","potentialAction":[{"@type":"ReadAction","target":["https:\/\/www.avanceplasticsurgery.com\/es\/procedimientos-cosmeticos-y-de-cirugia\/cirugia-plastica-de-nariz\/fracturas-nasales\/"]}]},{"@type":"BreadcrumbList","@id":"https:\/\/www.avanceplasticsurgery.com\/es\/procedimientos-cosmeticos-y-de-cirugia\/cirugia-plastica-de-nariz\/fracturas-nasales\/#breadcrumb","itemListElement":[{"@type":"ListItem","position":1,"name":"Home","item":"https:\/\/www.avanceplasticsurgery.com\/es\/"},{"@type":"ListItem","position":2,"name":"Cosm\u00e9tica","item":"https:\/\/www.avanceplasticsurgery.com\/es\/procedimientos-cosmeticos-y-de-cirugia\/"},{"@type":"ListItem","position":3,"name":"Cirug\u00eda pl\u00e1stica de nariz","item":"https:\/\/www.avanceplasticsurgery.com\/es\/procedimientos-cosmeticos-y-de-cirugia\/cirugia-plastica-de-nariz\/"},{"@type":"ListItem","position":4,"name":"Fracturas Nasales"}]},{"@type":"WebSite","@id":"https:\/\/www.avanceplasticsurgery.com\/es\/#website","url":"https:\/\/www.avanceplasticsurgery.com\/es\/","name":"Avance Plastic Surgery","description":"","potentialAction":[{"@type":"SearchAction","target":{"@type":"EntryPoint","urlTemplate":"https:\/\/www.avanceplasticsurgery.com\/es\/?s={search_term_string}"},"query-input":{"@type":"PropertyValueSpecification","valueRequired":true,"valueName":"search_term_string"}}],"inLanguage":"es"}]}},"_links":{"self":[{"href":"https:\/\/www.avanceplasticsurgery.com\/es\/wp-json\/wp\/v2\/pages\/8989","targetHints":{"allow":["GET"]}}],"collection":[{"href":"https:\/\/www.avanceplasticsurgery.com\/es\/wp-json\/wp\/v2\/pages"}],"about":[{"href":"https:\/\/www.avanceplasticsurgery.com\/es\/wp-json\/wp\/v2\/types\/page"}],"author":[{"embeddable":true,"href":"https:\/\/www.avanceplasticsurgery.com\/es\/wp-json\/wp\/v2\/users\/1"}],"replies":[{"embeddable":true,"href":"https:\/\/www.avanceplasticsurgery.com\/es\/wp-json\/wp\/v2\/comments?post=8989"}],"version-history":[{"count":1,"href":"https:\/\/www.avanceplasticsurgery.com\/es\/wp-json\/wp\/v2\/pages\/8989\/revisions"}],"predecessor-version":[{"id":9159,"href":"https:\/\/www.avanceplasticsurgery.com\/es\/wp-json\/wp\/v2\/pages\/8989\/revisions\/9159"}],"up":[{"embeddable":true,"href":"https:\/\/www.avanceplasticsurgery.com\/es\/wp-json\/wp\/v2\/pages\/8984"}],"wp:attachment":[{"href":"https:\/\/www.avanceplasticsurgery.com\/es\/wp-json\/wp\/v2\/media?parent=8989"}],"curies":[{"name":"wp","href":"https:\/\/api.w.org\/{rel}","templated":true}]}}