{"id":8990,"date":"2020-09-16T08:20:46","date_gmt":"2020-09-16T08:20:46","guid":{"rendered":"https:\/\/www.avanceplasticsurgery.com\/procedimientos-cosmeticos-y-de-cirugia\/cirugia-plastica-de-nariz\/reparacion-de-valvulas-nasales\/"},"modified":"2022-04-25T10:59:57","modified_gmt":"2022-04-25T10:59:57","slug":"reparacion-de-valvulas-nasales","status":"publish","type":"page","link":"https:\/\/www.avanceplasticsurgery.com\/es\/procedimientos-cosmeticos-y-de-cirugia\/cirugia-plastica-de-nariz\/reparacion-de-valvulas-nasales\/","title":{"rendered":"Reparaci\u00f3n de v\u00e1lvulas nasales"},"content":{"rendered":"<h1>Cirug\u00eda de reparaci\u00f3n de v\u00e1lvula nasal<\/h1>\n<p>Las deficiencias en las v\u00e1lvulas nasales pueden tener consecuencias de largo alcance, lo que <a title=\"Cirujano pl\u00e1stico de nariz de Reno NV\" href=\"https:\/\/www.avanceplasticsurgery.com\/es\/cosmetic-and-surgery-procedures\/nose-plastic-surgery\/\">genera problemas est\u00e9ticos y funcionales<\/a> . Si bien muchas veces, la cirug\u00eda de reparaci\u00f3n de la v\u00e1lvula nasal es necesaria debido a un trauma, como por accidentes o deportes, otras veces un defecto de nacimiento o una cirug\u00eda de rinoplastia fallida pueden dejar obstrucciones que afectan la funci\u00f3n nasal clara. El Dr. Erez Dayan realiza una cirug\u00eda de reparaci\u00f3n de v\u00e1lvulas nasales en Avance Plastic Surgery en Reno\/Tahoe, NV.<\/p>\n<p>Algunos pacientes lidian con problemas recurrentes debido a una v\u00e1lvula nasal colapsada o parcialmente colapsada y no conocen la causa ra\u00edz. Problemas como dolores de cabeza recurrentes, congesti\u00f3n persistente, presi\u00f3n en los senos paranasales, ronquidos y apnea del sue\u00f1o pueden ser signos de un problema con las v\u00e1lvulas nasales. En muchos casos, el problema lo descubre un otorrinolaring\u00f3logo y el paciente es derivado al Dr. Dayan para una cirug\u00eda de reparaci\u00f3n de la v\u00e1lvula nasal.<\/p>\n<p>En algunos casos, las v\u00e1lvulas nasales finalmente colapsan por completo y la nariz incurre en una gran depresi\u00f3n en el puente o hacia un lado. El Dr. Dayan puede usar diferentes t\u00e9cnicas durante la cirug\u00eda de reparaci\u00f3n de v\u00e1lvulas nasales para abrir y estabilizar las v\u00e1lvulas nasales mientras remodela y fortalece la estructura de la nariz para una apariencia natural.<\/p>\n<h2>Apertura de fosas nasales colapsadas en Reno<\/h2>\n<p>La apertura de fosas nasales colapsadas en Reno es solo un tipo de rinoplastia, o cirug\u00eda de cirug\u00eda de nariz, que el Dr. Dayan realiza para pacientes locales y para pacientes que viajan a nuestro centro desde todo Estados Unidos. A menudo, los pacientes que necesitan una rinoplastia de revisi\u00f3n o una reconstrucci\u00f3n completa de la nariz tambi\u00e9n necesitar\u00e1n trabajo para abrir las fosas nasales colapsadas.<\/p>\n<p>El Dr. Dayan realiza una rinoplastia para abrir las fosas nasales colapsadas en su consultorio m\u00e9dico de Reno\/Tahoe en el Avance Plastic Surgery Institute. La cirug\u00eda normalmente dura alrededor de una hora y los pacientes regresan a casa el mismo d\u00eda. Es de esperar algo de hinchaz\u00f3n y malestar, pero el Dr. Dayan le recetar\u00e1 medicamentos para el dolor y otras instrucciones de cuidado posterior para ayudarlo a recuperarse c\u00f3modamente.<\/p>\n<p>El tiempo promedio de recuperaci\u00f3n de la cirug\u00eda de reparaci\u00f3n de v\u00e1lvulas nasales es de 7 a 10 d\u00edas; posiblemente m\u00e1s tiempo si se requirieran otros procedimientos de rinoplastia. Espere al menos una semana para que desaparezcan la hinchaz\u00f3n y el dolor, y los pacientes deben evitar cualquier actividad extenuante durante al menos dos semanas. Es posible que haya f\u00e9rulas colocadas que deban retirarse despu\u00e9s de 5 a 6 d\u00edas. El Dr. Dayan siempre har\u00e1 un seguimiento para garantizar que su recuperaci\u00f3n se desarrolle sin problemas.<\/p>\n<p>Si experimenta problemas respiratorios, congesti\u00f3n persistente o ve cambios en la est\u00e9tica de su nariz, es posible que est\u00e9 experimentando un colapso de la v\u00e1lvula nasal. <a title=\"P\u00f3ngase en contacto con el Instituto de Cirug\u00eda Pl\u00e1stica Avance en Reno NV\" href=\"https:\/\/www.avanceplasticsurgery.com\/es\/contact-us-dr-erez-dayan\/\">P\u00f3ngase en contacto con el Instituto de Cirug\u00eda Pl\u00e1stica Avance<\/a> para una consulta de cirug\u00eda de reparaci\u00f3n de v\u00e1lvula nasal con el Dr. Erez Dayan.<\/p>\n","protected":false},"excerpt":{"rendered":"<p>Cirug\u00eda de reparaci\u00f3n de v\u00e1lvula nasal Las deficiencias en las v\u00e1lvulas nasales pueden tener consecuencias de largo alcance, lo&hellip;<\/p>\n","protected":false},"author":1,"featured_media":0,"parent":8984,"menu_order":0,"comment_status":"closed","ping_status":"closed","template":"","meta":{"_acf_changed":false,"footnotes":""},"class_list":["post-8990","page","type-page","status-publish"],"acf":[],"yoast_head":"<!-- This site is optimized with the Yoast SEO plugin v25.6 - https:\/\/yoast.com\/wordpress\/plugins\/seo\/ -->\n<title>Reno NV Cirug\u00eda de reparaci\u00f3n de v\u00e1lvula nasal | Lago Tahoe Abierto Colapsado Nasal<\/title>\n<meta name=\"description\" content=\"La cirug\u00eda de reparaci\u00f3n de v\u00e1lvula nasal para corregir traumatismos, defectos o una rinoplastia fallida est\u00e1 disponible con el Dr. Erez Dayan en Reno, NV. Llame al Instituto de Cirug\u00eda Pl\u00e1stica Avance para programar su consulta de cirug\u00eda de reparaci\u00f3n de v\u00e1lvula nasal con el Dr. Dayan.\" \/>\n<meta name=\"robots\" content=\"index, follow, max-snippet:-1, max-image-preview:large, max-video-preview:-1\" \/>\n<link rel=\"canonical\" href=\"https:\/\/www.avanceplasticsurgery.com\/es\/procedimientos-cosmeticos-y-de-cirugia\/cirugia-plastica-de-nariz\/reparacion-de-valvulas-nasales\/\" \/>\n<meta property=\"og:locale\" content=\"es_ES\" \/>\n<meta property=\"og:type\" content=\"article\" \/>\n<meta property=\"og:title\" content=\"Reno NV Cirug\u00eda de reparaci\u00f3n de v\u00e1lvula nasal | Lago Tahoe Abierto Colapsado Nasal\" \/>\n<meta property=\"og:description\" content=\"La cirug\u00eda de reparaci\u00f3n de v\u00e1lvula nasal para corregir traumatismos, defectos o una rinoplastia fallida est\u00e1 disponible con el Dr. Erez Dayan en Reno, NV. Llame al Instituto de Cirug\u00eda Pl\u00e1stica Avance para programar su consulta de cirug\u00eda de reparaci\u00f3n de v\u00e1lvula nasal con el Dr. Dayan.\" \/>\n<meta property=\"og:url\" content=\"https:\/\/www.avanceplasticsurgery.com\/es\/procedimientos-cosmeticos-y-de-cirugia\/cirugia-plastica-de-nariz\/reparacion-de-valvulas-nasales\/\" \/>\n<meta property=\"og:site_name\" content=\"Avance Plastic Surgery\" \/>\n<meta property=\"article:modified_time\" content=\"2022-04-25T10:59:57+00:00\" \/>\n<meta name=\"twitter:card\" content=\"summary_large_image\" \/>\n<meta name=\"twitter:label1\" content=\"Tiempo de lectura\" \/>\n\t<meta name=\"twitter:data1\" content=\"3 minutos\" \/>\n<!-- \/ Yoast SEO plugin. -->","yoast_head_json":{"title":"Reno NV Cirug\u00eda de reparaci\u00f3n de v\u00e1lvula nasal | Lago Tahoe Abierto Colapsado Nasal","description":"La cirug\u00eda de reparaci\u00f3n de v\u00e1lvula nasal para corregir traumatismos, defectos o una rinoplastia fallida est\u00e1 disponible con el Dr. Erez Dayan en Reno, NV. Llame al Instituto de Cirug\u00eda Pl\u00e1stica Avance para programar su consulta de cirug\u00eda de reparaci\u00f3n de v\u00e1lvula nasal con el Dr. Dayan.","robots":{"index":"index","follow":"follow","max-snippet":"max-snippet:-1","max-image-preview":"max-image-preview:large","max-video-preview":"max-video-preview:-1"},"canonical":"https:\/\/www.avanceplasticsurgery.com\/es\/procedimientos-cosmeticos-y-de-cirugia\/cirugia-plastica-de-nariz\/reparacion-de-valvulas-nasales\/","og_locale":"es_ES","og_type":"article","og_title":"Reno NV Cirug\u00eda de reparaci\u00f3n de v\u00e1lvula nasal | Lago Tahoe Abierto Colapsado Nasal","og_description":"La cirug\u00eda de reparaci\u00f3n de v\u00e1lvula nasal para corregir traumatismos, defectos o una rinoplastia fallida est\u00e1 disponible con el Dr. Erez Dayan en Reno, NV. Llame al Instituto de Cirug\u00eda Pl\u00e1stica Avance para programar su consulta de cirug\u00eda de reparaci\u00f3n de v\u00e1lvula nasal con el Dr. Dayan.","og_url":"https:\/\/www.avanceplasticsurgery.com\/es\/procedimientos-cosmeticos-y-de-cirugia\/cirugia-plastica-de-nariz\/reparacion-de-valvulas-nasales\/","og_site_name":"Avance Plastic Surgery","article_modified_time":"2022-04-25T10:59:57+00:00","twitter_card":"summary_large_image","twitter_misc":{"Tiempo de lectura":"3 minutos"},"schema":{"@context":"https:\/\/schema.org","@graph":[{"@type":"WebPage","@id":"https:\/\/www.avanceplasticsurgery.com\/es\/procedimientos-cosmeticos-y-de-cirugia\/cirugia-plastica-de-nariz\/reparacion-de-valvulas-nasales\/","url":"https:\/\/www.avanceplasticsurgery.com\/es\/procedimientos-cosmeticos-y-de-cirugia\/cirugia-plastica-de-nariz\/reparacion-de-valvulas-nasales\/","name":"Reno NV Cirug\u00eda de reparaci\u00f3n de v\u00e1lvula nasal | Lago Tahoe Abierto Colapsado Nasal","isPartOf":{"@id":"https:\/\/www.avanceplasticsurgery.com\/es\/#website"},"datePublished":"2020-09-16T08:20:46+00:00","dateModified":"2022-04-25T10:59:57+00:00","description":"La cirug\u00eda de reparaci\u00f3n de v\u00e1lvula nasal para corregir traumatismos, defectos o una rinoplastia fallida est\u00e1 disponible con el Dr. Erez Dayan en Reno, NV. Llame al Instituto de Cirug\u00eda Pl\u00e1stica Avance para programar su consulta de cirug\u00eda de reparaci\u00f3n de v\u00e1lvula nasal con el Dr. Dayan.","breadcrumb":{"@id":"https:\/\/www.avanceplasticsurgery.com\/es\/procedimientos-cosmeticos-y-de-cirugia\/cirugia-plastica-de-nariz\/reparacion-de-valvulas-nasales\/#breadcrumb"},"inLanguage":"es","potentialAction":[{"@type":"ReadAction","target":["https:\/\/www.avanceplasticsurgery.com\/es\/procedimientos-cosmeticos-y-de-cirugia\/cirugia-plastica-de-nariz\/reparacion-de-valvulas-nasales\/"]}]},{"@type":"BreadcrumbList","@id":"https:\/\/www.avanceplasticsurgery.com\/es\/procedimientos-cosmeticos-y-de-cirugia\/cirugia-plastica-de-nariz\/reparacion-de-valvulas-nasales\/#breadcrumb","itemListElement":[{"@type":"ListItem","position":1,"name":"Home","item":"https:\/\/www.avanceplasticsurgery.com\/es\/"},{"@type":"ListItem","position":2,"name":"Cosm\u00e9tica","item":"https:\/\/www.avanceplasticsurgery.com\/es\/procedimientos-cosmeticos-y-de-cirugia\/"},{"@type":"ListItem","position":3,"name":"Cirug\u00eda pl\u00e1stica de nariz","item":"https:\/\/www.avanceplasticsurgery.com\/es\/procedimientos-cosmeticos-y-de-cirugia\/cirugia-plastica-de-nariz\/"},{"@type":"ListItem","position":4,"name":"Reparaci\u00f3n de v\u00e1lvulas nasales"}]},{"@type":"WebSite","@id":"https:\/\/www.avanceplasticsurgery.com\/es\/#website","url":"https:\/\/www.avanceplasticsurgery.com\/es\/","name":"Avance Plastic Surgery","description":"","potentialAction":[{"@type":"SearchAction","target":{"@type":"EntryPoint","urlTemplate":"https:\/\/www.avanceplasticsurgery.com\/es\/?s={search_term_string}"},"query-input":{"@type":"PropertyValueSpecification","valueRequired":true,"valueName":"search_term_string"}}],"inLanguage":"es"}]}},"_links":{"self":[{"href":"https:\/\/www.avanceplasticsurgery.com\/es\/wp-json\/wp\/v2\/pages\/8990","targetHints":{"allow":["GET"]}}],"collection":[{"href":"https:\/\/www.avanceplasticsurgery.com\/es\/wp-json\/wp\/v2\/pages"}],"about":[{"href":"https:\/\/www.avanceplasticsurgery.com\/es\/wp-json\/wp\/v2\/types\/page"}],"author":[{"embeddable":true,"href":"https:\/\/www.avanceplasticsurgery.com\/es\/wp-json\/wp\/v2\/users\/1"}],"replies":[{"embeddable":true,"href":"https:\/\/www.avanceplasticsurgery.com\/es\/wp-json\/wp\/v2\/comments?post=8990"}],"version-history":[{"count":1,"href":"https:\/\/www.avanceplasticsurgery.com\/es\/wp-json\/wp\/v2\/pages\/8990\/revisions"}],"predecessor-version":[{"id":9161,"href":"https:\/\/www.avanceplasticsurgery.com\/es\/wp-json\/wp\/v2\/pages\/8990\/revisions\/9161"}],"up":[{"embeddable":true,"href":"https:\/\/www.avanceplasticsurgery.com\/es\/wp-json\/wp\/v2\/pages\/8984"}],"wp:attachment":[{"href":"https:\/\/www.avanceplasticsurgery.com\/es\/wp-json\/wp\/v2\/media?parent=8990"}],"curies":[{"name":"wp","href":"https:\/\/api.w.org\/{rel}","templated":true}]}}