{"id":8991,"date":"2020-09-16T08:22:17","date_gmt":"2020-09-16T08:22:17","guid":{"rendered":"https:\/\/www.avanceplasticsurgery.com\/procedimientos-cosmeticos-y-de-cirugia\/cirugia-plastica-de-nariz\/tratamiento-de-rinofima\/"},"modified":"2022-04-25T11:07:04","modified_gmt":"2022-04-25T11:07:04","slug":"tratamiento-de-rinofima","status":"publish","type":"page","link":"https:\/\/www.avanceplasticsurgery.com\/es\/procedimientos-cosmeticos-y-de-cirugia\/cirugia-plastica-de-nariz\/tratamiento-de-rinofima\/","title":{"rendered":"Tratamiento de rinofima"},"content":{"rendered":"<h1>Tratamiento de rinofima<\/h1>\n<p>La rinofima es cuando se forman crecimientos de piel escamosa y en parches en el cuerpo, generalmente en la nariz y las mejillas. El \u00e1rea se vuelve roja, protuberante y llena de baches, y generalmente empeora con el tiempo. Una vez llamada \u00abnariz de bebedor\u00bb porque se pensaba que era un s\u00edntoma de alcoholismo, la condici\u00f3n est\u00e1 asociada con la ros\u00e1cea, aunque las personas sin ros\u00e1cea pueden desarrollar rinofima.<\/p>\n<p>El tratamiento de rinofima del Dr. Dayan consiste en una <a title=\"Cirujano pl\u00e1stico de nariz de Reno NV\" href=\"https:\/\/www.avanceplasticsurgery.com\/es\/cosmetic-and-surgery-procedures\/nose-plastic-surgery\/\">cirug\u00eda de nariz<\/a> para cortar las lesiones escamosas mientras el paciente est\u00e1 bajo anestesia local o general. El tratamiento dura entre media hora y una hora, despu\u00e9s de lo cual el paciente puede regresar a casa. A menudo son necesarios m\u00faltiples tratamientos, permitiendo alrededor de una semana entre sesiones para la curaci\u00f3n.<\/p>\n<p>El Dr. Dayan realiza un tratamiento de rinofima en su oficina en el Instituto de Cirug\u00eda Pl\u00e1stica Avance en Reno\/Tahoe, NV. Los casos avanzados de rinofima pueden requerir un tratamiento quir\u00fargico m\u00e1s extenso. A veces, el rinofima puede reaparecer despu\u00e9s del tratamiento o la cirug\u00eda. El Dr. Dayan examinar\u00e1 su caso y har\u00e1 las recomendaciones adecuadas para el tratamiento durante una consulta en su oficina.<\/p>\n<h2>\u00bfQu\u00e9 causa el rinofima?<\/h2>\n<p>La rinofima es una afecci\u00f3n de la piel que se produce cuando un vaso sangu\u00edneo se vuelve inestable y filtra sangre a las arterias y tejidos circundantes. Algunos expertos creen que esto se debe a un problema con la prote\u00edna en las paredes de los vasos sangu\u00edneos. La fuga causa inflamaci\u00f3n alrededor de las arterias, lo que provoca la formaci\u00f3n de tejido cicatricial. Este tejido cicatricial obstruye las gl\u00e1ndulas seb\u00e1ceas y los fol\u00edculos pilosos de la piel, lo que provoca un crecimiento de tejido excesivo y de forma extra\u00f1a en la piel exterior.<\/p>\n<p>Esta condici\u00f3n se encuentra especialmente en la nariz, aunque puede ocurrir en cualquier parte del cuerpo. El Dr. Dayan realiza tratamiento y cirug\u00eda de rinofima en el Instituto de Cirug\u00eda Pl\u00e1stica Avance en Reno\/Tahoe, NV. Cuando esta condici\u00f3n problem\u00e1tica comience a aparecer, <a title=\"P\u00f3ngase en contacto con el Instituto de Cirug\u00eda Pl\u00e1stica Avance en Reno NV\" href=\"https:\/\/www.avanceplasticsurgery.com\/es\/contact-us-dr-erez-dayan\/\">cont\u00e1ctenos<\/a> para una consulta con el Dr. Dayan. La rinofima se trata mejor lo antes posible para obtener los mejores resultados.<\/p>\n","protected":false},"excerpt":{"rendered":"<p>Tratamiento de rinofima La rinofima es cuando se forman crecimientos de piel escamosa y en parches en el cuerpo,&hellip;<\/p>\n","protected":false},"author":1,"featured_media":0,"parent":8984,"menu_order":0,"comment_status":"closed","ping_status":"closed","template":"","meta":{"_acf_changed":false,"footnotes":""},"class_list":["post-8991","page","type-page","status-publish"],"acf":[],"yoast_head":"<!-- This site is optimized with the Yoast SEO plugin v27.4 - https:\/\/yoast.com\/product\/yoast-seo-wordpress\/ -->\n<title>Tratamiento de rinofima de Reno NV | Causas del rinofima del lago Tahoe<\/title>\n<meta name=\"description\" content=\"El tratamiento de rinofima para los residentes de Reno y Lake Tahoe est\u00e1 disponible con el Dr. Erez Dayan en Avance Plastic Surgery Institute. El diagn\u00f3stico y el tratamiento tempranos obtendr\u00e1n los mejores resultados, as\u00ed que solicite su cita de consulta de rinofima hoy.\" \/>\n<meta name=\"robots\" content=\"index, follow, max-snippet:-1, max-image-preview:large, max-video-preview:-1\" \/>\n<link rel=\"canonical\" href=\"https:\/\/www.avanceplasticsurgery.com\/es\/procedimientos-cosmeticos-y-de-cirugia\/cirugia-plastica-de-nariz\/tratamiento-de-rinofima\/\" \/>\n<meta property=\"og:locale\" content=\"es_ES\" \/>\n<meta property=\"og:type\" content=\"article\" \/>\n<meta property=\"og:title\" content=\"Tratamiento de rinofima de Reno NV | Causas del rinofima del lago Tahoe\" \/>\n<meta property=\"og:description\" content=\"El tratamiento de rinofima para los residentes de Reno y Lake Tahoe est\u00e1 disponible con el Dr. Erez Dayan en Avance Plastic Surgery Institute. El diagn\u00f3stico y el tratamiento tempranos obtendr\u00e1n los mejores resultados, as\u00ed que solicite su cita de consulta de rinofima hoy.\" \/>\n<meta property=\"og:url\" content=\"https:\/\/www.avanceplasticsurgery.com\/es\/procedimientos-cosmeticos-y-de-cirugia\/cirugia-plastica-de-nariz\/tratamiento-de-rinofima\/\" \/>\n<meta property=\"og:site_name\" content=\"Avance Plastic Surgery\" \/>\n<meta property=\"article:modified_time\" content=\"2022-04-25T11:07:04+00:00\" \/>\n<meta name=\"twitter:card\" content=\"summary_large_image\" \/>\n<meta name=\"twitter:label1\" content=\"Tiempo de lectura\" \/>\n\t<meta name=\"twitter:data1\" content=\"2 minutos\" \/>\n<!-- \/ Yoast SEO plugin. -->","yoast_head_json":{"title":"Tratamiento de rinofima de Reno NV | Causas del rinofima del lago Tahoe","description":"El tratamiento de rinofima para los residentes de Reno y Lake Tahoe est\u00e1 disponible con el Dr. Erez Dayan en Avance Plastic Surgery Institute. El diagn\u00f3stico y el tratamiento tempranos obtendr\u00e1n los mejores resultados, as\u00ed que solicite su cita de consulta de rinofima hoy.","robots":{"index":"index","follow":"follow","max-snippet":"max-snippet:-1","max-image-preview":"max-image-preview:large","max-video-preview":"max-video-preview:-1"},"canonical":"https:\/\/www.avanceplasticsurgery.com\/es\/procedimientos-cosmeticos-y-de-cirugia\/cirugia-plastica-de-nariz\/tratamiento-de-rinofima\/","og_locale":"es_ES","og_type":"article","og_title":"Tratamiento de rinofima de Reno NV | Causas del rinofima del lago Tahoe","og_description":"El tratamiento de rinofima para los residentes de Reno y Lake Tahoe est\u00e1 disponible con el Dr. Erez Dayan en Avance Plastic Surgery Institute. El diagn\u00f3stico y el tratamiento tempranos obtendr\u00e1n los mejores resultados, as\u00ed que solicite su cita de consulta de rinofima hoy.","og_url":"https:\/\/www.avanceplasticsurgery.com\/es\/procedimientos-cosmeticos-y-de-cirugia\/cirugia-plastica-de-nariz\/tratamiento-de-rinofima\/","og_site_name":"Avance Plastic Surgery","article_modified_time":"2022-04-25T11:07:04+00:00","twitter_card":"summary_large_image","twitter_misc":{"Tiempo de lectura":"2 minutos"},"schema":{"@context":"https:\/\/schema.org","@graph":[{"@type":"WebPage","@id":"https:\/\/www.avanceplasticsurgery.com\/es\/procedimientos-cosmeticos-y-de-cirugia\/cirugia-plastica-de-nariz\/tratamiento-de-rinofima\/","url":"https:\/\/www.avanceplasticsurgery.com\/es\/procedimientos-cosmeticos-y-de-cirugia\/cirugia-plastica-de-nariz\/tratamiento-de-rinofima\/","name":"Tratamiento de rinofima de Reno NV | Causas del rinofima del lago Tahoe","isPartOf":{"@id":"https:\/\/www.avanceplasticsurgery.com\/es\/#website"},"datePublished":"2020-09-16T08:22:17+00:00","dateModified":"2022-04-25T11:07:04+00:00","description":"El tratamiento de rinofima para los residentes de Reno y Lake Tahoe est\u00e1 disponible con el Dr. Erez Dayan en Avance Plastic Surgery Institute. El diagn\u00f3stico y el tratamiento tempranos obtendr\u00e1n los mejores resultados, as\u00ed que solicite su cita de consulta de rinofima hoy.","breadcrumb":{"@id":"https:\/\/www.avanceplasticsurgery.com\/es\/procedimientos-cosmeticos-y-de-cirugia\/cirugia-plastica-de-nariz\/tratamiento-de-rinofima\/#breadcrumb"},"inLanguage":"es","potentialAction":[{"@type":"ReadAction","target":["https:\/\/www.avanceplasticsurgery.com\/es\/procedimientos-cosmeticos-y-de-cirugia\/cirugia-plastica-de-nariz\/tratamiento-de-rinofima\/"]}]},{"@type":"BreadcrumbList","@id":"https:\/\/www.avanceplasticsurgery.com\/es\/procedimientos-cosmeticos-y-de-cirugia\/cirugia-plastica-de-nariz\/tratamiento-de-rinofima\/#breadcrumb","itemListElement":[{"@type":"ListItem","position":1,"name":"Home","item":"https:\/\/www.avanceplasticsurgery.com\/es\/"},{"@type":"ListItem","position":2,"name":"Cosm\u00e9tica","item":"https:\/\/www.avanceplasticsurgery.com\/es\/procedimientos-cosmeticos-y-de-cirugia\/"},{"@type":"ListItem","position":3,"name":"Cirug\u00eda pl\u00e1stica de nariz","item":"https:\/\/www.avanceplasticsurgery.com\/es\/procedimientos-cosmeticos-y-de-cirugia\/cirugia-plastica-de-nariz\/"},{"@type":"ListItem","position":4,"name":"Tratamiento de rinofima"}]},{"@type":"WebSite","@id":"https:\/\/www.avanceplasticsurgery.com\/es\/#website","url":"https:\/\/www.avanceplasticsurgery.com\/es\/","name":"Avance Plastic Surgery","description":"","potentialAction":[{"@type":"SearchAction","target":{"@type":"EntryPoint","urlTemplate":"https:\/\/www.avanceplasticsurgery.com\/es\/?s={search_term_string}"},"query-input":{"@type":"PropertyValueSpecification","valueRequired":true,"valueName":"search_term_string"}}],"inLanguage":"es"}]}},"_links":{"self":[{"href":"https:\/\/www.avanceplasticsurgery.com\/es\/wp-json\/wp\/v2\/pages\/8991","targetHints":{"allow":["GET"]}}],"collection":[{"href":"https:\/\/www.avanceplasticsurgery.com\/es\/wp-json\/wp\/v2\/pages"}],"about":[{"href":"https:\/\/www.avanceplasticsurgery.com\/es\/wp-json\/wp\/v2\/types\/page"}],"author":[{"embeddable":true,"href":"https:\/\/www.avanceplasticsurgery.com\/es\/wp-json\/wp\/v2\/users\/1"}],"replies":[{"embeddable":true,"href":"https:\/\/www.avanceplasticsurgery.com\/es\/wp-json\/wp\/v2\/comments?post=8991"}],"version-history":[{"count":1,"href":"https:\/\/www.avanceplasticsurgery.com\/es\/wp-json\/wp\/v2\/pages\/8991\/revisions"}],"predecessor-version":[{"id":9169,"href":"https:\/\/www.avanceplasticsurgery.com\/es\/wp-json\/wp\/v2\/pages\/8991\/revisions\/9169"}],"up":[{"embeddable":true,"href":"https:\/\/www.avanceplasticsurgery.com\/es\/wp-json\/wp\/v2\/pages\/8984"}],"wp:attachment":[{"href":"https:\/\/www.avanceplasticsurgery.com\/es\/wp-json\/wp\/v2\/media?parent=8991"}],"curies":[{"name":"wp","href":"https:\/\/api.w.org\/{rel}","templated":true}]}}