{"id":8992,"date":"2020-09-16T08:29:18","date_gmt":"2020-09-16T08:29:18","guid":{"rendered":"https:\/\/www.avanceplasticsurgery.com\/procedimientos-cosmeticos-y-de-cirugia\/cirugia-plastica-de-nariz\/rinoplastia\/"},"modified":"2025-09-29T19:44:13","modified_gmt":"2025-09-29T19:44:13","slug":"rinoplastia","status":"publish","type":"page","link":"https:\/\/www.avanceplasticsurgery.com\/es\/procedimientos-cosmeticos-y-de-cirugia\/cirugia-plastica-de-nariz\/rinoplastia\/","title":{"rendered":"rinoplastia"},"content":{"rendered":"<h1>Rinoplastia (cirug\u00eda de nariz)<\/h1>\n<p>La rinoplastia se considera uno de los procedimientos con m\u00e1s matices en la cirug\u00eda est\u00e9tica, que requiere una precisi\u00f3n meticulosa y atenci\u00f3n al detalle. El objetivo de la rinoplastia no es crear la mejor nariz, sino la <a title=\"Cirujano pl\u00e1stico de nariz de Reno NV\" href=\"https:\/\/www.avanceplasticsurgery.com\/es\/procedimientos-cosmeticos-y-de-cirugia\/cirugia-plastica-de-nariz\/\">mejor nariz para tu rostro<\/a> . El Dr. Dayan es uno de los pocos cirujanos del pa\u00eds que complet\u00f3 una especializaci\u00f3n en cirug\u00eda est\u00e9tica despu\u00e9s de su capacitaci\u00f3n en cirug\u00eda pl\u00e1stica y reconstructiva, incluidas t\u00e9cnicas avanzadas de rinoplastia por parte de expertos internacionales.<\/p>\n<div class=\"row\">\n<div class=\"col-md-6\"><button class=\"flc-yt lazyload\" data-id=\"rjvvWpUiXOQ\" data-title=\"Rhinoplasty Patient 2-Month Result | Avance Plastic Surgery Institute: Dr. Erez Dayan\" data-bg=\"https:\/\/i.ytimg.com\/vi\/rjvvWpUiXOQ\/hqdefault.jpg\" aria-label=\"Play video Rhinoplasty Patient 2-Month Result | Avance Plastic Surgery Institute: Dr. Erez Dayan\">  <div class=\"flc-yt__title\">Rhinoplasty Patient 2-Month Result | Avance Plastic Surgery Institute: Dr. Erez Dayan<\/div>  <span class=\"flc-yt__play\">    <svg viewBox=\"0 0 68 48\" xmlns=\"http:\/\/www.w3.org\/2000\/svg\" aria-hidden=\"true\"><path d=\"M66.5 7.8A8.5 8.5 0 0 0 60.6 2C55.3.5 34 .5 34 .5S12.7.5 7.4 2A8.5 8.5 0 0 0 1.5 7.8C0 13.1 0 24 0 24s0 10.9 1.5 16.2A8.5 8.5 0 0 0 7.4 46C12.7 47.5 34 47.5 34 47.5s21.3 0 26.6-1.5a8.5 8.5 0 0 0 5.9-5.8C68 34.9 68 24 68 24s0-10.9-1.5-16.2Z\" fill=\"#f00\"\/><path d=\"M27 34l18-10-18-10v20Z\" fill=\"#fff\"\/><\/svg>  <\/span><\/button><\/div>\n<div class=\"col-md-6\"><button class=\"flc-yt lazyload\" data-id=\"rNtCfRt-50Y\" data-title=\"6-Week Rhinoplasty Result | Avance Plastic Surgery Institute: Dr. Erez Dayan\" data-bg=\"https:\/\/i.ytimg.com\/vi\/rNtCfRt-50Y\/hqdefault.jpg\" aria-label=\"Play video 6-Week Rhinoplasty Result | Avance Plastic Surgery Institute: Dr. Erez Dayan\">  <div class=\"flc-yt__title\">6-Week Rhinoplasty Result | Avance Plastic Surgery Institute: Dr. Erez Dayan<\/div>  <span class=\"flc-yt__play\">    <svg viewBox=\"0 0 68 48\" xmlns=\"http:\/\/www.w3.org\/2000\/svg\" aria-hidden=\"true\"><path d=\"M66.5 7.8A8.5 8.5 0 0 0 60.6 2C55.3.5 34 .5 34 .5S12.7.5 7.4 2A8.5 8.5 0 0 0 1.5 7.8C0 13.1 0 24 0 24s0 10.9 1.5 16.2A8.5 8.5 0 0 0 7.4 46C12.7 47.5 34 47.5 34 47.5s21.3 0 26.6-1.5a8.5 8.5 0 0 0 5.9-5.8C68 34.9 68 24 68 24s0-10.9-1.5-16.2Z\" fill=\"#f00\"\/><path d=\"M27 34l18-10-18-10v20Z\" fill=\"#fff\"\/><\/svg>  <\/span><\/button><\/div>\n<div class=\"col-md-6\"><button class=\"flc-yt lazyload\" data-id=\"e4jZ2tFdSPA\" data-title=\"Rinoplastia con correcci\u00f3n de v\u00e1lvula nasal externa\" data-bg=\"https:\/\/i.ytimg.com\/vi\/e4jZ2tFdSPA\/hqdefault.jpg\" aria-label=\"Play video Rinoplastia con correcci\u00f3n de v\u00e1lvula nasal externa\">  <div class=\"flc-yt__title\">Rinoplastia con correcci\u00f3n de v\u00e1lvula nasal externa<\/div>  <span class=\"flc-yt__play\">    <svg viewBox=\"0 0 68 48\" xmlns=\"http:\/\/www.w3.org\/2000\/svg\" aria-hidden=\"true\"><path d=\"M66.5 7.8A8.5 8.5 0 0 0 60.6 2C55.3.5 34 .5 34 .5S12.7.5 7.4 2A8.5 8.5 0 0 0 1.5 7.8C0 13.1 0 24 0 24s0 10.9 1.5 16.2A8.5 8.5 0 0 0 7.4 46C12.7 47.5 34 47.5 34 47.5s21.3 0 26.6-1.5a8.5 8.5 0 0 0 5.9-5.8C68 34.9 68 24 68 24s0-10.9-1.5-16.2Z\" fill=\"#f00\"\/><path d=\"M27 34l18-10-18-10v20Z\" fill=\"#fff\"\/><\/svg>  <\/span><\/button><\/div>\n<div class=\"col-md-6\"><button class=\"flc-yt lazyload\" data-id=\"N0Gy_R7c7TU\" data-title=\"Caso de rinoplastia masculina del Dr. Erez Dayan\" data-bg=\"https:\/\/i.ytimg.com\/vi\/N0Gy_R7c7TU\/hqdefault.jpg\" aria-label=\"Play video Caso de rinoplastia masculina del Dr. Erez Dayan\">  <div class=\"flc-yt__title\">Caso de rinoplastia masculina del Dr. Erez Dayan<\/div>  <span class=\"flc-yt__play\">    <svg viewBox=\"0 0 68 48\" xmlns=\"http:\/\/www.w3.org\/2000\/svg\" aria-hidden=\"true\"><path d=\"M66.5 7.8A8.5 8.5 0 0 0 60.6 2C55.3.5 34 .5 34 .5S12.7.5 7.4 2A8.5 8.5 0 0 0 1.5 7.8C0 13.1 0 24 0 24s0 10.9 1.5 16.2A8.5 8.5 0 0 0 7.4 46C12.7 47.5 34 47.5 34 47.5s21.3 0 26.6-1.5a8.5 8.5 0 0 0 5.9-5.8C68 34.9 68 24 68 24s0-10.9-1.5-16.2Z\" fill=\"#f00\"\/><path d=\"M27 34l18-10-18-10v20Z\" fill=\"#fff\"\/><\/svg>  <\/span><\/button><\/div>\n<\/div>\n<p>Se form\u00f3 en los centros de mayor volumen del mundo, no solo en rinoplastia primaria sino en reconstrucci\u00f3n nasal compleja secundaria y terciaria. Los resultados deben adaptarse a sus caracter\u00edsticas, realzando su belleza natural y minimizando los defectos est\u00e9ticos. Una rinoplastia tambi\u00e9n puede corregir imperfecciones estructurales, mejorando la respiraci\u00f3n y el sue\u00f1o. El Dr. Dayan del Instituto de Cirug\u00eda Pl\u00e1stica Avance evaluar\u00e1 sus necesidades y adoptar\u00e1 un enfoque personalizado que mejore su apariencia y equilibrio facial.<\/p>\n<div class=\"row\">\n<div class=\"col-md-6\"><button class=\"flc-yt lazyload\" data-id=\"Ey8QmyAQ1HI\" data-title=\"Rinoplastia del Norte de Nevada Antes y Despu\u00e9s | Cirug\u00eda de nariz en Reno | Dr. Erez Day\u00e1n\" data-bg=\"https:\/\/i.ytimg.com\/vi\/Ey8QmyAQ1HI\/hqdefault.jpg\" aria-label=\"Play video Rinoplastia del Norte de Nevada Antes y Despu\u00e9s | Cirug\u00eda de nariz en Reno | Dr. Erez Day\u00e1n\">  <div class=\"flc-yt__title\">Rinoplastia del Norte de Nevada Antes y Despu\u00e9s | Cirug\u00eda de nariz en Reno | Dr. Erez Day\u00e1n<\/div>  <span class=\"flc-yt__play\">    <svg viewBox=\"0 0 68 48\" xmlns=\"http:\/\/www.w3.org\/2000\/svg\" aria-hidden=\"true\"><path d=\"M66.5 7.8A8.5 8.5 0 0 0 60.6 2C55.3.5 34 .5 34 .5S12.7.5 7.4 2A8.5 8.5 0 0 0 1.5 7.8C0 13.1 0 24 0 24s0 10.9 1.5 16.2A8.5 8.5 0 0 0 7.4 46C12.7 47.5 34 47.5 34 47.5s21.3 0 26.6-1.5a8.5 8.5 0 0 0 5.9-5.8C68 34.9 68 24 68 24s0-10.9-1.5-16.2Z\" fill=\"#f00\"\/><path d=\"M27 34l18-10-18-10v20Z\" fill=\"#fff\"\/><\/svg>  <\/span><\/button><\/div>\n<div class=\"col-md-6\"><button class=\"flc-yt lazyload\" data-id=\"wYbVbM1mO7M\" data-title=\"Rinoplastia Dr. Erez Dayan Cirug\u00eda Pl\u00e1stica Avance\" data-bg=\"https:\/\/i.ytimg.com\/vi\/wYbVbM1mO7M\/hqdefault.jpg\" aria-label=\"Play video Rinoplastia Dr. Erez Dayan Cirug\u00eda Pl\u00e1stica Avance\">  <div class=\"flc-yt__title\">Rinoplastia Dr. Erez Dayan Cirug\u00eda Pl\u00e1stica Avance<\/div>  <span class=\"flc-yt__play\">    <svg viewBox=\"0 0 68 48\" xmlns=\"http:\/\/www.w3.org\/2000\/svg\" aria-hidden=\"true\"><path d=\"M66.5 7.8A8.5 8.5 0 0 0 60.6 2C55.3.5 34 .5 34 .5S12.7.5 7.4 2A8.5 8.5 0 0 0 1.5 7.8C0 13.1 0 24 0 24s0 10.9 1.5 16.2A8.5 8.5 0 0 0 7.4 46C12.7 47.5 34 47.5 34 47.5s21.3 0 26.6-1.5a8.5 8.5 0 0 0 5.9-5.8C68 34.9 68 24 68 24s0-10.9-1.5-16.2Z\" fill=\"#f00\"\/><path d=\"M27 34l18-10-18-10v20Z\" fill=\"#fff\"\/><\/svg>  <\/span><\/button><\/div>\n<\/div>\n<div class=\"row\">\n<div class=\"col-md-6\"><button class=\"flc-yt lazyload\" data-id=\"x99-fhOnXLo\" data-title=\"Rinoplastia de punta bajo anestesia local- Dr. Dayan\" data-bg=\"https:\/\/i.ytimg.com\/vi\/x99-fhOnXLo\/hqdefault.jpg\" aria-label=\"Play video Rinoplastia de punta bajo anestesia local- Dr. Dayan\">  <div class=\"flc-yt__title\">Rinoplastia de punta bajo anestesia local- Dr. Dayan<\/div>  <span class=\"flc-yt__play\">    <svg viewBox=\"0 0 68 48\" xmlns=\"http:\/\/www.w3.org\/2000\/svg\" aria-hidden=\"true\"><path d=\"M66.5 7.8A8.5 8.5 0 0 0 60.6 2C55.3.5 34 .5 34 .5S12.7.5 7.4 2A8.5 8.5 0 0 0 1.5 7.8C0 13.1 0 24 0 24s0 10.9 1.5 16.2A8.5 8.5 0 0 0 7.4 46C12.7 47.5 34 47.5 34 47.5s21.3 0 26.6-1.5a8.5 8.5 0 0 0 5.9-5.8C68 34.9 68 24 68 24s0-10.9-1.5-16.2Z\" fill=\"#f00\"\/><path d=\"M27 34l18-10-18-10v20Z\" fill=\"#fff\"\/><\/svg>  <\/span><\/button><\/div>\n<div class=\"col-md-6\"><button class=\"flc-yt lazyload\" data-id=\"kZhgjNDh5GM\" data-title=\"Rinoplastia antes y despu\u00e9s del Dr. Dayan\" data-bg=\"https:\/\/i.ytimg.com\/vi\/kZhgjNDh5GM\/hqdefault.jpg\" aria-label=\"Play video Rinoplastia antes y despu\u00e9s del Dr. Dayan\">  <div class=\"flc-yt__title\">Rinoplastia antes y despu\u00e9s del Dr. Dayan<\/div>  <span class=\"flc-yt__play\">    <svg viewBox=\"0 0 68 48\" xmlns=\"http:\/\/www.w3.org\/2000\/svg\" aria-hidden=\"true\"><path d=\"M66.5 7.8A8.5 8.5 0 0 0 60.6 2C55.3.5 34 .5 34 .5S12.7.5 7.4 2A8.5 8.5 0 0 0 1.5 7.8C0 13.1 0 24 0 24s0 10.9 1.5 16.2A8.5 8.5 0 0 0 7.4 46C12.7 47.5 34 47.5 34 47.5s21.3 0 26.6-1.5a8.5 8.5 0 0 0 5.9-5.8C68 34.9 68 24 68 24s0-10.9-1.5-16.2Z\" fill=\"#f00\"\/><path d=\"M27 34l18-10-18-10v20Z\" fill=\"#fff\"\/><\/svg>  <\/span><\/button><\/div>\n<\/div>\n<dl id=\"faq-1\" class=\"flc-faq\"><dt>\u00bfQu\u00e9 implica la rinoplastia?<\/dt><dd><p>Antes de cualquier procedimiento de rinoplastia, el Dr. Dayan completa un an\u00e1lisis y examen nasal est\u00e9tico y funcional detallado, evaluando cuidadosamente la nariz desde todas las orientaciones teniendo en cuenta sus inquietudes. La rinoplastia se realiza con un enfoque cerrado o abierto, seg\u00fan la extensi\u00f3n de los cambios que necesite.<\/p> \r\n\r\n<p>Durante una rinoplastia abierta, se hace una peque\u00f1a incisi\u00f3n en la base de la nariz (la columela), lo que le da al Dr. Dayan acceso para ajustar el cart\u00edlago y los componentes \u00f3seos de la nariz. Una rinoplastia cerrada involucra solo una incisi\u00f3n dentro de la nariz y puede tener un tiempo de recuperaci\u00f3n m\u00e1s r\u00e1pido por esta raz\u00f3n. Usando el enfoque ideal para su caso, el Dr. Dayan remodelar\u00e1 su estructura nasal y mejorar\u00e1 su respiraci\u00f3n.<\/p>  \r\n\r\n<p>Muchas veces, los pacientes no se dan cuenta de que tienen un tabique desviado o una restricci\u00f3n de las v\u00edas respiratorias hasta que se realiza el procedimiento de rinoplastia y notan que pueden respirar mucho mejor por la nariz. A lo largo de la rinoplastia, el Dr. Dayan tiene un cuidado meticuloso para preservar la singularidad de su identidad. Tu nariz simplemente se ajustar\u00e1 mejor a tu cara despu\u00e9s de la cirug\u00eda, dirigiendo m\u00e1s la mirada a tus ojos y tu sonrisa.<\/p> <\/dd><dt>\u00bfCu\u00e1les son los beneficios de la rinoplastia?<\/dt><dd><p>Los beneficios de la rinoplastia, o cirug\u00eda de revisi\u00f3n de la nariz, del Instituto de Cirug\u00eda Pl\u00e1stica Avance, incluyen:<\/p> \r\n<ul>\r\n<li>Simetr\u00eda nasal mejorada y est\u00e9tica.<\/li>\r\n<li>Correcci\u00f3n de problemas respiratorios estructurales.<\/li>\r\n<li>Juventud mejorada<\/li>\r\n<li>Nariz en mejor proporci\u00f3n con las otras caracter\u00edsticas.<\/li>\r\n<li>Un perfil m\u00e1s atractivo<\/li>\r\n<li>Correcci\u00f3n de defectos en la punta, dorso y fosas nasales<\/li>\r\n<li>Mayor confianza personal<\/li>\r\n<li>Un resultado de apariencia natural<\/li>\r\n<\/ul><\/dd><dt>\u00bfQui\u00e9n es un candidato ideal para la rinoplastia?<\/dt><dd><p>Los candidatos ideales para la cirug\u00eda de rinoplastia del Dr. Dayan incluyen:<\/p> \r\n<ul> \r\n<li>Pacientes descontentos con la apariencia del puente, la punta o las fosas nasales<\/li>\r\n<li>P\u00e9rdida de confianza en s\u00ed mismo debido a la apariencia de la nariz.<\/li>\r\n<li>Una nariz que sobresale o es desproporcionadamente grande<\/li>\r\n<li>Problemas respiratorios funcionales con la nariz.<\/li>\r\n<li>En buena salud emocional y f\u00edsica.<\/li>\r\n<li>Sin condiciones m\u00e9dicas significativas<\/li>\r\n<li>No fumador\r\n<\/ul><\/dd><dt>\u00bfQu\u00e9 implica la recuperaci\u00f3n de la rinoplastia?<\/dt><dd>El cuerpo y la cara de cada persona sanan a un ritmo diferente. El Dr. Dayan ve a sus pacientes con frecuencia durante su recuperaci\u00f3n para que puedan sentirse seguros de que sus resultados se est\u00e1n desarrollando como deber\u00edan. Al igual que con todas las cirug\u00edas, es de esperar algo de hinchaz\u00f3n y hematomas. El Dr. Dayan utiliza las t\u00e9cnicas m\u00e1s avanzadas basadas en la evidencia para minimizar la hinchaz\u00f3n, los hematomas y las molestias. \r\nLa cantidad habitual de tiempo necesario para recuperarse de la rinoplastia es de aproximadamente 2 a 3 semanas. Dependiendo de la extensi\u00f3n de la rinoplastia, la hinchaz\u00f3n puede tardar de 6 a 12 semanas en desaparecer gradualmente para ver el alcance total de los resultados finales. El Dr. Dayan le ofrecer\u00e1 un plan de cuidados posteriores adaptado a su caso espec\u00edfico. <\/dd><dt>\u00bfCu\u00e1les son los honorarios relacionados con la rinoplastia?<\/dt><dd>La rinoplastia se puede realizar \u00fanicamente con fines est\u00e9ticos, o por razones estructurales y est\u00e9ticas simult\u00e1neamente. La naturaleza del procedimiento realizado determinar\u00e1 los costos, al igual que la adici\u00f3n de cualquier inyectable o implante facial. El Dr. Dayan se sentar\u00e1 con usted para una consulta detallada y personalizada, despu\u00e9s de lo cual su coordinador de pacientes le ofrecer\u00e1 un presupuesto personalizado por sus servicios. Nuestra oficina puede ayudar con la financiaci\u00f3n y el seguro caso por caso.<\/dd><dt>\u00bfPor qu\u00e9 elegir al Dr. Dayan en Reno\/Tahoe para su rinoplastia?<\/dt><dd><p>Rigurosamente capacitado en el Programa de Cirug\u00eda Pl\u00e1stica de Harvard de renombre mundial, el Dr. Dayan es un cirujano pl\u00e1stico y reconstructivo l\u00edder que ofrece resultados de rinoplastia sorprendentes y de aspecto natural a pacientes en el \u00e1rea de Reno\/Tahoe, Nevada, y m\u00e1s all\u00e1. Ha publicado y presentado sobre una variedad de temas de cirug\u00eda pl\u00e1stica, incluidos cinco libros.<\/p> \r\n\r\n<p>El Dr. Dayan ha sido un orador invitado en todo el mundo, viajando a Asia, Medio Oriente, Europa y Am\u00e9rica del Sur para presentar su trabajo sobre t\u00e9cnicas de vanguardia. M\u00e1s recientemente, el Dr. Dayan fue invitado como uno de los tres cirujanos estadounidenses a participar en la reuni\u00f3n de Rinoplastia de la Sociedad China en Chongqing, China, donde particip\u00f3 en cuatro d\u00edas de conferencias y demostraciones de cirug\u00eda en vivo.<\/p> \r\n\r\n<p>Recientemente, tambi\u00e9n es autor de un art\u00edculo titulado \"Desarrollo de consistencia en la rinoplastia\" que se public\u00f3 en el Journal of Plastic & Reconstructive Surgery (el diario de cirug\u00eda pl\u00e1stica n\u00famero 1 a nivel internacional). El Dr. Dayan es un l\u00edder de opini\u00f3n e investigador clave para Allergan, InMode, Galderma y MTF Biologics.<\/p> <\/dd><\/dl>\n<p>Cuando usted o un ser querido necesiten una rinoplastia, <a title=\"P\u00f3ngase en contacto con el Instituto de Cirug\u00eda Pl\u00e1stica Avance en Reno NV\" href=\"https:\/\/www.avanceplasticsurgery.com\/es\/contactenos\/\">comun\u00edquese con el Instituto de Cirug\u00eda Pl\u00e1stica Avance<\/a> en Reno\/Tahoe, NV, para programar su consulta de rinoplastia.<\/p>\n<p style=\"text-align: center;\"><a href=\"https:\/\/www.avanceplasticsurgery.com\/wp-content\/uploads\/2020\/10\/Rhinoplasty_Instructions.pdf\" class=\"btn btn-primary\" target=\"_blank\" rel=\"noopener noreferrer\">Instrucciones postoperatorias<\/a><\/p>\n<p style=\"text-align: center;\"><a href=\"https:\/\/www.avanceplasticsurgery.com\/wp-content\/uploads\/2020\/10\/Developing_Consistency_in_Rhinoplasty.97469.pdf\" class=\"btn btn-primary\" target=\"_blank\" rel=\"noopener noreferrer\">Publicaci\u00f3n del Dr. Dayan<\/a><\/p>\n","protected":false},"excerpt":{"rendered":"<p>Rinoplastia (cirug\u00eda de nariz) La rinoplastia se considera uno de los procedimientos con m\u00e1s matices en la cirug\u00eda est\u00e9tica,&hellip;<\/p>\n","protected":false},"author":1,"featured_media":0,"parent":8984,"menu_order":0,"comment_status":"closed","ping_status":"closed","template":"","meta":{"_acf_changed":false,"footnotes":""},"class_list":["post-8992","page","type-page","status-publish"],"acf":[],"yoast_head":"<!-- This site is optimized with the Yoast SEO plugin v25.6 - https:\/\/yoast.com\/wordpress\/plugins\/seo\/ -->\n<title>Cirug\u00eda de rinoplastia en Reno NV | Cirujano de nariz de Lake Tahoe<\/title>\n<meta name=\"description\" content=\"La cirug\u00eda de rinoplastia, o cirug\u00eda de nariz, est\u00e1 disponible tanto para preocupaciones est\u00e9ticas como funcionales del Dr. Erez Dayan. Llame al Instituto de Cirug\u00eda Pl\u00e1stica Avance en Reno, NV, para programar su consulta de rinoplastia.\" \/>\n<meta name=\"robots\" content=\"index, follow, max-snippet:-1, max-image-preview:large, max-video-preview:-1\" \/>\n<link rel=\"canonical\" href=\"https:\/\/www.avanceplasticsurgery.com\/es\/procedimientos-cosmeticos-y-de-cirugia\/cirugia-plastica-de-nariz\/rinoplastia\/\" \/>\n<meta property=\"og:locale\" content=\"es_ES\" \/>\n<meta property=\"og:type\" content=\"article\" \/>\n<meta property=\"og:title\" content=\"Cirug\u00eda de rinoplastia en Reno NV | Cirujano de nariz de Lake Tahoe\" \/>\n<meta property=\"og:description\" content=\"La cirug\u00eda de rinoplastia, o cirug\u00eda de nariz, est\u00e1 disponible tanto para preocupaciones est\u00e9ticas como funcionales del Dr. Erez Dayan. Llame al Instituto de Cirug\u00eda Pl\u00e1stica Avance en Reno, NV, para programar su consulta de rinoplastia.\" \/>\n<meta property=\"og:url\" content=\"https:\/\/www.avanceplasticsurgery.com\/es\/procedimientos-cosmeticos-y-de-cirugia\/cirugia-plastica-de-nariz\/rinoplastia\/\" \/>\n<meta property=\"og:site_name\" content=\"Avance Plastic Surgery\" \/>\n<meta property=\"article:modified_time\" content=\"2025-09-29T19:44:13+00:00\" \/>\n<meta name=\"twitter:card\" content=\"summary_large_image\" \/>\n<meta name=\"twitter:label1\" content=\"Tiempo de lectura\" \/>\n\t<meta name=\"twitter:data1\" content=\"2 minutos\" \/>\n<!-- \/ Yoast SEO plugin. -->","yoast_head_json":{"title":"Cirug\u00eda de rinoplastia en Reno NV | Cirujano de nariz de Lake Tahoe","description":"La cirug\u00eda de rinoplastia, o cirug\u00eda de nariz, est\u00e1 disponible tanto para preocupaciones est\u00e9ticas como funcionales del Dr. Erez Dayan. Llame al Instituto de Cirug\u00eda Pl\u00e1stica Avance en Reno, NV, para programar su consulta de rinoplastia.","robots":{"index":"index","follow":"follow","max-snippet":"max-snippet:-1","max-image-preview":"max-image-preview:large","max-video-preview":"max-video-preview:-1"},"canonical":"https:\/\/www.avanceplasticsurgery.com\/es\/procedimientos-cosmeticos-y-de-cirugia\/cirugia-plastica-de-nariz\/rinoplastia\/","og_locale":"es_ES","og_type":"article","og_title":"Cirug\u00eda de rinoplastia en Reno NV | Cirujano de nariz de Lake Tahoe","og_description":"La cirug\u00eda de rinoplastia, o cirug\u00eda de nariz, est\u00e1 disponible tanto para preocupaciones est\u00e9ticas como funcionales del Dr. Erez Dayan. Llame al Instituto de Cirug\u00eda Pl\u00e1stica Avance en Reno, NV, para programar su consulta de rinoplastia.","og_url":"https:\/\/www.avanceplasticsurgery.com\/es\/procedimientos-cosmeticos-y-de-cirugia\/cirugia-plastica-de-nariz\/rinoplastia\/","og_site_name":"Avance Plastic Surgery","article_modified_time":"2025-09-29T19:44:13+00:00","twitter_card":"summary_large_image","twitter_misc":{"Tiempo de lectura":"2 minutos"},"schema":{"@context":"https:\/\/schema.org","@graph":[{"@type":"WebPage","@id":"https:\/\/www.avanceplasticsurgery.com\/es\/procedimientos-cosmeticos-y-de-cirugia\/cirugia-plastica-de-nariz\/rinoplastia\/","url":"https:\/\/www.avanceplasticsurgery.com\/es\/procedimientos-cosmeticos-y-de-cirugia\/cirugia-plastica-de-nariz\/rinoplastia\/","name":"Cirug\u00eda de rinoplastia en Reno NV | Cirujano de nariz de Lake Tahoe","isPartOf":{"@id":"https:\/\/www.avanceplasticsurgery.com\/es\/#website"},"datePublished":"2020-09-16T08:29:18+00:00","dateModified":"2025-09-29T19:44:13+00:00","description":"La cirug\u00eda de rinoplastia, o cirug\u00eda de nariz, est\u00e1 disponible tanto para preocupaciones est\u00e9ticas como funcionales del Dr. Erez Dayan. Llame al Instituto de Cirug\u00eda Pl\u00e1stica Avance en Reno, NV, para programar su consulta de rinoplastia.","breadcrumb":{"@id":"https:\/\/www.avanceplasticsurgery.com\/es\/procedimientos-cosmeticos-y-de-cirugia\/cirugia-plastica-de-nariz\/rinoplastia\/#breadcrumb"},"inLanguage":"es","potentialAction":[{"@type":"ReadAction","target":["https:\/\/www.avanceplasticsurgery.com\/es\/procedimientos-cosmeticos-y-de-cirugia\/cirugia-plastica-de-nariz\/rinoplastia\/"]}]},{"@type":"BreadcrumbList","@id":"https:\/\/www.avanceplasticsurgery.com\/es\/procedimientos-cosmeticos-y-de-cirugia\/cirugia-plastica-de-nariz\/rinoplastia\/#breadcrumb","itemListElement":[{"@type":"ListItem","position":1,"name":"Home","item":"https:\/\/www.avanceplasticsurgery.com\/es\/"},{"@type":"ListItem","position":2,"name":"Cosm\u00e9tica","item":"https:\/\/www.avanceplasticsurgery.com\/es\/procedimientos-cosmeticos-y-de-cirugia\/"},{"@type":"ListItem","position":3,"name":"Cirug\u00eda pl\u00e1stica de nariz","item":"https:\/\/www.avanceplasticsurgery.com\/es\/procedimientos-cosmeticos-y-de-cirugia\/cirugia-plastica-de-nariz\/"},{"@type":"ListItem","position":4,"name":"rinoplastia"}]},{"@type":"WebSite","@id":"https:\/\/www.avanceplasticsurgery.com\/es\/#website","url":"https:\/\/www.avanceplasticsurgery.com\/es\/","name":"Avance Plastic Surgery","description":"","potentialAction":[{"@type":"SearchAction","target":{"@type":"EntryPoint","urlTemplate":"https:\/\/www.avanceplasticsurgery.com\/es\/?s={search_term_string}"},"query-input":{"@type":"PropertyValueSpecification","valueRequired":true,"valueName":"search_term_string"}}],"inLanguage":"es"}]}},"_links":{"self":[{"href":"https:\/\/www.avanceplasticsurgery.com\/es\/wp-json\/wp\/v2\/pages\/8992","targetHints":{"allow":["GET"]}}],"collection":[{"href":"https:\/\/www.avanceplasticsurgery.com\/es\/wp-json\/wp\/v2\/pages"}],"about":[{"href":"https:\/\/www.avanceplasticsurgery.com\/es\/wp-json\/wp\/v2\/types\/page"}],"author":[{"embeddable":true,"href":"https:\/\/www.avanceplasticsurgery.com\/es\/wp-json\/wp\/v2\/users\/1"}],"replies":[{"embeddable":true,"href":"https:\/\/www.avanceplasticsurgery.com\/es\/wp-json\/wp\/v2\/comments?post=8992"}],"version-history":[{"count":4,"href":"https:\/\/www.avanceplasticsurgery.com\/es\/wp-json\/wp\/v2\/pages\/8992\/revisions"}],"predecessor-version":[{"id":14361,"href":"https:\/\/www.avanceplasticsurgery.com\/es\/wp-json\/wp\/v2\/pages\/8992\/revisions\/14361"}],"up":[{"embeddable":true,"href":"https:\/\/www.avanceplasticsurgery.com\/es\/wp-json\/wp\/v2\/pages\/8984"}],"wp:attachment":[{"href":"https:\/\/www.avanceplasticsurgery.com\/es\/wp-json\/wp\/v2\/media?parent=8992"}],"curies":[{"name":"wp","href":"https:\/\/api.w.org\/{rel}","templated":true}]}}