{"id":8993,"date":"2020-09-16T08:35:53","date_gmt":"2020-09-16T08:35:53","guid":{"rendered":"https:\/\/www.avanceplasticsurgery.com\/procedimientos-cosmeticos-y-de-cirugia\/cirugia-plastica-de-nariz\/revision-de-rinoplastia\/"},"modified":"2022-04-25T11:00:40","modified_gmt":"2022-04-25T11:00:40","slug":"revision-de-rinoplastia","status":"publish","type":"page","link":"https:\/\/www.avanceplasticsurgery.com\/es\/procedimientos-cosmeticos-y-de-cirugia\/cirugia-plastica-de-nariz\/revision-de-rinoplastia\/","title":{"rendered":"Revisi\u00f3n de Rinoplastia"},"content":{"rendered":"<h1>Cirug\u00eda de revisi\u00f3n de rinoplastia<\/h1>\n<p>La rinoplastia se considera uno de los procedimientos m\u00e1s desafiantes de la cirug\u00eda est\u00e9tica. Esto no solo se debe a la posici\u00f3n central de la nariz en la cara y sus muchos detalles est\u00e9ticos, sino tambi\u00e9n a que la nariz tiene un papel funcional significativo en las v\u00edas respiratorias. Es importante buscar un cirujano pl\u00e1stico que tenga experiencia en cirug\u00eda de rinoplastia.<\/p>\n<p>Someterse a <a title=\"Cirujano pl\u00e1stico de nariz de Reno NV\" href=\"https:\/\/www.avanceplasticsurgery.com\/es\/cosmetic-and-surgery-procedures\/nose-plastic-surgery\/\">una cirug\u00eda de nariz<\/a> por primera vez puede ser desalentador, pero si esos resultados no logran sus objetivos, es posible que sienta que no tiene a d\u00f3nde acudir. La cirug\u00eda de revisi\u00f3n de rinoplastia secundaria y terciaria es un desaf\u00edo debido al tejido cicatricial y la falta frecuente de cart\u00edlago y tejido blando.<\/p>\n<button class=\"flc-yt lazyload\" data-id=\"x4GwFTA1Dao\" data-title=\"Revisi\u00f3n de Rinoplastia del Norte de Nevada Antes y Despu\u00e9s | Reparaci\u00f3n de nariz de silla de montar Reno | Dr. Erez Day\u00e1n\" data-bg=\"https:\/\/i.ytimg.com\/vi\/x4GwFTA1Dao\/hqdefault.jpg\" aria-label=\"Play video Revisi\u00f3n de Rinoplastia del Norte de Nevada Antes y Despu\u00e9s | Reparaci\u00f3n de nariz de silla de montar Reno | Dr. Erez Day\u00e1n\">  <div class=\"flc-yt__title\">Revisi\u00f3n de Rinoplastia del Norte de Nevada Antes y Despu\u00e9s | Reparaci\u00f3n de nariz de silla de montar Reno | Dr. Erez Day\u00e1n<\/div>  <span class=\"flc-yt__play\">    <svg viewBox=\"0 0 68 48\" xmlns=\"http:\/\/www.w3.org\/2000\/svg\" aria-hidden=\"true\"><path d=\"M66.5 7.8A8.5 8.5 0 0 0 60.6 2C55.3.5 34 .5 34 .5S12.7.5 7.4 2A8.5 8.5 0 0 0 1.5 7.8C0 13.1 0 24 0 24s0 10.9 1.5 16.2A8.5 8.5 0 0 0 7.4 46C12.7 47.5 34 47.5 34 47.5s21.3 0 26.6-1.5a8.5 8.5 0 0 0 5.9-5.8C68 34.9 68 24 68 24s0-10.9-1.5-16.2Z\" fill=\"#f00\"\/><path d=\"M27 34l18-10-18-10v20Z\" fill=\"#fff\"\/><\/svg>  <\/span><\/button>\n<p>El Dr. Erez Dayan es un cirujano pl\u00e1stico y reconstructivo capacitado en Harvard y es uno de los pocos cirujanos pl\u00e1sticos del pa\u00eds que complet\u00f3 una beca de capacitaci\u00f3n dedicada centrada en t\u00e9cnicas avanzadas en rinoplastia primaria y de revisi\u00f3n. El Dr. Dayan est\u00e1 bien versado en m\u00e9todos est\u00e9ticos y reconstructivos para equilibrar y mejorar elementos de la nariz despu\u00e9s de procedimientos de rinoplastia anteriores sin \u00e9xito. Puede realizar una cirug\u00eda de rinoplastia de revisi\u00f3n en el Instituto de Cirug\u00eda Pl\u00e1stica Avance en Reno\/Tahoe, NV.<\/p>\n<div class=\"row\">\n<div class=\"col-md-6\"><button class=\"flc-yt lazyload\" data-id=\"x99-fhOnXLo\" data-title=\"Rinoplastia de punta bajo anestesia local- Dr. Dayan\" data-bg=\"https:\/\/i.ytimg.com\/vi\/x99-fhOnXLo\/hqdefault.jpg\" aria-label=\"Play video Rinoplastia de punta bajo anestesia local- Dr. Dayan\">  <div class=\"flc-yt__title\">Rinoplastia de punta bajo anestesia local- Dr. Dayan<\/div>  <span class=\"flc-yt__play\">    <svg viewBox=\"0 0 68 48\" xmlns=\"http:\/\/www.w3.org\/2000\/svg\" aria-hidden=\"true\"><path d=\"M66.5 7.8A8.5 8.5 0 0 0 60.6 2C55.3.5 34 .5 34 .5S12.7.5 7.4 2A8.5 8.5 0 0 0 1.5 7.8C0 13.1 0 24 0 24s0 10.9 1.5 16.2A8.5 8.5 0 0 0 7.4 46C12.7 47.5 34 47.5 34 47.5s21.3 0 26.6-1.5a8.5 8.5 0 0 0 5.9-5.8C68 34.9 68 24 68 24s0-10.9-1.5-16.2Z\" fill=\"#f00\"\/><path d=\"M27 34l18-10-18-10v20Z\" fill=\"#fff\"\/><\/svg>  <\/span><\/button><\/div>\n<div class=\"col-md-6\"><button class=\"flc-yt lazyload\" data-id=\"kZhgjNDh5GM\" data-title=\"Rinoplastia antes y despu\u00e9s del Dr. Dayan\" data-bg=\"https:\/\/i.ytimg.com\/vi\/kZhgjNDh5GM\/hqdefault.jpg\" aria-label=\"Play video Rinoplastia antes y despu\u00e9s del Dr. Dayan\">  <div class=\"flc-yt__title\">Rinoplastia antes y despu\u00e9s del Dr. Dayan<\/div>  <span class=\"flc-yt__play\">    <svg viewBox=\"0 0 68 48\" xmlns=\"http:\/\/www.w3.org\/2000\/svg\" aria-hidden=\"true\"><path d=\"M66.5 7.8A8.5 8.5 0 0 0 60.6 2C55.3.5 34 .5 34 .5S12.7.5 7.4 2A8.5 8.5 0 0 0 1.5 7.8C0 13.1 0 24 0 24s0 10.9 1.5 16.2A8.5 8.5 0 0 0 7.4 46C12.7 47.5 34 47.5 34 47.5s21.3 0 26.6-1.5a8.5 8.5 0 0 0 5.9-5.8C68 34.9 68 24 68 24s0-10.9-1.5-16.2Z\" fill=\"#f00\"\/><path d=\"M27 34l18-10-18-10v20Z\" fill=\"#fff\"\/><\/svg>  <\/span><\/button><\/div>\n<\/div>\n<dl id=\"faq-1\" class=\"flc-faq\"><dt>\u00bfQu\u00e9 implica la rinoplastia de revisi\u00f3n?<\/dt><dd><p>El Dr. Dayan comienza realizando una evaluaci\u00f3n detallada y sistem\u00e1tica de los componentes est\u00e9ticos y funcionales de la nariz. Una vez que se examine cada elemento de la nariz, discutir\u00e1 sus inquietudes y \u00e1reas de mejora. El plan quir\u00fargico se adapta a la anatom\u00eda individual y los objetivos est\u00e9ticos de cada persona.<\/p>\r\n\r\n<p>Discutir\u00e1 los diferentes enfoques quir\u00fargicos de la rinoplastia con el Dr. Dayan (abierto o cerrado) y cu\u00e1l puede adaptarse mejor a su caso. El Dr. Dayan describir\u00e1 un plan operativo paso a paso para abordar cada una de sus inquietudes y le proporcionar\u00e1 im\u00e1genes para simular lo que puede esperar de sus resultados. El resultado final ser\u00e1 una nariz est\u00e9ticamente equilibrada, elegante y alineada con su visi\u00f3n est\u00e9tica.<\/p> <\/dd><dt>\u00bfCu\u00e1les son los beneficios m\u00e1s comunes de la rinoplastia de revisi\u00f3n?<\/dt><dd><ul>\r\n<li>M\u00e1s confianza en tu apariencia<\/li>\r\n<li>Un resultado de apariencia natural<\/li>\r\n<li>Resultados duraderos<\/li>\r\n<li>Respiraci\u00f3n nasal mejorada<\/li>\r\n<li>Refinamiento de una punta cuadrada o bulbosa<\/li>\r\n<li>Eliminaci\u00f3n de una joroba dorsal.<\/li>\r\n<li>Mejora del puente nasal<\/li>\r\n<li>Correcci\u00f3n de asimetr\u00eda de las fosas nasales o aleteo alar<\/li>\r\n<\/ul><\/dd><dt>\u00bfQui\u00e9n es un candidato ideal para la rinoplastia de revisi\u00f3n?<\/dt><dd>Usted es un buen candidato para la cirug\u00eda de revisi\u00f3n si no est\u00e1 satisfecho con los resultados est\u00e9ticos o funcionales de su rinoplastia anterior. Esto puede significar que ha experimentado una punta nasal pellizcada o bulbosa, sus fosas nasales parecen asim\u00e9tricas, tiene un perfil que est\u00e1 demasiado 'ahuecado', tiene dificultad para respirar o su rinoplastia inicial simplemente no fue lo suficientemente lejos como para lograr el objetivo deseado. cambios. El Dr. Dayan se reunir\u00e1 con usted para una consulta privada en su oficina de Reno\/Tahoe para evaluar sus objetivos y trabajar para lograr el resultado deseado.<\/dd><dt>\u00bfQu\u00e9 implicar\u00e1 mi recuperaci\u00f3n?<\/dt><dd>La recuperaci\u00f3n de una rinoplastia de revisi\u00f3n suele ser menos dolorosa y prolongada que la recuperaci\u00f3n de la cirug\u00eda primaria. Sin embargo, como con cualquier cirug\u00eda nasal, experimentar\u00e1 algo de hinchaz\u00f3n, hematomas y sensibilidad m\u00ednima. El Dr. Dayan utiliza las t\u00e9cnicas y tecnolog\u00edas m\u00e1s avanzadas para minimizar la hinchaz\u00f3n, los hematomas y las molestias. Se suele colocar una f\u00e9rula nasal interna y externa durante aproximadamente siete d\u00edas para ayudar a que cicatrice la estructura nasal. Lo mejor es mantener la cabeza ligeramente elevada mientras duerme para ayudar a reducir la hinchaz\u00f3n. Sus resultados continuar\u00e1n revel\u00e1ndose durante los pr\u00f3ximos 4 a 8 meses. <\/dd><dt>\u00bfCu\u00e1les son las tarifas para una rinoplastia de revisi\u00f3n de Reno?<\/dt><dd>La rinoplastia de revisi\u00f3n es una cirug\u00eda compleja que debe adaptarse adecuadamente a sus necesidades individuales y objetivos est\u00e9ticos. Por lo tanto, los costos var\u00edan de un paciente a otro. El Dr. Dayan le proporcionar\u00e1 un presupuesto personalizado una vez que realice una evaluaci\u00f3n nasofacial completa como parte de su consulta confidencial de Reno en el Avance Plastic Surgery Institute.<\/dd><dt>\u00bfPor qu\u00e9 elegir el Instituto de Cirug\u00eda Pl\u00e1stica Avance para mi rinoplastia de revisi\u00f3n?<\/dt><dd><p>La rinoplastia de revisi\u00f3n requiere mucha delicadeza, matiz y precisi\u00f3n. Es aconsejable elegir solo a los cirujanos pl\u00e1sticos m\u00e1s calificados y meticulosos. El Dr. Dayan recibi\u00f3 su formaci\u00f3n en el prestigioso Programa de Cirug\u00eda Pl\u00e1stica de Harvard, donde se form\u00f3 con los l\u00edderes mundiales en cirug\u00eda pl\u00e1stica est\u00e9tica y reconstructiva.<\/p> \r\n\r\n<p>Despu\u00e9s de capacitarse en Harvard, el Dr. Dayan se convirti\u00f3 en uno de los pocos cirujanos pl\u00e1sticos del pa\u00eds en completar una beca adicional en est\u00e9tica avanzada. El Dr. Dayan complet\u00f3 su beca en el renombrado Instituto de Cirug\u00eda Pl\u00e1stica de Dallas, altamente considerado como una de las mejores becas est\u00e9ticas a nivel internacional.<\/p> \r\n\r\n<p>La excelencia del Dr. Dayan en cirug\u00eda pl\u00e1stica ha sido reconocida con numerosos premios prestigiosos, incluido el Premio al Logro Acad\u00e9mico de Cirug\u00eda Pl\u00e1stica de Harvard, el Premio al Logro de la Sociedad Mundial de Microcirug\u00eda Reconstructiva y la Beca de la Fundaci\u00f3n de Investigaci\u00f3n y Educaci\u00f3n en Cirug\u00eda Est\u00e9tica.<\/p> \r\n\r\n<p>El Dr. Dayan es autor de numerosos art\u00edculos y cap\u00edtulos de libros centrados en la rinoplastia y la rinoplastia de revisi\u00f3n. Tambi\u00e9n ha sido invitado a dictar conferencias sobre estos temas a nivel nacional e internacional. M\u00e1s recientemente, el Dr. Dayan fue invitado a Chongqing, China, donde fue uno de los tres cirujanos pl\u00e1sticos de los Estados Unidos dando conferencias en la Sociedad China de Rinoplastia y realizando demostraciones de cirug\u00eda en vivo.<\/p> <\/dd><\/dl>\n<p>Para una consulta de revisi\u00f3n de rinoplastia con el Dr. Dayan, <a title=\"P\u00f3ngase en contacto con el Instituto de Cirug\u00eda Pl\u00e1stica Avance en Reno NV\" href=\"https:\/\/www.avanceplasticsurgery.com\/es\/contact-us-dr-erez-dayan\/\">comun\u00edquese con Avance Plastic Surgery Institute<\/a> o ll\u00e1menos al (775) 800-4444.<\/p>\n<p>El Dr. Erez Dayan ha realizado una extensa investigaci\u00f3n sobre el desarrollo de consistencia en la cirug\u00eda y los resultados de la rinoplastia. Lea m\u00e1s sobre la investigaci\u00f3n de la rinoplastia del Dr. Dayan <a href=\"https:\/\/www.avanceplasticsurgery.com\/es\/about-avance-plastic-surgery-institute\/research\/#rhinoplasty\">aqu\u00ed<\/a> .<\/p>\n","protected":false},"excerpt":{"rendered":"<p>Cirug\u00eda de revisi\u00f3n de rinoplastia La rinoplastia se considera uno de los procedimientos m\u00e1s desafiantes de la cirug\u00eda est\u00e9tica.&hellip;<\/p>\n","protected":false},"author":1,"featured_media":0,"parent":8984,"menu_order":0,"comment_status":"closed","ping_status":"closed","template":"","meta":{"_acf_changed":false,"footnotes":""},"class_list":["post-8993","page","type-page","status-publish"],"acf":[],"yoast_head":"<!-- This site is optimized with the Yoast SEO plugin v25.6 - https:\/\/yoast.com\/wordpress\/plugins\/seo\/ -->\n<title>Reno NV Cirug\u00eda de revisi\u00f3n de rinoplastia | Correcci\u00f3n de trabajo de nariz de Lake Tahoe<\/title>\n<meta name=\"description\" content=\"La cirug\u00eda de revisi\u00f3n de rinoplastia es un procedimiento complicado y meticuloso que solo debe realizarse con un cirujano pl\u00e1stico cosm\u00e9tico altamente calificado. El Dr. Erez Dayan realiza cirug\u00edas de revisi\u00f3n de rinoplastia en el Instituto de Cirug\u00eda Pl\u00e1stica Avance en Reno, NV. Llame hoy para una consulta.\" \/>\n<meta name=\"robots\" content=\"index, follow, max-snippet:-1, max-image-preview:large, max-video-preview:-1\" \/>\n<link rel=\"canonical\" href=\"https:\/\/www.avanceplasticsurgery.com\/es\/procedimientos-cosmeticos-y-de-cirugia\/cirugia-plastica-de-nariz\/revision-de-rinoplastia\/\" \/>\n<meta property=\"og:locale\" content=\"es_ES\" \/>\n<meta property=\"og:type\" content=\"article\" \/>\n<meta property=\"og:title\" content=\"Reno NV Cirug\u00eda de revisi\u00f3n de rinoplastia | Correcci\u00f3n de trabajo de nariz de Lake Tahoe\" \/>\n<meta property=\"og:description\" content=\"La cirug\u00eda de revisi\u00f3n de rinoplastia es un procedimiento complicado y meticuloso que solo debe realizarse con un cirujano pl\u00e1stico cosm\u00e9tico altamente calificado. El Dr. Erez Dayan realiza cirug\u00edas de revisi\u00f3n de rinoplastia en el Instituto de Cirug\u00eda Pl\u00e1stica Avance en Reno, NV. Llame hoy para una consulta.\" \/>\n<meta property=\"og:url\" content=\"https:\/\/www.avanceplasticsurgery.com\/es\/procedimientos-cosmeticos-y-de-cirugia\/cirugia-plastica-de-nariz\/revision-de-rinoplastia\/\" \/>\n<meta property=\"og:site_name\" content=\"Avance Plastic Surgery\" \/>\n<meta property=\"article:modified_time\" content=\"2022-04-25T11:00:40+00:00\" \/>\n<meta name=\"twitter:card\" content=\"summary_large_image\" \/>\n<meta name=\"twitter:label1\" content=\"Tiempo de lectura\" \/>\n\t<meta name=\"twitter:data1\" content=\"2 minutos\" \/>\n<!-- \/ Yoast SEO plugin. -->","yoast_head_json":{"title":"Reno NV Cirug\u00eda de revisi\u00f3n de rinoplastia | Correcci\u00f3n de trabajo de nariz de Lake Tahoe","description":"La cirug\u00eda de revisi\u00f3n de rinoplastia es un procedimiento complicado y meticuloso que solo debe realizarse con un cirujano pl\u00e1stico cosm\u00e9tico altamente calificado. El Dr. Erez Dayan realiza cirug\u00edas de revisi\u00f3n de rinoplastia en el Instituto de Cirug\u00eda Pl\u00e1stica Avance en Reno, NV. Llame hoy para una consulta.","robots":{"index":"index","follow":"follow","max-snippet":"max-snippet:-1","max-image-preview":"max-image-preview:large","max-video-preview":"max-video-preview:-1"},"canonical":"https:\/\/www.avanceplasticsurgery.com\/es\/procedimientos-cosmeticos-y-de-cirugia\/cirugia-plastica-de-nariz\/revision-de-rinoplastia\/","og_locale":"es_ES","og_type":"article","og_title":"Reno NV Cirug\u00eda de revisi\u00f3n de rinoplastia | Correcci\u00f3n de trabajo de nariz de Lake Tahoe","og_description":"La cirug\u00eda de revisi\u00f3n de rinoplastia es un procedimiento complicado y meticuloso que solo debe realizarse con un cirujano pl\u00e1stico cosm\u00e9tico altamente calificado. El Dr. Erez Dayan realiza cirug\u00edas de revisi\u00f3n de rinoplastia en el Instituto de Cirug\u00eda Pl\u00e1stica Avance en Reno, NV. Llame hoy para una consulta.","og_url":"https:\/\/www.avanceplasticsurgery.com\/es\/procedimientos-cosmeticos-y-de-cirugia\/cirugia-plastica-de-nariz\/revision-de-rinoplastia\/","og_site_name":"Avance Plastic Surgery","article_modified_time":"2022-04-25T11:00:40+00:00","twitter_card":"summary_large_image","twitter_misc":{"Tiempo de lectura":"2 minutos"},"schema":{"@context":"https:\/\/schema.org","@graph":[{"@type":"WebPage","@id":"https:\/\/www.avanceplasticsurgery.com\/es\/procedimientos-cosmeticos-y-de-cirugia\/cirugia-plastica-de-nariz\/revision-de-rinoplastia\/","url":"https:\/\/www.avanceplasticsurgery.com\/es\/procedimientos-cosmeticos-y-de-cirugia\/cirugia-plastica-de-nariz\/revision-de-rinoplastia\/","name":"Reno NV Cirug\u00eda de revisi\u00f3n de rinoplastia | Correcci\u00f3n de trabajo de nariz de Lake Tahoe","isPartOf":{"@id":"https:\/\/www.avanceplasticsurgery.com\/es\/#website"},"datePublished":"2020-09-16T08:35:53+00:00","dateModified":"2022-04-25T11:00:40+00:00","description":"La cirug\u00eda de revisi\u00f3n de rinoplastia es un procedimiento complicado y meticuloso que solo debe realizarse con un cirujano pl\u00e1stico cosm\u00e9tico altamente calificado. El Dr. Erez Dayan realiza cirug\u00edas de revisi\u00f3n de rinoplastia en el Instituto de Cirug\u00eda Pl\u00e1stica Avance en Reno, NV. Llame hoy para una consulta.","breadcrumb":{"@id":"https:\/\/www.avanceplasticsurgery.com\/es\/procedimientos-cosmeticos-y-de-cirugia\/cirugia-plastica-de-nariz\/revision-de-rinoplastia\/#breadcrumb"},"inLanguage":"es","potentialAction":[{"@type":"ReadAction","target":["https:\/\/www.avanceplasticsurgery.com\/es\/procedimientos-cosmeticos-y-de-cirugia\/cirugia-plastica-de-nariz\/revision-de-rinoplastia\/"]}]},{"@type":"BreadcrumbList","@id":"https:\/\/www.avanceplasticsurgery.com\/es\/procedimientos-cosmeticos-y-de-cirugia\/cirugia-plastica-de-nariz\/revision-de-rinoplastia\/#breadcrumb","itemListElement":[{"@type":"ListItem","position":1,"name":"Home","item":"https:\/\/www.avanceplasticsurgery.com\/es\/"},{"@type":"ListItem","position":2,"name":"Cosm\u00e9tica","item":"https:\/\/www.avanceplasticsurgery.com\/es\/procedimientos-cosmeticos-y-de-cirugia\/"},{"@type":"ListItem","position":3,"name":"Cirug\u00eda pl\u00e1stica de nariz","item":"https:\/\/www.avanceplasticsurgery.com\/es\/procedimientos-cosmeticos-y-de-cirugia\/cirugia-plastica-de-nariz\/"},{"@type":"ListItem","position":4,"name":"Revisi\u00f3n de Rinoplastia"}]},{"@type":"WebSite","@id":"https:\/\/www.avanceplasticsurgery.com\/es\/#website","url":"https:\/\/www.avanceplasticsurgery.com\/es\/","name":"Avance Plastic Surgery","description":"","potentialAction":[{"@type":"SearchAction","target":{"@type":"EntryPoint","urlTemplate":"https:\/\/www.avanceplasticsurgery.com\/es\/?s={search_term_string}"},"query-input":{"@type":"PropertyValueSpecification","valueRequired":true,"valueName":"search_term_string"}}],"inLanguage":"es"}]}},"_links":{"self":[{"href":"https:\/\/www.avanceplasticsurgery.com\/es\/wp-json\/wp\/v2\/pages\/8993","targetHints":{"allow":["GET"]}}],"collection":[{"href":"https:\/\/www.avanceplasticsurgery.com\/es\/wp-json\/wp\/v2\/pages"}],"about":[{"href":"https:\/\/www.avanceplasticsurgery.com\/es\/wp-json\/wp\/v2\/types\/page"}],"author":[{"embeddable":true,"href":"https:\/\/www.avanceplasticsurgery.com\/es\/wp-json\/wp\/v2\/users\/1"}],"replies":[{"embeddable":true,"href":"https:\/\/www.avanceplasticsurgery.com\/es\/wp-json\/wp\/v2\/comments?post=8993"}],"version-history":[{"count":2,"href":"https:\/\/www.avanceplasticsurgery.com\/es\/wp-json\/wp\/v2\/pages\/8993\/revisions"}],"predecessor-version":[{"id":9163,"href":"https:\/\/www.avanceplasticsurgery.com\/es\/wp-json\/wp\/v2\/pages\/8993\/revisions\/9163"}],"up":[{"embeddable":true,"href":"https:\/\/www.avanceplasticsurgery.com\/es\/wp-json\/wp\/v2\/pages\/8984"}],"wp:attachment":[{"href":"https:\/\/www.avanceplasticsurgery.com\/es\/wp-json\/wp\/v2\/media?parent=8993"}],"curies":[{"name":"wp","href":"https:\/\/api.w.org\/{rel}","templated":true}]}}