{"id":8994,"date":"2020-09-16T08:37:40","date_gmt":"2020-09-16T08:37:40","guid":{"rendered":"https:\/\/www.avanceplasticsurgery.com\/procedimientos-cosmeticos-y-de-cirugia\/cirugia-plastica-de-nariz\/reparacion-de-nariz-de-silla-de-montar\/"},"modified":"2022-04-25T10:59:40","modified_gmt":"2022-04-25T10:59:40","slug":"reparacion-de-nariz-de-silla-de-montar","status":"publish","type":"page","link":"https:\/\/www.avanceplasticsurgery.com\/es\/procedimientos-cosmeticos-y-de-cirugia\/cirugia-plastica-de-nariz\/reparacion-de-nariz-de-silla-de-montar\/","title":{"rendered":"Reparaci\u00f3n de nariz de silla de montar"},"content":{"rendered":"<h1>Reparaci\u00f3n de nariz de silla de montar<\/h1>\n<p>La deformidad de la nariz en silla de montar recibe su nombre de la apariencia distintiva del puente nasal. Diversos traumatismos o enfermedades pueden causar que se presente esta condici\u00f3n, y puede tener repercusiones tanto est\u00e9ticas como funcionales. Se pueden presentar hemorragias nasales frecuentes y dificultad para respirar. Tambi\u00e9n est\u00e1 el problema est\u00e9tico obvio que puede causar verg\u00fcenza y una p\u00e9rdida de confianza en s\u00ed mismo en el paciente. El Dr. Erez Dayan realiza una cirug\u00eda de reparaci\u00f3n de la deformidad de la nariz en silla de montar en el Instituto de Cirug\u00eda Pl\u00e1stica Avance en Reno\/Tahoe, Nevada.<\/p>\n<p>La reparaci\u00f3n de la nariz en silla de montar generalmente implica <a title=\"Cirujano pl\u00e1stico de nariz de Reno NV\" href=\"https:\/\/www.avanceplasticsurgery.com\/es\/cosmetic-and-surgery-procedures\/nose-plastic-surgery\/\">reconstruir la estructura de la nariz<\/a> utilizando cart\u00edlago existente o extra\u00eddo de otra parte del cuerpo del paciente. La estructura subyacente se puede reconstruir y fortalecer de muchas maneras, y el Dr. Dayan recomendar\u00e1 las mejores t\u00e9cnicas y explicar\u00e1 cada parte del procedimiento para que tenga confianza en su enfoque.<\/p>\n<p>Tambi\u00e9n puede usar la tecnolog\u00eda de im\u00e1genes digitales para generar una aproximaci\u00f3n cercana de los resultados de su cirug\u00eda, para darle una idea de su apariencia despu\u00e9s de la cirug\u00eda. El Dr. Dayan tambi\u00e9n explica los riesgos y beneficios de la cirug\u00eda de reparaci\u00f3n de la nariz en silla de montar, para que cada paciente pueda tomar una decisi\u00f3n informada para seguir adelante con el procedimiento.<\/p>\n<button class=\"flc-yt lazyload\" data-id=\"x4GwFTA1Dao\" data-title=\"Revisi\u00f3n de Rinoplastia del Norte de Nevada Antes y Despu\u00e9s | Reparaci\u00f3n de nariz de silla de montar Reno | Dr. Erez Day\u00e1n\" data-bg=\"https:\/\/i.ytimg.com\/vi\/x4GwFTA1Dao\/hqdefault.jpg\" aria-label=\"Play video Revisi\u00f3n de Rinoplastia del Norte de Nevada Antes y Despu\u00e9s | Reparaci\u00f3n de nariz de silla de montar Reno | Dr. Erez Day\u00e1n\">  <div class=\"flc-yt__title\">Revisi\u00f3n de Rinoplastia del Norte de Nevada Antes y Despu\u00e9s | Reparaci\u00f3n de nariz de silla de montar Reno | Dr. Erez Day\u00e1n<\/div>  <span class=\"flc-yt__play\">    <svg viewBox=\"0 0 68 48\" xmlns=\"http:\/\/www.w3.org\/2000\/svg\" aria-hidden=\"true\"><path d=\"M66.5 7.8A8.5 8.5 0 0 0 60.6 2C55.3.5 34 .5 34 .5S12.7.5 7.4 2A8.5 8.5 0 0 0 1.5 7.8C0 13.1 0 24 0 24s0 10.9 1.5 16.2A8.5 8.5 0 0 0 7.4 46C12.7 47.5 34 47.5 34 47.5s21.3 0 26.6-1.5a8.5 8.5 0 0 0 5.9-5.8C68 34.9 68 24 68 24s0-10.9-1.5-16.2Z\" fill=\"#f00\"\/><path d=\"M27 34l18-10-18-10v20Z\" fill=\"#fff\"\/><\/svg>  <\/span><\/button>\n<h2>Correcci\u00f3n de la deformidad de la nariz en Reno\/Lake Tahoe<\/h2>\n<p>La cirug\u00eda para la correcci\u00f3n de la deformidad de la nariz, como la deformidad de la nariz en silla de montar, puede durar alrededor de una hora bajo anestesia general. Los pacientes regresan a casa el mismo d\u00eda, generalmente con f\u00e9rulas colocadas para ayudar a sujetar la nariz mientras sana. Es de esperar algo de dolor e hinchaz\u00f3n, pero esto deber\u00eda desaparecer en unas pocas semanas. El Dr. Dayan le proporcionar\u00e1 analg\u00e9sicos y otros tratamientos para asegurarse de que est\u00e9 sanando c\u00f3modamente.<\/p>\n<p>Recibir\u00e1 instrucciones de cuidado posterior para cuando regrese a casa, incluido c\u00f3mo cuidar su nariz y qu\u00e9 evitar, como actividad extenuante, agacharse demasiado, golpes en la nariz y similares. La curaci\u00f3n completa de la nariz puede demorar hasta un a\u00f1o, por dentro y por fuera, aunque se ver\u00e1 y funcionar\u00e1 normalmente dentro de varias semanas despu\u00e9s de la cirug\u00eda.<\/p>\n<p>Cuando necesite una reparaci\u00f3n de la nariz en silla de montar u otra cirug\u00eda de correcci\u00f3n de la deformidad de la nariz, <a title=\"P\u00f3ngase en contacto con el Instituto de Cirug\u00eda Pl\u00e1stica Avance en Reno NV\" href=\"https:\/\/www.avanceplasticsurgery.com\/es\/contact-us-dr-erez-dayan\/\">comun\u00edquese con el Instituto de Cirug\u00eda Pl\u00e1stica Avance<\/a> en Reno\/Tahoe, NV, y programe una consulta quir\u00fargica con el Dr. Erez Dayan.<\/p>\n","protected":false},"excerpt":{"rendered":"<p>Reparaci\u00f3n de nariz de silla de montar La deformidad de la nariz en silla de montar recibe su nombre&hellip;<\/p>\n","protected":false},"author":1,"featured_media":0,"parent":8984,"menu_order":0,"comment_status":"closed","ping_status":"closed","template":"","meta":{"_acf_changed":false,"footnotes":""},"class_list":["post-8994","page","type-page","status-publish"],"acf":[],"yoast_head":"<!-- This site is optimized with the Yoast SEO plugin v25.6 - https:\/\/yoast.com\/wordpress\/plugins\/seo\/ -->\n<title>Reparaci\u00f3n de nariz de silla de montar Reno NV | Correcci\u00f3n de la deformidad de la nariz del lago Tahoe<\/title>\n<meta name=\"description\" content=\"La cirug\u00eda de reparaci\u00f3n de la nariz en silla de montar puede corregir la apariencia &quot;ahuecada&quot; en el puente de la nariz para lograr una apariencia m\u00e1s natural y atractiva. El Dr. Erez Dayan realiza esta cirug\u00eda en el Avance Plastic Surgery Institute en Reno, NV.\" \/>\n<meta name=\"robots\" content=\"index, follow, max-snippet:-1, max-image-preview:large, max-video-preview:-1\" \/>\n<link rel=\"canonical\" href=\"https:\/\/www.avanceplasticsurgery.com\/es\/procedimientos-cosmeticos-y-de-cirugia\/cirugia-plastica-de-nariz\/reparacion-de-nariz-de-silla-de-montar\/\" \/>\n<meta property=\"og:locale\" content=\"es_ES\" \/>\n<meta property=\"og:type\" content=\"article\" \/>\n<meta property=\"og:title\" content=\"Reparaci\u00f3n de nariz de silla de montar Reno NV | Correcci\u00f3n de la deformidad de la nariz del lago Tahoe\" \/>\n<meta property=\"og:description\" content=\"La cirug\u00eda de reparaci\u00f3n de la nariz en silla de montar puede corregir la apariencia &quot;ahuecada&quot; en el puente de la nariz para lograr una apariencia m\u00e1s natural y atractiva. El Dr. Erez Dayan realiza esta cirug\u00eda en el Avance Plastic Surgery Institute en Reno, NV.\" \/>\n<meta property=\"og:url\" content=\"https:\/\/www.avanceplasticsurgery.com\/es\/procedimientos-cosmeticos-y-de-cirugia\/cirugia-plastica-de-nariz\/reparacion-de-nariz-de-silla-de-montar\/\" \/>\n<meta property=\"og:site_name\" content=\"Avance Plastic Surgery\" \/>\n<meta property=\"article:modified_time\" content=\"2022-04-25T10:59:40+00:00\" \/>\n<meta name=\"twitter:card\" content=\"summary_large_image\" \/>\n<meta name=\"twitter:label1\" content=\"Tiempo de lectura\" \/>\n\t<meta name=\"twitter:data1\" content=\"3 minutos\" \/>\n<!-- \/ Yoast SEO plugin. -->","yoast_head_json":{"title":"Reparaci\u00f3n de nariz de silla de montar Reno NV | Correcci\u00f3n de la deformidad de la nariz del lago Tahoe","description":"La cirug\u00eda de reparaci\u00f3n de la nariz en silla de montar puede corregir la apariencia \"ahuecada\" en el puente de la nariz para lograr una apariencia m\u00e1s natural y atractiva. El Dr. Erez Dayan realiza esta cirug\u00eda en el Avance Plastic Surgery Institute en Reno, NV.","robots":{"index":"index","follow":"follow","max-snippet":"max-snippet:-1","max-image-preview":"max-image-preview:large","max-video-preview":"max-video-preview:-1"},"canonical":"https:\/\/www.avanceplasticsurgery.com\/es\/procedimientos-cosmeticos-y-de-cirugia\/cirugia-plastica-de-nariz\/reparacion-de-nariz-de-silla-de-montar\/","og_locale":"es_ES","og_type":"article","og_title":"Reparaci\u00f3n de nariz de silla de montar Reno NV | Correcci\u00f3n de la deformidad de la nariz del lago Tahoe","og_description":"La cirug\u00eda de reparaci\u00f3n de la nariz en silla de montar puede corregir la apariencia \"ahuecada\" en el puente de la nariz para lograr una apariencia m\u00e1s natural y atractiva. El Dr. Erez Dayan realiza esta cirug\u00eda en el Avance Plastic Surgery Institute en Reno, NV.","og_url":"https:\/\/www.avanceplasticsurgery.com\/es\/procedimientos-cosmeticos-y-de-cirugia\/cirugia-plastica-de-nariz\/reparacion-de-nariz-de-silla-de-montar\/","og_site_name":"Avance Plastic Surgery","article_modified_time":"2022-04-25T10:59:40+00:00","twitter_card":"summary_large_image","twitter_misc":{"Tiempo de lectura":"3 minutos"},"schema":{"@context":"https:\/\/schema.org","@graph":[{"@type":"WebPage","@id":"https:\/\/www.avanceplasticsurgery.com\/es\/procedimientos-cosmeticos-y-de-cirugia\/cirugia-plastica-de-nariz\/reparacion-de-nariz-de-silla-de-montar\/","url":"https:\/\/www.avanceplasticsurgery.com\/es\/procedimientos-cosmeticos-y-de-cirugia\/cirugia-plastica-de-nariz\/reparacion-de-nariz-de-silla-de-montar\/","name":"Reparaci\u00f3n de nariz de silla de montar Reno NV | Correcci\u00f3n de la deformidad de la nariz del lago Tahoe","isPartOf":{"@id":"https:\/\/www.avanceplasticsurgery.com\/es\/#website"},"datePublished":"2020-09-16T08:37:40+00:00","dateModified":"2022-04-25T10:59:40+00:00","description":"La cirug\u00eda de reparaci\u00f3n de la nariz en silla de montar puede corregir la apariencia \"ahuecada\" en el puente de la nariz para lograr una apariencia m\u00e1s natural y atractiva. El Dr. Erez Dayan realiza esta cirug\u00eda en el Avance Plastic Surgery Institute en Reno, NV.","breadcrumb":{"@id":"https:\/\/www.avanceplasticsurgery.com\/es\/procedimientos-cosmeticos-y-de-cirugia\/cirugia-plastica-de-nariz\/reparacion-de-nariz-de-silla-de-montar\/#breadcrumb"},"inLanguage":"es","potentialAction":[{"@type":"ReadAction","target":["https:\/\/www.avanceplasticsurgery.com\/es\/procedimientos-cosmeticos-y-de-cirugia\/cirugia-plastica-de-nariz\/reparacion-de-nariz-de-silla-de-montar\/"]}]},{"@type":"BreadcrumbList","@id":"https:\/\/www.avanceplasticsurgery.com\/es\/procedimientos-cosmeticos-y-de-cirugia\/cirugia-plastica-de-nariz\/reparacion-de-nariz-de-silla-de-montar\/#breadcrumb","itemListElement":[{"@type":"ListItem","position":1,"name":"Home","item":"https:\/\/www.avanceplasticsurgery.com\/es\/"},{"@type":"ListItem","position":2,"name":"Cosm\u00e9tica","item":"https:\/\/www.avanceplasticsurgery.com\/es\/procedimientos-cosmeticos-y-de-cirugia\/"},{"@type":"ListItem","position":3,"name":"Cirug\u00eda pl\u00e1stica de nariz","item":"https:\/\/www.avanceplasticsurgery.com\/es\/procedimientos-cosmeticos-y-de-cirugia\/cirugia-plastica-de-nariz\/"},{"@type":"ListItem","position":4,"name":"Reparaci\u00f3n de nariz de silla de montar"}]},{"@type":"WebSite","@id":"https:\/\/www.avanceplasticsurgery.com\/es\/#website","url":"https:\/\/www.avanceplasticsurgery.com\/es\/","name":"Avance Plastic Surgery","description":"","potentialAction":[{"@type":"SearchAction","target":{"@type":"EntryPoint","urlTemplate":"https:\/\/www.avanceplasticsurgery.com\/es\/?s={search_term_string}"},"query-input":{"@type":"PropertyValueSpecification","valueRequired":true,"valueName":"search_term_string"}}],"inLanguage":"es"}]}},"_links":{"self":[{"href":"https:\/\/www.avanceplasticsurgery.com\/es\/wp-json\/wp\/v2\/pages\/8994","targetHints":{"allow":["GET"]}}],"collection":[{"href":"https:\/\/www.avanceplasticsurgery.com\/es\/wp-json\/wp\/v2\/pages"}],"about":[{"href":"https:\/\/www.avanceplasticsurgery.com\/es\/wp-json\/wp\/v2\/types\/page"}],"author":[{"embeddable":true,"href":"https:\/\/www.avanceplasticsurgery.com\/es\/wp-json\/wp\/v2\/users\/1"}],"replies":[{"embeddable":true,"href":"https:\/\/www.avanceplasticsurgery.com\/es\/wp-json\/wp\/v2\/comments?post=8994"}],"version-history":[{"count":1,"href":"https:\/\/www.avanceplasticsurgery.com\/es\/wp-json\/wp\/v2\/pages\/8994\/revisions"}],"predecessor-version":[{"id":9160,"href":"https:\/\/www.avanceplasticsurgery.com\/es\/wp-json\/wp\/v2\/pages\/8994\/revisions\/9160"}],"up":[{"embeddable":true,"href":"https:\/\/www.avanceplasticsurgery.com\/es\/wp-json\/wp\/v2\/pages\/8984"}],"wp:attachment":[{"href":"https:\/\/www.avanceplasticsurgery.com\/es\/wp-json\/wp\/v2\/media?parent=8994"}],"curies":[{"name":"wp","href":"https:\/\/api.w.org\/{rel}","templated":true}]}}