{"id":8995,"date":"2021-02-25T19:32:11","date_gmt":"2021-02-25T19:32:11","guid":{"rendered":"https:\/\/www.avanceplasticsurgery.com\/procedimientos-cosmeticos-y-de-cirugia\/cirugia-plastica-de-nariz-lake-tahoe-truckee\/"},"modified":"2022-04-25T11:08:43","modified_gmt":"2022-04-25T11:08:43","slug":"cirugia-plastica-de-nariz-lake-tahoe-truckee","status":"publish","type":"page","link":"https:\/\/www.avanceplasticsurgery.com\/es\/procedimientos-cosmeticos-y-de-cirugia\/cirugia-plastica-de-nariz-lake-tahoe-truckee\/","title":{"rendered":"Cirug\u00eda pl\u00e1stica de nariz Lake Tahoe\/Truckee"},"content":{"rendered":"<h1>Cirug\u00eda pl\u00e1stica de nariz en el \u00e1rea de Lake Tahoe\/Truckee<\/h1>\n<p>Si est\u00e1 buscando un cirujano pl\u00e1stico cosm\u00e9tico altamente calificado que ofrezca cirug\u00eda pl\u00e1stica de nariz en el \u00e1rea de Lake Tahoe, dir\u00edjase al Dr. Erez Dayan en Avance Plastic Surgery Institute. La nariz es quiz\u00e1s la caracter\u00edstica m\u00e1s definitoria de tu rostro. Su ubicaci\u00f3n en medio de los <a title=\"Cirug\u00eda cosm\u00e9tica facial de Truckee Lake Tahoe\" href=\"https:\/\/www.avanceplasticsurgery.com\/es\/cosmetic-and-surgery-procedures\/\">otros rasgos faciales<\/a> naturalmente lo hace muy notorio, y su apariencia afecta a todos los dem\u00e1s rasgos. Por lo tanto, no es raro que tanto hombres como mujeres est\u00e9n descontentos con la apariencia de su nariz y c\u00f3mo contribuye a su apariencia general. La cirug\u00eda pl\u00e1stica de nariz es una opci\u00f3n que permite a los pacientes tener una nariz diferente que se complementar\u00e1 mejor y se mezclar\u00e1 con sus facciones.<\/p>\n<p>En otros casos, la nariz puede plantear diferentes problemas. Los traumatismos o los defectos cong\u00e9nitos pueden dejar la nariz deformada o disfuncional. Ciertas condiciones que afectan la nariz pueden hacer que las reparaciones o revisiones sean necesarias para la apariencia y funci\u00f3n. Incluso los procedimientos quir\u00fargicos anteriores pueden requerir otra cirug\u00eda para correcciones.<\/p>\n<p>El Dr. Erez Dayan ofrece cirug\u00eda pl\u00e1stica de nariz de clase mundial a trav\u00e9s de su pr\u00e1ctica en el Instituto de Cirug\u00eda Pl\u00e1stica Avance en el \u00e1rea de Lake Tahoe. El Dr. Dayan es uno de los cirujanos pl\u00e1sticos y reconstructivos est\u00e9ticos m\u00e1s altamente capacitados y con mayor experiencia en los Estados Unidos, y su experiencia lo ha llevado a demostrar t\u00e9cnicas avanzadas de cirug\u00eda pl\u00e1stica en todo el mundo.<\/p>\n<h2>Rinoplastia Cosm\u00e9tica \/ Cirug\u00eda de Nariz en el \u00e1rea de Lake Tahoe<\/h2>\n<p>La rinoplastia cosm\u00e9tica, o cirug\u00eda de nariz, es un procedimiento frecuente realizado por el Dr. Dayan en nuestro centro de cirug\u00eda ubicado en el \u00e1rea de Lake Tahoe. Usando la \u00faltima tecnolog\u00eda est\u00e9tica y t\u00e9cnicas quir\u00fargicas avanzadas, el Dr. Dayan puede realizar revisiones y reparaciones para una serie de condiciones y problemas, que incluyen:<\/p>\n<nav class=\"flc-submenu\" aria-label=\"sub menu\"><ul><li class=\"page_item page-item-8890 page_item_has_children\"><a href=\"https:\/\/www.avanceplasticsurgery.com\/es\/procedimientos-cosmeticos-y-de-cirugia\/cirugia-de-orejas\/\">Cirug\u00eda de orejas<\/a><\/li>\n<li class=\"page_item page-item-8900\"><a href=\"https:\/\/www.avanceplasticsurgery.com\/es\/procedimientos-cosmeticos-y-de-cirugia\/cirugia-de-orejas-lake-tahoe-truckee\/\">Cirug\u00eda de orejas Lake Tahoe\/Truckee<\/a><\/li>\n<li class=\"page_item page-item-8984 page_item_has_children\"><a href=\"https:\/\/www.avanceplasticsurgery.com\/es\/procedimientos-cosmeticos-y-de-cirugia\/cirugia-plastica-de-nariz\/\">Cirug\u00eda pl\u00e1stica de nariz<\/a><\/li>\n<li class=\"page_item page-item-8995\"><a href=\"https:\/\/www.avanceplasticsurgery.com\/es\/procedimientos-cosmeticos-y-de-cirugia\/cirugia-plastica-de-nariz-lake-tahoe-truckee\/\">Cirug\u00eda pl\u00e1stica de nariz Lake Tahoe\/Truckee<\/a><\/li>\n<li class=\"page_item page-item-8996 page_item_has_children\"><a href=\"https:\/\/www.avanceplasticsurgery.com\/es\/procedimientos-cosmeticos-y-de-cirugia\/cirugia-plastica-facial-pediatrica\/\">Cirug\u00eda Pl\u00e1stica Facial Pedi\u00e1trica<\/a><\/li>\n<li class=\"page_item page-item-9005\"><a href=\"https:\/\/www.avanceplasticsurgery.com\/es\/procedimientos-cosmeticos-y-de-cirugia\/cirugia-plastica-facial-pediatrica-lake-tahoe-truckee\/\">Cirug\u00eda pl\u00e1stica facial pedi\u00e1trica Lake Tahoe\/Truckee<\/a><\/li>\n<li class=\"page_item page-item-8983 page_item_has_children\"><a href=\"https:\/\/www.avanceplasticsurgery.com\/es\/procedimientos-cosmeticos-y-de-cirugia\/cirugia-plastica-masculina\/\">Cirug\u00eda Pl\u00e1stica Masculina<\/a><\/li>\n<li class=\"page_item page-item-8976\"><a href=\"https:\/\/www.avanceplasticsurgery.com\/es\/procedimientos-cosmeticos-y-de-cirugia\/cirugia-plastica-masculina-lake-tahoe-truckee\/\">Cirug\u00eda Pl\u00e1stica Masculina Lake Tahoe\/Truckee<\/a><\/li>\n<li class=\"page_item page-item-8956 page_item_has_children\"><a href=\"https:\/\/www.avanceplasticsurgery.com\/es\/procedimientos-cosmeticos-y-de-cirugia\/cirugia-reconstructiva-facial-lake-tahoe-truckee\/\">Cirug\u00eda reconstructiva facial Lake Tahoe\/Truckee<\/a><\/li>\n<li class=\"page_item page-item-9011 page_item_has_children\"><a href=\"https:\/\/www.avanceplasticsurgery.com\/es\/procedimientos-cosmeticos-y-de-cirugia\/eliminacion-del-crecimiento-de-la-piel\/\">Eliminaci\u00f3n del crecimiento de la piel<\/a><\/li>\n<li class=\"page_item page-item-9006 page_item_has_children\"><a href=\"https:\/\/www.avanceplasticsurgery.com\/es\/procedimientos-cosmeticos-y-de-cirugia\/eliminacion-y-revision-de-cicatrices\/\">Eliminaci\u00f3n y revisi\u00f3n de cicatrices<\/a><\/li>\n<li class=\"page_item page-item-9010\"><a href=\"https:\/\/www.avanceplasticsurgery.com\/es\/procedimientos-cosmeticos-y-de-cirugia\/eliminacion-y-revision-de-cicatrices-lake-tahoe-truckee\/\">Eliminaci\u00f3n y revisi\u00f3n de cicatrices Lake Tahoe\/Truckee<\/a><\/li>\n<li class=\"page_item page-item-8901 page_item_has_children\"><a href=\"https:\/\/www.avanceplasticsurgery.com\/es\/procedimientos-cosmeticos-y-de-cirugia\/ojos-y-cejas\/\">ojos y cejas<\/a><\/li>\n<li class=\"page_item page-item-8933\"><a href=\"https:\/\/www.avanceplasticsurgery.com\/es\/procedimientos-cosmeticos-y-de-cirugia\/paralisis-facial\/\">Par\u00e1lisis facial<\/a><\/li>\n<li class=\"page_item page-item-8791 page_item_has_children\"><a href=\"https:\/\/www.avanceplasticsurgery.com\/es\/procedimientos-cosmeticos-y-de-cirugia\/procedimientos-cosmeticos-corporales\/\">Procedimientos Cosm\u00e9ticos Corporales<\/a><\/li>\n<li class=\"page_item page-item-8868\"><a href=\"https:\/\/www.avanceplasticsurgery.com\/es\/procedimientos-cosmeticos-y-de-cirugia\/procedimientos-cosmeticos-corporales-lake-tahoe-truckee\/\">Procedimientos Cosm\u00e9ticos Corporales Lake Tahoe\/Truckee<\/a><\/li>\n<li class=\"page_item page-item-8911 page_item_has_children\"><a href=\"https:\/\/www.avanceplasticsurgery.com\/es\/procedimientos-cosmeticos-y-de-cirugia\/procedimientos-cosmeticos-de-cara-y-cuello\/\">Procedimientos Cosm\u00e9ticos de Cara y Cuello<\/a><\/li>\n<li class=\"page_item page-item-8948\"><a href=\"https:\/\/www.avanceplasticsurgery.com\/es\/procedimientos-cosmeticos-y-de-cirugia\/procedimientos-cosmeticos-de-cara-y-cuello-lake-tahoe-truckee\/\">Procedimientos cosm\u00e9ticos de cara y cuello Lake Tahoe\/Truckee<\/a><\/li>\n<li class=\"page_item page-item-8910\"><a href=\"https:\/\/www.avanceplasticsurgery.com\/es\/procedimientos-cosmeticos-y-de-cirugia\/procedimientos-cosmeticos-para-ojos-y-cejas-lake-tahoe-truckee\/\">Procedimientos cosm\u00e9ticos para ojos y cejas Lake Tahoe\/Truckee<\/a><\/li>\n<li class=\"page_item page-item-8889\"><a href=\"https:\/\/www.avanceplasticsurgery.com\/es\/procedimientos-cosmeticos-y-de-cirugia\/procedimientos-mamarios-lake-tahoe-truckee\/\">Procedimientos mamarios Lake Tahoe\/Truckee<\/a><\/li>\n<li class=\"page_item page-item-8965 page_item_has_children\"><a href=\"https:\/\/www.avanceplasticsurgery.com\/es\/procedimientos-cosmeticos-y-de-cirugia\/procedimientos-y-aumento-de-labios\/\">Procedimientos y Aumento de Labios<\/a><\/li>\n<li class=\"page_item page-item-8974\"><a href=\"https:\/\/www.avanceplasticsurgery.com\/es\/procedimientos-cosmeticos-y-de-cirugia\/procedimientos-y-aumento-de-labios-lake-tahoe-truckee\/\">Procedimientos y aumento de labios Lake Tahoe\/Truckee<\/a><\/li>\n<li class=\"page_item page-item-8932 page_item_has_children\"><a href=\"https:\/\/www.avanceplasticsurgery.com\/es\/procedimientos-cosmeticos-y-de-cirugia\/cirugia-reconstructiva-facial\/\">Reconstrucci\u00f3n<\/a><\/li>\n<li class=\"page_item page-item-8869 page_item_has_children\"><a href=\"https:\/\/www.avanceplasticsurgery.com\/es\/procedimientos-cosmeticos-y-de-cirugia\/seno\/\">Seno<\/a><\/li>\n<li class=\"page_item page-item-8975\"><a href=\"https:\/\/www.avanceplasticsurgery.com\/es\/procedimientos-cosmeticos-y-de-cirugia\/terapia-de-drenaje-linfatico\/\">Terapia de drenaje linf\u00e1tico<\/a><\/li>\n<li class=\"page_item page-item-8964\"><a href=\"https:\/\/www.avanceplasticsurgery.com\/es\/procedimientos-cosmeticos-y-de-cirugia\/transplante-de-pelo\/\">Transplante de pelo<\/a><\/li>\n<li class=\"page_item page-item-8946 page_item_has_children\"><a href=\"https:\/\/www.avanceplasticsurgery.com\/es\/procedimientos-cosmeticos-y-de-cirugia\/tratamientos-de-relleno-facial-y-dermico\/\">Tratamientos de relleno facial y d\u00e9rmico<\/a><\/li>\n<li class=\"page_item page-item-8934\"><a href=\"https:\/\/www.avanceplasticsurgery.com\/es\/procedimientos-cosmeticos-y-de-cirugia\/tratamientos-de-relleno-facial-y-dermico-lake-tahoe-truckee\/\">Tratamientos de relleno facial y d\u00e9rmico Lake Tahoe\/Truckee<\/a><\/li>\n<\/ul><\/nav>\n<p>La rinoplastia est\u00e9tica puede tomar muchas formas, y el Dr. Dayan tiene el ojo art\u00edstico y las manos h\u00e1biles para crear una nariz que se equilibre perfectamente con su rostro, mezcl\u00e1ndose con sus otras caracter\u00edsticas para una apariencia general atractiva. <a title=\"Comun\u00edquese con el Instituto de Cirug\u00eda Pl\u00e1stica Avance cerca de Truckee Lake Tahoe\" href=\"https:\/\/www.avanceplasticsurgery.com\/es\/contact-us-dr-erez-dayan\/\">P\u00f3ngase en contacto con Avance Plastic Surgery Institute<\/a> hoy para una consulta de cirug\u00eda pl\u00e1stica de nariz con el Dr. Dayan en nuestro centro en el \u00e1rea de Lake Tahoe.<\/p>\n<p>El Dr. Erez Dayan ha realizado una extensa investigaci\u00f3n sobre el desarrollo de consistencia en la cirug\u00eda y los resultados de la rinoplastia. Lea m\u00e1s sobre la investigaci\u00f3n de la rinoplastia del Dr. Dayan <a href=\"https:\/\/www.avanceplasticsurgery.com\/es\/about-avance-plastic-surgery-institute\/research\/#rhinoplasty\">aqu\u00ed<\/a> .<\/p>\n","protected":false},"excerpt":{"rendered":"<p>Cirug\u00eda pl\u00e1stica de nariz en el \u00e1rea de Lake Tahoe\/Truckee Si est\u00e1 buscando un cirujano pl\u00e1stico cosm\u00e9tico altamente calificado&hellip;<\/p>\n","protected":false},"author":1,"featured_media":8585,"parent":8804,"menu_order":0,"comment_status":"closed","ping_status":"closed","template":"","meta":{"_acf_changed":false,"footnotes":""},"class_list":["post-8995","page","type-page","status-publish","has-post-thumbnail"],"acf":[],"yoast_head":"<!-- This site is optimized with the Yoast SEO plugin v25.6 - https:\/\/yoast.com\/wordpress\/plugins\/seo\/ -->\n<title>Cirujano pl\u00e1stico de nariz de Lake Tahoe | Cirug\u00eda Est\u00e9tica de Nariz de Truckee<\/title>\n<meta name=\"description\" content=\"La cirug\u00eda pl\u00e1stica de nariz, o rinoplastia, es un procedimiento com\u00fan realizado por el Dr. Erez Dayan del Instituto de Cirug\u00eda Pl\u00e1stica Avance en nuestro centro en el \u00e1rea de Lake Tahoe. Llame hoy para una consulta de cirug\u00eda est\u00e9tica de nariz para corregir una variedad de deformidades y condiciones.\" \/>\n<meta name=\"robots\" content=\"index, follow, max-snippet:-1, max-image-preview:large, max-video-preview:-1\" \/>\n<link rel=\"canonical\" href=\"https:\/\/www.avanceplasticsurgery.com\/es\/procedimientos-cosmeticos-y-de-cirugia\/cirugia-plastica-de-nariz-lake-tahoe-truckee\/\" \/>\n<meta property=\"og:locale\" content=\"es_ES\" \/>\n<meta property=\"og:type\" content=\"article\" \/>\n<meta property=\"og:title\" content=\"Cirujano pl\u00e1stico de nariz de Lake Tahoe | Cirug\u00eda Est\u00e9tica de Nariz de Truckee\" \/>\n<meta property=\"og:description\" content=\"La cirug\u00eda pl\u00e1stica de nariz, o rinoplastia, es un procedimiento com\u00fan realizado por el Dr. Erez Dayan del Instituto de Cirug\u00eda Pl\u00e1stica Avance en nuestro centro en el \u00e1rea de Lake Tahoe. Llame hoy para una consulta de cirug\u00eda est\u00e9tica de nariz para corregir una variedad de deformidades y condiciones.\" \/>\n<meta property=\"og:url\" content=\"https:\/\/www.avanceplasticsurgery.com\/es\/procedimientos-cosmeticos-y-de-cirugia\/cirugia-plastica-de-nariz-lake-tahoe-truckee\/\" \/>\n<meta property=\"og:site_name\" content=\"Avance Plastic Surgery\" \/>\n<meta property=\"article:modified_time\" content=\"2022-04-25T11:08:43+00:00\" \/>\n<meta property=\"og:image\" content=\"https:\/\/www.avanceplasticsurgery.com\/wp-content\/uploads\/2022\/01\/nose.jpg\" \/>\n\t<meta property=\"og:image:width\" content=\"1920\" \/>\n\t<meta property=\"og:image:height\" content=\"595\" \/>\n\t<meta property=\"og:image:type\" content=\"image\/jpeg\" \/>\n<meta name=\"twitter:card\" content=\"summary_large_image\" \/>\n<meta name=\"twitter:label1\" content=\"Tiempo de lectura\" \/>\n\t<meta name=\"twitter:data1\" content=\"2 minutos\" \/>\n<!-- \/ Yoast SEO plugin. -->","yoast_head_json":{"title":"Cirujano pl\u00e1stico de nariz de Lake Tahoe | Cirug\u00eda Est\u00e9tica de Nariz de Truckee","description":"La cirug\u00eda pl\u00e1stica de nariz, o rinoplastia, es un procedimiento com\u00fan realizado por el Dr. Erez Dayan del Instituto de Cirug\u00eda Pl\u00e1stica Avance en nuestro centro en el \u00e1rea de Lake Tahoe. Llame hoy para una consulta de cirug\u00eda est\u00e9tica de nariz para corregir una variedad de deformidades y condiciones.","robots":{"index":"index","follow":"follow","max-snippet":"max-snippet:-1","max-image-preview":"max-image-preview:large","max-video-preview":"max-video-preview:-1"},"canonical":"https:\/\/www.avanceplasticsurgery.com\/es\/procedimientos-cosmeticos-y-de-cirugia\/cirugia-plastica-de-nariz-lake-tahoe-truckee\/","og_locale":"es_ES","og_type":"article","og_title":"Cirujano pl\u00e1stico de nariz de Lake Tahoe | Cirug\u00eda Est\u00e9tica de Nariz de Truckee","og_description":"La cirug\u00eda pl\u00e1stica de nariz, o rinoplastia, es un procedimiento com\u00fan realizado por el Dr. Erez Dayan del Instituto de Cirug\u00eda Pl\u00e1stica Avance en nuestro centro en el \u00e1rea de Lake Tahoe. Llame hoy para una consulta de cirug\u00eda est\u00e9tica de nariz para corregir una variedad de deformidades y condiciones.","og_url":"https:\/\/www.avanceplasticsurgery.com\/es\/procedimientos-cosmeticos-y-de-cirugia\/cirugia-plastica-de-nariz-lake-tahoe-truckee\/","og_site_name":"Avance Plastic Surgery","article_modified_time":"2022-04-25T11:08:43+00:00","og_image":[{"width":1920,"height":595,"url":"https:\/\/www.avanceplasticsurgery.com\/wp-content\/uploads\/2022\/01\/nose.jpg","type":"image\/jpeg"}],"twitter_card":"summary_large_image","twitter_misc":{"Tiempo de lectura":"2 minutos"},"schema":{"@context":"https:\/\/schema.org","@graph":[{"@type":"WebPage","@id":"https:\/\/www.avanceplasticsurgery.com\/es\/procedimientos-cosmeticos-y-de-cirugia\/cirugia-plastica-de-nariz-lake-tahoe-truckee\/","url":"https:\/\/www.avanceplasticsurgery.com\/es\/procedimientos-cosmeticos-y-de-cirugia\/cirugia-plastica-de-nariz-lake-tahoe-truckee\/","name":"Cirujano pl\u00e1stico de nariz de Lake Tahoe | Cirug\u00eda Est\u00e9tica de Nariz de Truckee","isPartOf":{"@id":"https:\/\/www.avanceplasticsurgery.com\/es\/#website"},"primaryImageOfPage":{"@id":"https:\/\/www.avanceplasticsurgery.com\/es\/procedimientos-cosmeticos-y-de-cirugia\/cirugia-plastica-de-nariz-lake-tahoe-truckee\/#primaryimage"},"image":{"@id":"https:\/\/www.avanceplasticsurgery.com\/es\/procedimientos-cosmeticos-y-de-cirugia\/cirugia-plastica-de-nariz-lake-tahoe-truckee\/#primaryimage"},"thumbnailUrl":"https:\/\/www.avanceplasticsurgery.com\/wp-content\/uploads\/2022\/01\/nose.jpg","datePublished":"2021-02-25T19:32:11+00:00","dateModified":"2022-04-25T11:08:43+00:00","description":"La cirug\u00eda pl\u00e1stica de nariz, o rinoplastia, es un procedimiento com\u00fan realizado por el Dr. Erez Dayan del Instituto de Cirug\u00eda Pl\u00e1stica Avance en nuestro centro en el \u00e1rea de Lake Tahoe. Llame hoy para una consulta de cirug\u00eda est\u00e9tica de nariz para corregir una variedad de deformidades y condiciones.","breadcrumb":{"@id":"https:\/\/www.avanceplasticsurgery.com\/es\/procedimientos-cosmeticos-y-de-cirugia\/cirugia-plastica-de-nariz-lake-tahoe-truckee\/#breadcrumb"},"inLanguage":"es","potentialAction":[{"@type":"ReadAction","target":["https:\/\/www.avanceplasticsurgery.com\/es\/procedimientos-cosmeticos-y-de-cirugia\/cirugia-plastica-de-nariz-lake-tahoe-truckee\/"]}]},{"@type":"ImageObject","inLanguage":"es","@id":"https:\/\/www.avanceplasticsurgery.com\/es\/procedimientos-cosmeticos-y-de-cirugia\/cirugia-plastica-de-nariz-lake-tahoe-truckee\/#primaryimage","url":"https:\/\/www.avanceplasticsurgery.com\/wp-content\/uploads\/2022\/01\/nose.jpg","contentUrl":"https:\/\/www.avanceplasticsurgery.com\/wp-content\/uploads\/2022\/01\/nose.jpg","width":1920,"height":595,"caption":"Un m\u00e9dico con bata blanca utiliza un calibre digital para medir la distancia entre los ojos de una mujer. La mujer tiene el pelo largo y oscuro y mira al m\u00e9dico, que est\u00e1 concentrado en la medici\u00f3n."},{"@type":"BreadcrumbList","@id":"https:\/\/www.avanceplasticsurgery.com\/es\/procedimientos-cosmeticos-y-de-cirugia\/cirugia-plastica-de-nariz-lake-tahoe-truckee\/#breadcrumb","itemListElement":[{"@type":"ListItem","position":1,"name":"Home","item":"https:\/\/www.avanceplasticsurgery.com\/es\/"},{"@type":"ListItem","position":2,"name":"Cosm\u00e9tica","item":"https:\/\/www.avanceplasticsurgery.com\/es\/procedimientos-cosmeticos-y-de-cirugia\/"},{"@type":"ListItem","position":3,"name":"Cirug\u00eda pl\u00e1stica de nariz Lake Tahoe\/Truckee"}]},{"@type":"WebSite","@id":"https:\/\/www.avanceplasticsurgery.com\/es\/#website","url":"https:\/\/www.avanceplasticsurgery.com\/es\/","name":"Avance Plastic Surgery","description":"","potentialAction":[{"@type":"SearchAction","target":{"@type":"EntryPoint","urlTemplate":"https:\/\/www.avanceplasticsurgery.com\/es\/?s={search_term_string}"},"query-input":{"@type":"PropertyValueSpecification","valueRequired":true,"valueName":"search_term_string"}}],"inLanguage":"es"}]}},"_links":{"self":[{"href":"https:\/\/www.avanceplasticsurgery.com\/es\/wp-json\/wp\/v2\/pages\/8995","targetHints":{"allow":["GET"]}}],"collection":[{"href":"https:\/\/www.avanceplasticsurgery.com\/es\/wp-json\/wp\/v2\/pages"}],"about":[{"href":"https:\/\/www.avanceplasticsurgery.com\/es\/wp-json\/wp\/v2\/types\/page"}],"author":[{"embeddable":true,"href":"https:\/\/www.avanceplasticsurgery.com\/es\/wp-json\/wp\/v2\/users\/1"}],"replies":[{"embeddable":true,"href":"https:\/\/www.avanceplasticsurgery.com\/es\/wp-json\/wp\/v2\/comments?post=8995"}],"version-history":[{"count":2,"href":"https:\/\/www.avanceplasticsurgery.com\/es\/wp-json\/wp\/v2\/pages\/8995\/revisions"}],"predecessor-version":[{"id":9170,"href":"https:\/\/www.avanceplasticsurgery.com\/es\/wp-json\/wp\/v2\/pages\/8995\/revisions\/9170"}],"up":[{"embeddable":true,"href":"https:\/\/www.avanceplasticsurgery.com\/es\/wp-json\/wp\/v2\/pages\/8804"}],"wp:featuredmedia":[{"embeddable":true,"href":"https:\/\/www.avanceplasticsurgery.com\/es\/wp-json\/wp\/v2\/media\/8585"}],"wp:attachment":[{"href":"https:\/\/www.avanceplasticsurgery.com\/es\/wp-json\/wp\/v2\/media?parent=8995"}],"curies":[{"name":"wp","href":"https:\/\/api.w.org\/{rel}","templated":true}]}}