{"id":8996,"date":"2020-09-20T12:25:05","date_gmt":"2020-09-20T12:25:05","guid":{"rendered":"https:\/\/www.avanceplasticsurgery.com\/procedimientos-cosmeticos-y-de-cirugia\/cirugia-plastica-facial-pediatrica\/"},"modified":"2022-04-25T11:08:51","modified_gmt":"2022-04-25T11:08:51","slug":"cirugia-plastica-facial-pediatrica","status":"publish","type":"page","link":"https:\/\/www.avanceplasticsurgery.com\/es\/procedimientos-cosmeticos-y-de-cirugia\/cirugia-plastica-facial-pediatrica\/","title":{"rendered":"Cirug\u00eda Pl\u00e1stica Facial Pedi\u00e1trica"},"content":{"rendered":"<h1>Cirug\u00eda Pl\u00e1stica Facial Pedi\u00e1trica<\/h1>\n<p>No es poca cosa cuando su peque\u00f1o necesita una cirug\u00eda pl\u00e1stica facial pedi\u00e1trica. Trabajar con ni\u00f1os peque\u00f1os requiere un cirujano delicado y experimentado. El Instituto de Cirug\u00eda Pl\u00e1stica Avance en Reno\/Tahoe, NV, se complace en ofrecer este servicio \u00fanico a pacientes de todo el pa\u00eds. El Dr. Erez Dayan es un cirujano pl\u00e1stico cosm\u00e9tico y reconstructivo altamente calificado que tiene la capacitaci\u00f3n y la experiencia para realizar cirug\u00edas pl\u00e1sticas faciales pedi\u00e1tricas complejas.<\/p>\n<p>Las necesidades de cirug\u00eda pl\u00e1stica facial pedi\u00e1trica pueden variar, desde traumatismos hasta defectos cong\u00e9nitos. El Dr. Dayan se da cuenta de la incre\u00edble sensibilidad que rodea la realizaci\u00f3n de procedimientos quir\u00fargicos en ni\u00f1os peque\u00f1os y ni\u00f1os. \u00c9l y su talentoso equipo en Avance Plastic Surgery Institute tienen el comportamiento, las habilidades, el equipo y la experiencia que desea cuando su peque\u00f1o necesita una cirug\u00eda correctiva.<\/p>\n<h2>Reno Especialista en Cirug\u00eda Pl\u00e1stica Infantil<\/h2>\n<p>A menudo, los ni\u00f1os nacen con deformidades visibles en las orejas. Las orejas pueden tener malformaciones, deformarse o incluso perder toda o una parte de la estructura del cart\u00edlago externo. Los ni\u00f1os tambi\u00e9n pueden formar nevus o lunares molestos que plantean problemas est\u00e9ticos o incluso funcionales, seg\u00fan su ubicaci\u00f3n. Los ni\u00f1os tambi\u00e9n pueden lesionarse y sufrir cicatrices desfigurantes o antiest\u00e9ticas que pueden plantear diferentes desaf\u00edos.<\/p>\n<p>Independientemente de la causa, el Dr. Dayan es un especialista en cirug\u00eda pl\u00e1stica infantil de Reno que ofrece las siguientes opciones de cirug\u00eda pl\u00e1stica facial pedi\u00e1trica:<\/p>\n<nav class=\"flc-submenu\" aria-label=\"sub menu\"><ul><li class=\"page_item page-item-9004\"><a href=\"https:\/\/www.avanceplasticsurgery.com\/es\/procedimientos-cosmeticos-y-de-cirugia\/cirugia-plastica-facial-pediatrica\/deformidad-prominente-del-oido\/\">Deformidad prominente del o\u00eddo<\/a><\/li>\n<li class=\"page_item page-item-9000\"><a href=\"https:\/\/www.avanceplasticsurgery.com\/es\/procedimientos-cosmeticos-y-de-cirugia\/cirugia-plastica-facial-pediatrica\/eliminacion-de-lunares-pediatricos\/\">Eliminaci\u00f3n de lunares pedi\u00e1tricos<\/a><\/li>\n<li class=\"page_item page-item-8999\"><a href=\"https:\/\/www.avanceplasticsurgery.com\/es\/procedimientos-cosmeticos-y-de-cirugia\/cirugia-plastica-facial-pediatrica\/moldeo-de-oidos-para-recien-nacidos\/\">Moldeo de o\u00eddos para reci\u00e9n nacidos<\/a><\/li>\n<li class=\"page_item page-item-9002\"><a href=\"https:\/\/www.avanceplasticsurgery.com\/es\/procedimientos-cosmeticos-y-de-cirugia\/cirugia-plastica-facial-pediatrica\/revision-de-cicatrices-pediatricas\/\">Revisi\u00f3n de cicatrices pedi\u00e1tricas<\/a><\/li>\n<\/ul><\/nav>\n<p>Su hijo merece la oportunidad de crecer y disfrutar de la vida sin las restricciones o complicaciones que plantean las deformidades o lesiones. El Dr. Dayan y el equipo de est\u00e9tica del Instituto de Cirug\u00eda Pl\u00e1stica Avance en Reno\/Tahoe est\u00e1n dedicados a ayudar a su hijo a vivir su mejor vida. <a title=\"P\u00f3ngase en contacto con el Instituto de Cirug\u00eda Pl\u00e1stica Avance en Reno NV\" href=\"https:\/\/www.avanceplasticsurgery.com\/contact-us-dr-erez-dayan\/\">Comun\u00edquese con Avance Plastic Surgery Institute<\/a> cuando necesite un especialista talentoso para cirug\u00eda pl\u00e1stica infantil. Un miembro del equipo estar\u00e1 encantado de programar una consulta de cirug\u00eda pl\u00e1stica facial pedi\u00e1trica con el Dr. Dayan.<\/p>\n","protected":false},"excerpt":{"rendered":"<p>Cirug\u00eda Pl\u00e1stica Facial Pedi\u00e1trica No es poca cosa cuando su peque\u00f1o necesita una cirug\u00eda pl\u00e1stica facial pedi\u00e1trica. Trabajar con&hellip;<\/p>\n","protected":false},"author":1,"featured_media":8584,"parent":8804,"menu_order":0,"comment_status":"closed","ping_status":"closed","template":"","meta":{"_acf_changed":false,"footnotes":""},"class_list":["post-8996","page","type-page","status-publish","has-post-thumbnail"],"acf":[],"yoast_head":"<!-- This site is optimized with the Yoast SEO plugin v27.3 - https:\/\/yoast.com\/product\/yoast-seo-wordpress\/ -->\n<title>Reno NV Cirug\u00eda pl\u00e1stica facial pedi\u00e1trica | Cirug\u00eda pl\u00e1stica para ni\u00f1os en Lake Tahoe<\/title>\n<meta name=\"description\" content=\"Cuando su peque\u00f1o necesite una cirug\u00eda pl\u00e1stica facial pedi\u00e1trica por un defecto cong\u00e9nito o una lesi\u00f3n, no conf\u00ede en nadie m\u00e1s que en el Dr. Erez Dayan del Instituto de Cirug\u00eda Pl\u00e1stica Avance en Reno. Llame hoy para programar una consulta confidencial de cirug\u00eda pedi\u00e1trica.\" \/>\n<meta name=\"robots\" content=\"index, follow, max-snippet:-1, max-image-preview:large, max-video-preview:-1\" \/>\n<link rel=\"canonical\" href=\"https:\/\/www.avanceplasticsurgery.com\/es\/procedimientos-cosmeticos-y-de-cirugia\/cirugia-plastica-facial-pediatrica\/\" \/>\n<meta property=\"og:locale\" content=\"es_ES\" \/>\n<meta property=\"og:type\" content=\"article\" \/>\n<meta property=\"og:title\" content=\"Reno NV Cirug\u00eda pl\u00e1stica facial pedi\u00e1trica | Cirug\u00eda pl\u00e1stica para ni\u00f1os en Lake Tahoe\" \/>\n<meta property=\"og:description\" content=\"Cuando su peque\u00f1o necesite una cirug\u00eda pl\u00e1stica facial pedi\u00e1trica por un defecto cong\u00e9nito o una lesi\u00f3n, no conf\u00ede en nadie m\u00e1s que en el Dr. Erez Dayan del Instituto de Cirug\u00eda Pl\u00e1stica Avance en Reno. Llame hoy para programar una consulta confidencial de cirug\u00eda pedi\u00e1trica.\" \/>\n<meta property=\"og:url\" content=\"https:\/\/www.avanceplasticsurgery.com\/es\/procedimientos-cosmeticos-y-de-cirugia\/cirugia-plastica-facial-pediatrica\/\" \/>\n<meta property=\"og:site_name\" content=\"Avance Plastic Surgery\" \/>\n<meta property=\"article:modified_time\" content=\"2022-04-25T11:08:51+00:00\" \/>\n<meta property=\"og:image\" content=\"https:\/\/www.avanceplasticsurgery.com\/wp-content\/uploads\/2022\/01\/man.jpg\" \/>\n\t<meta property=\"og:image:width\" content=\"1920\" \/>\n\t<meta property=\"og:image:height\" content=\"595\" \/>\n\t<meta property=\"og:image:type\" content=\"image\/jpeg\" \/>\n<meta name=\"twitter:card\" content=\"summary_large_image\" \/>\n<meta name=\"twitter:label1\" content=\"Tiempo de lectura\" \/>\n\t<meta name=\"twitter:data1\" content=\"2 minutos\" \/>\n<!-- \/ Yoast SEO plugin. -->","yoast_head_json":{"title":"Reno NV Cirug\u00eda pl\u00e1stica facial pedi\u00e1trica | Cirug\u00eda pl\u00e1stica para ni\u00f1os en Lake Tahoe","description":"Cuando su peque\u00f1o necesite una cirug\u00eda pl\u00e1stica facial pedi\u00e1trica por un defecto cong\u00e9nito o una lesi\u00f3n, no conf\u00ede en nadie m\u00e1s que en el Dr. Erez Dayan del Instituto de Cirug\u00eda Pl\u00e1stica Avance en Reno. Llame hoy para programar una consulta confidencial de cirug\u00eda pedi\u00e1trica.","robots":{"index":"index","follow":"follow","max-snippet":"max-snippet:-1","max-image-preview":"max-image-preview:large","max-video-preview":"max-video-preview:-1"},"canonical":"https:\/\/www.avanceplasticsurgery.com\/es\/procedimientos-cosmeticos-y-de-cirugia\/cirugia-plastica-facial-pediatrica\/","og_locale":"es_ES","og_type":"article","og_title":"Reno NV Cirug\u00eda pl\u00e1stica facial pedi\u00e1trica | Cirug\u00eda pl\u00e1stica para ni\u00f1os en Lake Tahoe","og_description":"Cuando su peque\u00f1o necesite una cirug\u00eda pl\u00e1stica facial pedi\u00e1trica por un defecto cong\u00e9nito o una lesi\u00f3n, no conf\u00ede en nadie m\u00e1s que en el Dr. Erez Dayan del Instituto de Cirug\u00eda Pl\u00e1stica Avance en Reno. Llame hoy para programar una consulta confidencial de cirug\u00eda pedi\u00e1trica.","og_url":"https:\/\/www.avanceplasticsurgery.com\/es\/procedimientos-cosmeticos-y-de-cirugia\/cirugia-plastica-facial-pediatrica\/","og_site_name":"Avance Plastic Surgery","article_modified_time":"2022-04-25T11:08:51+00:00","og_image":[{"width":1920,"height":595,"url":"https:\/\/www.avanceplasticsurgery.com\/wp-content\/uploads\/2022\/01\/man.jpg","type":"image\/jpeg"}],"twitter_card":"summary_large_image","twitter_misc":{"Tiempo de lectura":"2 minutos"},"schema":{"@context":"https:\/\/schema.org","@graph":[{"@type":"WebPage","@id":"https:\/\/www.avanceplasticsurgery.com\/es\/procedimientos-cosmeticos-y-de-cirugia\/cirugia-plastica-facial-pediatrica\/","url":"https:\/\/www.avanceplasticsurgery.com\/es\/procedimientos-cosmeticos-y-de-cirugia\/cirugia-plastica-facial-pediatrica\/","name":"Reno NV Cirug\u00eda pl\u00e1stica facial pedi\u00e1trica | Cirug\u00eda pl\u00e1stica para ni\u00f1os en Lake Tahoe","isPartOf":{"@id":"https:\/\/www.avanceplasticsurgery.com\/es\/#website"},"primaryImageOfPage":{"@id":"https:\/\/www.avanceplasticsurgery.com\/es\/procedimientos-cosmeticos-y-de-cirugia\/cirugia-plastica-facial-pediatrica\/#primaryimage"},"image":{"@id":"https:\/\/www.avanceplasticsurgery.com\/es\/procedimientos-cosmeticos-y-de-cirugia\/cirugia-plastica-facial-pediatrica\/#primaryimage"},"thumbnailUrl":"https:\/\/www.avanceplasticsurgery.com\/wp-content\/uploads\/2022\/01\/man.jpg","datePublished":"2020-09-20T12:25:05+00:00","dateModified":"2022-04-25T11:08:51+00:00","description":"Cuando su peque\u00f1o necesite una cirug\u00eda pl\u00e1stica facial pedi\u00e1trica por un defecto cong\u00e9nito o una lesi\u00f3n, no conf\u00ede en nadie m\u00e1s que en el Dr. Erez Dayan del Instituto de Cirug\u00eda Pl\u00e1stica Avance en Reno. Llame hoy para programar una consulta confidencial de cirug\u00eda pedi\u00e1trica.","breadcrumb":{"@id":"https:\/\/www.avanceplasticsurgery.com\/es\/procedimientos-cosmeticos-y-de-cirugia\/cirugia-plastica-facial-pediatrica\/#breadcrumb"},"inLanguage":"es","potentialAction":[{"@type":"ReadAction","target":["https:\/\/www.avanceplasticsurgery.com\/es\/procedimientos-cosmeticos-y-de-cirugia\/cirugia-plastica-facial-pediatrica\/"]}]},{"@type":"ImageObject","inLanguage":"es","@id":"https:\/\/www.avanceplasticsurgery.com\/es\/procedimientos-cosmeticos-y-de-cirugia\/cirugia-plastica-facial-pediatrica\/#primaryimage","url":"https:\/\/www.avanceplasticsurgery.com\/wp-content\/uploads\/2022\/01\/man.jpg","contentUrl":"https:\/\/www.avanceplasticsurgery.com\/wp-content\/uploads\/2022\/01\/man.jpg","width":1920,"height":595,"caption":"Un hombre con gafas, bata blanca, camisa azul y corbata azul marino sonr\u00ede confiado con los brazos cruzados sobre un fondo gris liso."},{"@type":"BreadcrumbList","@id":"https:\/\/www.avanceplasticsurgery.com\/es\/procedimientos-cosmeticos-y-de-cirugia\/cirugia-plastica-facial-pediatrica\/#breadcrumb","itemListElement":[{"@type":"ListItem","position":1,"name":"Home","item":"https:\/\/www.avanceplasticsurgery.com\/es\/"},{"@type":"ListItem","position":2,"name":"Cosm\u00e9tica","item":"https:\/\/www.avanceplasticsurgery.com\/es\/procedimientos-cosmeticos-y-de-cirugia\/"},{"@type":"ListItem","position":3,"name":"Cirug\u00eda Pl\u00e1stica Facial Pedi\u00e1trica"}]},{"@type":"WebSite","@id":"https:\/\/www.avanceplasticsurgery.com\/es\/#website","url":"https:\/\/www.avanceplasticsurgery.com\/es\/","name":"Avance Plastic Surgery","description":"","potentialAction":[{"@type":"SearchAction","target":{"@type":"EntryPoint","urlTemplate":"https:\/\/www.avanceplasticsurgery.com\/es\/?s={search_term_string}"},"query-input":{"@type":"PropertyValueSpecification","valueRequired":true,"valueName":"search_term_string"}}],"inLanguage":"es"}]}},"_links":{"self":[{"href":"https:\/\/www.avanceplasticsurgery.com\/es\/wp-json\/wp\/v2\/pages\/8996","targetHints":{"allow":["GET"]}}],"collection":[{"href":"https:\/\/www.avanceplasticsurgery.com\/es\/wp-json\/wp\/v2\/pages"}],"about":[{"href":"https:\/\/www.avanceplasticsurgery.com\/es\/wp-json\/wp\/v2\/types\/page"}],"author":[{"embeddable":true,"href":"https:\/\/www.avanceplasticsurgery.com\/es\/wp-json\/wp\/v2\/users\/1"}],"replies":[{"embeddable":true,"href":"https:\/\/www.avanceplasticsurgery.com\/es\/wp-json\/wp\/v2\/comments?post=8996"}],"version-history":[{"count":2,"href":"https:\/\/www.avanceplasticsurgery.com\/es\/wp-json\/wp\/v2\/pages\/8996\/revisions"}],"predecessor-version":[{"id":9171,"href":"https:\/\/www.avanceplasticsurgery.com\/es\/wp-json\/wp\/v2\/pages\/8996\/revisions\/9171"}],"up":[{"embeddable":true,"href":"https:\/\/www.avanceplasticsurgery.com\/es\/wp-json\/wp\/v2\/pages\/8804"}],"wp:featuredmedia":[{"embeddable":true,"href":"https:\/\/www.avanceplasticsurgery.com\/es\/wp-json\/wp\/v2\/media\/8584"}],"wp:attachment":[{"href":"https:\/\/www.avanceplasticsurgery.com\/es\/wp-json\/wp\/v2\/media?parent=8996"}],"curies":[{"name":"wp","href":"https:\/\/api.w.org\/{rel}","templated":true}]}}