{"id":8999,"date":"2020-09-20T12:26:31","date_gmt":"2020-09-20T12:26:31","guid":{"rendered":"https:\/\/www.avanceplasticsurgery.com\/procedimientos-cosmeticos-y-de-cirugia\/cirugia-plastica-facial-pediatrica\/moldeo-de-oidos-para-recien-nacidos\/"},"modified":"2022-04-25T11:10:02","modified_gmt":"2022-04-25T11:10:02","slug":"moldeo-de-oidos-para-recien-nacidos","status":"publish","type":"page","link":"https:\/\/www.avanceplasticsurgery.com\/es\/procedimientos-cosmeticos-y-de-cirugia\/cirugia-plastica-facial-pediatrica\/moldeo-de-oidos-para-recien-nacidos\/","title":{"rendered":"Moldeo de o\u00eddos para reci\u00e9n nacidos"},"content":{"rendered":"<h1>Moldeo de o\u00eddos para reci\u00e9n nacidos<\/h1>\n<p>Entre 15 y %-20% de todos los reci\u00e9n nacidos nacen con alg\u00fan tipo de deformidad en la oreja. Algunos de estos pueden corregirse solos con el tiempo, pero la mayor\u00eda requerir\u00e1 una remodelaci\u00f3n cosm\u00e9tica para que parezca normal. Durante los primeros d\u00edas despu\u00e9s del nacimiento, se puede realizar un moldeado no invasivo del o\u00eddo del reci\u00e9n nacido para remodelar muchas deformidades del o\u00eddo. El Dr. Erez Dayan ofrece este servicio en el Avance Plastic Surgery Institute en Reno\/Tahoe, NV.<\/p>\n<p>Es posible moldear las orejas de los reci\u00e9n nacidos sin cirug\u00eda en los primeros d\u00edas despu\u00e9s del nacimiento, cuando los altos niveles de estr\u00f3geno hacen que el cart\u00edlago de la oreja sea especialmente flexible. Durante este tiempo, el Dr. Dayan puede remodelar el cart\u00edlago de la oreja existente y colocar una forma sobre \u00e9l para sostenerlo hasta que la forma se solidifique. Este es un procedimiento indoloro y no interfiere con el sue\u00f1o, la audici\u00f3n o la lactancia.<\/p>\n<p>Este <a title=\"Reno NV Cirug\u00eda Pl\u00e1stica Facial Pedi\u00e1trica\" href=\"https:\/\/www.avanceplasticsurgery.com\/es\/cosmetic-and-surgery-procedures\/pediatric-facial-plastic-surgery\/\">procedimiento de cirug\u00eda pl\u00e1stica facial pedi\u00e1trica<\/a> solo es posible cuando hay suficiente cart\u00edlago en la oreja. Si las deformidades de moderadas a severas requieren un moldeado o injerto extenso, se necesita una cirug\u00eda de orejas o una otoplastia.<\/p>\n<h2>Reconstrucci\u00f3n de o\u00eddo infantil<\/h2>\n<p>La reconstrucci\u00f3n del o\u00eddo infantil a veces es necesaria si una deformidad del o\u00eddo deja el o\u00eddo severamente deformado o falta parte de la estructura. Esto puede deberse a problemas con el desarrollo del o\u00eddo antes del nacimiento o al hecho de que el beb\u00e9 se recuesta sobre su cabeza de una manera particular dentro del \u00fatero de la madre. Independientemente de la causa, la reconstrucci\u00f3n del o\u00eddo infantil generalmente se realiza entre los seis y los ocho a\u00f1os.<\/p>\n<p>Poco despu\u00e9s del nacimiento, debe conectarse con un audi\u00f3logo para realizar pruebas en la audici\u00f3n del ni\u00f1o para determinar si existe alg\u00fan problema. Algunas dificultades auditivas ocasionalmente acompa\u00f1an a las deformidades del o\u00eddo. El Dr. Dayan puede consultar con su audi\u00f3logo y otros miembros del equipo m\u00e9dico en el camino. Le complace trabajar con otros profesionales m\u00e9dicos para ayudar a su hijo a vivir su mejor vida.<\/p>\n<p>Cuando es necesaria la reconstrucci\u00f3n de la oreja de un beb\u00e9, el Dr. Dayan puede usar una pr\u00f3tesis o un injerto de cart\u00edlago tomado de la costilla del ni\u00f1o para formar la estructura y la forma necesarias de la oreja. \u00c9l explicar\u00e1 las opciones para la cirug\u00eda de reconstrucci\u00f3n de orejas o el moldeado de orejas en una consulta confidencial en el Instituto de Cirug\u00eda Pl\u00e1stica Avance. <a title=\"P\u00f3ngase en contacto con el Instituto de Cirug\u00eda Pl\u00e1stica Avance en Reno NV\" href=\"https:\/\/www.avanceplasticsurgery.com\/es\/contact-us-dr-erez-dayan\/\">Comun\u00edquese con nuestra oficina de Reno\/Tahoe<\/a> y hable con un miembro del equipo hoy para obtener m\u00e1s informaci\u00f3n o programar una consulta.<\/p>\n","protected":false},"excerpt":{"rendered":"<p>Moldeo de o\u00eddos para reci\u00e9n nacidos Entre 15 y %-20% de todos los reci\u00e9n nacidos nacen con alg\u00fan tipo&hellip;<\/p>\n","protected":false},"author":1,"featured_media":0,"parent":8996,"menu_order":0,"comment_status":"closed","ping_status":"closed","template":"","meta":{"_acf_changed":false,"footnotes":""},"class_list":["post-8999","page","type-page","status-publish"],"acf":[],"yoast_head":"<!-- This site is optimized with the Yoast SEO plugin v27.5 - https:\/\/yoast.com\/product\/yoast-seo-wordpress\/ -->\n<title>Reno NV moldeado de orejas para reci\u00e9n nacidos | Reconstrucci\u00f3n de o\u00eddo infantil en Lake Tahoe<\/title>\n<meta name=\"description\" content=\"El moldeado o la reconstrucci\u00f3n de la oreja del reci\u00e9n nacido puede ayudar a remodelar o crear una oreja normal para su hijo. El Dr. Erez Dayan ofrece estos procedimientos quir\u00fargicos y no quir\u00fargicos en el Instituto de Cirug\u00eda Pl\u00e1stica Avance en Reno, NV.\" \/>\n<meta name=\"robots\" content=\"index, follow, max-snippet:-1, max-image-preview:large, max-video-preview:-1\" \/>\n<link rel=\"canonical\" href=\"https:\/\/www.avanceplasticsurgery.com\/es\/procedimientos-cosmeticos-y-de-cirugia\/cirugia-plastica-facial-pediatrica\/moldeo-de-oidos-para-recien-nacidos\/\" \/>\n<meta property=\"og:locale\" content=\"es_ES\" \/>\n<meta property=\"og:type\" content=\"article\" \/>\n<meta property=\"og:title\" content=\"Reno NV moldeado de orejas para reci\u00e9n nacidos | Reconstrucci\u00f3n de o\u00eddo infantil en Lake Tahoe\" \/>\n<meta property=\"og:description\" content=\"El moldeado o la reconstrucci\u00f3n de la oreja del reci\u00e9n nacido puede ayudar a remodelar o crear una oreja normal para su hijo. El Dr. Erez Dayan ofrece estos procedimientos quir\u00fargicos y no quir\u00fargicos en el Instituto de Cirug\u00eda Pl\u00e1stica Avance en Reno, NV.\" \/>\n<meta property=\"og:url\" content=\"https:\/\/www.avanceplasticsurgery.com\/es\/procedimientos-cosmeticos-y-de-cirugia\/cirugia-plastica-facial-pediatrica\/moldeo-de-oidos-para-recien-nacidos\/\" \/>\n<meta property=\"og:site_name\" content=\"Avance Plastic Surgery\" \/>\n<meta property=\"article:modified_time\" content=\"2022-04-25T11:10:02+00:00\" \/>\n<meta name=\"twitter:card\" content=\"summary_large_image\" \/>\n<meta name=\"twitter:label1\" content=\"Tiempo de lectura\" \/>\n\t<meta name=\"twitter:data1\" content=\"2 minutos\" \/>\n<!-- \/ Yoast SEO plugin. -->","yoast_head_json":{"title":"Reno NV moldeado de orejas para reci\u00e9n nacidos | Reconstrucci\u00f3n de o\u00eddo infantil en Lake Tahoe","description":"El moldeado o la reconstrucci\u00f3n de la oreja del reci\u00e9n nacido puede ayudar a remodelar o crear una oreja normal para su hijo. El Dr. Erez Dayan ofrece estos procedimientos quir\u00fargicos y no quir\u00fargicos en el Instituto de Cirug\u00eda Pl\u00e1stica Avance en Reno, NV.","robots":{"index":"index","follow":"follow","max-snippet":"max-snippet:-1","max-image-preview":"max-image-preview:large","max-video-preview":"max-video-preview:-1"},"canonical":"https:\/\/www.avanceplasticsurgery.com\/es\/procedimientos-cosmeticos-y-de-cirugia\/cirugia-plastica-facial-pediatrica\/moldeo-de-oidos-para-recien-nacidos\/","og_locale":"es_ES","og_type":"article","og_title":"Reno NV moldeado de orejas para reci\u00e9n nacidos | Reconstrucci\u00f3n de o\u00eddo infantil en Lake Tahoe","og_description":"El moldeado o la reconstrucci\u00f3n de la oreja del reci\u00e9n nacido puede ayudar a remodelar o crear una oreja normal para su hijo. El Dr. Erez Dayan ofrece estos procedimientos quir\u00fargicos y no quir\u00fargicos en el Instituto de Cirug\u00eda Pl\u00e1stica Avance en Reno, NV.","og_url":"https:\/\/www.avanceplasticsurgery.com\/es\/procedimientos-cosmeticos-y-de-cirugia\/cirugia-plastica-facial-pediatrica\/moldeo-de-oidos-para-recien-nacidos\/","og_site_name":"Avance Plastic Surgery","article_modified_time":"2022-04-25T11:10:02+00:00","twitter_card":"summary_large_image","twitter_misc":{"Tiempo de lectura":"2 minutos"},"schema":{"@context":"https:\/\/schema.org","@graph":[{"@type":"WebPage","@id":"https:\/\/www.avanceplasticsurgery.com\/es\/procedimientos-cosmeticos-y-de-cirugia\/cirugia-plastica-facial-pediatrica\/moldeo-de-oidos-para-recien-nacidos\/","url":"https:\/\/www.avanceplasticsurgery.com\/es\/procedimientos-cosmeticos-y-de-cirugia\/cirugia-plastica-facial-pediatrica\/moldeo-de-oidos-para-recien-nacidos\/","name":"Reno NV moldeado de orejas para reci\u00e9n nacidos | Reconstrucci\u00f3n de o\u00eddo infantil en Lake Tahoe","isPartOf":{"@id":"https:\/\/www.avanceplasticsurgery.com\/es\/#website"},"datePublished":"2020-09-20T12:26:31+00:00","dateModified":"2022-04-25T11:10:02+00:00","description":"El moldeado o la reconstrucci\u00f3n de la oreja del reci\u00e9n nacido puede ayudar a remodelar o crear una oreja normal para su hijo. El Dr. Erez Dayan ofrece estos procedimientos quir\u00fargicos y no quir\u00fargicos en el Instituto de Cirug\u00eda Pl\u00e1stica Avance en Reno, NV.","breadcrumb":{"@id":"https:\/\/www.avanceplasticsurgery.com\/es\/procedimientos-cosmeticos-y-de-cirugia\/cirugia-plastica-facial-pediatrica\/moldeo-de-oidos-para-recien-nacidos\/#breadcrumb"},"inLanguage":"es","potentialAction":[{"@type":"ReadAction","target":["https:\/\/www.avanceplasticsurgery.com\/es\/procedimientos-cosmeticos-y-de-cirugia\/cirugia-plastica-facial-pediatrica\/moldeo-de-oidos-para-recien-nacidos\/"]}]},{"@type":"BreadcrumbList","@id":"https:\/\/www.avanceplasticsurgery.com\/es\/procedimientos-cosmeticos-y-de-cirugia\/cirugia-plastica-facial-pediatrica\/moldeo-de-oidos-para-recien-nacidos\/#breadcrumb","itemListElement":[{"@type":"ListItem","position":1,"name":"Home","item":"https:\/\/www.avanceplasticsurgery.com\/es\/"},{"@type":"ListItem","position":2,"name":"Cosm\u00e9tica","item":"https:\/\/www.avanceplasticsurgery.com\/es\/procedimientos-cosmeticos-y-de-cirugia\/"},{"@type":"ListItem","position":3,"name":"Cirug\u00eda Pl\u00e1stica Facial Pedi\u00e1trica","item":"https:\/\/www.avanceplasticsurgery.com\/es\/procedimientos-cosmeticos-y-de-cirugia\/cirugia-plastica-facial-pediatrica\/"},{"@type":"ListItem","position":4,"name":"Moldeo de o\u00eddos para reci\u00e9n nacidos"}]},{"@type":"WebSite","@id":"https:\/\/www.avanceplasticsurgery.com\/es\/#website","url":"https:\/\/www.avanceplasticsurgery.com\/es\/","name":"Avance Plastic Surgery","description":"","potentialAction":[{"@type":"SearchAction","target":{"@type":"EntryPoint","urlTemplate":"https:\/\/www.avanceplasticsurgery.com\/es\/?s={search_term_string}"},"query-input":{"@type":"PropertyValueSpecification","valueRequired":true,"valueName":"search_term_string"}}],"inLanguage":"es"}]}},"_links":{"self":[{"href":"https:\/\/www.avanceplasticsurgery.com\/es\/wp-json\/wp\/v2\/pages\/8999","targetHints":{"allow":["GET"]}}],"collection":[{"href":"https:\/\/www.avanceplasticsurgery.com\/es\/wp-json\/wp\/v2\/pages"}],"about":[{"href":"https:\/\/www.avanceplasticsurgery.com\/es\/wp-json\/wp\/v2\/types\/page"}],"author":[{"embeddable":true,"href":"https:\/\/www.avanceplasticsurgery.com\/es\/wp-json\/wp\/v2\/users\/1"}],"replies":[{"embeddable":true,"href":"https:\/\/www.avanceplasticsurgery.com\/es\/wp-json\/wp\/v2\/comments?post=8999"}],"version-history":[{"count":1,"href":"https:\/\/www.avanceplasticsurgery.com\/es\/wp-json\/wp\/v2\/pages\/8999\/revisions"}],"predecessor-version":[{"id":9174,"href":"https:\/\/www.avanceplasticsurgery.com\/es\/wp-json\/wp\/v2\/pages\/8999\/revisions\/9174"}],"up":[{"embeddable":true,"href":"https:\/\/www.avanceplasticsurgery.com\/es\/wp-json\/wp\/v2\/pages\/8996"}],"wp:attachment":[{"href":"https:\/\/www.avanceplasticsurgery.com\/es\/wp-json\/wp\/v2\/media?parent=8999"}],"curies":[{"name":"wp","href":"https:\/\/api.w.org\/{rel}","templated":true}]}}