{"id":9000,"date":"2020-09-20T12:27:39","date_gmt":"2020-09-20T12:27:39","guid":{"rendered":"https:\/\/www.avanceplasticsurgery.com\/procedimientos-cosmeticos-y-de-cirugia\/cirugia-plastica-facial-pediatrica\/eliminacion-de-lunares-pediatricos\/"},"modified":"2022-04-25T11:09:50","modified_gmt":"2022-04-25T11:09:50","slug":"eliminacion-de-lunares-pediatricos","status":"publish","type":"page","link":"https:\/\/www.avanceplasticsurgery.com\/es\/procedimientos-cosmeticos-y-de-cirugia\/cirugia-plastica-facial-pediatrica\/eliminacion-de-lunares-pediatricos\/","title":{"rendered":"Eliminaci\u00f3n de lunares pedi\u00e1tricos"},"content":{"rendered":"<h1>Eliminaci\u00f3n de lunares pedi\u00e1tricos<\/h1>\n<p>Los lunares o lesiones pigmentadas pueden estar presentes al nacer (cong\u00e9nitos) o aparecer despu\u00e9s del nacimiento (adquiridos). Estos pueden ocurrir en cualquier parte del cuerpo y la mayor\u00eda son inofensivos. Algunos pueden irritarse o ulcerarse y causar molestias. Otros pueden representar un riesgo de c\u00e1ncer y requieren una evaluaci\u00f3n. Cuando es necesario eliminar los lunares, tambi\u00e9n llamados nevos. Como parte de nuestros <a title=\"Reno NV Cirug\u00eda Pl\u00e1stica Facial Pedi\u00e1trica\" href=\"https:\/\/www.avanceplasticsurgery.com\/es\/cosmetic-and-surgery-procedures\/pediatric-facial-plastic-surgery\/\">procedimientos de cirug\u00eda pl\u00e1stica facial pedi\u00e1trica<\/a> , el Dr. Erez Dayan ofrece la eliminaci\u00f3n de lunares pedi\u00e1tricos en el Instituto de Cirug\u00eda Pl\u00e1stica Avance en Reno\/Tahoe, NV.<\/p>\n<p>Los lunares son causados por un crecimiento excesivo de tipos espec\u00edficos de c\u00e9lulas de la piel. La exposici\u00f3n al sol y la herencia contribuyen a la formaci\u00f3n de lunares. Ciertos tipos de nevos gigantes o irregulares pueden formarse en la cabeza o sobre la columna vertebral y posiblemente afecten el sistema nervioso o supongan un riesgo de c\u00e1ncer. Los nevos cong\u00e9nitos raros, o lunares, a veces pueden dificultar el movimiento o restringir el crecimiento de un brazo o una pierna.<\/p>\n<p>La mayor\u00eda de los casos de eliminaci\u00f3n de lunares pedi\u00e1tricos son por cuestiones est\u00e9ticas, ya que el lunar se encuentra en un lugar muy visible que podr\u00eda plantear problemas de apariencia. Algunos lunares pueden desarrollarse en \u00e1reas problem\u00e1ticas donde las joyas o la ropa pueden irritarlos. El Dr. Dayan puede realizar la eliminaci\u00f3n de lunares pedi\u00e1tricos cuando la apariencia o la irritaci\u00f3n se convierte en una preocupaci\u00f3n en el Instituto de Cirug\u00eda Pl\u00e1stica Avance.<\/p>\n<h2>Tratamiento de nevus para ni\u00f1os<\/h2>\n<p>Cuando un peque\u00f1o lunar amerita la eliminaci\u00f3n, el tratamiento de nevus para ni\u00f1os generalmente se realiza como un procedimiento ambulatorio con anestesia local. El Dr. Dayan puede ayudar a su hijo a relajarse y eliminar suavemente el lunar ofensivo. Utiliza t\u00e9cnicas avanzadas para minimizar las cicatrices, especialmente cuando el lunar se encuentra en un lugar muy visible. El Dr. Dayan tambi\u00e9n puede hablar con los padres sobre tratamientos para cicatrices para atenuar cualquier cicatriz si es necesario.<\/p>\n<p>El tratamiento de nevus m\u00e1s grande o m\u00e1s complejo para ni\u00f1os puede requerir un procedimiento m\u00e1s prolongado bajo anestesia general. Algunos pueden requerir m\u00e1s de una cirug\u00eda y varios tratamientos para eliminar las cicatrices. El Dr. Dayan es un h\u00e1bil cirujano pl\u00e1stico est\u00e9tico y reconstructivo que ha demostrado t\u00e9cnicas avanzadas de cirug\u00eda pl\u00e1stica en el Instituto de Cirug\u00eda Pl\u00e1stica Avance y en todo el mundo. Tiene mucha experiencia en el tratamiento de nevus simples y complejos para ni\u00f1os.<\/p>\n<p><a title=\"P\u00f3ngase en contacto con el Instituto de Cirug\u00eda Pl\u00e1stica Avance en Reno NV\" href=\"https:\/\/www.avanceplasticsurgery.com\/es\/contact-us-dr-erez-dayan\/\">Comun\u00edquese hoy con el Instituto de Cirug\u00eda Pl\u00e1stica Avance<\/a> en Reno\/Tahoe, NV, para programar una consulta para la eliminaci\u00f3n de lunares pedi\u00e1tricos con el Dr. Erez Dayan.<\/p>\n","protected":false},"excerpt":{"rendered":"<p>Eliminaci\u00f3n de lunares pedi\u00e1tricos Los lunares o lesiones pigmentadas pueden estar presentes al nacer (cong\u00e9nitos) o aparecer despu\u00e9s del&hellip;<\/p>\n","protected":false},"author":1,"featured_media":0,"parent":8996,"menu_order":0,"comment_status":"closed","ping_status":"closed","template":"","meta":{"_acf_changed":false,"footnotes":""},"class_list":["post-9000","page","type-page","status-publish"],"acf":[],"yoast_head":"<!-- This site is optimized with the Yoast SEO plugin v27.3 - https:\/\/yoast.com\/product\/yoast-seo-wordpress\/ -->\n<title>Eliminaci\u00f3n de lunares pedi\u00e1tricos de Reno NV | Tratamiento del nevo del lago Tahoe<\/title>\n<meta name=\"description\" content=\"La eliminaci\u00f3n de lunares pedi\u00e1tricos puede variar de simple a compleja y por razones est\u00e9ticas o funcionales. El Dr. Erez Dayan realiza un tratamiento de nevus para ni\u00f1os en el Instituto de Cirug\u00eda Pl\u00e1stica Avance en Reno, NV. Llame hoy para programar una consulta para la eliminaci\u00f3n de lunares pedi\u00e1tricos.\" \/>\n<meta name=\"robots\" content=\"index, follow, max-snippet:-1, max-image-preview:large, max-video-preview:-1\" \/>\n<link rel=\"canonical\" href=\"https:\/\/www.avanceplasticsurgery.com\/es\/procedimientos-cosmeticos-y-de-cirugia\/cirugia-plastica-facial-pediatrica\/eliminacion-de-lunares-pediatricos\/\" \/>\n<meta property=\"og:locale\" content=\"es_ES\" \/>\n<meta property=\"og:type\" content=\"article\" \/>\n<meta property=\"og:title\" content=\"Eliminaci\u00f3n de lunares pedi\u00e1tricos de Reno NV | Tratamiento del nevo del lago Tahoe\" \/>\n<meta property=\"og:description\" content=\"La eliminaci\u00f3n de lunares pedi\u00e1tricos puede variar de simple a compleja y por razones est\u00e9ticas o funcionales. El Dr. Erez Dayan realiza un tratamiento de nevus para ni\u00f1os en el Instituto de Cirug\u00eda Pl\u00e1stica Avance en Reno, NV. Llame hoy para programar una consulta para la eliminaci\u00f3n de lunares pedi\u00e1tricos.\" \/>\n<meta property=\"og:url\" content=\"https:\/\/www.avanceplasticsurgery.com\/es\/procedimientos-cosmeticos-y-de-cirugia\/cirugia-plastica-facial-pediatrica\/eliminacion-de-lunares-pediatricos\/\" \/>\n<meta property=\"og:site_name\" content=\"Avance Plastic Surgery\" \/>\n<meta property=\"article:modified_time\" content=\"2022-04-25T11:09:50+00:00\" \/>\n<meta name=\"twitter:card\" content=\"summary_large_image\" \/>\n<meta name=\"twitter:label1\" content=\"Tiempo de lectura\" \/>\n\t<meta name=\"twitter:data1\" content=\"2 minutos\" \/>\n<!-- \/ Yoast SEO plugin. -->","yoast_head_json":{"title":"Eliminaci\u00f3n de lunares pedi\u00e1tricos de Reno NV | Tratamiento del nevo del lago Tahoe","description":"La eliminaci\u00f3n de lunares pedi\u00e1tricos puede variar de simple a compleja y por razones est\u00e9ticas o funcionales. El Dr. Erez Dayan realiza un tratamiento de nevus para ni\u00f1os en el Instituto de Cirug\u00eda Pl\u00e1stica Avance en Reno, NV. Llame hoy para programar una consulta para la eliminaci\u00f3n de lunares pedi\u00e1tricos.","robots":{"index":"index","follow":"follow","max-snippet":"max-snippet:-1","max-image-preview":"max-image-preview:large","max-video-preview":"max-video-preview:-1"},"canonical":"https:\/\/www.avanceplasticsurgery.com\/es\/procedimientos-cosmeticos-y-de-cirugia\/cirugia-plastica-facial-pediatrica\/eliminacion-de-lunares-pediatricos\/","og_locale":"es_ES","og_type":"article","og_title":"Eliminaci\u00f3n de lunares pedi\u00e1tricos de Reno NV | Tratamiento del nevo del lago Tahoe","og_description":"La eliminaci\u00f3n de lunares pedi\u00e1tricos puede variar de simple a compleja y por razones est\u00e9ticas o funcionales. El Dr. Erez Dayan realiza un tratamiento de nevus para ni\u00f1os en el Instituto de Cirug\u00eda Pl\u00e1stica Avance en Reno, NV. Llame hoy para programar una consulta para la eliminaci\u00f3n de lunares pedi\u00e1tricos.","og_url":"https:\/\/www.avanceplasticsurgery.com\/es\/procedimientos-cosmeticos-y-de-cirugia\/cirugia-plastica-facial-pediatrica\/eliminacion-de-lunares-pediatricos\/","og_site_name":"Avance Plastic Surgery","article_modified_time":"2022-04-25T11:09:50+00:00","twitter_card":"summary_large_image","twitter_misc":{"Tiempo de lectura":"2 minutos"},"schema":{"@context":"https:\/\/schema.org","@graph":[{"@type":"WebPage","@id":"https:\/\/www.avanceplasticsurgery.com\/es\/procedimientos-cosmeticos-y-de-cirugia\/cirugia-plastica-facial-pediatrica\/eliminacion-de-lunares-pediatricos\/","url":"https:\/\/www.avanceplasticsurgery.com\/es\/procedimientos-cosmeticos-y-de-cirugia\/cirugia-plastica-facial-pediatrica\/eliminacion-de-lunares-pediatricos\/","name":"Eliminaci\u00f3n de lunares pedi\u00e1tricos de Reno NV | Tratamiento del nevo del lago Tahoe","isPartOf":{"@id":"https:\/\/www.avanceplasticsurgery.com\/es\/#website"},"datePublished":"2020-09-20T12:27:39+00:00","dateModified":"2022-04-25T11:09:50+00:00","description":"La eliminaci\u00f3n de lunares pedi\u00e1tricos puede variar de simple a compleja y por razones est\u00e9ticas o funcionales. El Dr. Erez Dayan realiza un tratamiento de nevus para ni\u00f1os en el Instituto de Cirug\u00eda Pl\u00e1stica Avance en Reno, NV. Llame hoy para programar una consulta para la eliminaci\u00f3n de lunares pedi\u00e1tricos.","breadcrumb":{"@id":"https:\/\/www.avanceplasticsurgery.com\/es\/procedimientos-cosmeticos-y-de-cirugia\/cirugia-plastica-facial-pediatrica\/eliminacion-de-lunares-pediatricos\/#breadcrumb"},"inLanguage":"es","potentialAction":[{"@type":"ReadAction","target":["https:\/\/www.avanceplasticsurgery.com\/es\/procedimientos-cosmeticos-y-de-cirugia\/cirugia-plastica-facial-pediatrica\/eliminacion-de-lunares-pediatricos\/"]}]},{"@type":"BreadcrumbList","@id":"https:\/\/www.avanceplasticsurgery.com\/es\/procedimientos-cosmeticos-y-de-cirugia\/cirugia-plastica-facial-pediatrica\/eliminacion-de-lunares-pediatricos\/#breadcrumb","itemListElement":[{"@type":"ListItem","position":1,"name":"Home","item":"https:\/\/www.avanceplasticsurgery.com\/es\/"},{"@type":"ListItem","position":2,"name":"Cosm\u00e9tica","item":"https:\/\/www.avanceplasticsurgery.com\/es\/procedimientos-cosmeticos-y-de-cirugia\/"},{"@type":"ListItem","position":3,"name":"Cirug\u00eda Pl\u00e1stica Facial Pedi\u00e1trica","item":"https:\/\/www.avanceplasticsurgery.com\/es\/procedimientos-cosmeticos-y-de-cirugia\/cirugia-plastica-facial-pediatrica\/"},{"@type":"ListItem","position":4,"name":"Eliminaci\u00f3n de lunares pedi\u00e1tricos"}]},{"@type":"WebSite","@id":"https:\/\/www.avanceplasticsurgery.com\/es\/#website","url":"https:\/\/www.avanceplasticsurgery.com\/es\/","name":"Avance Plastic Surgery","description":"","potentialAction":[{"@type":"SearchAction","target":{"@type":"EntryPoint","urlTemplate":"https:\/\/www.avanceplasticsurgery.com\/es\/?s={search_term_string}"},"query-input":{"@type":"PropertyValueSpecification","valueRequired":true,"valueName":"search_term_string"}}],"inLanguage":"es"}]}},"_links":{"self":[{"href":"https:\/\/www.avanceplasticsurgery.com\/es\/wp-json\/wp\/v2\/pages\/9000","targetHints":{"allow":["GET"]}}],"collection":[{"href":"https:\/\/www.avanceplasticsurgery.com\/es\/wp-json\/wp\/v2\/pages"}],"about":[{"href":"https:\/\/www.avanceplasticsurgery.com\/es\/wp-json\/wp\/v2\/types\/page"}],"author":[{"embeddable":true,"href":"https:\/\/www.avanceplasticsurgery.com\/es\/wp-json\/wp\/v2\/users\/1"}],"replies":[{"embeddable":true,"href":"https:\/\/www.avanceplasticsurgery.com\/es\/wp-json\/wp\/v2\/comments?post=9000"}],"version-history":[{"count":2,"href":"https:\/\/www.avanceplasticsurgery.com\/es\/wp-json\/wp\/v2\/pages\/9000\/revisions"}],"predecessor-version":[{"id":9173,"href":"https:\/\/www.avanceplasticsurgery.com\/es\/wp-json\/wp\/v2\/pages\/9000\/revisions\/9173"}],"up":[{"embeddable":true,"href":"https:\/\/www.avanceplasticsurgery.com\/es\/wp-json\/wp\/v2\/pages\/8996"}],"wp:attachment":[{"href":"https:\/\/www.avanceplasticsurgery.com\/es\/wp-json\/wp\/v2\/media?parent=9000"}],"curies":[{"name":"wp","href":"https:\/\/api.w.org\/{rel}","templated":true}]}}