{"id":9002,"date":"2020-09-20T12:28:59","date_gmt":"2020-09-20T12:28:59","guid":{"rendered":"https:\/\/www.avanceplasticsurgery.com\/procedimientos-cosmeticos-y-de-cirugia\/cirugia-plastica-facial-pediatrica\/revision-de-cicatrices-pediatricas\/"},"modified":"2022-04-25T11:10:18","modified_gmt":"2022-04-25T11:10:18","slug":"revision-de-cicatrices-pediatricas","status":"publish","type":"page","link":"https:\/\/www.avanceplasticsurgery.com\/es\/procedimientos-cosmeticos-y-de-cirugia\/cirugia-plastica-facial-pediatrica\/revision-de-cicatrices-pediatricas\/","title":{"rendered":"Revisi\u00f3n de cicatrices pedi\u00e1tricas"},"content":{"rendered":"<h1>Revisi\u00f3n de cicatrices pedi\u00e1tricas<\/h1>\n<p>La cicatrizaci\u00f3n es un proceso corporal normal que busca curar cualquier herida en la piel. Cuando se produce una herida, el cuerpo env\u00eda r\u00e1pidamente col\u00e1geno, elastina y otros materiales de construcci\u00f3n al sitio para cerrar r\u00e1pidamente la herida con piel nueva. Esta reparaci\u00f3n r\u00e1pida casi siempre tiene un color diferente y puede formarse algo irregular. La revisi\u00f3n pedi\u00e1trica de cicatrices a veces es deseable o necesaria cuando los ni\u00f1os han sufrido lesiones.<\/p>\n<p>Las cicatrices antiest\u00e9ticas o las cicatrices que impiden el movimiento o el desarrollo pueden revisarse quir\u00fargicamente para minimizar su apariencia y permitir el movimiento sin restricciones. Las cicatrices m\u00e1s peque\u00f1as se tratan m\u00e1s f\u00e1cilmente y, a veces, pueden beneficiarse de t\u00e9cnicas de revisi\u00f3n de cicatrices no quir\u00fargicas, como los tratamientos con l\u00e1ser. Las cicatrices m\u00e1s grandes o m\u00e1s complejas requieren procedimientos quir\u00fargicos avanzados para minimizar su apariencia o revisarlas para permitir que los pacientes vivan su mejor vida.<\/p>\n<p>El Dr. Erez Dayan est\u00e1 altamente capacitado y tiene experiencia en <a title=\"Reno NV Cirug\u00eda Pl\u00e1stica Facial Pedi\u00e1trica\" href=\"https:\/\/www.avanceplasticsurgery.com\/es\/cosmetic-and-surgery-procedures\/pediatric-facial-plastic-surgery\/\">cirug\u00eda cosm\u00e9tica pedi\u00e1trica<\/a> para reparar o borrar cicatrices, incluida la revisi\u00f3n de cicatrices pedi\u00e1tricas. Recibi\u00f3 una beca de formaci\u00f3n prestigiosa despu\u00e9s de la escuela de medicina que involucr\u00f3 t\u00e9cnicas y tecnolog\u00eda avanzadas para procedimientos de revisi\u00f3n de cicatrices. Desde entonces, ha perfeccionado sus t\u00e9cnicas a trav\u00e9s de numerosas cirug\u00edas de revisi\u00f3n de cicatrices en el Avance Plastic Surgery Institute. El Dr. Dayan tambi\u00e9n ha demostrado cirug\u00eda pl\u00e1stica cosm\u00e9tica de revisi\u00f3n de cicatrices en todo el mundo.<\/p>\n<h2>Tratamientos de cicatrices para ni\u00f1os en Reno, NV<\/h2>\n<p>El Instituto de Cirug\u00eda Pl\u00e1stica Avance ofrece tratamientos de cicatrices superiores para ni\u00f1os en Reno\/Tahoe, NV. El Dr. Dayan y su talentoso equipo de est\u00e9tica pueden usar varios medios quir\u00fargicos y no quir\u00fargicos para realizar una revisi\u00f3n pedi\u00e1trica de cicatrices en cualquier parte del cuerpo. La revisi\u00f3n de la cicatriz se intenta mejor cuando la cicatriz ha tenido tiempo de formarse y completar completamente su proceso de curaci\u00f3n natural. Esto puede tomar hasta un a\u00f1o despu\u00e9s de la lesi\u00f3n inicial.<\/p>\n<p>El Dr. Dayan puede examinar las cicatrices de su hijo y recomendar las mejores opciones de tratamiento y el cronograma en una consulta confidencial en el Avance Plastic Surgery Institute. Las cicatrices extensas o que desfiguran probablemente requerir\u00e1n varios procedimientos a lo largo del tiempo para obtener los mejores resultados. El Dr. Dayan tambi\u00e9n ofrece consultas virtuales para pacientes fuera del \u00e1rea de Reno\/Tahoe y Lake Tahoe, o para otros casos con trabajo en curso para cicatrices extensas.<\/p>\n<p>Cuando su hijo requiere una revisi\u00f3n pedi\u00e1trica de la cicatriz, no puede elegir mejor cirujano pl\u00e1stico cosm\u00e9tico y reconstructivo que el Dr. Erez Dayan. <a title=\"P\u00f3ngase en contacto con el Instituto de Cirug\u00eda Pl\u00e1stica Avance en Reno NV\" href=\"https:\/\/www.avanceplasticsurgery.com\/es\/contact-us-dr-erez-dayan\/\">Comun\u00edquese con el Instituto de Cirug\u00eda Pl\u00e1stica Avance<\/a> para programar una consulta y obtener m\u00e1s informaci\u00f3n sobre los tratamientos de cicatrices para ni\u00f1os en Reno\/Tahoe, NV.<\/p>\n","protected":false},"excerpt":{"rendered":"<p>Revisi\u00f3n de cicatrices pedi\u00e1tricas La cicatrizaci\u00f3n es un proceso corporal normal que busca curar cualquier herida en la piel.&hellip;<\/p>\n","protected":false},"author":1,"featured_media":0,"parent":8996,"menu_order":0,"comment_status":"closed","ping_status":"closed","template":"","meta":{"_acf_changed":false,"footnotes":""},"class_list":["post-9002","page","type-page","status-publish"],"acf":[],"yoast_head":"<!-- This site is optimized with the Yoast SEO plugin v27.3 - https:\/\/yoast.com\/product\/yoast-seo-wordpress\/ -->\n<title>Revisi\u00f3n pedi\u00e1trica de cicatrices de Reno NV | Tratamiento de cicatrices para ni\u00f1os de Lake Tahoe<\/title>\n<meta name=\"description\" content=\"Cuando su hijo sufre una lesi\u00f3n y requiere tratamientos de cicatrices, el Dr. Erez Dayan es el cirujano pl\u00e1stico est\u00e9tico que desea realizar una revisi\u00f3n de cicatrices pedi\u00e1tricas. Llame al Instituto de Cirug\u00eda Pl\u00e1stica Avance en Reno, NV, para una consulta.\" \/>\n<meta name=\"robots\" content=\"index, follow, max-snippet:-1, max-image-preview:large, max-video-preview:-1\" \/>\n<link rel=\"canonical\" href=\"https:\/\/www.avanceplasticsurgery.com\/es\/procedimientos-cosmeticos-y-de-cirugia\/cirugia-plastica-facial-pediatrica\/revision-de-cicatrices-pediatricas\/\" \/>\n<meta property=\"og:locale\" content=\"es_ES\" \/>\n<meta property=\"og:type\" content=\"article\" \/>\n<meta property=\"og:title\" content=\"Revisi\u00f3n pedi\u00e1trica de cicatrices de Reno NV | Tratamiento de cicatrices para ni\u00f1os de Lake Tahoe\" \/>\n<meta property=\"og:description\" content=\"Cuando su hijo sufre una lesi\u00f3n y requiere tratamientos de cicatrices, el Dr. Erez Dayan es el cirujano pl\u00e1stico est\u00e9tico que desea realizar una revisi\u00f3n de cicatrices pedi\u00e1tricas. Llame al Instituto de Cirug\u00eda Pl\u00e1stica Avance en Reno, NV, para una consulta.\" \/>\n<meta property=\"og:url\" content=\"https:\/\/www.avanceplasticsurgery.com\/es\/procedimientos-cosmeticos-y-de-cirugia\/cirugia-plastica-facial-pediatrica\/revision-de-cicatrices-pediatricas\/\" \/>\n<meta property=\"og:site_name\" content=\"Avance Plastic Surgery\" \/>\n<meta property=\"article:modified_time\" content=\"2022-04-25T11:10:18+00:00\" \/>\n<meta name=\"twitter:card\" content=\"summary_large_image\" \/>\n<meta name=\"twitter:label1\" content=\"Tiempo de lectura\" \/>\n\t<meta name=\"twitter:data1\" content=\"3 minutos\" \/>\n<!-- \/ Yoast SEO plugin. -->","yoast_head_json":{"title":"Revisi\u00f3n pedi\u00e1trica de cicatrices de Reno NV | Tratamiento de cicatrices para ni\u00f1os de Lake Tahoe","description":"Cuando su hijo sufre una lesi\u00f3n y requiere tratamientos de cicatrices, el Dr. Erez Dayan es el cirujano pl\u00e1stico est\u00e9tico que desea realizar una revisi\u00f3n de cicatrices pedi\u00e1tricas. Llame al Instituto de Cirug\u00eda Pl\u00e1stica Avance en Reno, NV, para una consulta.","robots":{"index":"index","follow":"follow","max-snippet":"max-snippet:-1","max-image-preview":"max-image-preview:large","max-video-preview":"max-video-preview:-1"},"canonical":"https:\/\/www.avanceplasticsurgery.com\/es\/procedimientos-cosmeticos-y-de-cirugia\/cirugia-plastica-facial-pediatrica\/revision-de-cicatrices-pediatricas\/","og_locale":"es_ES","og_type":"article","og_title":"Revisi\u00f3n pedi\u00e1trica de cicatrices de Reno NV | Tratamiento de cicatrices para ni\u00f1os de Lake Tahoe","og_description":"Cuando su hijo sufre una lesi\u00f3n y requiere tratamientos de cicatrices, el Dr. Erez Dayan es el cirujano pl\u00e1stico est\u00e9tico que desea realizar una revisi\u00f3n de cicatrices pedi\u00e1tricas. Llame al Instituto de Cirug\u00eda Pl\u00e1stica Avance en Reno, NV, para una consulta.","og_url":"https:\/\/www.avanceplasticsurgery.com\/es\/procedimientos-cosmeticos-y-de-cirugia\/cirugia-plastica-facial-pediatrica\/revision-de-cicatrices-pediatricas\/","og_site_name":"Avance Plastic Surgery","article_modified_time":"2022-04-25T11:10:18+00:00","twitter_card":"summary_large_image","twitter_misc":{"Tiempo de lectura":"3 minutos"},"schema":{"@context":"https:\/\/schema.org","@graph":[{"@type":"WebPage","@id":"https:\/\/www.avanceplasticsurgery.com\/es\/procedimientos-cosmeticos-y-de-cirugia\/cirugia-plastica-facial-pediatrica\/revision-de-cicatrices-pediatricas\/","url":"https:\/\/www.avanceplasticsurgery.com\/es\/procedimientos-cosmeticos-y-de-cirugia\/cirugia-plastica-facial-pediatrica\/revision-de-cicatrices-pediatricas\/","name":"Revisi\u00f3n pedi\u00e1trica de cicatrices de Reno NV | Tratamiento de cicatrices para ni\u00f1os de Lake Tahoe","isPartOf":{"@id":"https:\/\/www.avanceplasticsurgery.com\/es\/#website"},"datePublished":"2020-09-20T12:28:59+00:00","dateModified":"2022-04-25T11:10:18+00:00","description":"Cuando su hijo sufre una lesi\u00f3n y requiere tratamientos de cicatrices, el Dr. Erez Dayan es el cirujano pl\u00e1stico est\u00e9tico que desea realizar una revisi\u00f3n de cicatrices pedi\u00e1tricas. Llame al Instituto de Cirug\u00eda Pl\u00e1stica Avance en Reno, NV, para una consulta.","breadcrumb":{"@id":"https:\/\/www.avanceplasticsurgery.com\/es\/procedimientos-cosmeticos-y-de-cirugia\/cirugia-plastica-facial-pediatrica\/revision-de-cicatrices-pediatricas\/#breadcrumb"},"inLanguage":"es","potentialAction":[{"@type":"ReadAction","target":["https:\/\/www.avanceplasticsurgery.com\/es\/procedimientos-cosmeticos-y-de-cirugia\/cirugia-plastica-facial-pediatrica\/revision-de-cicatrices-pediatricas\/"]}]},{"@type":"BreadcrumbList","@id":"https:\/\/www.avanceplasticsurgery.com\/es\/procedimientos-cosmeticos-y-de-cirugia\/cirugia-plastica-facial-pediatrica\/revision-de-cicatrices-pediatricas\/#breadcrumb","itemListElement":[{"@type":"ListItem","position":1,"name":"Home","item":"https:\/\/www.avanceplasticsurgery.com\/es\/"},{"@type":"ListItem","position":2,"name":"Cosm\u00e9tica","item":"https:\/\/www.avanceplasticsurgery.com\/es\/procedimientos-cosmeticos-y-de-cirugia\/"},{"@type":"ListItem","position":3,"name":"Cirug\u00eda Pl\u00e1stica Facial Pedi\u00e1trica","item":"https:\/\/www.avanceplasticsurgery.com\/es\/procedimientos-cosmeticos-y-de-cirugia\/cirugia-plastica-facial-pediatrica\/"},{"@type":"ListItem","position":4,"name":"Revisi\u00f3n de cicatrices pedi\u00e1tricas"}]},{"@type":"WebSite","@id":"https:\/\/www.avanceplasticsurgery.com\/es\/#website","url":"https:\/\/www.avanceplasticsurgery.com\/es\/","name":"Avance Plastic Surgery","description":"","potentialAction":[{"@type":"SearchAction","target":{"@type":"EntryPoint","urlTemplate":"https:\/\/www.avanceplasticsurgery.com\/es\/?s={search_term_string}"},"query-input":{"@type":"PropertyValueSpecification","valueRequired":true,"valueName":"search_term_string"}}],"inLanguage":"es"}]}},"_links":{"self":[{"href":"https:\/\/www.avanceplasticsurgery.com\/es\/wp-json\/wp\/v2\/pages\/9002","targetHints":{"allow":["GET"]}}],"collection":[{"href":"https:\/\/www.avanceplasticsurgery.com\/es\/wp-json\/wp\/v2\/pages"}],"about":[{"href":"https:\/\/www.avanceplasticsurgery.com\/es\/wp-json\/wp\/v2\/types\/page"}],"author":[{"embeddable":true,"href":"https:\/\/www.avanceplasticsurgery.com\/es\/wp-json\/wp\/v2\/users\/1"}],"replies":[{"embeddable":true,"href":"https:\/\/www.avanceplasticsurgery.com\/es\/wp-json\/wp\/v2\/comments?post=9002"}],"version-history":[{"count":2,"href":"https:\/\/www.avanceplasticsurgery.com\/es\/wp-json\/wp\/v2\/pages\/9002\/revisions"}],"predecessor-version":[{"id":9175,"href":"https:\/\/www.avanceplasticsurgery.com\/es\/wp-json\/wp\/v2\/pages\/9002\/revisions\/9175"}],"up":[{"embeddable":true,"href":"https:\/\/www.avanceplasticsurgery.com\/es\/wp-json\/wp\/v2\/pages\/8996"}],"wp:attachment":[{"href":"https:\/\/www.avanceplasticsurgery.com\/es\/wp-json\/wp\/v2\/media?parent=9002"}],"curies":[{"name":"wp","href":"https:\/\/api.w.org\/{rel}","templated":true}]}}