{"id":9004,"date":"2020-09-20T12:30:17","date_gmt":"2020-09-20T12:30:17","guid":{"rendered":"https:\/\/www.avanceplasticsurgery.com\/procedimientos-cosmeticos-y-de-cirugia\/cirugia-plastica-facial-pediatrica\/deformidad-prominente-del-oido\/"},"modified":"2022-04-25T11:09:10","modified_gmt":"2022-04-25T11:09:10","slug":"deformidad-prominente-del-oido","status":"publish","type":"page","link":"https:\/\/www.avanceplasticsurgery.com\/es\/procedimientos-cosmeticos-y-de-cirugia\/cirugia-plastica-facial-pediatrica\/deformidad-prominente-del-oido\/","title":{"rendered":"Deformidad prominente del o\u00eddo"},"content":{"rendered":"<h1>Correcci\u00f3n de deformidades de orejas prominentes<\/h1>\n<p>Aproximadamente el 5% de todos los ni\u00f1os nacen con orejas de soplillo. Las orejas prominentes son la deformidad cong\u00e9nita m\u00e1s frecuente de la cabeza y el cuello al nacer. En la mayor\u00eda de los casos, la audici\u00f3n no se ve afectada, pero las preocupaciones sobre la apariencia y las burlas resultantes de los compa\u00f1eros a menudo llevan a los padres a buscar la correcci\u00f3n de la deformidad prominente del o\u00eddo. El Dr. Erez Dayan ofrece esta <a title=\"Reno NV Cirug\u00eda Pl\u00e1stica Facial Pedi\u00e1trica\" href=\"https:\/\/www.avanceplasticsurgery.com\/es\/cosmetic-and-surgery-procedures\/pediatric-facial-plastic-surgery\/\">cirug\u00eda est\u00e9tica pedi\u00e1trica<\/a> en el Avance Plastic Surgery Institute en Reno\/Tahoe, Nevada.<\/p>\n<p>La otoplastia, o cirug\u00eda pl\u00e1stica de orejas, no se recomienda hasta que la oreja est\u00e9 completamente formada de forma natural. Esto no ocurre hasta alrededor de los 6-7 a\u00f1os. En este momento, es probable que el ni\u00f1o haya encontrado algo de atenci\u00f3n de sus compa\u00f1eros sobre la deformidad de su oreja y estar\u00e1 m\u00e1s que listo para cooperar en un procedimiento de correcci\u00f3n de la deformidad de la oreja.<\/p>\n<p>La otoplastia, por esta raz\u00f3n, generalmente se considera una cirug\u00eda reconstructiva necesaria que est\u00e1 cubierta por la mayor\u00eda de las p\u00f3lizas de seguro. El equipo de Avance Plastic Surgery Institute puede ayudarlo con las reclamaciones de seguros y los pasos relacionados. Tambi\u00e9n ofrecemos opciones de asistencia de pago y financiaci\u00f3n para ayudar a financiar la cirug\u00eda de correcci\u00f3n de deformidad de oreja prominente de su hijo si no est\u00e1 cubierta por el seguro.<\/p>\n<h2>Correcci\u00f3n de orejas sobresalientes en Reno\/Tahoe cerca del lago Tahoe<\/h2>\n<p>La correcci\u00f3n de orejas sobresalientes en Reno\/Tahoe, cerca del lago Tahoe, en el Instituto de Cirug\u00eda Pl\u00e1stica Avance, generalmente busca sujetar las orejas m\u00e1s cerca del costado de la cabeza para lograr una apariencia m\u00e1s equilibrada. Incluso una ligera reducci\u00f3n en el \u00e1ngulo de proyecci\u00f3n hacia afuera puede marcar una diferencia significativa en la apariencia de la oreja. En algunos casos graves, es posible que el Dr. Dayan necesite extraer algo de cart\u00edlago y remodelar el material restante para formar una oreja de tama\u00f1o normal.<\/p>\n<p>El Dr. Dayan puede explicar m\u00e1s acerca de la correcci\u00f3n de orejas sobresalientes en Reno\/Tahoe, cerca del lago Tahoe, y sus recomendaciones en una consulta confidencial en el Instituto de Cirug\u00eda Pl\u00e1stica Avance. <a title=\"P\u00f3ngase en contacto con el Instituto de Cirug\u00eda Pl\u00e1stica Avance en Reno NV\" href=\"https:\/\/www.avanceplasticsurgery.com\/es\/contact-us-dr-erez-dayan\/\">Comun\u00edquese con nosotros<\/a> y un miembro del equipo estar\u00e1 encantado de brindarle informaci\u00f3n y programar una consulta con el Dr. Dayan.<\/p>\n","protected":false},"excerpt":{"rendered":"<p>Correcci\u00f3n de deformidades de orejas prominentes Aproximadamente el 5% de todos los ni\u00f1os nacen con orejas de soplillo. Las&hellip;<\/p>\n","protected":false},"author":1,"featured_media":0,"parent":8996,"menu_order":0,"comment_status":"closed","ping_status":"closed","template":"","meta":{"_acf_changed":false,"footnotes":""},"class_list":["post-9004","page","type-page","status-publish"],"acf":[],"yoast_head":"<!-- This site is optimized with the Yoast SEO plugin v27.5 - https:\/\/yoast.com\/product\/yoast-seo-wordpress\/ -->\n<title>Reno NV Deformidad prominente del o\u00eddo | Correcci\u00f3n de orejas sobresalientes del lago Tahoe<\/title>\n<meta name=\"description\" content=\"La correcci\u00f3n de la deformidad de la oreja prominente puede reparar las orejas que sobresalen u otros problemas est\u00e9ticos de la oreja. El Dr. Erez Dayan ofrece cirug\u00eda de correcci\u00f3n de orejas sobresalientes en el Avance Plastic Surgery Institute en Reno, NV. Llame hoy para programar su consulta con el Dr. Dayan.\" \/>\n<meta name=\"robots\" content=\"index, follow, max-snippet:-1, max-image-preview:large, max-video-preview:-1\" \/>\n<link rel=\"canonical\" href=\"https:\/\/www.avanceplasticsurgery.com\/es\/procedimientos-cosmeticos-y-de-cirugia\/cirugia-plastica-facial-pediatrica\/deformidad-prominente-del-oido\/\" \/>\n<meta property=\"og:locale\" content=\"es_ES\" \/>\n<meta property=\"og:type\" content=\"article\" \/>\n<meta property=\"og:title\" content=\"Reno NV Deformidad prominente del o\u00eddo | Correcci\u00f3n de orejas sobresalientes del lago Tahoe\" \/>\n<meta property=\"og:description\" content=\"La correcci\u00f3n de la deformidad de la oreja prominente puede reparar las orejas que sobresalen u otros problemas est\u00e9ticos de la oreja. El Dr. Erez Dayan ofrece cirug\u00eda de correcci\u00f3n de orejas sobresalientes en el Avance Plastic Surgery Institute en Reno, NV. Llame hoy para programar su consulta con el Dr. Dayan.\" \/>\n<meta property=\"og:url\" content=\"https:\/\/www.avanceplasticsurgery.com\/es\/procedimientos-cosmeticos-y-de-cirugia\/cirugia-plastica-facial-pediatrica\/deformidad-prominente-del-oido\/\" \/>\n<meta property=\"og:site_name\" content=\"Avance Plastic Surgery\" \/>\n<meta property=\"article:modified_time\" content=\"2022-04-25T11:09:10+00:00\" \/>\n<meta name=\"twitter:card\" content=\"summary_large_image\" \/>\n<meta name=\"twitter:label1\" content=\"Tiempo de lectura\" \/>\n\t<meta name=\"twitter:data1\" content=\"2 minutos\" \/>\n<!-- \/ Yoast SEO plugin. -->","yoast_head_json":{"title":"Reno NV Deformidad prominente del o\u00eddo | Correcci\u00f3n de orejas sobresalientes del lago Tahoe","description":"La correcci\u00f3n de la deformidad de la oreja prominente puede reparar las orejas que sobresalen u otros problemas est\u00e9ticos de la oreja. El Dr. Erez Dayan ofrece cirug\u00eda de correcci\u00f3n de orejas sobresalientes en el Avance Plastic Surgery Institute en Reno, NV. Llame hoy para programar su consulta con el Dr. Dayan.","robots":{"index":"index","follow":"follow","max-snippet":"max-snippet:-1","max-image-preview":"max-image-preview:large","max-video-preview":"max-video-preview:-1"},"canonical":"https:\/\/www.avanceplasticsurgery.com\/es\/procedimientos-cosmeticos-y-de-cirugia\/cirugia-plastica-facial-pediatrica\/deformidad-prominente-del-oido\/","og_locale":"es_ES","og_type":"article","og_title":"Reno NV Deformidad prominente del o\u00eddo | Correcci\u00f3n de orejas sobresalientes del lago Tahoe","og_description":"La correcci\u00f3n de la deformidad de la oreja prominente puede reparar las orejas que sobresalen u otros problemas est\u00e9ticos de la oreja. El Dr. Erez Dayan ofrece cirug\u00eda de correcci\u00f3n de orejas sobresalientes en el Avance Plastic Surgery Institute en Reno, NV. Llame hoy para programar su consulta con el Dr. Dayan.","og_url":"https:\/\/www.avanceplasticsurgery.com\/es\/procedimientos-cosmeticos-y-de-cirugia\/cirugia-plastica-facial-pediatrica\/deformidad-prominente-del-oido\/","og_site_name":"Avance Plastic Surgery","article_modified_time":"2022-04-25T11:09:10+00:00","twitter_card":"summary_large_image","twitter_misc":{"Tiempo de lectura":"2 minutos"},"schema":{"@context":"https:\/\/schema.org","@graph":[{"@type":"WebPage","@id":"https:\/\/www.avanceplasticsurgery.com\/es\/procedimientos-cosmeticos-y-de-cirugia\/cirugia-plastica-facial-pediatrica\/deformidad-prominente-del-oido\/","url":"https:\/\/www.avanceplasticsurgery.com\/es\/procedimientos-cosmeticos-y-de-cirugia\/cirugia-plastica-facial-pediatrica\/deformidad-prominente-del-oido\/","name":"Reno NV Deformidad prominente del o\u00eddo | Correcci\u00f3n de orejas sobresalientes del lago Tahoe","isPartOf":{"@id":"https:\/\/www.avanceplasticsurgery.com\/es\/#website"},"datePublished":"2020-09-20T12:30:17+00:00","dateModified":"2022-04-25T11:09:10+00:00","description":"La correcci\u00f3n de la deformidad de la oreja prominente puede reparar las orejas que sobresalen u otros problemas est\u00e9ticos de la oreja. El Dr. Erez Dayan ofrece cirug\u00eda de correcci\u00f3n de orejas sobresalientes en el Avance Plastic Surgery Institute en Reno, NV. Llame hoy para programar su consulta con el Dr. Dayan.","breadcrumb":{"@id":"https:\/\/www.avanceplasticsurgery.com\/es\/procedimientos-cosmeticos-y-de-cirugia\/cirugia-plastica-facial-pediatrica\/deformidad-prominente-del-oido\/#breadcrumb"},"inLanguage":"es","potentialAction":[{"@type":"ReadAction","target":["https:\/\/www.avanceplasticsurgery.com\/es\/procedimientos-cosmeticos-y-de-cirugia\/cirugia-plastica-facial-pediatrica\/deformidad-prominente-del-oido\/"]}]},{"@type":"BreadcrumbList","@id":"https:\/\/www.avanceplasticsurgery.com\/es\/procedimientos-cosmeticos-y-de-cirugia\/cirugia-plastica-facial-pediatrica\/deformidad-prominente-del-oido\/#breadcrumb","itemListElement":[{"@type":"ListItem","position":1,"name":"Home","item":"https:\/\/www.avanceplasticsurgery.com\/es\/"},{"@type":"ListItem","position":2,"name":"Cosm\u00e9tica","item":"https:\/\/www.avanceplasticsurgery.com\/es\/procedimientos-cosmeticos-y-de-cirugia\/"},{"@type":"ListItem","position":3,"name":"Cirug\u00eda Pl\u00e1stica Facial Pedi\u00e1trica","item":"https:\/\/www.avanceplasticsurgery.com\/es\/procedimientos-cosmeticos-y-de-cirugia\/cirugia-plastica-facial-pediatrica\/"},{"@type":"ListItem","position":4,"name":"Deformidad prominente del o\u00eddo"}]},{"@type":"WebSite","@id":"https:\/\/www.avanceplasticsurgery.com\/es\/#website","url":"https:\/\/www.avanceplasticsurgery.com\/es\/","name":"Avance Plastic Surgery","description":"","potentialAction":[{"@type":"SearchAction","target":{"@type":"EntryPoint","urlTemplate":"https:\/\/www.avanceplasticsurgery.com\/es\/?s={search_term_string}"},"query-input":{"@type":"PropertyValueSpecification","valueRequired":true,"valueName":"search_term_string"}}],"inLanguage":"es"}]}},"_links":{"self":[{"href":"https:\/\/www.avanceplasticsurgery.com\/es\/wp-json\/wp\/v2\/pages\/9004","targetHints":{"allow":["GET"]}}],"collection":[{"href":"https:\/\/www.avanceplasticsurgery.com\/es\/wp-json\/wp\/v2\/pages"}],"about":[{"href":"https:\/\/www.avanceplasticsurgery.com\/es\/wp-json\/wp\/v2\/types\/page"}],"author":[{"embeddable":true,"href":"https:\/\/www.avanceplasticsurgery.com\/es\/wp-json\/wp\/v2\/users\/1"}],"replies":[{"embeddable":true,"href":"https:\/\/www.avanceplasticsurgery.com\/es\/wp-json\/wp\/v2\/comments?post=9004"}],"version-history":[{"count":1,"href":"https:\/\/www.avanceplasticsurgery.com\/es\/wp-json\/wp\/v2\/pages\/9004\/revisions"}],"predecessor-version":[{"id":9172,"href":"https:\/\/www.avanceplasticsurgery.com\/es\/wp-json\/wp\/v2\/pages\/9004\/revisions\/9172"}],"up":[{"embeddable":true,"href":"https:\/\/www.avanceplasticsurgery.com\/es\/wp-json\/wp\/v2\/pages\/8996"}],"wp:attachment":[{"href":"https:\/\/www.avanceplasticsurgery.com\/es\/wp-json\/wp\/v2\/media?parent=9004"}],"curies":[{"name":"wp","href":"https:\/\/api.w.org\/{rel}","templated":true}]}}