{"id":9006,"date":"2020-09-20T12:31:45","date_gmt":"2020-09-20T12:31:45","guid":{"rendered":"https:\/\/www.avanceplasticsurgery.com\/procedimientos-cosmeticos-y-de-cirugia\/eliminacion-y-revision-de-cicatrices\/"},"modified":"2022-04-25T11:15:56","modified_gmt":"2022-04-25T11:15:56","slug":"eliminacion-y-revision-de-cicatrices","status":"publish","type":"page","link":"https:\/\/www.avanceplasticsurgery.com\/es\/procedimientos-cosmeticos-y-de-cirugia\/eliminacion-y-revision-de-cicatrices\/","title":{"rendered":"Eliminaci\u00f3n y revisi\u00f3n de cicatrices"},"content":{"rendered":"<h1>Eliminaci\u00f3n y revisi\u00f3n de cicatrices<\/h1>\n<p>Si bien la cicatrizaci\u00f3n es la respuesta perfectamente natural del cuerpo a los cortes en la piel, su apariencia a veces puede plantear <a title=\"Reno NV Cirug\u00eda Est\u00e9tica Facial\" href=\"https:\/\/www.avanceplasticsurgery.com\/es\/cosmetic-and-surgery-procedures\/\">problemas est\u00e9ticos<\/a> . Algunas cicatrices pueden incluso restringir el movimiento o el desarrollo y plantear problemas funcionales. Los procedimientos quir\u00fargicos de eliminaci\u00f3n y revisi\u00f3n de cicatrices est\u00e1n dise\u00f1ados para minimizar, borrar o alterar las cicatrices con fines est\u00e9ticos y funcionales. El Dr. Erez Dayan ofrece eliminaci\u00f3n y revisi\u00f3n de cicatrices en el Instituto de Cirug\u00eda Pl\u00e1stica Avance en Reno\/Tahoe, NV.<\/p>\n<p>Las cicatrices pueden aparecer en cualquier parte del cuerpo. Algunos lucen sus cicatrices con orgullo, mientras que otros se estremecen ante su apariencia en el espejo debido a una cicatriz indeseable. Las lesiones, las condiciones de la piel y otros factores gen\u00e9ticos pueden causar cicatrices que afectan su apariencia o movimiento. Las cicatrices extensas de lesiones graves pueden afectar problemas como la vista, la respiraci\u00f3n y el habla. Los procedimientos de eliminaci\u00f3n y revisi\u00f3n de cicatrices est\u00e1n destinados a ayudar a los pacientes a vivir su mejor vida al minimizar el impacto de las cicatrices.<\/p>\n<h2>Cirug\u00eda de revisi\u00f3n de cicatrices en Reno\/Lake Tahoe<\/h2>\n<p>El Dr. Erez Dayan recibi\u00f3 una extensa beca de formaci\u00f3n en cirug\u00eda de revisi\u00f3n de cicatrices despu\u00e9s de su formaci\u00f3n m\u00e9dica inicial. Desde entonces, ha adquirido una vasta experiencia con t\u00e9cnicas avanzadas de eliminaci\u00f3n y revisi\u00f3n de cicatrices. En Avance Plastic Surgery Institute, ofrece cirug\u00eda de revisi\u00f3n de cicatrices para lo siguiente:<\/p>\n<nav class=\"flc-submenu\" aria-label=\"sub menu\"><ul><li class=\"page_item page-item-9007\"><a href=\"https:\/\/www.avanceplasticsurgery.com\/es\/procedimientos-cosmeticos-y-de-cirugia\/eliminacion-y-revision-de-cicatrices\/cicatrices-de-acne\/\">Cicatrices de acn\u00e9<\/a><\/li>\n<li class=\"page_item page-item-9008\"><a href=\"https:\/\/www.avanceplasticsurgery.com\/es\/procedimientos-cosmeticos-y-de-cirugia\/eliminacion-y-revision-de-cicatrices\/cicatrices-de-cesarea\/\">Cicatrices de ces\u00e1rea<\/a><\/li>\n<li class=\"page_item page-item-9009\"><a href=\"https:\/\/www.avanceplasticsurgery.com\/es\/procedimientos-cosmeticos-y-de-cirugia\/eliminacion-y-revision-de-cicatrices\/cicatrices-hipertroficas\/\">Cicatrices Hipertr\u00f3ficas<\/a><\/li>\n<\/ul><\/nav>\n<p>Los episodios de acn\u00e9 en la adolescencia o en la edad adulta pueden dejar cicatrices desagradables. Muchas mujeres que se someten a un parto por ces\u00e1rea odian la aparici\u00f3n de la fea herida en el abdomen. Las cicatrices queloides pueden formarse y crecer hasta proporciones grotescas, causando verg\u00fcenza y problemas funcionales. El Dr. Dayan puede realizar varias opciones de cirug\u00eda de revisi\u00f3n de cicatrices en Reno\/Tahoe para revisar, minimizar o eliminar las cicatrices para mejorar la apariencia.<\/p>\n<p>Si tiene cicatrices problem\u00e1ticas en Reno o Lake Tahoe, NV, el Dr. Dayan puede ayudarlo con las opciones de eliminaci\u00f3n y revisi\u00f3n de cicatrices. <a title=\"P\u00f3ngase en contacto con el Instituto de Cirug\u00eda Pl\u00e1stica Avance en Reno NV\" href=\"https:\/\/www.avanceplasticsurgery.com\/es\/contact-us-dr-erez-dayan\/\">Comun\u00edquese con nuestra oficina<\/a> para programar una consulta de revisi\u00f3n de cicatrices con \u00e9l en Avance Plastic Surgery Institute.<\/p>\n<p>El Dr. Erez Dayan ha realizado una extensa investigaci\u00f3n sobre suplementos en cirug\u00eda pl\u00e1stica. Lea m\u00e1s sobre la investigaci\u00f3n de Suplementos en Cirug\u00eda Pl\u00e1stica del <a href=\"https:\/\/www.avanceplasticsurgery.com\/es\/about-avance-plastic-surgery-institute\/research\/#supplements\">Dr. Dayan aqu\u00ed.<\/a><\/p>\n","protected":false},"excerpt":{"rendered":"<p>Eliminaci\u00f3n y revisi\u00f3n de cicatrices Si bien la cicatrizaci\u00f3n es la respuesta perfectamente natural del cuerpo a los cortes&hellip;<\/p>\n","protected":false},"author":1,"featured_media":8577,"parent":8804,"menu_order":0,"comment_status":"closed","ping_status":"closed","template":"","meta":{"_acf_changed":false,"footnotes":""},"class_list":["post-9006","page","type-page","status-publish","has-post-thumbnail"],"acf":[],"yoast_head":"<!-- This site is optimized with the Yoast SEO plugin v25.6 - https:\/\/yoast.com\/wordpress\/plugins\/seo\/ -->\n<title>Tratamiento de eliminaci\u00f3n de cicatrices de Reno NV | Cirug\u00eda de revisi\u00f3n de cicatrices en Lake Tahoe<\/title>\n<meta name=\"description\" content=\"La cicatrizaci\u00f3n es una respuesta natural a una lesi\u00f3n, pero deja marcas visibles que a muchos les resultan desagradables. Se pueden tratar diferentes tipos de cicatrices con procedimientos de eliminaci\u00f3n y revisi\u00f3n de cicatrices en el Instituto de Cirug\u00eda Pl\u00e1stica Avance en Reno, NV.\" \/>\n<meta name=\"robots\" content=\"index, follow, max-snippet:-1, max-image-preview:large, max-video-preview:-1\" \/>\n<link rel=\"canonical\" href=\"https:\/\/www.avanceplasticsurgery.com\/es\/procedimientos-cosmeticos-y-de-cirugia\/eliminacion-y-revision-de-cicatrices\/\" \/>\n<meta property=\"og:locale\" content=\"es_ES\" \/>\n<meta property=\"og:type\" content=\"article\" \/>\n<meta property=\"og:title\" content=\"Tratamiento de eliminaci\u00f3n de cicatrices de Reno NV | Cirug\u00eda de revisi\u00f3n de cicatrices en Lake Tahoe\" \/>\n<meta property=\"og:description\" content=\"La cicatrizaci\u00f3n es una respuesta natural a una lesi\u00f3n, pero deja marcas visibles que a muchos les resultan desagradables. Se pueden tratar diferentes tipos de cicatrices con procedimientos de eliminaci\u00f3n y revisi\u00f3n de cicatrices en el Instituto de Cirug\u00eda Pl\u00e1stica Avance en Reno, NV.\" \/>\n<meta property=\"og:url\" content=\"https:\/\/www.avanceplasticsurgery.com\/es\/procedimientos-cosmeticos-y-de-cirugia\/eliminacion-y-revision-de-cicatrices\/\" \/>\n<meta property=\"og:site_name\" content=\"Avance Plastic Surgery\" \/>\n<meta property=\"article:modified_time\" content=\"2022-04-25T11:15:56+00:00\" \/>\n<meta property=\"og:image\" content=\"https:\/\/www.avanceplasticsurgery.com\/wp-content\/uploads\/2022\/01\/skin.jpg\" \/>\n\t<meta property=\"og:image:width\" content=\"1920\" \/>\n\t<meta property=\"og:image:height\" content=\"595\" \/>\n\t<meta property=\"og:image:type\" content=\"image\/jpeg\" \/>\n<meta name=\"twitter:card\" content=\"summary_large_image\" \/>\n<meta name=\"twitter:label1\" content=\"Tiempo de lectura\" \/>\n\t<meta name=\"twitter:data1\" content=\"2 minutos\" \/>\n<!-- \/ Yoast SEO plugin. -->","yoast_head_json":{"title":"Tratamiento de eliminaci\u00f3n de cicatrices de Reno NV | Cirug\u00eda de revisi\u00f3n de cicatrices en Lake Tahoe","description":"La cicatrizaci\u00f3n es una respuesta natural a una lesi\u00f3n, pero deja marcas visibles que a muchos les resultan desagradables. Se pueden tratar diferentes tipos de cicatrices con procedimientos de eliminaci\u00f3n y revisi\u00f3n de cicatrices en el Instituto de Cirug\u00eda Pl\u00e1stica Avance en Reno, NV.","robots":{"index":"index","follow":"follow","max-snippet":"max-snippet:-1","max-image-preview":"max-image-preview:large","max-video-preview":"max-video-preview:-1"},"canonical":"https:\/\/www.avanceplasticsurgery.com\/es\/procedimientos-cosmeticos-y-de-cirugia\/eliminacion-y-revision-de-cicatrices\/","og_locale":"es_ES","og_type":"article","og_title":"Tratamiento de eliminaci\u00f3n de cicatrices de Reno NV | Cirug\u00eda de revisi\u00f3n de cicatrices en Lake Tahoe","og_description":"La cicatrizaci\u00f3n es una respuesta natural a una lesi\u00f3n, pero deja marcas visibles que a muchos les resultan desagradables. Se pueden tratar diferentes tipos de cicatrices con procedimientos de eliminaci\u00f3n y revisi\u00f3n de cicatrices en el Instituto de Cirug\u00eda Pl\u00e1stica Avance en Reno, NV.","og_url":"https:\/\/www.avanceplasticsurgery.com\/es\/procedimientos-cosmeticos-y-de-cirugia\/eliminacion-y-revision-de-cicatrices\/","og_site_name":"Avance Plastic Surgery","article_modified_time":"2022-04-25T11:15:56+00:00","og_image":[{"width":1920,"height":595,"url":"https:\/\/www.avanceplasticsurgery.com\/wp-content\/uploads\/2022\/01\/skin.jpg","type":"image\/jpeg"}],"twitter_card":"summary_large_image","twitter_misc":{"Tiempo de lectura":"2 minutos"},"schema":{"@context":"https:\/\/schema.org","@graph":[{"@type":"WebPage","@id":"https:\/\/www.avanceplasticsurgery.com\/es\/procedimientos-cosmeticos-y-de-cirugia\/eliminacion-y-revision-de-cicatrices\/","url":"https:\/\/www.avanceplasticsurgery.com\/es\/procedimientos-cosmeticos-y-de-cirugia\/eliminacion-y-revision-de-cicatrices\/","name":"Tratamiento de eliminaci\u00f3n de cicatrices de Reno NV | Cirug\u00eda de revisi\u00f3n de cicatrices en Lake Tahoe","isPartOf":{"@id":"https:\/\/www.avanceplasticsurgery.com\/es\/#website"},"primaryImageOfPage":{"@id":"https:\/\/www.avanceplasticsurgery.com\/es\/procedimientos-cosmeticos-y-de-cirugia\/eliminacion-y-revision-de-cicatrices\/#primaryimage"},"image":{"@id":"https:\/\/www.avanceplasticsurgery.com\/es\/procedimientos-cosmeticos-y-de-cirugia\/eliminacion-y-revision-de-cicatrices\/#primaryimage"},"thumbnailUrl":"https:\/\/www.avanceplasticsurgery.com\/wp-content\/uploads\/2022\/01\/skin.jpg","datePublished":"2020-09-20T12:31:45+00:00","dateModified":"2022-04-25T11:15:56+00:00","description":"La cicatrizaci\u00f3n es una respuesta natural a una lesi\u00f3n, pero deja marcas visibles que a muchos les resultan desagradables. Se pueden tratar diferentes tipos de cicatrices con procedimientos de eliminaci\u00f3n y revisi\u00f3n de cicatrices en el Instituto de Cirug\u00eda Pl\u00e1stica Avance en Reno, NV.","breadcrumb":{"@id":"https:\/\/www.avanceplasticsurgery.com\/es\/procedimientos-cosmeticos-y-de-cirugia\/eliminacion-y-revision-de-cicatrices\/#breadcrumb"},"inLanguage":"es","potentialAction":[{"@type":"ReadAction","target":["https:\/\/www.avanceplasticsurgery.com\/es\/procedimientos-cosmeticos-y-de-cirugia\/eliminacion-y-revision-de-cicatrices\/"]}]},{"@type":"ImageObject","inLanguage":"es","@id":"https:\/\/www.avanceplasticsurgery.com\/es\/procedimientos-cosmeticos-y-de-cirugia\/eliminacion-y-revision-de-cicatrices\/#primaryimage","url":"https:\/\/www.avanceplasticsurgery.com\/wp-content\/uploads\/2022\/01\/skin.jpg","contentUrl":"https:\/\/www.avanceplasticsurgery.com\/wp-content\/uploads\/2022\/01\/skin.jpg","width":1920,"height":595,"caption":"Una mujer y un hombre con bata blanca, posiblemente un m\u00e9dico, sonr\u00eden y miran juntos un documento o un libro sobre un fondo liso."},{"@type":"BreadcrumbList","@id":"https:\/\/www.avanceplasticsurgery.com\/es\/procedimientos-cosmeticos-y-de-cirugia\/eliminacion-y-revision-de-cicatrices\/#breadcrumb","itemListElement":[{"@type":"ListItem","position":1,"name":"Home","item":"https:\/\/www.avanceplasticsurgery.com\/es\/"},{"@type":"ListItem","position":2,"name":"Cosm\u00e9tica","item":"https:\/\/www.avanceplasticsurgery.com\/es\/procedimientos-cosmeticos-y-de-cirugia\/"},{"@type":"ListItem","position":3,"name":"Eliminaci\u00f3n y revisi\u00f3n de cicatrices"}]},{"@type":"WebSite","@id":"https:\/\/www.avanceplasticsurgery.com\/es\/#website","url":"https:\/\/www.avanceplasticsurgery.com\/es\/","name":"Avance Plastic Surgery","description":"","potentialAction":[{"@type":"SearchAction","target":{"@type":"EntryPoint","urlTemplate":"https:\/\/www.avanceplasticsurgery.com\/es\/?s={search_term_string}"},"query-input":{"@type":"PropertyValueSpecification","valueRequired":true,"valueName":"search_term_string"}}],"inLanguage":"es"}]}},"_links":{"self":[{"href":"https:\/\/www.avanceplasticsurgery.com\/es\/wp-json\/wp\/v2\/pages\/9006","targetHints":{"allow":["GET"]}}],"collection":[{"href":"https:\/\/www.avanceplasticsurgery.com\/es\/wp-json\/wp\/v2\/pages"}],"about":[{"href":"https:\/\/www.avanceplasticsurgery.com\/es\/wp-json\/wp\/v2\/types\/page"}],"author":[{"embeddable":true,"href":"https:\/\/www.avanceplasticsurgery.com\/es\/wp-json\/wp\/v2\/users\/1"}],"replies":[{"embeddable":true,"href":"https:\/\/www.avanceplasticsurgery.com\/es\/wp-json\/wp\/v2\/comments?post=9006"}],"version-history":[{"count":1,"href":"https:\/\/www.avanceplasticsurgery.com\/es\/wp-json\/wp\/v2\/pages\/9006\/revisions"}],"predecessor-version":[{"id":9192,"href":"https:\/\/www.avanceplasticsurgery.com\/es\/wp-json\/wp\/v2\/pages\/9006\/revisions\/9192"}],"up":[{"embeddable":true,"href":"https:\/\/www.avanceplasticsurgery.com\/es\/wp-json\/wp\/v2\/pages\/8804"}],"wp:featuredmedia":[{"embeddable":true,"href":"https:\/\/www.avanceplasticsurgery.com\/es\/wp-json\/wp\/v2\/media\/8577"}],"wp:attachment":[{"href":"https:\/\/www.avanceplasticsurgery.com\/es\/wp-json\/wp\/v2\/media?parent=9006"}],"curies":[{"name":"wp","href":"https:\/\/api.w.org\/{rel}","templated":true}]}}