{"id":9007,"date":"2020-09-20T12:33:05","date_gmt":"2020-09-20T12:33:05","guid":{"rendered":"https:\/\/www.avanceplasticsurgery.com\/procedimientos-cosmeticos-y-de-cirugia\/eliminacion-y-revision-de-cicatrices\/cicatrices-de-acne\/"},"modified":"2022-04-25T11:16:08","modified_gmt":"2022-04-25T11:16:08","slug":"cicatrices-de-acne","status":"publish","type":"page","link":"https:\/\/www.avanceplasticsurgery.com\/es\/procedimientos-cosmeticos-y-de-cirugia\/eliminacion-y-revision-de-cicatrices\/cicatrices-de-acne\/","title":{"rendered":"Cicatrices de acn\u00e9"},"content":{"rendered":"<h1>Eliminaci\u00f3n de cicatrices de acn\u00e9<\/h1>\n<p>Cuando has luchado contra el acn\u00e9 en la adolescencia, o incluso en la edad adulta, por lo general deja cicatrices preocupantes. Estos pueden afectar su apariencia y da\u00f1ar su autoestima o confianza en s\u00ed mismo. Si bien existen algunos remedios caseros para tratar las cicatrices del acn\u00e9, los mejores resultados se obtienen con <a title=\"Tratamiento de eliminaci\u00f3n de cicatrices de Reno NV\" href=\"https:\/\/www.avanceplasticsurgery.com\/es\/cosmetic-and-surgery-procedures\/scar-removal-revision\/\">tratamientos cosm\u00e9ticos profesionales<\/a> . El Dr. Erez Dayan ofrece varias opciones de eliminaci\u00f3n de cicatrices de acn\u00e9 en el Instituto de Cirug\u00eda Pl\u00e1stica Avance en Reno\/Tahoe, NV.<\/p>\n<p>El nivel y la ubicaci\u00f3n de las cicatrices del acn\u00e9 contar\u00e1n en gran parte para los tratamientos de eliminaci\u00f3n de cicatrices del acn\u00e9 que recomendar\u00e1 el Dr. Dayan. Las cicatrices leves del acn\u00e9 pueden beneficiarse de procedimientos m\u00ednimamente invasivos como el rejuvenecimiento con l\u00e1ser, exfoliaciones qu\u00edmicas ligeras o inyecciones d\u00e9rmicas cosm\u00e9ticas. La cicatrizaci\u00f3n moderada del acn\u00e9 se trata mejor con un tratamiento de luz l\u00e1ser m\u00e1s intenso, tratamientos de radiofrecuencia, exfoliaciones qu\u00edmicas m\u00e1s potentes o dermoabrasi\u00f3n.<\/p>\n<p>Las cicatrices profundas o extensas del acn\u00e9 pueden requerir tratamiento quir\u00fargico para eliminar las cicatrices del acn\u00e9 o usar injertos de piel para repararlas. El Dr. Dayan puede examinar las \u00e1reas con cicatrices de acn\u00e9 y recomendar el mejor tratamiento. Rutinariamente recomienda una combinaci\u00f3n de tratamientos de eliminaci\u00f3n de cicatrices de acn\u00e9 no quir\u00fargicos para lograr los mejores resultados posibles.<\/p>\n<h2>Tratamiento eficaz para las cicatrices del acn\u00e9<\/h2>\n<p>El Dr. Dayan es un cirujano pl\u00e1stico cosm\u00e9tico y reconstructivo altamente capacitado y experimentado cuya experiencia es buscada por las principales compa\u00f1\u00edas est\u00e9ticas y otros cirujanos en todo el mundo. Ha escrito y dado numerosas conferencias sobre t\u00e9cnicas y procedimientos quir\u00fargicos est\u00e9ticos avanzados y los ha demostrado a m\u00e9dicos y cirujanos en varios continentes.<\/p>\n<p>\u00c9l est\u00e1 calificado profesionalmente para elegir el tratamiento m\u00e1s efectivo para las cicatrices del acn\u00e9 que le brindar\u00e1 los resultados que desea. El Dr. Dayan siempre comienza con un examen y revisi\u00f3n de su historial m\u00e9dico y condici\u00f3n actual en una consulta confidencial en su oficina de Reno\/Tahoe. Explicar\u00e1 cualquier opci\u00f3n de tratamiento de cicatrices de acn\u00e9 que recomiende, incluidos los beneficios y riesgos. Recibir\u00e1 un plan de tratamiento completamente personalizado para sus problemas \u00fanicos.<\/p>\n<p>Para obtener el tratamiento m\u00e1s eficaz para las cicatrices del acn\u00e9 en Reno\/Tahoe, cerca del lago Tahoe, <a title=\"P\u00f3ngase en contacto con el Instituto de Cirug\u00eda Pl\u00e1stica Avance en Reno NV\" href=\"https:\/\/www.avanceplasticsurgery.com\/es\/contact-us-dr-erez-dayan\/\">comun\u00edquese con el Instituto de Cirug\u00eda Pl\u00e1stica Avance<\/a> y reserve una consulta para el tratamiento de las cicatrices del acn\u00e9 con el Dr. Erez Dayan.<\/p>\n","protected":false},"excerpt":{"rendered":"<p>Eliminaci\u00f3n de cicatrices de acn\u00e9 Cuando has luchado contra el acn\u00e9 en la adolescencia, o incluso en la edad&hellip;<\/p>\n","protected":false},"author":1,"featured_media":0,"parent":9006,"menu_order":0,"comment_status":"closed","ping_status":"closed","template":"","meta":{"_acf_changed":false,"footnotes":""},"class_list":["post-9007","page","type-page","status-publish"],"acf":[],"yoast_head":"<!-- This site is optimized with the Yoast SEO plugin v27.4 - https:\/\/yoast.com\/product\/yoast-seo-wordpress\/ -->\n<title>Eliminaci\u00f3n de cicatrices de acn\u00e9 de Reno NV | Tratamientos para las cicatrices del acn\u00e9 en Lake Tahoe<\/title>\n<meta name=\"description\" content=\"No sufras de molestas o vergonzosas cicatrices de acn\u00e9. El Dr. Erez Dayan ofrece tratamientos superiores para las cicatrices del acn\u00e9, incluida la extirpaci\u00f3n quir\u00fargica, en el Instituto de Cirug\u00eda Pl\u00e1stica Avance en Reno, NV. Llame para programar su consulta de eliminaci\u00f3n de cicatrices de acn\u00e9 hoy.\" \/>\n<meta name=\"robots\" content=\"index, follow, max-snippet:-1, max-image-preview:large, max-video-preview:-1\" \/>\n<link rel=\"canonical\" href=\"https:\/\/www.avanceplasticsurgery.com\/es\/procedimientos-cosmeticos-y-de-cirugia\/eliminacion-y-revision-de-cicatrices\/cicatrices-de-acne\/\" \/>\n<meta property=\"og:locale\" content=\"es_ES\" \/>\n<meta property=\"og:type\" content=\"article\" \/>\n<meta property=\"og:title\" content=\"Eliminaci\u00f3n de cicatrices de acn\u00e9 de Reno NV | Tratamientos para las cicatrices del acn\u00e9 en Lake Tahoe\" \/>\n<meta property=\"og:description\" content=\"No sufras de molestas o vergonzosas cicatrices de acn\u00e9. El Dr. Erez Dayan ofrece tratamientos superiores para las cicatrices del acn\u00e9, incluida la extirpaci\u00f3n quir\u00fargica, en el Instituto de Cirug\u00eda Pl\u00e1stica Avance en Reno, NV. Llame para programar su consulta de eliminaci\u00f3n de cicatrices de acn\u00e9 hoy.\" \/>\n<meta property=\"og:url\" content=\"https:\/\/www.avanceplasticsurgery.com\/es\/procedimientos-cosmeticos-y-de-cirugia\/eliminacion-y-revision-de-cicatrices\/cicatrices-de-acne\/\" \/>\n<meta property=\"og:site_name\" content=\"Avance Plastic Surgery\" \/>\n<meta property=\"article:modified_time\" content=\"2022-04-25T11:16:08+00:00\" \/>\n<meta name=\"twitter:card\" content=\"summary_large_image\" \/>\n<meta name=\"twitter:label1\" content=\"Tiempo de lectura\" \/>\n\t<meta name=\"twitter:data1\" content=\"2 minutos\" \/>\n<!-- \/ Yoast SEO plugin. -->","yoast_head_json":{"title":"Eliminaci\u00f3n de cicatrices de acn\u00e9 de Reno NV | Tratamientos para las cicatrices del acn\u00e9 en Lake Tahoe","description":"No sufras de molestas o vergonzosas cicatrices de acn\u00e9. El Dr. Erez Dayan ofrece tratamientos superiores para las cicatrices del acn\u00e9, incluida la extirpaci\u00f3n quir\u00fargica, en el Instituto de Cirug\u00eda Pl\u00e1stica Avance en Reno, NV. Llame para programar su consulta de eliminaci\u00f3n de cicatrices de acn\u00e9 hoy.","robots":{"index":"index","follow":"follow","max-snippet":"max-snippet:-1","max-image-preview":"max-image-preview:large","max-video-preview":"max-video-preview:-1"},"canonical":"https:\/\/www.avanceplasticsurgery.com\/es\/procedimientos-cosmeticos-y-de-cirugia\/eliminacion-y-revision-de-cicatrices\/cicatrices-de-acne\/","og_locale":"es_ES","og_type":"article","og_title":"Eliminaci\u00f3n de cicatrices de acn\u00e9 de Reno NV | Tratamientos para las cicatrices del acn\u00e9 en Lake Tahoe","og_description":"No sufras de molestas o vergonzosas cicatrices de acn\u00e9. El Dr. Erez Dayan ofrece tratamientos superiores para las cicatrices del acn\u00e9, incluida la extirpaci\u00f3n quir\u00fargica, en el Instituto de Cirug\u00eda Pl\u00e1stica Avance en Reno, NV. Llame para programar su consulta de eliminaci\u00f3n de cicatrices de acn\u00e9 hoy.","og_url":"https:\/\/www.avanceplasticsurgery.com\/es\/procedimientos-cosmeticos-y-de-cirugia\/eliminacion-y-revision-de-cicatrices\/cicatrices-de-acne\/","og_site_name":"Avance Plastic Surgery","article_modified_time":"2022-04-25T11:16:08+00:00","twitter_card":"summary_large_image","twitter_misc":{"Tiempo de lectura":"2 minutos"},"schema":{"@context":"https:\/\/schema.org","@graph":[{"@type":"WebPage","@id":"https:\/\/www.avanceplasticsurgery.com\/es\/procedimientos-cosmeticos-y-de-cirugia\/eliminacion-y-revision-de-cicatrices\/cicatrices-de-acne\/","url":"https:\/\/www.avanceplasticsurgery.com\/es\/procedimientos-cosmeticos-y-de-cirugia\/eliminacion-y-revision-de-cicatrices\/cicatrices-de-acne\/","name":"Eliminaci\u00f3n de cicatrices de acn\u00e9 de Reno NV | Tratamientos para las cicatrices del acn\u00e9 en Lake Tahoe","isPartOf":{"@id":"https:\/\/www.avanceplasticsurgery.com\/es\/#website"},"datePublished":"2020-09-20T12:33:05+00:00","dateModified":"2022-04-25T11:16:08+00:00","description":"No sufras de molestas o vergonzosas cicatrices de acn\u00e9. El Dr. Erez Dayan ofrece tratamientos superiores para las cicatrices del acn\u00e9, incluida la extirpaci\u00f3n quir\u00fargica, en el Instituto de Cirug\u00eda Pl\u00e1stica Avance en Reno, NV. Llame para programar su consulta de eliminaci\u00f3n de cicatrices de acn\u00e9 hoy.","breadcrumb":{"@id":"https:\/\/www.avanceplasticsurgery.com\/es\/procedimientos-cosmeticos-y-de-cirugia\/eliminacion-y-revision-de-cicatrices\/cicatrices-de-acne\/#breadcrumb"},"inLanguage":"es","potentialAction":[{"@type":"ReadAction","target":["https:\/\/www.avanceplasticsurgery.com\/es\/procedimientos-cosmeticos-y-de-cirugia\/eliminacion-y-revision-de-cicatrices\/cicatrices-de-acne\/"]}]},{"@type":"BreadcrumbList","@id":"https:\/\/www.avanceplasticsurgery.com\/es\/procedimientos-cosmeticos-y-de-cirugia\/eliminacion-y-revision-de-cicatrices\/cicatrices-de-acne\/#breadcrumb","itemListElement":[{"@type":"ListItem","position":1,"name":"Home","item":"https:\/\/www.avanceplasticsurgery.com\/es\/"},{"@type":"ListItem","position":2,"name":"Cosm\u00e9tica","item":"https:\/\/www.avanceplasticsurgery.com\/es\/procedimientos-cosmeticos-y-de-cirugia\/"},{"@type":"ListItem","position":3,"name":"Eliminaci\u00f3n y revisi\u00f3n de cicatrices","item":"https:\/\/www.avanceplasticsurgery.com\/es\/procedimientos-cosmeticos-y-de-cirugia\/eliminacion-y-revision-de-cicatrices\/"},{"@type":"ListItem","position":4,"name":"Cicatrices de acn\u00e9"}]},{"@type":"WebSite","@id":"https:\/\/www.avanceplasticsurgery.com\/es\/#website","url":"https:\/\/www.avanceplasticsurgery.com\/es\/","name":"Avance Plastic Surgery","description":"","potentialAction":[{"@type":"SearchAction","target":{"@type":"EntryPoint","urlTemplate":"https:\/\/www.avanceplasticsurgery.com\/es\/?s={search_term_string}"},"query-input":{"@type":"PropertyValueSpecification","valueRequired":true,"valueName":"search_term_string"}}],"inLanguage":"es"}]}},"_links":{"self":[{"href":"https:\/\/www.avanceplasticsurgery.com\/es\/wp-json\/wp\/v2\/pages\/9007","targetHints":{"allow":["GET"]}}],"collection":[{"href":"https:\/\/www.avanceplasticsurgery.com\/es\/wp-json\/wp\/v2\/pages"}],"about":[{"href":"https:\/\/www.avanceplasticsurgery.com\/es\/wp-json\/wp\/v2\/types\/page"}],"author":[{"embeddable":true,"href":"https:\/\/www.avanceplasticsurgery.com\/es\/wp-json\/wp\/v2\/users\/1"}],"replies":[{"embeddable":true,"href":"https:\/\/www.avanceplasticsurgery.com\/es\/wp-json\/wp\/v2\/comments?post=9007"}],"version-history":[{"count":1,"href":"https:\/\/www.avanceplasticsurgery.com\/es\/wp-json\/wp\/v2\/pages\/9007\/revisions"}],"predecessor-version":[{"id":9193,"href":"https:\/\/www.avanceplasticsurgery.com\/es\/wp-json\/wp\/v2\/pages\/9007\/revisions\/9193"}],"up":[{"embeddable":true,"href":"https:\/\/www.avanceplasticsurgery.com\/es\/wp-json\/wp\/v2\/pages\/9006"}],"wp:attachment":[{"href":"https:\/\/www.avanceplasticsurgery.com\/es\/wp-json\/wp\/v2\/media?parent=9007"}],"curies":[{"name":"wp","href":"https:\/\/api.w.org\/{rel}","templated":true}]}}