{"id":9008,"date":"2020-09-20T12:40:50","date_gmt":"2020-09-20T12:40:50","guid":{"rendered":"https:\/\/www.avanceplasticsurgery.com\/procedimientos-cosmeticos-y-de-cirugia\/eliminacion-y-revision-de-cicatrices\/cicatrices-de-cesarea\/"},"modified":"2022-04-25T11:16:18","modified_gmt":"2022-04-25T11:16:18","slug":"cicatrices-de-cesarea","status":"publish","type":"page","link":"https:\/\/www.avanceplasticsurgery.com\/es\/procedimientos-cosmeticos-y-de-cirugia\/eliminacion-y-revision-de-cicatrices\/cicatrices-de-cesarea\/","title":{"rendered":"Cicatrices de ces\u00e1rea"},"content":{"rendered":"<h1>Eliminaci\u00f3n de cicatriz de ces\u00e1rea<\/h1>\n<p>Muchas mujeres encuentran necesario dar a luz a un ni\u00f1o por ces\u00e1rea o parto por ces\u00e1rea. Esta puede ser la mejor opci\u00f3n para la madre y el ni\u00f1o en el momento del parto, pero deja una fea cicatriz en el abdomen que las mujeres suelen despreciar. El Dr. Erez Dayan ofrece eliminaci\u00f3n de cicatrices por ces\u00e1rea en el Instituto de Cirug\u00eda Pl\u00e1stica Avance en Reno\/Tahoe, NV.<\/p>\n<p>Las madres a menudo quieren presumir de un nuevo hijo, pero aquellas que han tenido un parto por ces\u00e1rea pueden preferir ocultar su abdomen. Las cicatrices de la ces\u00e1rea quedan despu\u00e9s del nacimiento y son un recordatorio visible del trauma necesario para dar a luz a un ni\u00f1o. Muchas mujeres desear\u00edan poder borrar esta fea marca, \u00a1y t\u00fa puedes! La cirug\u00eda de eliminaci\u00f3n de la cicatriz de la ces\u00e1rea puede hacer que desaparezca esa marca antiest\u00e9tica, lo que le permite mostrar su abdomen nuevamente con camisetas cortas, bikinis u otras prendas divertidas.<\/p>\n<p>El Dr. Dayan ha ayudado a muchas mujeres en Reno y Lake Tahoe a recuperar su apariencia anterior al embarazo con la eliminaci\u00f3n de la cicatriz de la ces\u00e1rea. Es un cirujano pl\u00e1stico y reconstructivo cosm\u00e9tico ampliamente capacitado y experimentado con experiencia particular en <a title=\"Tratamiento de eliminaci\u00f3n de cicatrices de Reno NV\" href=\"https:\/\/www.avanceplasticsurgery.com\/es\/cosmetic-and-surgery-procedures\/scar-removal-revision\/\">la revisi\u00f3n y eliminaci\u00f3n de todas las cicatrices<\/a> , incluidas las cicatrices largas de ces\u00e1reas. \u00c9l puede explicar m\u00e1s sobre el procedimiento en s\u00ed mismo en una consulta en Avance Plastic Surgery Institute.<\/p>\n<h2>Tratamiento de cicatriz de ces\u00e1rea en Reno<\/h2>\n<p>El tratamiento de la cicatriz de la ces\u00e1rea en Reno se logra mejor despu\u00e9s de que la herida se haya curado por completo, generalmente alrededor de un a\u00f1o despu\u00e9s del nacimiento. A menudo, las mujeres desean minimizar o borrar la cicatriz sin un tratamiento invasivo. El Dr. Dayan puede usar tratamientos a base de silicona para mejorar la condici\u00f3n de la piel alrededor de la cicatriz y atenuar la cicatriz misma. Tambi\u00e9n utiliza l\u00e1minas de silicona y otros tratamientos para ayudar a la cicatrizaci\u00f3n despu\u00e9s de la revisi\u00f3n de la cicatriz de la ces\u00e1rea quir\u00fargica.<\/p>\n<p>Cuando se recomienda un tratamiento quir\u00fargico para la cicatriz de la ces\u00e1rea, el Dr. Dayan tambi\u00e9n puede realizar otros procedimientos para reducir la flacidez de la piel en el abdomen. Muchas veces, las mujeres reciben un tratamiento de cicatriz de ces\u00e1rea como parte de un procedimiento de \u00abcambio de imagen para mam\u00e1s\u00bb o abdominoplastia. Pregunte acerca de estas otras opciones cuando se <a title=\"P\u00f3ngase en contacto con el Instituto de Cirug\u00eda Pl\u00e1stica Avance en Reno NV\" href=\"https:\/\/www.avanceplasticsurgery.com\/es\/contact-us-dr-erez-dayan\/\">comunique con Avance Plastic Surgery Institute<\/a> en Reno\/Tahoe para una consulta de revisi\u00f3n de cicatriz de ces\u00e1rea.<\/p>\n","protected":false},"excerpt":{"rendered":"<p>Eliminaci\u00f3n de cicatriz de ces\u00e1rea Muchas mujeres encuentran necesario dar a luz a un ni\u00f1o por ces\u00e1rea o parto&hellip;<\/p>\n","protected":false},"author":1,"featured_media":0,"parent":9006,"menu_order":0,"comment_status":"closed","ping_status":"closed","template":"","meta":{"_acf_changed":false,"footnotes":""},"class_list":["post-9008","page","type-page","status-publish"],"acf":[],"yoast_head":"<!-- This site is optimized with the Yoast SEO plugin v27.4 - https:\/\/yoast.com\/product\/yoast-seo-wordpress\/ -->\n<title>Eliminaci\u00f3n de cicatriz de ces\u00e1rea de Reno NV | Tratamiento de cicatriz de ces\u00e1rea en Lake Tahoe<\/title>\n<meta name=\"description\" content=\"La eliminaci\u00f3n de la cicatriz de la ces\u00e1rea puede restablecer su apariencia a su estado anterior al embarazo. El Dr. Erez Dayan ofrece tratamiento y cirug\u00eda para cicatrices de ces\u00e1reas en el Instituto de Cirug\u00eda Pl\u00e1stica Avance en Reno, NV. Llame para una consulta con el Dr. Dayan hoy.\" \/>\n<meta name=\"robots\" content=\"index, follow, max-snippet:-1, max-image-preview:large, max-video-preview:-1\" \/>\n<link rel=\"canonical\" href=\"https:\/\/www.avanceplasticsurgery.com\/es\/procedimientos-cosmeticos-y-de-cirugia\/eliminacion-y-revision-de-cicatrices\/cicatrices-de-cesarea\/\" \/>\n<meta property=\"og:locale\" content=\"es_ES\" \/>\n<meta property=\"og:type\" content=\"article\" \/>\n<meta property=\"og:title\" content=\"Eliminaci\u00f3n de cicatriz de ces\u00e1rea de Reno NV | Tratamiento de cicatriz de ces\u00e1rea en Lake Tahoe\" \/>\n<meta property=\"og:description\" content=\"La eliminaci\u00f3n de la cicatriz de la ces\u00e1rea puede restablecer su apariencia a su estado anterior al embarazo. El Dr. Erez Dayan ofrece tratamiento y cirug\u00eda para cicatrices de ces\u00e1reas en el Instituto de Cirug\u00eda Pl\u00e1stica Avance en Reno, NV. Llame para una consulta con el Dr. Dayan hoy.\" \/>\n<meta property=\"og:url\" content=\"https:\/\/www.avanceplasticsurgery.com\/es\/procedimientos-cosmeticos-y-de-cirugia\/eliminacion-y-revision-de-cicatrices\/cicatrices-de-cesarea\/\" \/>\n<meta property=\"og:site_name\" content=\"Avance Plastic Surgery\" \/>\n<meta property=\"article:modified_time\" content=\"2022-04-25T11:16:18+00:00\" \/>\n<meta name=\"twitter:card\" content=\"summary_large_image\" \/>\n<meta name=\"twitter:label1\" content=\"Tiempo de lectura\" \/>\n\t<meta name=\"twitter:data1\" content=\"2 minutos\" \/>\n<!-- \/ Yoast SEO plugin. -->","yoast_head_json":{"title":"Eliminaci\u00f3n de cicatriz de ces\u00e1rea de Reno NV | Tratamiento de cicatriz de ces\u00e1rea en Lake Tahoe","description":"La eliminaci\u00f3n de la cicatriz de la ces\u00e1rea puede restablecer su apariencia a su estado anterior al embarazo. El Dr. Erez Dayan ofrece tratamiento y cirug\u00eda para cicatrices de ces\u00e1reas en el Instituto de Cirug\u00eda Pl\u00e1stica Avance en Reno, NV. Llame para una consulta con el Dr. Dayan hoy.","robots":{"index":"index","follow":"follow","max-snippet":"max-snippet:-1","max-image-preview":"max-image-preview:large","max-video-preview":"max-video-preview:-1"},"canonical":"https:\/\/www.avanceplasticsurgery.com\/es\/procedimientos-cosmeticos-y-de-cirugia\/eliminacion-y-revision-de-cicatrices\/cicatrices-de-cesarea\/","og_locale":"es_ES","og_type":"article","og_title":"Eliminaci\u00f3n de cicatriz de ces\u00e1rea de Reno NV | Tratamiento de cicatriz de ces\u00e1rea en Lake Tahoe","og_description":"La eliminaci\u00f3n de la cicatriz de la ces\u00e1rea puede restablecer su apariencia a su estado anterior al embarazo. El Dr. Erez Dayan ofrece tratamiento y cirug\u00eda para cicatrices de ces\u00e1reas en el Instituto de Cirug\u00eda Pl\u00e1stica Avance en Reno, NV. Llame para una consulta con el Dr. Dayan hoy.","og_url":"https:\/\/www.avanceplasticsurgery.com\/es\/procedimientos-cosmeticos-y-de-cirugia\/eliminacion-y-revision-de-cicatrices\/cicatrices-de-cesarea\/","og_site_name":"Avance Plastic Surgery","article_modified_time":"2022-04-25T11:16:18+00:00","twitter_card":"summary_large_image","twitter_misc":{"Tiempo de lectura":"2 minutos"},"schema":{"@context":"https:\/\/schema.org","@graph":[{"@type":"WebPage","@id":"https:\/\/www.avanceplasticsurgery.com\/es\/procedimientos-cosmeticos-y-de-cirugia\/eliminacion-y-revision-de-cicatrices\/cicatrices-de-cesarea\/","url":"https:\/\/www.avanceplasticsurgery.com\/es\/procedimientos-cosmeticos-y-de-cirugia\/eliminacion-y-revision-de-cicatrices\/cicatrices-de-cesarea\/","name":"Eliminaci\u00f3n de cicatriz de ces\u00e1rea de Reno NV | Tratamiento de cicatriz de ces\u00e1rea en Lake Tahoe","isPartOf":{"@id":"https:\/\/www.avanceplasticsurgery.com\/es\/#website"},"datePublished":"2020-09-20T12:40:50+00:00","dateModified":"2022-04-25T11:16:18+00:00","description":"La eliminaci\u00f3n de la cicatriz de la ces\u00e1rea puede restablecer su apariencia a su estado anterior al embarazo. El Dr. Erez Dayan ofrece tratamiento y cirug\u00eda para cicatrices de ces\u00e1reas en el Instituto de Cirug\u00eda Pl\u00e1stica Avance en Reno, NV. Llame para una consulta con el Dr. Dayan hoy.","breadcrumb":{"@id":"https:\/\/www.avanceplasticsurgery.com\/es\/procedimientos-cosmeticos-y-de-cirugia\/eliminacion-y-revision-de-cicatrices\/cicatrices-de-cesarea\/#breadcrumb"},"inLanguage":"es","potentialAction":[{"@type":"ReadAction","target":["https:\/\/www.avanceplasticsurgery.com\/es\/procedimientos-cosmeticos-y-de-cirugia\/eliminacion-y-revision-de-cicatrices\/cicatrices-de-cesarea\/"]}]},{"@type":"BreadcrumbList","@id":"https:\/\/www.avanceplasticsurgery.com\/es\/procedimientos-cosmeticos-y-de-cirugia\/eliminacion-y-revision-de-cicatrices\/cicatrices-de-cesarea\/#breadcrumb","itemListElement":[{"@type":"ListItem","position":1,"name":"Home","item":"https:\/\/www.avanceplasticsurgery.com\/es\/"},{"@type":"ListItem","position":2,"name":"Cosm\u00e9tica","item":"https:\/\/www.avanceplasticsurgery.com\/es\/procedimientos-cosmeticos-y-de-cirugia\/"},{"@type":"ListItem","position":3,"name":"Eliminaci\u00f3n y revisi\u00f3n de cicatrices","item":"https:\/\/www.avanceplasticsurgery.com\/es\/procedimientos-cosmeticos-y-de-cirugia\/eliminacion-y-revision-de-cicatrices\/"},{"@type":"ListItem","position":4,"name":"Cicatrices de ces\u00e1rea"}]},{"@type":"WebSite","@id":"https:\/\/www.avanceplasticsurgery.com\/es\/#website","url":"https:\/\/www.avanceplasticsurgery.com\/es\/","name":"Avance Plastic Surgery","description":"","potentialAction":[{"@type":"SearchAction","target":{"@type":"EntryPoint","urlTemplate":"https:\/\/www.avanceplasticsurgery.com\/es\/?s={search_term_string}"},"query-input":{"@type":"PropertyValueSpecification","valueRequired":true,"valueName":"search_term_string"}}],"inLanguage":"es"}]}},"_links":{"self":[{"href":"https:\/\/www.avanceplasticsurgery.com\/es\/wp-json\/wp\/v2\/pages\/9008","targetHints":{"allow":["GET"]}}],"collection":[{"href":"https:\/\/www.avanceplasticsurgery.com\/es\/wp-json\/wp\/v2\/pages"}],"about":[{"href":"https:\/\/www.avanceplasticsurgery.com\/es\/wp-json\/wp\/v2\/types\/page"}],"author":[{"embeddable":true,"href":"https:\/\/www.avanceplasticsurgery.com\/es\/wp-json\/wp\/v2\/users\/1"}],"replies":[{"embeddable":true,"href":"https:\/\/www.avanceplasticsurgery.com\/es\/wp-json\/wp\/v2\/comments?post=9008"}],"version-history":[{"count":1,"href":"https:\/\/www.avanceplasticsurgery.com\/es\/wp-json\/wp\/v2\/pages\/9008\/revisions"}],"predecessor-version":[{"id":9194,"href":"https:\/\/www.avanceplasticsurgery.com\/es\/wp-json\/wp\/v2\/pages\/9008\/revisions\/9194"}],"up":[{"embeddable":true,"href":"https:\/\/www.avanceplasticsurgery.com\/es\/wp-json\/wp\/v2\/pages\/9006"}],"wp:attachment":[{"href":"https:\/\/www.avanceplasticsurgery.com\/es\/wp-json\/wp\/v2\/media?parent=9008"}],"curies":[{"name":"wp","href":"https:\/\/api.w.org\/{rel}","templated":true}]}}