{"id":9009,"date":"2020-09-20T12:34:29","date_gmt":"2020-09-20T12:34:29","guid":{"rendered":"https:\/\/www.avanceplasticsurgery.com\/procedimientos-cosmeticos-y-de-cirugia\/eliminacion-y-revision-de-cicatrices\/cicatrices-hipertroficas\/"},"modified":"2022-04-25T11:16:30","modified_gmt":"2022-04-25T11:16:30","slug":"cicatrices-hipertroficas","status":"publish","type":"page","link":"https:\/\/www.avanceplasticsurgery.com\/es\/procedimientos-cosmeticos-y-de-cirugia\/eliminacion-y-revision-de-cicatrices\/cicatrices-hipertroficas\/","title":{"rendered":"Cicatrices Hipertr\u00f3ficas"},"content":{"rendered":"<h1>Eliminaci\u00f3n de cicatrices hipertr\u00f3ficas<\/h1>\n<p>Las cicatrices hipertr\u00f3ficas ocurren cuando se produce un exceso de col\u00e1geno para curar una herida, generalmente causado por la tensi\u00f3n alrededor de la herida. Estas cicatrices suelen ser elevadas y de color rojizo, pero permanecen dentro de los l\u00edmites del per\u00edmetro de la herida. Son muy notorios, por lo que muchos <a title=\"Tratamiento de eliminaci\u00f3n de cicatrices de Reno NV\" href=\"https:\/\/www.avanceplasticsurgery.com\/es\/cosmetic-and-surgery-procedures\/scar-removal-revision\/\">pacientes los ocultan<\/a> si es posible. El Dr. Erez Dayan ofrece eliminaci\u00f3n de cicatrices hipertr\u00f3ficas en el Instituto de Cirug\u00eda Pl\u00e1stica Avance en Reno\/Tahoe, NV.<\/p>\n<p>La complicaci\u00f3n de la eliminaci\u00f3n de cicatrices hipertr\u00f3ficas es el hecho de que estas cicatrices a menudo contienen nervios y vasos sangu\u00edneos. Las t\u00e9cnicas avanzadas son necesarias cuando se requiere cirug\u00eda para eliminar cicatrices hipertr\u00f3ficas. Muchos cirujanos pl\u00e1sticos prefieren no intentar eliminar una cicatriz hipertr\u00f3fica, sino que solo usan l\u00e1minas de silicona o inyecciones de esteroides para reducir su tama\u00f1o o atenuar su apariencia.<\/p>\n<h2>Especialista en Cicatriz Hipertr\u00f3fica<\/h2>\n<p>El Dr. Erez Dayan es un especialista en cicatrices hipertr\u00f3ficas que recibi\u00f3 su formaci\u00f3n m\u00e9dica en la Escuela de Medicina de Harvard. Recibi\u00f3 m\u00e1s becas de capacitaci\u00f3n en el Instituto de Cirug\u00eda Pl\u00e1stica de Dallas que incluyeron instrucci\u00f3n avanzada y experiencia en cirug\u00eda de revisi\u00f3n de cicatrices. Est\u00e1 bien calificado para manejar el tratamiento de cicatrices hipertr\u00f3ficas utilizando medios o cirug\u00eda m\u00ednimamente invasivos.<\/p>\n<p>El Dr. Dayan usa rutinariamente una combinaci\u00f3n de tratamientos cuando se trata de cicatrices hipertr\u00f3ficas, incluso despu\u00e9s de la cirug\u00eda. Los tratamientos con silicona y esteroides pueden ayudar a reducir la visibilidad de las cicatrices hipertr\u00f3ficas y prevenir su formaci\u00f3n despu\u00e9s de la cirug\u00eda. Es posible que deba regresar para algunos tratamientos antes de que se complete el tratamiento de la cicatriz hipertr\u00f3fica y tenga los resultados que desea.<\/p>\n<p>Para recibir tratamiento de un especialista en cicatrices hipertr\u00f3ficas en Reno\/Tahoe, <a title=\"P\u00f3ngase en contacto con el Instituto de Cirug\u00eda Pl\u00e1stica Avance en Reno NV\" href=\"https:\/\/www.avanceplasticsurgery.com\/es\/contact-us-dr-erez-dayan\/\">comun\u00edquese con el Instituto de Cirug\u00eda Pl\u00e1stica Avance<\/a> y programe una consulta con el Dr. Erez Dayan.<\/p>\n","protected":false},"excerpt":{"rendered":"<p>Eliminaci\u00f3n de cicatrices hipertr\u00f3ficas Las cicatrices hipertr\u00f3ficas ocurren cuando se produce un exceso de col\u00e1geno para curar una herida,&hellip;<\/p>\n","protected":false},"author":1,"featured_media":0,"parent":9006,"menu_order":0,"comment_status":"closed","ping_status":"closed","template":"","meta":{"_acf_changed":false,"footnotes":""},"class_list":["post-9009","page","type-page","status-publish"],"acf":[],"yoast_head":"<!-- This site is optimized with the Yoast SEO plugin v25.6 - https:\/\/yoast.com\/wordpress\/plugins\/seo\/ -->\n<title>Eliminaci\u00f3n de cicatrices hipertr\u00f3ficas de Reno NV | Cicatrizaci\u00f3n hipertr\u00f3fica del lago Tahoe<\/title>\n<meta name=\"description\" content=\"Las cicatrices hipertr\u00f3ficas se forman cuando se produce demasiado col\u00e1geno para curar una herida. Estas cicatrices son rojizas y sobreelevadas, muy visibles y est\u00e9ticamente desagradables. El Dr. Erez Dayan ofrece eliminaci\u00f3n de cicatrices hipertr\u00f3ficas con experiencia en el Instituto de Cirug\u00eda Pl\u00e1stica Avance en Reno, NV.\" \/>\n<meta name=\"robots\" content=\"index, follow, max-snippet:-1, max-image-preview:large, max-video-preview:-1\" \/>\n<link rel=\"canonical\" href=\"https:\/\/www.avanceplasticsurgery.com\/es\/procedimientos-cosmeticos-y-de-cirugia\/eliminacion-y-revision-de-cicatrices\/cicatrices-hipertroficas\/\" \/>\n<meta property=\"og:locale\" content=\"es_ES\" \/>\n<meta property=\"og:type\" content=\"article\" \/>\n<meta property=\"og:title\" content=\"Eliminaci\u00f3n de cicatrices hipertr\u00f3ficas de Reno NV | Cicatrizaci\u00f3n hipertr\u00f3fica del lago Tahoe\" \/>\n<meta property=\"og:description\" content=\"Las cicatrices hipertr\u00f3ficas se forman cuando se produce demasiado col\u00e1geno para curar una herida. Estas cicatrices son rojizas y sobreelevadas, muy visibles y est\u00e9ticamente desagradables. El Dr. Erez Dayan ofrece eliminaci\u00f3n de cicatrices hipertr\u00f3ficas con experiencia en el Instituto de Cirug\u00eda Pl\u00e1stica Avance en Reno, NV.\" \/>\n<meta property=\"og:url\" content=\"https:\/\/www.avanceplasticsurgery.com\/es\/procedimientos-cosmeticos-y-de-cirugia\/eliminacion-y-revision-de-cicatrices\/cicatrices-hipertroficas\/\" \/>\n<meta property=\"og:site_name\" content=\"Avance Plastic Surgery\" \/>\n<meta property=\"article:modified_time\" content=\"2022-04-25T11:16:30+00:00\" \/>\n<meta name=\"twitter:card\" content=\"summary_large_image\" \/>\n<meta name=\"twitter:label1\" content=\"Tiempo de lectura\" \/>\n\t<meta name=\"twitter:data1\" content=\"2 minutos\" \/>\n<!-- \/ Yoast SEO plugin. -->","yoast_head_json":{"title":"Eliminaci\u00f3n de cicatrices hipertr\u00f3ficas de Reno NV | Cicatrizaci\u00f3n hipertr\u00f3fica del lago Tahoe","description":"Las cicatrices hipertr\u00f3ficas se forman cuando se produce demasiado col\u00e1geno para curar una herida. Estas cicatrices son rojizas y sobreelevadas, muy visibles y est\u00e9ticamente desagradables. El Dr. Erez Dayan ofrece eliminaci\u00f3n de cicatrices hipertr\u00f3ficas con experiencia en el Instituto de Cirug\u00eda Pl\u00e1stica Avance en Reno, NV.","robots":{"index":"index","follow":"follow","max-snippet":"max-snippet:-1","max-image-preview":"max-image-preview:large","max-video-preview":"max-video-preview:-1"},"canonical":"https:\/\/www.avanceplasticsurgery.com\/es\/procedimientos-cosmeticos-y-de-cirugia\/eliminacion-y-revision-de-cicatrices\/cicatrices-hipertroficas\/","og_locale":"es_ES","og_type":"article","og_title":"Eliminaci\u00f3n de cicatrices hipertr\u00f3ficas de Reno NV | Cicatrizaci\u00f3n hipertr\u00f3fica del lago Tahoe","og_description":"Las cicatrices hipertr\u00f3ficas se forman cuando se produce demasiado col\u00e1geno para curar una herida. Estas cicatrices son rojizas y sobreelevadas, muy visibles y est\u00e9ticamente desagradables. El Dr. Erez Dayan ofrece eliminaci\u00f3n de cicatrices hipertr\u00f3ficas con experiencia en el Instituto de Cirug\u00eda Pl\u00e1stica Avance en Reno, NV.","og_url":"https:\/\/www.avanceplasticsurgery.com\/es\/procedimientos-cosmeticos-y-de-cirugia\/eliminacion-y-revision-de-cicatrices\/cicatrices-hipertroficas\/","og_site_name":"Avance Plastic Surgery","article_modified_time":"2022-04-25T11:16:30+00:00","twitter_card":"summary_large_image","twitter_misc":{"Tiempo de lectura":"2 minutos"},"schema":{"@context":"https:\/\/schema.org","@graph":[{"@type":"WebPage","@id":"https:\/\/www.avanceplasticsurgery.com\/es\/procedimientos-cosmeticos-y-de-cirugia\/eliminacion-y-revision-de-cicatrices\/cicatrices-hipertroficas\/","url":"https:\/\/www.avanceplasticsurgery.com\/es\/procedimientos-cosmeticos-y-de-cirugia\/eliminacion-y-revision-de-cicatrices\/cicatrices-hipertroficas\/","name":"Eliminaci\u00f3n de cicatrices hipertr\u00f3ficas de Reno NV | Cicatrizaci\u00f3n hipertr\u00f3fica del lago Tahoe","isPartOf":{"@id":"https:\/\/www.avanceplasticsurgery.com\/es\/#website"},"datePublished":"2020-09-20T12:34:29+00:00","dateModified":"2022-04-25T11:16:30+00:00","description":"Las cicatrices hipertr\u00f3ficas se forman cuando se produce demasiado col\u00e1geno para curar una herida. Estas cicatrices son rojizas y sobreelevadas, muy visibles y est\u00e9ticamente desagradables. El Dr. Erez Dayan ofrece eliminaci\u00f3n de cicatrices hipertr\u00f3ficas con experiencia en el Instituto de Cirug\u00eda Pl\u00e1stica Avance en Reno, NV.","breadcrumb":{"@id":"https:\/\/www.avanceplasticsurgery.com\/es\/procedimientos-cosmeticos-y-de-cirugia\/eliminacion-y-revision-de-cicatrices\/cicatrices-hipertroficas\/#breadcrumb"},"inLanguage":"es","potentialAction":[{"@type":"ReadAction","target":["https:\/\/www.avanceplasticsurgery.com\/es\/procedimientos-cosmeticos-y-de-cirugia\/eliminacion-y-revision-de-cicatrices\/cicatrices-hipertroficas\/"]}]},{"@type":"BreadcrumbList","@id":"https:\/\/www.avanceplasticsurgery.com\/es\/procedimientos-cosmeticos-y-de-cirugia\/eliminacion-y-revision-de-cicatrices\/cicatrices-hipertroficas\/#breadcrumb","itemListElement":[{"@type":"ListItem","position":1,"name":"Home","item":"https:\/\/www.avanceplasticsurgery.com\/es\/"},{"@type":"ListItem","position":2,"name":"Cosm\u00e9tica","item":"https:\/\/www.avanceplasticsurgery.com\/es\/procedimientos-cosmeticos-y-de-cirugia\/"},{"@type":"ListItem","position":3,"name":"Eliminaci\u00f3n y revisi\u00f3n de cicatrices","item":"https:\/\/www.avanceplasticsurgery.com\/es\/procedimientos-cosmeticos-y-de-cirugia\/eliminacion-y-revision-de-cicatrices\/"},{"@type":"ListItem","position":4,"name":"Cicatrices Hipertr\u00f3ficas"}]},{"@type":"WebSite","@id":"https:\/\/www.avanceplasticsurgery.com\/es\/#website","url":"https:\/\/www.avanceplasticsurgery.com\/es\/","name":"Avance Plastic Surgery","description":"","potentialAction":[{"@type":"SearchAction","target":{"@type":"EntryPoint","urlTemplate":"https:\/\/www.avanceplasticsurgery.com\/es\/?s={search_term_string}"},"query-input":{"@type":"PropertyValueSpecification","valueRequired":true,"valueName":"search_term_string"}}],"inLanguage":"es"}]}},"_links":{"self":[{"href":"https:\/\/www.avanceplasticsurgery.com\/es\/wp-json\/wp\/v2\/pages\/9009","targetHints":{"allow":["GET"]}}],"collection":[{"href":"https:\/\/www.avanceplasticsurgery.com\/es\/wp-json\/wp\/v2\/pages"}],"about":[{"href":"https:\/\/www.avanceplasticsurgery.com\/es\/wp-json\/wp\/v2\/types\/page"}],"author":[{"embeddable":true,"href":"https:\/\/www.avanceplasticsurgery.com\/es\/wp-json\/wp\/v2\/users\/1"}],"replies":[{"embeddable":true,"href":"https:\/\/www.avanceplasticsurgery.com\/es\/wp-json\/wp\/v2\/comments?post=9009"}],"version-history":[{"count":1,"href":"https:\/\/www.avanceplasticsurgery.com\/es\/wp-json\/wp\/v2\/pages\/9009\/revisions"}],"predecessor-version":[{"id":9195,"href":"https:\/\/www.avanceplasticsurgery.com\/es\/wp-json\/wp\/v2\/pages\/9009\/revisions\/9195"}],"up":[{"embeddable":true,"href":"https:\/\/www.avanceplasticsurgery.com\/es\/wp-json\/wp\/v2\/pages\/9006"}],"wp:attachment":[{"href":"https:\/\/www.avanceplasticsurgery.com\/es\/wp-json\/wp\/v2\/media?parent=9009"}],"curies":[{"name":"wp","href":"https:\/\/api.w.org\/{rel}","templated":true}]}}