{"id":9010,"date":"2021-02-25T19:52:05","date_gmt":"2021-02-25T19:52:05","guid":{"rendered":"https:\/\/www.avanceplasticsurgery.com\/procedimientos-cosmeticos-y-de-cirugia\/eliminacion-y-revision-de-cicatrices-lake-tahoe-truckee\/"},"modified":"2022-04-25T11:17:34","modified_gmt":"2022-04-25T11:17:34","slug":"eliminacion-y-revision-de-cicatrices-lake-tahoe-truckee","status":"publish","type":"page","link":"https:\/\/www.avanceplasticsurgery.com\/es\/procedimientos-cosmeticos-y-de-cirugia\/eliminacion-y-revision-de-cicatrices-lake-tahoe-truckee\/","title":{"rendered":"Eliminaci\u00f3n y revisi\u00f3n de cicatrices Lake Tahoe\/Truckee"},"content":{"rendered":"<h1>Eliminaci\u00f3n y revisi\u00f3n de cicatrices en el \u00e1rea de Lake Tahoe\/Truckee<\/h1>\n<p>\u00bfNecesita una eliminaci\u00f3n de cicatrices o una cirug\u00eda de revisi\u00f3n de cicatrices y busca un cirujano pl\u00e1stico calificado en el \u00e1rea de Lake Tahoe? Si bien la cicatrizaci\u00f3n es la respuesta perfectamente natural del cuerpo a los cortes en la piel, su apariencia a veces puede plantear <a title=\"Cirug\u00eda cosm\u00e9tica facial de Truckee Lake Tahoe\" href=\"https:\/\/www.avanceplasticsurgery.com\/es\/cosmetic-and-surgery-procedures\/\">problemas est\u00e9ticos<\/a> . Algunas cicatrices pueden incluso restringir el movimiento o el desarrollo y plantear problemas funcionales. Los procedimientos quir\u00fargicos de eliminaci\u00f3n y revisi\u00f3n de cicatrices est\u00e1n dise\u00f1ados para minimizar, borrar o alterar las cicatrices con fines est\u00e9ticos y funcionales. El Dr. Erez Dayan ofrece eliminaci\u00f3n y revisi\u00f3n de cicatrices en el Instituto de Cirug\u00eda Pl\u00e1stica Avance en el \u00e1rea de Lake Tahoe.<\/p>\n<p>Las cicatrices pueden aparecer en cualquier parte del cuerpo. Algunos lucen sus cicatrices con orgullo, mientras que otros se estremecen ante su apariencia en el espejo debido a una cicatriz indeseable. Las lesiones, las condiciones de la piel y otros factores gen\u00e9ticos pueden causar cicatrices que afectan su apariencia o movimiento. Las cicatrices extensas de lesiones graves pueden afectar problemas como la vista, la respiraci\u00f3n y el habla. Los procedimientos de eliminaci\u00f3n y revisi\u00f3n de cicatrices est\u00e1n destinados a ayudar a los pacientes a vivir su mejor vida al minimizar el impacto de las cicatrices.<\/p>\n<h2>Cirug\u00eda de revisi\u00f3n en el \u00e1rea de Lake Tahoe<\/h2>\n<p>El Dr. Erez Dayan recibi\u00f3 una extensa beca de formaci\u00f3n en cirug\u00eda de revisi\u00f3n de cicatrices despu\u00e9s de su formaci\u00f3n m\u00e9dica inicial. Desde entonces, ha adquirido una vasta experiencia con t\u00e9cnicas avanzadas de eliminaci\u00f3n y revisi\u00f3n de cicatrices. En Avance Plastic Surgery Institute, ofrece cirug\u00eda de revisi\u00f3n de cicatrices para lo siguiente:<\/p>\n<nav class=\"flc-submenu\" aria-label=\"sub menu\"><ul><li class=\"page_item page-item-8890 page_item_has_children\"><a href=\"https:\/\/www.avanceplasticsurgery.com\/es\/procedimientos-cosmeticos-y-de-cirugia\/cirugia-de-orejas\/\">Cirug\u00eda de orejas<\/a><\/li>\n<li class=\"page_item page-item-8900\"><a href=\"https:\/\/www.avanceplasticsurgery.com\/es\/procedimientos-cosmeticos-y-de-cirugia\/cirugia-de-orejas-lake-tahoe-truckee\/\">Cirug\u00eda de orejas Lake Tahoe\/Truckee<\/a><\/li>\n<li class=\"page_item page-item-8984 page_item_has_children\"><a href=\"https:\/\/www.avanceplasticsurgery.com\/es\/procedimientos-cosmeticos-y-de-cirugia\/cirugia-plastica-de-nariz\/\">Cirug\u00eda pl\u00e1stica de nariz<\/a><\/li>\n<li class=\"page_item page-item-8995\"><a href=\"https:\/\/www.avanceplasticsurgery.com\/es\/procedimientos-cosmeticos-y-de-cirugia\/cirugia-plastica-de-nariz-lake-tahoe-truckee\/\">Cirug\u00eda pl\u00e1stica de nariz Lake Tahoe\/Truckee<\/a><\/li>\n<li class=\"page_item page-item-8996 page_item_has_children\"><a href=\"https:\/\/www.avanceplasticsurgery.com\/es\/procedimientos-cosmeticos-y-de-cirugia\/cirugia-plastica-facial-pediatrica\/\">Cirug\u00eda Pl\u00e1stica Facial Pedi\u00e1trica<\/a><\/li>\n<li class=\"page_item page-item-9005\"><a href=\"https:\/\/www.avanceplasticsurgery.com\/es\/procedimientos-cosmeticos-y-de-cirugia\/cirugia-plastica-facial-pediatrica-lake-tahoe-truckee\/\">Cirug\u00eda pl\u00e1stica facial pedi\u00e1trica Lake Tahoe\/Truckee<\/a><\/li>\n<li class=\"page_item page-item-8983 page_item_has_children\"><a href=\"https:\/\/www.avanceplasticsurgery.com\/es\/procedimientos-cosmeticos-y-de-cirugia\/cirugia-plastica-masculina\/\">Cirug\u00eda Pl\u00e1stica Masculina<\/a><\/li>\n<li class=\"page_item page-item-8976\"><a href=\"https:\/\/www.avanceplasticsurgery.com\/es\/procedimientos-cosmeticos-y-de-cirugia\/cirugia-plastica-masculina-lake-tahoe-truckee\/\">Cirug\u00eda Pl\u00e1stica Masculina Lake Tahoe\/Truckee<\/a><\/li>\n<li class=\"page_item page-item-8956 page_item_has_children\"><a href=\"https:\/\/www.avanceplasticsurgery.com\/es\/procedimientos-cosmeticos-y-de-cirugia\/cirugia-reconstructiva-facial-lake-tahoe-truckee\/\">Cirug\u00eda reconstructiva facial Lake Tahoe\/Truckee<\/a><\/li>\n<li class=\"page_item page-item-9011 page_item_has_children\"><a href=\"https:\/\/www.avanceplasticsurgery.com\/es\/procedimientos-cosmeticos-y-de-cirugia\/eliminacion-del-crecimiento-de-la-piel\/\">Eliminaci\u00f3n del crecimiento de la piel<\/a><\/li>\n<li class=\"page_item page-item-9006 page_item_has_children\"><a href=\"https:\/\/www.avanceplasticsurgery.com\/es\/procedimientos-cosmeticos-y-de-cirugia\/eliminacion-y-revision-de-cicatrices\/\">Eliminaci\u00f3n y revisi\u00f3n de cicatrices<\/a><\/li>\n<li class=\"page_item page-item-9010\"><a href=\"https:\/\/www.avanceplasticsurgery.com\/es\/procedimientos-cosmeticos-y-de-cirugia\/eliminacion-y-revision-de-cicatrices-lake-tahoe-truckee\/\">Eliminaci\u00f3n y revisi\u00f3n de cicatrices Lake Tahoe\/Truckee<\/a><\/li>\n<li class=\"page_item page-item-8901 page_item_has_children\"><a href=\"https:\/\/www.avanceplasticsurgery.com\/es\/procedimientos-cosmeticos-y-de-cirugia\/ojos-y-cejas\/\">ojos y cejas<\/a><\/li>\n<li class=\"page_item page-item-8933\"><a href=\"https:\/\/www.avanceplasticsurgery.com\/es\/procedimientos-cosmeticos-y-de-cirugia\/paralisis-facial\/\">Par\u00e1lisis facial<\/a><\/li>\n<li class=\"page_item page-item-8791 page_item_has_children\"><a href=\"https:\/\/www.avanceplasticsurgery.com\/es\/procedimientos-cosmeticos-y-de-cirugia\/procedimientos-cosmeticos-corporales\/\">Procedimientos Cosm\u00e9ticos Corporales<\/a><\/li>\n<li class=\"page_item page-item-8868\"><a href=\"https:\/\/www.avanceplasticsurgery.com\/es\/procedimientos-cosmeticos-y-de-cirugia\/procedimientos-cosmeticos-corporales-lake-tahoe-truckee\/\">Procedimientos Cosm\u00e9ticos Corporales Lake Tahoe\/Truckee<\/a><\/li>\n<li class=\"page_item page-item-8911 page_item_has_children\"><a href=\"https:\/\/www.avanceplasticsurgery.com\/es\/procedimientos-cosmeticos-y-de-cirugia\/procedimientos-cosmeticos-de-cara-y-cuello\/\">Procedimientos Cosm\u00e9ticos de Cara y Cuello<\/a><\/li>\n<li class=\"page_item page-item-8948\"><a href=\"https:\/\/www.avanceplasticsurgery.com\/es\/procedimientos-cosmeticos-y-de-cirugia\/procedimientos-cosmeticos-de-cara-y-cuello-lake-tahoe-truckee\/\">Procedimientos cosm\u00e9ticos de cara y cuello Lake Tahoe\/Truckee<\/a><\/li>\n<li class=\"page_item page-item-8910\"><a href=\"https:\/\/www.avanceplasticsurgery.com\/es\/procedimientos-cosmeticos-y-de-cirugia\/procedimientos-cosmeticos-para-ojos-y-cejas-lake-tahoe-truckee\/\">Procedimientos cosm\u00e9ticos para ojos y cejas Lake Tahoe\/Truckee<\/a><\/li>\n<li class=\"page_item page-item-8889\"><a href=\"https:\/\/www.avanceplasticsurgery.com\/es\/procedimientos-cosmeticos-y-de-cirugia\/procedimientos-mamarios-lake-tahoe-truckee\/\">Procedimientos mamarios Lake Tahoe\/Truckee<\/a><\/li>\n<li class=\"page_item page-item-8965 page_item_has_children\"><a href=\"https:\/\/www.avanceplasticsurgery.com\/es\/procedimientos-cosmeticos-y-de-cirugia\/procedimientos-y-aumento-de-labios\/\">Procedimientos y Aumento de Labios<\/a><\/li>\n<li class=\"page_item page-item-8974\"><a href=\"https:\/\/www.avanceplasticsurgery.com\/es\/procedimientos-cosmeticos-y-de-cirugia\/procedimientos-y-aumento-de-labios-lake-tahoe-truckee\/\">Procedimientos y aumento de labios Lake Tahoe\/Truckee<\/a><\/li>\n<li class=\"page_item page-item-8932 page_item_has_children\"><a href=\"https:\/\/www.avanceplasticsurgery.com\/es\/procedimientos-cosmeticos-y-de-cirugia\/cirugia-reconstructiva-facial\/\">Reconstrucci\u00f3n<\/a><\/li>\n<li class=\"page_item page-item-8869 page_item_has_children\"><a href=\"https:\/\/www.avanceplasticsurgery.com\/es\/procedimientos-cosmeticos-y-de-cirugia\/seno\/\">Seno<\/a><\/li>\n<li class=\"page_item page-item-8975\"><a href=\"https:\/\/www.avanceplasticsurgery.com\/es\/procedimientos-cosmeticos-y-de-cirugia\/terapia-de-drenaje-linfatico\/\">Terapia de drenaje linf\u00e1tico<\/a><\/li>\n<li class=\"page_item page-item-8964\"><a href=\"https:\/\/www.avanceplasticsurgery.com\/es\/procedimientos-cosmeticos-y-de-cirugia\/transplante-de-pelo\/\">Transplante de pelo<\/a><\/li>\n<li class=\"page_item page-item-8946 page_item_has_children\"><a href=\"https:\/\/www.avanceplasticsurgery.com\/es\/procedimientos-cosmeticos-y-de-cirugia\/tratamientos-de-relleno-facial-y-dermico\/\">Tratamientos de relleno facial y d\u00e9rmico<\/a><\/li>\n<li class=\"page_item page-item-8934\"><a href=\"https:\/\/www.avanceplasticsurgery.com\/es\/procedimientos-cosmeticos-y-de-cirugia\/tratamientos-de-relleno-facial-y-dermico-lake-tahoe-truckee\/\">Tratamientos de relleno facial y d\u00e9rmico Lake Tahoe\/Truckee<\/a><\/li>\n<\/ul><\/nav>\n<p>Los episodios de acn\u00e9 en la adolescencia o en la edad adulta pueden dejar cicatrices desagradables. Muchas mujeres que se someten a un parto por ces\u00e1rea odian la aparici\u00f3n de la fea herida en el abdomen. Las cicatrices queloides pueden formarse y crecer hasta proporciones grotescas, causando verg\u00fcenza y problemas funcionales. El Dr. Dayan puede realizar varias opciones de cirug\u00eda de revisi\u00f3n de cicatrices para revisar, minimizar o eliminar cicatrices para una mejor apariencia en nuestro centro en el \u00e1rea de Lake Tahoe.<\/p>\n<p>Si tiene cicatrices problem\u00e1ticas en el \u00e1rea de Lake Tahoe, el Dr. Dayan puede ayudarlo con las opciones de eliminaci\u00f3n y revisi\u00f3n de cicatrices. <a title=\"Comun\u00edquese con el Instituto de Cirug\u00eda Pl\u00e1stica Avance cerca de Truckee Lake Tahoe\" href=\"https:\/\/www.avanceplasticsurgery.com\/es\/contact-us-dr-erez-dayan\/\">Comun\u00edquese con nuestra oficina<\/a> para programar una consulta de revisi\u00f3n de cicatrices con \u00e9l en Avance Plastic Surgery Institute.<\/p>\n","protected":false},"excerpt":{"rendered":"<p>Eliminaci\u00f3n y revisi\u00f3n de cicatrices en el \u00e1rea de Lake Tahoe\/Truckee \u00bfNecesita una eliminaci\u00f3n de cicatrices o una cirug\u00eda&hellip;<\/p>\n","protected":false},"author":1,"featured_media":8577,"parent":8804,"menu_order":0,"comment_status":"closed","ping_status":"closed","template":"","meta":{"_acf_changed":false,"footnotes":""},"class_list":["post-9010","page","type-page","status-publish","has-post-thumbnail"],"acf":[],"yoast_head":"<!-- This site is optimized with the Yoast SEO plugin v27.3 - https:\/\/yoast.com\/product\/yoast-seo-wordpress\/ -->\n<title>Tratamiento de eliminaci\u00f3n de cicatrices de Lake Tahoe | Cirug\u00eda de revisi\u00f3n de cicatrices Truckee<\/title>\n<meta name=\"description\" content=\"La cicatrizaci\u00f3n es una respuesta natural a una lesi\u00f3n, pero deja marcas visibles que a muchos les resultan desagradables. Se pueden tratar diferentes tipos de cicatrices con procedimientos de eliminaci\u00f3n y revisi\u00f3n de cicatrices por parte del Dr. Erez Dayan en nuestro Instituto en el \u00e1rea de Lake Tahoe.\" \/>\n<meta name=\"robots\" content=\"index, follow, max-snippet:-1, max-image-preview:large, max-video-preview:-1\" \/>\n<link rel=\"canonical\" href=\"https:\/\/www.avanceplasticsurgery.com\/es\/procedimientos-cosmeticos-y-de-cirugia\/eliminacion-y-revision-de-cicatrices-lake-tahoe-truckee\/\" \/>\n<meta property=\"og:locale\" content=\"es_ES\" \/>\n<meta property=\"og:type\" content=\"article\" \/>\n<meta property=\"og:title\" content=\"Tratamiento de eliminaci\u00f3n de cicatrices de Lake Tahoe | Cirug\u00eda de revisi\u00f3n de cicatrices Truckee\" \/>\n<meta property=\"og:description\" content=\"La cicatrizaci\u00f3n es una respuesta natural a una lesi\u00f3n, pero deja marcas visibles que a muchos les resultan desagradables. Se pueden tratar diferentes tipos de cicatrices con procedimientos de eliminaci\u00f3n y revisi\u00f3n de cicatrices por parte del Dr. Erez Dayan en nuestro Instituto en el \u00e1rea de Lake Tahoe.\" \/>\n<meta property=\"og:url\" content=\"https:\/\/www.avanceplasticsurgery.com\/es\/procedimientos-cosmeticos-y-de-cirugia\/eliminacion-y-revision-de-cicatrices-lake-tahoe-truckee\/\" \/>\n<meta property=\"og:site_name\" content=\"Avance Plastic Surgery\" \/>\n<meta property=\"article:modified_time\" content=\"2022-04-25T11:17:34+00:00\" \/>\n<meta property=\"og:image\" content=\"https:\/\/www.avanceplasticsurgery.com\/wp-content\/uploads\/2022\/01\/skin.jpg\" \/>\n\t<meta property=\"og:image:width\" content=\"1920\" \/>\n\t<meta property=\"og:image:height\" content=\"595\" \/>\n\t<meta property=\"og:image:type\" content=\"image\/jpeg\" \/>\n<meta name=\"twitter:card\" content=\"summary_large_image\" \/>\n<meta name=\"twitter:label1\" content=\"Tiempo de lectura\" \/>\n\t<meta name=\"twitter:data1\" content=\"2 minutos\" \/>\n<!-- \/ Yoast SEO plugin. -->","yoast_head_json":{"title":"Tratamiento de eliminaci\u00f3n de cicatrices de Lake Tahoe | Cirug\u00eda de revisi\u00f3n de cicatrices Truckee","description":"La cicatrizaci\u00f3n es una respuesta natural a una lesi\u00f3n, pero deja marcas visibles que a muchos les resultan desagradables. Se pueden tratar diferentes tipos de cicatrices con procedimientos de eliminaci\u00f3n y revisi\u00f3n de cicatrices por parte del Dr. Erez Dayan en nuestro Instituto en el \u00e1rea de Lake Tahoe.","robots":{"index":"index","follow":"follow","max-snippet":"max-snippet:-1","max-image-preview":"max-image-preview:large","max-video-preview":"max-video-preview:-1"},"canonical":"https:\/\/www.avanceplasticsurgery.com\/es\/procedimientos-cosmeticos-y-de-cirugia\/eliminacion-y-revision-de-cicatrices-lake-tahoe-truckee\/","og_locale":"es_ES","og_type":"article","og_title":"Tratamiento de eliminaci\u00f3n de cicatrices de Lake Tahoe | Cirug\u00eda de revisi\u00f3n de cicatrices Truckee","og_description":"La cicatrizaci\u00f3n es una respuesta natural a una lesi\u00f3n, pero deja marcas visibles que a muchos les resultan desagradables. Se pueden tratar diferentes tipos de cicatrices con procedimientos de eliminaci\u00f3n y revisi\u00f3n de cicatrices por parte del Dr. Erez Dayan en nuestro Instituto en el \u00e1rea de Lake Tahoe.","og_url":"https:\/\/www.avanceplasticsurgery.com\/es\/procedimientos-cosmeticos-y-de-cirugia\/eliminacion-y-revision-de-cicatrices-lake-tahoe-truckee\/","og_site_name":"Avance Plastic Surgery","article_modified_time":"2022-04-25T11:17:34+00:00","og_image":[{"width":1920,"height":595,"url":"https:\/\/www.avanceplasticsurgery.com\/wp-content\/uploads\/2022\/01\/skin.jpg","type":"image\/jpeg"}],"twitter_card":"summary_large_image","twitter_misc":{"Tiempo de lectura":"2 minutos"},"schema":{"@context":"https:\/\/schema.org","@graph":[{"@type":"WebPage","@id":"https:\/\/www.avanceplasticsurgery.com\/es\/procedimientos-cosmeticos-y-de-cirugia\/eliminacion-y-revision-de-cicatrices-lake-tahoe-truckee\/","url":"https:\/\/www.avanceplasticsurgery.com\/es\/procedimientos-cosmeticos-y-de-cirugia\/eliminacion-y-revision-de-cicatrices-lake-tahoe-truckee\/","name":"Tratamiento de eliminaci\u00f3n de cicatrices de Lake Tahoe | Cirug\u00eda de revisi\u00f3n de cicatrices Truckee","isPartOf":{"@id":"https:\/\/www.avanceplasticsurgery.com\/es\/#website"},"primaryImageOfPage":{"@id":"https:\/\/www.avanceplasticsurgery.com\/es\/procedimientos-cosmeticos-y-de-cirugia\/eliminacion-y-revision-de-cicatrices-lake-tahoe-truckee\/#primaryimage"},"image":{"@id":"https:\/\/www.avanceplasticsurgery.com\/es\/procedimientos-cosmeticos-y-de-cirugia\/eliminacion-y-revision-de-cicatrices-lake-tahoe-truckee\/#primaryimage"},"thumbnailUrl":"https:\/\/www.avanceplasticsurgery.com\/wp-content\/uploads\/2022\/01\/skin.jpg","datePublished":"2021-02-25T19:52:05+00:00","dateModified":"2022-04-25T11:17:34+00:00","description":"La cicatrizaci\u00f3n es una respuesta natural a una lesi\u00f3n, pero deja marcas visibles que a muchos les resultan desagradables. Se pueden tratar diferentes tipos de cicatrices con procedimientos de eliminaci\u00f3n y revisi\u00f3n de cicatrices por parte del Dr. Erez Dayan en nuestro Instituto en el \u00e1rea de Lake Tahoe.","breadcrumb":{"@id":"https:\/\/www.avanceplasticsurgery.com\/es\/procedimientos-cosmeticos-y-de-cirugia\/eliminacion-y-revision-de-cicatrices-lake-tahoe-truckee\/#breadcrumb"},"inLanguage":"es","potentialAction":[{"@type":"ReadAction","target":["https:\/\/www.avanceplasticsurgery.com\/es\/procedimientos-cosmeticos-y-de-cirugia\/eliminacion-y-revision-de-cicatrices-lake-tahoe-truckee\/"]}]},{"@type":"ImageObject","inLanguage":"es","@id":"https:\/\/www.avanceplasticsurgery.com\/es\/procedimientos-cosmeticos-y-de-cirugia\/eliminacion-y-revision-de-cicatrices-lake-tahoe-truckee\/#primaryimage","url":"https:\/\/www.avanceplasticsurgery.com\/wp-content\/uploads\/2022\/01\/skin.jpg","contentUrl":"https:\/\/www.avanceplasticsurgery.com\/wp-content\/uploads\/2022\/01\/skin.jpg","width":1920,"height":595,"caption":"Una mujer y un hombre con bata blanca, posiblemente un m\u00e9dico, sonr\u00eden y miran juntos un documento o un libro sobre un fondo liso."},{"@type":"BreadcrumbList","@id":"https:\/\/www.avanceplasticsurgery.com\/es\/procedimientos-cosmeticos-y-de-cirugia\/eliminacion-y-revision-de-cicatrices-lake-tahoe-truckee\/#breadcrumb","itemListElement":[{"@type":"ListItem","position":1,"name":"Home","item":"https:\/\/www.avanceplasticsurgery.com\/es\/"},{"@type":"ListItem","position":2,"name":"Cosm\u00e9tica","item":"https:\/\/www.avanceplasticsurgery.com\/es\/procedimientos-cosmeticos-y-de-cirugia\/"},{"@type":"ListItem","position":3,"name":"Eliminaci\u00f3n y revisi\u00f3n de cicatrices Lake Tahoe\/Truckee"}]},{"@type":"WebSite","@id":"https:\/\/www.avanceplasticsurgery.com\/es\/#website","url":"https:\/\/www.avanceplasticsurgery.com\/es\/","name":"Avance Plastic Surgery","description":"","potentialAction":[{"@type":"SearchAction","target":{"@type":"EntryPoint","urlTemplate":"https:\/\/www.avanceplasticsurgery.com\/es\/?s={search_term_string}"},"query-input":{"@type":"PropertyValueSpecification","valueRequired":true,"valueName":"search_term_string"}}],"inLanguage":"es"}]}},"_links":{"self":[{"href":"https:\/\/www.avanceplasticsurgery.com\/es\/wp-json\/wp\/v2\/pages\/9010","targetHints":{"allow":["GET"]}}],"collection":[{"href":"https:\/\/www.avanceplasticsurgery.com\/es\/wp-json\/wp\/v2\/pages"}],"about":[{"href":"https:\/\/www.avanceplasticsurgery.com\/es\/wp-json\/wp\/v2\/types\/page"}],"author":[{"embeddable":true,"href":"https:\/\/www.avanceplasticsurgery.com\/es\/wp-json\/wp\/v2\/users\/1"}],"replies":[{"embeddable":true,"href":"https:\/\/www.avanceplasticsurgery.com\/es\/wp-json\/wp\/v2\/comments?post=9010"}],"version-history":[{"count":1,"href":"https:\/\/www.avanceplasticsurgery.com\/es\/wp-json\/wp\/v2\/pages\/9010\/revisions"}],"predecessor-version":[{"id":9196,"href":"https:\/\/www.avanceplasticsurgery.com\/es\/wp-json\/wp\/v2\/pages\/9010\/revisions\/9196"}],"up":[{"embeddable":true,"href":"https:\/\/www.avanceplasticsurgery.com\/es\/wp-json\/wp\/v2\/pages\/8804"}],"wp:featuredmedia":[{"embeddable":true,"href":"https:\/\/www.avanceplasticsurgery.com\/es\/wp-json\/wp\/v2\/media\/8577"}],"wp:attachment":[{"href":"https:\/\/www.avanceplasticsurgery.com\/es\/wp-json\/wp\/v2\/media?parent=9010"}],"curies":[{"name":"wp","href":"https:\/\/api.w.org\/{rel}","templated":true}]}}