{"id":9011,"date":"2020-09-11T07:55:09","date_gmt":"2020-09-11T07:55:09","guid":{"rendered":"https:\/\/www.avanceplasticsurgery.com\/procedimientos-cosmeticos-y-de-cirugia\/eliminacion-del-crecimiento-de-la-piel\/"},"modified":"2022-04-25T11:15:09","modified_gmt":"2022-04-25T11:15:09","slug":"eliminacion-del-crecimiento-de-la-piel","status":"publish","type":"page","link":"https:\/\/www.avanceplasticsurgery.com\/es\/procedimientos-cosmeticos-y-de-cirugia\/eliminacion-del-crecimiento-de-la-piel\/","title":{"rendered":"Eliminaci\u00f3n del crecimiento de la piel"},"content":{"rendered":"<h1>Eliminaci\u00f3n del crecimiento de la piel<\/h1>\n<p>Los crecimientos de la piel pueden ocurrir en cualquier etapa de la vida y en cualquier parte del cuerpo. A veces, estos crecimientos son inofensivos y apenas se notan. En otras ocasiones, pueden resultar <a title=\"Reno NV Cirug\u00eda Est\u00e9tica Facial\" href=\"https:\/\/www.avanceplasticsurgery.com\/es\/cosmetic-and-surgery-procedures\/\">molestos por motivos est\u00e9ticos<\/a> o problem\u00e1ticos para la salud. Los crecimientos de la piel tambi\u00e9n pueden desarrollarse en lugares donde interfieren con la funci\u00f3n o la vida diaria. El Dr. Erez Dayan es un cirujano pl\u00e1stico cosm\u00e9tico y reconstructivo altamente calificado que ofrece eliminaci\u00f3n del crecimiento de la piel en el Instituto de Cirug\u00eda Pl\u00e1stica Avance en Reno\/Tahoe, NV.<\/p>\n<p>Los crecimientos molestos de la piel a menudo plantean problemas que hacen que sea necesario que un cirujano pl\u00e1stico cosm\u00e9tico los elimine. Algunos tienen nervios y vasos sangu\u00edneos en su interior que requieren t\u00e9cnicas avanzadas para una extracci\u00f3n segura. Otros pueden reaparecer y requieren tratamientos especiales posteriores a la extracci\u00f3n. Algunos son da\u00f1inos en s\u00ed mismos, como el c\u00e1ncer de piel, y requieren extirpaci\u00f3n y examen para evitar la propagaci\u00f3n.<\/p>\n<p>El Dr. Dayan tiene una amplia gama de t\u00e9cnicas quir\u00fargicas avanzadas y la \u00faltima tecnolog\u00eda para ayudarlo con la eliminaci\u00f3n del crecimiento de la piel y minimizar la aparici\u00f3n de cicatrices despu\u00e9s de la cirug\u00eda. Cuando tenga un crecimiento problem\u00e1tico de la piel, programe una consulta con el Dr. Dayan para explorar las opciones de eliminaci\u00f3n.<\/p>\n<h2>Cirug\u00eda pl\u00e1stica cosm\u00e9tica en Reno\/Tahoe, NV<\/h2>\n<p>Los crecimientos de la piel se eliminan de forma rutinaria mediante cirug\u00eda pl\u00e1stica cosm\u00e9tica debido a la naturaleza est\u00e9tica involucrada. Muchos crecimientos de la piel ocurren en \u00e1reas visibles, como lugares con exposici\u00f3n frecuente al sol. Estos crecimientos de la piel requieren t\u00e9cnicas y procedimientos de eliminaci\u00f3n especiales para minimizar las cicatrices. El Dr. Dayan ofrece los siguientes procedimientos para eliminar el crecimiento de la piel:<\/p>\n<nav class=\"flc-submenu\" aria-label=\"sub menu\"><ul><li class=\"page_item page-item-9012\"><a href=\"https:\/\/www.avanceplasticsurgery.com\/es\/procedimientos-cosmeticos-y-de-cirugia\/eliminacion-del-crecimiento-de-la-piel\/eliminacion-de-quistes-sebaceos\/\">Eliminaci\u00f3n de quistes seb\u00e1ceos<\/a><\/li>\n<li class=\"page_item page-item-9014\"><a href=\"https:\/\/www.avanceplasticsurgery.com\/es\/procedimientos-cosmeticos-y-de-cirugia\/eliminacion-del-crecimiento-de-la-piel\/lesiones-de-piel-y-canceres\/\">Lesiones de piel y c\u00e1nceres<\/a><\/li>\n<\/ul><\/nav>\n<p>Los crecimientos de piel no deseados pueden representar un riesgo para la salud, la apariencia, la confianza en s\u00ed mismo e incluso su vida, en el caso de los c\u00e1nceres de piel. El Dr. Erez Dayan y su talentoso equipo en Avance Plastic Surgery Institute pueden examinar el crecimiento de su piel y revisar su historial m\u00e9dico, luego hacer recomendaciones para las mejores opciones de tratamiento. El Dr. Dayan siempre explica cada procedimiento recomendado, incluidos los riesgos y beneficios. Cuando se desarrollen crecimientos problem\u00e1ticos en la piel, <a title=\"P\u00f3ngase en contacto con el Instituto de Cirug\u00eda Pl\u00e1stica Avance en Reno NV\" href=\"https:\/\/www.avanceplasticsurgery.com\/es\/contact-us-dr-erez-dayan\/\">comun\u00edquese con el Instituto de Cirug\u00eda Pl\u00e1stica Avance<\/a> en Reno\/Tahoe, NV, para una consulta con el Dr. Erez Dayan.<\/p>\n<p>El Dr. Erez Dayan ha realizado una extensa investigaci\u00f3n sobre suplementos en cirug\u00eda pl\u00e1stica. Lea m\u00e1s sobre la investigaci\u00f3n de Suplementos en Cirug\u00eda Pl\u00e1stica del <a href=\"https:\/\/www.avanceplasticsurgery.com\/es\/about-avance-plastic-surgery-institute\/research\/#supplements\">Dr. Dayan aqu\u00ed.<\/a><\/p>\n","protected":false},"excerpt":{"rendered":"<p>Eliminaci\u00f3n del crecimiento de la piel Los crecimientos de la piel pueden ocurrir en cualquier etapa de la vida&hellip;<\/p>\n","protected":false},"author":1,"featured_media":8577,"parent":8804,"menu_order":0,"comment_status":"closed","ping_status":"closed","template":"","meta":{"_acf_changed":false,"footnotes":""},"class_list":["post-9011","page","type-page","status-publish","has-post-thumbnail"],"acf":[],"yoast_head":"<!-- This site is optimized with the Yoast SEO plugin v25.6 - https:\/\/yoast.com\/wordpress\/plugins\/seo\/ -->\n<title>Eliminaci\u00f3n del crecimiento de la piel de Reno NV | Lago Tahoe<\/title>\n<meta name=\"description\" content=\"Se pueden desarrollar varios tipos de crecimientos en la piel a lo largo de su vida. El Dr. Erez Dayan ofrece tratamientos para eliminar el crecimiento de la piel en el Instituto de Cirug\u00eda Pl\u00e1stica Avance en Reno, NV. Llame hoy para una consulta de crecimiento de la piel con el Dr. Erez Dayan.\" \/>\n<meta name=\"robots\" content=\"index, follow, max-snippet:-1, max-image-preview:large, max-video-preview:-1\" \/>\n<link rel=\"canonical\" href=\"https:\/\/www.avanceplasticsurgery.com\/es\/procedimientos-cosmeticos-y-de-cirugia\/eliminacion-del-crecimiento-de-la-piel\/\" \/>\n<meta property=\"og:locale\" content=\"es_ES\" \/>\n<meta property=\"og:type\" content=\"article\" \/>\n<meta property=\"og:title\" content=\"Eliminaci\u00f3n del crecimiento de la piel de Reno NV | Lago Tahoe\" \/>\n<meta property=\"og:description\" content=\"Se pueden desarrollar varios tipos de crecimientos en la piel a lo largo de su vida. El Dr. Erez Dayan ofrece tratamientos para eliminar el crecimiento de la piel en el Instituto de Cirug\u00eda Pl\u00e1stica Avance en Reno, NV. Llame hoy para una consulta de crecimiento de la piel con el Dr. Erez Dayan.\" \/>\n<meta property=\"og:url\" content=\"https:\/\/www.avanceplasticsurgery.com\/es\/procedimientos-cosmeticos-y-de-cirugia\/eliminacion-del-crecimiento-de-la-piel\/\" \/>\n<meta property=\"og:site_name\" content=\"Avance Plastic Surgery\" \/>\n<meta property=\"article:modified_time\" content=\"2022-04-25T11:15:09+00:00\" \/>\n<meta property=\"og:image\" content=\"https:\/\/www.avanceplasticsurgery.com\/wp-content\/uploads\/2022\/01\/skin.jpg\" \/>\n\t<meta property=\"og:image:width\" content=\"1920\" \/>\n\t<meta property=\"og:image:height\" content=\"595\" \/>\n\t<meta property=\"og:image:type\" content=\"image\/jpeg\" \/>\n<meta name=\"twitter:card\" content=\"summary_large_image\" \/>\n<meta name=\"twitter:label1\" content=\"Tiempo de lectura\" \/>\n\t<meta name=\"twitter:data1\" content=\"2 minutos\" \/>\n<!-- \/ Yoast SEO plugin. -->","yoast_head_json":{"title":"Eliminaci\u00f3n del crecimiento de la piel de Reno NV | Lago Tahoe","description":"Se pueden desarrollar varios tipos de crecimientos en la piel a lo largo de su vida. El Dr. Erez Dayan ofrece tratamientos para eliminar el crecimiento de la piel en el Instituto de Cirug\u00eda Pl\u00e1stica Avance en Reno, NV. Llame hoy para una consulta de crecimiento de la piel con el Dr. Erez Dayan.","robots":{"index":"index","follow":"follow","max-snippet":"max-snippet:-1","max-image-preview":"max-image-preview:large","max-video-preview":"max-video-preview:-1"},"canonical":"https:\/\/www.avanceplasticsurgery.com\/es\/procedimientos-cosmeticos-y-de-cirugia\/eliminacion-del-crecimiento-de-la-piel\/","og_locale":"es_ES","og_type":"article","og_title":"Eliminaci\u00f3n del crecimiento de la piel de Reno NV | Lago Tahoe","og_description":"Se pueden desarrollar varios tipos de crecimientos en la piel a lo largo de su vida. El Dr. Erez Dayan ofrece tratamientos para eliminar el crecimiento de la piel en el Instituto de Cirug\u00eda Pl\u00e1stica Avance en Reno, NV. Llame hoy para una consulta de crecimiento de la piel con el Dr. Erez Dayan.","og_url":"https:\/\/www.avanceplasticsurgery.com\/es\/procedimientos-cosmeticos-y-de-cirugia\/eliminacion-del-crecimiento-de-la-piel\/","og_site_name":"Avance Plastic Surgery","article_modified_time":"2022-04-25T11:15:09+00:00","og_image":[{"width":1920,"height":595,"url":"https:\/\/www.avanceplasticsurgery.com\/wp-content\/uploads\/2022\/01\/skin.jpg","type":"image\/jpeg"}],"twitter_card":"summary_large_image","twitter_misc":{"Tiempo de lectura":"2 minutos"},"schema":{"@context":"https:\/\/schema.org","@graph":[{"@type":"WebPage","@id":"https:\/\/www.avanceplasticsurgery.com\/es\/procedimientos-cosmeticos-y-de-cirugia\/eliminacion-del-crecimiento-de-la-piel\/","url":"https:\/\/www.avanceplasticsurgery.com\/es\/procedimientos-cosmeticos-y-de-cirugia\/eliminacion-del-crecimiento-de-la-piel\/","name":"Eliminaci\u00f3n del crecimiento de la piel de Reno NV | Lago Tahoe","isPartOf":{"@id":"https:\/\/www.avanceplasticsurgery.com\/es\/#website"},"primaryImageOfPage":{"@id":"https:\/\/www.avanceplasticsurgery.com\/es\/procedimientos-cosmeticos-y-de-cirugia\/eliminacion-del-crecimiento-de-la-piel\/#primaryimage"},"image":{"@id":"https:\/\/www.avanceplasticsurgery.com\/es\/procedimientos-cosmeticos-y-de-cirugia\/eliminacion-del-crecimiento-de-la-piel\/#primaryimage"},"thumbnailUrl":"https:\/\/www.avanceplasticsurgery.com\/wp-content\/uploads\/2022\/01\/skin.jpg","datePublished":"2020-09-11T07:55:09+00:00","dateModified":"2022-04-25T11:15:09+00:00","description":"Se pueden desarrollar varios tipos de crecimientos en la piel a lo largo de su vida. El Dr. Erez Dayan ofrece tratamientos para eliminar el crecimiento de la piel en el Instituto de Cirug\u00eda Pl\u00e1stica Avance en Reno, NV. Llame hoy para una consulta de crecimiento de la piel con el Dr. Erez Dayan.","breadcrumb":{"@id":"https:\/\/www.avanceplasticsurgery.com\/es\/procedimientos-cosmeticos-y-de-cirugia\/eliminacion-del-crecimiento-de-la-piel\/#breadcrumb"},"inLanguage":"es","potentialAction":[{"@type":"ReadAction","target":["https:\/\/www.avanceplasticsurgery.com\/es\/procedimientos-cosmeticos-y-de-cirugia\/eliminacion-del-crecimiento-de-la-piel\/"]}]},{"@type":"ImageObject","inLanguage":"es","@id":"https:\/\/www.avanceplasticsurgery.com\/es\/procedimientos-cosmeticos-y-de-cirugia\/eliminacion-del-crecimiento-de-la-piel\/#primaryimage","url":"https:\/\/www.avanceplasticsurgery.com\/wp-content\/uploads\/2022\/01\/skin.jpg","contentUrl":"https:\/\/www.avanceplasticsurgery.com\/wp-content\/uploads\/2022\/01\/skin.jpg","width":1920,"height":595,"caption":"Una mujer y un hombre con bata blanca, posiblemente un m\u00e9dico, sonr\u00eden y miran juntos un documento o un libro sobre un fondo liso."},{"@type":"BreadcrumbList","@id":"https:\/\/www.avanceplasticsurgery.com\/es\/procedimientos-cosmeticos-y-de-cirugia\/eliminacion-del-crecimiento-de-la-piel\/#breadcrumb","itemListElement":[{"@type":"ListItem","position":1,"name":"Home","item":"https:\/\/www.avanceplasticsurgery.com\/es\/"},{"@type":"ListItem","position":2,"name":"Cosm\u00e9tica","item":"https:\/\/www.avanceplasticsurgery.com\/es\/procedimientos-cosmeticos-y-de-cirugia\/"},{"@type":"ListItem","position":3,"name":"Eliminaci\u00f3n del crecimiento de la piel"}]},{"@type":"WebSite","@id":"https:\/\/www.avanceplasticsurgery.com\/es\/#website","url":"https:\/\/www.avanceplasticsurgery.com\/es\/","name":"Avance Plastic Surgery","description":"","potentialAction":[{"@type":"SearchAction","target":{"@type":"EntryPoint","urlTemplate":"https:\/\/www.avanceplasticsurgery.com\/es\/?s={search_term_string}"},"query-input":{"@type":"PropertyValueSpecification","valueRequired":true,"valueName":"search_term_string"}}],"inLanguage":"es"}]}},"_links":{"self":[{"href":"https:\/\/www.avanceplasticsurgery.com\/es\/wp-json\/wp\/v2\/pages\/9011","targetHints":{"allow":["GET"]}}],"collection":[{"href":"https:\/\/www.avanceplasticsurgery.com\/es\/wp-json\/wp\/v2\/pages"}],"about":[{"href":"https:\/\/www.avanceplasticsurgery.com\/es\/wp-json\/wp\/v2\/types\/page"}],"author":[{"embeddable":true,"href":"https:\/\/www.avanceplasticsurgery.com\/es\/wp-json\/wp\/v2\/users\/1"}],"replies":[{"embeddable":true,"href":"https:\/\/www.avanceplasticsurgery.com\/es\/wp-json\/wp\/v2\/comments?post=9011"}],"version-history":[{"count":1,"href":"https:\/\/www.avanceplasticsurgery.com\/es\/wp-json\/wp\/v2\/pages\/9011\/revisions"}],"predecessor-version":[{"id":9189,"href":"https:\/\/www.avanceplasticsurgery.com\/es\/wp-json\/wp\/v2\/pages\/9011\/revisions\/9189"}],"up":[{"embeddable":true,"href":"https:\/\/www.avanceplasticsurgery.com\/es\/wp-json\/wp\/v2\/pages\/8804"}],"wp:featuredmedia":[{"embeddable":true,"href":"https:\/\/www.avanceplasticsurgery.com\/es\/wp-json\/wp\/v2\/media\/8577"}],"wp:attachment":[{"href":"https:\/\/www.avanceplasticsurgery.com\/es\/wp-json\/wp\/v2\/media?parent=9011"}],"curies":[{"name":"wp","href":"https:\/\/api.w.org\/{rel}","templated":true}]}}