{"id":9012,"date":"2020-09-20T12:44:10","date_gmt":"2020-09-20T12:44:10","guid":{"rendered":"https:\/\/www.avanceplasticsurgery.com\/procedimientos-cosmeticos-y-de-cirugia\/eliminacion-del-crecimiento-de-la-piel\/eliminacion-de-quistes-sebaceos\/"},"modified":"2022-04-25T11:15:25","modified_gmt":"2022-04-25T11:15:25","slug":"eliminacion-de-quistes-sebaceos","status":"publish","type":"page","link":"https:\/\/www.avanceplasticsurgery.com\/es\/procedimientos-cosmeticos-y-de-cirugia\/eliminacion-del-crecimiento-de-la-piel\/eliminacion-de-quistes-sebaceos\/","title":{"rendered":"Eliminaci\u00f3n de quistes seb\u00e1ceos"},"content":{"rendered":"<h1>Eliminaci\u00f3n de quistes seb\u00e1ceos<\/h1>\n<p>Los quistes seb\u00e1ceos generalmente aparecen en la cara, las orejas, la parte inferior del cuello o la espalda y pueden variar en tama\u00f1o de media pulgada a dos pulgadas. Suelen parecerse a un grano o punto negro en apariencia, y cuando se infectan o inflaman, pueden ser dolorosos y muy problem\u00e1ticos de eliminar. El Dr. Erez Dayan ofrece la eliminaci\u00f3n de quistes seb\u00e1ceos en el Instituto de Cirug\u00eda Pl\u00e1stica Avance en Reno\/Tahoe, NV.<\/p>\n<p>La extirpaci\u00f3n del quiste seb\u00e1ceo consiste en eliminar el contenido y la pared del quiste mientras no se encuentre en un estado inflamado. El <a title=\"Eliminaci\u00f3n del crecimiento de la piel de Reno NV\" href=\"https:\/\/www.avanceplasticsurgery.com\/es\/cosmetic-and-surgery-procedures\/skin-growth-removal\/\">procedimiento de remoci\u00f3n<\/a> se realiza en la oficina del Dr. Dayan en Reno\/Tahoe en el Instituto de Cirug\u00eda Pl\u00e1stica Avance. El Dr. Dayan es un cirujano pl\u00e1stico est\u00e9tico y reconstructivo bien capacitado y talentoso que realiza procedimientos est\u00e9ticos y reconstructivos complejos y avanzados de forma rutinaria.<\/p>\n<p>Cuando viene al Instituto de Cirug\u00eda Pl\u00e1stica Avance en Reno\/Tahoe, est\u00e1 en las mejores manos. El Dr. Dayan y su equipo son profesionales compasivos, conocedores y capacitados que se dedican a ayudarlo a vivir su mejor vida a trav\u00e9s de tratamientos cosm\u00e9ticos y reconstructivos. Incluso podemos ayudarlo a obtener financiamiento para ayudarlo a pagar sus tratamientos si no est\u00e1n cubiertos por un seguro.<\/p>\n<h2>Tratamiento del quiste epidermoide facial<\/h2>\n<p>Los quistes epidermoides se asemejan a los quistes seb\u00e1ceos pero son diferentes en causa y composici\u00f3n. Por lo general, se forman alrededor de los fol\u00edculos pilosos da\u00f1ados o de las c\u00e9lulas de la epidermis. Las opciones de tratamiento del quiste epidermoide facial incluyen inyecciones que reducen la hinchaz\u00f3n y la inflamaci\u00f3n, una incisi\u00f3n y drenaje o extirpaci\u00f3n quir\u00fargica. Esta \u00faltima opci\u00f3n es la \u00fanica soluci\u00f3n permanente para un quiste epidermoide.<\/p>\n<p>El Dr. Dayan utiliza t\u00e9cnicas quir\u00fargicas cosm\u00e9ticas avanzadas para minimizar las cicatrices despu\u00e9s del tratamiento del quiste epidermoide facial. \u00c9l puede explicar m\u00e1s sobre la eliminaci\u00f3n de quistes seb\u00e1ceos o el tratamiento de quistes epidermoides en una consulta confidencial en Avance Plastic Surgery Institute. <a title=\"P\u00f3ngase en contacto con el Instituto de Cirug\u00eda Pl\u00e1stica Avance en Reno NV\" href=\"https:\/\/www.avanceplasticsurgery.com\/es\/contact-us-dr-erez-dayan\/\">Comun\u00edquese con nuestra oficina de Reno\/Tahoe<\/a> y hable con un miembro del equipo para programar su consulta con el Dr. Dayan.<\/p>\n","protected":false},"excerpt":{"rendered":"<p>Eliminaci\u00f3n de quistes seb\u00e1ceos Los quistes seb\u00e1ceos generalmente aparecen en la cara, las orejas, la parte inferior del cuello&hellip;<\/p>\n","protected":false},"author":1,"featured_media":0,"parent":9011,"menu_order":0,"comment_status":"closed","ping_status":"closed","template":"","meta":{"_acf_changed":false,"footnotes":""},"class_list":["post-9012","page","type-page","status-publish"],"acf":[],"yoast_head":"<!-- This site is optimized with the Yoast SEO plugin v25.6 - https:\/\/yoast.com\/wordpress\/plugins\/seo\/ -->\n<title>Eliminaci\u00f3n de quistes seb\u00e1ceos de Reno NV | Quiste epidermoide facial del lago Tahoe<\/title>\n<meta name=\"description\" content=\"La eliminaci\u00f3n de quistes seb\u00e1ceos y los tratamientos de quistes epidermoides faciales est\u00e1n disponibles para mejorar su apariencia del cirujano pl\u00e1stico cosm\u00e9tico Dr. Erez Dayan. Llame al Instituto de Cirug\u00eda Pl\u00e1stica Avance en Reno, NV, para programar una consulta.\" \/>\n<meta name=\"robots\" content=\"index, follow, max-snippet:-1, max-image-preview:large, max-video-preview:-1\" \/>\n<link rel=\"canonical\" href=\"https:\/\/www.avanceplasticsurgery.com\/es\/procedimientos-cosmeticos-y-de-cirugia\/eliminacion-del-crecimiento-de-la-piel\/eliminacion-de-quistes-sebaceos\/\" \/>\n<meta property=\"og:locale\" content=\"es_ES\" \/>\n<meta property=\"og:type\" content=\"article\" \/>\n<meta property=\"og:title\" content=\"Eliminaci\u00f3n de quistes seb\u00e1ceos de Reno NV | Quiste epidermoide facial del lago Tahoe\" \/>\n<meta property=\"og:description\" content=\"La eliminaci\u00f3n de quistes seb\u00e1ceos y los tratamientos de quistes epidermoides faciales est\u00e1n disponibles para mejorar su apariencia del cirujano pl\u00e1stico cosm\u00e9tico Dr. Erez Dayan. Llame al Instituto de Cirug\u00eda Pl\u00e1stica Avance en Reno, NV, para programar una consulta.\" \/>\n<meta property=\"og:url\" content=\"https:\/\/www.avanceplasticsurgery.com\/es\/procedimientos-cosmeticos-y-de-cirugia\/eliminacion-del-crecimiento-de-la-piel\/eliminacion-de-quistes-sebaceos\/\" \/>\n<meta property=\"og:site_name\" content=\"Avance Plastic Surgery\" \/>\n<meta property=\"article:modified_time\" content=\"2022-04-25T11:15:25+00:00\" \/>\n<meta name=\"twitter:card\" content=\"summary_large_image\" \/>\n<meta name=\"twitter:label1\" content=\"Tiempo de lectura\" \/>\n\t<meta name=\"twitter:data1\" content=\"2 minutos\" \/>\n<!-- \/ Yoast SEO plugin. -->","yoast_head_json":{"title":"Eliminaci\u00f3n de quistes seb\u00e1ceos de Reno NV | Quiste epidermoide facial del lago Tahoe","description":"La eliminaci\u00f3n de quistes seb\u00e1ceos y los tratamientos de quistes epidermoides faciales est\u00e1n disponibles para mejorar su apariencia del cirujano pl\u00e1stico cosm\u00e9tico Dr. Erez Dayan. Llame al Instituto de Cirug\u00eda Pl\u00e1stica Avance en Reno, NV, para programar una consulta.","robots":{"index":"index","follow":"follow","max-snippet":"max-snippet:-1","max-image-preview":"max-image-preview:large","max-video-preview":"max-video-preview:-1"},"canonical":"https:\/\/www.avanceplasticsurgery.com\/es\/procedimientos-cosmeticos-y-de-cirugia\/eliminacion-del-crecimiento-de-la-piel\/eliminacion-de-quistes-sebaceos\/","og_locale":"es_ES","og_type":"article","og_title":"Eliminaci\u00f3n de quistes seb\u00e1ceos de Reno NV | Quiste epidermoide facial del lago Tahoe","og_description":"La eliminaci\u00f3n de quistes seb\u00e1ceos y los tratamientos de quistes epidermoides faciales est\u00e1n disponibles para mejorar su apariencia del cirujano pl\u00e1stico cosm\u00e9tico Dr. Erez Dayan. Llame al Instituto de Cirug\u00eda Pl\u00e1stica Avance en Reno, NV, para programar una consulta.","og_url":"https:\/\/www.avanceplasticsurgery.com\/es\/procedimientos-cosmeticos-y-de-cirugia\/eliminacion-del-crecimiento-de-la-piel\/eliminacion-de-quistes-sebaceos\/","og_site_name":"Avance Plastic Surgery","article_modified_time":"2022-04-25T11:15:25+00:00","twitter_card":"summary_large_image","twitter_misc":{"Tiempo de lectura":"2 minutos"},"schema":{"@context":"https:\/\/schema.org","@graph":[{"@type":"WebPage","@id":"https:\/\/www.avanceplasticsurgery.com\/es\/procedimientos-cosmeticos-y-de-cirugia\/eliminacion-del-crecimiento-de-la-piel\/eliminacion-de-quistes-sebaceos\/","url":"https:\/\/www.avanceplasticsurgery.com\/es\/procedimientos-cosmeticos-y-de-cirugia\/eliminacion-del-crecimiento-de-la-piel\/eliminacion-de-quistes-sebaceos\/","name":"Eliminaci\u00f3n de quistes seb\u00e1ceos de Reno NV | Quiste epidermoide facial del lago Tahoe","isPartOf":{"@id":"https:\/\/www.avanceplasticsurgery.com\/es\/#website"},"datePublished":"2020-09-20T12:44:10+00:00","dateModified":"2022-04-25T11:15:25+00:00","description":"La eliminaci\u00f3n de quistes seb\u00e1ceos y los tratamientos de quistes epidermoides faciales est\u00e1n disponibles para mejorar su apariencia del cirujano pl\u00e1stico cosm\u00e9tico Dr. Erez Dayan. Llame al Instituto de Cirug\u00eda Pl\u00e1stica Avance en Reno, NV, para programar una consulta.","breadcrumb":{"@id":"https:\/\/www.avanceplasticsurgery.com\/es\/procedimientos-cosmeticos-y-de-cirugia\/eliminacion-del-crecimiento-de-la-piel\/eliminacion-de-quistes-sebaceos\/#breadcrumb"},"inLanguage":"es","potentialAction":[{"@type":"ReadAction","target":["https:\/\/www.avanceplasticsurgery.com\/es\/procedimientos-cosmeticos-y-de-cirugia\/eliminacion-del-crecimiento-de-la-piel\/eliminacion-de-quistes-sebaceos\/"]}]},{"@type":"BreadcrumbList","@id":"https:\/\/www.avanceplasticsurgery.com\/es\/procedimientos-cosmeticos-y-de-cirugia\/eliminacion-del-crecimiento-de-la-piel\/eliminacion-de-quistes-sebaceos\/#breadcrumb","itemListElement":[{"@type":"ListItem","position":1,"name":"Home","item":"https:\/\/www.avanceplasticsurgery.com\/es\/"},{"@type":"ListItem","position":2,"name":"Cosm\u00e9tica","item":"https:\/\/www.avanceplasticsurgery.com\/es\/procedimientos-cosmeticos-y-de-cirugia\/"},{"@type":"ListItem","position":3,"name":"Eliminaci\u00f3n del crecimiento de la piel","item":"https:\/\/www.avanceplasticsurgery.com\/es\/procedimientos-cosmeticos-y-de-cirugia\/eliminacion-del-crecimiento-de-la-piel\/"},{"@type":"ListItem","position":4,"name":"Eliminaci\u00f3n de quistes seb\u00e1ceos"}]},{"@type":"WebSite","@id":"https:\/\/www.avanceplasticsurgery.com\/es\/#website","url":"https:\/\/www.avanceplasticsurgery.com\/es\/","name":"Avance Plastic Surgery","description":"","potentialAction":[{"@type":"SearchAction","target":{"@type":"EntryPoint","urlTemplate":"https:\/\/www.avanceplasticsurgery.com\/es\/?s={search_term_string}"},"query-input":{"@type":"PropertyValueSpecification","valueRequired":true,"valueName":"search_term_string"}}],"inLanguage":"es"}]}},"_links":{"self":[{"href":"https:\/\/www.avanceplasticsurgery.com\/es\/wp-json\/wp\/v2\/pages\/9012","targetHints":{"allow":["GET"]}}],"collection":[{"href":"https:\/\/www.avanceplasticsurgery.com\/es\/wp-json\/wp\/v2\/pages"}],"about":[{"href":"https:\/\/www.avanceplasticsurgery.com\/es\/wp-json\/wp\/v2\/types\/page"}],"author":[{"embeddable":true,"href":"https:\/\/www.avanceplasticsurgery.com\/es\/wp-json\/wp\/v2\/users\/1"}],"replies":[{"embeddable":true,"href":"https:\/\/www.avanceplasticsurgery.com\/es\/wp-json\/wp\/v2\/comments?post=9012"}],"version-history":[{"count":2,"href":"https:\/\/www.avanceplasticsurgery.com\/es\/wp-json\/wp\/v2\/pages\/9012\/revisions"}],"predecessor-version":[{"id":9190,"href":"https:\/\/www.avanceplasticsurgery.com\/es\/wp-json\/wp\/v2\/pages\/9012\/revisions\/9190"}],"up":[{"embeddable":true,"href":"https:\/\/www.avanceplasticsurgery.com\/es\/wp-json\/wp\/v2\/pages\/9011"}],"wp:attachment":[{"href":"https:\/\/www.avanceplasticsurgery.com\/es\/wp-json\/wp\/v2\/media?parent=9012"}],"curies":[{"name":"wp","href":"https:\/\/api.w.org\/{rel}","templated":true}]}}