{"id":9014,"date":"2020-09-20T12:45:22","date_gmt":"2020-09-20T12:45:22","guid":{"rendered":"https:\/\/www.avanceplasticsurgery.com\/procedimientos-cosmeticos-y-de-cirugia\/eliminacion-del-crecimiento-de-la-piel\/lesiones-de-piel-y-canceres\/"},"modified":"2022-04-25T11:15:38","modified_gmt":"2022-04-25T11:15:38","slug":"lesiones-de-piel-y-canceres","status":"publish","type":"page","link":"https:\/\/www.avanceplasticsurgery.com\/es\/procedimientos-cosmeticos-y-de-cirugia\/eliminacion-del-crecimiento-de-la-piel\/lesiones-de-piel-y-canceres\/","title":{"rendered":"Lesiones de piel y c\u00e1nceres"},"content":{"rendered":"<h1>Eliminaci\u00f3n de lesiones cut\u00e1neas y c\u00e1ncer<\/h1>\n<p>Las lesiones cut\u00e1neas pueden aparecer sobre o debajo de la piel. A menudo, no representan ning\u00fan problema y apenas se notan. Cuando se noten o se irriten, querr\u00e1 que un dermat\u00f3logo los examine. Pueden hacer una biopsia de la lesi\u00f3n para detectar c\u00e1ncer o prec\u00e1ncer. Si hay c\u00e9lulas cancerosas o precancerosas, es probable que lo remitan a un cirujano pl\u00e1stico cosm\u00e9tico para recibir tratamiento. El Dr. Erez Dayan realiza la eliminaci\u00f3n de lesiones cut\u00e1neas en el Instituto de Cirug\u00eda Pl\u00e1stica Avance en Reno\/Tahoe, NV.<\/p>\n<p>La extirpaci\u00f3n de la lesi\u00f3n cut\u00e1nea puede ser necesaria o deseable, incluso si la lesi\u00f3n no es cancerosa. Si se desarrollan en un \u00e1rea muy visible, podr\u00edan presentar problemas est\u00e9ticos. Tambi\u00e9n pueden aparecer en lugares donde la ropa o las joyas los rozan y los mantienen constantemente irritados. Cuando necesite eliminar una lesi\u00f3n de la piel, el Dr. Dayan tiene varios m\u00e9todos entre los que puede elegir para obtener resultados satisfactorios.<\/p>\n<p>Las lesiones de la piel se pueden rasurar capas a la vez, congelar, quemar, eliminar con l\u00e1ser o extirpar quir\u00fargicamente si es necesario. El Dr. Dayan examinar\u00e1 su lesi\u00f3n cut\u00e1nea y har\u00e1 <a title=\"Eliminaci\u00f3n del crecimiento de la piel de Reno NV\" href=\"https:\/\/www.avanceplasticsurgery.com\/es\/cosmetic-and-surgery-procedures\/skin-growth-removal\/\">recomendaciones sobre el mejor tratamiento<\/a> para su caso particular. Todos nuestros pacientes reciben un plan de tratamiento completamente personalizado que considera sus objetivos y necesidades.<\/p>\n<h2>Cirug\u00eda pl\u00e1stica del c\u00e1ncer de piel<\/h2>\n<p>La cirug\u00eda pl\u00e1stica de c\u00e1ncer de piel es uno de los procedimientos m\u00e1s comunes realizados por el Dr. Dayan en Avance Plastic Surgery Institute. Reno y Lake Tahoe reciben mucho sol y eso significa muchos pacientes con c\u00e1ncer de piel. Muchos dermat\u00f3logos del \u00e1rea derivan a los pacientes al Dr. Dayan para una cirug\u00eda pl\u00e1stica avanzada de c\u00e1ncer de piel debido a su experiencia ampliamente reconocida.<\/p>\n<p>La cirug\u00eda del c\u00e1ncer de piel puede abarcar desde la extirpaci\u00f3n de peque\u00f1as lesiones cut\u00e1neas hasta una reconstrucci\u00f3n complicada despu\u00e9s de una extirpaci\u00f3n extensa del c\u00e1ncer. El Dr. Dayan est\u00e1 bien calificado para realizar cirug\u00edas de reconstrucci\u00f3n intrincadas y complejas para pacientes con c\u00e1ncer de piel. Avance Plastic Surgery Institute tambi\u00e9n ofrece una consulta virtual con el Dr. Dayan para pacientes fuera de nuestra \u00e1rea local que deseen que el Dr. Dayan realice su cirug\u00eda pl\u00e1stica de c\u00e1ncer de piel.<\/p>\n<p>Pregunte acerca de una consulta de cirug\u00eda pl\u00e1stica de c\u00e1ncer de piel virtual o en el consultorio con el Dr. Dayan cuando llame o <a title=\"P\u00f3ngase en contacto con el Instituto de Cirug\u00eda Pl\u00e1stica Avance en Reno NV\" href=\"https:\/\/www.avanceplasticsurgery.com\/es\/contact-us-dr-erez-dayan\/\">cont\u00e1ctenos en l\u00ednea<\/a> y hable con un miembro del equipo en Avance Plastic Surgery Institute en Reno\/Tahoe, NV.<\/p>\n","protected":false},"excerpt":{"rendered":"<p>Eliminaci\u00f3n de lesiones cut\u00e1neas y c\u00e1ncer Las lesiones cut\u00e1neas pueden aparecer sobre o debajo de la piel. A menudo,&hellip;<\/p>\n","protected":false},"author":1,"featured_media":0,"parent":9011,"menu_order":0,"comment_status":"closed","ping_status":"closed","template":"","meta":{"_acf_changed":false,"footnotes":""},"class_list":["post-9014","page","type-page","status-publish"],"acf":[],"yoast_head":"<!-- This site is optimized with the Yoast SEO plugin v27.3 - https:\/\/yoast.com\/product\/yoast-seo-wordpress\/ -->\n<title>Eliminaci\u00f3n de lesiones cut\u00e1neas en Reno NV | Cirug\u00eda pl\u00e1stica de c\u00e1ncer de piel en Lake Tahoe<\/title>\n<meta name=\"description\" content=\"La eliminaci\u00f3n de lesiones cut\u00e1neas y la cirug\u00eda pl\u00e1stica para el c\u00e1ncer de piel est\u00e1n disponibles a trav\u00e9s de un cirujano pl\u00e1stico cosm\u00e9tico en el Instituto de Cirug\u00eda Pl\u00e1stica Avance en Reno, NV. Llame para una consulta con el Dr. Erez Dayan.\" \/>\n<meta name=\"robots\" content=\"index, follow, max-snippet:-1, max-image-preview:large, max-video-preview:-1\" \/>\n<link rel=\"canonical\" href=\"https:\/\/www.avanceplasticsurgery.com\/es\/procedimientos-cosmeticos-y-de-cirugia\/eliminacion-del-crecimiento-de-la-piel\/lesiones-de-piel-y-canceres\/\" \/>\n<meta property=\"og:locale\" content=\"es_ES\" \/>\n<meta property=\"og:type\" content=\"article\" \/>\n<meta property=\"og:title\" content=\"Eliminaci\u00f3n de lesiones cut\u00e1neas en Reno NV | Cirug\u00eda pl\u00e1stica de c\u00e1ncer de piel en Lake Tahoe\" \/>\n<meta property=\"og:description\" content=\"La eliminaci\u00f3n de lesiones cut\u00e1neas y la cirug\u00eda pl\u00e1stica para el c\u00e1ncer de piel est\u00e1n disponibles a trav\u00e9s de un cirujano pl\u00e1stico cosm\u00e9tico en el Instituto de Cirug\u00eda Pl\u00e1stica Avance en Reno, NV. Llame para una consulta con el Dr. Erez Dayan.\" \/>\n<meta property=\"og:url\" content=\"https:\/\/www.avanceplasticsurgery.com\/es\/procedimientos-cosmeticos-y-de-cirugia\/eliminacion-del-crecimiento-de-la-piel\/lesiones-de-piel-y-canceres\/\" \/>\n<meta property=\"og:site_name\" content=\"Avance Plastic Surgery\" \/>\n<meta property=\"article:modified_time\" content=\"2022-04-25T11:15:38+00:00\" \/>\n<meta name=\"twitter:card\" content=\"summary_large_image\" \/>\n<meta name=\"twitter:label1\" content=\"Tiempo de lectura\" \/>\n\t<meta name=\"twitter:data1\" content=\"2 minutos\" \/>\n<!-- \/ Yoast SEO plugin. -->","yoast_head_json":{"title":"Eliminaci\u00f3n de lesiones cut\u00e1neas en Reno NV | Cirug\u00eda pl\u00e1stica de c\u00e1ncer de piel en Lake Tahoe","description":"La eliminaci\u00f3n de lesiones cut\u00e1neas y la cirug\u00eda pl\u00e1stica para el c\u00e1ncer de piel est\u00e1n disponibles a trav\u00e9s de un cirujano pl\u00e1stico cosm\u00e9tico en el Instituto de Cirug\u00eda Pl\u00e1stica Avance en Reno, NV. Llame para una consulta con el Dr. Erez Dayan.","robots":{"index":"index","follow":"follow","max-snippet":"max-snippet:-1","max-image-preview":"max-image-preview:large","max-video-preview":"max-video-preview:-1"},"canonical":"https:\/\/www.avanceplasticsurgery.com\/es\/procedimientos-cosmeticos-y-de-cirugia\/eliminacion-del-crecimiento-de-la-piel\/lesiones-de-piel-y-canceres\/","og_locale":"es_ES","og_type":"article","og_title":"Eliminaci\u00f3n de lesiones cut\u00e1neas en Reno NV | Cirug\u00eda pl\u00e1stica de c\u00e1ncer de piel en Lake Tahoe","og_description":"La eliminaci\u00f3n de lesiones cut\u00e1neas y la cirug\u00eda pl\u00e1stica para el c\u00e1ncer de piel est\u00e1n disponibles a trav\u00e9s de un cirujano pl\u00e1stico cosm\u00e9tico en el Instituto de Cirug\u00eda Pl\u00e1stica Avance en Reno, NV. Llame para una consulta con el Dr. Erez Dayan.","og_url":"https:\/\/www.avanceplasticsurgery.com\/es\/procedimientos-cosmeticos-y-de-cirugia\/eliminacion-del-crecimiento-de-la-piel\/lesiones-de-piel-y-canceres\/","og_site_name":"Avance Plastic Surgery","article_modified_time":"2022-04-25T11:15:38+00:00","twitter_card":"summary_large_image","twitter_misc":{"Tiempo de lectura":"2 minutos"},"schema":{"@context":"https:\/\/schema.org","@graph":[{"@type":"WebPage","@id":"https:\/\/www.avanceplasticsurgery.com\/es\/procedimientos-cosmeticos-y-de-cirugia\/eliminacion-del-crecimiento-de-la-piel\/lesiones-de-piel-y-canceres\/","url":"https:\/\/www.avanceplasticsurgery.com\/es\/procedimientos-cosmeticos-y-de-cirugia\/eliminacion-del-crecimiento-de-la-piel\/lesiones-de-piel-y-canceres\/","name":"Eliminaci\u00f3n de lesiones cut\u00e1neas en Reno NV | Cirug\u00eda pl\u00e1stica de c\u00e1ncer de piel en Lake Tahoe","isPartOf":{"@id":"https:\/\/www.avanceplasticsurgery.com\/es\/#website"},"datePublished":"2020-09-20T12:45:22+00:00","dateModified":"2022-04-25T11:15:38+00:00","description":"La eliminaci\u00f3n de lesiones cut\u00e1neas y la cirug\u00eda pl\u00e1stica para el c\u00e1ncer de piel est\u00e1n disponibles a trav\u00e9s de un cirujano pl\u00e1stico cosm\u00e9tico en el Instituto de Cirug\u00eda Pl\u00e1stica Avance en Reno, NV. Llame para una consulta con el Dr. Erez Dayan.","breadcrumb":{"@id":"https:\/\/www.avanceplasticsurgery.com\/es\/procedimientos-cosmeticos-y-de-cirugia\/eliminacion-del-crecimiento-de-la-piel\/lesiones-de-piel-y-canceres\/#breadcrumb"},"inLanguage":"es","potentialAction":[{"@type":"ReadAction","target":["https:\/\/www.avanceplasticsurgery.com\/es\/procedimientos-cosmeticos-y-de-cirugia\/eliminacion-del-crecimiento-de-la-piel\/lesiones-de-piel-y-canceres\/"]}]},{"@type":"BreadcrumbList","@id":"https:\/\/www.avanceplasticsurgery.com\/es\/procedimientos-cosmeticos-y-de-cirugia\/eliminacion-del-crecimiento-de-la-piel\/lesiones-de-piel-y-canceres\/#breadcrumb","itemListElement":[{"@type":"ListItem","position":1,"name":"Home","item":"https:\/\/www.avanceplasticsurgery.com\/es\/"},{"@type":"ListItem","position":2,"name":"Cosm\u00e9tica","item":"https:\/\/www.avanceplasticsurgery.com\/es\/procedimientos-cosmeticos-y-de-cirugia\/"},{"@type":"ListItem","position":3,"name":"Eliminaci\u00f3n del crecimiento de la piel","item":"https:\/\/www.avanceplasticsurgery.com\/es\/procedimientos-cosmeticos-y-de-cirugia\/eliminacion-del-crecimiento-de-la-piel\/"},{"@type":"ListItem","position":4,"name":"Lesiones de piel y c\u00e1nceres"}]},{"@type":"WebSite","@id":"https:\/\/www.avanceplasticsurgery.com\/es\/#website","url":"https:\/\/www.avanceplasticsurgery.com\/es\/","name":"Avance Plastic Surgery","description":"","potentialAction":[{"@type":"SearchAction","target":{"@type":"EntryPoint","urlTemplate":"https:\/\/www.avanceplasticsurgery.com\/es\/?s={search_term_string}"},"query-input":{"@type":"PropertyValueSpecification","valueRequired":true,"valueName":"search_term_string"}}],"inLanguage":"es"}]}},"_links":{"self":[{"href":"https:\/\/www.avanceplasticsurgery.com\/es\/wp-json\/wp\/v2\/pages\/9014","targetHints":{"allow":["GET"]}}],"collection":[{"href":"https:\/\/www.avanceplasticsurgery.com\/es\/wp-json\/wp\/v2\/pages"}],"about":[{"href":"https:\/\/www.avanceplasticsurgery.com\/es\/wp-json\/wp\/v2\/types\/page"}],"author":[{"embeddable":true,"href":"https:\/\/www.avanceplasticsurgery.com\/es\/wp-json\/wp\/v2\/users\/1"}],"replies":[{"embeddable":true,"href":"https:\/\/www.avanceplasticsurgery.com\/es\/wp-json\/wp\/v2\/comments?post=9014"}],"version-history":[{"count":1,"href":"https:\/\/www.avanceplasticsurgery.com\/es\/wp-json\/wp\/v2\/pages\/9014\/revisions"}],"predecessor-version":[{"id":9191,"href":"https:\/\/www.avanceplasticsurgery.com\/es\/wp-json\/wp\/v2\/pages\/9014\/revisions\/9191"}],"up":[{"embeddable":true,"href":"https:\/\/www.avanceplasticsurgery.com\/es\/wp-json\/wp\/v2\/pages\/9011"}],"wp:attachment":[{"href":"https:\/\/www.avanceplasticsurgery.com\/es\/wp-json\/wp\/v2\/media?parent=9014"}],"curies":[{"name":"wp","href":"https:\/\/api.w.org\/{rel}","templated":true}]}}