{"id":9015,"date":"2020-09-20T12:47:24","date_gmt":"2020-09-20T12:47:24","guid":{"rendered":"https:\/\/www.avanceplasticsurgery.com\/tratamientos-de-spa-medicos\/"},"modified":"2022-04-25T12:51:54","modified_gmt":"2022-04-25T12:51:54","slug":"tratamientos-de-spa-medicos","status":"publish","type":"page","link":"https:\/\/www.avanceplasticsurgery.com\/es\/tratamientos-de-spa-medicos\/","title":{"rendered":"Tratamientos de spa m\u00e9dicos"},"content":{"rendered":"<h1 style=\"text-align: center;\">Tratamientos de spa m\u00e9dicos<\/h1>\n<p><a title=\"Reno NV Cirug\u00eda Pl\u00e1stica Facial\" href=\"https:\/\/www.avanceplasticsurgery.com\/es\/\">El Instituto de Cirug\u00eda Pl\u00e1stica Avance<\/a> en Reno\/Tahoe, NV, no es solo un centro de cirug\u00eda pl\u00e1stica cosm\u00e9tica y reconstructiva avanzada y de vanguardia. Tambi\u00e9n ofrecemos una gama completa de tratamientos m\u00e9dicos de spa para rejuvenecer su apariencia y borrar los signos preocupantes del envejecimiento. Bajo la gu\u00eda del Dr. Erez Dayan, un cirujano pl\u00e1stico est\u00e9tico y reconstructivo, nuestros tratamientos de spa m\u00e9dicos brindan las t\u00e9cnicas y tecnolog\u00edas m\u00e1s recientes y de vanguardia para el rejuvenecimiento de la piel.<\/p>\n<p>Si bien algunos spas m\u00e9dicos e incluso salones de belleza ofrecen servicios y tratamientos similares, el Instituto de Cirug\u00eda Pl\u00e1stica Avance emplea a miembros del equipo que poseen la capacitaci\u00f3n m\u00e1s reciente y una amplia experiencia en estos procedimientos de rejuvenecimiento. Adem\u00e1s, contamos con los servicios de un cirujano pl\u00e1stico solicitado para obtener m\u00e1s recomendaciones y consejos cuando necesite tratamientos de nivel avanzado.<\/p>\n<h2 style=\"text-align: center;\">Cirug\u00eda pl\u00e1stica Med Spa en Reno<\/h2>\n<p>En nuestro spa m\u00e9dico de cirug\u00eda pl\u00e1stica en Reno\/Tahoe, ofrecemos los siguientes tratamientos faciales y para la piel de \u00faltima generaci\u00f3n para su beneficio. Siga los enlaces de cada uno y explore m\u00e1s sobre c\u00f3mo estos tratamientos pueden borrar los signos del envejecimiento y hacer que se vea y se sienta m\u00e1s joven.<\/p>\n<nav class=\"flc-submenu\" aria-label=\"sub menu\"><ul><li class=\"page_item page-item-9056\"><a href=\"https:\/\/www.avanceplasticsurgery.com\/es\/tratamientos-de-spa-medicos\/contorno-corporal-no-invasivo-evolve-by-inmode\/\">Contorno corporal no invasivo &#8211; EVOLVE By InMode<\/a><\/li>\n<li class=\"page_item page-item-9055\"><a href=\"https:\/\/www.avanceplasticsurgery.com\/es\/tratamientos-de-spa-medicos\/contorno-facial-no-invasivo-evoke-de-inmode\/\">Contorno facial no invasivo &#8211; EVOKE de InMode<\/a><\/li>\n<li class=\"page_item page-item-9017\"><a href=\"https:\/\/www.avanceplasticsurgery.com\/es\/tratamientos-de-spa-medicos\/cuidado-de-la-piel-avanzado\/\">Cuidado de la piel avanzado<\/a><\/li>\n<li class=\"page_item page-item-9067 page_item_has_children\"><a href=\"https:\/\/www.avanceplasticsurgery.com\/es\/tratamientos-de-spa-medicos\/estiramiento-de-la-piel\/\">Estiramiento de la piel<\/a><\/li>\n<li class=\"page_item page-item-9023\"><a href=\"https:\/\/www.avanceplasticsurgery.com\/es\/tratamientos-de-spa-medicos\/forma-y-forma-plus\/\">Forma y Forma Plus<\/a><\/li>\n<li class=\"page_item page-item-9025 page_item_has_children\"><a href=\"https:\/\/www.avanceplasticsurgery.com\/es\/tratamientos-de-spa-medicos\/inyectables-y-rellenos\/\">Inyectables y Rellenos<\/a><\/li>\n<li class=\"page_item page-item-9072\"><a href=\"https:\/\/www.avanceplasticsurgery.com\/es\/tratamientos-de-spa-medicos\/laser-de-co2-smartxide-dot\/\">L\u00e1ser de CO2 SmartXide DOT<\/a><\/li>\n<li class=\"page_item page-item-9060\"><a href=\"https:\/\/www.avanceplasticsurgery.com\/es\/tratamientos-de-spa-medicos\/latisse\/\">Latisse<\/a><\/li>\n<li class=\"page_item page-item-9062\"><a href=\"https:\/\/www.avanceplasticsurgery.com\/es\/tratamientos-de-spa-medicos\/luz-pulsada-intensa-lumecca-de-inmode\/\">Luz Pulsada Intensa &#8211; Lumecca de InMode<\/a><\/li>\n<li class=\"page_item page-item-9073\"><a href=\"https:\/\/www.avanceplasticsurgery.com\/es\/tratamientos-de-spa-medicos\/manchas-solares-manchas-marrones\/\">Manchas solares\/manchas marrones<\/a><\/li>\n<li class=\"page_item page-item-11055\"><a href=\"https:\/\/www.avanceplasticsurgery.com\/es\/tratamientos-de-spa-medicos\/morfeo8\/\">Morfeo8<\/a><\/li>\n<li class=\"page_item page-item-9024\"><a href=\"https:\/\/www.avanceplasticsurgery.com\/es\/tratamientos-de-spa-medicos\/oxigenoterapia-hiperbarica\/\">Oxigenoterapia hiperb\u00e1rica<\/a><\/li>\n<li class=\"page_item page-item-9020\"><a href=\"https:\/\/www.avanceplasticsurgery.com\/es\/tratamientos-de-spa-medicos\/peelings-quimicos\/\">Peelings qu\u00edmicos<\/a><\/li>\n<li class=\"page_item page-item-9057\"><a href=\"https:\/\/www.avanceplasticsurgery.com\/es\/tratamientos-de-spa-medicos\/perdida-de-peso-medica\/\">P\u00e9rdida de peso m\u00e9dica<\/a><\/li>\n<li class=\"page_item page-item-9018\"><a href=\"https:\/\/www.avanceplasticsurgery.com\/es\/tratamientos-de-spa-medicos\/reduccion-de-la-celulitis-y-reafirmacion-de-la-piel-morpheus8-de-inmode\/\">Reducci\u00f3n de la celulitis y reafirmaci\u00f3n de la piel &#8211; Morpheus8 de InMode<\/a><\/li>\n<li class=\"page_item page-item-9058\"><a href=\"https:\/\/www.avanceplasticsurgery.com\/es\/tratamientos-de-spa-medicos\/reduccion-de-masetero\/\">Reducci\u00f3n de masetero<\/a><\/li>\n<li class=\"page_item page-item-9021\"><a href=\"https:\/\/www.avanceplasticsurgery.com\/es\/tratamientos-de-spa-medicos\/rejuvenecimiento-cutaneo-con-laser-de-erbio\/\">Rejuvenecimiento cut\u00e1neo con l\u00e1ser de erbio<\/a><\/li>\n<li class=\"page_item page-item-9066\"><a href=\"https:\/\/www.avanceplasticsurgery.com\/es\/tratamientos-de-spa-medicos\/rejuvenecimiento-de-la-piel\/\">Rejuvenecimiento de la piel<\/a><\/li>\n<li class=\"page_item page-item-9061\"><a href=\"https:\/\/www.avanceplasticsurgery.com\/es\/tratamientos-de-spa-medicos\/rejuvenecimiento-de-la-piel-con-laser\/\">Rejuvenecimiento de la piel con l\u00e1ser<\/a><\/li>\n<li class=\"page_item page-item-9016\"><a href=\"https:\/\/www.avanceplasticsurgery.com\/es\/tratamientos-de-spa-medicos\/terapia-de-hormonas-bioidenticas-para-hombres-y-mujeres\/\">Terapia de hormonas bioid\u00e9nticas para hombres y mujeres<\/a><\/li>\n<li class=\"page_item page-item-9054\"><a href=\"https:\/\/www.avanceplasticsurgery.com\/es\/tratamientos-de-spa-medicos\/tratamiento-de-rinofima\/\">Tratamiento de rinofima<\/a><\/li>\n<\/ul><\/nav>\n<p>Desde tratamientos con l\u00e1ser hasta rellenos d\u00e9rmicos, reafirmaci\u00f3n de la piel y cuidado avanzado de la piel, el Dr. Dayan y su talentoso equipo ofrecen una gama completa de tratamientos para su disfrute y beneficio. Cada paciente recibe una consulta completa con el Dr. Dayan para determinar las mejores opciones para ayudarlos a alcanzar sus objetivos de cuidado de la piel. El Dr. Dayan examinar\u00e1 su piel y su historial m\u00e9dico para determinar el mejor plan de tratamiento personalizado posible.<\/p>\n<p>Para conocer los mejores tratamientos disponibles en Reno y Lake Tahoe, NV, <a title=\"P\u00f3ngase en contacto con el Instituto de Cirug\u00eda Pl\u00e1stica Avance en Reno NV\" href=\"https:\/\/www.avanceplasticsurgery.com\/es\/contact-us-dr-erez-dayan\/\">comun\u00edquese con el Avance Plastic Surgery Institute<\/a> y programe una consulta sobre el cuidado de la piel con el Dr. Dayan y su equipo.<\/p>\n","protected":false},"excerpt":{"rendered":"<p>Tratamientos de spa m\u00e9dicos El Instituto de Cirug\u00eda Pl\u00e1stica Avance en Reno\/Tahoe, NV, no es solo un centro de&hellip;<\/p>\n","protected":false},"author":1,"featured_media":8577,"parent":0,"menu_order":0,"comment_status":"closed","ping_status":"closed","template":"template-fullwidth.php","meta":{"_acf_changed":false,"footnotes":""},"class_list":["post-9015","page","type-page","status-publish","has-post-thumbnail"],"acf":[],"yoast_head":"<!-- This site is optimized with the Yoast SEO plugin v27.4 - https:\/\/yoast.com\/product\/yoast-seo-wordpress\/ -->\n<title>Reno NV Med Spa Tratamientos | Cirug\u00eda pl\u00e1stica en el lago Tahoe Medi Spa<\/title>\n<meta name=\"description\" content=\"Los residentes de Reno y Lake Tahoe pueden encontrar los mejores y m\u00e1s avanzados tratamientos de spa bajo la supervisi\u00f3n de un cirujano pl\u00e1stico cosm\u00e9tico. Llame al Instituto de Cirug\u00eda Pl\u00e1stica Avance en Reno para una consulta sobre el cuidado de la piel con el Dr. Erez Dayan.\" \/>\n<meta name=\"robots\" content=\"index, follow, max-snippet:-1, max-image-preview:large, max-video-preview:-1\" \/>\n<link rel=\"canonical\" href=\"https:\/\/www.avanceplasticsurgery.com\/es\/tratamientos-de-spa-medicos\/\" \/>\n<meta property=\"og:locale\" content=\"es_ES\" \/>\n<meta property=\"og:type\" content=\"article\" \/>\n<meta property=\"og:title\" content=\"Reno NV Med Spa Tratamientos | Cirug\u00eda pl\u00e1stica en el lago Tahoe Medi Spa\" \/>\n<meta property=\"og:description\" content=\"Los residentes de Reno y Lake Tahoe pueden encontrar los mejores y m\u00e1s avanzados tratamientos de spa bajo la supervisi\u00f3n de un cirujano pl\u00e1stico cosm\u00e9tico. Llame al Instituto de Cirug\u00eda Pl\u00e1stica Avance en Reno para una consulta sobre el cuidado de la piel con el Dr. Erez Dayan.\" \/>\n<meta property=\"og:url\" content=\"https:\/\/www.avanceplasticsurgery.com\/es\/tratamientos-de-spa-medicos\/\" \/>\n<meta property=\"og:site_name\" content=\"Avance Plastic Surgery\" \/>\n<meta property=\"article:modified_time\" content=\"2022-04-25T12:51:54+00:00\" \/>\n<meta property=\"og:image\" content=\"https:\/\/www.avanceplasticsurgery.com\/wp-content\/uploads\/2022\/01\/skin.jpg\" \/>\n\t<meta property=\"og:image:width\" content=\"1920\" \/>\n\t<meta property=\"og:image:height\" content=\"595\" \/>\n\t<meta property=\"og:image:type\" content=\"image\/jpeg\" \/>\n<meta name=\"twitter:card\" content=\"summary_large_image\" \/>\n<meta name=\"twitter:label1\" content=\"Tiempo de lectura\" \/>\n\t<meta name=\"twitter:data1\" content=\"2 minutos\" \/>\n<!-- \/ Yoast SEO plugin. -->","yoast_head_json":{"title":"Reno NV Med Spa Tratamientos | Cirug\u00eda pl\u00e1stica en el lago Tahoe Medi Spa","description":"Los residentes de Reno y Lake Tahoe pueden encontrar los mejores y m\u00e1s avanzados tratamientos de spa bajo la supervisi\u00f3n de un cirujano pl\u00e1stico cosm\u00e9tico. Llame al Instituto de Cirug\u00eda Pl\u00e1stica Avance en Reno para una consulta sobre el cuidado de la piel con el Dr. Erez Dayan.","robots":{"index":"index","follow":"follow","max-snippet":"max-snippet:-1","max-image-preview":"max-image-preview:large","max-video-preview":"max-video-preview:-1"},"canonical":"https:\/\/www.avanceplasticsurgery.com\/es\/tratamientos-de-spa-medicos\/","og_locale":"es_ES","og_type":"article","og_title":"Reno NV Med Spa Tratamientos | Cirug\u00eda pl\u00e1stica en el lago Tahoe Medi Spa","og_description":"Los residentes de Reno y Lake Tahoe pueden encontrar los mejores y m\u00e1s avanzados tratamientos de spa bajo la supervisi\u00f3n de un cirujano pl\u00e1stico cosm\u00e9tico. Llame al Instituto de Cirug\u00eda Pl\u00e1stica Avance en Reno para una consulta sobre el cuidado de la piel con el Dr. Erez Dayan.","og_url":"https:\/\/www.avanceplasticsurgery.com\/es\/tratamientos-de-spa-medicos\/","og_site_name":"Avance Plastic Surgery","article_modified_time":"2022-04-25T12:51:54+00:00","og_image":[{"width":1920,"height":595,"url":"https:\/\/www.avanceplasticsurgery.com\/wp-content\/uploads\/2022\/01\/skin.jpg","type":"image\/jpeg"}],"twitter_card":"summary_large_image","twitter_misc":{"Tiempo de lectura":"2 minutos"},"schema":{"@context":"https:\/\/schema.org","@graph":[{"@type":"WebPage","@id":"https:\/\/www.avanceplasticsurgery.com\/es\/tratamientos-de-spa-medicos\/","url":"https:\/\/www.avanceplasticsurgery.com\/es\/tratamientos-de-spa-medicos\/","name":"Reno NV Med Spa Tratamientos | Cirug\u00eda pl\u00e1stica en el lago Tahoe Medi Spa","isPartOf":{"@id":"https:\/\/www.avanceplasticsurgery.com\/es\/#website"},"primaryImageOfPage":{"@id":"https:\/\/www.avanceplasticsurgery.com\/es\/tratamientos-de-spa-medicos\/#primaryimage"},"image":{"@id":"https:\/\/www.avanceplasticsurgery.com\/es\/tratamientos-de-spa-medicos\/#primaryimage"},"thumbnailUrl":"https:\/\/www.avanceplasticsurgery.com\/wp-content\/uploads\/2022\/01\/skin.jpg","datePublished":"2020-09-20T12:47:24+00:00","dateModified":"2022-04-25T12:51:54+00:00","description":"Los residentes de Reno y Lake Tahoe pueden encontrar los mejores y m\u00e1s avanzados tratamientos de spa bajo la supervisi\u00f3n de un cirujano pl\u00e1stico cosm\u00e9tico. Llame al Instituto de Cirug\u00eda Pl\u00e1stica Avance en Reno para una consulta sobre el cuidado de la piel con el Dr. Erez Dayan.","breadcrumb":{"@id":"https:\/\/www.avanceplasticsurgery.com\/es\/tratamientos-de-spa-medicos\/#breadcrumb"},"inLanguage":"es","potentialAction":[{"@type":"ReadAction","target":["https:\/\/www.avanceplasticsurgery.com\/es\/tratamientos-de-spa-medicos\/"]}]},{"@type":"ImageObject","inLanguage":"es","@id":"https:\/\/www.avanceplasticsurgery.com\/es\/tratamientos-de-spa-medicos\/#primaryimage","url":"https:\/\/www.avanceplasticsurgery.com\/wp-content\/uploads\/2022\/01\/skin.jpg","contentUrl":"https:\/\/www.avanceplasticsurgery.com\/wp-content\/uploads\/2022\/01\/skin.jpg","width":1920,"height":595,"caption":"Una mujer y un hombre con bata blanca, posiblemente un m\u00e9dico, sonr\u00eden y miran juntos un documento o un libro sobre un fondo liso."},{"@type":"BreadcrumbList","@id":"https:\/\/www.avanceplasticsurgery.com\/es\/tratamientos-de-spa-medicos\/#breadcrumb","itemListElement":[{"@type":"ListItem","position":1,"name":"Home","item":"https:\/\/www.avanceplasticsurgery.com\/es\/"},{"@type":"ListItem","position":2,"name":"Tratamientos de spa m\u00e9dicos"}]},{"@type":"WebSite","@id":"https:\/\/www.avanceplasticsurgery.com\/es\/#website","url":"https:\/\/www.avanceplasticsurgery.com\/es\/","name":"Avance Plastic Surgery","description":"","potentialAction":[{"@type":"SearchAction","target":{"@type":"EntryPoint","urlTemplate":"https:\/\/www.avanceplasticsurgery.com\/es\/?s={search_term_string}"},"query-input":{"@type":"PropertyValueSpecification","valueRequired":true,"valueName":"search_term_string"}}],"inLanguage":"es"}]}},"_links":{"self":[{"href":"https:\/\/www.avanceplasticsurgery.com\/es\/wp-json\/wp\/v2\/pages\/9015","targetHints":{"allow":["GET"]}}],"collection":[{"href":"https:\/\/www.avanceplasticsurgery.com\/es\/wp-json\/wp\/v2\/pages"}],"about":[{"href":"https:\/\/www.avanceplasticsurgery.com\/es\/wp-json\/wp\/v2\/types\/page"}],"author":[{"embeddable":true,"href":"https:\/\/www.avanceplasticsurgery.com\/es\/wp-json\/wp\/v2\/users\/1"}],"replies":[{"embeddable":true,"href":"https:\/\/www.avanceplasticsurgery.com\/es\/wp-json\/wp\/v2\/comments?post=9015"}],"version-history":[{"count":1,"href":"https:\/\/www.avanceplasticsurgery.com\/es\/wp-json\/wp\/v2\/pages\/9015\/revisions"}],"predecessor-version":[{"id":9290,"href":"https:\/\/www.avanceplasticsurgery.com\/es\/wp-json\/wp\/v2\/pages\/9015\/revisions\/9290"}],"wp:featuredmedia":[{"embeddable":true,"href":"https:\/\/www.avanceplasticsurgery.com\/es\/wp-json\/wp\/v2\/media\/8577"}],"wp:attachment":[{"href":"https:\/\/www.avanceplasticsurgery.com\/es\/wp-json\/wp\/v2\/media?parent=9015"}],"curies":[{"name":"wp","href":"https:\/\/api.w.org\/{rel}","templated":true}]}}